{"id":23490,"date":"2025-07-01T12:12:05","date_gmt":"2025-07-01T10:12:05","guid":{"rendered":"https:\/\/www.ferberpainting.com\/?post_type=product&#038;p=23490"},"modified":"2026-02-15T14:21:15","modified_gmt":"2026-02-15T13:21:15","slug":"glue-and-carpet-remover","status":"publish","type":"product","link":"https:\/\/www.ferberpainting.com\/dk\/products\/glue-and-carpet-remover\/","title":{"rendered":"Afstryger til lim og t\u00e6ppe"},"content":{"rendered":"<p><img decoding=\"async\" style=\"margin-right: 12px;\" src=\"https:\/\/www.ferberpainting.com\/wp-content\/uploads\/2026\/02\/Check.svg\" alt=\"\" width=\"18\" height=\"15\" \/><strong>Effektiv fjernelse af limrester.<\/strong>\u00a0Lim- og t\u00e6ppefjerneren er specielt designet til at hj\u00e6lpe dig med at fjerne genstridige limrester, der er efterladt efter fjernelse af t\u00e6pper eller anden gulvbel\u00e6gning. Dette kraftfulde produkt opl\u00f8ser hurtigt limen og g\u00f8r det lettere at fjerne den uden at beskadige de underliggende overflader. Uanset om det er p\u00e5 beton, fliser eller tr\u00e6, genopretter denne fjerner dine gulve p\u00e5 minimal tid og med maksimal effektivitet.<\/p>\n<p><img decoding=\"async\" style=\"margin-right: 12px;\" src=\"https:\/\/www.ferberpainting.com\/wp-content\/uploads\/2026\/02\/Check.svg\" alt=\"\" width=\"18\" height=\"15\" \/><strong>Penge-tilbage-garanti.<\/strong>\u00a0Vi er overbeviste om effektiviteten af vores lim- og t\u00e6ppelimsfjerner, og derfor tilbyder vi en tilfredsheds- eller tilbagebetalingsgaranti. Hvis du ikke er fuldt ud tilfreds med resultaterne, kan du anmode om fuld refusion. Det giver dig mulighed for at teste vores produkt uden bekymringer og med sikkerhed for, at du ikke l\u00f8ber nogen risiko.<\/p>\n<p><img decoding=\"async\" style=\"margin-right: 12px;\" src=\"https:\/\/www.ferberpainting.com\/wp-content\/uploads\/2026\/02\/Check.svg\" alt=\"\" width=\"18\" height=\"15\" \/><strong>Alsidig.<\/strong>\u00a0Lim- og t\u00e6ppelimfjerneren er et multifunktionelt produkt, der fungerer p\u00e5 en lang r\u00e6kke materialer. Det kan bruges p\u00e5 beton, cement, fliser, tr\u00e6 og endda m\u00f8rtelbaserede overflader. Uanset om du er professionel eller g\u00f8r-det-selv-mand, kan du med dette produkt nemt fjerne lim fra alle typer overflader uden at v\u00e6re bange for skader.<\/p>\n<p><img decoding=\"async\" style=\"margin-right: 12px;\" src=\"https:\/\/www.ferberpainting.com\/wp-content\/uploads\/2026\/02\/Check.svg\" alt=\"\" width=\"18\" height=\"15\" \/><strong>\u00d8konomisk.<\/strong>\u00a0Fjerneren giver fremragende v\u00e6rdi for pengene med et h\u00f8jt udbytte, der d\u00e6kker mellem 5 og 10 m\u00b2 pr. liter, afh\u00e6ngigt af limens tykkelse og overfladens por\u00f8sitet. En 5-liters beholder kan behandle op til 50 m\u00b2, hvilket g\u00f8r det til en \u00f8konomisk l\u00f8sning til store afrensningsopgaver. Du sparer p\u00e5 omkostningerne og opn\u00e5r samtidig optimal effektivitet.<\/p>\n<p><img decoding=\"async\" style=\"margin-right: 12px;\" src=\"https:\/\/www.ferberpainting.com\/wp-content\/uploads\/2026\/02\/Check.svg\" alt=\"\" width=\"18\" height=\"15\" \/><strong>Ikke-giftig.<\/strong>\u00a0Denne remover er formuleret til at v\u00e6re sikker, n\u00e5r den bruges som anvist. Den er designet til at v\u00e6re milj\u00f8venlig og ufarlig for brugernes sundhed. Uden skrappe kemikalier er den ideel til alle, der \u00f8nsker at fjerne lim uden at g\u00e5 p\u00e5 kompromis med sikkerheden. Som med alle reng\u00f8ringsprodukter anbefaler vi dog, at man bruger handsker og arbejder i et ventileret omr\u00e5de for at opn\u00e5 maksimal sikkerhed.<\/p>\n<p><img decoding=\"async\" style=\"margin-right: 12px;\" src=\"https:\/\/www.ferberpainting.com\/wp-content\/uploads\/2026\/02\/Check.svg\" alt=\"\" width=\"18\" height=\"15\" \/><strong>Let at bruge.<\/strong>\u00a0Denne klar-til-brug-fjerner kr\u00e6ver ingen fortynding eller ekstra forberedelse. P\u00e5f\u00f8r den bare p\u00e5 limen eller t\u00e6ppelimen, og lad den sidde. P\u00e5f\u00f8ringen er enkel og kr\u00e6ver ingen s\u00e6rlige f\u00e6rdigheder. Uanset om den p\u00e5f\u00f8res med pensel, svamp eller rulle, er den intuitiv og hurtig. Bare f\u00f8lg brugsanvisningen for at f\u00e5 imponerende resultater uden anstrengelse.<\/p>\n<p><img decoding=\"async\" style=\"margin-right: 12px;\" src=\"https:\/\/www.ferberpainting.com\/wp-content\/uploads\/2026\/02\/Check.svg\" alt=\"\" width=\"18\" height=\"15\" \/><strong>Holder l\u00e6nge.<\/strong>\u00a0Lim- og t\u00e6ppefjerneren er designet til at v\u00e6re effektiv p\u00e5 lang sigt. Takket v\u00e6re den kraftfulde formel kan du fjerne limrester med en eller to p\u00e5f\u00f8ringer, hvilket reducerer behovet for flere produkter til at fuldf\u00f8re opgaven. Du sparer tid og kr\u00e6fter, mens du f\u00e5r en ren overflade, der er klar til en ny bel\u00e6gning.<\/p>\n<p><img decoding=\"async\" style=\"margin-right: 12px;\" src=\"https:\/\/www.ferberpainting.com\/wp-content\/uploads\/2026\/02\/Check.svg\" alt=\"\" width=\"18\" height=\"15\" \/><strong>Hurtigtvirkende.<\/strong>\u00a0Denne fjerner er ogs\u00e5 v\u00e6rdsat for sin hurtige virkning. Den begynder at opl\u00f8se limrester n\u00e6sten med det samme efter p\u00e5f\u00f8ring, hvilket reducerer din arbejdstid betydeligt. Afh\u00e6ngigt af limens tykkelse beh\u00f8ver du kun at vente 10 til 20 minutter, f\u00f8r du skraber eller t\u00f8rrer overfladen af. Det sparer dig v\u00e6rdifuld tid, uanset om du er i gang med en renovering eller et professionelt projekt.<\/p>\n<h2><strong>Protokol for brug<\/strong><\/h2>\n<ul>\n<li><strong>Forberedelse af overflade <\/strong>: F\u00f8r du p\u00e5f\u00f8rer fjerneren, skal du s\u00f8rge for, at overfladen er ren og fri for st\u00f8v og snavs. Fej eller st\u00f8vsug omr\u00e5det, hvis det er n\u00f8dvendigt. Dette produkt kan bruges p\u00e5 t\u00f8rre eller let fugtige gulve.<\/li>\n<li><strong>Anvendelse <\/strong>: Produktet er klar til brug og kr\u00e6ver ingen fortynding. P\u00e5f\u00f8r fjerneren direkte p\u00e5 de limd\u00e6kkede omr\u00e5der med en pensel, rulle eller svamp. S\u00f8rg for at sprede det j\u00e6vnt over limen uden at overbelaste. M\u00e6ngden, der skal bruges, afh\u00e6nger af limens tykkelse, men i gennemsnit er 100 til 150 ml pr. m\u00b2 tilstr\u00e6kkeligt.<\/li>\n<li><strong>Tid til handling <\/strong>: Lad removeren sidde i 10 til 20 minutter afh\u00e6ngigt af limens tykkelse og type. Lad den ikke t\u00f8rre helt, f\u00f8r du fjerner den, da det kan reducere dens effektivitet.<\/li>\n<li><strong>Fjernelse af lim <\/strong>: N\u00e5r produktet har virket, skal du bruge en skraber eller spatel til at fjerne den opl\u00f8ste lim. Til h\u00e5rdere rester kan du skrubbe overfladen med en b\u00f8rste eller slibesvamp. P\u00e5f\u00f8r om n\u00f8dvendigt endnu et lag fjerner, og gentag processen.<\/li>\n<li><strong>Reng\u00f8ring af v\u00e6rkt\u00f8j <\/strong>: Efter brug skal du straks reng\u00f8re dit v\u00e6rkt\u00f8j (pensler, ruller osv.) med varmt s\u00e6bevand eller et egnet opl\u00f8sningsmiddel for at forhindre, at produktet h\u00e6rder p\u00e5 overfladerne.<\/li>\n<li><strong>Ventilation og t\u00f8rring <\/strong>: N\u00e5r afrensningen er f\u00e6rdig, skal du lade overfladen t\u00f8rre, f\u00f8r du l\u00e6gger en ny bel\u00e6gning p\u00e5. S\u00f8rg for, at omr\u00e5det er godt ventileret for at fremskynde t\u00f8rringen.<\/li>\n<li><strong>Opbevaring <\/strong>: Opbevar produktet i den originale beholder p\u00e5 et k\u00f8ligt, t\u00f8rt sted, v\u00e6k fra ekstreme temperaturer. Ved korrekt opbevaring kan produktet holde sig i flere m\u00e5neder.<\/li>\n<\/ul>","protected":false},"excerpt":{"rendered":"<p>Effective removal of glue residues.\u00a0The adhesive and carpet glue remover is specially designed to help you eliminate stubborn glue residues left behind after removing carpets, rugs, or other floor coverings. This powerful product quickly dissolves glue, making removal easier without damaging the underlying surfaces. Whether on concrete, tile, or wood, this remover restores your floors [&hellip;]<\/p>\n","protected":false},"featured_media":36302,"comment_status":"open","ping_status":"closed","template":"","meta":{"_uag_custom_page_level_css":"","site-sidebar-layout":"default","site-content-layout":"","ast-site-content-layout":"default","site-content-style":"default","site-sidebar-style":"default","ast-global-header-display":"","ast-banner-title-visibility":"","ast-main-header-display":"","ast-hfb-above-header-display":"","ast-hfb-below-header-display":"","ast-hfb-mobile-header-display":"","site-post-title":"","ast-breadcrumbs-content":"","ast-featured-img":"","footer-sml-layout":"","ast-disable-related-posts":"","theme-transparent-header-meta":"default","adv-header-id-meta":"","stick-header-meta":"","header-above-stick-meta":"","header-main-stick-meta":"","header-below-stick-meta":"","astra-migrate-meta-layouts":"set","ast-page-background-enabled":"default","ast-page-background-meta":{"desktop":{"background-color":"var(--ast-global-color-4)","background-image":"","background-repeat":"repeat","background-position":"center center","background-size":"auto","background-attachment":"scroll","background-type":"","background-media":"","overlay-type":"","overlay-color":"","overlay-opacity":"","overlay-gradient":""},"tablet":{"background-color":"","background-image":"","background-repeat":"repeat","background-position":"center center","background-size":"auto","background-attachment":"scroll","background-type":"","background-media":"","overlay-type":"","overlay-color":"","overlay-opacity":"","overlay-gradient":""},"mobile":{"background-color":"","background-image":"","background-repeat":"repeat","background-position":"center center","background-size":"auto","background-attachment":"scroll","background-type":"","background-media":"","overlay-type":"","overlay-color":"","overlay-opacity":"","overlay-gradient":""}},"ast-content-background-meta":{"desktop":{"background-color":"var(--ast-global-color-5)","background-image":"","background-repeat":"repeat","background-position":"center center","background-size":"auto","background-attachment":"scroll","background-type":"","background-media":"","overlay-type":"","overlay-color":"","overlay-opacity":"","overlay-gradient":""},"tablet":{"background-color":"var(--ast-global-color-5)","background-image":"","background-repeat":"repeat","background-position":"center center","background-size":"auto","background-attachment":"scroll","background-type":"","background-media":"","overlay-type":"","overlay-color":"","overlay-opacity":"","overlay-gradient":""},"mobile":{"background-color":"var(--ast-global-color-5)","background-image":"","background-repeat":"repeat","background-position":"center center","background-size":"auto","background-attachment":"scroll","background-type":"","background-media":"","overlay-type":"","overlay-color":"","overlay-opacity":"","overlay-gradient":""}}},"product_brand":[],"product_cat":[175],"product_tag":[],"class_list":{"0":"post-23490","1":"product","2":"type-product","3":"status-publish","4":"has-post-thumbnail","6":"product_cat-cleaning-products","7":"desktop-align-left","8":"tablet-align-left","9":"mobile-align-left","11":"first","12":"instock","13":"sale","14":"shipping-taxable","15":"purchasable","16":"product-type-variable","17":"has-default-attributes"},"spectra_custom_meta":{"_visibility":["visible"],"_shopify_product_id":["9106661572853"],"_s2w_shopify_domain":["ferberpainting.myshopify.com"],"_shopify_variant_id":["46626426126581"],"_sku":[""],"_manage_stock":["no"],"total_sales":["636"],"_tax_status":["taxable"],"_tax_class":[""],"_backorders":["no"],"_sold_individually":["no"],"_virtual":["no"],"_downloadable":["no"],"_download_limit":["-1"],"_download_expiry":["-1"],"_stock":[null],"_stock_status":["instock"],"_wc_average_rating":["5.00"],"_wc_review_count":["10"],"_product_attributes":["a:1:{s:6:\"volume\";a:6:{s:4:\"name\";s:6:\"Volume\";s:5:\"value\";s:20:\"5 liters | 25 liters\";s:8:\"position\";i:1;s:10:\"is_visible\";i:0;s:12:\"is_variation\";i:1;s:11:\"is_taxonomy\";i:0;}}"],"_product_version":["10.5.1"],"wpse_downloadable_file_names":[""],"wpse_downloadable_file_urls":[""],"_edit_last":["1"],"_default_attributes":["a:1:{s:6:\"volume\";s:8:\"5 liters\";}"],"_edit_lock":["1772567587:3823"],"merchant-center-availability":["yes"],"merchant-center-category":["503741"],"_thumbnail_id":["36302"],"_wp_page_template":["default"],"_wp_old_date":["2025-05-26"],"_product_image_gallery":["36303"],"site-sidebar-layout":["default"],"ast-site-content-layout":["default"],"site-content-style":["default"],"site-sidebar-style":["default"],"theme-transparent-header-meta":["default"],"_wc_rating_count":["a:1:{i:5;i:10;}"],"_price":["29.90","129.90"],"astra-migrate-meta-layouts":["set"],"_uag_css_file_name":["uag-css-23490.css"],"_elementor_page_assets":["a:0:{}"],"_uag_page_assets":["a:9:{s:3:\"css\";s:6873:\".wp-block-uagb-image{display:flex}.wp-block-uagb-image__figure{position:relative;display:flex;flex-direction:column;max-width:100%;height:auto;margin:0}.wp-block-uagb-image__figure img{height:auto;display:flex;max-width:100%;transition:box-shadow .2s ease}.wp-block-uagb-image__figure>a{display:inline-block}.wp-block-uagb-image__figure figcaption{text-align:center;margin-top:.5em;margin-bottom:1em}.wp-block-uagb-image .components-placeholder.block-editor-media-placeholder .components-placeholder__instructions{align-self:center}.wp-block-uagb-image--align-left{text-align:left}.wp-block-uagb-image--align-right{text-align:right}.wp-block-uagb-image--align-center{text-align:center}.wp-block-uagb-image--align-full .wp-block-uagb-image__figure{margin-left:calc(50% - 50vw);margin-right:calc(50% - 50vw);max-width:100vw;width:100vw;height:auto}.wp-block-uagb-image--align-full .wp-block-uagb-image__figure img{height:auto;width:100% !important}.wp-block-uagb-image--align-wide .wp-block-uagb-image__figure img{height:auto;width:100%}.wp-block-uagb-image--layout-overlay__color-wrapper{position:absolute;left:0;top:0;right:0;bottom:0;opacity:.2;background:rgba(0,0,0,.5);transition:opacity .35s ease-in-out}.wp-block-uagb-image--layout-overlay-link{position:absolute;left:0;right:0;bottom:0;top:0}.wp-block-uagb-image--layout-overlay .wp-block-uagb-image__figure:hover .wp-block-uagb-image--layout-overlay__color-wrapper{opacity:1}.wp-block-uagb-image--layout-overlay__inner{position:absolute;left:15px;right:15px;bottom:15px;top:15px;display:flex;align-items:center;justify-content:center;flex-direction:column;border-color:#fff;transition:.35s ease-in-out}.wp-block-uagb-image--layout-overlay__inner.top-left,.wp-block-uagb-image--layout-overlay__inner.top-center,.wp-block-uagb-image--layout-overlay__inner.top-right{justify-content:flex-start}.wp-block-uagb-image--layout-overlay__inner.bottom-left,.wp-block-uagb-image--layout-overlay__inner.bottom-center,.wp-block-uagb-image--layout-overlay__inner.bottom-right{justify-content:flex-end}.wp-block-uagb-image--layout-overlay__inner.top-left,.wp-block-uagb-image--layout-overlay__inner.center-left,.wp-block-uagb-image--layout-overlay__inner.bottom-left{align-items:flex-start}.wp-block-uagb-image--layout-overlay__inner.top-right,.wp-block-uagb-image--layout-overlay__inner.center-right,.wp-block-uagb-image--layout-overlay__inner.bottom-right{align-items:flex-end}.wp-block-uagb-image--layout-overlay__inner .uagb-image-heading{color:#fff;transition:transform .35s,opacity .35s ease-in-out;transform:translate3d(0, 24px, 0);margin:0;line-height:1em}.wp-block-uagb-image--layout-overlay__inner .uagb-image-separator{width:30%;border-top-width:2px;border-top-color:#fff;border-top-style:solid;margin-bottom:10px;opacity:0;transition:transform .4s,opacity .4s ease-in-out;transform:translate3d(0, 30px, 0)}.wp-block-uagb-image--layout-overlay__inner .uagb-image-caption{opacity:0;overflow:visible;color:#fff;transition:transform .45s,opacity .45s ease-in-out;transform:translate3d(0, 35px, 0)}.wp-block-uagb-image--layout-overlay__inner:hover .uagb-image-heading,.wp-block-uagb-image--layout-overlay__inner:hover .uagb-image-separator,.wp-block-uagb-image--layout-overlay__inner:hover .uagb-image-caption{opacity:1;transform:translate3d(0, 0, 0)}.wp-block-uagb-image--effect-zoomin .wp-block-uagb-image__figure img,.wp-block-uagb-image--effect-zoomin .wp-block-uagb-image__figure .wp-block-uagb-image--layout-overlay__color-wrapper{transform:scale(1);transition:transform .35s ease-in-out}.wp-block-uagb-image--effect-zoomin .wp-block-uagb-image__figure:hover img,.wp-block-uagb-image--effect-zoomin .wp-block-uagb-image__figure:hover .wp-block-uagb-image--layout-overlay__color-wrapper{transform:scale(1.05)}.wp-block-uagb-image--effect-slide .wp-block-uagb-image__figure img,.wp-block-uagb-image--effect-slide .wp-block-uagb-image__figure .wp-block-uagb-image--layout-overlay__color-wrapper{width:calc(100% + 40px) !important;max-width:none !important;transform:translate3d(-40px, 0, 0);transition:transform .35s ease-in-out}.wp-block-uagb-image--effect-slide .wp-block-uagb-image__figure:hover img,.wp-block-uagb-image--effect-slide .wp-block-uagb-image__figure:hover .wp-block-uagb-image--layout-overlay__color-wrapper{transform:translate3d(0, 0, 0)}.wp-block-uagb-image--effect-grayscale img{filter:grayscale(0%);transition:.35s ease-in-out}.wp-block-uagb-image--effect-grayscale:hover img{filter:grayscale(100%)}.wp-block-uagb-image--effect-blur img{filter:blur(0);transition:.35s ease-in-out}.wp-block-uagb-image--effect-blur:hover img{filter:blur(3px)}.uagb-block-e6f939b3.wp-block-uagb-image--layout-default figure img{box-shadow: 0px 0px 0 #00000070;}.uagb-block-e6f939b3.wp-block-uagb-image .wp-block-uagb-image__figure figcaption{font-style: normal;align-self: center;}.uagb-block-e6f939b3.wp-block-uagb-image--layout-overlay figure img{box-shadow: 0px 0px 0 #00000070;}.uagb-block-e6f939b3.wp-block-uagb-image--layout-overlay .wp-block-uagb-image--layout-overlay__color-wrapper{opacity: 0.2;}.uagb-block-e6f939b3.wp-block-uagb-image--layout-overlay .wp-block-uagb-image--layout-overlay__inner{left: 15px;right: 15px;top: 15px;bottom: 15px;}.uagb-block-e6f939b3.wp-block-uagb-image--layout-overlay .wp-block-uagb-image--layout-overlay__inner .uagb-image-heading{font-style: normal;color: #fff;opacity: 1;}.uagb-block-e6f939b3.wp-block-uagb-image--layout-overlay .wp-block-uagb-image--layout-overlay__inner .uagb-image-heading a{color: #fff;}.uagb-block-e6f939b3.wp-block-uagb-image--layout-overlay .wp-block-uagb-image--layout-overlay__inner .uagb-image-caption{opacity: 0;}.uagb-block-e6f939b3.wp-block-uagb-image--layout-overlay .wp-block-uagb-image__figure:hover .wp-block-uagb-image--layout-overlay__color-wrapper{opacity: 1;}.uagb-block-e6f939b3.wp-block-uagb-image .wp-block-uagb-image--layout-overlay__inner .uagb-image-separator{width: 30%;border-top-width: 2px;border-top-color: #fff;opacity: 0;}.uagb-block-e6f939b3.wp-block-uagb-image .wp-block-uagb-image__figure img{width: px;height: auto;}.uagb-block-e6f939b3.wp-block-uagb-image .wp-block-uagb-image__figure:hover .wp-block-uagb-image--layout-overlay__inner .uagb-image-caption{opacity: 1;}.uagb-block-e6f939b3.wp-block-uagb-image .wp-block-uagb-image__figure:hover .wp-block-uagb-image--layout-overlay__inner .uagb-image-separator{opacity: 1;}.uagb-block-e6f939b3.wp-block-uagb-image--layout-default figure:hover img{box-shadow: 0px 0px 0 #00000070;}.uagb-block-e6f939b3.wp-block-uagb-image--layout-overlay figure:hover img{box-shadow: 0px 0px 0 #00000070;}@media only screen and (max-width: 976px) {.uagb-block-e6f939b3.wp-block-uagb-image .wp-block-uagb-image__figure img{width: px;height: auto;}}@media only screen and (max-width: 767px) {.uagb-block-e6f939b3.wp-block-uagb-image .wp-block-uagb-image__figure img{width: px;height: auto;}}\";s:2:\"js\";s:0:\"\";s:18:\"current_block_list\";a:13:{i:0;s:11:\"core\/search\";i:1;s:10:\"core\/group\";i:2;s:12:\"core\/heading\";i:3;s:17:\"core\/latest-posts\";i:4;s:20:\"core\/latest-comments\";i:5;s:13:\"core\/archives\";i:6;s:15:\"core\/categories\";i:7;s:14:\"core\/paragraph\";i:8;s:10:\"uagb\/image\";i:9;s:11:\"core\/spacer\";i:10;s:30:\"woocommerce\/product-categories\";i:11;s:10:\"core\/image\";i:12;s:14:\"core\/shortcode\";}s:8:\"uag_flag\";b:1;s:11:\"uag_version\";s:10:\"1777069464\";s:6:\"gfonts\";a:0:{}s:10:\"gfonts_url\";s:0:\"\";s:12:\"gfonts_files\";a:0:{}s:14:\"uag_faq_layout\";b:0;}"]},"uagb_featured_image_src":{"full":["https:\/\/www.ferberpainting.com\/wp-content\/uploads\/2025\/05\/Glue-and-Carpet-Remover-5L-.png",2560,2560,false],"thumbnail":["https:\/\/www.ferberpainting.com\/wp-content\/uploads\/2025\/05\/Glue-and-Carpet-Remover-5L--150x150.png",150,150,true],"medium":["https:\/\/www.ferberpainting.com\/wp-content\/uploads\/2025\/05\/Glue-and-Carpet-Remover-5L--300x300.png",300,300,true],"medium_large":["https:\/\/www.ferberpainting.com\/wp-content\/uploads\/2025\/05\/Glue-and-Carpet-Remover-5L--768x768.png",768,768,true],"large":["https:\/\/www.ferberpainting.com\/wp-content\/uploads\/2025\/05\/Glue-and-Carpet-Remover-5L--1024x1024.png",1024,1024,true],"1536x1536":["https:\/\/www.ferberpainting.com\/wp-content\/uploads\/2025\/05\/Glue-and-Carpet-Remover-5L--1536x1536.png",1536,1536,true],"2048x2048":["https:\/\/www.ferberpainting.com\/wp-content\/uploads\/2025\/05\/Glue-and-Carpet-Remover-5L--2048x2048.png",2048,2048,true],"trp-custom-language-flag":["https:\/\/www.ferberpainting.com\/wp-content\/uploads\/2025\/05\/Glue-and-Carpet-Remover-5L--12x12.png",12,12,true],"woocommerce_thumbnail":["https:\/\/www.ferberpainting.com\/wp-content\/uploads\/2025\/05\/Glue-and-Carpet-Remover-5L--300x300.png",300,300,true],"woocommerce_single":["https:\/\/www.ferberpainting.com\/wp-content\/uploads\/2025\/05\/Glue-and-Carpet-Remover-5L--600x600.png",600,600,true],"woocommerce_gallery_thumbnail":["https:\/\/www.ferberpainting.com\/wp-content\/uploads\/2025\/05\/Glue-and-Carpet-Remover-5L--100x100.png",100,100,true]},"uagb_author_info":{"display_name":"admin","author_link":"https:\/\/www.ferberpainting.com\/dk\/author\/"},"uagb_comment_info":10,"uagb_excerpt":"Effective removal of glue residues.\u00a0The adhesive and carpet glue remover is specially designed to help you eliminate stubborn glue residues left behind after removing carpets, rugs, or other floor coverings. This powerful product quickly dissolves glue, making removal easier without damaging the underlying surfaces. Whether on concrete, tile, or wood, this remover restores your floors&hellip;","_links":{"self":[{"href":"https:\/\/www.ferberpainting.com\/dk\/wp-json\/wp\/v2\/product\/23490","targetHints":{"allow":["GET"]}}],"collection":[{"href":"https:\/\/www.ferberpainting.com\/dk\/wp-json\/wp\/v2\/product"}],"about":[{"href":"https:\/\/www.ferberpainting.com\/dk\/wp-json\/wp\/v2\/types\/product"}],"replies":[{"embeddable":true,"href":"https:\/\/www.ferberpainting.com\/dk\/wp-json\/wp\/v2\/comments?post=23490"}],"version-history":[{"count":4,"href":"https:\/\/www.ferberpainting.com\/dk\/wp-json\/wp\/v2\/product\/23490\/revisions"}],"predecessor-version":[{"id":166176,"href":"https:\/\/www.ferberpainting.com\/dk\/wp-json\/wp\/v2\/product\/23490\/revisions\/166176"}],"wp:featuredmedia":[{"embeddable":true,"href":"https:\/\/www.ferberpainting.com\/dk\/wp-json\/wp\/v2\/media\/36302"}],"wp:attachment":[{"href":"https:\/\/www.ferberpainting.com\/dk\/wp-json\/wp\/v2\/media?parent=23490"}],"wp:term":[{"taxonomy":"product_brand","embeddable":true,"href":"https:\/\/www.ferberpainting.com\/dk\/wp-json\/wp\/v2\/product_brand?post=23490"},{"taxonomy":"product_cat","embeddable":true,"href":"https:\/\/www.ferberpainting.com\/dk\/wp-json\/wp\/v2\/product_cat?post=23490"},{"taxonomy":"product_tag","embeddable":true,"href":"https:\/\/www.ferberpainting.com\/dk\/wp-json\/wp\/v2\/product_tag?post=23490"}],"curies":[{"name":"wp","href":"https:\/\/api.w.org\/{rel}","templated":true}]}}