{"id":23195,"date":"2025-07-01T16:17:12","date_gmt":"2025-07-01T14:17:12","guid":{"rendered":"https:\/\/www.ferberpainting.com\/?post_type=product&#038;p=23195"},"modified":"2026-02-15T13:48:05","modified_gmt":"2026-02-15T12:48:05","slug":"descaler-for-macerator-toilet","status":"publish","type":"product","link":"https:\/\/www.ferberpainting.com\/dk\/products\/descaler-for-macerator-toilet\/","title":{"rendered":"afkalker til sanibroyeur"},"content":{"rendered":"<p><img decoding=\"async\" style=\"margin-right: 12px;\" src=\"https:\/\/www.ferberpainting.com\/wp-content\/uploads\/2026\/02\/Check.svg\" alt=\"\" width=\"18\" height=\"15\" \/><strong>Effektiv mod kalk og kalkaflejringer.<\/strong>\u00a0Macerator-afkalkeren er specielt designet til effektivt at fjerne kalk- og calciumaflejringer, der kan opbygges inde i sanit\u00e6re apparater som macerator-toiletter. Disse rester kan blokere interne mekanismer og reducere systemets effektivitet. Takket v\u00e6re sin kraftfulde formel hj\u00e6lper dette produkt med at opretholde den korrekte funktion af din macerator, samtidig med at det giver dybdereng\u00f8ring.<\/p>\n<p><img decoding=\"async\" style=\"margin-right: 12px;\" src=\"https:\/\/www.ferberpainting.com\/wp-content\/uploads\/2026\/02\/Check.svg\" alt=\"\" width=\"18\" height=\"15\" \/><strong>Penge-tilbage-garanti.<\/strong>\u00a0Vi er overbeviste om effektiviteten af vores maceratorafkalker, og derfor tilbyder vi en tilfredsheds- eller tilbagebetalingsgaranti. Hvis du ikke er tilfreds med produktet, eller det ikke lever op til dine forventninger, kan du anmode om fuld refusion. Det giver dig mulighed for at pr\u00f8ve produktet med fuldst\u00e6ndig ro i sindet.<\/p>\n<p><img decoding=\"async\" style=\"margin-right: 12px;\" src=\"https:\/\/www.ferberpainting.com\/wp-content\/uploads\/2026\/02\/Check.svg\" alt=\"\" width=\"18\" height=\"15\" \/><strong>Alsidig.<\/strong>\u00a0Dette afkalkningsmiddel er et alsidigt produkt, der kan bruges p\u00e5 alle typer udbl\u00f8dningstoiletter, b\u00e5de med og uden kv\u00e6rn. Det er ogs\u00e5 kompatibelt med forskellige materialer som keramik, plast og metal, som ofte findes i de indvendige dele af dit apparat. Du beh\u00f8ver ikke l\u00e6ngere at bekymre dig om kompatibilitet med din macerator, uanset model eller m\u00e6rke.<\/p>\n<p><img decoding=\"async\" style=\"margin-right: 12px;\" src=\"https:\/\/www.ferberpainting.com\/wp-content\/uploads\/2026\/02\/Check.svg\" alt=\"\" width=\"18\" height=\"15\" \/><strong>\u00d8konomisk.<\/strong>\u00a0Macerator-afkalkeren giver fremragende v\u00e6rdi for pengene. I gennemsnit er en liter produkt nok til 5 til 8 behandlinger, afh\u00e6ngigt af m\u00e6ngden af kalk og st\u00f8rrelsen p\u00e5 det apparat, der skal behandles. Med en 5-liters beholder kan du udf\u00f8re 25 til 40 behandlinger, hvilket g\u00f8r det til en meget omkostningseffektiv l\u00f8sning til langsigtet vedligeholdelse af dine sanit\u00e6re apparater.<\/p>\n<p><img decoding=\"async\" style=\"margin-right: 12px;\" src=\"https:\/\/www.ferberpainting.com\/wp-content\/uploads\/2026\/02\/Check.svg\" alt=\"\" width=\"18\" height=\"15\" \/><strong>Ikke-giftig.<\/strong>\u00a0Dette produkt er formuleret til at v\u00e6re sikkert, n\u00e5r det bruges i henhold til instruktionerne. Det er designet til at fjerne kalkaflejringer og -rester uden at bringe brugerens helbred i fare. Det indeholder ingen skrappe kemikalier, hvilket g\u00f8r det nemmere og mere sikkert at h\u00e5ndtere end traditionelle \u00e6tsende afkalkningsmidler. For at opn\u00e5 maksimal sikkerhed anbefales det dog at bruge handsker og s\u00f8rge for god ventilation under brugen.<\/p>\n<p><img decoding=\"async\" style=\"margin-right: 12px;\" src=\"https:\/\/www.ferberpainting.com\/wp-content\/uploads\/2026\/02\/Check.svg\" alt=\"\" width=\"18\" height=\"15\" \/><strong>Let at bruge.<\/strong>\u00a0Macerator-afkalkeren er klar til brug og kr\u00e6ver ingen fortynding eller forberedelse. Du kan p\u00e5f\u00f8re det direkte p\u00e5 de ber\u00f8rte omr\u00e5der med en svamp eller b\u00f8rste. P\u00e5f\u00f8ringen er enkel og hurtig, s\u00e5 du nemt kan holde din macerator i perfekt stand uden at bruge komplekse teknikker eller flere kemiske produkter.<\/p>\n<p><img decoding=\"async\" style=\"margin-right: 12px;\" src=\"https:\/\/www.ferberpainting.com\/wp-content\/uploads\/2026\/02\/Check.svg\" alt=\"\" width=\"18\" height=\"15\" \/><strong>Holdbarhed.<\/strong>\u00a0Regelm\u00e6ssig brug af maceratorafkalkeren holder indersiden af dit apparat i god stand og reducerer ophobningen af kalk over tid. Ved at fjerne kalkaflejringer, n\u00e5r de opst\u00e5r, forl\u00e6nger du levetiden for din macerator og optimerer samtidig dens effektivitet. Dette produkt hj\u00e6lper ogs\u00e5 med at reducere nedbrud for\u00e5rsaget af intern tilstopning.<\/p>\n<p><img decoding=\"async\" style=\"margin-right: 12px;\" src=\"https:\/\/www.ferberpainting.com\/wp-content\/uploads\/2026\/02\/Check.svg\" alt=\"\" width=\"18\" height=\"15\" \/><strong>Hurtigtvirkende.<\/strong>\u00a0Dette afkalkningsmiddel virker hurtigt og opl\u00f8ser kalk og andre rester i din macerator. Efter p\u00e5f\u00f8ring skal du blot lade det virke i et par minutter for at se resultater. Afh\u00e6ngigt af m\u00e6ngden af rester kan du lade produktet virke i 10 til 20 minutter for at opn\u00e5 optimal effektivitet. Du beh\u00f8ver ikke vente l\u00e6nge med at skylle og f\u00e5 en ren, velfungerende macerator.<\/p>\n<h2><strong>Protokol for brug<\/strong><\/h2>\n<ul>\n<li><strong>Forberedelse af enheden <\/strong>: F\u00f8r du anvender afkalkningsmidlet, skal du sikre dig, at maceratoren er slukket, og at alle dele, der skal reng\u00f8res, er afk\u00f8lede. Tr\u00e6k stikket ud af sikkerhedshensyn, hvis det er n\u00f8dvendigt. Fjern eventuelt resterende vand i tanken eller sk\u00e5len, hvis det er n\u00f8dvendigt.<\/li>\n<li><strong>P\u00e5f\u00f8ring af afkalkningsmiddel <\/strong>: Produktet er klar til brug og skal ikke fortyndes. P\u00e5f\u00f8r afkalkningsmidlet gener\u00f8st p\u00e5 de indvendige dele af maceratoren, hvor der er synlig kalk eller rester. Du kan bruge en svamp eller b\u00f8rste til at sprede produktet j\u00e6vnt over de ber\u00f8rte omr\u00e5der. S\u00f8rg for, at alle aflejringer er grundigt d\u00e6kket.<\/li>\n<li><strong>Opholdstid <\/strong>: Lad afkalkningsmidlet sidde i 10 til 20 minutter. Hvis kalkaflejringerne er sv\u00e6re, kan du forl\u00e6nge p\u00e5f\u00f8ringstiden for at forbedre opl\u00f8sningen. Lad ikke produktet t\u00f8rre, f\u00f8r du skyller det, da det kan reducere dets effektivitet.<\/li>\n<li><strong>Skylning og reng\u00f8ring <\/strong>: Efter opholdstiden skal du bruge en svamp eller en ren klud til at skrubbe overfladerne og fjerne de opl\u00f8ste rester. Du kan ogs\u00e5 skylle maceratoren med rent vand for at skylle apparatet. S\u00f8rg for at fjerne alle spor af afkalkningsmidlet, f\u00f8r du tager apparatet i brug igen.<\/li>\n<li><strong>Reng\u00f8ring af v\u00e6rkt\u00f8j <\/strong>: Reng\u00f8r dine redskaber (svampe, b\u00f8rster) med rent vand efter brug. Det er vigtigt at skylle dem grundigt for at forhindre krystallisering eller beskadigelse af redskaberne.<\/li>\n<li><strong>Opbevaring <\/strong>: Opbevar afkalkningsmidlet i den originale beholder p\u00e5 et k\u00f8ligt, t\u00f8rt sted, v\u00e6k fra frost og overdreven varme. Luk beholderen t\u00e6t efter hver brug for at sikre god holdbarhed. Afkalkeren kan opbevares i flere m\u00e5neder, hvis den opbevares korrekt.<\/li>\n<\/ul>\n<p>Ved at f\u00f8lge disse enkle trin kan du nemt afkalke og vedligeholde din macerator og sikre, at den fungerer korrekt og har en lang levetid. Dette produkt er ideelt til at forhindre ophobning af kalk og rester og hj\u00e6lper dig med at holde dine sanit\u00e6re apparater i perfekt stand med minimal indsats.<\/p>","protected":false},"excerpt":{"rendered":"<p>Effective against limescale and calcium deposits.\u00a0The macerator descaler is specially designed to effectively eliminate limescale and calcium deposits that can build up inside sanitary appliances like macerating toilets. These residues can block internal mechanisms and reduce system efficiency. Thanks to its powerful formula, this product helps maintain the proper functioning of your macerator while providing [&hellip;]<\/p>\n","protected":false},"featured_media":36457,"comment_status":"open","ping_status":"closed","template":"","meta":{"_uag_custom_page_level_css":"","site-sidebar-layout":"default","site-content-layout":"","ast-site-content-layout":"default","site-content-style":"default","site-sidebar-style":"default","ast-global-header-display":"","ast-banner-title-visibility":"","ast-main-header-display":"","ast-hfb-above-header-display":"","ast-hfb-below-header-display":"","ast-hfb-mobile-header-display":"","site-post-title":"","ast-breadcrumbs-content":"","ast-featured-img":"","footer-sml-layout":"","ast-disable-related-posts":"","theme-transparent-header-meta":"default","adv-header-id-meta":"","stick-header-meta":"","header-above-stick-meta":"","header-main-stick-meta":"","header-below-stick-meta":"","astra-migrate-meta-layouts":"set","ast-page-background-enabled":"default","ast-page-background-meta":{"desktop":{"background-color":"var(--ast-global-color-4)","background-image":"","background-repeat":"repeat","background-position":"center center","background-size":"auto","background-attachment":"scroll","background-type":"","background-media":"","overlay-type":"","overlay-color":"","overlay-opacity":"","overlay-gradient":""},"tablet":{"background-color":"","background-image":"","background-repeat":"repeat","background-position":"center center","background-size":"auto","background-attachment":"scroll","background-type":"","background-media":"","overlay-type":"","overlay-color":"","overlay-opacity":"","overlay-gradient":""},"mobile":{"background-color":"","background-image":"","background-repeat":"repeat","background-position":"center center","background-size":"auto","background-attachment":"scroll","background-type":"","background-media":"","overlay-type":"","overlay-color":"","overlay-opacity":"","overlay-gradient":""}},"ast-content-background-meta":{"desktop":{"background-color":"var(--ast-global-color-5)","background-image":"","background-repeat":"repeat","background-position":"center center","background-size":"auto","background-attachment":"scroll","background-type":"","background-media":"","overlay-type":"","overlay-color":"","overlay-opacity":"","overlay-gradient":""},"tablet":{"background-color":"var(--ast-global-color-5)","background-image":"","background-repeat":"repeat","background-position":"center center","background-size":"auto","background-attachment":"scroll","background-type":"","background-media":"","overlay-type":"","overlay-color":"","overlay-opacity":"","overlay-gradient":""},"mobile":{"background-color":"var(--ast-global-color-5)","background-image":"","background-repeat":"repeat","background-position":"center center","background-size":"auto","background-attachment":"scroll","background-type":"","background-media":"","overlay-type":"","overlay-color":"","overlay-opacity":"","overlay-gradient":""}}},"product_brand":[],"product_cat":[175],"product_tag":[],"class_list":{"0":"post-23195","1":"product","2":"type-product","3":"status-publish","4":"has-post-thumbnail","6":"product_cat-cleaning-products","7":"desktop-align-left","8":"tablet-align-left","9":"mobile-align-left","11":"first","12":"instock","13":"sale","14":"taxable","15":"shipping-taxable","16":"purchasable","17":"product-type-variable","18":"has-default-attributes"},"spectra_custom_meta":{"_visibility":["visible"],"_shopify_product_id":["9106662916341"],"_s2w_shopify_domain":["ferberpainting.myshopify.com"],"_shopify_variant_id":["46626432385269"],"_sku":[""],"_manage_stock":["no"],"total_sales":["25"],"_tax_status":["taxable"],"_tax_class":[""],"_backorders":["no"],"_sold_individually":["no"],"_virtual":["no"],"_downloadable":["no"],"_download_limit":["-1"],"_download_expiry":["-1"],"_stock":[null],"_stock_status":["instock"],"_wc_average_rating":["5.00"],"_wc_review_count":["18"],"_product_attributes":["a:1:{s:6:\"volume\";a:6:{s:4:\"name\";s:6:\"Volume\";s:5:\"value\";s:20:\"5 liters | 25 liters\";s:8:\"position\";i:1;s:10:\"is_visible\";i:0;s:12:\"is_variation\";i:1;s:11:\"is_taxonomy\";i:0;}}"],"_product_version":["10.5.1"],"wpse_downloadable_file_names":[""],"wpse_downloadable_file_urls":[""],"_edit_last":["1"],"_default_attributes":["a:1:{s:6:\"volume\";s:8:\"5 liters\";}"],"_edit_lock":["1771159549:1"],"merchant-center-availability":["yes"],"merchant-center-category":["7470"],"_thumbnail_id":["36457"],"_wp_page_template":["default"],"_wp_old_date":["2025-05-26"],"_product_image_gallery":["36458"],"site-sidebar-layout":["default"],"ast-site-content-layout":["default"],"site-content-style":["default"],"site-sidebar-style":["default"],"theme-transparent-header-meta":["default"],"_price":["29.90","129.90"],"_wc_rating_count":["a:1:{i:5;i:18;}"],"astra-migrate-meta-layouts":["set"],"_uag_css_file_name":["uag-css-23195.css"],"_elementor_page_assets":["a:0:{}"],"_uag_page_assets":["a:9:{s:3:\"css\";s:6873:\".wp-block-uagb-image{display:flex}.wp-block-uagb-image__figure{position:relative;display:flex;flex-direction:column;max-width:100%;height:auto;margin:0}.wp-block-uagb-image__figure img{height:auto;display:flex;max-width:100%;transition:box-shadow .2s ease}.wp-block-uagb-image__figure>a{display:inline-block}.wp-block-uagb-image__figure figcaption{text-align:center;margin-top:.5em;margin-bottom:1em}.wp-block-uagb-image .components-placeholder.block-editor-media-placeholder .components-placeholder__instructions{align-self:center}.wp-block-uagb-image--align-left{text-align:left}.wp-block-uagb-image--align-right{text-align:right}.wp-block-uagb-image--align-center{text-align:center}.wp-block-uagb-image--align-full .wp-block-uagb-image__figure{margin-left:calc(50% - 50vw);margin-right:calc(50% - 50vw);max-width:100vw;width:100vw;height:auto}.wp-block-uagb-image--align-full .wp-block-uagb-image__figure img{height:auto;width:100% !important}.wp-block-uagb-image--align-wide .wp-block-uagb-image__figure img{height:auto;width:100%}.wp-block-uagb-image--layout-overlay__color-wrapper{position:absolute;left:0;top:0;right:0;bottom:0;opacity:.2;background:rgba(0,0,0,.5);transition:opacity .35s ease-in-out}.wp-block-uagb-image--layout-overlay-link{position:absolute;left:0;right:0;bottom:0;top:0}.wp-block-uagb-image--layout-overlay .wp-block-uagb-image__figure:hover .wp-block-uagb-image--layout-overlay__color-wrapper{opacity:1}.wp-block-uagb-image--layout-overlay__inner{position:absolute;left:15px;right:15px;bottom:15px;top:15px;display:flex;align-items:center;justify-content:center;flex-direction:column;border-color:#fff;transition:.35s ease-in-out}.wp-block-uagb-image--layout-overlay__inner.top-left,.wp-block-uagb-image--layout-overlay__inner.top-center,.wp-block-uagb-image--layout-overlay__inner.top-right{justify-content:flex-start}.wp-block-uagb-image--layout-overlay__inner.bottom-left,.wp-block-uagb-image--layout-overlay__inner.bottom-center,.wp-block-uagb-image--layout-overlay__inner.bottom-right{justify-content:flex-end}.wp-block-uagb-image--layout-overlay__inner.top-left,.wp-block-uagb-image--layout-overlay__inner.center-left,.wp-block-uagb-image--layout-overlay__inner.bottom-left{align-items:flex-start}.wp-block-uagb-image--layout-overlay__inner.top-right,.wp-block-uagb-image--layout-overlay__inner.center-right,.wp-block-uagb-image--layout-overlay__inner.bottom-right{align-items:flex-end}.wp-block-uagb-image--layout-overlay__inner .uagb-image-heading{color:#fff;transition:transform .35s,opacity .35s ease-in-out;transform:translate3d(0, 24px, 0);margin:0;line-height:1em}.wp-block-uagb-image--layout-overlay__inner .uagb-image-separator{width:30%;border-top-width:2px;border-top-color:#fff;border-top-style:solid;margin-bottom:10px;opacity:0;transition:transform .4s,opacity .4s ease-in-out;transform:translate3d(0, 30px, 0)}.wp-block-uagb-image--layout-overlay__inner .uagb-image-caption{opacity:0;overflow:visible;color:#fff;transition:transform .45s,opacity .45s ease-in-out;transform:translate3d(0, 35px, 0)}.wp-block-uagb-image--layout-overlay__inner:hover .uagb-image-heading,.wp-block-uagb-image--layout-overlay__inner:hover .uagb-image-separator,.wp-block-uagb-image--layout-overlay__inner:hover .uagb-image-caption{opacity:1;transform:translate3d(0, 0, 0)}.wp-block-uagb-image--effect-zoomin .wp-block-uagb-image__figure img,.wp-block-uagb-image--effect-zoomin .wp-block-uagb-image__figure .wp-block-uagb-image--layout-overlay__color-wrapper{transform:scale(1);transition:transform .35s ease-in-out}.wp-block-uagb-image--effect-zoomin .wp-block-uagb-image__figure:hover img,.wp-block-uagb-image--effect-zoomin .wp-block-uagb-image__figure:hover .wp-block-uagb-image--layout-overlay__color-wrapper{transform:scale(1.05)}.wp-block-uagb-image--effect-slide .wp-block-uagb-image__figure img,.wp-block-uagb-image--effect-slide .wp-block-uagb-image__figure .wp-block-uagb-image--layout-overlay__color-wrapper{width:calc(100% + 40px) !important;max-width:none !important;transform:translate3d(-40px, 0, 0);transition:transform .35s ease-in-out}.wp-block-uagb-image--effect-slide .wp-block-uagb-image__figure:hover img,.wp-block-uagb-image--effect-slide .wp-block-uagb-image__figure:hover .wp-block-uagb-image--layout-overlay__color-wrapper{transform:translate3d(0, 0, 0)}.wp-block-uagb-image--effect-grayscale img{filter:grayscale(0%);transition:.35s ease-in-out}.wp-block-uagb-image--effect-grayscale:hover img{filter:grayscale(100%)}.wp-block-uagb-image--effect-blur img{filter:blur(0);transition:.35s ease-in-out}.wp-block-uagb-image--effect-blur:hover img{filter:blur(3px)}.uagb-block-e6f939b3.wp-block-uagb-image--layout-default figure img{box-shadow: 0px 0px 0 #00000070;}.uagb-block-e6f939b3.wp-block-uagb-image .wp-block-uagb-image__figure figcaption{font-style: normal;align-self: center;}.uagb-block-e6f939b3.wp-block-uagb-image--layout-overlay figure img{box-shadow: 0px 0px 0 #00000070;}.uagb-block-e6f939b3.wp-block-uagb-image--layout-overlay .wp-block-uagb-image--layout-overlay__color-wrapper{opacity: 0.2;}.uagb-block-e6f939b3.wp-block-uagb-image--layout-overlay .wp-block-uagb-image--layout-overlay__inner{left: 15px;right: 15px;top: 15px;bottom: 15px;}.uagb-block-e6f939b3.wp-block-uagb-image--layout-overlay .wp-block-uagb-image--layout-overlay__inner .uagb-image-heading{font-style: normal;color: #fff;opacity: 1;}.uagb-block-e6f939b3.wp-block-uagb-image--layout-overlay .wp-block-uagb-image--layout-overlay__inner .uagb-image-heading a{color: #fff;}.uagb-block-e6f939b3.wp-block-uagb-image--layout-overlay .wp-block-uagb-image--layout-overlay__inner .uagb-image-caption{opacity: 0;}.uagb-block-e6f939b3.wp-block-uagb-image--layout-overlay .wp-block-uagb-image__figure:hover .wp-block-uagb-image--layout-overlay__color-wrapper{opacity: 1;}.uagb-block-e6f939b3.wp-block-uagb-image .wp-block-uagb-image--layout-overlay__inner .uagb-image-separator{width: 30%;border-top-width: 2px;border-top-color: #fff;opacity: 0;}.uagb-block-e6f939b3.wp-block-uagb-image .wp-block-uagb-image__figure img{width: px;height: auto;}.uagb-block-e6f939b3.wp-block-uagb-image .wp-block-uagb-image__figure:hover .wp-block-uagb-image--layout-overlay__inner .uagb-image-caption{opacity: 1;}.uagb-block-e6f939b3.wp-block-uagb-image .wp-block-uagb-image__figure:hover .wp-block-uagb-image--layout-overlay__inner .uagb-image-separator{opacity: 1;}.uagb-block-e6f939b3.wp-block-uagb-image--layout-default figure:hover img{box-shadow: 0px 0px 0 #00000070;}.uagb-block-e6f939b3.wp-block-uagb-image--layout-overlay figure:hover img{box-shadow: 0px 0px 0 #00000070;}@media only screen and (max-width: 976px) {.uagb-block-e6f939b3.wp-block-uagb-image .wp-block-uagb-image__figure img{width: px;height: auto;}}@media only screen and (max-width: 767px) {.uagb-block-e6f939b3.wp-block-uagb-image .wp-block-uagb-image__figure img{width: px;height: auto;}}\";s:2:\"js\";s:0:\"\";s:18:\"current_block_list\";a:13:{i:0;s:11:\"core\/search\";i:1;s:10:\"core\/group\";i:2;s:12:\"core\/heading\";i:3;s:17:\"core\/latest-posts\";i:4;s:20:\"core\/latest-comments\";i:5;s:13:\"core\/archives\";i:6;s:15:\"core\/categories\";i:7;s:14:\"core\/paragraph\";i:8;s:10:\"uagb\/image\";i:9;s:11:\"core\/spacer\";i:10;s:30:\"woocommerce\/product-categories\";i:11;s:10:\"core\/image\";i:12;s:14:\"core\/shortcode\";}s:8:\"uag_flag\";b:1;s:11:\"uag_version\";s:10:\"1777248586\";s:6:\"gfonts\";a:0:{}s:10:\"gfonts_url\";s:0:\"\";s:12:\"gfonts_files\";a:0:{}s:14:\"uag_faq_layout\";b:0;}"]},"uagb_featured_image_src":{"full":["https:\/\/www.ferberpainting.com\/wp-content\/uploads\/2025\/05\/Descaler-for-Macerator-Toilet-5L.png",2560,2560,false],"thumbnail":["https:\/\/www.ferberpainting.com\/wp-content\/uploads\/2025\/05\/Descaler-for-Macerator-Toilet-5L-150x150.png",150,150,true],"medium":["https:\/\/www.ferberpainting.com\/wp-content\/uploads\/2025\/05\/Descaler-for-Macerator-Toilet-5L-300x300.png",300,300,true],"medium_large":["https:\/\/www.ferberpainting.com\/wp-content\/uploads\/2025\/05\/Descaler-for-Macerator-Toilet-5L-768x768.png",768,768,true],"large":["https:\/\/www.ferberpainting.com\/wp-content\/uploads\/2025\/05\/Descaler-for-Macerator-Toilet-5L-1024x1024.png",1024,1024,true],"1536x1536":["https:\/\/www.ferberpainting.com\/wp-content\/uploads\/2025\/05\/Descaler-for-Macerator-Toilet-5L-1536x1536.png",1536,1536,true],"2048x2048":["https:\/\/www.ferberpainting.com\/wp-content\/uploads\/2025\/05\/Descaler-for-Macerator-Toilet-5L-2048x2048.png",2048,2048,true],"trp-custom-language-flag":["https:\/\/www.ferberpainting.com\/wp-content\/uploads\/2025\/05\/Descaler-for-Macerator-Toilet-5L-12x12.png",12,12,true],"woocommerce_thumbnail":["https:\/\/www.ferberpainting.com\/wp-content\/uploads\/2025\/05\/Descaler-for-Macerator-Toilet-5L-300x300.png",300,300,true],"woocommerce_single":["https:\/\/www.ferberpainting.com\/wp-content\/uploads\/2025\/05\/Descaler-for-Macerator-Toilet-5L-600x600.png",600,600,true],"woocommerce_gallery_thumbnail":["https:\/\/www.ferberpainting.com\/wp-content\/uploads\/2025\/05\/Descaler-for-Macerator-Toilet-5L-100x100.png",100,100,true]},"uagb_author_info":{"display_name":"admin","author_link":"https:\/\/www.ferberpainting.com\/dk\/author\/"},"uagb_comment_info":18,"uagb_excerpt":"Effective against limescale and calcium deposits.\u00a0The macerator descaler is specially designed to effectively eliminate limescale and calcium deposits that can build up inside sanitary appliances like macerating toilets. These residues can block internal mechanisms and reduce system efficiency. Thanks to its powerful formula, this product helps maintain the proper functioning of your macerator while providing&hellip;","_links":{"self":[{"href":"https:\/\/www.ferberpainting.com\/dk\/wp-json\/wp\/v2\/product\/23195","targetHints":{"allow":["GET"]}}],"collection":[{"href":"https:\/\/www.ferberpainting.com\/dk\/wp-json\/wp\/v2\/product"}],"about":[{"href":"https:\/\/www.ferberpainting.com\/dk\/wp-json\/wp\/v2\/types\/product"}],"replies":[{"embeddable":true,"href":"https:\/\/www.ferberpainting.com\/dk\/wp-json\/wp\/v2\/comments?post=23195"}],"version-history":[{"count":4,"href":"https:\/\/www.ferberpainting.com\/dk\/wp-json\/wp\/v2\/product\/23195\/revisions"}],"predecessor-version":[{"id":166095,"href":"https:\/\/www.ferberpainting.com\/dk\/wp-json\/wp\/v2\/product\/23195\/revisions\/166095"}],"wp:featuredmedia":[{"embeddable":true,"href":"https:\/\/www.ferberpainting.com\/dk\/wp-json\/wp\/v2\/media\/36457"}],"wp:attachment":[{"href":"https:\/\/www.ferberpainting.com\/dk\/wp-json\/wp\/v2\/media?parent=23195"}],"wp:term":[{"taxonomy":"product_brand","embeddable":true,"href":"https:\/\/www.ferberpainting.com\/dk\/wp-json\/wp\/v2\/product_brand?post=23195"},{"taxonomy":"product_cat","embeddable":true,"href":"https:\/\/www.ferberpainting.com\/dk\/wp-json\/wp\/v2\/product_cat?post=23195"},{"taxonomy":"product_tag","embeddable":true,"href":"https:\/\/www.ferberpainting.com\/dk\/wp-json\/wp\/v2\/product_tag?post=23195"}],"curies":[{"name":"wp","href":"https:\/\/api.w.org\/{rel}","templated":true}]}}