{"id":23177,"date":"2025-07-01T16:48:49","date_gmt":"2025-07-01T14:48:49","guid":{"rendered":"https:\/\/www.ferberpainting.com\/?post_type=product&#038;p=23177"},"modified":"2026-02-15T13:40:14","modified_gmt":"2026-02-15T12:40:14","slug":"concrete-block-water-repellent","status":"publish","type":"product","link":"https:\/\/www.ferberpainting.com\/dk\/products\/concrete-block-water-repellent\/","title":{"rendered":"Vandafvisende til betonblokke"},"content":{"rendered":"<p><img decoding=\"async\" style=\"margin-right: 12px;\" src=\"https:\/\/www.ferberpainting.com\/wp-content\/uploads\/2026\/02\/Check.svg\" alt=\"\" width=\"18\" height=\"15\" \/><strong>Effektiv beskyttelse mod fugt.<\/strong>\u00a0Impr\u00e6gneringsmidlet til betonblokke er designet til at give optimal beskyttelse mod fugt og vandindtr\u00e6ngning i v\u00e6gge af betonblokke. Takket v\u00e6re den specialudviklede formel skaber den en usynlig barriere, der forhindrer vand i at tr\u00e6nge ind, samtidig med at den lader materialet \u00e5nde. Dette produkt er ideelt til b\u00e5de yderv\u00e6gge og fundamenter og hj\u00e6lper med at bevare strukturen og forhindre skader for\u00e5rsaget af fugt, f.eks. skimmel og materialenedbrydning.<\/p>\n<p><img decoding=\"async\" style=\"margin-right: 12px;\" src=\"https:\/\/www.ferberpainting.com\/wp-content\/uploads\/2026\/02\/Check.svg\" alt=\"\" width=\"18\" height=\"15\" \/><strong>Penge-tilbage-garanti.<\/strong>\u00a0Vi tror fuldt og fast p\u00e5 kvaliteten af vores produkt, og det er derfor, vi tilbyder en tilfredsheds- eller refusionsgaranti. Hvis du af en eller anden grund ikke er helt tilfreds med impr\u00e6gneringsmidlet til betonblokke, kan du anmode om fuld refusion. Denne garanti giver dig mulighed for at k\u00f8be i fuld tillid til, at du ikke har noget at tabe.<\/p>\n<p><img decoding=\"async\" style=\"margin-right: 12px;\" src=\"https:\/\/www.ferberpainting.com\/wp-content\/uploads\/2026\/02\/Check.svg\" alt=\"\" width=\"18\" height=\"15\" \/><strong>Kompatibel med mange materialer.<\/strong>\u00a0Selvom produktet prim\u00e6rt er beregnet til betonblokke, fungerer det ogs\u00e5 rigtig godt p\u00e5 andre murv\u00e6rksmaterialer som beton, cement, m\u00f8rtel og endda mursten. Denne alsidighed g\u00f8r impr\u00e6gneringsmidlet til betonblokke til den ideelle l\u00f8sning til renoverings- eller byggeprojekter og hj\u00e6lper med at beskytte forskellige overflader mod fugt og vandinfiltration.<\/p>\n<p><img decoding=\"async\" style=\"margin-right: 12px;\" src=\"https:\/\/www.ferberpainting.com\/wp-content\/uploads\/2026\/02\/Check.svg\" alt=\"\" width=\"18\" height=\"15\" \/><strong>\u00d8konomisk ydeevne.<\/strong>\u00a0Impr\u00e6gneringsmidlet til betonblokke giver fremragende v\u00e6rdi for pengene takket v\u00e6re det \u00f8konomiske udbytte. En 5-liters beholder d\u00e6kker et omr\u00e5de p\u00e5 30 til 50 m\u00b2 afh\u00e6ngigt af por\u00f8siteten i det materiale, der behandles. Med denne h\u00f8je d\u00e6kning kan du behandle et stort omr\u00e5de med en relativt lille m\u00e6ngde produkt, hvilket hj\u00e6lper med at reducere omkostningerne og samtidig sikre beskyttelse af h\u00f8j kvalitet. Det er derfor en omkostningseffektiv l\u00f8sning til behandling af store omr\u00e5der.<\/p>\n<p><img decoding=\"async\" style=\"margin-right: 12px;\" src=\"https:\/\/www.ferberpainting.com\/wp-content\/uploads\/2026\/02\/Check.svg\" alt=\"\" width=\"18\" height=\"15\" \/><strong>Sikker at bruge.<\/strong>\u00a0Impr\u00e6gneringsmidlet til betonblokke er designet til at v\u00e6re sikkert at bruge. Formlen er ugiftig og afgiver ingen skadelige dampe under p\u00e5f\u00f8ring, hvilket g\u00f8r den milj\u00f8- og sundhedsvenlig. Du kan bruge det sikkert b\u00e5de indend\u00f8rs og udend\u00f8rs, og det er perfekt egnet til folk, der er f\u00f8lsomme over for skrappe kemikalier.<\/p>\n<p><img decoding=\"async\" style=\"margin-right: 12px;\" src=\"https:\/\/www.ferberpainting.com\/wp-content\/uploads\/2026\/02\/Check.svg\" alt=\"\" width=\"18\" height=\"15\" \/><strong>Let at p\u00e5f\u00f8re.<\/strong>\u00a0Det er nemt og hurtigt at p\u00e5f\u00f8re impr\u00e6gneringsmidlet til betonblokke. Dette produkt er klar til brug og kr\u00e6ver ingen fortynding. P\u00e5f\u00f8r blot et ensartet lag p\u00e5 overfladen med en spr\u00f8jte, pensel eller rulle. Den flydende konsistens giver mulighed for j\u00e6vn d\u00e6kning og dyb indtr\u00e6ngning i betonblokkens porer, hvilket sikrer holdbar beskyttelse mod fugt uden besv\u00e6r.<\/p>\n<p><img decoding=\"async\" style=\"margin-right: 12px;\" src=\"https:\/\/www.ferberpainting.com\/wp-content\/uploads\/2026\/02\/Check.svg\" alt=\"\" width=\"18\" height=\"15\" \/><strong>Holdbarhed og modstandsdygtighed.<\/strong>\u00a0N\u00e5r den er p\u00e5f\u00f8rt, giver impr\u00e6gneringsmidlet til betonblokke en langvarig beskyttelse. Den beskytter mod vandindtr\u00e6ngning, pletter, snavs og fugtrelateret nedbrydning. Denne beskyttelse forbliver effektiv i flere \u00e5r, hvilket reducerer behovet for hyppig genp\u00e5f\u00f8ring. Det sikrer en lang levetid for dine v\u00e6gge og fundamenter, samtidig med at dine bygningers strukturelle integritet opretholdes.<\/p>\n<p><img decoding=\"async\" style=\"margin-right: 12px;\" src=\"https:\/\/www.ferberpainting.com\/wp-content\/uploads\/2026\/02\/Check.svg\" alt=\"\" width=\"18\" height=\"15\" \/><strong>Hurtig p\u00e5f\u00f8ring og t\u00f8rring.<\/strong>\u00a0Dette produkt udm\u00e6rker sig ogs\u00e5 ved at v\u00e6re hurtigt at p\u00e5f\u00f8re. Efter p\u00e5f\u00f8ring t\u00f8rrer impr\u00e6gneringsmidlet til betonblokke hurtigt, p\u00e5 kun 1 til 2 timer. Du kan derfor g\u00e5 i gang med at behandle store omr\u00e5der uden at miste tid. For at opn\u00e5 maksimal beskyttelse anbefales det at lade produktet t\u00f8rre helt i 24 timer, f\u00f8r de behandlede overflader tages i brug igen. Denne hastighed hj\u00e6lper med at reducere nedetid og sikrer samtidig effektiv beskyttelse p\u00e5 kortest mulig tid.<\/p>\n<h2><strong>Protokol for brug<\/strong><\/h2>\n<ul>\n<li><strong>Forberedelse af overflade <\/strong>: S\u00f8rg for, at overfladen er ren, t\u00f8r og fri for snavs, f\u00f8r du p\u00e5f\u00f8rer impr\u00e6gneringsmidlet til betonblokke. Reng\u00f8r om n\u00f8dvendigt betonblokkene med rent vand og et mildt reng\u00f8ringsmiddel for at fjerne snavs eller skimmel. Lad overfladen t\u00f8rre helt, f\u00f8r du p\u00e5f\u00f8rer produktet.<\/li>\n<li><strong>Anvendelse af produktet <\/strong>: Impr\u00e6gneringsmidlet til betonblokke er klar til brug og skal ikke fortyndes. P\u00e5f\u00f8r den direkte p\u00e5 betonblokkene med en spr\u00f8jte, pensel eller rulle. S\u00f8rg for, at hele overfladen er j\u00e6vnt d\u00e6kket for at sikre en ensartet beskyttelse. Hvis du arbejder p\u00e5 store overflader, anbefales det at g\u00e5 frem i sektioner for at forhindre, at produktet t\u00f8rrer, f\u00f8r det er ordentligt spredt.<\/li>\n<li><strong>M\u00e6ngde til brug <\/strong>: Udbyttet af impr\u00e6gneringsmidlet til betonblokke er ca. 6 til 10 m\u00b2 pr. liter, afh\u00e6ngigt af materialets por\u00f8sitet. En 5-liters beholder kan d\u00e6kke mellem 30 og 50 m\u00b2, s\u00e5 du kan behandle et stort omr\u00e5de med relativt lidt produkt. Det g\u00f8r impr\u00e6gneringsmidlet til betonblokke til en \u00f8konomisk l\u00f8sning til behandling af store overflader.<\/li>\n<li><strong>T\u00f8rretid <\/strong>: Efter p\u00e5f\u00f8ring t\u00f8rrer produktet ved ber\u00f8ring i l\u00f8bet af 1 til 2 timer, men det anbefales at lade det t\u00f8rre helt i 24 timer for at sikre fuld effektivitet. I denne periode skal man undg\u00e5 enhver kontakt med fugt, s\u00e5 produktet kan s\u00e6tte sig ordentligt og danne en holdbar vandt\u00e6t barriere.<\/li>\n<li><strong>Genans\u00f8gning <\/strong>: Afh\u00e6ngigt af vejrforhold og eksponering kan det v\u00e6re n\u00f8dvendigt at p\u00e5f\u00f8re produktet igen hvert 3. til 5. \u00e5r for at opretholde optimal beskyttelse. F\u00f8r enhver ny p\u00e5f\u00f8ring skal overfladen reng\u00f8res grundigt for at fjerne alt snavs eller rester fra det tidligere produkt.<\/li>\n<li><strong>Vedligeholdelse <\/strong>: Efter behandlingen anbefales det at reng\u00f8re de behandlede overflader regelm\u00e6ssigt med rent vand og en bl\u00f8d klud for at bevare beskyttelsens effektivitet. Undg\u00e5 at bruge slibende reng\u00f8ringsmidler eller kemikalier, der kan nedbryde det beskyttende lag, der dannes af impr\u00e6gneringsmidlet.<\/li>\n<\/ul>","protected":false},"excerpt":{"rendered":"<p>Effective protection against humidity.\u00a0The concrete block waterproofer is designed to offer optimal protection against moisture and water infiltration in concrete block walls. Thanks to its specially developed formula, it creates an invisible barrier that prevents water from penetrating while allowing the material to breathe. Ideal for both exterior walls and foundations, this product helps preserve [&hellip;]<\/p>\n","protected":false},"featured_media":36484,"comment_status":"open","ping_status":"closed","template":"","meta":{"_uag_custom_page_level_css":"","site-sidebar-layout":"default","site-content-layout":"","ast-site-content-layout":"default","site-content-style":"default","site-sidebar-style":"default","ast-global-header-display":"","ast-banner-title-visibility":"","ast-main-header-display":"","ast-hfb-above-header-display":"","ast-hfb-below-header-display":"","ast-hfb-mobile-header-display":"","site-post-title":"","ast-breadcrumbs-content":"","ast-featured-img":"","footer-sml-layout":"","ast-disable-related-posts":"","theme-transparent-header-meta":"default","adv-header-id-meta":"","stick-header-meta":"","header-above-stick-meta":"","header-main-stick-meta":"","header-below-stick-meta":"","astra-migrate-meta-layouts":"set","ast-page-background-enabled":"default","ast-page-background-meta":{"desktop":{"background-color":"var(--ast-global-color-4)","background-image":"","background-repeat":"repeat","background-position":"center center","background-size":"auto","background-attachment":"scroll","background-type":"","background-media":"","overlay-type":"","overlay-color":"","overlay-opacity":"","overlay-gradient":""},"tablet":{"background-color":"","background-image":"","background-repeat":"repeat","background-position":"center center","background-size":"auto","background-attachment":"scroll","background-type":"","background-media":"","overlay-type":"","overlay-color":"","overlay-opacity":"","overlay-gradient":""},"mobile":{"background-color":"","background-image":"","background-repeat":"repeat","background-position":"center center","background-size":"auto","background-attachment":"scroll","background-type":"","background-media":"","overlay-type":"","overlay-color":"","overlay-opacity":"","overlay-gradient":""}},"ast-content-background-meta":{"desktop":{"background-color":"var(--ast-global-color-5)","background-image":"","background-repeat":"repeat","background-position":"center center","background-size":"auto","background-attachment":"scroll","background-type":"","background-media":"","overlay-type":"","overlay-color":"","overlay-opacity":"","overlay-gradient":""},"tablet":{"background-color":"var(--ast-global-color-5)","background-image":"","background-repeat":"repeat","background-position":"center center","background-size":"auto","background-attachment":"scroll","background-type":"","background-media":"","overlay-type":"","overlay-color":"","overlay-opacity":"","overlay-gradient":""},"mobile":{"background-color":"var(--ast-global-color-5)","background-image":"","background-repeat":"repeat","background-position":"center center","background-size":"auto","background-attachment":"scroll","background-type":"","background-media":"","overlay-type":"","overlay-color":"","overlay-opacity":"","overlay-gradient":""}}},"product_brand":[],"product_cat":[176,191],"product_tag":[],"class_list":{"0":"post-23177","1":"product","2":"type-product","3":"status-publish","4":"has-post-thumbnail","6":"product_cat-concrete-treatment","7":"product_cat-water-repellent","8":"desktop-align-left","9":"tablet-align-left","10":"mobile-align-left","12":"first","13":"instock","14":"sale","15":"shipping-taxable","16":"purchasable","17":"product-type-variable","18":"has-default-attributes"},"spectra_custom_meta":{"_visibility":["visible"],"_shopify_product_id":["9106659508469"],"_s2w_shopify_domain":["ferberpainting.myshopify.com"],"_shopify_variant_id":["46626418393333"],"_sku":[""],"_manage_stock":["no"],"total_sales":["7"],"_tax_status":["taxable"],"_tax_class":[""],"_backorders":["no"],"_sold_individually":["no"],"_virtual":["no"],"_downloadable":["no"],"_download_limit":["-1"],"_download_expiry":["-1"],"_stock":[null],"_stock_status":["instock"],"_wc_average_rating":["5.00"],"_wc_review_count":["10"],"_product_attributes":["a:1:{s:6:\"volume\";a:6:{s:4:\"name\";s:6:\"Volume\";s:5:\"value\";s:20:\"5 liters | 25 liters\";s:8:\"position\";i:1;s:10:\"is_visible\";i:0;s:12:\"is_variation\";i:1;s:11:\"is_taxonomy\";i:0;}}"],"_product_version":["10.5.1"],"wpse_downloadable_file_names":[""],"wpse_downloadable_file_urls":[""],"_edit_last":["1"],"_default_attributes":["a:1:{s:6:\"volume\";s:8:\"5 liters\";}"],"_edit_lock":["1771159074:1"],"_price":["29.90","129.90"],"merchant-center-availability":["yes"],"merchant-center-category":["503744"],"_thumbnail_id":["36484"],"_wp_page_template":["default"],"_wp_old_date":["2025-05-26"],"_product_image_gallery":["36485"],"site-sidebar-layout":["default"],"ast-site-content-layout":["default"],"site-content-style":["default"],"site-sidebar-style":["default"],"theme-transparent-header-meta":["default"],"_wc_rating_count":["a:1:{i:5;i:10;}"],"astra-migrate-meta-layouts":["set"],"_uag_css_file_name":["uag-css-23177.css"],"_elementor_page_assets":["a:0:{}"],"_uag_page_assets":["a:9:{s:3:\"css\";s:6873:\".wp-block-uagb-image{display:flex}.wp-block-uagb-image__figure{position:relative;display:flex;flex-direction:column;max-width:100%;height:auto;margin:0}.wp-block-uagb-image__figure img{height:auto;display:flex;max-width:100%;transition:box-shadow .2s ease}.wp-block-uagb-image__figure>a{display:inline-block}.wp-block-uagb-image__figure figcaption{text-align:center;margin-top:.5em;margin-bottom:1em}.wp-block-uagb-image .components-placeholder.block-editor-media-placeholder .components-placeholder__instructions{align-self:center}.wp-block-uagb-image--align-left{text-align:left}.wp-block-uagb-image--align-right{text-align:right}.wp-block-uagb-image--align-center{text-align:center}.wp-block-uagb-image--align-full .wp-block-uagb-image__figure{margin-left:calc(50% - 50vw);margin-right:calc(50% - 50vw);max-width:100vw;width:100vw;height:auto}.wp-block-uagb-image--align-full .wp-block-uagb-image__figure img{height:auto;width:100% !important}.wp-block-uagb-image--align-wide .wp-block-uagb-image__figure img{height:auto;width:100%}.wp-block-uagb-image--layout-overlay__color-wrapper{position:absolute;left:0;top:0;right:0;bottom:0;opacity:.2;background:rgba(0,0,0,.5);transition:opacity .35s ease-in-out}.wp-block-uagb-image--layout-overlay-link{position:absolute;left:0;right:0;bottom:0;top:0}.wp-block-uagb-image--layout-overlay .wp-block-uagb-image__figure:hover .wp-block-uagb-image--layout-overlay__color-wrapper{opacity:1}.wp-block-uagb-image--layout-overlay__inner{position:absolute;left:15px;right:15px;bottom:15px;top:15px;display:flex;align-items:center;justify-content:center;flex-direction:column;border-color:#fff;transition:.35s ease-in-out}.wp-block-uagb-image--layout-overlay__inner.top-left,.wp-block-uagb-image--layout-overlay__inner.top-center,.wp-block-uagb-image--layout-overlay__inner.top-right{justify-content:flex-start}.wp-block-uagb-image--layout-overlay__inner.bottom-left,.wp-block-uagb-image--layout-overlay__inner.bottom-center,.wp-block-uagb-image--layout-overlay__inner.bottom-right{justify-content:flex-end}.wp-block-uagb-image--layout-overlay__inner.top-left,.wp-block-uagb-image--layout-overlay__inner.center-left,.wp-block-uagb-image--layout-overlay__inner.bottom-left{align-items:flex-start}.wp-block-uagb-image--layout-overlay__inner.top-right,.wp-block-uagb-image--layout-overlay__inner.center-right,.wp-block-uagb-image--layout-overlay__inner.bottom-right{align-items:flex-end}.wp-block-uagb-image--layout-overlay__inner .uagb-image-heading{color:#fff;transition:transform .35s,opacity .35s ease-in-out;transform:translate3d(0, 24px, 0);margin:0;line-height:1em}.wp-block-uagb-image--layout-overlay__inner .uagb-image-separator{width:30%;border-top-width:2px;border-top-color:#fff;border-top-style:solid;margin-bottom:10px;opacity:0;transition:transform .4s,opacity .4s ease-in-out;transform:translate3d(0, 30px, 0)}.wp-block-uagb-image--layout-overlay__inner .uagb-image-caption{opacity:0;overflow:visible;color:#fff;transition:transform .45s,opacity .45s ease-in-out;transform:translate3d(0, 35px, 0)}.wp-block-uagb-image--layout-overlay__inner:hover .uagb-image-heading,.wp-block-uagb-image--layout-overlay__inner:hover .uagb-image-separator,.wp-block-uagb-image--layout-overlay__inner:hover .uagb-image-caption{opacity:1;transform:translate3d(0, 0, 0)}.wp-block-uagb-image--effect-zoomin .wp-block-uagb-image__figure img,.wp-block-uagb-image--effect-zoomin .wp-block-uagb-image__figure .wp-block-uagb-image--layout-overlay__color-wrapper{transform:scale(1);transition:transform .35s ease-in-out}.wp-block-uagb-image--effect-zoomin .wp-block-uagb-image__figure:hover img,.wp-block-uagb-image--effect-zoomin .wp-block-uagb-image__figure:hover .wp-block-uagb-image--layout-overlay__color-wrapper{transform:scale(1.05)}.wp-block-uagb-image--effect-slide .wp-block-uagb-image__figure img,.wp-block-uagb-image--effect-slide .wp-block-uagb-image__figure .wp-block-uagb-image--layout-overlay__color-wrapper{width:calc(100% + 40px) !important;max-width:none !important;transform:translate3d(-40px, 0, 0);transition:transform .35s ease-in-out}.wp-block-uagb-image--effect-slide .wp-block-uagb-image__figure:hover img,.wp-block-uagb-image--effect-slide .wp-block-uagb-image__figure:hover .wp-block-uagb-image--layout-overlay__color-wrapper{transform:translate3d(0, 0, 0)}.wp-block-uagb-image--effect-grayscale img{filter:grayscale(0%);transition:.35s ease-in-out}.wp-block-uagb-image--effect-grayscale:hover img{filter:grayscale(100%)}.wp-block-uagb-image--effect-blur img{filter:blur(0);transition:.35s ease-in-out}.wp-block-uagb-image--effect-blur:hover img{filter:blur(3px)}.uagb-block-e6f939b3.wp-block-uagb-image--layout-default figure img{box-shadow: 0px 0px 0 #00000070;}.uagb-block-e6f939b3.wp-block-uagb-image .wp-block-uagb-image__figure figcaption{font-style: normal;align-self: center;}.uagb-block-e6f939b3.wp-block-uagb-image--layout-overlay figure img{box-shadow: 0px 0px 0 #00000070;}.uagb-block-e6f939b3.wp-block-uagb-image--layout-overlay .wp-block-uagb-image--layout-overlay__color-wrapper{opacity: 0.2;}.uagb-block-e6f939b3.wp-block-uagb-image--layout-overlay .wp-block-uagb-image--layout-overlay__inner{left: 15px;right: 15px;top: 15px;bottom: 15px;}.uagb-block-e6f939b3.wp-block-uagb-image--layout-overlay .wp-block-uagb-image--layout-overlay__inner .uagb-image-heading{font-style: normal;color: #fff;opacity: 1;}.uagb-block-e6f939b3.wp-block-uagb-image--layout-overlay .wp-block-uagb-image--layout-overlay__inner .uagb-image-heading a{color: #fff;}.uagb-block-e6f939b3.wp-block-uagb-image--layout-overlay .wp-block-uagb-image--layout-overlay__inner .uagb-image-caption{opacity: 0;}.uagb-block-e6f939b3.wp-block-uagb-image--layout-overlay .wp-block-uagb-image__figure:hover .wp-block-uagb-image--layout-overlay__color-wrapper{opacity: 1;}.uagb-block-e6f939b3.wp-block-uagb-image .wp-block-uagb-image--layout-overlay__inner .uagb-image-separator{width: 30%;border-top-width: 2px;border-top-color: #fff;opacity: 0;}.uagb-block-e6f939b3.wp-block-uagb-image .wp-block-uagb-image__figure img{width: px;height: auto;}.uagb-block-e6f939b3.wp-block-uagb-image .wp-block-uagb-image__figure:hover .wp-block-uagb-image--layout-overlay__inner .uagb-image-caption{opacity: 1;}.uagb-block-e6f939b3.wp-block-uagb-image .wp-block-uagb-image__figure:hover .wp-block-uagb-image--layout-overlay__inner .uagb-image-separator{opacity: 1;}.uagb-block-e6f939b3.wp-block-uagb-image--layout-default figure:hover img{box-shadow: 0px 0px 0 #00000070;}.uagb-block-e6f939b3.wp-block-uagb-image--layout-overlay figure:hover img{box-shadow: 0px 0px 0 #00000070;}@media only screen and (max-width: 976px) {.uagb-block-e6f939b3.wp-block-uagb-image .wp-block-uagb-image__figure img{width: px;height: auto;}}@media only screen and (max-width: 767px) {.uagb-block-e6f939b3.wp-block-uagb-image .wp-block-uagb-image__figure img{width: px;height: auto;}}\";s:2:\"js\";s:0:\"\";s:18:\"current_block_list\";a:13:{i:0;s:11:\"core\/search\";i:1;s:10:\"core\/group\";i:2;s:12:\"core\/heading\";i:3;s:17:\"core\/latest-posts\";i:4;s:20:\"core\/latest-comments\";i:5;s:13:\"core\/archives\";i:6;s:15:\"core\/categories\";i:7;s:14:\"core\/paragraph\";i:8;s:10:\"uagb\/image\";i:9;s:11:\"core\/spacer\";i:10;s:30:\"woocommerce\/product-categories\";i:11;s:10:\"core\/image\";i:12;s:14:\"core\/shortcode\";}s:8:\"uag_flag\";b:1;s:11:\"uag_version\";s:10:\"1777096529\";s:6:\"gfonts\";a:0:{}s:10:\"gfonts_url\";s:0:\"\";s:12:\"gfonts_files\";a:0:{}s:14:\"uag_faq_layout\";b:0;}"]},"uagb_featured_image_src":{"full":["https:\/\/www.ferberpainting.com\/wp-content\/uploads\/2025\/05\/Concrete-Block-Water-Repellent-5L-.png",2560,2560,false],"thumbnail":["https:\/\/www.ferberpainting.com\/wp-content\/uploads\/2025\/05\/Concrete-Block-Water-Repellent-5L--150x150.png",150,150,true],"medium":["https:\/\/www.ferberpainting.com\/wp-content\/uploads\/2025\/05\/Concrete-Block-Water-Repellent-5L--300x300.png",300,300,true],"medium_large":["https:\/\/www.ferberpainting.com\/wp-content\/uploads\/2025\/05\/Concrete-Block-Water-Repellent-5L--768x768.png",768,768,true],"large":["https:\/\/www.ferberpainting.com\/wp-content\/uploads\/2025\/05\/Concrete-Block-Water-Repellent-5L--1024x1024.png",1024,1024,true],"1536x1536":["https:\/\/www.ferberpainting.com\/wp-content\/uploads\/2025\/05\/Concrete-Block-Water-Repellent-5L--1536x1536.png",1536,1536,true],"2048x2048":["https:\/\/www.ferberpainting.com\/wp-content\/uploads\/2025\/05\/Concrete-Block-Water-Repellent-5L--2048x2048.png",2048,2048,true],"trp-custom-language-flag":["https:\/\/www.ferberpainting.com\/wp-content\/uploads\/2025\/05\/Concrete-Block-Water-Repellent-5L--12x12.png",12,12,true],"woocommerce_thumbnail":["https:\/\/www.ferberpainting.com\/wp-content\/uploads\/2025\/05\/Concrete-Block-Water-Repellent-5L--300x300.png",300,300,true],"woocommerce_single":["https:\/\/www.ferberpainting.com\/wp-content\/uploads\/2025\/05\/Concrete-Block-Water-Repellent-5L--600x600.png",600,600,true],"woocommerce_gallery_thumbnail":["https:\/\/www.ferberpainting.com\/wp-content\/uploads\/2025\/05\/Concrete-Block-Water-Repellent-5L--100x100.png",100,100,true]},"uagb_author_info":{"display_name":"admin","author_link":"https:\/\/www.ferberpainting.com\/dk\/author\/"},"uagb_comment_info":10,"uagb_excerpt":"Effective protection against humidity.\u00a0The concrete block waterproofer is designed to offer optimal protection against moisture and water infiltration in concrete block walls. Thanks to its specially developed formula, it creates an invisible barrier that prevents water from penetrating while allowing the material to breathe. Ideal for both exterior walls and foundations, this product helps preserve&hellip;","_links":{"self":[{"href":"https:\/\/www.ferberpainting.com\/dk\/wp-json\/wp\/v2\/product\/23177","targetHints":{"allow":["GET"]}}],"collection":[{"href":"https:\/\/www.ferberpainting.com\/dk\/wp-json\/wp\/v2\/product"}],"about":[{"href":"https:\/\/www.ferberpainting.com\/dk\/wp-json\/wp\/v2\/types\/product"}],"replies":[{"embeddable":true,"href":"https:\/\/www.ferberpainting.com\/dk\/wp-json\/wp\/v2\/comments?post=23177"}],"version-history":[{"count":6,"href":"https:\/\/www.ferberpainting.com\/dk\/wp-json\/wp\/v2\/product\/23177\/revisions"}],"predecessor-version":[{"id":166086,"href":"https:\/\/www.ferberpainting.com\/dk\/wp-json\/wp\/v2\/product\/23177\/revisions\/166086"}],"wp:featuredmedia":[{"embeddable":true,"href":"https:\/\/www.ferberpainting.com\/dk\/wp-json\/wp\/v2\/media\/36484"}],"wp:attachment":[{"href":"https:\/\/www.ferberpainting.com\/dk\/wp-json\/wp\/v2\/media?parent=23177"}],"wp:term":[{"taxonomy":"product_brand","embeddable":true,"href":"https:\/\/www.ferberpainting.com\/dk\/wp-json\/wp\/v2\/product_brand?post=23177"},{"taxonomy":"product_cat","embeddable":true,"href":"https:\/\/www.ferberpainting.com\/dk\/wp-json\/wp\/v2\/product_cat?post=23177"},{"taxonomy":"product_tag","embeddable":true,"href":"https:\/\/www.ferberpainting.com\/dk\/wp-json\/wp\/v2\/product_tag?post=23177"}],"curies":[{"name":"wp","href":"https:\/\/api.w.org\/{rel}","templated":true}]}}