{"id":23095,"date":"2025-05-26T10:22:41","date_gmt":"2025-05-26T08:22:41","guid":{"rendered":"https:\/\/www.ferberpainting.com\/products\/bituminous-foundation-sealant\/"},"modified":"2026-02-24T17:58:40","modified_gmt":"2026-02-24T16:58:40","slug":"bituminous-foundation-sealant","status":"publish","type":"product","link":"https:\/\/www.ferberpainting.com\/dk\/products\/bituminous-foundation-sealant\/","title":{"rendered":"Bitumin\u00f8s grundforsegling"},"content":{"rendered":"<p><img decoding=\"async\" style=\"margin-right: 12px;\" src=\"https:\/\/www.ferberpainting.com\/wp-content\/uploads\/2026\/02\/Check.svg\" alt=\"\" width=\"18\" height=\"15\" \/><strong>Optimal beskyttelse mod fugt og vandindtr\u00e6ngning.<\/strong>\u00a0Denne bitumin\u00f8se bel\u00e6gning er specielt designet til at sikre holdbar vandt\u00e6tning af fundamenter og underjordiske strukturer. Den skaber en vandt\u00e6t barriere, der forhindrer vand i at tr\u00e6nge ind i v\u00e6ggene og dermed reducerer risikoen for fugt, skimmel og skader for\u00e5rsaget af infiltration. Den beskytter ogs\u00e5 mod afl\u00f8bsvand og kapillarstigning, hvilket sikrer konstruktionernes levetid.<\/p>\n<p><img decoding=\"async\" style=\"margin-right: 12px;\" src=\"https:\/\/www.ferberpainting.com\/wp-content\/uploads\/2026\/02\/Check.svg\" alt=\"\" width=\"18\" height=\"15\" \/><strong>Penge-tilbage-garanti.<\/strong>\u00a0Vi har fuld tillid til effektiviteten af vores bitumin\u00f8se vandt\u00e6tningsbel\u00e6gning. Derfor tilbyder vi en pengene-tilbage-garanti. Hvis produktet ikke lever op til dine forventninger efter p\u00e5f\u00f8ring i henhold til anbefalingerne, har du mulighed for at anmode om en tilbagebetaling uden betingelser, hvilket sikrer et sikkert og risikofrit k\u00f8b.<\/p>\n<p><img decoding=\"async\" style=\"margin-right: 12px;\" src=\"https:\/\/www.ferberpainting.com\/wp-content\/uploads\/2026\/02\/Check.svg\" alt=\"\" width=\"18\" height=\"15\" \/><strong>Kompatibel med en lang r\u00e6kke overflader.<\/strong>\u00a0Denne bitumin\u00f8se bel\u00e6gning er kompatibel med beton, cement, m\u00f8rtel og mursten, hvilket giver en alsidig l\u00f8sning til vandt\u00e6tning af fundamenter, k\u00e6ldre, nedgravede v\u00e6gge og strukturer i kontakt med jorden. Den kan ogs\u00e5 bruges p\u00e5 lodrette eller vandrette overflader, p\u00e5 nye eller renoverede overflader, uden at der kr\u00e6ves en s\u00e6rlig primer for at opn\u00e5 god vedh\u00e6ftning.<\/p>\n<p><img decoding=\"async\" style=\"margin-right: 12px;\" src=\"https:\/\/www.ferberpainting.com\/wp-content\/uploads\/2026\/02\/Check.svg\" alt=\"\" width=\"18\" height=\"15\" \/><strong>\u00d8konomisk effektivitet og maksimal ydelse.<\/strong>\u00a0Takket v\u00e6re den koncentrerede formulering kan 10 kg bitumin\u00f8s bel\u00e6gning d\u00e6kke ca. 1 m\u00b2, afh\u00e6ngigt af underlagets absorption og den p\u00e5f\u00f8rte tykkelse. Dens fremragende d\u00e6kkeevne sikrer effektiv beskyttelse med reduceret forbrug og s\u00e6nker dermed de samlede arbejdsomkostninger, samtidig med at den garanterer vandt\u00e6tning af h\u00f8j kvalitet.<\/p>\n<p><img decoding=\"async\" style=\"margin-right: 12px;\" src=\"https:\/\/www.ferberpainting.com\/wp-content\/uploads\/2026\/02\/Check.svg\" alt=\"\" width=\"18\" height=\"15\" \/><strong>Et sikkert og ufarligt produkt for brugeren.<\/strong>\u00a0Denne coating er formuleret uden aggressive opl\u00f8sningsmidler og afgiver ikke skadelige dampe, hvilket g\u00f8r den sikker at bruge selv i lukkede rum. Den kr\u00e6ver ikke s\u00e6rlige v\u00e6rnemidler, men det anbefales at bruge handsker for at undg\u00e5 direkte kontakt med huden. Den overholder g\u00e6ldende milj\u00f8standarder, hvilket sikrer en sikker anvendelse for b\u00e5de brugeren og milj\u00f8et.<\/p>\n<p><img decoding=\"async\" style=\"margin-right: 12px;\" src=\"https:\/\/www.ferberpainting.com\/wp-content\/uploads\/2026\/02\/Check.svg\" alt=\"\" width=\"18\" height=\"15\" \/><strong>Nem anvendelse og hurtig implementering.<\/strong>\u00a0Denne bitumin\u00f8se bel\u00e6gning er klar til brug og kan nemt p\u00e5f\u00f8res med pensel, rulle eller spatel uden behov for forudg\u00e5ende blanding. Dens flydende konsistens giver en homogen fordeling p\u00e5 overfladen, s\u00e5 man undg\u00e5r svage punkter. P\u00e5f\u00f8ringen er enkel, selv for uerfarne brugere, og giver en ensartet d\u00e6kning fra f\u00f8rste lag.<\/p>\n<p><img decoding=\"async\" style=\"margin-right: 12px;\" src=\"https:\/\/www.ferberpainting.com\/wp-content\/uploads\/2026\/02\/Check.svg\" alt=\"\" width=\"18\" height=\"15\" \/><strong>Enest\u00e5ende holdbarhed for langvarig beskyttelse.<\/strong>\u00a0N\u00e5r denne bitumin\u00f8se bel\u00e6gning er p\u00e5f\u00f8rt og t\u00f8rret, er den meget modstandsdygtig over for vejrforhold, frost\/t\u00f8-cyklusser og kemiske p\u00e5virkninger i jorden. Den bevarer sine vandt\u00e6tte egenskaber i flere \u00e5r uden at kr\u00e6ve s\u00e6rlig vedligeholdelse, hvilket sikrer effektiv og langvarig beskyttelse af fundamenter og underjordiske strukturer.<\/p>\n<p><img decoding=\"async\" style=\"margin-right: 12px;\" src=\"https:\/\/www.ferberpainting.com\/wp-content\/uploads\/2026\/02\/Check.svg\" alt=\"\" width=\"18\" height=\"15\" \/><strong>Hurtig t\u00f8rring for hurtigere implementering.<\/strong>\u00a0Formuleringen giver mulighed for overfladet\u00f8rring p\u00e5 3 til 6 timer og fuldst\u00e6ndig t\u00f8rring p\u00e5 24 til 48 timer, afh\u00e6ngigt af forholdene.<\/p>\n<h2><strong>Protokol for brug<\/strong><\/h2>\n<ul>\n<li><strong>Forberedelse af overflade <\/strong>: Reng\u00f8r grundigt den overflade, der skal behandles, ved at fjerne st\u00f8v, snavs, fedtpletter og eventuelle spr\u00f8de rester. Ved st\u00e6rkt sugende eller por\u00f8se overflader anbefales det at fugte overfladen let f\u00f8r p\u00e5f\u00f8ring.<\/li>\n<li><strong>Anbefalet dosering <\/strong>: P\u00e5f\u00f8r 10 kg bitumin\u00f8s bel\u00e6gning pr. 1 m\u00b2, afh\u00e6ngigt af overfladens ruhed og absorption. For forbedret vandt\u00e6thed skal du planl\u00e6gge to til tre p\u00e5 hinanden f\u00f8lgende lag.<\/li>\n<li><strong>P\u00e5f\u00f8ring af bel\u00e6gningen <\/strong>: Spred produktet ud med en rulle, en bred pensel eller en spatel, og s\u00f8rg for, at hele overfladen er j\u00e6vnt d\u00e6kket. P\u00e5f\u00f8r i lag p\u00e5 kryds og tv\u00e6rs for at maksimere vedh\u00e6ftningen og undg\u00e5 ubeskyttede omr\u00e5der.<\/li>\n<li><strong>T\u00f8rretid mellem lagene <\/strong>: Lad det t\u00f8rre i mindst 3 til 6 timer, f\u00f8r du p\u00e5f\u00f8rer endnu et lag. T\u00f8rretiden kan variere afh\u00e6ngigt af temperatur og luftfugtighed.<\/li>\n<li><strong>Efterbehandling og ekstra beskyttelse <\/strong>: Efter 24 til 48 timers fuldst\u00e6ndig t\u00f8rring kan den behandlede overflade d\u00e6kkes med en ekstra bel\u00e6gning, f.eks. en beskyttende bel\u00e6gning, dr\u00e6ning eller varmeisolering.<\/li>\n<li><strong>Reng\u00f8ring af v\u00e6rkt\u00f8j <\/strong>: Efter brug skal v\u00e6rkt\u00f8jet straks reng\u00f8res med et passende opl\u00f8sningsmiddel eller varmt s\u00e6bevand, f\u00f8r bel\u00e6gningen h\u00e6rder.<\/li>\n<\/ul>","protected":false},"excerpt":{"rendered":"<p>Optimal protection against humidity and water infiltration.\u00a0This bituminous coating is specially designed to ensure durable waterproofing of foundations and underground structures. It creates a waterproof barrier that prevents water from penetrating walls, thus reducing the risks of humidity, mold, and damage caused by infiltration. It also protects against runoff water and capillary rise, ensuring the [&hellip;]<\/p>\n","protected":false},"featured_media":164720,"comment_status":"open","ping_status":"closed","template":"","meta":{"_uag_custom_page_level_css":"","site-sidebar-layout":"default","site-content-layout":"","ast-site-content-layout":"default","site-content-style":"default","site-sidebar-style":"default","ast-global-header-display":"","ast-banner-title-visibility":"","ast-main-header-display":"","ast-hfb-above-header-display":"","ast-hfb-below-header-display":"","ast-hfb-mobile-header-display":"","site-post-title":"","ast-breadcrumbs-content":"","ast-featured-img":"","footer-sml-layout":"","ast-disable-related-posts":"","theme-transparent-header-meta":"default","adv-header-id-meta":"","stick-header-meta":"","header-above-stick-meta":"","header-main-stick-meta":"","header-below-stick-meta":"","astra-migrate-meta-layouts":"set","ast-page-background-enabled":"default","ast-page-background-meta":{"desktop":{"background-color":"var(--ast-global-color-4)","background-image":"","background-repeat":"repeat","background-position":"center center","background-size":"auto","background-attachment":"scroll","background-type":"","background-media":"","overlay-type":"","overlay-color":"","overlay-opacity":"","overlay-gradient":""},"tablet":{"background-color":"","background-image":"","background-repeat":"repeat","background-position":"center center","background-size":"auto","background-attachment":"scroll","background-type":"","background-media":"","overlay-type":"","overlay-color":"","overlay-opacity":"","overlay-gradient":""},"mobile":{"background-color":"","background-image":"","background-repeat":"repeat","background-position":"center center","background-size":"auto","background-attachment":"scroll","background-type":"","background-media":"","overlay-type":"","overlay-color":"","overlay-opacity":"","overlay-gradient":""}},"ast-content-background-meta":{"desktop":{"background-color":"var(--ast-global-color-5)","background-image":"","background-repeat":"repeat","background-position":"center center","background-size":"auto","background-attachment":"scroll","background-type":"","background-media":"","overlay-type":"","overlay-color":"","overlay-opacity":"","overlay-gradient":""},"tablet":{"background-color":"var(--ast-global-color-5)","background-image":"","background-repeat":"repeat","background-position":"center center","background-size":"auto","background-attachment":"scroll","background-type":"","background-media":"","overlay-type":"","overlay-color":"","overlay-opacity":"","overlay-gradient":""},"mobile":{"background-color":"var(--ast-global-color-5)","background-image":"","background-repeat":"repeat","background-position":"center center","background-size":"auto","background-attachment":"scroll","background-type":"","background-media":"","overlay-type":"","overlay-color":"","overlay-opacity":"","overlay-gradient":""}}},"product_brand":[],"product_cat":[192],"product_tag":[],"class_list":{"0":"post-23095","1":"product","2":"type-product","3":"status-publish","4":"has-post-thumbnail","6":"product_cat-waterproof-sealant","7":"desktop-align-left","8":"tablet-align-left","9":"mobile-align-left","11":"first","12":"instock","13":"sale","14":"taxable","15":"shipping-taxable","16":"purchasable","17":"product-type-variable","18":"has-default-attributes"},"spectra_custom_meta":{"_visibility":["visible"],"_shopify_product_id":["9061074927861"],"_s2w_shopify_domain":["ferberpainting.myshopify.com"],"_shopify_variant_id":["46484461158645"],"_sku":["FPBITUMINOUSFOUNDATIONSEALANT"],"_manage_stock":["no"],"total_sales":["8"],"_tax_status":["taxable"],"_tax_class":[""],"_backorders":["no"],"_sold_individually":["no"],"_virtual":["no"],"_downloadable":["no"],"_download_limit":["-1"],"_download_expiry":["-1"],"_stock":[null],"_stock_status":["instock"],"_wc_average_rating":["4.57"],"_wc_review_count":["7"],"_product_attributes":["a:1:{s:6:\"volume\";a:6:{s:4:\"name\";s:6:\"Volume\";s:5:\"value\";s:13:\"10 kg | 40 kg\";s:8:\"position\";i:1;s:10:\"is_visible\";i:0;s:12:\"is_variation\";i:1;s:11:\"is_taxonomy\";i:0;}}"],"_product_version":["10.5.2"],"_thumbnail_id":["164720"],"_product_image_gallery":["164721"],"wpse_downloadable_file_names":[""],"wpse_downloadable_file_urls":[""],"_edit_last":["1"],"_edit_lock":["1771952180:1"],"_default_attributes":["a:1:{s:6:\"volume\";s:5:\"10 kg\";}"],"merchant-center-availability":["yes"],"merchant-center-category":["2282"],"_wp_page_template":["default"],"site-sidebar-layout":["default"],"ast-site-content-layout":["default"],"site-content-style":["default"],"site-sidebar-style":["default"],"theme-transparent-header-meta":["default"],"_wc_rating_count":["a:2:{i:4;i:3;i:5;i:4;}"],"_price":["29.90","99.90"],"astra-migrate-meta-layouts":["set"],"_uag_css_file_name":["uag-css-23095.css"],"_elementor_page_assets":["a:0:{}"],"_uag_page_assets":["a:9:{s:3:\"css\";s:6873:\".wp-block-uagb-image{display:flex}.wp-block-uagb-image__figure{position:relative;display:flex;flex-direction:column;max-width:100%;height:auto;margin:0}.wp-block-uagb-image__figure img{height:auto;display:flex;max-width:100%;transition:box-shadow .2s ease}.wp-block-uagb-image__figure>a{display:inline-block}.wp-block-uagb-image__figure figcaption{text-align:center;margin-top:.5em;margin-bottom:1em}.wp-block-uagb-image .components-placeholder.block-editor-media-placeholder .components-placeholder__instructions{align-self:center}.wp-block-uagb-image--align-left{text-align:left}.wp-block-uagb-image--align-right{text-align:right}.wp-block-uagb-image--align-center{text-align:center}.wp-block-uagb-image--align-full .wp-block-uagb-image__figure{margin-left:calc(50% - 50vw);margin-right:calc(50% - 50vw);max-width:100vw;width:100vw;height:auto}.wp-block-uagb-image--align-full .wp-block-uagb-image__figure img{height:auto;width:100% !important}.wp-block-uagb-image--align-wide .wp-block-uagb-image__figure img{height:auto;width:100%}.wp-block-uagb-image--layout-overlay__color-wrapper{position:absolute;left:0;top:0;right:0;bottom:0;opacity:.2;background:rgba(0,0,0,.5);transition:opacity .35s ease-in-out}.wp-block-uagb-image--layout-overlay-link{position:absolute;left:0;right:0;bottom:0;top:0}.wp-block-uagb-image--layout-overlay .wp-block-uagb-image__figure:hover .wp-block-uagb-image--layout-overlay__color-wrapper{opacity:1}.wp-block-uagb-image--layout-overlay__inner{position:absolute;left:15px;right:15px;bottom:15px;top:15px;display:flex;align-items:center;justify-content:center;flex-direction:column;border-color:#fff;transition:.35s ease-in-out}.wp-block-uagb-image--layout-overlay__inner.top-left,.wp-block-uagb-image--layout-overlay__inner.top-center,.wp-block-uagb-image--layout-overlay__inner.top-right{justify-content:flex-start}.wp-block-uagb-image--layout-overlay__inner.bottom-left,.wp-block-uagb-image--layout-overlay__inner.bottom-center,.wp-block-uagb-image--layout-overlay__inner.bottom-right{justify-content:flex-end}.wp-block-uagb-image--layout-overlay__inner.top-left,.wp-block-uagb-image--layout-overlay__inner.center-left,.wp-block-uagb-image--layout-overlay__inner.bottom-left{align-items:flex-start}.wp-block-uagb-image--layout-overlay__inner.top-right,.wp-block-uagb-image--layout-overlay__inner.center-right,.wp-block-uagb-image--layout-overlay__inner.bottom-right{align-items:flex-end}.wp-block-uagb-image--layout-overlay__inner .uagb-image-heading{color:#fff;transition:transform .35s,opacity .35s ease-in-out;transform:translate3d(0, 24px, 0);margin:0;line-height:1em}.wp-block-uagb-image--layout-overlay__inner .uagb-image-separator{width:30%;border-top-width:2px;border-top-color:#fff;border-top-style:solid;margin-bottom:10px;opacity:0;transition:transform .4s,opacity .4s ease-in-out;transform:translate3d(0, 30px, 0)}.wp-block-uagb-image--layout-overlay__inner .uagb-image-caption{opacity:0;overflow:visible;color:#fff;transition:transform .45s,opacity .45s ease-in-out;transform:translate3d(0, 35px, 0)}.wp-block-uagb-image--layout-overlay__inner:hover .uagb-image-heading,.wp-block-uagb-image--layout-overlay__inner:hover .uagb-image-separator,.wp-block-uagb-image--layout-overlay__inner:hover .uagb-image-caption{opacity:1;transform:translate3d(0, 0, 0)}.wp-block-uagb-image--effect-zoomin .wp-block-uagb-image__figure img,.wp-block-uagb-image--effect-zoomin .wp-block-uagb-image__figure .wp-block-uagb-image--layout-overlay__color-wrapper{transform:scale(1);transition:transform .35s ease-in-out}.wp-block-uagb-image--effect-zoomin .wp-block-uagb-image__figure:hover img,.wp-block-uagb-image--effect-zoomin .wp-block-uagb-image__figure:hover .wp-block-uagb-image--layout-overlay__color-wrapper{transform:scale(1.05)}.wp-block-uagb-image--effect-slide .wp-block-uagb-image__figure img,.wp-block-uagb-image--effect-slide .wp-block-uagb-image__figure .wp-block-uagb-image--layout-overlay__color-wrapper{width:calc(100% + 40px) !important;max-width:none !important;transform:translate3d(-40px, 0, 0);transition:transform .35s ease-in-out}.wp-block-uagb-image--effect-slide .wp-block-uagb-image__figure:hover img,.wp-block-uagb-image--effect-slide .wp-block-uagb-image__figure:hover .wp-block-uagb-image--layout-overlay__color-wrapper{transform:translate3d(0, 0, 0)}.wp-block-uagb-image--effect-grayscale img{filter:grayscale(0%);transition:.35s ease-in-out}.wp-block-uagb-image--effect-grayscale:hover img{filter:grayscale(100%)}.wp-block-uagb-image--effect-blur img{filter:blur(0);transition:.35s ease-in-out}.wp-block-uagb-image--effect-blur:hover img{filter:blur(3px)}.uagb-block-e6f939b3.wp-block-uagb-image--layout-default figure img{box-shadow: 0px 0px 0 #00000070;}.uagb-block-e6f939b3.wp-block-uagb-image .wp-block-uagb-image__figure figcaption{font-style: normal;align-self: center;}.uagb-block-e6f939b3.wp-block-uagb-image--layout-overlay figure img{box-shadow: 0px 0px 0 #00000070;}.uagb-block-e6f939b3.wp-block-uagb-image--layout-overlay .wp-block-uagb-image--layout-overlay__color-wrapper{opacity: 0.2;}.uagb-block-e6f939b3.wp-block-uagb-image--layout-overlay .wp-block-uagb-image--layout-overlay__inner{left: 15px;right: 15px;top: 15px;bottom: 15px;}.uagb-block-e6f939b3.wp-block-uagb-image--layout-overlay .wp-block-uagb-image--layout-overlay__inner .uagb-image-heading{font-style: normal;color: #fff;opacity: 1;}.uagb-block-e6f939b3.wp-block-uagb-image--layout-overlay .wp-block-uagb-image--layout-overlay__inner .uagb-image-heading a{color: #fff;}.uagb-block-e6f939b3.wp-block-uagb-image--layout-overlay .wp-block-uagb-image--layout-overlay__inner .uagb-image-caption{opacity: 0;}.uagb-block-e6f939b3.wp-block-uagb-image--layout-overlay .wp-block-uagb-image__figure:hover .wp-block-uagb-image--layout-overlay__color-wrapper{opacity: 1;}.uagb-block-e6f939b3.wp-block-uagb-image .wp-block-uagb-image--layout-overlay__inner .uagb-image-separator{width: 30%;border-top-width: 2px;border-top-color: #fff;opacity: 0;}.uagb-block-e6f939b3.wp-block-uagb-image .wp-block-uagb-image__figure img{width: px;height: auto;}.uagb-block-e6f939b3.wp-block-uagb-image .wp-block-uagb-image__figure:hover .wp-block-uagb-image--layout-overlay__inner .uagb-image-caption{opacity: 1;}.uagb-block-e6f939b3.wp-block-uagb-image .wp-block-uagb-image__figure:hover .wp-block-uagb-image--layout-overlay__inner .uagb-image-separator{opacity: 1;}.uagb-block-e6f939b3.wp-block-uagb-image--layout-default figure:hover img{box-shadow: 0px 0px 0 #00000070;}.uagb-block-e6f939b3.wp-block-uagb-image--layout-overlay figure:hover img{box-shadow: 0px 0px 0 #00000070;}@media only screen and (max-width: 976px) {.uagb-block-e6f939b3.wp-block-uagb-image .wp-block-uagb-image__figure img{width: px;height: auto;}}@media only screen and (max-width: 767px) {.uagb-block-e6f939b3.wp-block-uagb-image .wp-block-uagb-image__figure img{width: px;height: auto;}}\";s:2:\"js\";s:0:\"\";s:18:\"current_block_list\";a:13:{i:0;s:11:\"core\/search\";i:1;s:10:\"core\/group\";i:2;s:12:\"core\/heading\";i:3;s:17:\"core\/latest-posts\";i:4;s:20:\"core\/latest-comments\";i:5;s:13:\"core\/archives\";i:6;s:15:\"core\/categories\";i:7;s:14:\"core\/paragraph\";i:8;s:10:\"uagb\/image\";i:9;s:11:\"core\/spacer\";i:10;s:30:\"woocommerce\/product-categories\";i:11;s:10:\"core\/image\";i:12;s:14:\"core\/shortcode\";}s:8:\"uag_flag\";b:1;s:11:\"uag_version\";s:10:\"1777376222\";s:6:\"gfonts\";a:0:{}s:10:\"gfonts_url\";s:0:\"\";s:12:\"gfonts_files\";a:0:{}s:14:\"uag_faq_layout\";b:0;}"]},"uagb_featured_image_src":{"full":["https:\/\/www.ferberpainting.com\/wp-content\/uploads\/2025\/05\/Bituminous-Foundation-Sealant-10-KG-mockups.png",2560,2560,false],"thumbnail":["https:\/\/www.ferberpainting.com\/wp-content\/uploads\/2025\/05\/Bituminous-Foundation-Sealant-10-KG-mockups-150x150.png",150,150,true],"medium":["https:\/\/www.ferberpainting.com\/wp-content\/uploads\/2025\/05\/Bituminous-Foundation-Sealant-10-KG-mockups-300x300.png",300,300,true],"medium_large":["https:\/\/www.ferberpainting.com\/wp-content\/uploads\/2025\/05\/Bituminous-Foundation-Sealant-10-KG-mockups-768x768.png",768,768,true],"large":["https:\/\/www.ferberpainting.com\/wp-content\/uploads\/2025\/05\/Bituminous-Foundation-Sealant-10-KG-mockups-1024x1024.png",1024,1024,true],"1536x1536":["https:\/\/www.ferberpainting.com\/wp-content\/uploads\/2025\/05\/Bituminous-Foundation-Sealant-10-KG-mockups-1536x1536.png",1536,1536,true],"2048x2048":["https:\/\/www.ferberpainting.com\/wp-content\/uploads\/2025\/05\/Bituminous-Foundation-Sealant-10-KG-mockups-2048x2048.png",2048,2048,true],"trp-custom-language-flag":["https:\/\/www.ferberpainting.com\/wp-content\/uploads\/2025\/05\/Bituminous-Foundation-Sealant-10-KG-mockups-12x12.png",12,12,true],"woocommerce_thumbnail":["https:\/\/www.ferberpainting.com\/wp-content\/uploads\/2025\/05\/Bituminous-Foundation-Sealant-10-KG-mockups-300x300.png",300,300,true],"woocommerce_single":["https:\/\/www.ferberpainting.com\/wp-content\/uploads\/2025\/05\/Bituminous-Foundation-Sealant-10-KG-mockups-600x600.png",600,600,true],"woocommerce_gallery_thumbnail":["https:\/\/www.ferberpainting.com\/wp-content\/uploads\/2025\/05\/Bituminous-Foundation-Sealant-10-KG-mockups-100x100.png",100,100,true]},"uagb_author_info":{"display_name":"admin","author_link":"https:\/\/www.ferberpainting.com\/dk\/author\/"},"uagb_comment_info":7,"uagb_excerpt":"Optimal protection against humidity and water infiltration.\u00a0This bituminous coating is specially designed to ensure durable waterproofing of foundations and underground structures. It creates a waterproof barrier that prevents water from penetrating walls, thus reducing the risks of humidity, mold, and damage caused by infiltration. It also protects against runoff water and capillary rise, ensuring the&hellip;","_links":{"self":[{"href":"https:\/\/www.ferberpainting.com\/dk\/wp-json\/wp\/v2\/product\/23095","targetHints":{"allow":["GET"]}}],"collection":[{"href":"https:\/\/www.ferberpainting.com\/dk\/wp-json\/wp\/v2\/product"}],"about":[{"href":"https:\/\/www.ferberpainting.com\/dk\/wp-json\/wp\/v2\/types\/product"}],"replies":[{"embeddable":true,"href":"https:\/\/www.ferberpainting.com\/dk\/wp-json\/wp\/v2\/comments?post=23095"}],"version-history":[{"count":6,"href":"https:\/\/www.ferberpainting.com\/dk\/wp-json\/wp\/v2\/product\/23095\/revisions"}],"predecessor-version":[{"id":166040,"href":"https:\/\/www.ferberpainting.com\/dk\/wp-json\/wp\/v2\/product\/23095\/revisions\/166040"}],"wp:featuredmedia":[{"embeddable":true,"href":"https:\/\/www.ferberpainting.com\/dk\/wp-json\/wp\/v2\/media\/164720"}],"wp:attachment":[{"href":"https:\/\/www.ferberpainting.com\/dk\/wp-json\/wp\/v2\/media?parent=23095"}],"wp:term":[{"taxonomy":"product_brand","embeddable":true,"href":"https:\/\/www.ferberpainting.com\/dk\/wp-json\/wp\/v2\/product_brand?post=23095"},{"taxonomy":"product_cat","embeddable":true,"href":"https:\/\/www.ferberpainting.com\/dk\/wp-json\/wp\/v2\/product_cat?post=23095"},{"taxonomy":"product_tag","embeddable":true,"href":"https:\/\/www.ferberpainting.com\/dk\/wp-json\/wp\/v2\/product_tag?post=23095"}],"curies":[{"name":"wp","href":"https:\/\/api.w.org\/{rel}","templated":true}]}}