{"id":23033,"date":"2025-05-26T10:22:18","date_gmt":"2025-05-26T08:22:18","guid":{"rendered":"https:\/\/www.ferberpainting.com\/products\/5-in-1-leather-restorer\/"},"modified":"2026-02-24T18:38:30","modified_gmt":"2026-02-24T17:38:30","slug":"5-in-1-leather-restorer","status":"publish","type":"product","link":"https:\/\/www.ferberpainting.com\/dk\/products\/5-in-1-leather-restorer\/","title":{"rendered":"L\u00e6derrenovering"},"content":{"rendered":"<p><img decoding=\"async\" style=\"margin-right: 12px;\" src=\"https:\/\/www.ferberpainting.com\/wp-content\/uploads\/2026\/02\/Check.svg\" alt=\"\" width=\"18\" height=\"15\" \/><strong>Gendan falmet og slidt l\u00e6der til dets oprindelige rigdom og elegance.<\/strong> Vores l\u00e6derrestaurering er specielt formuleret til at genoplive tr\u00e6tte, misfarvede og \u00e6ldede l\u00e6deroverflader og give dem deres naturlige dybde, smidighed og raffinerede udseende tilbage. Med tiden kan l\u00e6der miste sin farveintensitet og glatte tekstur p\u00e5 grund af friktion, sollys, t\u00f8rhed og daglig brug. Denne avancerede formel tr\u00e6nger dybt ind i materialet for at forynge dets udseende og samtidig bevare dets autentiske karakter, s\u00e5 gammelt l\u00e6der ser revitaliseret og velholdt ud igen.<\/p>\n<p><strong><img decoding=\"async\" style=\"margin-right: 12px;\" src=\"https:\/\/www.ferberpainting.com\/wp-content\/uploads\/2026\/02\/Check.svg\" alt=\"\" width=\"18\" height=\"15\" \/>Den mest effektive l\u00f8sning til l\u00e6derrestaurering p\u00e5 markedet.<\/strong> I mods\u00e6tning til almindelige balsamprodukter eller overfladiske polermidler arbejder vores l\u00e6derrestaurator p\u00e5 et dybere niveau for at genoprette farveensartethed, reducere forekomsten af ridser og forbedre den overordnede tekstur. Den h\u00f8jtydende sammens\u00e6tning sikrer synlige resultater fra f\u00f8rste p\u00e5f\u00f8ring og giver en professionel finish, der skiller sig ud med hensyn til holdbarhed og effektivitet.<\/p>\n<p><strong><img decoding=\"async\" style=\"margin-right: 12px;\" src=\"https:\/\/www.ferberpainting.com\/wp-content\/uploads\/2026\/02\/Check.svg\" alt=\"\" width=\"18\" height=\"15\" \/>Penge-tilbage-garanti for total ro i sindet.<\/strong> Vi st\u00e5r fuldt ud inde for kvaliteten af vores l\u00e6derrestaurering. Hvis du ikke er fuldt ud tilfreds med resultatet, tilbyder vi fuld refusion. Denne pengene-tilbage-garanti sikrer, at dit k\u00f8b er helt risikofrit, og viser vores engagement i at levere exceptionel ydeevne og kundetilfredshed.<\/p>\n<p><strong><img decoding=\"async\" style=\"margin-right: 12px;\" src=\"https:\/\/www.ferberpainting.com\/wp-content\/uploads\/2026\/02\/Check.svg\" alt=\"\" width=\"18\" height=\"15\" \/>Den billigste professionelle l\u00e6derrestaurering p\u00e5 markedet.<\/strong> H\u00f8j kvalitet beh\u00f8ver ikke at have en h\u00f8j pris. Vores l\u00e6derrestaureringsmiddel kombinerer professionel ydeevne med markedets mest konkurrencedygtige priser. Sammenlignet med dyre restaureringstjenester eller premium-m\u00e6rkede alternativer giver vores produkt enest\u00e5ende v\u00e6rdi, samtidig med at det leverer tilsvarende eller bedre resultater.<\/p>\n<p><strong><img decoding=\"async\" style=\"margin-right: 12px;\" src=\"https:\/\/www.ferberpainting.com\/wp-content\/uploads\/2026\/02\/Check.svg\" alt=\"\" width=\"18\" height=\"15\" \/>24-timers levering til \u00f8jeblikkelige restaureringsbehov.<\/strong> N\u00e5r dine l\u00e6derm\u00f8bler, bils\u00e6der eller tilbeh\u00f8r har brug for opm\u00e6rksomhed, skal du ikke vente. Derfor tilbyder vi konsekvent 24-timers levering. Din ordre behandles hurtigt og afsendes uden forsinkelse, s\u00e5 du kan genoprette og beskytte dine l\u00e6deroverflader s\u00e5 hurtigt som muligt.<\/p>\n<p><strong><img decoding=\"async\" style=\"margin-right: 12px;\" src=\"https:\/\/www.ferberpainting.com\/wp-content\/uploads\/2026\/02\/Check.svg\" alt=\"\" width=\"18\" height=\"15\" \/>Fremragende d\u00e6kning p\u00e5 op til 20 m\u00b2 pr. liter.<\/strong> Med en d\u00e6kningsgrad p\u00e5 op til 20 kvadratmeter pr. liter giver vores l\u00e6derrestaureringsmiddel enest\u00e5ende effektivitet og v\u00e6rdi. Denne gener\u00f8se d\u00e6kning g\u00f8r den velegnet til behandling af flere emner s\u00e5som sofaer, l\u00e6nestole, bilinteri\u00f8r, jakker eller tasker, samtidig med at produktspild minimeres og ydeevnen maksimeres.<\/p>\n<p><strong><img decoding=\"async\" style=\"margin-right: 12px;\" src=\"https:\/\/www.ferberpainting.com\/wp-content\/uploads\/2026\/02\/Check.svg\" alt=\"\" width=\"18\" height=\"15\" \/>Plejer og beskytter l\u00e6derfibrene.<\/strong> Ud over at genoprette udseendet hj\u00e6lper formlen med at give n\u00e6ring til l\u00e6derfibrene og forhindrer t\u00f8rhed og revner. Den skaber en beskyttende barriere, der reducerer virkningerne af friktion, mindre slid og milj\u00f8m\u00e6ssig stress. Denne dobbelte virkning af restaurering og beskyttelse forl\u00e6nger levetiden for dine l\u00e6deroverflader betydeligt.<\/p>\n<p><strong><img decoding=\"async\" style=\"margin-right: 12px;\" src=\"https:\/\/www.ferberpainting.com\/wp-content\/uploads\/2026\/02\/Check.svg\" alt=\"\" width=\"18\" height=\"15\" \/>Fremh\u00e6ver den naturlige tekstur uden kunstig glans.<\/strong> Vores l\u00e6derrestaurering respekterer l\u00e6derets autentiske udseende og f\u00f8lelse. Den fremh\u00e6ver materialets naturlige \u00e5retegning og farvedybde uden at efterlade en alt for blank eller kl\u00e6brig finish. Resultatet er en glat, smidig overflade, der ser naturlig, raffineret og professionelt vedligeholdt ud.<\/p>\n<p><strong><img decoding=\"async\" style=\"margin-right: 12px;\" src=\"https:\/\/www.ferberpainting.com\/wp-content\/uploads\/2026\/02\/Check.svg\" alt=\"\" width=\"18\" height=\"15\" \/>Alsidig brug p\u00e5 flere l\u00e6deroverflader.<\/strong> Dette produkt er velegnet til sofaer, l\u00e6nestole, bils\u00e6der, h\u00e5ndtasker, jakker, b\u00e6lter og andre glatte l\u00e6dervarer. Det tilpasser sig nemt til b\u00e5de bolig- og bilmilj\u00f8er, hvilket g\u00f8r det til en omfattende l\u00f8sning til vedligeholdelse og restaurering af l\u00e6dervarer af enhver art.<\/p>\n<p><strong><img decoding=\"async\" style=\"margin-right: 12px;\" src=\"https:\/\/www.ferberpainting.com\/wp-content\/uploads\/2026\/02\/Check.svg\" alt=\"\" width=\"18\" height=\"15\" \/>Nem og sikker anvendelse for professionelle og private.<\/strong> Vores l\u00e6derrestaurator er designet til enkel brug og kr\u00e6ver ikke specialudstyr. Uanset om du er professionel eller husejer, kan du opn\u00e5 ensartede resultater af h\u00f8j kvalitet med enkle v\u00e6rkt\u00f8jer og en minimal indsats. Klare retningslinjer for p\u00e5f\u00f8ring sikrer ensartet restaurering hver gang.<\/p>\n<h2><strong>Instruktioner<\/strong><\/h2>\n<ul>\n<li>S\u00f8rg for, at l\u00e6deroverfladen er ren og t\u00f8r f\u00f8r p\u00e5f\u00f8ring. Fjern st\u00f8v og snavs med en bl\u00f8d klud og om n\u00f8dvendigt et egnet l\u00e6derreng\u00f8ringsmiddel. Lad overfladen t\u00f8rre helt.<\/li>\n<li>Ryst beholderen godt f\u00f8r brug for at sikre en j\u00e6vn fordeling af de aktive ingredienser.<\/li>\n<li>P\u00e5f\u00f8r en lille m\u00e6ngde l\u00e6derrestaureringsmiddel p\u00e5 en ren, bl\u00f8d klud eller svamp i stedet for direkte p\u00e5 l\u00e6deret.<\/li>\n<li>Fordel j\u00e6vnt over overfladen med blide cirkul\u00e6re bev\u00e6gelser, og s\u00f8rg for et tyndt og ensartet lag. Undg\u00e5 overdreven p\u00e5f\u00f8ring.<\/li>\n<li>Overhold en d\u00e6kningsgrad p\u00e5 ca. 20 m\u00b2 pr. liter. Den anbefalede gennemsnitlige dosering er omkring 50 ml pr. kvadratmeter, afh\u00e6ngigt af l\u00e6derets absorptionsevne og tilstand.<\/li>\n<li>Lad produktet tr\u00e6nge ind i l\u00e6deret i flere minutter, s\u00e5 de plejende komponenter kan virke effektivt.<\/li>\n<li>Pol\u00e9r let med en ren, t\u00f8r mikrofiberklud for at opn\u00e5 en j\u00e6vn finish og genskabe den naturlige bl\u00f8dhed.<\/li>\n<li>P\u00e5 st\u00e6rkt falmede eller slidte omr\u00e5der p\u00e5f\u00f8res endnu et tyndt lag, n\u00e5r det f\u00f8rste lag er helt t\u00f8rt.<\/li>\n<li>Lad den behandlede overflade hvile i flere timer f\u00f8r intensiv brug for at sikre optimal absorption og holdbarhed.<\/li>\n<li>For l\u00f8bende vedligeholdelse skal du reng\u00f8re l\u00e6deret regelm\u00e6ssigt med passende produkter og genanvende restaureringsmidlet med j\u00e6vne mellemrum for at bevare farvedybden og fleksibiliteten.<\/li>\n<li>Opbevar produktet p\u00e5 et k\u00f8ligt, t\u00f8rt sted v\u00e6k fra direkte sollys, og s\u00f8rg for, at beholderen er t\u00e6t lukket efter hver brug.<\/li>\n<\/ul>\n<p>&nbsp;<\/p>\n<p>&nbsp;<\/p>","protected":false},"excerpt":{"rendered":"<p>Restore faded and worn leather to its original richness and elegance. Our leather restorer is specially formulated to revive tired, discolored, and aged leather surfaces, bringing back their natural depth, suppleness, and refined appearance. Over time, leather can lose its color intensity and smooth texture due to friction, sunlight, dryness, and daily use. This advanced [&hellip;]<\/p>\n","protected":false},"featured_media":23109,"comment_status":"open","ping_status":"closed","template":"","meta":{"_uag_custom_page_level_css":"","site-sidebar-layout":"default","site-content-layout":"","ast-site-content-layout":"default","site-content-style":"default","site-sidebar-style":"default","ast-global-header-display":"","ast-banner-title-visibility":"","ast-main-header-display":"","ast-hfb-above-header-display":"","ast-hfb-below-header-display":"","ast-hfb-mobile-header-display":"","site-post-title":"","ast-breadcrumbs-content":"","ast-featured-img":"","footer-sml-layout":"","ast-disable-related-posts":"","theme-transparent-header-meta":"default","adv-header-id-meta":"","stick-header-meta":"","header-above-stick-meta":"","header-main-stick-meta":"","header-below-stick-meta":"","astra-migrate-meta-layouts":"set","ast-page-background-enabled":"default","ast-page-background-meta":{"desktop":{"background-color":"var(--ast-global-color-4)","background-image":"","background-repeat":"repeat","background-position":"center center","background-size":"auto","background-attachment":"scroll","background-type":"","background-media":"","overlay-type":"","overlay-color":"","overlay-opacity":"","overlay-gradient":""},"tablet":{"background-color":"","background-image":"","background-repeat":"repeat","background-position":"center center","background-size":"auto","background-attachment":"scroll","background-type":"","background-media":"","overlay-type":"","overlay-color":"","overlay-opacity":"","overlay-gradient":""},"mobile":{"background-color":"","background-image":"","background-repeat":"repeat","background-position":"center center","background-size":"auto","background-attachment":"scroll","background-type":"","background-media":"","overlay-type":"","overlay-color":"","overlay-opacity":"","overlay-gradient":""}},"ast-content-background-meta":{"desktop":{"background-color":"var(--ast-global-color-5)","background-image":"","background-repeat":"repeat","background-position":"center center","background-size":"auto","background-attachment":"scroll","background-type":"","background-media":"","overlay-type":"","overlay-color":"","overlay-opacity":"","overlay-gradient":""},"tablet":{"background-color":"var(--ast-global-color-5)","background-image":"","background-repeat":"repeat","background-position":"center center","background-size":"auto","background-attachment":"scroll","background-type":"","background-media":"","overlay-type":"","overlay-color":"","overlay-opacity":"","overlay-gradient":""},"mobile":{"background-color":"var(--ast-global-color-5)","background-image":"","background-repeat":"repeat","background-position":"center center","background-size":"auto","background-attachment":"scroll","background-type":"","background-media":"","overlay-type":"","overlay-color":"","overlay-opacity":"","overlay-gradient":""}}},"product_brand":[],"product_cat":[175],"product_tag":[],"class_list":{"0":"post-23033","1":"product","2":"type-product","3":"status-publish","4":"has-post-thumbnail","6":"product_cat-cleaning-products","7":"desktop-align-left","8":"tablet-align-left","9":"mobile-align-left","11":"first","12":"instock","13":"sale","14":"taxable","15":"shipping-taxable","16":"purchasable","17":"product-type-variable","18":"has-default-attributes"},"spectra_custom_meta":{"_visibility":["visible"],"_shopify_product_id":["7955505414389"],"_s2w_shopify_domain":["ferberpainting.myshopify.com"],"_shopify_variant_id":["43515589787893"],"_manage_stock":["no"],"total_sales":["59"],"_tax_status":["taxable"],"_tax_class":[""],"_backorders":["no"],"_sold_individually":["no"],"_virtual":["no"],"_downloadable":["no"],"_download_limit":["-1"],"_download_expiry":["-1"],"_stock":[null],"_stock_status":["instock"],"_wc_average_rating":["4.93"],"_wc_review_count":["54"],"_product_attributes":["a:1:{s:6:\"volume\";a:6:{s:4:\"name\";s:6:\"Volume\";s:5:\"value\";s:30:\"1 liter | 5 liters | 25 liters\";s:8:\"position\";i:1;s:10:\"is_visible\";i:0;s:12:\"is_variation\";i:1;s:11:\"is_taxonomy\";i:0;}}"],"_product_version":["10.5.2"],"_thumbnail_id":["23109"],"_product_image_gallery":["23146,23190"],"_edit_lock":["1771954795:1"],"_default_attributes":["a:1:{s:6:\"volume\";s:7:\"1 liter\";}"],"merchant-center-availability":["yes"],"merchant-center-category":["8043"],"merchant-center-id":["5I1LR"],"_edit_last":["1"],"_wp_page_template":["default"],"site-sidebar-layout":["default"],"ast-site-content-layout":["default"],"site-content-style":["default"],"site-sidebar-style":["default"],"theme-transparent-header-meta":["default"],"_price":["29.90","49.90","129.90"],"_wc_rating_count":["a:2:{i:4;i:4;i:5;i:50;}"],"astra-migrate-meta-layouts":["set"],"_sku":["FP51LEATHERRESTORER"],"_uag_css_file_name":["uag-css-23033.css"],"_elementor_page_assets":["a:0:{}"],"_uag_page_assets":["a:9:{s:3:\"css\";s:7133:\".uag-blocks-common-selector{z-index:var(--z-index-desktop) !important}@media(max-width: 976px){.uag-blocks-common-selector{z-index:var(--z-index-tablet) !important}}@media(max-width: 767px){.uag-blocks-common-selector{z-index:var(--z-index-mobile) !important}}.wp-block-uagb-image{display:flex}.wp-block-uagb-image__figure{position:relative;display:flex;flex-direction:column;max-width:100%;height:auto;margin:0}.wp-block-uagb-image__figure img{height:auto;display:flex;max-width:100%;transition:box-shadow .2s ease}.wp-block-uagb-image__figure>a{display:inline-block}.wp-block-uagb-image__figure figcaption{text-align:center;margin-top:.5em;margin-bottom:1em}.wp-block-uagb-image .components-placeholder.block-editor-media-placeholder .components-placeholder__instructions{align-self:center}.wp-block-uagb-image--align-left{text-align:left}.wp-block-uagb-image--align-right{text-align:right}.wp-block-uagb-image--align-center{text-align:center}.wp-block-uagb-image--align-full .wp-block-uagb-image__figure{margin-left:calc(50% - 50vw);margin-right:calc(50% - 50vw);max-width:100vw;width:100vw;height:auto}.wp-block-uagb-image--align-full .wp-block-uagb-image__figure img{height:auto;width:100% !important}.wp-block-uagb-image--align-wide .wp-block-uagb-image__figure img{height:auto;width:100%}.wp-block-uagb-image--layout-overlay__color-wrapper{position:absolute;left:0;top:0;right:0;bottom:0;opacity:.2;background:rgba(0,0,0,.5);transition:opacity .35s ease-in-out}.wp-block-uagb-image--layout-overlay-link{position:absolute;left:0;right:0;bottom:0;top:0}.wp-block-uagb-image--layout-overlay .wp-block-uagb-image__figure:hover .wp-block-uagb-image--layout-overlay__color-wrapper{opacity:1}.wp-block-uagb-image--layout-overlay__inner{position:absolute;left:15px;right:15px;bottom:15px;top:15px;display:flex;align-items:center;justify-content:center;flex-direction:column;border-color:#fff;transition:.35s ease-in-out}.wp-block-uagb-image--layout-overlay__inner.top-left,.wp-block-uagb-image--layout-overlay__inner.top-center,.wp-block-uagb-image--layout-overlay__inner.top-right{justify-content:flex-start}.wp-block-uagb-image--layout-overlay__inner.bottom-left,.wp-block-uagb-image--layout-overlay__inner.bottom-center,.wp-block-uagb-image--layout-overlay__inner.bottom-right{justify-content:flex-end}.wp-block-uagb-image--layout-overlay__inner.top-left,.wp-block-uagb-image--layout-overlay__inner.center-left,.wp-block-uagb-image--layout-overlay__inner.bottom-left{align-items:flex-start}.wp-block-uagb-image--layout-overlay__inner.top-right,.wp-block-uagb-image--layout-overlay__inner.center-right,.wp-block-uagb-image--layout-overlay__inner.bottom-right{align-items:flex-end}.wp-block-uagb-image--layout-overlay__inner .uagb-image-heading{color:#fff;transition:transform .35s,opacity .35s ease-in-out;transform:translate3d(0, 24px, 0);margin:0;line-height:1em}.wp-block-uagb-image--layout-overlay__inner .uagb-image-separator{width:30%;border-top-width:2px;border-top-color:#fff;border-top-style:solid;margin-bottom:10px;opacity:0;transition:transform .4s,opacity .4s ease-in-out;transform:translate3d(0, 30px, 0)}.wp-block-uagb-image--layout-overlay__inner .uagb-image-caption{opacity:0;overflow:visible;color:#fff;transition:transform .45s,opacity .45s ease-in-out;transform:translate3d(0, 35px, 0)}.wp-block-uagb-image--layout-overlay__inner:hover .uagb-image-heading,.wp-block-uagb-image--layout-overlay__inner:hover .uagb-image-separator,.wp-block-uagb-image--layout-overlay__inner:hover .uagb-image-caption{opacity:1;transform:translate3d(0, 0, 0)}.wp-block-uagb-image--effect-zoomin .wp-block-uagb-image__figure img,.wp-block-uagb-image--effect-zoomin .wp-block-uagb-image__figure .wp-block-uagb-image--layout-overlay__color-wrapper{transform:scale(1);transition:transform .35s ease-in-out}.wp-block-uagb-image--effect-zoomin .wp-block-uagb-image__figure:hover img,.wp-block-uagb-image--effect-zoomin .wp-block-uagb-image__figure:hover .wp-block-uagb-image--layout-overlay__color-wrapper{transform:scale(1.05)}.wp-block-uagb-image--effect-slide .wp-block-uagb-image__figure img,.wp-block-uagb-image--effect-slide .wp-block-uagb-image__figure .wp-block-uagb-image--layout-overlay__color-wrapper{width:calc(100% + 40px) !important;max-width:none !important;transform:translate3d(-40px, 0, 0);transition:transform .35s ease-in-out}.wp-block-uagb-image--effect-slide .wp-block-uagb-image__figure:hover img,.wp-block-uagb-image--effect-slide .wp-block-uagb-image__figure:hover .wp-block-uagb-image--layout-overlay__color-wrapper{transform:translate3d(0, 0, 0)}.wp-block-uagb-image--effect-grayscale img{filter:grayscale(0%);transition:.35s ease-in-out}.wp-block-uagb-image--effect-grayscale:hover img{filter:grayscale(100%)}.wp-block-uagb-image--effect-blur img{filter:blur(0);transition:.35s ease-in-out}.wp-block-uagb-image--effect-blur:hover img{filter:blur(3px)}.uagb-block-e6f939b3.wp-block-uagb-image--layout-default figure img{box-shadow: 0px 0px 0 #00000070;}.uagb-block-e6f939b3.wp-block-uagb-image .wp-block-uagb-image__figure figcaption{font-style: normal;align-self: center;}.uagb-block-e6f939b3.wp-block-uagb-image--layout-overlay figure img{box-shadow: 0px 0px 0 #00000070;}.uagb-block-e6f939b3.wp-block-uagb-image--layout-overlay .wp-block-uagb-image--layout-overlay__color-wrapper{opacity: 0.2;}.uagb-block-e6f939b3.wp-block-uagb-image--layout-overlay .wp-block-uagb-image--layout-overlay__inner{left: 15px;right: 15px;top: 15px;bottom: 15px;}.uagb-block-e6f939b3.wp-block-uagb-image--layout-overlay .wp-block-uagb-image--layout-overlay__inner .uagb-image-heading{font-style: normal;color: #fff;opacity: 1;}.uagb-block-e6f939b3.wp-block-uagb-image--layout-overlay .wp-block-uagb-image--layout-overlay__inner .uagb-image-heading a{color: #fff;}.uagb-block-e6f939b3.wp-block-uagb-image--layout-overlay .wp-block-uagb-image--layout-overlay__inner .uagb-image-caption{opacity: 0;}.uagb-block-e6f939b3.wp-block-uagb-image--layout-overlay .wp-block-uagb-image__figure:hover .wp-block-uagb-image--layout-overlay__color-wrapper{opacity: 1;}.uagb-block-e6f939b3.wp-block-uagb-image .wp-block-uagb-image--layout-overlay__inner .uagb-image-separator{width: 30%;border-top-width: 2px;border-top-color: #fff;opacity: 0;}.uagb-block-e6f939b3.wp-block-uagb-image .wp-block-uagb-image__figure img{width: px;height: auto;}.uagb-block-e6f939b3.wp-block-uagb-image .wp-block-uagb-image__figure:hover .wp-block-uagb-image--layout-overlay__inner .uagb-image-caption{opacity: 1;}.uagb-block-e6f939b3.wp-block-uagb-image .wp-block-uagb-image__figure:hover .wp-block-uagb-image--layout-overlay__inner .uagb-image-separator{opacity: 1;}.uagb-block-e6f939b3.wp-block-uagb-image--layout-default figure:hover img{box-shadow: 0px 0px 0 #00000070;}.uagb-block-e6f939b3.wp-block-uagb-image--layout-overlay figure:hover img{box-shadow: 0px 0px 0 #00000070;}@media only screen and (max-width: 976px) {.uagb-block-e6f939b3.wp-block-uagb-image .wp-block-uagb-image__figure img{width: px;height: auto;}}@media only screen and (max-width: 767px) {.uagb-block-e6f939b3.wp-block-uagb-image .wp-block-uagb-image__figure img{width: px;height: auto;}}\";s:2:\"js\";s:0:\"\";s:18:\"current_block_list\";a:13:{i:0;s:11:\"core\/search\";i:1;s:10:\"core\/group\";i:2;s:12:\"core\/heading\";i:3;s:17:\"core\/latest-posts\";i:4;s:20:\"core\/latest-comments\";i:5;s:13:\"core\/archives\";i:6;s:15:\"core\/categories\";i:7;s:14:\"core\/paragraph\";i:8;s:10:\"uagb\/image\";i:9;s:11:\"core\/spacer\";i:10;s:30:\"woocommerce\/product-categories\";i:11;s:10:\"core\/image\";i:12;s:14:\"core\/shortcode\";}s:8:\"uag_flag\";b:1;s:11:\"uag_version\";s:10:\"1777229353\";s:6:\"gfonts\";a:0:{}s:10:\"gfonts_url\";s:0:\"\";s:12:\"gfonts_files\";a:0:{}s:14:\"uag_faq_layout\";b:0;}"]},"uagb_featured_image_src":{"full":["https:\/\/www.ferberpainting.com\/wp-content\/uploads\/2025\/05\/5_IN_1_LEATHER_RESTORER_1L.png",2560,2560,false],"thumbnail":["https:\/\/www.ferberpainting.com\/wp-content\/uploads\/2025\/05\/5_IN_1_LEATHER_RESTORER_1L-150x150.png",150,150,true],"medium":["https:\/\/www.ferberpainting.com\/wp-content\/uploads\/2025\/05\/5_IN_1_LEATHER_RESTORER_1L-300x300.png",300,300,true],"medium_large":["https:\/\/www.ferberpainting.com\/wp-content\/uploads\/2025\/05\/5_IN_1_LEATHER_RESTORER_1L-768x768.png",768,768,true],"large":["https:\/\/www.ferberpainting.com\/wp-content\/uploads\/2025\/05\/5_IN_1_LEATHER_RESTORER_1L-1024x1024.png",1024,1024,true],"1536x1536":["https:\/\/www.ferberpainting.com\/wp-content\/uploads\/2025\/05\/5_IN_1_LEATHER_RESTORER_1L-1536x1536.png",1536,1536,true],"2048x2048":["https:\/\/www.ferberpainting.com\/wp-content\/uploads\/2025\/05\/5_IN_1_LEATHER_RESTORER_1L-2048x2048.png",2048,2048,true],"trp-custom-language-flag":["https:\/\/www.ferberpainting.com\/wp-content\/uploads\/2025\/05\/5_IN_1_LEATHER_RESTORER_1L-12x12.png",12,12,true],"woocommerce_thumbnail":["https:\/\/www.ferberpainting.com\/wp-content\/uploads\/2025\/05\/5_IN_1_LEATHER_RESTORER_1L-300x300.png",300,300,true],"woocommerce_single":["https:\/\/www.ferberpainting.com\/wp-content\/uploads\/2025\/05\/5_IN_1_LEATHER_RESTORER_1L-600x600.png",600,600,true],"woocommerce_gallery_thumbnail":["https:\/\/www.ferberpainting.com\/wp-content\/uploads\/2025\/05\/5_IN_1_LEATHER_RESTORER_1L-100x100.png",100,100,true]},"uagb_author_info":{"display_name":"admin","author_link":"https:\/\/www.ferberpainting.com\/dk\/author\/"},"uagb_comment_info":54,"uagb_excerpt":"Restore faded and worn leather to its original richness and elegance. Our leather restorer is specially formulated to revive tired, discolored, and aged leather surfaces, bringing back their natural depth, suppleness, and refined appearance. Over time, leather can lose its color intensity and smooth texture due to friction, sunlight, dryness, and daily use. This advanced&hellip;","_links":{"self":[{"href":"https:\/\/www.ferberpainting.com\/dk\/wp-json\/wp\/v2\/product\/23033","targetHints":{"allow":["GET"]}}],"collection":[{"href":"https:\/\/www.ferberpainting.com\/dk\/wp-json\/wp\/v2\/product"}],"about":[{"href":"https:\/\/www.ferberpainting.com\/dk\/wp-json\/wp\/v2\/types\/product"}],"replies":[{"embeddable":true,"href":"https:\/\/www.ferberpainting.com\/dk\/wp-json\/wp\/v2\/comments?post=23033"}],"version-history":[{"count":5,"href":"https:\/\/www.ferberpainting.com\/dk\/wp-json\/wp\/v2\/product\/23033\/revisions"}],"predecessor-version":[{"id":166004,"href":"https:\/\/www.ferberpainting.com\/dk\/wp-json\/wp\/v2\/product\/23033\/revisions\/166004"}],"wp:featuredmedia":[{"embeddable":true,"href":"https:\/\/www.ferberpainting.com\/dk\/wp-json\/wp\/v2\/media\/23109"}],"wp:attachment":[{"href":"https:\/\/www.ferberpainting.com\/dk\/wp-json\/wp\/v2\/media?parent=23033"}],"wp:term":[{"taxonomy":"product_brand","embeddable":true,"href":"https:\/\/www.ferberpainting.com\/dk\/wp-json\/wp\/v2\/product_brand?post=23033"},{"taxonomy":"product_cat","embeddable":true,"href":"https:\/\/www.ferberpainting.com\/dk\/wp-json\/wp\/v2\/product_cat?post=23033"},{"taxonomy":"product_tag","embeddable":true,"href":"https:\/\/www.ferberpainting.com\/dk\/wp-json\/wp\/v2\/product_tag?post=23033"}],"curies":[{"name":"wp","href":"https:\/\/api.w.org\/{rel}","templated":true}]}}