{"id":25656,"date":"2025-06-30T17:38:17","date_gmt":"2025-06-30T15:38:17","guid":{"rendered":"https:\/\/www.ferberpainting.com\/?post_type=product&#038;p=25655"},"modified":"2026-02-18T09:13:44","modified_gmt":"2026-02-18T08:13:44","slug":"wood-cleaner","status":"publish","type":"product","link":"https:\/\/www.ferberpainting.com\/de\/products\/wood-cleaner\/","title":{"rendered":"Holzreiniger"},"content":{"rendered":"<p><strong><img decoding=\"async\" style=\"margin-right: 12px;\" src=\"https:\/\/www.ferberpainting.com\/wp-content\/uploads\/2026\/02\/Check.svg\" alt=\"\" width=\"18\" height=\"15\" \/>Optimale Effektivit\u00e4t.<\/strong>\u00a0Dieser Holzreiniger wurde speziell entwickelt, um Flecken, Staub, Fettflecken und Feuchtigkeitsspuren, die Holzoberfl\u00e4chen angreifen, wirksam zu entfernen. Dank seiner kraftvollen und doch sanften Formel reinigt er tief, ohne die nat\u00fcrliche Maserung oder Farbe des Holzes zu ver\u00e4ndern. Er reinigt, sch\u00fctzt und belebt den Glanz behandelter Oberfl\u00e4chen, stellt ihr urspr\u00fcngliches Aussehen wieder her und bewahrt ihre Integrit\u00e4t.<\/p>\n<p><strong><img decoding=\"async\" style=\"margin-right: 12px;\" src=\"https:\/\/www.ferberpainting.com\/wp-content\/uploads\/2026\/02\/Check.svg\" alt=\"\" width=\"18\" height=\"15\" \/>Geld-zur\u00fcck-Garantie.<\/strong>\u00a0Wir haben volles Vertrauen in die Leistung unseres Reinigers. Wenn Sie nach der Anwendung nicht zufrieden sind, haben Sie Anspruch auf eine volle R\u00fcckerstattung. Testen Sie unser Produkt risikofrei und genie\u00dfen Sie sauberes und gl\u00e4nzendes Holz in aller Seelenruhe.<\/p>\n<p><strong><img decoding=\"async\" style=\"margin-right: 12px;\" src=\"https:\/\/www.ferberpainting.com\/wp-content\/uploads\/2026\/02\/Check.svg\" alt=\"\" width=\"18\" height=\"15\" \/>Au\u00dfergew\u00f6hnliche Vielseitigkeit.<\/strong> Dieser Reiniger ist nicht nur f\u00fcr Holzm\u00f6bel geeignet, sondern auch f\u00fcr die Reinigung von Parkettb\u00f6den, Treppen, Terrassen, Verkleidungen, Holzarbeiten im Innen- und Au\u00dfenbereich, Holzt\u00fcren, Balken, Chalets und sogar geschnitzten Holzobjekten. Er ist mit einer Vielzahl von Holzarten kompatibel, ob Massivholz, Laminat, lackiertes, ge\u00f6ltes, gewachstes oder rohes Holz, und bietet eine effektive Reinigung f\u00fcr alle Arten von nat\u00fcrlichen oder behandelten Holzoberfl\u00e4chen.<\/p>\n<p><strong><img decoding=\"async\" style=\"margin-right: 12px;\" src=\"https:\/\/www.ferberpainting.com\/wp-content\/uploads\/2026\/02\/Check.svg\" alt=\"\" width=\"18\" height=\"15\" \/>Kosteng\u00fcnstig.<\/strong>\u00a0Mit seinem 5-Liter-Kanister und seiner hochwirksamen Formel bietet dieser Reiniger eine hervorragende Ergiebigkeit. Eine kleine Menge reicht aus, um gro\u00dfe Fl\u00e4chen ohne Verschwendung zu reinigen. Im Durchschnitt k\u00f6nnen mit einem Liter bis zu 80 m\u00b2 Holzoberfl\u00e4che behandelt werden, was ihn zu einer kosteng\u00fcnstigen und leistungsstarken L\u00f6sung f\u00fcr die routinem\u00e4\u00dfige oder intensive Pflege von Holz und M\u00f6beln macht.<\/p>\n<p><strong><img decoding=\"async\" style=\"margin-right: 12px;\" src=\"https:\/\/www.ferberpainting.com\/wp-content\/uploads\/2026\/02\/Check.svg\" alt=\"\" width=\"18\" height=\"15\" \/>Sicher in der Anwendung.<\/strong>\u00a0Im Gegensatz zu Scheuermitteln oder Produkten auf L\u00f6sungsmittelbasis wird dieser Reiniger ohne giftige oder gesundheits- oder umweltsch\u00e4dliche Stoffe hergestellt. Er setzt keine reizenden D\u00e4mpfe frei, sch\u00e4digt die Holzstruktur nicht und hinterl\u00e4sst nach dem Trocknen keine klebrigen oder rutschigen R\u00fcckst\u00e4nde. Er kann auch in Haushalten mit Kindern oder Haustieren verwendet werden und gew\u00e4hrleistet eine sichere und respektvolle Pflege von nat\u00fcrlichen Oberfl\u00e4chen.<\/p>\n<p><strong><img decoding=\"async\" style=\"margin-right: 12px;\" src=\"https:\/\/www.ferberpainting.com\/wp-content\/uploads\/2026\/02\/Check.svg\" alt=\"\" width=\"18\" height=\"15\" \/>Benutzerfreundlichkeit.<\/strong>\u00a0Dieses Produkt ist gebrauchsfertig und erfordert keine Verd\u00fcnnung oder komplexe Vorbereitung. Es kann direkt mit einem Tuch, Schwamm oder Mikrofasermopp auf das Holz aufgetragen werden. Seine schnelle Wirkung und intuitive Anwendung erm\u00f6glichen eine einfache Entfernung von Schmutz mit minimalem Aufwand, ohne \u00fcberm\u00e4\u00dfiges Absp\u00fclen und ohne Polieren nach der Anwendung.<\/p>\n<p><strong><img decoding=\"async\" style=\"margin-right: 12px;\" src=\"https:\/\/www.ferberpainting.com\/wp-content\/uploads\/2026\/02\/Check.svg\" alt=\"\" width=\"18\" height=\"15\" \/>Verbesserte Langlebigkeit.<\/strong>\u00a0Durch die effektive Entfernung von R\u00fcckst\u00e4nden und die Pflege der Holzfasern verl\u00e4ngert dieser Reiniger die Lebensdauer von Holzoberfl\u00e4chen und beugt vorzeitiger Abnutzung vor. Er tr\u00e4gt dazu bei, den Glanz des Holzes zu erhalten und sch\u00fctzt es gleichzeitig vor \u00e4u\u00dferen Einfl\u00fcssen wie Feuchtigkeit, Staub und t\u00e4glichem Gebrauch. Eine regelm\u00e4\u00dfige Anwendung sorgt daf\u00fcr, dass Ihr Holz sauber, elegant und langlebig bleibt.<\/p>\n<p><strong><img decoding=\"async\" style=\"margin-right: 12px;\" src=\"https:\/\/www.ferberpainting.com\/wp-content\/uploads\/2026\/02\/Check.svg\" alt=\"\" width=\"18\" height=\"15\" \/>Schnelle Aktion.<\/strong>\u00a0Dank seiner hochaktiven Formel wirkt dieser Reiniger sofort auf Schmutz und eingebettete Flecken. In nur wenigen Sekunden l\u00f6st er Verunreinigungen auf und erleichtert die Entfernung, ohne dass starkes Schrubben erforderlich ist. Er trocknet schnell, ohne Spuren oder einen fettigen Film zu hinterlassen, so dass die gereinigten Oberfl\u00e4chen sofort wieder verwendet werden k\u00f6nnen.<\/p>\n<h2><strong>Gebrauchsanweisung<\/strong><\/h2>\n<ul>\n<li><strong>Vorbereitung <\/strong>: Stellen Sie sicher, dass die zu reinigende Oberfl\u00e4che frei von Staub und Schmutz ist, indem Sie sie vor der Anwendung mit einem sauberen Tuch oder einem geeigneten Besen abstauben.<\/li>\n<li><strong>Manuelle Anwendung <\/strong>: Geben Sie eine kleine Menge des Reinigers auf ein sauberes Tuch, einen Schwamm oder einen Mikrofasermopp und tragen Sie ihn gleichm\u00e4\u00dfig mit kreisenden Bewegungen auf die Holzoberfl\u00e4che auf, um Verunreinigungen zu l\u00f6sen.<\/li>\n<li><strong>Einsatz auf Parkett und gro\u00dfen Fl\u00e4chen <\/strong>: Bei gr\u00f6\u00dferen Fl\u00e4chen das Produkt mit einem leicht feuchten, mit dem Reiniger getr\u00e4nkten Mopp auftragen und die gesamte Holzoberfl\u00e4che ohne \u00fcberm\u00e4\u00dfiges Schrubben bearbeiten.<\/li>\n<li><strong>Reinigung hartn\u00e4ckiger Flecken <\/strong>: An den schwierigsten Stellen 5 bis 10 Minuten einwirken lassen, dann mit einer weichen B\u00fcrste oder einem nicht scheuernden Schwamm sanft schrubben, um festsitzenden Schmutz zu entfernen.<\/li>\n<li><strong>Sp\u00fclung <\/strong>: <strong>Kein Aussp\u00fclen erforderlich<\/strong> f\u00fcr die Standardpflege. Bei stark verschmutzten Fl\u00e4chen k\u00f6nnen Sie jedoch mit einem feuchten Tuch nachwischen, um ein makelloses Ergebnis zu erzielen.<\/li>\n<li><strong>Trocknung und Veredelung <\/strong>: An der Luft trocknen lassen oder mit einem trockenen Mikrofasertuch abwischen, um ein noch gl\u00e4nzenderes, streifenfreies Ergebnis zu erzielen. Bei lackiertem oder ge\u00f6ltem Holz kann nach dem Trocknen eine leichte Politur aufgetragen werden, um ein noch gl\u00e4nzenderes Ergebnis zu erzielen.<\/li>\n<li><strong>H\u00e4ufigkeit der Nutzung <\/strong>: Zur regelm\u00e4\u00dfigen Pflege ein- bis zweimal pro Woche auftragen und sobald Flecken oder Schmutz auftreten, um Ablagerungen zu vermeiden. F\u00fcr Holzoberfl\u00e4chen im Freien wird eine monatliche Reinigung empfohlen, um die Integrit\u00e4t und das Aussehen des Materials zu erhalten.<\/li>\n<li><strong>Lagerung <\/strong>: Verschlie\u00dfen Sie den Kanister nach jedem Gebrauch wieder fest und lagern Sie ihn an einem k\u00fchlen, trockenen Ort, gesch\u00fctzt vor Licht und extremen Temperaturen, um die Wirksamkeit des Produkts \u00fcber l\u00e4ngere Zeit zu erhalten.<\/li>\n<\/ul>\n<p>Mit unserem Holzreiniger sorgen Sie f\u00fcr eine optimale, schnelle und wirksame Pflege und erh\u00f6hen gleichzeitig den Glanz und die Haltbarkeit Ihrer Holzoberfl\u00e4chen. Eine ideale L\u00f6sung, um die nat\u00fcrliche Sch\u00f6nheit von Holz ganz einfach zu erhalten.<\/p>","protected":false},"excerpt":{"rendered":"<p>Optimal Effectiveness.\u00a0This wood cleaner is specially formulated to effectively eliminate stains, dust, grease marks, and humidity traces that tarnish wooden surfaces. Thanks to its powerful yet gentle formula, it deeply cleans without altering the natural grain or color of the wood. It cleans, protects, and revives the shine of treated surfaces, restoring their original appearance [&hellip;]<\/p>\n","protected":false},"featured_media":35773,"comment_status":"open","ping_status":"closed","template":"","meta":{"_uag_custom_page_level_css":"","site-sidebar-layout":"default","site-content-layout":"","ast-site-content-layout":"default","site-content-style":"default","site-sidebar-style":"default","ast-global-header-display":"","ast-banner-title-visibility":"","ast-main-header-display":"","ast-hfb-above-header-display":"","ast-hfb-below-header-display":"","ast-hfb-mobile-header-display":"","site-post-title":"","ast-breadcrumbs-content":"","ast-featured-img":"","footer-sml-layout":"","ast-disable-related-posts":"","theme-transparent-header-meta":"default","adv-header-id-meta":"","stick-header-meta":"","header-above-stick-meta":"","header-main-stick-meta":"","header-below-stick-meta":"","astra-migrate-meta-layouts":"set","ast-page-background-enabled":"default","ast-page-background-meta":{"desktop":{"background-color":"var(--ast-global-color-4)","background-image":"","background-repeat":"repeat","background-position":"center center","background-size":"auto","background-attachment":"scroll","background-type":"","background-media":"","overlay-type":"","overlay-color":"","overlay-opacity":"","overlay-gradient":""},"tablet":{"background-color":"","background-image":"","background-repeat":"repeat","background-position":"center center","background-size":"auto","background-attachment":"scroll","background-type":"","background-media":"","overlay-type":"","overlay-color":"","overlay-opacity":"","overlay-gradient":""},"mobile":{"background-color":"","background-image":"","background-repeat":"repeat","background-position":"center center","background-size":"auto","background-attachment":"scroll","background-type":"","background-media":"","overlay-type":"","overlay-color":"","overlay-opacity":"","overlay-gradient":""}},"ast-content-background-meta":{"desktop":{"background-color":"var(--ast-global-color-5)","background-image":"","background-repeat":"repeat","background-position":"center center","background-size":"auto","background-attachment":"scroll","background-type":"","background-media":"","overlay-type":"","overlay-color":"","overlay-opacity":"","overlay-gradient":""},"tablet":{"background-color":"var(--ast-global-color-5)","background-image":"","background-repeat":"repeat","background-position":"center center","background-size":"auto","background-attachment":"scroll","background-type":"","background-media":"","overlay-type":"","overlay-color":"","overlay-opacity":"","overlay-gradient":""},"mobile":{"background-color":"var(--ast-global-color-5)","background-image":"","background-repeat":"repeat","background-position":"center center","background-size":"auto","background-attachment":"scroll","background-type":"","background-media":"","overlay-type":"","overlay-color":"","overlay-opacity":"","overlay-gradient":""}}},"product_brand":[],"product_cat":[175,193],"product_tag":[],"class_list":{"0":"post-25656","1":"product","2":"type-product","3":"status-publish","4":"has-post-thumbnail","6":"product_cat-cleaning-products","7":"product_cat-wood-treatment","8":"desktop-align-left","9":"tablet-align-left","10":"mobile-align-left","12":"first","13":"instock","14":"sale","15":"shipping-taxable","16":"purchasable","17":"product-type-variable","18":"has-default-attributes"},"spectra_custom_meta":{"_visibility":["visible"],"_shopify_product_id":["9102472020213"],"_s2w_shopify_domain":["ferberpainting.myshopify.com"],"_shopify_variant_id":["46616343412981"],"_sku":[""],"_manage_stock":["no"],"total_sales":["21"],"_tax_status":["taxable"],"_tax_class":[""],"_backorders":["no"],"_sold_individually":["no"],"_virtual":["no"],"_downloadable":["no"],"_download_limit":["-1"],"_download_expiry":["-1"],"_stock":[null],"_stock_status":["instock"],"_wc_average_rating":["5.00"],"_wc_review_count":["12"],"_product_attributes":["a:1:{s:6:\"volume\";a:6:{s:4:\"name\";s:6:\"Volume\";s:5:\"value\";s:20:\"5 liters | 25 liters\";s:8:\"position\";i:1;s:10:\"is_visible\";i:0;s:12:\"is_variation\";i:1;s:11:\"is_taxonomy\";i:0;}}"],"_product_version":["10.5.2"],"wpse_downloadable_file_names":[""],"wpse_downloadable_file_urls":[""],"_edit_last":["1"],"_default_attributes":["a:1:{s:6:\"volume\";s:8:\"5 liters\";}"],"_edit_lock":["1771402292:1"],"_price":["29.90","129.90"],"merchant-center-availability":["yes"],"merchant-center-category":["4973"],"_thumbnail_id":["35773"],"_wp_page_template":["default"],"_wp_old_date":["2025-05-26"],"_product_image_gallery":["35774"],"site-sidebar-layout":["default"],"ast-site-content-layout":["default"],"site-content-style":["default"],"site-sidebar-style":["default"],"theme-transparent-header-meta":["default"],"_wc_rating_count":["a:1:{i:5;i:12;}"],"astra-migrate-meta-layouts":["set"],"_uag_css_file_name":["uag-css-25656.css"],"_elementor_page_assets":["a:0:{}"],"_uag_page_assets":["a:9:{s:3:\"css\";s:6873:\".wp-block-uagb-image{display:flex}.wp-block-uagb-image__figure{position:relative;display:flex;flex-direction:column;max-width:100%;height:auto;margin:0}.wp-block-uagb-image__figure img{height:auto;display:flex;max-width:100%;transition:box-shadow .2s ease}.wp-block-uagb-image__figure>a{display:inline-block}.wp-block-uagb-image__figure figcaption{text-align:center;margin-top:.5em;margin-bottom:1em}.wp-block-uagb-image .components-placeholder.block-editor-media-placeholder .components-placeholder__instructions{align-self:center}.wp-block-uagb-image--align-left{text-align:left}.wp-block-uagb-image--align-right{text-align:right}.wp-block-uagb-image--align-center{text-align:center}.wp-block-uagb-image--align-full .wp-block-uagb-image__figure{margin-left:calc(50% - 50vw);margin-right:calc(50% - 50vw);max-width:100vw;width:100vw;height:auto}.wp-block-uagb-image--align-full .wp-block-uagb-image__figure img{height:auto;width:100% !important}.wp-block-uagb-image--align-wide .wp-block-uagb-image__figure img{height:auto;width:100%}.wp-block-uagb-image--layout-overlay__color-wrapper{position:absolute;left:0;top:0;right:0;bottom:0;opacity:.2;background:rgba(0,0,0,.5);transition:opacity .35s ease-in-out}.wp-block-uagb-image--layout-overlay-link{position:absolute;left:0;right:0;bottom:0;top:0}.wp-block-uagb-image--layout-overlay .wp-block-uagb-image__figure:hover .wp-block-uagb-image--layout-overlay__color-wrapper{opacity:1}.wp-block-uagb-image--layout-overlay__inner{position:absolute;left:15px;right:15px;bottom:15px;top:15px;display:flex;align-items:center;justify-content:center;flex-direction:column;border-color:#fff;transition:.35s ease-in-out}.wp-block-uagb-image--layout-overlay__inner.top-left,.wp-block-uagb-image--layout-overlay__inner.top-center,.wp-block-uagb-image--layout-overlay__inner.top-right{justify-content:flex-start}.wp-block-uagb-image--layout-overlay__inner.bottom-left,.wp-block-uagb-image--layout-overlay__inner.bottom-center,.wp-block-uagb-image--layout-overlay__inner.bottom-right{justify-content:flex-end}.wp-block-uagb-image--layout-overlay__inner.top-left,.wp-block-uagb-image--layout-overlay__inner.center-left,.wp-block-uagb-image--layout-overlay__inner.bottom-left{align-items:flex-start}.wp-block-uagb-image--layout-overlay__inner.top-right,.wp-block-uagb-image--layout-overlay__inner.center-right,.wp-block-uagb-image--layout-overlay__inner.bottom-right{align-items:flex-end}.wp-block-uagb-image--layout-overlay__inner .uagb-image-heading{color:#fff;transition:transform .35s,opacity .35s ease-in-out;transform:translate3d(0, 24px, 0);margin:0;line-height:1em}.wp-block-uagb-image--layout-overlay__inner .uagb-image-separator{width:30%;border-top-width:2px;border-top-color:#fff;border-top-style:solid;margin-bottom:10px;opacity:0;transition:transform .4s,opacity .4s ease-in-out;transform:translate3d(0, 30px, 0)}.wp-block-uagb-image--layout-overlay__inner .uagb-image-caption{opacity:0;overflow:visible;color:#fff;transition:transform .45s,opacity .45s ease-in-out;transform:translate3d(0, 35px, 0)}.wp-block-uagb-image--layout-overlay__inner:hover .uagb-image-heading,.wp-block-uagb-image--layout-overlay__inner:hover .uagb-image-separator,.wp-block-uagb-image--layout-overlay__inner:hover .uagb-image-caption{opacity:1;transform:translate3d(0, 0, 0)}.wp-block-uagb-image--effect-zoomin .wp-block-uagb-image__figure img,.wp-block-uagb-image--effect-zoomin .wp-block-uagb-image__figure .wp-block-uagb-image--layout-overlay__color-wrapper{transform:scale(1);transition:transform .35s ease-in-out}.wp-block-uagb-image--effect-zoomin .wp-block-uagb-image__figure:hover img,.wp-block-uagb-image--effect-zoomin .wp-block-uagb-image__figure:hover .wp-block-uagb-image--layout-overlay__color-wrapper{transform:scale(1.05)}.wp-block-uagb-image--effect-slide .wp-block-uagb-image__figure img,.wp-block-uagb-image--effect-slide .wp-block-uagb-image__figure .wp-block-uagb-image--layout-overlay__color-wrapper{width:calc(100% + 40px) !important;max-width:none !important;transform:translate3d(-40px, 0, 0);transition:transform .35s ease-in-out}.wp-block-uagb-image--effect-slide .wp-block-uagb-image__figure:hover img,.wp-block-uagb-image--effect-slide .wp-block-uagb-image__figure:hover .wp-block-uagb-image--layout-overlay__color-wrapper{transform:translate3d(0, 0, 0)}.wp-block-uagb-image--effect-grayscale img{filter:grayscale(0%);transition:.35s ease-in-out}.wp-block-uagb-image--effect-grayscale:hover img{filter:grayscale(100%)}.wp-block-uagb-image--effect-blur img{filter:blur(0);transition:.35s ease-in-out}.wp-block-uagb-image--effect-blur:hover img{filter:blur(3px)}.uagb-block-e6f939b3.wp-block-uagb-image--layout-default figure img{box-shadow: 0px 0px 0 #00000070;}.uagb-block-e6f939b3.wp-block-uagb-image .wp-block-uagb-image__figure figcaption{font-style: normal;align-self: center;}.uagb-block-e6f939b3.wp-block-uagb-image--layout-overlay figure img{box-shadow: 0px 0px 0 #00000070;}.uagb-block-e6f939b3.wp-block-uagb-image--layout-overlay .wp-block-uagb-image--layout-overlay__color-wrapper{opacity: 0.2;}.uagb-block-e6f939b3.wp-block-uagb-image--layout-overlay .wp-block-uagb-image--layout-overlay__inner{left: 15px;right: 15px;top: 15px;bottom: 15px;}.uagb-block-e6f939b3.wp-block-uagb-image--layout-overlay .wp-block-uagb-image--layout-overlay__inner .uagb-image-heading{font-style: normal;color: #fff;opacity: 1;}.uagb-block-e6f939b3.wp-block-uagb-image--layout-overlay .wp-block-uagb-image--layout-overlay__inner .uagb-image-heading a{color: #fff;}.uagb-block-e6f939b3.wp-block-uagb-image--layout-overlay .wp-block-uagb-image--layout-overlay__inner .uagb-image-caption{opacity: 0;}.uagb-block-e6f939b3.wp-block-uagb-image--layout-overlay .wp-block-uagb-image__figure:hover .wp-block-uagb-image--layout-overlay__color-wrapper{opacity: 1;}.uagb-block-e6f939b3.wp-block-uagb-image .wp-block-uagb-image--layout-overlay__inner .uagb-image-separator{width: 30%;border-top-width: 2px;border-top-color: #fff;opacity: 0;}.uagb-block-e6f939b3.wp-block-uagb-image .wp-block-uagb-image__figure img{width: px;height: auto;}.uagb-block-e6f939b3.wp-block-uagb-image .wp-block-uagb-image__figure:hover .wp-block-uagb-image--layout-overlay__inner .uagb-image-caption{opacity: 1;}.uagb-block-e6f939b3.wp-block-uagb-image .wp-block-uagb-image__figure:hover .wp-block-uagb-image--layout-overlay__inner .uagb-image-separator{opacity: 1;}.uagb-block-e6f939b3.wp-block-uagb-image--layout-default figure:hover img{box-shadow: 0px 0px 0 #00000070;}.uagb-block-e6f939b3.wp-block-uagb-image--layout-overlay figure:hover img{box-shadow: 0px 0px 0 #00000070;}@media only screen and (max-width: 976px) {.uagb-block-e6f939b3.wp-block-uagb-image .wp-block-uagb-image__figure img{width: px;height: auto;}}@media only screen and (max-width: 767px) {.uagb-block-e6f939b3.wp-block-uagb-image .wp-block-uagb-image__figure img{width: px;height: auto;}}\";s:2:\"js\";s:0:\"\";s:18:\"current_block_list\";a:13:{i:0;s:11:\"core\/search\";i:1;s:10:\"core\/group\";i:2;s:12:\"core\/heading\";i:3;s:17:\"core\/latest-posts\";i:4;s:20:\"core\/latest-comments\";i:5;s:13:\"core\/archives\";i:6;s:15:\"core\/categories\";i:7;s:14:\"core\/paragraph\";i:8;s:10:\"uagb\/image\";i:9;s:11:\"core\/spacer\";i:10;s:30:\"woocommerce\/product-categories\";i:11;s:10:\"core\/image\";i:12;s:14:\"core\/shortcode\";}s:8:\"uag_flag\";b:1;s:11:\"uag_version\";s:10:\"1777096425\";s:6:\"gfonts\";a:0:{}s:10:\"gfonts_url\";s:0:\"\";s:12:\"gfonts_files\";a:0:{}s:14:\"uag_faq_layout\";b:0;}"]},"uagb_featured_image_src":{"full":["https:\/\/www.ferberpainting.com\/wp-content\/uploads\/2025\/05\/Wood-Cleaner-5L-.png",2560,2560,false],"thumbnail":["https:\/\/www.ferberpainting.com\/wp-content\/uploads\/2025\/05\/Wood-Cleaner-5L--150x150.png",150,150,true],"medium":["https:\/\/www.ferberpainting.com\/wp-content\/uploads\/2025\/05\/Wood-Cleaner-5L--300x300.png",300,300,true],"medium_large":["https:\/\/www.ferberpainting.com\/wp-content\/uploads\/2025\/05\/Wood-Cleaner-5L--768x768.png",768,768,true],"large":["https:\/\/www.ferberpainting.com\/wp-content\/uploads\/2025\/05\/Wood-Cleaner-5L--1024x1024.png",1024,1024,true],"1536x1536":["https:\/\/www.ferberpainting.com\/wp-content\/uploads\/2025\/05\/Wood-Cleaner-5L--1536x1536.png",1536,1536,true],"2048x2048":["https:\/\/www.ferberpainting.com\/wp-content\/uploads\/2025\/05\/Wood-Cleaner-5L--2048x2048.png",2048,2048,true],"trp-custom-language-flag":["https:\/\/www.ferberpainting.com\/wp-content\/uploads\/2025\/05\/Wood-Cleaner-5L--12x12.png",12,12,true],"woocommerce_thumbnail":["https:\/\/www.ferberpainting.com\/wp-content\/uploads\/2025\/05\/Wood-Cleaner-5L--300x300.png",300,300,true],"woocommerce_single":["https:\/\/www.ferberpainting.com\/wp-content\/uploads\/2025\/05\/Wood-Cleaner-5L--600x600.png",600,600,true],"woocommerce_gallery_thumbnail":["https:\/\/www.ferberpainting.com\/wp-content\/uploads\/2025\/05\/Wood-Cleaner-5L--100x100.png",100,100,true]},"uagb_author_info":{"display_name":"admin","author_link":"https:\/\/www.ferberpainting.com\/de\/author\/"},"uagb_comment_info":12,"uagb_excerpt":"Optimal Effectiveness.\u00a0This wood cleaner is specially formulated to effectively eliminate stains, dust, grease marks, and humidity traces that tarnish wooden surfaces. Thanks to its powerful yet gentle formula, it deeply cleans without altering the natural grain or color of the wood. It cleans, protects, and revives the shine of treated surfaces, restoring their original appearance&hellip;","_links":{"self":[{"href":"https:\/\/www.ferberpainting.com\/de\/wp-json\/wp\/v2\/product\/25656","targetHints":{"allow":["GET"]}}],"collection":[{"href":"https:\/\/www.ferberpainting.com\/de\/wp-json\/wp\/v2\/product"}],"about":[{"href":"https:\/\/www.ferberpainting.com\/de\/wp-json\/wp\/v2\/types\/product"}],"replies":[{"embeddable":true,"href":"https:\/\/www.ferberpainting.com\/de\/wp-json\/wp\/v2\/comments?post=25656"}],"version-history":[{"count":4,"href":"https:\/\/www.ferberpainting.com\/de\/wp-json\/wp\/v2\/product\/25656\/revisions"}],"predecessor-version":[{"id":169110,"href":"https:\/\/www.ferberpainting.com\/de\/wp-json\/wp\/v2\/product\/25656\/revisions\/169110"}],"wp:featuredmedia":[{"embeddable":true,"href":"https:\/\/www.ferberpainting.com\/de\/wp-json\/wp\/v2\/media\/35773"}],"wp:attachment":[{"href":"https:\/\/www.ferberpainting.com\/de\/wp-json\/wp\/v2\/media?parent=25656"}],"wp:term":[{"taxonomy":"product_brand","embeddable":true,"href":"https:\/\/www.ferberpainting.com\/de\/wp-json\/wp\/v2\/product_brand?post=25656"},{"taxonomy":"product_cat","embeddable":true,"href":"https:\/\/www.ferberpainting.com\/de\/wp-json\/wp\/v2\/product_cat?post=25656"},{"taxonomy":"product_tag","embeddable":true,"href":"https:\/\/www.ferberpainting.com\/de\/wp-json\/wp\/v2\/product_tag?post=25656"}],"curies":[{"name":"wp","href":"https:\/\/api.w.org\/{rel}","templated":true}]}}