{"id":25630,"date":"2025-05-26T10:32:57","date_gmt":"2025-05-26T08:32:57","guid":{"rendered":"https:\/\/www.ferberpainting.com\/products\/wall-filler-for-interior-and-exterior\/"},"modified":"2026-02-24T15:07:08","modified_gmt":"2026-02-24T14:07:08","slug":"wall-filler-for-interior-and-exterior","status":"publish","type":"product","link":"https:\/\/www.ferberpainting.com\/de\/products\/wall-filler-for-interior-and-exterior\/","title":{"rendered":"Wandspachtel f\u00fcr den Innen- und Au\u00dfenbereich"},"content":{"rendered":"<p><strong><img decoding=\"async\" style=\"margin-right: 12px;\" src=\"https:\/\/www.ferberpainting.com\/wp-content\/uploads\/2026\/02\/Check.svg\" alt=\"\" width=\"18\" height=\"15\" \/>Tiefenreparatur und Gl\u00e4ttung der Oberfl\u00e4che.<\/strong>\u00a0Diese Spachtelmasse wurde speziell entwickelt, um L\u00f6cher, Risse und Unregelm\u00e4\u00dfigkeiten auf allen Arten von Oberfl\u00e4chen im Innen- und Au\u00dfenbereich wirksam zu f\u00fcllen. Seine glatte Textur und einfache Anwendung erm\u00f6glichen eine perfekt homogene Oberfl\u00e4che, die nach dem Trocknen das Streichen oder Auftragen einer Beschichtung erleichtert.<\/p>\n<p><strong><img decoding=\"async\" style=\"margin-right: 12px;\" src=\"https:\/\/www.ferberpainting.com\/wp-content\/uploads\/2026\/02\/Check.svg\" alt=\"\" width=\"18\" height=\"15\" \/>Geld-zur\u00fcck-Garantie.<\/strong>\u00a0Wir haben volles Vertrauen in die Wirksamkeit unseres Fillers, weshalb wir eine Geld-zur\u00fcck-Garantie anbieten. Sollte das Produkt nach einer Anwendung gem\u00e4\u00df den Empfehlungen nicht Ihren Erwartungen entsprechen, haben Sie die M\u00f6glichkeit, eine bedingungslose R\u00fcckerstattung zu beantragen, um einen sicheren und risikofreien Kauf zu gew\u00e4hrleisten.<\/p>\n<p><strong><img decoding=\"async\" style=\"margin-right: 12px;\" src=\"https:\/\/www.ferberpainting.com\/wp-content\/uploads\/2026\/02\/Check.svg\" alt=\"\" width=\"18\" height=\"15\" \/>Kompatibel mit vielen Materialien.<\/strong>\u00a0Dieser Spachtel eignet sich f\u00fcr Oberfl\u00e4chen wie Beton, Putz, Zement, Ziegel, Holz, Stein und Gipskartonplatten. Er wird f\u00fcr W\u00e4nde, Decken und sogar Au\u00dfenfassaden verwendet und ist damit eine effektive Reparaturl\u00f6sung f\u00fcr por\u00f6se und glatte Oberfl\u00e4chen.<\/p>\n<p><strong><img decoding=\"async\" style=\"margin-right: 12px;\" src=\"https:\/\/www.ferberpainting.com\/wp-content\/uploads\/2026\/02\/Check.svg\" alt=\"\" width=\"18\" height=\"15\" \/>Wirtschaftlicher Ertrag und optimierte Abdeckung.<\/strong>\u00a0Dank seiner hohen Konzentration und ausgezeichneten Deckkraft kann 1 kg Spachtelmasse je nach Auftragsst\u00e4rke etwa 1 bis 2 m\u00b2 f\u00fcllen. Es bietet eine hohe F\u00fcllkapazit\u00e4t, wodurch die f\u00fcr dauerhafte Reparaturen ben\u00f6tigte Menge minimiert und die Gesamtprojektkosten gesenkt werden.<\/p>\n<p><strong><img decoding=\"async\" style=\"margin-right: 12px;\" src=\"https:\/\/www.ferberpainting.com\/wp-content\/uploads\/2026\/02\/Check.svg\" alt=\"\" width=\"18\" height=\"15\" \/>Ein sicheres und umweltfreundliches Produkt.<\/strong>\u00a0Diese Spachtelmasse ist frei von L\u00f6sungsmitteln und giftigen Bestandteilen und erzeugt keine sch\u00e4dlichen D\u00e4mpfe, so dass sie sowohl in Innenr\u00e4umen als auch im Freien sicher angewendet werden kann. Er stellt keine Gefahr f\u00fcr die Gesundheit oder die Umwelt dar und kann daher in allen Bereichen des Hauses verwendet werden, auch in Schlafzimmern und engen R\u00e4umen.<\/p>\n<p><strong><img decoding=\"async\" style=\"margin-right: 12px;\" src=\"https:\/\/www.ferberpainting.com\/wp-content\/uploads\/2026\/02\/Check.svg\" alt=\"\" width=\"18\" height=\"15\" \/>Leichte Anwendung und schnelle Umsetzung.<\/strong>\u00a0Diese gebrauchsfertige Spachtelmasse kann direkt mit einem Spachtel oder einer Spachtel aufgetragen werden und l\u00e4sst sich m\u00fchelos und gleichm\u00e4\u00dfig verteilen. Er haftet perfekt auf der Oberfl\u00e4che, ohne dass eine Grundierung erforderlich ist, und l\u00e4sst sich leicht verteilen, um in nur einem Arbeitsgang ein perfektes, glattes Finish zu erzielen.<\/p>\n<p><strong><img decoding=\"async\" style=\"margin-right: 12px;\" src=\"https:\/\/www.ferberpainting.com\/wp-content\/uploads\/2026\/02\/Check.svg\" alt=\"\" width=\"18\" height=\"15\" \/>Langlebigkeit und Witterungsbest\u00e4ndigkeit.<\/strong>\u00a0Nach dem Trocknen bietet diese Spachtelmasse eine optimale Best\u00e4ndigkeit gegen Witterungseinfl\u00fcsse, Feuchtigkeit und St\u00f6\u00dfe und sorgt f\u00fcr einen dauerhaften Halt sowohl im Innenbereich als auch an Au\u00dfenfassaden. Er wird nicht rissig und beh\u00e4lt seine Haftung auch unter rauen Wetterbedingungen bei.<\/p>\n<p><strong><img decoding=\"async\" style=\"margin-right: 12px;\" src=\"https:\/\/www.ferberpainting.com\/wp-content\/uploads\/2026\/02\/Check.svg\" alt=\"\" width=\"18\" height=\"15\" \/>Schnell trocknend f\u00fcr ein beschleunigtes Finish.<\/strong>\u00a0Dank seiner speziellen Formel trocknet dieser Spachtel in nur 1 bis 2 Stunden und kann nach 12 bis 24 Stunden geschliffen oder \u00fcberstrichen werden, je nach Auftragsst\u00e4rke und Temperaturbedingungen. Diese schnelle Trocknung reduziert die Ausfallzeiten des Projekts und verk\u00fcrzt die Renovierungsfristen.<\/p>\n<h2><strong>Verwendungsprotokoll<\/strong><\/h2>\n<ul>\n<li><strong>Vorbereitung der Oberfl\u00e4che <\/strong>: Stellen Sie sicher, dass die zu reparierende Oberfl\u00e4che sauber, trocken und frei von Staub, Fett oder br\u00fcchigen R\u00fcckst\u00e4nden ist. Bei sehr por\u00f6sen Oberfl\u00e4chen kann ein leichtes Abstauben oder vorheriges Befeuchten die Haftung verbessern.<\/li>\n<li><strong>Empfohlene Dosierung <\/strong>: 1 kg Spachtelmasse f\u00fcr ca. 1 bis 2 m\u00b2 auftragen, je nach Tiefe der zu f\u00fcllenden L\u00f6cher oder Risse. Bei tieferen Reparaturen in mehreren aufeinanderfolgenden Schichten mit einer Zwischentrocknungszeit auftragen.<\/li>\n<li><strong>Anwendung von F\u00fcllstoffen <\/strong>: Die Spachtelmasse mit einem Spachtel oder einer Spachtel direkt auf die zu behandelnde Stelle auftragen und nach und nach gl\u00e4tten, um eine gleichm\u00e4\u00dfige Oberfl\u00e4che zu gew\u00e4hrleisten. Achten Sie darauf, die Hohlr\u00e4ume ohne \u00dcberschuss auszuf\u00fcllen, um ein Ausbessern nach dem Trocknen zu vermeiden.<\/li>\n<li><strong>Trocknungszeit <\/strong>: Bei d\u00fcnnen Auftr\u00e4gen 1 bis 2 Stunden auf der Oberfl\u00e4che trocknen lassen. Bei dicken Schichten 12 bis 24 Stunden warten, bevor man mit den Feinarbeiten fortf\u00e4hrt.<\/li>\n<li><strong>Schleifen und Endbearbeitung <\/strong>: Sobald die Spachtelmasse vollst\u00e4ndig getrocknet ist, gl\u00e4tten Sie die Oberfl\u00e4che mit feinem Schleifpapier, um alle Unebenheiten zu beseitigen und eine perfekt glatte Oberfl\u00e4che zu erhalten, bevor Sie streichen oder einen Wandbelag anbringen.<\/li>\n<li><strong>Wartung und Haltbarkeit <\/strong>: Diese Spachtelmasse erfordert nach dem Trocknen keine besondere Pflege. Bei Au\u00dfenanwendungen kann eine Schutzfarbe oder -beschichtung aufgetragen werden, um die Witterungsbest\u00e4ndigkeit zu maximieren und die Lebensdauer zu verl\u00e4ngern.<\/li>\n<li><strong>Reinigung der Werkzeuge <\/strong>: Reinigen Sie Spachtel und Spachtel nach Gebrauch sofort mit klarem Wasser, bevor die Spachtelmasse trocknet, um ihre Haltbarkeit und Wiederverwendbarkeit zu gew\u00e4hrleisten.<\/li>\n<\/ul>","protected":false},"excerpt":{"rendered":"<p>Deep surface repair and smoothing.\u00a0This filler is specially designed to effectively fill holes, cracks, and irregularities on all types of surfaces, both indoors and outdoors. Its smooth texture and easy application allow for a perfectly homogeneous finish, making it easier to paint or apply a coating after drying. Money-back guarantee.\u00a0We have total confidence in the [&hellip;]<\/p>\n","protected":false},"featured_media":27441,"comment_status":"open","ping_status":"closed","template":"","meta":{"_uag_custom_page_level_css":"","site-sidebar-layout":"default","site-content-layout":"","ast-site-content-layout":"default","site-content-style":"default","site-sidebar-style":"default","ast-global-header-display":"","ast-banner-title-visibility":"","ast-main-header-display":"","ast-hfb-above-header-display":"","ast-hfb-below-header-display":"","ast-hfb-mobile-header-display":"","site-post-title":"","ast-breadcrumbs-content":"","ast-featured-img":"","footer-sml-layout":"","ast-disable-related-posts":"","theme-transparent-header-meta":"default","adv-header-id-meta":"","stick-header-meta":"","header-above-stick-meta":"","header-main-stick-meta":"","header-below-stick-meta":"","astra-migrate-meta-layouts":"set","ast-page-background-enabled":"default","ast-page-background-meta":{"desktop":{"background-color":"var(--ast-global-color-4)","background-image":"","background-repeat":"repeat","background-position":"center center","background-size":"auto","background-attachment":"scroll","background-type":"","background-media":"","overlay-type":"","overlay-color":"","overlay-opacity":"","overlay-gradient":""},"tablet":{"background-color":"","background-image":"","background-repeat":"repeat","background-position":"center center","background-size":"auto","background-attachment":"scroll","background-type":"","background-media":"","overlay-type":"","overlay-color":"","overlay-opacity":"","overlay-gradient":""},"mobile":{"background-color":"","background-image":"","background-repeat":"repeat","background-position":"center center","background-size":"auto","background-attachment":"scroll","background-type":"","background-media":"","overlay-type":"","overlay-color":"","overlay-opacity":"","overlay-gradient":""}},"ast-content-background-meta":{"desktop":{"background-color":"var(--ast-global-color-5)","background-image":"","background-repeat":"repeat","background-position":"center center","background-size":"auto","background-attachment":"scroll","background-type":"","background-media":"","overlay-type":"","overlay-color":"","overlay-opacity":"","overlay-gradient":""},"tablet":{"background-color":"var(--ast-global-color-5)","background-image":"","background-repeat":"repeat","background-position":"center center","background-size":"auto","background-attachment":"scroll","background-type":"","background-media":"","overlay-type":"","overlay-color":"","overlay-opacity":"","overlay-gradient":""},"mobile":{"background-color":"var(--ast-global-color-5)","background-image":"","background-repeat":"repeat","background-position":"center center","background-size":"auto","background-attachment":"scroll","background-type":"","background-media":"","overlay-type":"","overlay-color":"","overlay-opacity":"","overlay-gradient":""}}},"product_brand":[],"product_cat":[176],"product_tag":[],"class_list":{"0":"post-25630","1":"product","2":"type-product","3":"status-publish","4":"has-post-thumbnail","6":"product_cat-concrete-treatment","7":"desktop-align-left","8":"tablet-align-left","9":"mobile-align-left","11":"first","12":"instock","13":"sale","14":"shipping-taxable","15":"purchasable","16":"product-type-variable","17":"has-default-attributes"},"spectra_custom_meta":{"_visibility":["visible"],"_shopify_product_id":["9061001462005"],"_s2w_shopify_domain":["ferberpainting.myshopify.com"],"_shopify_variant_id":["46484255113461"],"_sku":["FPWALLFILLER"],"_manage_stock":["no"],"total_sales":["5"],"_tax_status":["taxable"],"_tax_class":[""],"_backorders":["no"],"_sold_individually":["no"],"_virtual":["no"],"_downloadable":["no"],"_download_limit":["-1"],"_download_expiry":["-1"],"_stock":[null],"_stock_status":["instock"],"_wc_average_rating":["4.67"],"_wc_review_count":["6"],"_product_attributes":["a:1:{s:6:\"volume\";a:6:{s:4:\"name\";s:6:\"Volume\";s:5:\"value\";s:20:\"5 liters | 25 liters\";s:8:\"position\";i:1;s:10:\"is_visible\";i:0;s:12:\"is_variation\";i:1;s:11:\"is_taxonomy\";i:0;}}"],"_product_version":["10.5.2"],"_thumbnail_id":["27441"],"_product_image_gallery":["27442"],"wpse_downloadable_file_names":[""],"wpse_downloadable_file_urls":[""],"_edit_last":["1"],"_default_attributes":["a:1:{s:6:\"volume\";s:8:\"5 liters\";}"],"_edit_lock":["1771941906:1"],"merchant-center-availability":["yes"],"merchant-center-category":["505802"],"_wp_page_template":["default"],"site-sidebar-layout":["default"],"ast-site-content-layout":["default"],"site-content-style":["default"],"site-sidebar-style":["default"],"theme-transparent-header-meta":["default"],"_wc_rating_count":["a:2:{i:4;i:2;i:5;i:4;}"],"merchant-center-id":["FPWALLFILLERFORINTERIORANDEXTERIOR5L"],"_price":["29.90","129.90"],"astra-migrate-meta-layouts":["set"],"_uag_css_file_name":["uag-css-25630.css"],"_elementor_page_assets":["a:0:{}"],"_uag_page_assets":["a:9:{s:3:\"css\";s:7133:\".uag-blocks-common-selector{z-index:var(--z-index-desktop) !important}@media(max-width: 976px){.uag-blocks-common-selector{z-index:var(--z-index-tablet) !important}}@media(max-width: 767px){.uag-blocks-common-selector{z-index:var(--z-index-mobile) !important}}.wp-block-uagb-image{display:flex}.wp-block-uagb-image__figure{position:relative;display:flex;flex-direction:column;max-width:100%;height:auto;margin:0}.wp-block-uagb-image__figure img{height:auto;display:flex;max-width:100%;transition:box-shadow .2s ease}.wp-block-uagb-image__figure>a{display:inline-block}.wp-block-uagb-image__figure figcaption{text-align:center;margin-top:.5em;margin-bottom:1em}.wp-block-uagb-image .components-placeholder.block-editor-media-placeholder .components-placeholder__instructions{align-self:center}.wp-block-uagb-image--align-left{text-align:left}.wp-block-uagb-image--align-right{text-align:right}.wp-block-uagb-image--align-center{text-align:center}.wp-block-uagb-image--align-full .wp-block-uagb-image__figure{margin-left:calc(50% - 50vw);margin-right:calc(50% - 50vw);max-width:100vw;width:100vw;height:auto}.wp-block-uagb-image--align-full .wp-block-uagb-image__figure img{height:auto;width:100% !important}.wp-block-uagb-image--align-wide .wp-block-uagb-image__figure img{height:auto;width:100%}.wp-block-uagb-image--layout-overlay__color-wrapper{position:absolute;left:0;top:0;right:0;bottom:0;opacity:.2;background:rgba(0,0,0,.5);transition:opacity .35s ease-in-out}.wp-block-uagb-image--layout-overlay-link{position:absolute;left:0;right:0;bottom:0;top:0}.wp-block-uagb-image--layout-overlay .wp-block-uagb-image__figure:hover .wp-block-uagb-image--layout-overlay__color-wrapper{opacity:1}.wp-block-uagb-image--layout-overlay__inner{position:absolute;left:15px;right:15px;bottom:15px;top:15px;display:flex;align-items:center;justify-content:center;flex-direction:column;border-color:#fff;transition:.35s ease-in-out}.wp-block-uagb-image--layout-overlay__inner.top-left,.wp-block-uagb-image--layout-overlay__inner.top-center,.wp-block-uagb-image--layout-overlay__inner.top-right{justify-content:flex-start}.wp-block-uagb-image--layout-overlay__inner.bottom-left,.wp-block-uagb-image--layout-overlay__inner.bottom-center,.wp-block-uagb-image--layout-overlay__inner.bottom-right{justify-content:flex-end}.wp-block-uagb-image--layout-overlay__inner.top-left,.wp-block-uagb-image--layout-overlay__inner.center-left,.wp-block-uagb-image--layout-overlay__inner.bottom-left{align-items:flex-start}.wp-block-uagb-image--layout-overlay__inner.top-right,.wp-block-uagb-image--layout-overlay__inner.center-right,.wp-block-uagb-image--layout-overlay__inner.bottom-right{align-items:flex-end}.wp-block-uagb-image--layout-overlay__inner .uagb-image-heading{color:#fff;transition:transform .35s,opacity .35s ease-in-out;transform:translate3d(0, 24px, 0);margin:0;line-height:1em}.wp-block-uagb-image--layout-overlay__inner .uagb-image-separator{width:30%;border-top-width:2px;border-top-color:#fff;border-top-style:solid;margin-bottom:10px;opacity:0;transition:transform .4s,opacity .4s ease-in-out;transform:translate3d(0, 30px, 0)}.wp-block-uagb-image--layout-overlay__inner .uagb-image-caption{opacity:0;overflow:visible;color:#fff;transition:transform .45s,opacity .45s ease-in-out;transform:translate3d(0, 35px, 0)}.wp-block-uagb-image--layout-overlay__inner:hover .uagb-image-heading,.wp-block-uagb-image--layout-overlay__inner:hover .uagb-image-separator,.wp-block-uagb-image--layout-overlay__inner:hover .uagb-image-caption{opacity:1;transform:translate3d(0, 0, 0)}.wp-block-uagb-image--effect-zoomin .wp-block-uagb-image__figure img,.wp-block-uagb-image--effect-zoomin .wp-block-uagb-image__figure .wp-block-uagb-image--layout-overlay__color-wrapper{transform:scale(1);transition:transform .35s ease-in-out}.wp-block-uagb-image--effect-zoomin .wp-block-uagb-image__figure:hover img,.wp-block-uagb-image--effect-zoomin .wp-block-uagb-image__figure:hover .wp-block-uagb-image--layout-overlay__color-wrapper{transform:scale(1.05)}.wp-block-uagb-image--effect-slide .wp-block-uagb-image__figure img,.wp-block-uagb-image--effect-slide .wp-block-uagb-image__figure .wp-block-uagb-image--layout-overlay__color-wrapper{width:calc(100% + 40px) !important;max-width:none !important;transform:translate3d(-40px, 0, 0);transition:transform .35s ease-in-out}.wp-block-uagb-image--effect-slide .wp-block-uagb-image__figure:hover img,.wp-block-uagb-image--effect-slide .wp-block-uagb-image__figure:hover .wp-block-uagb-image--layout-overlay__color-wrapper{transform:translate3d(0, 0, 0)}.wp-block-uagb-image--effect-grayscale img{filter:grayscale(0%);transition:.35s ease-in-out}.wp-block-uagb-image--effect-grayscale:hover img{filter:grayscale(100%)}.wp-block-uagb-image--effect-blur img{filter:blur(0);transition:.35s ease-in-out}.wp-block-uagb-image--effect-blur:hover img{filter:blur(3px)}.uagb-block-e6f939b3.wp-block-uagb-image--layout-default figure img{box-shadow: 0px 0px 0 #00000070;}.uagb-block-e6f939b3.wp-block-uagb-image .wp-block-uagb-image__figure figcaption{font-style: normal;align-self: center;}.uagb-block-e6f939b3.wp-block-uagb-image--layout-overlay figure img{box-shadow: 0px 0px 0 #00000070;}.uagb-block-e6f939b3.wp-block-uagb-image--layout-overlay .wp-block-uagb-image--layout-overlay__color-wrapper{opacity: 0.2;}.uagb-block-e6f939b3.wp-block-uagb-image--layout-overlay .wp-block-uagb-image--layout-overlay__inner{left: 15px;right: 15px;top: 15px;bottom: 15px;}.uagb-block-e6f939b3.wp-block-uagb-image--layout-overlay .wp-block-uagb-image--layout-overlay__inner .uagb-image-heading{font-style: normal;color: #fff;opacity: 1;}.uagb-block-e6f939b3.wp-block-uagb-image--layout-overlay .wp-block-uagb-image--layout-overlay__inner .uagb-image-heading a{color: #fff;}.uagb-block-e6f939b3.wp-block-uagb-image--layout-overlay .wp-block-uagb-image--layout-overlay__inner .uagb-image-caption{opacity: 0;}.uagb-block-e6f939b3.wp-block-uagb-image--layout-overlay .wp-block-uagb-image__figure:hover .wp-block-uagb-image--layout-overlay__color-wrapper{opacity: 1;}.uagb-block-e6f939b3.wp-block-uagb-image .wp-block-uagb-image--layout-overlay__inner .uagb-image-separator{width: 30%;border-top-width: 2px;border-top-color: #fff;opacity: 0;}.uagb-block-e6f939b3.wp-block-uagb-image .wp-block-uagb-image__figure img{width: px;height: auto;}.uagb-block-e6f939b3.wp-block-uagb-image .wp-block-uagb-image__figure:hover .wp-block-uagb-image--layout-overlay__inner .uagb-image-caption{opacity: 1;}.uagb-block-e6f939b3.wp-block-uagb-image .wp-block-uagb-image__figure:hover .wp-block-uagb-image--layout-overlay__inner .uagb-image-separator{opacity: 1;}.uagb-block-e6f939b3.wp-block-uagb-image--layout-default figure:hover img{box-shadow: 0px 0px 0 #00000070;}.uagb-block-e6f939b3.wp-block-uagb-image--layout-overlay figure:hover img{box-shadow: 0px 0px 0 #00000070;}@media only screen and (max-width: 976px) {.uagb-block-e6f939b3.wp-block-uagb-image .wp-block-uagb-image__figure img{width: px;height: auto;}}@media only screen and (max-width: 767px) {.uagb-block-e6f939b3.wp-block-uagb-image .wp-block-uagb-image__figure img{width: px;height: auto;}}\";s:2:\"js\";s:0:\"\";s:18:\"current_block_list\";a:13:{i:0;s:11:\"core\/search\";i:1;s:10:\"core\/group\";i:2;s:12:\"core\/heading\";i:3;s:17:\"core\/latest-posts\";i:4;s:20:\"core\/latest-comments\";i:5;s:13:\"core\/archives\";i:6;s:15:\"core\/categories\";i:7;s:14:\"core\/paragraph\";i:8;s:10:\"uagb\/image\";i:9;s:11:\"core\/spacer\";i:10;s:30:\"woocommerce\/product-categories\";i:11;s:10:\"core\/image\";i:12;s:14:\"core\/shortcode\";}s:8:\"uag_flag\";b:1;s:11:\"uag_version\";s:10:\"1777102749\";s:6:\"gfonts\";a:0:{}s:10:\"gfonts_url\";s:0:\"\";s:12:\"gfonts_files\";a:0:{}s:14:\"uag_faq_layout\";b:0;}"]},"uagb_featured_image_src":{"full":["https:\/\/www.ferberpainting.com\/wp-content\/uploads\/2025\/05\/WallFillerforInteriorandExterior5L.png",2560,2560,false],"thumbnail":["https:\/\/www.ferberpainting.com\/wp-content\/uploads\/2025\/05\/WallFillerforInteriorandExterior5L-150x150.png",150,150,true],"medium":["https:\/\/www.ferberpainting.com\/wp-content\/uploads\/2025\/05\/WallFillerforInteriorandExterior5L-300x300.png",300,300,true],"medium_large":["https:\/\/www.ferberpainting.com\/wp-content\/uploads\/2025\/05\/WallFillerforInteriorandExterior5L-768x768.png",768,768,true],"large":["https:\/\/www.ferberpainting.com\/wp-content\/uploads\/2025\/05\/WallFillerforInteriorandExterior5L-1024x1024.png",1024,1024,true],"1536x1536":["https:\/\/www.ferberpainting.com\/wp-content\/uploads\/2025\/05\/WallFillerforInteriorandExterior5L-1536x1536.png",1536,1536,true],"2048x2048":["https:\/\/www.ferberpainting.com\/wp-content\/uploads\/2025\/05\/WallFillerforInteriorandExterior5L-2048x2048.png",2048,2048,true],"trp-custom-language-flag":["https:\/\/www.ferberpainting.com\/wp-content\/uploads\/2025\/05\/WallFillerforInteriorandExterior5L-12x12.png",12,12,true],"woocommerce_thumbnail":["https:\/\/www.ferberpainting.com\/wp-content\/uploads\/2025\/05\/WallFillerforInteriorandExterior5L-300x300.png",300,300,true],"woocommerce_single":["https:\/\/www.ferberpainting.com\/wp-content\/uploads\/2025\/05\/WallFillerforInteriorandExterior5L-600x600.png",600,600,true],"woocommerce_gallery_thumbnail":["https:\/\/www.ferberpainting.com\/wp-content\/uploads\/2025\/05\/WallFillerforInteriorandExterior5L-100x100.png",100,100,true]},"uagb_author_info":{"display_name":"admin","author_link":"https:\/\/www.ferberpainting.com\/de\/author\/"},"uagb_comment_info":6,"uagb_excerpt":"Deep surface repair and smoothing.\u00a0This filler is specially designed to effectively fill holes, cracks, and irregularities on all types of surfaces, both indoors and outdoors. Its smooth texture and easy application allow for a perfectly homogeneous finish, making it easier to paint or apply a coating after drying. Money-back guarantee.\u00a0We have total confidence in the&hellip;","_links":{"self":[{"href":"https:\/\/www.ferberpainting.com\/de\/wp-json\/wp\/v2\/product\/25630","targetHints":{"allow":["GET"]}}],"collection":[{"href":"https:\/\/www.ferberpainting.com\/de\/wp-json\/wp\/v2\/product"}],"about":[{"href":"https:\/\/www.ferberpainting.com\/de\/wp-json\/wp\/v2\/types\/product"}],"replies":[{"embeddable":true,"href":"https:\/\/www.ferberpainting.com\/de\/wp-json\/wp\/v2\/comments?post=25630"}],"version-history":[{"count":4,"href":"https:\/\/www.ferberpainting.com\/de\/wp-json\/wp\/v2\/product\/25630\/revisions"}],"predecessor-version":[{"id":168605,"href":"https:\/\/www.ferberpainting.com\/de\/wp-json\/wp\/v2\/product\/25630\/revisions\/168605"}],"wp:featuredmedia":[{"embeddable":true,"href":"https:\/\/www.ferberpainting.com\/de\/wp-json\/wp\/v2\/media\/27441"}],"wp:attachment":[{"href":"https:\/\/www.ferberpainting.com\/de\/wp-json\/wp\/v2\/media?parent=25630"}],"wp:term":[{"taxonomy":"product_brand","embeddable":true,"href":"https:\/\/www.ferberpainting.com\/de\/wp-json\/wp\/v2\/product_brand?post=25630"},{"taxonomy":"product_cat","embeddable":true,"href":"https:\/\/www.ferberpainting.com\/de\/wp-json\/wp\/v2\/product_cat?post=25630"},{"taxonomy":"product_tag","embeddable":true,"href":"https:\/\/www.ferberpainting.com\/de\/wp-json\/wp\/v2\/product_tag?post=25630"}],"curies":[{"name":"wp","href":"https:\/\/api.w.org\/{rel}","templated":true}]}}