{"id":25604,"date":"2025-05-26T10:32:43","date_gmt":"2025-05-26T08:32:43","guid":{"rendered":"https:\/\/www.ferberpainting.com\/products\/truffle-tree-fertilizer\/"},"modified":"2026-02-16T13:50:18","modified_gmt":"2026-02-16T12:50:18","slug":"truffle-tree-fertilizer","status":"publish","type":"product","link":"https:\/\/www.ferberpainting.com\/de\/products\/truffle-tree-fertilizer\/","title":{"rendered":"Tr\u00fcffelbaum-D\u00fcnger 25 kg"},"content":{"rendered":"<p><strong><img decoding=\"async\" style=\"margin-right: 12px;\" src=\"https:\/\/www.ferberpainting.com\/wp-content\/uploads\/2026\/02\/Check.svg\" alt=\"\" width=\"18\" height=\"15\" \/>Ein D\u00fcnger, der speziell zur F\u00f6rderung der Mykorrhizierung von Tr\u00fcffeln entwickelt wurde.<\/strong>\u00a0Dieser Granulatd\u00fcnger wurde speziell f\u00fcr die Bed\u00fcrfnisse von Tr\u00fcffelb\u00e4umen entwickelt, indem er die f\u00fcr ihre Entwicklung erforderlichen N\u00e4hrstoffe liefert. Er f\u00f6rdert eine ausgewogene und progressive Ern\u00e4hrung, die das Wurzelwachstum und die Einpflanzung des Tr\u00fcffelmyzels stimuliert. Dank seiner ausgewogenen Zusammensetzung aus Stickstoff, Phosphor und Kalium (NPK 10-10-10) unterst\u00fctzt dieser D\u00fcnger die Symbiose zwischen Baum und Tr\u00fcffel und st\u00e4rkt gleichzeitig die Vitalit\u00e4t des Tr\u00fcffelbaums und seine Widerstandsf\u00e4higkeit gegen\u00fcber Umweltbelastungen.<\/p>\n<p><strong><img decoding=\"async\" style=\"margin-right: 12px;\" src=\"https:\/\/www.ferberpainting.com\/wp-content\/uploads\/2026\/02\/Check.svg\" alt=\"\" width=\"18\" height=\"15\" \/>Geld-zur\u00fcck-Garantie.<\/strong>\u00a0Wir sind von der Wirksamkeit unseres Tr\u00fcffeld\u00fcngers \u00fcberzeugt und bieten Ihnen daher eine vollst\u00e4ndige R\u00fcckerstattung an, wenn Sie mit den Ergebnissen nicht zufrieden sind. Wenn Sie nach der Anwendung keine Verbesserung im Wachstum Ihrer B\u00e4ume oder in der Bildung von Mykorrhizen feststellen, verpflichten wir uns, Ihnen den Betrag bedingungslos zu erstatten.<\/p>\n<p><strong><img decoding=\"async\" style=\"margin-right: 12px;\" src=\"https:\/\/www.ferberpainting.com\/wp-content\/uploads\/2026\/02\/Check.svg\" alt=\"\" width=\"18\" height=\"15\" \/>Ein vielseitiger D\u00fcnger, der f\u00fcr verschiedene B\u00f6den und Tr\u00fcffelarten geeignet ist.<\/strong>\u00a0Dieser D\u00fcnger ist mit allen Arten von Tr\u00fcffel-Eichen kompatibel, einschlie\u00dflich der Behaarten Eiche, der Gr\u00fcnen Eiche und der Wei\u00dfen Eiche, sowie mit Haselnussb\u00e4umen f\u00fcr den Tr\u00fcffelanbau. Er ist auch f\u00fcr kalkhaltige, tonhaltige und lehmige B\u00f6den geeignet und f\u00f6rdert so eine bessere N\u00e4hrstoffaufnahme und eine optimale Mykorrhizierung.<\/p>\n<p><strong><img decoding=\"async\" style=\"margin-right: 12px;\" src=\"https:\/\/www.ferberpainting.com\/wp-content\/uploads\/2026\/02\/Check.svg\" alt=\"\" width=\"18\" height=\"15\" \/>Au\u00dfergew\u00f6hnlicher wirtschaftlicher Ertrag f\u00fcr eine lang anhaltende Befruchtung.<\/strong>\u00a0Dank seiner hohen N\u00e4hrstoffkonzentration sorgt dieser D\u00fcnger f\u00fcr eine effiziente D\u00fcngung mit einer geringen Menge des Produkts pro Baum. Mit einem 25-kg-Sack k\u00f6nnen Sie eine gro\u00dfe Anbaufl\u00e4che behandeln. Sein Ertrag von 200 Gramm pro Baum macht ihn zu einer kosteng\u00fcnstigen und effizienten Wahl f\u00fcr alle Tr\u00fcffelz\u00fcchter.<\/p>\n<p><strong><img decoding=\"async\" style=\"margin-right: 12px;\" src=\"https:\/\/www.ferberpainting.com\/wp-content\/uploads\/2026\/02\/Check.svg\" alt=\"\" width=\"18\" height=\"15\" \/>Ein umweltfreundlicher D\u00fcnger, der f\u00fcr Fauna und Flora sicher ist.<\/strong>\u00a0Dieser D\u00fcnger, der ohne toxische Produkte formuliert wurde, ver\u00e4ndert die Biodiversit\u00e4t des Bodens nicht, setzt keine sch\u00e4dlichen chemischen R\u00fcckst\u00e4nde frei und tr\u00e4gt zur Erhaltung der f\u00fcr die Tr\u00fcffelproduktion n\u00fctzlichen Mikroorganismen bei. Er ist unsch\u00e4dlich f\u00fcr Tiere, Insekten und Bodenorganismen und gew\u00e4hrleistet eine harmonische Entwicklung des Tr\u00fcffelbaums und des Mykorrhizanetzes.<\/p>\n<p><strong><img decoding=\"async\" style=\"margin-right: 12px;\" src=\"https:\/\/www.ferberpainting.com\/wp-content\/uploads\/2026\/02\/Check.svg\" alt=\"\" width=\"18\" height=\"15\" \/>Eine einfache und schnelle Anwendung ohne das Risiko einer \u00dcberdosierung.<\/strong>\u00a0Dieser D\u00fcnger wird in fester Form verwendet und l\u00e4sst sich daher leicht ausbringen, ohne dass er vorher verd\u00fcnnt werden muss. Verteilen Sie einfach die empfohlene Menge um den Baum herum und arbeiten Sie sie leicht in den Boden ein, um eine allm\u00e4hliche N\u00e4hrstofffreisetzung zu gew\u00e4hrleisten.<\/p>\n<p><strong><img decoding=\"async\" style=\"margin-right: 12px;\" src=\"https:\/\/www.ferberpainting.com\/wp-content\/uploads\/2026\/02\/Check.svg\" alt=\"\" width=\"18\" height=\"15\" \/>Lang anhaltende Wirkung f\u00fcr ein nachhaltiges Wachstum der Tr\u00fcffelb\u00e4ume.<\/strong>\u00a0Dank seiner Formulierung mit langsamer Freisetzung gew\u00e4hrleistet dieser D\u00fcnger eine gleichm\u00e4\u00dfige Freisetzung von N\u00e4hrstoffen w\u00e4hrend der gesamten Saison. Er f\u00f6rdert die Wurzelentwicklung, stimuliert die Mykorrhizat\u00e4tigkeit und verbessert die allgemeine Gesundheit des Tr\u00fcffelbaums, wodurch die Chancen auf eine reiche und nachhaltige Tr\u00fcffelproduktion steigen.<\/p>\n<p><strong><img decoding=\"async\" style=\"margin-right: 12px;\" src=\"https:\/\/www.ferberpainting.com\/wp-content\/uploads\/2026\/02\/Check.svg\" alt=\"\" width=\"18\" height=\"15\" \/>Sichtbare Ergebnisse der ersten Saison.<\/strong>\u00a0Schon in den ersten Wochen nach der Anwendung werden Sie ein dynamischeres Baumwachstum, eine bessere Wurzeldichte und eine allgemeine Verbesserung des Gesundheitszustands des Tr\u00fcffelbaums feststellen. Dieser D\u00fcnger stimuliert die Wurzelbildung und die Bildung von Sekund\u00e4rwurzeln, was die Mykorrhizierung und die Tr\u00fcffelproduktion f\u00f6rdert.<\/p>\n<h2><strong>Verwendungsprotokoll<\/strong><\/h2>\n<p><strong>Empfohlene Dosierung <\/strong>:<\/p>\n<ul>\n<li>200 Gramm D\u00fcnger pro Baum, ein- bis zweimal im Jahr, am besten im Fr\u00fchjahr und im Herbst, ausbringen.<\/li>\n<li>Bei jungen Anpflanzungen reicht eine reduzierte Dosis von 100 Gramm pro Baum aus, um eine schnelle Etablierung und ein gleichm\u00e4\u00dfiges Wachstum zu f\u00f6rdern.<\/li>\n<\/ul>\n<p><strong>Methode der Anwendung <\/strong>:<\/p>\n<ul>\n<li>Verteilen Sie den D\u00fcnger kreisf\u00f6rmig um die Basis des Baumes und achten Sie darauf, ihn nicht direkt auf den Stamm zu geben.<\/li>\n<li>Arbeiten Sie den D\u00fcnger mit einer Harke oder Kralle leicht in den Boden ein, damit die N\u00e4hrstoffe besser aufgenommen werden.<\/li>\n<li>Nach dem Ausbringen w\u00e4ssern, um die Freisetzung von Mineralstoffen zu f\u00f6rdern und die mikrobielle Aktivit\u00e4t des Bodens zu aktivieren.<\/li>\n<\/ul>\n<p><strong>H\u00e4ufigkeit der Nutzung <\/strong>:<\/p>\n<ul>\n<li><strong>Im Fr\u00fchjahr (M\u00e4rz-April) <\/strong>: Zur F\u00f6rderung der Wurzelentwicklung und zur Stimulation des Tr\u00fcffelmyzels.<\/li>\n<li><strong>Im Herbst (September-Oktober) <\/strong>: Um die Tr\u00fcffelb\u00e4ume auf die kalte Jahreszeit vorzubereiten und ihre Ern\u00e4hrung f\u00fcr das n\u00e4chste Jahr zu unterst\u00fctzen.<\/li>\n<\/ul>\n<p><strong>Vorsichtsma\u00dfnahmen bei der Verwendung <\/strong>:<\/p>\n<ul>\n<li>Vermeiden Sie eine \u00dcberd\u00fcngung, da eine zu starke D\u00fcngung den Boden aus dem Gleichgewicht bringen und die Bildung von Tr\u00fcffeln verlangsamen kann.<\/li>\n<li>Nicht im Sommer bei gro\u00dfer Hitze verwenden, da die N\u00e4hrstoffaufnahme geringer ist und die Verdunstung zunimmt.<\/li>\n<li>Lagern Sie das Produkt an einem trockenen, gut bel\u00fcfteten und vor Feuchtigkeit gesch\u00fctzten Ort, um seine Qualit\u00e4t und Wirksamkeit zu erhalten.<\/li>\n<\/ul>\n<p>Dieser Tr\u00fcffeld\u00fcnger ist die ideale L\u00f6sung f\u00fcr alle Tr\u00fcffelz\u00fcchter, die das Wachstum der B\u00e4ume maximieren und die Tr\u00fcffelproduktion optimieren wollen.<br \/>\nEinfach in der Anwendung, kosteng\u00fcnstig und umweltfreundlich, bietet es eine vollst\u00e4ndige und nachhaltige D\u00fcngung f\u00fcr einen reichen und produktiven Boden.<\/p>","protected":false},"excerpt":{"rendered":"<p>A fertilizer specially designed to promote truffle mycorrhization.\u00a0This granular fertilizer has been specially formulated to meet the needs of truffle trees, by providing the essential nutrients needed for their development. It promotes a balanced and progressive nutrition, which stimulates root growth and the implantation of the truffle mycelium. Thanks to its balanced formulation in nitrogen, [&hellip;]<\/p>\n","protected":false},"featured_media":27436,"comment_status":"open","ping_status":"closed","template":"","meta":{"_uag_custom_page_level_css":"","site-sidebar-layout":"default","site-content-layout":"","ast-site-content-layout":"default","site-content-style":"default","site-sidebar-style":"default","ast-global-header-display":"","ast-banner-title-visibility":"","ast-main-header-display":"","ast-hfb-above-header-display":"","ast-hfb-below-header-display":"","ast-hfb-mobile-header-display":"","site-post-title":"","ast-breadcrumbs-content":"","ast-featured-img":"","footer-sml-layout":"","ast-disable-related-posts":"","theme-transparent-header-meta":"default","adv-header-id-meta":"","stick-header-meta":"","header-above-stick-meta":"","header-main-stick-meta":"","header-below-stick-meta":"","astra-migrate-meta-layouts":"set","ast-page-background-enabled":"default","ast-page-background-meta":{"desktop":{"background-color":"var(--ast-global-color-4)","background-image":"","background-repeat":"repeat","background-position":"center center","background-size":"auto","background-attachment":"scroll","background-type":"","background-media":"","overlay-type":"","overlay-color":"","overlay-opacity":"","overlay-gradient":""},"tablet":{"background-color":"","background-image":"","background-repeat":"repeat","background-position":"center center","background-size":"auto","background-attachment":"scroll","background-type":"","background-media":"","overlay-type":"","overlay-color":"","overlay-opacity":"","overlay-gradient":""},"mobile":{"background-color":"","background-image":"","background-repeat":"repeat","background-position":"center center","background-size":"auto","background-attachment":"scroll","background-type":"","background-media":"","overlay-type":"","overlay-color":"","overlay-opacity":"","overlay-gradient":""}},"ast-content-background-meta":{"desktop":{"background-color":"var(--ast-global-color-5)","background-image":"","background-repeat":"repeat","background-position":"center center","background-size":"auto","background-attachment":"scroll","background-type":"","background-media":"","overlay-type":"","overlay-color":"","overlay-opacity":"","overlay-gradient":""},"tablet":{"background-color":"var(--ast-global-color-5)","background-image":"","background-repeat":"repeat","background-position":"center center","background-size":"auto","background-attachment":"scroll","background-type":"","background-media":"","overlay-type":"","overlay-color":"","overlay-opacity":"","overlay-gradient":""},"mobile":{"background-color":"var(--ast-global-color-5)","background-image":"","background-repeat":"repeat","background-position":"center center","background-size":"auto","background-attachment":"scroll","background-type":"","background-media":"","overlay-type":"","overlay-color":"","overlay-opacity":"","overlay-gradient":""}}},"product_brand":[],"product_cat":[178],"product_tag":[],"class_list":{"0":"post-25604","1":"product","2":"type-product","3":"status-publish","4":"has-post-thumbnail","6":"product_cat-fertilizers","7":"desktop-align-left","8":"tablet-align-left","9":"mobile-align-left","11":"first","12":"instock","13":"taxable","14":"shipping-taxable","15":"purchasable","16":"product-type-simple"},"spectra_custom_meta":{"_visibility":["visible"],"_shopify_product_id":["9073230774517"],"_s2w_shopify_domain":["ferberpainting.myshopify.com"],"_shopify_variant_id":["46524447981813"],"_sku":["FPTRUFFLETREEFERTILIZER25KG"],"_regular_price":["39.90"],"_price":["39.90"],"_sale_price":[""],"_weight":["18.7"],"_thumbnail_id":["27436"],"_global_unique_id":["5056773817920"],"total_sales":["14"],"_tax_status":["taxable"],"_tax_class":[""],"_manage_stock":["no"],"_backorders":["no"],"_sold_individually":["no"],"_virtual":["no"],"_downloadable":["no"],"_download_limit":["-1"],"_download_expiry":["-1"],"_stock":[null],"_stock_status":["instock"],"_wc_average_rating":["5.00"],"_wc_review_count":["33"],"_product_version":["10.5.1"],"_wc_rating_count":["a:1:{i:5;i:33;}"],"_edit_lock":["1771246083:1"],"merchant-center-availability":["yes"],"merchant-center-category":["113"],"_edit_last":["1"],"_wp_page_template":["default"],"site-sidebar-layout":["default"],"ast-site-content-layout":["default"],"site-content-style":["default"],"site-sidebar-style":["default"],"theme-transparent-header-meta":["default"],"astra-migrate-meta-layouts":["set"],"_uag_css_file_name":["uag-css-25604.css"],"_elementor_page_assets":["a:0:{}"]},"uagb_featured_image_src":{"full":["https:\/\/www.ferberpainting.com\/wp-content\/uploads\/2025\/05\/TruffleTreeFertilizer.png",2560,2560,false],"thumbnail":["https:\/\/www.ferberpainting.com\/wp-content\/uploads\/2025\/05\/TruffleTreeFertilizer-150x150.png",150,150,true],"medium":["https:\/\/www.ferberpainting.com\/wp-content\/uploads\/2025\/05\/TruffleTreeFertilizer-300x300.png",300,300,true],"medium_large":["https:\/\/www.ferberpainting.com\/wp-content\/uploads\/2025\/05\/TruffleTreeFertilizer-768x768.png",768,768,true],"large":["https:\/\/www.ferberpainting.com\/wp-content\/uploads\/2025\/05\/TruffleTreeFertilizer-1024x1024.png",1024,1024,true],"1536x1536":["https:\/\/www.ferberpainting.com\/wp-content\/uploads\/2025\/05\/TruffleTreeFertilizer-1536x1536.png",1536,1536,true],"2048x2048":["https:\/\/www.ferberpainting.com\/wp-content\/uploads\/2025\/05\/TruffleTreeFertilizer-2048x2048.png",2048,2048,true],"trp-custom-language-flag":["https:\/\/www.ferberpainting.com\/wp-content\/uploads\/2025\/05\/TruffleTreeFertilizer-12x12.png",12,12,true],"woocommerce_thumbnail":["https:\/\/www.ferberpainting.com\/wp-content\/uploads\/2025\/05\/TruffleTreeFertilizer-300x300.png",300,300,true],"woocommerce_single":["https:\/\/www.ferberpainting.com\/wp-content\/uploads\/2025\/05\/TruffleTreeFertilizer-600x600.png",600,600,true],"woocommerce_gallery_thumbnail":["https:\/\/www.ferberpainting.com\/wp-content\/uploads\/2025\/05\/TruffleTreeFertilizer-100x100.png",100,100,true]},"uagb_author_info":{"display_name":"admin","author_link":"https:\/\/www.ferberpainting.com\/de\/author\/"},"uagb_comment_info":33,"uagb_excerpt":"A fertilizer specially designed to promote truffle mycorrhization.\u00a0This granular fertilizer has been specially formulated to meet the needs of truffle trees, by providing the essential nutrients needed for their development. It promotes a balanced and progressive nutrition, which stimulates root growth and the implantation of the truffle mycelium. Thanks to its balanced formulation in nitrogen,&hellip;","_links":{"self":[{"href":"https:\/\/www.ferberpainting.com\/de\/wp-json\/wp\/v2\/product\/25604","targetHints":{"allow":["GET"]}}],"collection":[{"href":"https:\/\/www.ferberpainting.com\/de\/wp-json\/wp\/v2\/product"}],"about":[{"href":"https:\/\/www.ferberpainting.com\/de\/wp-json\/wp\/v2\/types\/product"}],"replies":[{"embeddable":true,"href":"https:\/\/www.ferberpainting.com\/de\/wp-json\/wp\/v2\/comments?post=25604"}],"version-history":[{"count":5,"href":"https:\/\/www.ferberpainting.com\/de\/wp-json\/wp\/v2\/product\/25604\/revisions"}],"predecessor-version":[{"id":167495,"href":"https:\/\/www.ferberpainting.com\/de\/wp-json\/wp\/v2\/product\/25604\/revisions\/167495"}],"wp:featuredmedia":[{"embeddable":true,"href":"https:\/\/www.ferberpainting.com\/de\/wp-json\/wp\/v2\/media\/27436"}],"wp:attachment":[{"href":"https:\/\/www.ferberpainting.com\/de\/wp-json\/wp\/v2\/media?parent=25604"}],"wp:term":[{"taxonomy":"product_brand","embeddable":true,"href":"https:\/\/www.ferberpainting.com\/de\/wp-json\/wp\/v2\/product_brand?post=25604"},{"taxonomy":"product_cat","embeddable":true,"href":"https:\/\/www.ferberpainting.com\/de\/wp-json\/wp\/v2\/product_cat?post=25604"},{"taxonomy":"product_tag","embeddable":true,"href":"https:\/\/www.ferberpainting.com\/de\/wp-json\/wp\/v2\/product_tag?post=25604"}],"curies":[{"name":"wp","href":"https:\/\/api.w.org\/{rel}","templated":true}]}}