{"id":25572,"date":"2025-05-26T10:32:23","date_gmt":"2025-05-26T08:32:23","guid":{"rendered":"https:\/\/www.ferberpainting.com\/products\/tile-varnish\/"},"modified":"2026-02-16T12:46:23","modified_gmt":"2026-02-16T11:46:23","slug":"tile-varnish","status":"publish","type":"product","link":"https:\/\/www.ferberpainting.com\/de\/products\/tile-varnish\/","title":{"rendered":"Fliesenlack"},"content":{"rendered":"<p><strong><img decoding=\"async\" style=\"margin-right: 12px;\" src=\"https:\/\/www.ferberpainting.com\/wp-content\/uploads\/2026\/02\/Check.svg\" alt=\"\" width=\"18\" height=\"15\" \/>Dauerhafter Schutz und Versch\u00f6nerung von Fliesen.<\/strong>\u00a0Dieser Fliesenlack wurde speziell f\u00fcr den Schutz und die Versch\u00f6nerung von Fliesenoberfl\u00e4chen entwickelt, indem er eine erh\u00f6hte Widerstandsf\u00e4higkeit gegen \u00e4u\u00dfere Einfl\u00fcsse bietet. Er bildet einen unsichtbaren Schutzfilm, der den Glanz der Fliesen bewahrt, die Abnutzung verringert und die Pflege erleichtert und somit eine makellose und dauerhafte Oberfl\u00e4che gew\u00e4hrleistet.<\/p>\n<p><strong><img decoding=\"async\" style=\"margin-right: 12px;\" src=\"https:\/\/www.ferberpainting.com\/wp-content\/uploads\/2026\/02\/Check.svg\" alt=\"\" width=\"18\" height=\"15\" \/>Geld-zur\u00fcck-Garantie.<\/strong>\u00a0Wir haben absolutes Vertrauen in die Wirksamkeit unseres Fliesenlacks. Deshalb bieten wir eine Geld-zur\u00fcck-Garantie. Wenn das Produkt nach der Anwendung gem\u00e4\u00df unseren Empfehlungen nicht Ihren Erwartungen entspricht, k\u00f6nnen Sie eine bedingungslose R\u00fcckerstattung beantragen, um einen sicheren und risikofreien Kauf zu gew\u00e4hrleisten.<\/p>\n<p><strong><img decoding=\"async\" style=\"margin-right: 12px;\" src=\"https:\/\/www.ferberpainting.com\/wp-content\/uploads\/2026\/02\/Check.svg\" alt=\"\" width=\"18\" height=\"15\" \/>Kompatibel mit verschiedenen Arten von Oberfl\u00e4chen.<\/strong>\u00a0Dieser Lack ist ideal f\u00fcr alle Arten von Fliesen, ob Feinsteinzeug, Steingut, Terrakotta, Naturstein oder gewachster Beton. Er ist sowohl f\u00fcr Wandfl\u00e4chen als auch f\u00fcr B\u00f6den, Arbeitsplatten oder Aufkantungen geeignet und bietet eine vielseitige L\u00f6sung zur Renovierung und zum Schutz von Fliesenbel\u00e4gen.<\/p>\n<p><strong><img decoding=\"async\" style=\"margin-right: 12px;\" src=\"https:\/\/www.ferberpainting.com\/wp-content\/uploads\/2026\/02\/Check.svg\" alt=\"\" width=\"18\" height=\"15\" \/>Optimierte wirtschaftliche Leistung.<\/strong>\u00a0Dank seiner hohen Konzentration deckt 1 Liter Lack zwischen 8 und 12 m\u00b2, je nach Porosit\u00e4t der Fliesen und Dicke der aufgetragenen Schicht. Seine hohe Deckkraft gew\u00e4hrleistet einen wirksamen Schutz in nur einem oder zwei Anstrichen, wodurch der Produktverbrauch optimiert und die langfristigen Wartungskosten gesenkt werden.<\/p>\n<p><strong><img decoding=\"async\" style=\"margin-right: 12px;\" src=\"https:\/\/www.ferberpainting.com\/wp-content\/uploads\/2026\/02\/Check.svg\" alt=\"\" width=\"18\" height=\"15\" \/>Ein sicheres und ungiftiges Produkt.<\/strong>\u00a0Ohne scharfe L\u00f6sungsmittel oder sch\u00e4dliche D\u00e4mpfe formuliert, ist dieser Lack sicher f\u00fcr den Benutzer und umweltfreundlich. Er verstr\u00f6mt keinen unangenehmen Geruch und kann in Innenr\u00e4umen ohne gesundheitliche Risiken verwendet werden, wodurch er sich perfekt f\u00fcr Wohnbereiche wie K\u00fcchen, B\u00e4der oder gewerbliche R\u00e4ume eignet.<\/p>\n<p><strong><img decoding=\"async\" style=\"margin-right: 12px;\" src=\"https:\/\/www.ferberpainting.com\/wp-content\/uploads\/2026\/02\/Check.svg\" alt=\"\" width=\"18\" height=\"15\" \/>Leichte Anwendung f\u00fcr professionelle Ergebnisse.<\/strong>\u00a0Dieser Lack ist gebrauchsfertig und erfordert keine aufwendige Vorbereitung. Er wird direkt mit einem Pinsel, einer Rolle oder einem Spr\u00fchger\u00e4t aufgetragen und gew\u00e4hrleistet eine gleichm\u00e4\u00dfige Verteilung und ein streifenfreies Trocknen. Seine fl\u00fcssige und gleichm\u00e4\u00dfige Anwendung erm\u00f6glicht auch Anf\u00e4ngern ein tadelloses Finish.<\/p>\n<p><strong><img decoding=\"async\" style=\"margin-right: 12px;\" src=\"https:\/\/www.ferberpainting.com\/wp-content\/uploads\/2026\/02\/Check.svg\" alt=\"\" width=\"18\" height=\"15\" \/>Langlebigkeit und Widerstandsf\u00e4higkeit gegen die t\u00e4glichen Angriffe.<\/strong>\u00a0Nach dem Auftragen und Trocknen sch\u00fctzt dieser Lack die Fliesen vor St\u00f6\u00dfen, Kratzern, Feuchtigkeit und Flecken und verhindert eine vorzeitige Alterung. Er widersteht Haushaltsprodukten, Wasserspritzern und h\u00e4ufigem Begehen und bietet lang anhaltenden Schutz, ohne das Aussehen der Beschichtung zu ver\u00e4ndern.<\/p>\n<p><strong><img decoding=\"async\" style=\"margin-right: 12px;\" src=\"https:\/\/www.ferberpainting.com\/wp-content\/uploads\/2026\/02\/Check.svg\" alt=\"\" width=\"18\" height=\"15\" \/>Schnelles Trocknen und sofortige Wiederherstellung der Betriebsbereitschaft.<\/strong>\u00a0Dank seiner schnelltrocknenden Formel ist dieser Lack in 30 bis 60 Minuten handtrocken und kann nach 24 Stunden verarbeitet werden. Er erm\u00f6glicht somit eine schnelle Renovierung von Fliesenfl\u00e4chen, ohne dass die R\u00e4ume f\u00fcr l\u00e4ngere Zeit stillgelegt werden m\u00fcssen, und ist somit ideal f\u00fcr schnelle Renovierungen und Projekte, die eine sofortige Fertigstellung erfordern.<\/p>\n<h2><strong>Verwendungsprotokoll<\/strong><\/h2>\n<ul>\n<li><strong>Vorbereitung der Oberfl\u00e4che <\/strong>: Reinigen Sie die Fliesen sorgf\u00e4ltig, um Staub, Schmutz, Fett oder Seifenreste zu entfernen. Falls erforderlich, entfetten Sie die Oberfl\u00e4che mit einem geeigneten Reinigungsmittel und lassen Sie sie vor dem Auftragen vollst\u00e4ndig trocknen.<\/li>\n<li><strong>Empfohlene Dosierung <\/strong>: Etwa 1 Liter pro 8 bis 12 m\u00b2 auftragen, je nach Porosit\u00e4t und Beschaffenheit der Fliesen. Eine Schicht reicht f\u00fcr wenig beanspruchte Fliesen aus, w\u00e4hrend eine zweite Schicht den Schutz f\u00fcr stark beanspruchte Oberfl\u00e4chen erh\u00f6ht.<\/li>\n<li><strong>Auftragen des Lacks <\/strong>: Tragen Sie das Produkt mit einem Pinsel, einer kurzhaarigen Rolle oder einem Spr\u00fchger\u00e4t auf, wobei Sie darauf achten m\u00fcssen, dass das Produkt gut gestreckt wird, um \u00fcberm\u00e4\u00dfige Anhaftungen und Tropfen zu vermeiden. Arbeiten Sie in Abschnitten, um eine gleichm\u00e4\u00dfige Verteilung zu gew\u00e4hrleisten.<\/li>\n<li><strong>Trocknungszeit <\/strong>: 30 bis 60 Minuten Trocknungszeit abwarten, bevor eine zweite Schicht aufgetragen wird, falls erforderlich. F\u00fcr eine optimale Best\u00e4ndigkeit 24 Stunden warten, bevor der geflieste Bereich wieder normal genutzt wird.<\/li>\n<li><strong>Wartung und Langlebigkeit <\/strong>: Nach dem Trocknen des Lacks k\u00f6nnen Sie die Fliesen mit milden Haushaltsreinigern pflegen, um ihren Glanz zu erhalten. Bei Abnutzung stellt ein einfaches Auftragen des Lacks sowohl den Schutz als auch das Aussehen wieder her.<\/li>\n<li><strong>Reinigungstools <\/strong>: Reinigen Sie Pinsel, Rollen und Spr\u00fchger\u00e4te sofort nach dem Auftragen mit klarem Wasser, bevor der Lack trocknet, um die Lebensdauer der Werkzeuge zu verl\u00e4ngern.<\/li>\n<\/ul>","protected":false},"excerpt":{"rendered":"<p>Durable protection and embellishment of tiles.\u00a0This tile varnish is specially designed to protect and enhance tiled surfaces by offering increased resistance to external aggressions. It forms an invisible protective film that preserves the shine of tiles, reduces wear, and facilitates maintenance, thus ensuring a flawless and durable finish. Money-back guarantee.\u00a0We have absolute confidence in the [&hellip;]<\/p>\n","protected":false},"featured_media":27421,"comment_status":"open","ping_status":"closed","template":"","meta":{"_uag_custom_page_level_css":"","site-sidebar-layout":"default","site-content-layout":"","ast-site-content-layout":"default","site-content-style":"default","site-sidebar-style":"default","ast-global-header-display":"","ast-banner-title-visibility":"","ast-main-header-display":"","ast-hfb-above-header-display":"","ast-hfb-below-header-display":"","ast-hfb-mobile-header-display":"","site-post-title":"","ast-breadcrumbs-content":"","ast-featured-img":"","footer-sml-layout":"","ast-disable-related-posts":"","theme-transparent-header-meta":"default","adv-header-id-meta":"","stick-header-meta":"","header-above-stick-meta":"","header-main-stick-meta":"","header-below-stick-meta":"","astra-migrate-meta-layouts":"set","ast-page-background-enabled":"default","ast-page-background-meta":{"desktop":{"background-color":"var(--ast-global-color-4)","background-image":"","background-repeat":"repeat","background-position":"center center","background-size":"auto","background-attachment":"scroll","background-type":"","background-media":"","overlay-type":"","overlay-color":"","overlay-opacity":"","overlay-gradient":""},"tablet":{"background-color":"","background-image":"","background-repeat":"repeat","background-position":"center center","background-size":"auto","background-attachment":"scroll","background-type":"","background-media":"","overlay-type":"","overlay-color":"","overlay-opacity":"","overlay-gradient":""},"mobile":{"background-color":"","background-image":"","background-repeat":"repeat","background-position":"center center","background-size":"auto","background-attachment":"scroll","background-type":"","background-media":"","overlay-type":"","overlay-color":"","overlay-opacity":"","overlay-gradient":""}},"ast-content-background-meta":{"desktop":{"background-color":"var(--ast-global-color-5)","background-image":"","background-repeat":"repeat","background-position":"center center","background-size":"auto","background-attachment":"scroll","background-type":"","background-media":"","overlay-type":"","overlay-color":"","overlay-opacity":"","overlay-gradient":""},"tablet":{"background-color":"var(--ast-global-color-5)","background-image":"","background-repeat":"repeat","background-position":"center center","background-size":"auto","background-attachment":"scroll","background-type":"","background-media":"","overlay-type":"","overlay-color":"","overlay-opacity":"","overlay-gradient":""},"mobile":{"background-color":"var(--ast-global-color-5)","background-image":"","background-repeat":"repeat","background-position":"center center","background-size":"auto","background-attachment":"scroll","background-type":"","background-media":"","overlay-type":"","overlay-color":"","overlay-opacity":"","overlay-gradient":""}}},"product_brand":[],"product_cat":[190],"product_tag":[],"class_list":{"0":"post-25572","1":"product","2":"type-product","3":"status-publish","4":"has-post-thumbnail","6":"product_cat-varnish","7":"desktop-align-left","8":"tablet-align-left","9":"mobile-align-left","11":"first","12":"instock","13":"sale","14":"shipping-taxable","15":"purchasable","16":"product-type-variable","17":"has-default-attributes"},"spectra_custom_meta":{"_visibility":["visible"],"_shopify_product_id":["9060321657077"],"_s2w_shopify_domain":["ferberpainting.myshopify.com"],"_shopify_variant_id":["46483053641973"],"_sku":[""],"_manage_stock":["no"],"total_sales":["251"],"_tax_status":["taxable"],"_tax_class":[""],"_backorders":["no"],"_sold_individually":["no"],"_virtual":["no"],"_downloadable":["no"],"_download_limit":["-1"],"_download_expiry":["-1"],"_stock":[null],"_stock_status":["instock"],"_wc_average_rating":["4.57"],"_wc_review_count":["7"],"_product_attributes":["a:1:{s:6:\"volume\";a:6:{s:4:\"name\";s:6:\"Volume\";s:5:\"value\";s:30:\"1 liter | 5 liters | 20 liters\";s:8:\"position\";i:1;s:10:\"is_visible\";i:0;s:12:\"is_variation\";i:1;s:11:\"is_taxonomy\";i:0;}}"],"_product_version":["10.5.1"],"_thumbnail_id":["27421"],"_product_image_gallery":["27422,27423"],"wpse_downloadable_file_names":[""],"wpse_downloadable_file_urls":[""],"_edit_last":["1"],"_default_attributes":["a:1:{s:6:\"volume\";s:7:\"1 liter\";}"],"_edit_lock":["1771242257:1"],"_price":["29.90","129.90","499.90"],"merchant-center-availability":["yes"],"merchant-center-category":["503738"],"_wp_page_template":["default"],"site-sidebar-layout":["default"],"ast-site-content-layout":["default"],"site-content-style":["default"],"site-sidebar-style":["default"],"theme-transparent-header-meta":["default"],"_wc_rating_count":["a:2:{i:4;i:3;i:5;i:4;}"],"astra-migrate-meta-layouts":["set"],"_uag_css_file_name":["uag-css-25572.css"],"_elementor_page_assets":["a:0:{}"],"_uag_page_assets":["a:9:{s:3:\"css\";s:6873:\".wp-block-uagb-image{display:flex}.wp-block-uagb-image__figure{position:relative;display:flex;flex-direction:column;max-width:100%;height:auto;margin:0}.wp-block-uagb-image__figure img{height:auto;display:flex;max-width:100%;transition:box-shadow .2s ease}.wp-block-uagb-image__figure>a{display:inline-block}.wp-block-uagb-image__figure figcaption{text-align:center;margin-top:.5em;margin-bottom:1em}.wp-block-uagb-image .components-placeholder.block-editor-media-placeholder .components-placeholder__instructions{align-self:center}.wp-block-uagb-image--align-left{text-align:left}.wp-block-uagb-image--align-right{text-align:right}.wp-block-uagb-image--align-center{text-align:center}.wp-block-uagb-image--align-full .wp-block-uagb-image__figure{margin-left:calc(50% - 50vw);margin-right:calc(50% - 50vw);max-width:100vw;width:100vw;height:auto}.wp-block-uagb-image--align-full .wp-block-uagb-image__figure img{height:auto;width:100% !important}.wp-block-uagb-image--align-wide .wp-block-uagb-image__figure img{height:auto;width:100%}.wp-block-uagb-image--layout-overlay__color-wrapper{position:absolute;left:0;top:0;right:0;bottom:0;opacity:.2;background:rgba(0,0,0,.5);transition:opacity .35s ease-in-out}.wp-block-uagb-image--layout-overlay-link{position:absolute;left:0;right:0;bottom:0;top:0}.wp-block-uagb-image--layout-overlay .wp-block-uagb-image__figure:hover .wp-block-uagb-image--layout-overlay__color-wrapper{opacity:1}.wp-block-uagb-image--layout-overlay__inner{position:absolute;left:15px;right:15px;bottom:15px;top:15px;display:flex;align-items:center;justify-content:center;flex-direction:column;border-color:#fff;transition:.35s ease-in-out}.wp-block-uagb-image--layout-overlay__inner.top-left,.wp-block-uagb-image--layout-overlay__inner.top-center,.wp-block-uagb-image--layout-overlay__inner.top-right{justify-content:flex-start}.wp-block-uagb-image--layout-overlay__inner.bottom-left,.wp-block-uagb-image--layout-overlay__inner.bottom-center,.wp-block-uagb-image--layout-overlay__inner.bottom-right{justify-content:flex-end}.wp-block-uagb-image--layout-overlay__inner.top-left,.wp-block-uagb-image--layout-overlay__inner.center-left,.wp-block-uagb-image--layout-overlay__inner.bottom-left{align-items:flex-start}.wp-block-uagb-image--layout-overlay__inner.top-right,.wp-block-uagb-image--layout-overlay__inner.center-right,.wp-block-uagb-image--layout-overlay__inner.bottom-right{align-items:flex-end}.wp-block-uagb-image--layout-overlay__inner .uagb-image-heading{color:#fff;transition:transform .35s,opacity .35s ease-in-out;transform:translate3d(0, 24px, 0);margin:0;line-height:1em}.wp-block-uagb-image--layout-overlay__inner .uagb-image-separator{width:30%;border-top-width:2px;border-top-color:#fff;border-top-style:solid;margin-bottom:10px;opacity:0;transition:transform .4s,opacity .4s ease-in-out;transform:translate3d(0, 30px, 0)}.wp-block-uagb-image--layout-overlay__inner .uagb-image-caption{opacity:0;overflow:visible;color:#fff;transition:transform .45s,opacity .45s ease-in-out;transform:translate3d(0, 35px, 0)}.wp-block-uagb-image--layout-overlay__inner:hover .uagb-image-heading,.wp-block-uagb-image--layout-overlay__inner:hover .uagb-image-separator,.wp-block-uagb-image--layout-overlay__inner:hover .uagb-image-caption{opacity:1;transform:translate3d(0, 0, 0)}.wp-block-uagb-image--effect-zoomin .wp-block-uagb-image__figure img,.wp-block-uagb-image--effect-zoomin .wp-block-uagb-image__figure .wp-block-uagb-image--layout-overlay__color-wrapper{transform:scale(1);transition:transform .35s ease-in-out}.wp-block-uagb-image--effect-zoomin .wp-block-uagb-image__figure:hover img,.wp-block-uagb-image--effect-zoomin .wp-block-uagb-image__figure:hover .wp-block-uagb-image--layout-overlay__color-wrapper{transform:scale(1.05)}.wp-block-uagb-image--effect-slide .wp-block-uagb-image__figure img,.wp-block-uagb-image--effect-slide .wp-block-uagb-image__figure .wp-block-uagb-image--layout-overlay__color-wrapper{width:calc(100% + 40px) !important;max-width:none !important;transform:translate3d(-40px, 0, 0);transition:transform .35s ease-in-out}.wp-block-uagb-image--effect-slide .wp-block-uagb-image__figure:hover img,.wp-block-uagb-image--effect-slide .wp-block-uagb-image__figure:hover .wp-block-uagb-image--layout-overlay__color-wrapper{transform:translate3d(0, 0, 0)}.wp-block-uagb-image--effect-grayscale img{filter:grayscale(0%);transition:.35s ease-in-out}.wp-block-uagb-image--effect-grayscale:hover img{filter:grayscale(100%)}.wp-block-uagb-image--effect-blur img{filter:blur(0);transition:.35s ease-in-out}.wp-block-uagb-image--effect-blur:hover img{filter:blur(3px)}.uagb-block-e6f939b3.wp-block-uagb-image--layout-default figure img{box-shadow: 0px 0px 0 #00000070;}.uagb-block-e6f939b3.wp-block-uagb-image .wp-block-uagb-image__figure figcaption{font-style: normal;align-self: center;}.uagb-block-e6f939b3.wp-block-uagb-image--layout-overlay figure img{box-shadow: 0px 0px 0 #00000070;}.uagb-block-e6f939b3.wp-block-uagb-image--layout-overlay .wp-block-uagb-image--layout-overlay__color-wrapper{opacity: 0.2;}.uagb-block-e6f939b3.wp-block-uagb-image--layout-overlay .wp-block-uagb-image--layout-overlay__inner{left: 15px;right: 15px;top: 15px;bottom: 15px;}.uagb-block-e6f939b3.wp-block-uagb-image--layout-overlay .wp-block-uagb-image--layout-overlay__inner .uagb-image-heading{font-style: normal;color: #fff;opacity: 1;}.uagb-block-e6f939b3.wp-block-uagb-image--layout-overlay .wp-block-uagb-image--layout-overlay__inner .uagb-image-heading a{color: #fff;}.uagb-block-e6f939b3.wp-block-uagb-image--layout-overlay .wp-block-uagb-image--layout-overlay__inner .uagb-image-caption{opacity: 0;}.uagb-block-e6f939b3.wp-block-uagb-image--layout-overlay .wp-block-uagb-image__figure:hover .wp-block-uagb-image--layout-overlay__color-wrapper{opacity: 1;}.uagb-block-e6f939b3.wp-block-uagb-image .wp-block-uagb-image--layout-overlay__inner .uagb-image-separator{width: 30%;border-top-width: 2px;border-top-color: #fff;opacity: 0;}.uagb-block-e6f939b3.wp-block-uagb-image .wp-block-uagb-image__figure img{width: px;height: auto;}.uagb-block-e6f939b3.wp-block-uagb-image .wp-block-uagb-image__figure:hover .wp-block-uagb-image--layout-overlay__inner .uagb-image-caption{opacity: 1;}.uagb-block-e6f939b3.wp-block-uagb-image .wp-block-uagb-image__figure:hover .wp-block-uagb-image--layout-overlay__inner .uagb-image-separator{opacity: 1;}.uagb-block-e6f939b3.wp-block-uagb-image--layout-default figure:hover img{box-shadow: 0px 0px 0 #00000070;}.uagb-block-e6f939b3.wp-block-uagb-image--layout-overlay figure:hover img{box-shadow: 0px 0px 0 #00000070;}@media only screen and (max-width: 976px) {.uagb-block-e6f939b3.wp-block-uagb-image .wp-block-uagb-image__figure img{width: px;height: auto;}}@media only screen and (max-width: 767px) {.uagb-block-e6f939b3.wp-block-uagb-image .wp-block-uagb-image__figure img{width: px;height: auto;}}\";s:2:\"js\";s:0:\"\";s:18:\"current_block_list\";a:13:{i:0;s:11:\"core\/search\";i:1;s:10:\"core\/group\";i:2;s:12:\"core\/heading\";i:3;s:17:\"core\/latest-posts\";i:4;s:20:\"core\/latest-comments\";i:5;s:13:\"core\/archives\";i:6;s:15:\"core\/categories\";i:7;s:14:\"core\/paragraph\";i:8;s:10:\"uagb\/image\";i:9;s:11:\"core\/spacer\";i:10;s:30:\"woocommerce\/product-categories\";i:11;s:10:\"core\/image\";i:12;s:14:\"core\/shortcode\";}s:8:\"uag_flag\";b:1;s:11:\"uag_version\";s:10:\"1777093182\";s:6:\"gfonts\";a:0:{}s:10:\"gfonts_url\";s:0:\"\";s:12:\"gfonts_files\";a:0:{}s:14:\"uag_faq_layout\";b:0;}"]},"uagb_featured_image_src":{"full":["https:\/\/www.ferberpainting.com\/wp-content\/uploads\/2025\/05\/TileVarnish_1L.png",2560,2276,false],"thumbnail":["https:\/\/www.ferberpainting.com\/wp-content\/uploads\/2025\/05\/TileVarnish_1L-150x150.png",150,150,true],"medium":["https:\/\/www.ferberpainting.com\/wp-content\/uploads\/2025\/05\/TileVarnish_1L-300x267.png",300,267,true],"medium_large":["https:\/\/www.ferberpainting.com\/wp-content\/uploads\/2025\/05\/TileVarnish_1L-768x683.png",768,683,true],"large":["https:\/\/www.ferberpainting.com\/wp-content\/uploads\/2025\/05\/TileVarnish_1L-1024x910.png",1024,910,true],"1536x1536":["https:\/\/www.ferberpainting.com\/wp-content\/uploads\/2025\/05\/TileVarnish_1L-1536x1366.png",1536,1366,true],"2048x2048":["https:\/\/www.ferberpainting.com\/wp-content\/uploads\/2025\/05\/TileVarnish_1L-2048x1821.png",2048,1821,true],"trp-custom-language-flag":["https:\/\/www.ferberpainting.com\/wp-content\/uploads\/2025\/05\/TileVarnish_1L-13x12.png",13,12,true],"woocommerce_thumbnail":["https:\/\/www.ferberpainting.com\/wp-content\/uploads\/2025\/05\/TileVarnish_1L-300x300.png",300,300,true],"woocommerce_single":["https:\/\/www.ferberpainting.com\/wp-content\/uploads\/2025\/05\/TileVarnish_1L-600x533.png",600,533,true],"woocommerce_gallery_thumbnail":["https:\/\/www.ferberpainting.com\/wp-content\/uploads\/2025\/05\/TileVarnish_1L-100x100.png",100,100,true]},"uagb_author_info":{"display_name":"admin","author_link":"https:\/\/www.ferberpainting.com\/de\/author\/"},"uagb_comment_info":7,"uagb_excerpt":"Durable protection and embellishment of tiles.\u00a0This tile varnish is specially designed to protect and enhance tiled surfaces by offering increased resistance to external aggressions. It forms an invisible protective film that preserves the shine of tiles, reduces wear, and facilitates maintenance, thus ensuring a flawless and durable finish. Money-back guarantee.\u00a0We have absolute confidence in the&hellip;","_links":{"self":[{"href":"https:\/\/www.ferberpainting.com\/de\/wp-json\/wp\/v2\/product\/25572","targetHints":{"allow":["GET"]}}],"collection":[{"href":"https:\/\/www.ferberpainting.com\/de\/wp-json\/wp\/v2\/product"}],"about":[{"href":"https:\/\/www.ferberpainting.com\/de\/wp-json\/wp\/v2\/types\/product"}],"replies":[{"embeddable":true,"href":"https:\/\/www.ferberpainting.com\/de\/wp-json\/wp\/v2\/comments?post=25572"}],"version-history":[{"count":3,"href":"https:\/\/www.ferberpainting.com\/de\/wp-json\/wp\/v2\/product\/25572\/revisions"}],"predecessor-version":[{"id":167420,"href":"https:\/\/www.ferberpainting.com\/de\/wp-json\/wp\/v2\/product\/25572\/revisions\/167420"}],"wp:featuredmedia":[{"embeddable":true,"href":"https:\/\/www.ferberpainting.com\/de\/wp-json\/wp\/v2\/media\/27421"}],"wp:attachment":[{"href":"https:\/\/www.ferberpainting.com\/de\/wp-json\/wp\/v2\/media?parent=25572"}],"wp:term":[{"taxonomy":"product_brand","embeddable":true,"href":"https:\/\/www.ferberpainting.com\/de\/wp-json\/wp\/v2\/product_brand?post=25572"},{"taxonomy":"product_cat","embeddable":true,"href":"https:\/\/www.ferberpainting.com\/de\/wp-json\/wp\/v2\/product_cat?post=25572"},{"taxonomy":"product_tag","embeddable":true,"href":"https:\/\/www.ferberpainting.com\/de\/wp-json\/wp\/v2\/product_tag?post=25572"}],"curies":[{"name":"wp","href":"https:\/\/api.w.org\/{rel}","templated":true}]}}