{"id":25464,"date":"2025-05-26T10:31:21","date_gmt":"2025-05-26T08:31:21","guid":{"rendered":"https:\/\/www.ferberpainting.com\/products\/tile-paint-blue-black\/"},"modified":"2026-02-16T12:40:25","modified_gmt":"2026-02-16T11:40:25","slug":"tile-paint-blue-black","status":"publish","type":"product","link":"https:\/\/www.ferberpainting.com\/de\/products\/tile-paint-blue-black\/","title":{"rendered":"Fliesenfarbe blauschwarz"},"content":{"rendered":"<p><strong><img decoding=\"async\" style=\"margin-right: 12px;\" src=\"https:\/\/www.ferberpainting.com\/wp-content\/uploads\/2026\/02\/Check.svg\" alt=\"\" width=\"18\" height=\"15\" \/>Verwandeln Sie alte Fliesen im Handumdrehen ohne kostspieligen Austausch.<\/strong> Unsere Fliesenfarbe wurde speziell f\u00fcr die schnelle und kosteng\u00fcnstige Renovierung veralteter, abgenutzter oder verf\u00e4rbter Fliesen entwickelt. Anstatt vorhandene Fliesen zu entfernen und teure Renovierungsarbeiten durchzuf\u00fchren, k\u00f6nnen Sie K\u00fcchen, B\u00e4der, Waschk\u00fcchen und andere geflieste Bereiche mit einem glatten, modernen Finish auffrischen. Mit dieser L\u00f6sung k\u00f6nnen Sie das Aussehen Ihres Raums v\u00f6llig ver\u00e4ndern und gleichzeitig die vorhandene Oberfl\u00e4che erhalten.<\/p>\n<p><strong><img decoding=\"async\" style=\"margin-right: 12px;\" src=\"https:\/\/www.ferberpainting.com\/wp-content\/uploads\/2026\/02\/Check.svg\" alt=\"\" width=\"18\" height=\"15\" \/>Die wirksamste Fliesenfarbe auf dem Markt.<\/strong> Dank der fortschrittlichen Adh\u00e4sionstechnologie haftet diese Farbe direkt auf Keramik-, Porzellan- und glasierten Kacheloberfl\u00e4chen. Im Gegensatz zu gew\u00f6hnlichen Wandfarben wurde sie speziell f\u00fcr glatte und nicht por\u00f6se Materialien entwickelt, um eine starke Haftung und langfristige Haltbarkeit zu gew\u00e4hrleisten. Bei richtiger Anwendung ist sie resistent gegen Abbl\u00e4ttern, Abplatzen und vorzeitige Abnutzung.<\/p>\n<p><strong><img decoding=\"async\" style=\"margin-right: 12px;\" src=\"https:\/\/www.ferberpainting.com\/wp-content\/uploads\/2026\/02\/Check.svg\" alt=\"\" width=\"18\" height=\"15\" \/>Geld-zur\u00fcck-Garantie f\u00fcr absoluten Seelenfrieden.<\/strong> Wir haben volles Vertrauen in die Leistung und Haltbarkeit unserer Fliesenfarbe. Wenn Sie mit dem Ergebnis nicht zufrieden sind, erstatten wir Ihnen den Kaufpreis. Unsere Geld-zur\u00fcck-Garantie stellt sicher, dass Ihre Investition v\u00f6llig risikofrei ist, und spiegelt unser Engagement f\u00fcr die Lieferung professioneller Qualit\u00e4t wider.<\/p>\n<p><strong><img decoding=\"async\" style=\"margin-right: 12px;\" src=\"https:\/\/www.ferberpainting.com\/wp-content\/uploads\/2026\/02\/Check.svg\" alt=\"\" width=\"18\" height=\"15\" \/>Die preiswerteste Hochleistungsfliesenfarbe auf dem Markt.<\/strong> Der Austausch von Fliesen kann teuer und st\u00f6rend sein. Unsere Fliesenfarbe bietet eine erstklassige Renovierungsl\u00f6sung zum wettbewerbsf\u00e4higsten Preis auf dem Markt, mit der Sie ein professionelles Ergebnis erzielen k\u00f6nnen, ohne dass die Kosten f\u00fcr Abriss oder Neuverlegung anfallen.<\/p>\n<p><strong><img decoding=\"async\" style=\"margin-right: 12px;\" src=\"https:\/\/www.ferberpainting.com\/wp-content\/uploads\/2026\/02\/Check.svg\" alt=\"\" width=\"18\" height=\"15\" \/>Schnelle 24-Stunden-Lieferung f\u00fcr schnelle Renovierungsprojekte.<\/strong> Renovierungsprojekte folgen oft strengen Zeitpl\u00e4nen. Deshalb bieten wir eine zuverl\u00e4ssige 24-Stunden-Lieferung, damit Ihre Fliesenfarbe schnell bei Ihnen eintrifft und Sie ohne Verz\u00f6gerung mit der Umgestaltung Ihrer R\u00e4ume beginnen k\u00f6nnen.<\/p>\n<p><strong><img decoding=\"async\" style=\"margin-right: 12px;\" src=\"https:\/\/www.ferberpainting.com\/wp-content\/uploads\/2026\/02\/Check.svg\" alt=\"\" width=\"18\" height=\"15\" \/>Deckkraft von bis zu 10 m\u00b2 pro Liter f\u00fcr eine effiziente Anwendung.<\/strong> Ein Liter Fliesenfarbe reicht f\u00fcr bis zu 10 Quadratmeter, was eine genaue Planung und Kostenkontrolle erm\u00f6glicht. Diese definierte Ergiebigkeit sorgt f\u00fcr eine gleichm\u00e4\u00dfige Farbverteilung und gleichbleibende Ergebnisse auf den gefliesten Fl\u00e4chen.<\/p>\n<p><strong><img decoding=\"async\" style=\"margin-right: 12px;\" src=\"https:\/\/www.ferberpainting.com\/wp-content\/uploads\/2026\/02\/Check.svg\" alt=\"\" width=\"18\" height=\"15\" \/>Hervorragende Best\u00e4ndigkeit gegen Feuchtigkeit und t\u00e4glichen Verschlei\u00df.<\/strong> Diese Fliesenfarbe wurde f\u00fcr Umgebungen entwickelt, die Feuchtigkeit ausgesetzt sind, und bildet nach dem Aush\u00e4rten eine dauerhafte und wasserfeste Beschichtung. Sie h\u00e4lt h\u00e4ufiger Reinigung, leichtem Abrieb und dem t\u00e4glichen Gebrauch in K\u00fcchen und B\u00e4dern stand.<\/p>\n<p><strong><img decoding=\"async\" style=\"margin-right: 12px;\" src=\"https:\/\/www.ferberpainting.com\/wp-content\/uploads\/2026\/02\/Check.svg\" alt=\"\" width=\"18\" height=\"15\" \/>Glatte und moderne Oberfl\u00e4che mit professionellem Aussehen.<\/strong> Die fortschrittliche Formel sorgt f\u00fcr eine gleichm\u00e4\u00dfige Nivellierung und minimiert Pinselstriche und Rollenspuren. Das Ergebnis ist ein glattes und raffiniertes Finish, das die Gesamt\u00e4sthetik jeder Fliesenoberfl\u00e4che aufwertet.<\/p>\n<p><strong><img decoding=\"async\" style=\"margin-right: 12px;\" src=\"https:\/\/www.ferberpainting.com\/wp-content\/uploads\/2026\/02\/Check.svg\" alt=\"\" width=\"18\" height=\"15\" \/>Starke Haftung auf Keramik- und Porzellanfliesen.<\/strong> Diese Farbe haftet bei entsprechender Vorbereitung sicher auf glasierten und unglasierten Fliesenoberfl\u00e4chen. Seine spezielle Formulierung gew\u00e4hrleistet eine langfristige Haftung auch auf glatten und nicht saugf\u00e4higen Materialien.<\/p>\n<p><strong><img decoding=\"async\" style=\"margin-right: 12px;\" src=\"https:\/\/www.ferberpainting.com\/wp-content\/uploads\/2026\/02\/Check.svg\" alt=\"\" width=\"18\" height=\"15\" \/>Geeignet f\u00fcr W\u00e4nde und wenig beanspruchte Fliesenfl\u00e4chen.<\/strong> Diese Farbe ist ideal f\u00fcr K\u00fcchenr\u00fcckw\u00e4nde, Badezimmerw\u00e4nde, dekorative Fliesenfl\u00e4chen und andere vertikale Fliesenoberfl\u00e4chen und bietet eine zuverl\u00e4ssige Renovierungsl\u00f6sung f\u00fcr Wohn- und Gewerbebereiche.<\/p>\n<h2><strong>Anweisungen<\/strong><\/h2>\n<ul>\n<li>Vergewissern Sie sich, dass die geflieste Oberfl\u00e4che sauber, trocken und frei von Fett, Seifenresten, Kalk, Schimmel oder Ablagerungen von Reinigungsmitteln ist.<\/li>\n<li>Fliesen mit einer geeigneten Reinigungsl\u00f6sung gr\u00fcndlich entfetten und gut absp\u00fclen. Lassen Sie die Oberfl\u00e4che vor dem Auftragen vollst\u00e4ndig trocknen.<\/li>\n<li>Schleifen Sie gl\u00e4nzende Fliesen leicht an, um eine leicht aufgeraute Oberfl\u00e4che zu schaffen, die die Haftung verbessert. Entfernen Sie vor dem Anstrich den gesamten Schleifstaub.<\/li>\n<li>Falls erforderlich, tragen Sie eine geeignete Haftgrundierung f\u00fcr glatte Oberfl\u00e4chen auf, um die langfristige Haftung zu verbessern. Lassen Sie die Grundierung vollst\u00e4ndig trocknen.<\/li>\n<li>R\u00fchren Sie die Fliesenfarbe vor Gebrauch gr\u00fcndlich um, um eine gleichm\u00e4\u00dfige Farbe und Textur zu gew\u00e4hrleisten.<\/li>\n<li>Mit einer kleinen Schaumstoffrolle oder einem hochwertigen, f\u00fcr glatte Oberfl\u00e4chen geeigneten Pinsel gleichm\u00e4\u00dfig auftragen.<\/li>\n<li>Beachten Sie die empfohlene Ergiebigkeit von bis zu 10 m\u00b2 pro Liter. Dies entspricht etwa 100 ml pro Quadratmeter, je nach Fliesentextur und Absorption.<\/li>\n<li>Tragen Sie eine d\u00fcnne und gleichm\u00e4\u00dfige erste Schicht auf und vermeiden Sie \u00fcberm\u00e4\u00dfige Anh\u00e4ufungen in den Fugenlinien.<\/li>\n<li>Lassen Sie die erste Schicht je nach Raumtemperatur und Bel\u00fcftungsbedingungen vollst\u00e4ndig trocknen.<\/li>\n<li>F\u00fcr optimale Deckkraft, Farbtiefe und Haltbarkeit eine zweite Schicht auftragen.<\/li>\n<li>Vermeiden Sie w\u00e4hrend der Aush\u00e4rtungszeit den Kontakt mit Wasser und Feuchtigkeit. Lassen Sie die lackierte Oberfl\u00e4che vollst\u00e4ndig aush\u00e4rten, bevor Sie sie einer regelm\u00e4\u00dfigen Reinigung oder Feuchtigkeit aussetzen.<\/li>\n<li>W\u00e4hrend des Auftragens und Trocknens f\u00fcr ausreichende Bel\u00fcftung sorgen.<\/li>\n<li>Reinigen Sie die Werkzeuge sofort nach Gebrauch mit geeigneten Reinigungsmitteln und lagern Sie den Beh\u00e4lter dicht verschlossen an einem k\u00fchlen, trockenen Ort, gesch\u00fctzt vor direktem Sonnenlicht und extremen Temperaturen.<\/li>\n<\/ul>","protected":false},"excerpt":{"rendered":"<p>Transform old tiles instantly without costly replacement. Our tile paint is specially formulated to renovate outdated, worn, or discolored tiles quickly and affordably. Instead of removing existing tiles and undertaking expensive renovation work, you can refresh kitchens, bathrooms, laundry rooms, and other tiled areas with a smooth, modern finish. This solution allows you to completely [&hellip;]<\/p>\n","protected":false},"featured_media":27318,"comment_status":"open","ping_status":"closed","template":"","meta":{"_uag_custom_page_level_css":"","site-sidebar-layout":"default","site-content-layout":"","ast-site-content-layout":"default","site-content-style":"default","site-sidebar-style":"default","ast-global-header-display":"","ast-banner-title-visibility":"","ast-main-header-display":"","ast-hfb-above-header-display":"","ast-hfb-below-header-display":"","ast-hfb-mobile-header-display":"","site-post-title":"","ast-breadcrumbs-content":"","ast-featured-img":"","footer-sml-layout":"","ast-disable-related-posts":"","theme-transparent-header-meta":"default","adv-header-id-meta":"","stick-header-meta":"","header-above-stick-meta":"","header-main-stick-meta":"","header-below-stick-meta":"","astra-migrate-meta-layouts":"set","ast-page-background-enabled":"default","ast-page-background-meta":{"desktop":{"background-color":"var(--ast-global-color-4)","background-image":"","background-repeat":"repeat","background-position":"center center","background-size":"auto","background-attachment":"scroll","background-type":"","background-media":"","overlay-type":"","overlay-color":"","overlay-opacity":"","overlay-gradient":""},"tablet":{"background-color":"","background-image":"","background-repeat":"repeat","background-position":"center center","background-size":"auto","background-attachment":"scroll","background-type":"","background-media":"","overlay-type":"","overlay-color":"","overlay-opacity":"","overlay-gradient":""},"mobile":{"background-color":"","background-image":"","background-repeat":"repeat","background-position":"center center","background-size":"auto","background-attachment":"scroll","background-type":"","background-media":"","overlay-type":"","overlay-color":"","overlay-opacity":"","overlay-gradient":""}},"ast-content-background-meta":{"desktop":{"background-color":"var(--ast-global-color-5)","background-image":"","background-repeat":"repeat","background-position":"center center","background-size":"auto","background-attachment":"scroll","background-type":"","background-media":"","overlay-type":"","overlay-color":"","overlay-opacity":"","overlay-gradient":""},"tablet":{"background-color":"var(--ast-global-color-5)","background-image":"","background-repeat":"repeat","background-position":"center center","background-size":"auto","background-attachment":"scroll","background-type":"","background-media":"","overlay-type":"","overlay-color":"","overlay-opacity":"","overlay-gradient":""},"mobile":{"background-color":"var(--ast-global-color-5)","background-image":"","background-repeat":"repeat","background-position":"center center","background-size":"auto","background-attachment":"scroll","background-type":"","background-media":"","overlay-type":"","overlay-color":"","overlay-opacity":"","overlay-gradient":""}}},"product_brand":[],"product_cat":[189],"product_tag":[],"class_list":{"0":"post-25464","1":"product","2":"type-product","3":"status-publish","4":"has-post-thumbnail","6":"product_cat-tile-paint","7":"desktop-align-left","8":"tablet-align-left","9":"mobile-align-left","11":"first","12":"instock","13":"sale","14":"shipping-taxable","15":"purchasable","16":"product-type-variable","17":"has-default-attributes"},"spectra_custom_meta":{"_visibility":["visible"],"_shopify_product_id":["8320900563189"],"_s2w_shopify_domain":["ferberpainting.myshopify.com"],"_shopify_variant_id":["44782246592757"],"_sku":[""],"_manage_stock":["no"],"total_sales":["8"],"_tax_status":["taxable"],"_tax_class":[""],"_backorders":["no"],"_sold_individually":["no"],"_virtual":["no"],"_downloadable":["no"],"_download_limit":["-1"],"_download_expiry":["-1"],"_stock":[null],"_stock_status":["instock"],"_wc_average_rating":["5.00"],"_wc_review_count":["11"],"_product_attributes":["a:1:{s:6:\"volume\";a:6:{s:4:\"name\";s:6:\"Volume\";s:5:\"value\";s:30:\"1 liter | 5 liters | 20 liters\";s:8:\"position\";i:1;s:10:\"is_visible\";i:0;s:12:\"is_variation\";i:1;s:11:\"is_taxonomy\";i:0;}}"],"_product_version":["10.5.1"],"_thumbnail_id":["27318"],"_price":["19.90","79.90","299.90"],"_product_image_gallery":["27319,27320"],"merchant-center-availability":["yes"],"merchant-center-category":["1361"],"merchant-center-id":["PCBN1L"],"wpse_downloadable_file_names":[""],"wpse_downloadable_file_urls":[""],"_edit_last":["1"],"_default_attributes":["a:1:{s:6:\"volume\";s:7:\"1 liter\";}"],"_wc_rating_count":["a:1:{i:5;i:11;}"],"_edit_lock":["1771241930:1"],"_wp_page_template":["default"],"site-sidebar-layout":["default"],"ast-site-content-layout":["default"],"site-content-style":["default"],"site-sidebar-style":["default"],"theme-transparent-header-meta":["default"],"astra-migrate-meta-layouts":["set"],"_uag_css_file_name":["uag-css-25464.css"],"_elementor_page_assets":["a:0:{}"],"_uag_page_assets":["a:9:{s:3:\"css\";s:6873:\".wp-block-uagb-image{display:flex}.wp-block-uagb-image__figure{position:relative;display:flex;flex-direction:column;max-width:100%;height:auto;margin:0}.wp-block-uagb-image__figure img{height:auto;display:flex;max-width:100%;transition:box-shadow .2s ease}.wp-block-uagb-image__figure>a{display:inline-block}.wp-block-uagb-image__figure figcaption{text-align:center;margin-top:.5em;margin-bottom:1em}.wp-block-uagb-image .components-placeholder.block-editor-media-placeholder .components-placeholder__instructions{align-self:center}.wp-block-uagb-image--align-left{text-align:left}.wp-block-uagb-image--align-right{text-align:right}.wp-block-uagb-image--align-center{text-align:center}.wp-block-uagb-image--align-full .wp-block-uagb-image__figure{margin-left:calc(50% - 50vw);margin-right:calc(50% - 50vw);max-width:100vw;width:100vw;height:auto}.wp-block-uagb-image--align-full .wp-block-uagb-image__figure img{height:auto;width:100% !important}.wp-block-uagb-image--align-wide .wp-block-uagb-image__figure img{height:auto;width:100%}.wp-block-uagb-image--layout-overlay__color-wrapper{position:absolute;left:0;top:0;right:0;bottom:0;opacity:.2;background:rgba(0,0,0,.5);transition:opacity .35s ease-in-out}.wp-block-uagb-image--layout-overlay-link{position:absolute;left:0;right:0;bottom:0;top:0}.wp-block-uagb-image--layout-overlay .wp-block-uagb-image__figure:hover .wp-block-uagb-image--layout-overlay__color-wrapper{opacity:1}.wp-block-uagb-image--layout-overlay__inner{position:absolute;left:15px;right:15px;bottom:15px;top:15px;display:flex;align-items:center;justify-content:center;flex-direction:column;border-color:#fff;transition:.35s ease-in-out}.wp-block-uagb-image--layout-overlay__inner.top-left,.wp-block-uagb-image--layout-overlay__inner.top-center,.wp-block-uagb-image--layout-overlay__inner.top-right{justify-content:flex-start}.wp-block-uagb-image--layout-overlay__inner.bottom-left,.wp-block-uagb-image--layout-overlay__inner.bottom-center,.wp-block-uagb-image--layout-overlay__inner.bottom-right{justify-content:flex-end}.wp-block-uagb-image--layout-overlay__inner.top-left,.wp-block-uagb-image--layout-overlay__inner.center-left,.wp-block-uagb-image--layout-overlay__inner.bottom-left{align-items:flex-start}.wp-block-uagb-image--layout-overlay__inner.top-right,.wp-block-uagb-image--layout-overlay__inner.center-right,.wp-block-uagb-image--layout-overlay__inner.bottom-right{align-items:flex-end}.wp-block-uagb-image--layout-overlay__inner .uagb-image-heading{color:#fff;transition:transform .35s,opacity .35s ease-in-out;transform:translate3d(0, 24px, 0);margin:0;line-height:1em}.wp-block-uagb-image--layout-overlay__inner .uagb-image-separator{width:30%;border-top-width:2px;border-top-color:#fff;border-top-style:solid;margin-bottom:10px;opacity:0;transition:transform .4s,opacity .4s ease-in-out;transform:translate3d(0, 30px, 0)}.wp-block-uagb-image--layout-overlay__inner .uagb-image-caption{opacity:0;overflow:visible;color:#fff;transition:transform .45s,opacity .45s ease-in-out;transform:translate3d(0, 35px, 0)}.wp-block-uagb-image--layout-overlay__inner:hover .uagb-image-heading,.wp-block-uagb-image--layout-overlay__inner:hover .uagb-image-separator,.wp-block-uagb-image--layout-overlay__inner:hover .uagb-image-caption{opacity:1;transform:translate3d(0, 0, 0)}.wp-block-uagb-image--effect-zoomin .wp-block-uagb-image__figure img,.wp-block-uagb-image--effect-zoomin .wp-block-uagb-image__figure .wp-block-uagb-image--layout-overlay__color-wrapper{transform:scale(1);transition:transform .35s ease-in-out}.wp-block-uagb-image--effect-zoomin .wp-block-uagb-image__figure:hover img,.wp-block-uagb-image--effect-zoomin .wp-block-uagb-image__figure:hover .wp-block-uagb-image--layout-overlay__color-wrapper{transform:scale(1.05)}.wp-block-uagb-image--effect-slide .wp-block-uagb-image__figure img,.wp-block-uagb-image--effect-slide .wp-block-uagb-image__figure .wp-block-uagb-image--layout-overlay__color-wrapper{width:calc(100% + 40px) !important;max-width:none !important;transform:translate3d(-40px, 0, 0);transition:transform .35s ease-in-out}.wp-block-uagb-image--effect-slide .wp-block-uagb-image__figure:hover img,.wp-block-uagb-image--effect-slide .wp-block-uagb-image__figure:hover .wp-block-uagb-image--layout-overlay__color-wrapper{transform:translate3d(0, 0, 0)}.wp-block-uagb-image--effect-grayscale img{filter:grayscale(0%);transition:.35s ease-in-out}.wp-block-uagb-image--effect-grayscale:hover img{filter:grayscale(100%)}.wp-block-uagb-image--effect-blur img{filter:blur(0);transition:.35s ease-in-out}.wp-block-uagb-image--effect-blur:hover img{filter:blur(3px)}.uagb-block-e6f939b3.wp-block-uagb-image--layout-default figure img{box-shadow: 0px 0px 0 #00000070;}.uagb-block-e6f939b3.wp-block-uagb-image .wp-block-uagb-image__figure figcaption{font-style: normal;align-self: center;}.uagb-block-e6f939b3.wp-block-uagb-image--layout-overlay figure img{box-shadow: 0px 0px 0 #00000070;}.uagb-block-e6f939b3.wp-block-uagb-image--layout-overlay .wp-block-uagb-image--layout-overlay__color-wrapper{opacity: 0.2;}.uagb-block-e6f939b3.wp-block-uagb-image--layout-overlay .wp-block-uagb-image--layout-overlay__inner{left: 15px;right: 15px;top: 15px;bottom: 15px;}.uagb-block-e6f939b3.wp-block-uagb-image--layout-overlay .wp-block-uagb-image--layout-overlay__inner .uagb-image-heading{font-style: normal;color: #fff;opacity: 1;}.uagb-block-e6f939b3.wp-block-uagb-image--layout-overlay .wp-block-uagb-image--layout-overlay__inner .uagb-image-heading a{color: #fff;}.uagb-block-e6f939b3.wp-block-uagb-image--layout-overlay .wp-block-uagb-image--layout-overlay__inner .uagb-image-caption{opacity: 0;}.uagb-block-e6f939b3.wp-block-uagb-image--layout-overlay .wp-block-uagb-image__figure:hover .wp-block-uagb-image--layout-overlay__color-wrapper{opacity: 1;}.uagb-block-e6f939b3.wp-block-uagb-image .wp-block-uagb-image--layout-overlay__inner .uagb-image-separator{width: 30%;border-top-width: 2px;border-top-color: #fff;opacity: 0;}.uagb-block-e6f939b3.wp-block-uagb-image .wp-block-uagb-image__figure img{width: px;height: auto;}.uagb-block-e6f939b3.wp-block-uagb-image .wp-block-uagb-image__figure:hover .wp-block-uagb-image--layout-overlay__inner .uagb-image-caption{opacity: 1;}.uagb-block-e6f939b3.wp-block-uagb-image .wp-block-uagb-image__figure:hover .wp-block-uagb-image--layout-overlay__inner .uagb-image-separator{opacity: 1;}.uagb-block-e6f939b3.wp-block-uagb-image--layout-default figure:hover img{box-shadow: 0px 0px 0 #00000070;}.uagb-block-e6f939b3.wp-block-uagb-image--layout-overlay figure:hover img{box-shadow: 0px 0px 0 #00000070;}@media only screen and (max-width: 976px) {.uagb-block-e6f939b3.wp-block-uagb-image .wp-block-uagb-image__figure img{width: px;height: auto;}}@media only screen and (max-width: 767px) {.uagb-block-e6f939b3.wp-block-uagb-image .wp-block-uagb-image__figure img{width: px;height: auto;}}\";s:2:\"js\";s:0:\"\";s:18:\"current_block_list\";a:13:{i:0;s:11:\"core\/search\";i:1;s:10:\"core\/group\";i:2;s:12:\"core\/heading\";i:3;s:17:\"core\/latest-posts\";i:4;s:20:\"core\/latest-comments\";i:5;s:13:\"core\/archives\";i:6;s:15:\"core\/categories\";i:7;s:14:\"core\/paragraph\";i:8;s:10:\"uagb\/image\";i:9;s:11:\"core\/spacer\";i:10;s:30:\"woocommerce\/product-categories\";i:11;s:10:\"core\/image\";i:12;s:14:\"core\/shortcode\";}s:8:\"uag_flag\";b:1;s:11:\"uag_version\";s:10:\"1777146128\";s:6:\"gfonts\";a:0:{}s:10:\"gfonts_url\";s:0:\"\";s:12:\"gfonts_files\";a:0:{}s:14:\"uag_faq_layout\";b:0;}"]},"uagb_featured_image_src":{"full":["https:\/\/www.ferberpainting.com\/wp-content\/uploads\/2025\/05\/1L_0eff1f66-adac-4bbd-8b52-cac1218229aa.png",2560,2276,false],"thumbnail":["https:\/\/www.ferberpainting.com\/wp-content\/uploads\/2025\/05\/1L_0eff1f66-adac-4bbd-8b52-cac1218229aa-150x150.png",150,150,true],"medium":["https:\/\/www.ferberpainting.com\/wp-content\/uploads\/2025\/05\/1L_0eff1f66-adac-4bbd-8b52-cac1218229aa-300x267.png",300,267,true],"medium_large":["https:\/\/www.ferberpainting.com\/wp-content\/uploads\/2025\/05\/1L_0eff1f66-adac-4bbd-8b52-cac1218229aa-768x683.png",768,683,true],"large":["https:\/\/www.ferberpainting.com\/wp-content\/uploads\/2025\/05\/1L_0eff1f66-adac-4bbd-8b52-cac1218229aa-1024x910.png",1024,910,true],"1536x1536":["https:\/\/www.ferberpainting.com\/wp-content\/uploads\/2025\/05\/1L_0eff1f66-adac-4bbd-8b52-cac1218229aa-1536x1366.png",1536,1366,true],"2048x2048":["https:\/\/www.ferberpainting.com\/wp-content\/uploads\/2025\/05\/1L_0eff1f66-adac-4bbd-8b52-cac1218229aa-2048x1821.png",2048,1821,true],"trp-custom-language-flag":["https:\/\/www.ferberpainting.com\/wp-content\/uploads\/2025\/05\/1L_0eff1f66-adac-4bbd-8b52-cac1218229aa-13x12.png",13,12,true],"woocommerce_thumbnail":["https:\/\/www.ferberpainting.com\/wp-content\/uploads\/2025\/05\/1L_0eff1f66-adac-4bbd-8b52-cac1218229aa-300x300.png",300,300,true],"woocommerce_single":["https:\/\/www.ferberpainting.com\/wp-content\/uploads\/2025\/05\/1L_0eff1f66-adac-4bbd-8b52-cac1218229aa-600x533.png",600,533,true],"woocommerce_gallery_thumbnail":["https:\/\/www.ferberpainting.com\/wp-content\/uploads\/2025\/05\/1L_0eff1f66-adac-4bbd-8b52-cac1218229aa-100x100.png",100,100,true]},"uagb_author_info":{"display_name":"admin","author_link":"https:\/\/www.ferberpainting.com\/de\/author\/"},"uagb_comment_info":11,"uagb_excerpt":"Transform old tiles instantly without costly replacement. Our tile paint is specially formulated to renovate outdated, worn, or discolored tiles quickly and affordably. Instead of removing existing tiles and undertaking expensive renovation work, you can refresh kitchens, bathrooms, laundry rooms, and other tiled areas with a smooth, modern finish. This solution allows you to completely&hellip;","_links":{"self":[{"href":"https:\/\/www.ferberpainting.com\/de\/wp-json\/wp\/v2\/product\/25464","targetHints":{"allow":["GET"]}}],"collection":[{"href":"https:\/\/www.ferberpainting.com\/de\/wp-json\/wp\/v2\/product"}],"about":[{"href":"https:\/\/www.ferberpainting.com\/de\/wp-json\/wp\/v2\/types\/product"}],"replies":[{"embeddable":true,"href":"https:\/\/www.ferberpainting.com\/de\/wp-json\/wp\/v2\/comments?post=25464"}],"version-history":[{"count":3,"href":"https:\/\/www.ferberpainting.com\/de\/wp-json\/wp\/v2\/product\/25464\/revisions"}],"predecessor-version":[{"id":167389,"href":"https:\/\/www.ferberpainting.com\/de\/wp-json\/wp\/v2\/product\/25464\/revisions\/167389"}],"wp:featuredmedia":[{"embeddable":true,"href":"https:\/\/www.ferberpainting.com\/de\/wp-json\/wp\/v2\/media\/27318"}],"wp:attachment":[{"href":"https:\/\/www.ferberpainting.com\/de\/wp-json\/wp\/v2\/media?parent=25464"}],"wp:term":[{"taxonomy":"product_brand","embeddable":true,"href":"https:\/\/www.ferberpainting.com\/de\/wp-json\/wp\/v2\/product_brand?post=25464"},{"taxonomy":"product_cat","embeddable":true,"href":"https:\/\/www.ferberpainting.com\/de\/wp-json\/wp\/v2\/product_cat?post=25464"},{"taxonomy":"product_tag","embeddable":true,"href":"https:\/\/www.ferberpainting.com\/de\/wp-json\/wp\/v2\/product_tag?post=25464"}],"curies":[{"name":"wp","href":"https:\/\/api.w.org\/{rel}","templated":true}]}}