{"id":25345,"date":"2025-06-30T20:02:34","date_gmt":"2025-06-30T18:02:34","guid":{"rendered":"https:\/\/www.ferberpainting.com\/?post_type=product&#038;p=25336"},"modified":"2026-02-16T12:25:28","modified_gmt":"2026-02-16T11:25:28","slug":"tar-bitumen-and-asphalt-cleaner","status":"publish","type":"product","link":"https:\/\/www.ferberpainting.com\/de\/products\/tar-bitumen-and-asphalt-cleaner\/","title":{"rendered":"Reiniger f\u00fcr Teer, Bitumen und Asphalt"},"content":{"rendered":"<p><strong><img decoding=\"async\" style=\"margin-right: 12px;\" src=\"https:\/\/www.ferberpainting.com\/wp-content\/uploads\/2026\/02\/Check.svg\" alt=\"\" width=\"18\" height=\"15\" \/>Optimale Effektivit\u00e4t.<\/strong>\u00a0Dieser Teer- und Bitumenreiniger wurde speziell f\u00fcr die effektive Entfernung von Teerr\u00fcckst\u00e4nden, Bitumenflecken, Fettablagerungen und eingebetteten Verunreinigungen auf verschiedenen Oberfl\u00e4chen entwickelt. Dank seiner leistungsstarken Formel l\u00f6st er schnell hartn\u00e4ckige Verschmutzungen und schont dabei die behandelten Materialien. Er sorgt f\u00fcr eine Tiefenreinigung, so dass die Oberfl\u00e4chen sauber und frei von Teerr\u00fcckst\u00e4nden sind, ohne dass ein intensives Schrubben erforderlich ist.<\/p>\n<p><strong><img decoding=\"async\" style=\"margin-right: 12px;\" src=\"https:\/\/www.ferberpainting.com\/wp-content\/uploads\/2026\/02\/Check.svg\" alt=\"\" width=\"18\" height=\"15\" \/>Geld-zur\u00fcck-Garantie.<\/strong>\u00a0Wir haben volles Vertrauen in die Wirksamkeit unseres Reinigers. Wenn Sie nach der Anwendung nicht zufrieden sind, haben Sie Anspruch auf eine volle R\u00fcckerstattung. Testen Sie unser Produkt risikofrei und genie\u00dfen Sie eine m\u00fchelose, r\u00fcckstandsfreie Reinigung.<\/p>\n<p><strong><img decoding=\"async\" style=\"margin-right: 12px;\" src=\"https:\/\/www.ferberpainting.com\/wp-content\/uploads\/2026\/02\/Check.svg\" alt=\"\" width=\"18\" height=\"15\" \/>Au\u00dfergew\u00f6hnliche Vielseitigkeit.<\/strong>\u00a0Dieser Reiniger ist nicht nur f\u00fcr bitumin\u00f6se Oberfl\u00e4chen geeignet, sondern auch f\u00fcr die Entfernung von Teer von Fahrzeugkarosserien, Baumaschinen, Geb\u00e4udefassaden, Industrieanlagen, R\u00e4dern und Oberfl\u00e4chen, die Teerspritzern ausgesetzt sind, egal ob Beton, Stein, Metall, Kunststoff, Keramik oder Naturstein. Es garantiert eine tiefe und effektive Reinigung, ohne die Oberfl\u00e4che zu besch\u00e4digen.<\/p>\n<p><strong><img decoding=\"async\" style=\"margin-right: 12px;\" src=\"https:\/\/www.ferberpainting.com\/wp-content\/uploads\/2026\/02\/Check.svg\" alt=\"\" width=\"18\" height=\"15\" \/>Kosteng\u00fcnstig.<\/strong>\u00a0Mit seinem 5-Liter-Kanister und seiner hohen Effizienz bietet dieser Reiniger eine hervorragende Ergiebigkeit. Eine kleine Menge reicht aus, um Teer- und Bitumenr\u00fcckst\u00e4nde auf gro\u00dfen Fl\u00e4chen aufzul\u00f6sen. Mit einem Liter lassen sich im Durchschnitt bis zu 40 m\u00b2 geteerte oder bitumin\u00f6se Oberfl\u00e4che reinigen, was ihn zu einer kosteneffizienten L\u00f6sung sowohl f\u00fcr die routinem\u00e4\u00dfige als auch f\u00fcr die intensive Wartung macht.<\/p>\n<p><strong><img decoding=\"async\" style=\"margin-right: 12px;\" src=\"https:\/\/www.ferberpainting.com\/wp-content\/uploads\/2026\/02\/Check.svg\" alt=\"\" width=\"18\" height=\"15\" \/>Sicher in der Anwendung.<\/strong>\u00a0Im Gegensatz zu scharfen L\u00f6sungsmitteln und \u00e4tzenden Chemikalien, die Oberfl\u00e4chen besch\u00e4digen k\u00f6nnen, ist dieser Reiniger so formuliert, dass er sowohl wirksam als auch materialschonend ist. Er enth\u00e4lt keine giftigen oder gef\u00e4hrlichen Inhaltsstoffe, setzt keine sch\u00e4dlichen D\u00e4mpfe frei und ist f\u00fcr den professionellen und privaten Gebrauch geeignet. Er sch\u00fctzt sowohl den Anwender als auch die Umwelt.<\/p>\n<p><strong><img decoding=\"async\" style=\"margin-right: 12px;\" src=\"https:\/\/www.ferberpainting.com\/wp-content\/uploads\/2026\/02\/Check.svg\" alt=\"\" width=\"18\" height=\"15\" \/>Benutzerfreundlichkeit.<\/strong>\u00a0Dieses Produkt ist gebrauchsfertig und erfordert keine Verd\u00fcnnung oder komplexe Vorbereitung. Tragen Sie es einfach mit einem Tuch, Schwamm oder Spr\u00fcher direkt auf die Oberfl\u00e4che auf. Die schnell wirkende Formel und die einfache Anwendung machen es leicht, Teerflecken ohne spezielle Ausr\u00fcstung oder komplizierte Schritte zu entfernen.<\/p>\n<p><strong><img decoding=\"async\" style=\"margin-right: 12px;\" src=\"https:\/\/www.ferberpainting.com\/wp-content\/uploads\/2026\/02\/Check.svg\" alt=\"\" width=\"18\" height=\"15\" \/>Verbesserte Langlebigkeit.<\/strong>\u00a0Durch die effiziente Entfernung von Teer- und Bitumenr\u00fcckst\u00e4nden sch\u00fctzt dieser Reiniger die behandelten Materialien und verl\u00e4ngert ihre Lebensdauer. Er verhindert die Bildung von Ablagerungen, die im Laufe der Zeit zu Oberfl\u00e4chensch\u00e4den f\u00fchren k\u00f6nnen, und tr\u00e4gt dazu bei, dass Ger\u00e4te und Strukturen in einem ausgezeichneten Zustand und mit verbesserter Widerstandsf\u00e4higkeit gegen \u00e4u\u00dfere Belastungen erhalten bleiben.<\/p>\n<p><strong><img decoding=\"async\" style=\"margin-right: 12px;\" src=\"https:\/\/www.ferberpainting.com\/wp-content\/uploads\/2026\/02\/Check.svg\" alt=\"\" width=\"18\" height=\"15\" \/>Schnelle Aktion.<\/strong>\u00a0Dank seiner hochaktiven Formel wirkt dieser Reiniger sofort auf Teerflecken und Bitumenr\u00fcckst\u00e4nde. In nur wenigen Minuten l\u00f6st er den Schmutz und erm\u00f6glicht die Entfernung ohne starkes Schrubben. Durch seine sofortige Wirkung ist er ideal f\u00fcr den Einsatz vor Ort oder in Umgebungen, die eine schnelle Reaktion erfordern.<\/p>\n<h2><strong>Gebrauchsanweisung<\/strong><\/h2>\n<ul>\n<li><strong>Vorbereitung <\/strong>: Stellen Sie sicher, dass die Oberfl\u00e4che trocken und zug\u00e4nglich ist, bevor Sie das Produkt auftragen. Entfernen Sie sichtbare Verschmutzungen oder Ablagerungen, um die Wirkung des Produkts zu maximieren.<\/li>\n<li><strong>Manuelle Anwendung <\/strong>: Geben Sie eine kleine Menge des Reinigers auf ein sauberes Tuch, einen Schwamm oder eine weiche B\u00fcrste und tragen Sie ihn dann gleichm\u00e4\u00dfig auf die Teerflecken auf, wobei Sie die Stelle vorsichtig schrubben.<\/li>\n<li><strong>Einsatz auf gro\u00dfen Fl\u00e4chen <\/strong>: Bei gr\u00f6\u00dferen Fl\u00e4chen das Produkt mit einem Spr\u00fchger\u00e4t direkt auf die betroffene Stelle auftragen. Einige Minuten einwirken lassen, damit das Produkt die R\u00fcckst\u00e4nde wirksam aufl\u00f6sen kann.<\/li>\n<li><strong>Reinigung und Aktion <\/strong>: Lassen Sie das Produkt bei hartn\u00e4ckigen Flecken 3 bis 5 Minuten einwirken und wischen Sie es dann mit einem sauberen Tuch oder einer weichen B\u00fcrste ab. Bei stark verschmutzten Fl\u00e4chen den Vorgang gegebenenfalls wiederholen.<\/li>\n<li><strong>Sp\u00fclung <\/strong>: Mit einem sauberen, feuchten Tuch abwischen, um Produktreste zu entfernen und ein perfektes Finish zu erzielen. Bei Verwendung auf por\u00f6sen Oberfl\u00e4chen gr\u00fcndlich mit klarem Wasser absp\u00fclen.<\/li>\n<li><strong>Trocknung und Veredelung <\/strong>: An der Luft trocknen lassen oder mit einem trockenen Mikrofasertuch abwischen, um ein makelloses Ergebnis zu erzielen. Auf metallischen oder lackierten Oberfl\u00e4chen kann eine leichte Politur verwendet werden, um den Glanz wiederherzustellen.<\/li>\n<li><strong>H\u00e4ufigkeit der Nutzung <\/strong>: Sobald Teerflecken auftreten, auftragen, um sie leicht zu entfernen. F\u00fcr den professionellen Einsatz wird eine monatliche Reinigung empfohlen, um Ausr\u00fcstung und Infrastruktur zu erhalten.<\/li>\n<li><strong>Lagerung <\/strong>: Verschlie\u00dfen Sie den Kanister nach jedem Gebrauch wieder fest und lagern Sie ihn an einem k\u00fchlen, trockenen Ort, gesch\u00fctzt vor Licht und extremen Temperaturen, um die Wirksamkeit des Produkts \u00fcber l\u00e4ngere Zeit zu erhalten.<\/li>\n<\/ul>\n<p>Mit unserem Teer- und Bitumenreiniger k\u00f6nnen Sie selbst die hartn\u00e4ckigsten Flecken m\u00fchelos entfernen und im Handumdrehen makellose Oberfl\u00e4chen genie\u00dfen. Eine effektive, schnelle und sichere L\u00f6sung f\u00fcr m\u00fchelose Pflege mit professionellen Ergebnissen.<\/p>","protected":false},"excerpt":{"rendered":"<p>Optimal Effectiveness.\u00a0This tar and bitumen cleaner is specially formulated to effectively remove tar residues, bitumen stains, grease deposits, and embedded impurities on various surfaces. Thanks to its powerful formula, it quickly dissolves tough grime while preserving treated materials. It ensures deep cleaning, leaving surfaces clean and free from any trace of tar without the need [&hellip;]<\/p>\n","protected":false},"featured_media":35877,"comment_status":"open","ping_status":"closed","template":"","meta":{"_uag_custom_page_level_css":"","site-sidebar-layout":"default","site-content-layout":"","ast-site-content-layout":"default","site-content-style":"default","site-sidebar-style":"default","ast-global-header-display":"","ast-banner-title-visibility":"","ast-main-header-display":"","ast-hfb-above-header-display":"","ast-hfb-below-header-display":"","ast-hfb-mobile-header-display":"","site-post-title":"","ast-breadcrumbs-content":"","ast-featured-img":"","footer-sml-layout":"","ast-disable-related-posts":"","theme-transparent-header-meta":"default","adv-header-id-meta":"","stick-header-meta":"","header-above-stick-meta":"","header-main-stick-meta":"","header-below-stick-meta":"","astra-migrate-meta-layouts":"set","ast-page-background-enabled":"default","ast-page-background-meta":{"desktop":{"background-color":"var(--ast-global-color-4)","background-image":"","background-repeat":"repeat","background-position":"center center","background-size":"auto","background-attachment":"scroll","background-type":"","background-media":"","overlay-type":"","overlay-color":"","overlay-opacity":"","overlay-gradient":""},"tablet":{"background-color":"","background-image":"","background-repeat":"repeat","background-position":"center center","background-size":"auto","background-attachment":"scroll","background-type":"","background-media":"","overlay-type":"","overlay-color":"","overlay-opacity":"","overlay-gradient":""},"mobile":{"background-color":"","background-image":"","background-repeat":"repeat","background-position":"center center","background-size":"auto","background-attachment":"scroll","background-type":"","background-media":"","overlay-type":"","overlay-color":"","overlay-opacity":"","overlay-gradient":""}},"ast-content-background-meta":{"desktop":{"background-color":"var(--ast-global-color-5)","background-image":"","background-repeat":"repeat","background-position":"center center","background-size":"auto","background-attachment":"scroll","background-type":"","background-media":"","overlay-type":"","overlay-color":"","overlay-opacity":"","overlay-gradient":""},"tablet":{"background-color":"var(--ast-global-color-5)","background-image":"","background-repeat":"repeat","background-position":"center center","background-size":"auto","background-attachment":"scroll","background-type":"","background-media":"","overlay-type":"","overlay-color":"","overlay-opacity":"","overlay-gradient":""},"mobile":{"background-color":"var(--ast-global-color-5)","background-image":"","background-repeat":"repeat","background-position":"center center","background-size":"auto","background-attachment":"scroll","background-type":"","background-media":"","overlay-type":"","overlay-color":"","overlay-opacity":"","overlay-gradient":""}}},"product_brand":[],"product_cat":[175,176],"product_tag":[],"class_list":{"0":"post-25345","1":"product","2":"type-product","3":"status-publish","4":"has-post-thumbnail","6":"product_cat-cleaning-products","7":"product_cat-concrete-treatment","8":"desktop-align-left","9":"tablet-align-left","10":"mobile-align-left","12":"first","13":"instock","14":"sale","15":"shipping-taxable","16":"purchasable","17":"product-type-variable","18":"has-default-attributes"},"spectra_custom_meta":{"_visibility":["visible"],"_shopify_product_id":["9102463402229"],"_s2w_shopify_domain":["ferberpainting.myshopify.com"],"_shopify_variant_id":["46616313331957"],"_sku":[""],"_manage_stock":["no"],"total_sales":["85"],"_tax_status":["taxable"],"_tax_class":[""],"_backorders":["no"],"_sold_individually":["no"],"_virtual":["no"],"_downloadable":["no"],"_download_limit":["-1"],"_download_expiry":["-1"],"_stock":[null],"_stock_status":["instock"],"_wc_average_rating":["5.00"],"_wc_review_count":["10"],"_product_attributes":["a:1:{s:6:\"volume\";a:6:{s:4:\"name\";s:6:\"Volume\";s:5:\"value\";s:20:\"5 liters | 25 liters\";s:8:\"position\";i:1;s:10:\"is_visible\";i:0;s:12:\"is_variation\";i:1;s:11:\"is_taxonomy\";i:0;}}"],"_product_version":["10.5.1"],"wpse_downloadable_file_names":[""],"wpse_downloadable_file_urls":[""],"_edit_last":["1"],"_default_attributes":["a:1:{s:6:\"volume\";s:8:\"5 liters\";}"],"_edit_lock":["1771241003:1"],"merchant-center-availability":["yes"],"merchant-center-category":["7504"],"_thumbnail_id":["35877"],"_wp_page_template":["default"],"_wp_old_date":["2025-05-26"],"_product_image_gallery":["35879"],"site-sidebar-layout":["default"],"ast-site-content-layout":["default"],"site-content-style":["default"],"site-sidebar-style":["default"],"theme-transparent-header-meta":["default"],"_price":["29.90","129.90"],"_wc_rating_count":["a:1:{i:5;i:10;}"],"astra-migrate-meta-layouts":["set"],"_uag_css_file_name":["uag-css-25345.css"],"_elementor_page_assets":["a:0:{}"],"_uag_page_assets":["a:9:{s:3:\"css\";s:6873:\".wp-block-uagb-image{display:flex}.wp-block-uagb-image__figure{position:relative;display:flex;flex-direction:column;max-width:100%;height:auto;margin:0}.wp-block-uagb-image__figure img{height:auto;display:flex;max-width:100%;transition:box-shadow .2s ease}.wp-block-uagb-image__figure>a{display:inline-block}.wp-block-uagb-image__figure figcaption{text-align:center;margin-top:.5em;margin-bottom:1em}.wp-block-uagb-image .components-placeholder.block-editor-media-placeholder .components-placeholder__instructions{align-self:center}.wp-block-uagb-image--align-left{text-align:left}.wp-block-uagb-image--align-right{text-align:right}.wp-block-uagb-image--align-center{text-align:center}.wp-block-uagb-image--align-full .wp-block-uagb-image__figure{margin-left:calc(50% - 50vw);margin-right:calc(50% - 50vw);max-width:100vw;width:100vw;height:auto}.wp-block-uagb-image--align-full .wp-block-uagb-image__figure img{height:auto;width:100% !important}.wp-block-uagb-image--align-wide .wp-block-uagb-image__figure img{height:auto;width:100%}.wp-block-uagb-image--layout-overlay__color-wrapper{position:absolute;left:0;top:0;right:0;bottom:0;opacity:.2;background:rgba(0,0,0,.5);transition:opacity .35s ease-in-out}.wp-block-uagb-image--layout-overlay-link{position:absolute;left:0;right:0;bottom:0;top:0}.wp-block-uagb-image--layout-overlay .wp-block-uagb-image__figure:hover .wp-block-uagb-image--layout-overlay__color-wrapper{opacity:1}.wp-block-uagb-image--layout-overlay__inner{position:absolute;left:15px;right:15px;bottom:15px;top:15px;display:flex;align-items:center;justify-content:center;flex-direction:column;border-color:#fff;transition:.35s ease-in-out}.wp-block-uagb-image--layout-overlay__inner.top-left,.wp-block-uagb-image--layout-overlay__inner.top-center,.wp-block-uagb-image--layout-overlay__inner.top-right{justify-content:flex-start}.wp-block-uagb-image--layout-overlay__inner.bottom-left,.wp-block-uagb-image--layout-overlay__inner.bottom-center,.wp-block-uagb-image--layout-overlay__inner.bottom-right{justify-content:flex-end}.wp-block-uagb-image--layout-overlay__inner.top-left,.wp-block-uagb-image--layout-overlay__inner.center-left,.wp-block-uagb-image--layout-overlay__inner.bottom-left{align-items:flex-start}.wp-block-uagb-image--layout-overlay__inner.top-right,.wp-block-uagb-image--layout-overlay__inner.center-right,.wp-block-uagb-image--layout-overlay__inner.bottom-right{align-items:flex-end}.wp-block-uagb-image--layout-overlay__inner .uagb-image-heading{color:#fff;transition:transform .35s,opacity .35s ease-in-out;transform:translate3d(0, 24px, 0);margin:0;line-height:1em}.wp-block-uagb-image--layout-overlay__inner .uagb-image-separator{width:30%;border-top-width:2px;border-top-color:#fff;border-top-style:solid;margin-bottom:10px;opacity:0;transition:transform .4s,opacity .4s ease-in-out;transform:translate3d(0, 30px, 0)}.wp-block-uagb-image--layout-overlay__inner .uagb-image-caption{opacity:0;overflow:visible;color:#fff;transition:transform .45s,opacity .45s ease-in-out;transform:translate3d(0, 35px, 0)}.wp-block-uagb-image--layout-overlay__inner:hover .uagb-image-heading,.wp-block-uagb-image--layout-overlay__inner:hover .uagb-image-separator,.wp-block-uagb-image--layout-overlay__inner:hover .uagb-image-caption{opacity:1;transform:translate3d(0, 0, 0)}.wp-block-uagb-image--effect-zoomin .wp-block-uagb-image__figure img,.wp-block-uagb-image--effect-zoomin .wp-block-uagb-image__figure .wp-block-uagb-image--layout-overlay__color-wrapper{transform:scale(1);transition:transform .35s ease-in-out}.wp-block-uagb-image--effect-zoomin .wp-block-uagb-image__figure:hover img,.wp-block-uagb-image--effect-zoomin .wp-block-uagb-image__figure:hover .wp-block-uagb-image--layout-overlay__color-wrapper{transform:scale(1.05)}.wp-block-uagb-image--effect-slide .wp-block-uagb-image__figure img,.wp-block-uagb-image--effect-slide .wp-block-uagb-image__figure .wp-block-uagb-image--layout-overlay__color-wrapper{width:calc(100% + 40px) !important;max-width:none !important;transform:translate3d(-40px, 0, 0);transition:transform .35s ease-in-out}.wp-block-uagb-image--effect-slide .wp-block-uagb-image__figure:hover img,.wp-block-uagb-image--effect-slide .wp-block-uagb-image__figure:hover .wp-block-uagb-image--layout-overlay__color-wrapper{transform:translate3d(0, 0, 0)}.wp-block-uagb-image--effect-grayscale img{filter:grayscale(0%);transition:.35s ease-in-out}.wp-block-uagb-image--effect-grayscale:hover img{filter:grayscale(100%)}.wp-block-uagb-image--effect-blur img{filter:blur(0);transition:.35s ease-in-out}.wp-block-uagb-image--effect-blur:hover img{filter:blur(3px)}.uagb-block-e6f939b3.wp-block-uagb-image--layout-default figure img{box-shadow: 0px 0px 0 #00000070;}.uagb-block-e6f939b3.wp-block-uagb-image .wp-block-uagb-image__figure figcaption{font-style: normal;align-self: center;}.uagb-block-e6f939b3.wp-block-uagb-image--layout-overlay figure img{box-shadow: 0px 0px 0 #00000070;}.uagb-block-e6f939b3.wp-block-uagb-image--layout-overlay .wp-block-uagb-image--layout-overlay__color-wrapper{opacity: 0.2;}.uagb-block-e6f939b3.wp-block-uagb-image--layout-overlay .wp-block-uagb-image--layout-overlay__inner{left: 15px;right: 15px;top: 15px;bottom: 15px;}.uagb-block-e6f939b3.wp-block-uagb-image--layout-overlay .wp-block-uagb-image--layout-overlay__inner .uagb-image-heading{font-style: normal;color: #fff;opacity: 1;}.uagb-block-e6f939b3.wp-block-uagb-image--layout-overlay .wp-block-uagb-image--layout-overlay__inner .uagb-image-heading a{color: #fff;}.uagb-block-e6f939b3.wp-block-uagb-image--layout-overlay .wp-block-uagb-image--layout-overlay__inner .uagb-image-caption{opacity: 0;}.uagb-block-e6f939b3.wp-block-uagb-image--layout-overlay .wp-block-uagb-image__figure:hover .wp-block-uagb-image--layout-overlay__color-wrapper{opacity: 1;}.uagb-block-e6f939b3.wp-block-uagb-image .wp-block-uagb-image--layout-overlay__inner .uagb-image-separator{width: 30%;border-top-width: 2px;border-top-color: #fff;opacity: 0;}.uagb-block-e6f939b3.wp-block-uagb-image .wp-block-uagb-image__figure img{width: px;height: auto;}.uagb-block-e6f939b3.wp-block-uagb-image .wp-block-uagb-image__figure:hover .wp-block-uagb-image--layout-overlay__inner .uagb-image-caption{opacity: 1;}.uagb-block-e6f939b3.wp-block-uagb-image .wp-block-uagb-image__figure:hover .wp-block-uagb-image--layout-overlay__inner .uagb-image-separator{opacity: 1;}.uagb-block-e6f939b3.wp-block-uagb-image--layout-default figure:hover img{box-shadow: 0px 0px 0 #00000070;}.uagb-block-e6f939b3.wp-block-uagb-image--layout-overlay figure:hover img{box-shadow: 0px 0px 0 #00000070;}@media only screen and (max-width: 976px) {.uagb-block-e6f939b3.wp-block-uagb-image .wp-block-uagb-image__figure img{width: px;height: auto;}}@media only screen and (max-width: 767px) {.uagb-block-e6f939b3.wp-block-uagb-image .wp-block-uagb-image__figure img{width: px;height: auto;}}\";s:2:\"js\";s:0:\"\";s:18:\"current_block_list\";a:13:{i:0;s:11:\"core\/search\";i:1;s:10:\"core\/group\";i:2;s:12:\"core\/heading\";i:3;s:17:\"core\/latest-posts\";i:4;s:20:\"core\/latest-comments\";i:5;s:13:\"core\/archives\";i:6;s:15:\"core\/categories\";i:7;s:14:\"core\/paragraph\";i:8;s:10:\"uagb\/image\";i:9;s:11:\"core\/spacer\";i:10;s:30:\"woocommerce\/product-categories\";i:11;s:10:\"core\/image\";i:12;s:14:\"core\/shortcode\";}s:8:\"uag_flag\";b:1;s:11:\"uag_version\";s:10:\"1777096232\";s:6:\"gfonts\";a:0:{}s:10:\"gfonts_url\";s:0:\"\";s:12:\"gfonts_files\";a:0:{}s:14:\"uag_faq_layout\";b:0;}"]},"uagb_featured_image_src":{"full":["https:\/\/www.ferberpainting.com\/wp-content\/uploads\/2025\/05\/Tar-Bitumen-and-Asphalt-Cleaner-5L-.png",2560,2560,false],"thumbnail":["https:\/\/www.ferberpainting.com\/wp-content\/uploads\/2025\/05\/Tar-Bitumen-and-Asphalt-Cleaner-5L--150x150.png",150,150,true],"medium":["https:\/\/www.ferberpainting.com\/wp-content\/uploads\/2025\/05\/Tar-Bitumen-and-Asphalt-Cleaner-5L--300x300.png",300,300,true],"medium_large":["https:\/\/www.ferberpainting.com\/wp-content\/uploads\/2025\/05\/Tar-Bitumen-and-Asphalt-Cleaner-5L--768x768.png",768,768,true],"large":["https:\/\/www.ferberpainting.com\/wp-content\/uploads\/2025\/05\/Tar-Bitumen-and-Asphalt-Cleaner-5L--1024x1024.png",1024,1024,true],"1536x1536":["https:\/\/www.ferberpainting.com\/wp-content\/uploads\/2025\/05\/Tar-Bitumen-and-Asphalt-Cleaner-5L--1536x1536.png",1536,1536,true],"2048x2048":["https:\/\/www.ferberpainting.com\/wp-content\/uploads\/2025\/05\/Tar-Bitumen-and-Asphalt-Cleaner-5L--2048x2048.png",2048,2048,true],"trp-custom-language-flag":["https:\/\/www.ferberpainting.com\/wp-content\/uploads\/2025\/05\/Tar-Bitumen-and-Asphalt-Cleaner-5L--12x12.png",12,12,true],"woocommerce_thumbnail":["https:\/\/www.ferberpainting.com\/wp-content\/uploads\/2025\/05\/Tar-Bitumen-and-Asphalt-Cleaner-5L--300x300.png",300,300,true],"woocommerce_single":["https:\/\/www.ferberpainting.com\/wp-content\/uploads\/2025\/05\/Tar-Bitumen-and-Asphalt-Cleaner-5L--600x600.png",600,600,true],"woocommerce_gallery_thumbnail":["https:\/\/www.ferberpainting.com\/wp-content\/uploads\/2025\/05\/Tar-Bitumen-and-Asphalt-Cleaner-5L--100x100.png",100,100,true]},"uagb_author_info":{"display_name":"admin","author_link":"https:\/\/www.ferberpainting.com\/de\/author\/"},"uagb_comment_info":10,"uagb_excerpt":"Optimal Effectiveness.\u00a0This tar and bitumen cleaner is specially formulated to effectively remove tar residues, bitumen stains, grease deposits, and embedded impurities on various surfaces. Thanks to its powerful formula, it quickly dissolves tough grime while preserving treated materials. It ensures deep cleaning, leaving surfaces clean and free from any trace of tar without the need&hellip;","_links":{"self":[{"href":"https:\/\/www.ferberpainting.com\/de\/wp-json\/wp\/v2\/product\/25345","targetHints":{"allow":["GET"]}}],"collection":[{"href":"https:\/\/www.ferberpainting.com\/de\/wp-json\/wp\/v2\/product"}],"about":[{"href":"https:\/\/www.ferberpainting.com\/de\/wp-json\/wp\/v2\/types\/product"}],"replies":[{"embeddable":true,"href":"https:\/\/www.ferberpainting.com\/de\/wp-json\/wp\/v2\/comments?post=25345"}],"version-history":[{"count":3,"href":"https:\/\/www.ferberpainting.com\/de\/wp-json\/wp\/v2\/product\/25345\/revisions"}],"predecessor-version":[{"id":167370,"href":"https:\/\/www.ferberpainting.com\/de\/wp-json\/wp\/v2\/product\/25345\/revisions\/167370"}],"wp:featuredmedia":[{"embeddable":true,"href":"https:\/\/www.ferberpainting.com\/de\/wp-json\/wp\/v2\/media\/35877"}],"wp:attachment":[{"href":"https:\/\/www.ferberpainting.com\/de\/wp-json\/wp\/v2\/media?parent=25345"}],"wp:term":[{"taxonomy":"product_brand","embeddable":true,"href":"https:\/\/www.ferberpainting.com\/de\/wp-json\/wp\/v2\/product_brand?post=25345"},{"taxonomy":"product_cat","embeddable":true,"href":"https:\/\/www.ferberpainting.com\/de\/wp-json\/wp\/v2\/product_cat?post=25345"},{"taxonomy":"product_tag","embeddable":true,"href":"https:\/\/www.ferberpainting.com\/de\/wp-json\/wp\/v2\/product_tag?post=25345"}],"curies":[{"name":"wp","href":"https:\/\/api.w.org\/{rel}","templated":true}]}}