{"id":25339,"date":"2025-06-30T21:21:10","date_gmt":"2025-06-30T19:21:10","guid":{"rendered":"https:\/\/www.ferberpainting.com\/?post_type=product&#038;p=25336"},"modified":"2026-02-16T12:15:27","modified_gmt":"2026-02-16T11:15:27","slug":"suede-and-nubuck-water-repellent","status":"publish","type":"product","link":"https:\/\/www.ferberpainting.com\/de\/products\/suede-and-nubuck-water-repellent\/","title":{"rendered":"Impr\u00e4gnierung f\u00fcr Wildleder und Nubuk"},"content":{"rendered":"<p><strong><img decoding=\"async\" style=\"margin-right: 12px;\" src=\"https:\/\/www.ferberpainting.com\/wp-content\/uploads\/2026\/02\/Check.svg\" alt=\"\" width=\"18\" height=\"15\" \/>Wirksamer Schutz vor Wasser und Flecken.<\/strong>\u00a0Dieses Impr\u00e4gniermittel f\u00fcr Wildleder wurde speziell formuliert, um eine unsichtbare Barriere gegen Feuchtigkeit und Schmutz zu schaffen. Er verhindert Wasser-, Schlamm- oder Fettflecken und bewahrt gleichzeitig die zarte Textur und das elegante Aussehen von Wildleder. Es ist die ideale L\u00f6sung, um Ihre Wildlederschuhe, -jacken, -taschen und andere Gegenst\u00e4nde in perfektem Zustand zu halten und sie vor dem t\u00e4glichen Verschlei\u00df zu sch\u00fctzen.<\/p>\n<p><strong><img decoding=\"async\" style=\"margin-right: 12px;\" src=\"https:\/\/www.ferberpainting.com\/wp-content\/uploads\/2026\/02\/Check.svg\" alt=\"\" width=\"18\" height=\"15\" \/>Geld-zur\u00fcck-Garantie.<\/strong>\u00a0Wir glauben an die Wirksamkeit unseres Impr\u00e4gniermittels f\u00fcr Wildleder. Wenn Sie nach dem Gebrauch nicht vollst\u00e4ndig zufrieden sind, haben Sie Anspruch auf eine volle R\u00fcckerstattung. Wir garantieren einen optimalen Schutz gegen die Elemente und respektieren gleichzeitig die Qualit\u00e4t des Materials. Sie k\u00f6nnen mit Vertrauen kaufen und unser Produkt risikofrei testen.<\/p>\n<p><strong><img decoding=\"async\" style=\"margin-right: 12px;\" src=\"https:\/\/www.ferberpainting.com\/wp-content\/uploads\/2026\/02\/Check.svg\" alt=\"\" width=\"18\" height=\"15\" \/>Schonend f\u00fcr empfindliche Materialien.<\/strong>\u00a0Dieses Produkt ist nicht nur f\u00fcr Wildleder, sondern auch f\u00fcr andere \u00e4hnliche Materialien wie Nubuk, Filz und einige synthetische Stoffe geeignet. Es eignet sich f\u00fcr Schuhe, Taschen, M\u00e4ntel, Handschuhe und andere Gegenst\u00e4nde, die vor Feuchtigkeit gesch\u00fctzt werden m\u00fcssen. Es kann auch f\u00fcr Stoffe wie Samt verwendet werden und bietet einen \u00e4hnlichen Schutz, ohne die Textur oder das Aussehen des Materials zu beeintr\u00e4chtigen.<\/p>\n<p><strong><img decoding=\"async\" style=\"margin-right: 12px;\" src=\"https:\/\/www.ferberpainting.com\/wp-content\/uploads\/2026\/02\/Check.svg\" alt=\"\" width=\"18\" height=\"15\" \/>Kosteneffiziente Leistung.<\/strong>\u00a0Dank seiner konzentrierten Formel ist dieses Impr\u00e4gniermittel f\u00fcr Wildleder \u00e4u\u00dferst wirtschaftlich. Mit einem Liter des Produkts k\u00f6nnen durchschnittlich 15 bis 20 Paar Wildlederschuhe oder Kleidungsst\u00fccke in Standardgr\u00f6\u00dfe behandelt werden, je nach Porosit\u00e4t des Materials. Mit einem 5-Liter-Kanister kann eine gro\u00dfe Menge an Artikeln behandelt werden, was es zu einer kosteneffektiven L\u00f6sung f\u00fcr lang anhaltenden Schutz macht.<\/p>\n<p><strong><img decoding=\"async\" style=\"margin-right: 12px;\" src=\"https:\/\/www.ferberpainting.com\/wp-content\/uploads\/2026\/02\/Check.svg\" alt=\"\" width=\"18\" height=\"15\" \/>Sicher und stoffschonend.<\/strong>\u00a0Dieses Impr\u00e4gniermittel f\u00fcr Wildleder ist so formuliert, dass es hochwertigen Schutz bietet, ohne Wildleder oder \u00e4hnliche Materialien anzugreifen. Es ist ungiftig, frei von aggressiven Chemikalien und gibt keine sch\u00e4dlichen D\u00e4mpfe ab. Das Produkt ist weich und sicher, auch f\u00fcr Gegenst\u00e4nde, die direkt mit der Haut in Ber\u00fchrung kommen. Es ver\u00e4ndert weder Farbe noch Textur und hinterl\u00e4sst ein nat\u00fcrliches, angenehmes Gef\u00fchl.<\/p>\n<p><strong><img decoding=\"async\" style=\"margin-right: 12px;\" src=\"https:\/\/www.ferberpainting.com\/wp-content\/uploads\/2026\/02\/Check.svg\" alt=\"\" width=\"18\" height=\"15\" \/>Benutzerfreundlichkeit.<\/strong>\u00a0Dieses Produkt ist gebrauchsfertig, es ist keine Vorbereitung oder Verd\u00fcnnung erforderlich. Die Anwendung ist schnell und einfach. Tragen Sie mit einer Spr\u00fchflasche oder einem sauberen Tuch eine d\u00fcnne, gleichm\u00e4\u00dfige Schicht auf Ihr Wildlederst\u00fcck auf, ohne es zu durchn\u00e4ssen, und lassen Sie es dann trocknen. Das Produkt dringt schnell ein und hinterl\u00e4sst nach dem Trocknen keine sichtbaren Spuren.<\/p>\n<p><strong><img decoding=\"async\" style=\"margin-right: 12px;\" src=\"https:\/\/www.ferberpainting.com\/wp-content\/uploads\/2026\/02\/Check.svg\" alt=\"\" width=\"18\" height=\"15\" \/>Strapazierf\u00e4higkeit und Langlebigkeit.<\/strong>\u00a0Nach dem Auftragen bildet das Impr\u00e4gniermittel f\u00fcr Wildleder einen dauerhaften, unsichtbaren Schutz, der selbst unter schwierigen Bedingungen monatelang wirksam bleibt. Es sch\u00fctzt die Gegenst\u00e4nde vor Regen, Feuchtigkeit und Flecken und gew\u00e4hrleistet eine langfristige Leistung. Es hilft, Ihre wertvollen St\u00fccke zu sch\u00fctzen, indem es die Abnutzung durch Feuchtigkeit und Schmutz reduziert.<\/p>\n<p><strong><img decoding=\"async\" style=\"margin-right: 12px;\" src=\"https:\/\/www.ferberpainting.com\/wp-content\/uploads\/2026\/02\/Check.svg\" alt=\"\" width=\"18\" height=\"15\" \/>Schnelle Aktion.<\/strong>\u00a0Der Wildleder-Impr\u00e4gnierer wirkt schnell. Nach dem Auftragen trocknet er innerhalb einer Stunde, und Sie k\u00f6nnen Ihre Gegenst\u00e4nde fast sofort wieder benutzen. Sie m\u00fcssen nicht wie bei anderen Produkten stundenlang warten. Das macht ihn ideal f\u00fcr Reisende oder alle, die einen schnellen Schutz brauchen. Einfach auftragen und trocknen lassen, dann ist die Wirkung sofort da.<\/p>\n<h2><strong>Verwendungsprotokoll<\/strong><\/h2>\n<ul>\n<li><strong>Artikel Vorbereitung <\/strong>: Stellen Sie sicher, dass der Wildlederartikel (Schuhe, Taschen, Jacken usw.) vor dem Auftragen sauber und trocken ist. Falls erforderlich, b\u00fcrsten Sie die Oberfl\u00e4che vorsichtig ab, um Staub oder Schmutz zu entfernen. Nicht auf schmutzige oder nasse Gegenst\u00e4nde auftragen, da dies die Wirksamkeit beeintr\u00e4chtigen kann.<\/li>\n<li><strong>Produkt Anwendung <\/strong>: Tragen Sie mit einem Spr\u00fcher oder einem weichen, sauberen Tuch eine d\u00fcnne, gleichm\u00e4\u00dfige Schicht des Impr\u00e4gniermittels auf die Wildlederoberfl\u00e4che auf. Wenn Sie einen Spr\u00fcher verwenden, halten Sie ihn 15 bis 20 cm von der Oberfl\u00e4che entfernt, um \u00dcberschuss zu vermeiden.<\/li>\n<li><strong>Gleichm\u00e4\u00dfige Deckung <\/strong>: F\u00fcr einen optimalen Schutz muss das Produkt gleichm\u00e4\u00dfig verteilt werden und in die Wildlederfasern eindringen. \u00dcbers\u00e4ttigen Sie das Material nicht, um sichtbare Ablagerungen zu vermeiden.<\/li>\n<li><strong>Trocknungszeit <\/strong>: Lassen Sie den Artikel etwa 1 Stunde lang in einem gut bel\u00fcfteten Raum bei Raumtemperatur trocknen. Vermeiden Sie W\u00e4rmequellen (z. B. Haartrockner oder Heizk\u00f6rper), die das Material besch\u00e4digen k\u00f6nnten.<\/li>\n<li><strong>Wiederholungsantrag (falls erforderlich) <\/strong>: Um den Schutz zu verbessern, tragen Sie eine zweite Schicht auf, nachdem die erste vollst\u00e4ndig getrocknet ist. Dies empfiehlt sich besonders f\u00fcr Gegenst\u00e4nde, die extremen Bedingungen ausgesetzt sind, wie Wanderschuhe oder Handtaschen, die im Regen benutzt werden.<\/li>\n<li><strong>Wartung <\/strong>: Je nach Gebrauch und Exposition alle 3 bis 6 Monate neu auftragen. Es ist ratsam, Auffrischungen vorzunehmen, um den maximalen Schutz \u00fcber die Zeit zu erhalten.<\/li>\n<li><strong>Lagerung <\/strong>: Im Originalbeh\u00e4lter dicht verschlossen an einem k\u00fchlen, trockenen Ort und vor Hitze und direkter Sonneneinstrahlung gesch\u00fctzt aufbewahren, um seine Eigenschaften zu erhalten.<\/li>\n<\/ul>\n<p>Unser Impr\u00e4gniermittel f\u00fcr Wildleder hilft, die Lebensdauer Ihrer Wildlederartikel zu verl\u00e4ngern und sie in perfektem Zustand zu halten. Eine einfache, schnelle und effektive L\u00f6sung, um Ihre eleganten Gegenst\u00e4nde vor Feuchtigkeit und Flecken zu sch\u00fctzen.<\/p>","protected":false},"excerpt":{"rendered":"<p>Effective Protection Against Water and Stains.\u00a0This suede waterproofer is specially formulated to create an invisible barrier against moisture and dirt. It prevents water, mud, or grease stains while preserving the delicate texture and elegant appearance of suede. It is the ideal solution to keep your suede shoes, jackets, bags, and other items in perfect condition [&hellip;]<\/p>\n","protected":false},"featured_media":35957,"comment_status":"open","ping_status":"closed","template":"","meta":{"_uag_custom_page_level_css":"","site-sidebar-layout":"default","site-content-layout":"","ast-site-content-layout":"default","site-content-style":"default","site-sidebar-style":"default","ast-global-header-display":"","ast-banner-title-visibility":"","ast-main-header-display":"","ast-hfb-above-header-display":"","ast-hfb-below-header-display":"","ast-hfb-mobile-header-display":"","site-post-title":"","ast-breadcrumbs-content":"","ast-featured-img":"","footer-sml-layout":"","ast-disable-related-posts":"","theme-transparent-header-meta":"default","adv-header-id-meta":"","stick-header-meta":"","header-above-stick-meta":"","header-main-stick-meta":"","header-below-stick-meta":"","astra-migrate-meta-layouts":"set","ast-page-background-enabled":"default","ast-page-background-meta":{"desktop":{"background-color":"var(--ast-global-color-4)","background-image":"","background-repeat":"repeat","background-position":"center center","background-size":"auto","background-attachment":"scroll","background-type":"","background-media":"","overlay-type":"","overlay-color":"","overlay-opacity":"","overlay-gradient":""},"tablet":{"background-color":"","background-image":"","background-repeat":"repeat","background-position":"center center","background-size":"auto","background-attachment":"scroll","background-type":"","background-media":"","overlay-type":"","overlay-color":"","overlay-opacity":"","overlay-gradient":""},"mobile":{"background-color":"","background-image":"","background-repeat":"repeat","background-position":"center center","background-size":"auto","background-attachment":"scroll","background-type":"","background-media":"","overlay-type":"","overlay-color":"","overlay-opacity":"","overlay-gradient":""}},"ast-content-background-meta":{"desktop":{"background-color":"var(--ast-global-color-5)","background-image":"","background-repeat":"repeat","background-position":"center center","background-size":"auto","background-attachment":"scroll","background-type":"","background-media":"","overlay-type":"","overlay-color":"","overlay-opacity":"","overlay-gradient":""},"tablet":{"background-color":"var(--ast-global-color-5)","background-image":"","background-repeat":"repeat","background-position":"center center","background-size":"auto","background-attachment":"scroll","background-type":"","background-media":"","overlay-type":"","overlay-color":"","overlay-opacity":"","overlay-gradient":""},"mobile":{"background-color":"var(--ast-global-color-5)","background-image":"","background-repeat":"repeat","background-position":"center center","background-size":"auto","background-attachment":"scroll","background-type":"","background-media":"","overlay-type":"","overlay-color":"","overlay-opacity":"","overlay-gradient":""}}},"product_brand":[],"product_cat":[191],"product_tag":[],"class_list":{"0":"post-25339","1":"product","2":"type-product","3":"status-publish","4":"has-post-thumbnail","6":"product_cat-water-repellent","7":"desktop-align-left","8":"tablet-align-left","9":"mobile-align-left","11":"first","12":"instock","13":"sale","14":"taxable","15":"shipping-taxable","16":"purchasable","17":"product-type-variable","18":"has-default-attributes"},"spectra_custom_meta":{"_visibility":["visible"],"_shopify_product_id":["9106554913013"],"_s2w_shopify_domain":["ferberpainting.myshopify.com"],"_shopify_variant_id":["46626262876405"],"_sku":[""],"_manage_stock":["no"],"total_sales":["29"],"_tax_status":["taxable"],"_tax_class":[""],"_backorders":["no"],"_sold_individually":["no"],"_virtual":["no"],"_downloadable":["no"],"_download_limit":["-1"],"_download_expiry":["-1"],"_stock":[null],"_stock_status":["instock"],"_wc_average_rating":["5.00"],"_wc_review_count":["36"],"_product_attributes":["a:1:{s:6:\"volume\";a:6:{s:4:\"name\";s:6:\"Volume\";s:5:\"value\";s:20:\"5 liters | 25 liters\";s:8:\"position\";i:1;s:10:\"is_visible\";i:0;s:12:\"is_variation\";i:1;s:11:\"is_taxonomy\";i:0;}}"],"_product_version":["10.5.1"],"wpse_downloadable_file_names":[""],"wpse_downloadable_file_urls":[""],"_edit_last":["1"],"_default_attributes":["a:1:{s:6:\"volume\";s:8:\"5 liters\";}"],"_edit_lock":["1771240388:1"],"merchant-center-availability":["yes"],"merchant-center-category":["503738"],"_thumbnail_id":["35957"],"_wp_page_template":["default"],"_wp_old_date":["2025-05-26"],"_product_image_gallery":["35956"],"site-sidebar-layout":["default"],"ast-site-content-layout":["default"],"site-content-style":["default"],"site-sidebar-style":["default"],"theme-transparent-header-meta":["default"],"_price":["29.90","129.90"],"_wc_rating_count":["a:1:{i:5;i:36;}"],"astra-migrate-meta-layouts":["set"],"_uag_css_file_name":["uag-css-25339.css"],"_elementor_page_assets":["a:0:{}"],"_uag_page_assets":["a:9:{s:3:\"css\";s:6873:\".wp-block-uagb-image{display:flex}.wp-block-uagb-image__figure{position:relative;display:flex;flex-direction:column;max-width:100%;height:auto;margin:0}.wp-block-uagb-image__figure img{height:auto;display:flex;max-width:100%;transition:box-shadow .2s ease}.wp-block-uagb-image__figure>a{display:inline-block}.wp-block-uagb-image__figure figcaption{text-align:center;margin-top:.5em;margin-bottom:1em}.wp-block-uagb-image .components-placeholder.block-editor-media-placeholder .components-placeholder__instructions{align-self:center}.wp-block-uagb-image--align-left{text-align:left}.wp-block-uagb-image--align-right{text-align:right}.wp-block-uagb-image--align-center{text-align:center}.wp-block-uagb-image--align-full .wp-block-uagb-image__figure{margin-left:calc(50% - 50vw);margin-right:calc(50% - 50vw);max-width:100vw;width:100vw;height:auto}.wp-block-uagb-image--align-full .wp-block-uagb-image__figure img{height:auto;width:100% !important}.wp-block-uagb-image--align-wide .wp-block-uagb-image__figure img{height:auto;width:100%}.wp-block-uagb-image--layout-overlay__color-wrapper{position:absolute;left:0;top:0;right:0;bottom:0;opacity:.2;background:rgba(0,0,0,.5);transition:opacity .35s ease-in-out}.wp-block-uagb-image--layout-overlay-link{position:absolute;left:0;right:0;bottom:0;top:0}.wp-block-uagb-image--layout-overlay .wp-block-uagb-image__figure:hover .wp-block-uagb-image--layout-overlay__color-wrapper{opacity:1}.wp-block-uagb-image--layout-overlay__inner{position:absolute;left:15px;right:15px;bottom:15px;top:15px;display:flex;align-items:center;justify-content:center;flex-direction:column;border-color:#fff;transition:.35s ease-in-out}.wp-block-uagb-image--layout-overlay__inner.top-left,.wp-block-uagb-image--layout-overlay__inner.top-center,.wp-block-uagb-image--layout-overlay__inner.top-right{justify-content:flex-start}.wp-block-uagb-image--layout-overlay__inner.bottom-left,.wp-block-uagb-image--layout-overlay__inner.bottom-center,.wp-block-uagb-image--layout-overlay__inner.bottom-right{justify-content:flex-end}.wp-block-uagb-image--layout-overlay__inner.top-left,.wp-block-uagb-image--layout-overlay__inner.center-left,.wp-block-uagb-image--layout-overlay__inner.bottom-left{align-items:flex-start}.wp-block-uagb-image--layout-overlay__inner.top-right,.wp-block-uagb-image--layout-overlay__inner.center-right,.wp-block-uagb-image--layout-overlay__inner.bottom-right{align-items:flex-end}.wp-block-uagb-image--layout-overlay__inner .uagb-image-heading{color:#fff;transition:transform .35s,opacity .35s ease-in-out;transform:translate3d(0, 24px, 0);margin:0;line-height:1em}.wp-block-uagb-image--layout-overlay__inner .uagb-image-separator{width:30%;border-top-width:2px;border-top-color:#fff;border-top-style:solid;margin-bottom:10px;opacity:0;transition:transform .4s,opacity .4s ease-in-out;transform:translate3d(0, 30px, 0)}.wp-block-uagb-image--layout-overlay__inner .uagb-image-caption{opacity:0;overflow:visible;color:#fff;transition:transform .45s,opacity .45s ease-in-out;transform:translate3d(0, 35px, 0)}.wp-block-uagb-image--layout-overlay__inner:hover .uagb-image-heading,.wp-block-uagb-image--layout-overlay__inner:hover .uagb-image-separator,.wp-block-uagb-image--layout-overlay__inner:hover .uagb-image-caption{opacity:1;transform:translate3d(0, 0, 0)}.wp-block-uagb-image--effect-zoomin .wp-block-uagb-image__figure img,.wp-block-uagb-image--effect-zoomin .wp-block-uagb-image__figure .wp-block-uagb-image--layout-overlay__color-wrapper{transform:scale(1);transition:transform .35s ease-in-out}.wp-block-uagb-image--effect-zoomin .wp-block-uagb-image__figure:hover img,.wp-block-uagb-image--effect-zoomin .wp-block-uagb-image__figure:hover .wp-block-uagb-image--layout-overlay__color-wrapper{transform:scale(1.05)}.wp-block-uagb-image--effect-slide .wp-block-uagb-image__figure img,.wp-block-uagb-image--effect-slide .wp-block-uagb-image__figure .wp-block-uagb-image--layout-overlay__color-wrapper{width:calc(100% + 40px) !important;max-width:none !important;transform:translate3d(-40px, 0, 0);transition:transform .35s ease-in-out}.wp-block-uagb-image--effect-slide .wp-block-uagb-image__figure:hover img,.wp-block-uagb-image--effect-slide .wp-block-uagb-image__figure:hover .wp-block-uagb-image--layout-overlay__color-wrapper{transform:translate3d(0, 0, 0)}.wp-block-uagb-image--effect-grayscale img{filter:grayscale(0%);transition:.35s ease-in-out}.wp-block-uagb-image--effect-grayscale:hover img{filter:grayscale(100%)}.wp-block-uagb-image--effect-blur img{filter:blur(0);transition:.35s ease-in-out}.wp-block-uagb-image--effect-blur:hover img{filter:blur(3px)}.uagb-block-e6f939b3.wp-block-uagb-image--layout-default figure img{box-shadow: 0px 0px 0 #00000070;}.uagb-block-e6f939b3.wp-block-uagb-image .wp-block-uagb-image__figure figcaption{font-style: normal;align-self: center;}.uagb-block-e6f939b3.wp-block-uagb-image--layout-overlay figure img{box-shadow: 0px 0px 0 #00000070;}.uagb-block-e6f939b3.wp-block-uagb-image--layout-overlay .wp-block-uagb-image--layout-overlay__color-wrapper{opacity: 0.2;}.uagb-block-e6f939b3.wp-block-uagb-image--layout-overlay .wp-block-uagb-image--layout-overlay__inner{left: 15px;right: 15px;top: 15px;bottom: 15px;}.uagb-block-e6f939b3.wp-block-uagb-image--layout-overlay .wp-block-uagb-image--layout-overlay__inner .uagb-image-heading{font-style: normal;color: #fff;opacity: 1;}.uagb-block-e6f939b3.wp-block-uagb-image--layout-overlay .wp-block-uagb-image--layout-overlay__inner .uagb-image-heading a{color: #fff;}.uagb-block-e6f939b3.wp-block-uagb-image--layout-overlay .wp-block-uagb-image--layout-overlay__inner .uagb-image-caption{opacity: 0;}.uagb-block-e6f939b3.wp-block-uagb-image--layout-overlay .wp-block-uagb-image__figure:hover .wp-block-uagb-image--layout-overlay__color-wrapper{opacity: 1;}.uagb-block-e6f939b3.wp-block-uagb-image .wp-block-uagb-image--layout-overlay__inner .uagb-image-separator{width: 30%;border-top-width: 2px;border-top-color: #fff;opacity: 0;}.uagb-block-e6f939b3.wp-block-uagb-image .wp-block-uagb-image__figure img{width: px;height: auto;}.uagb-block-e6f939b3.wp-block-uagb-image .wp-block-uagb-image__figure:hover .wp-block-uagb-image--layout-overlay__inner .uagb-image-caption{opacity: 1;}.uagb-block-e6f939b3.wp-block-uagb-image .wp-block-uagb-image__figure:hover .wp-block-uagb-image--layout-overlay__inner .uagb-image-separator{opacity: 1;}.uagb-block-e6f939b3.wp-block-uagb-image--layout-default figure:hover img{box-shadow: 0px 0px 0 #00000070;}.uagb-block-e6f939b3.wp-block-uagb-image--layout-overlay figure:hover img{box-shadow: 0px 0px 0 #00000070;}@media only screen and (max-width: 976px) {.uagb-block-e6f939b3.wp-block-uagb-image .wp-block-uagb-image__figure img{width: px;height: auto;}}@media only screen and (max-width: 767px) {.uagb-block-e6f939b3.wp-block-uagb-image .wp-block-uagb-image__figure img{width: px;height: auto;}}\";s:2:\"js\";s:0:\"\";s:18:\"current_block_list\";a:13:{i:0;s:11:\"core\/search\";i:1;s:10:\"core\/group\";i:2;s:12:\"core\/heading\";i:3;s:17:\"core\/latest-posts\";i:4;s:20:\"core\/latest-comments\";i:5;s:13:\"core\/archives\";i:6;s:15:\"core\/categories\";i:7;s:14:\"core\/paragraph\";i:8;s:10:\"uagb\/image\";i:9;s:11:\"core\/spacer\";i:10;s:30:\"woocommerce\/product-categories\";i:11;s:10:\"core\/image\";i:12;s:14:\"core\/shortcode\";}s:8:\"uag_flag\";b:1;s:11:\"uag_version\";s:10:\"1777266148\";s:6:\"gfonts\";a:0:{}s:10:\"gfonts_url\";s:0:\"\";s:12:\"gfonts_files\";a:0:{}s:14:\"uag_faq_layout\";b:0;}"]},"uagb_featured_image_src":{"full":["https:\/\/www.ferberpainting.com\/wp-content\/uploads\/2025\/05\/Suede-and-Nubuck-Water-Repellent-5L.png",2560,2560,false],"thumbnail":["https:\/\/www.ferberpainting.com\/wp-content\/uploads\/2025\/05\/Suede-and-Nubuck-Water-Repellent-5L-150x150.png",150,150,true],"medium":["https:\/\/www.ferberpainting.com\/wp-content\/uploads\/2025\/05\/Suede-and-Nubuck-Water-Repellent-5L-300x300.png",300,300,true],"medium_large":["https:\/\/www.ferberpainting.com\/wp-content\/uploads\/2025\/05\/Suede-and-Nubuck-Water-Repellent-5L-768x768.png",768,768,true],"large":["https:\/\/www.ferberpainting.com\/wp-content\/uploads\/2025\/05\/Suede-and-Nubuck-Water-Repellent-5L-1024x1024.png",1024,1024,true],"1536x1536":["https:\/\/www.ferberpainting.com\/wp-content\/uploads\/2025\/05\/Suede-and-Nubuck-Water-Repellent-5L-1536x1536.png",1536,1536,true],"2048x2048":["https:\/\/www.ferberpainting.com\/wp-content\/uploads\/2025\/05\/Suede-and-Nubuck-Water-Repellent-5L-2048x2048.png",2048,2048,true],"trp-custom-language-flag":["https:\/\/www.ferberpainting.com\/wp-content\/uploads\/2025\/05\/Suede-and-Nubuck-Water-Repellent-5L-12x12.png",12,12,true],"woocommerce_thumbnail":["https:\/\/www.ferberpainting.com\/wp-content\/uploads\/2025\/05\/Suede-and-Nubuck-Water-Repellent-5L-300x300.png",300,300,true],"woocommerce_single":["https:\/\/www.ferberpainting.com\/wp-content\/uploads\/2025\/05\/Suede-and-Nubuck-Water-Repellent-5L-600x600.png",600,600,true],"woocommerce_gallery_thumbnail":["https:\/\/www.ferberpainting.com\/wp-content\/uploads\/2025\/05\/Suede-and-Nubuck-Water-Repellent-5L-100x100.png",100,100,true]},"uagb_author_info":{"display_name":"admin","author_link":"https:\/\/www.ferberpainting.com\/de\/author\/"},"uagb_comment_info":36,"uagb_excerpt":"Effective Protection Against Water and Stains.\u00a0This suede waterproofer is specially formulated to create an invisible barrier against moisture and dirt. It prevents water, mud, or grease stains while preserving the delicate texture and elegant appearance of suede. It is the ideal solution to keep your suede shoes, jackets, bags, and other items in perfect condition&hellip;","_links":{"self":[{"href":"https:\/\/www.ferberpainting.com\/de\/wp-json\/wp\/v2\/product\/25339","targetHints":{"allow":["GET"]}}],"collection":[{"href":"https:\/\/www.ferberpainting.com\/de\/wp-json\/wp\/v2\/product"}],"about":[{"href":"https:\/\/www.ferberpainting.com\/de\/wp-json\/wp\/v2\/types\/product"}],"replies":[{"embeddable":true,"href":"https:\/\/www.ferberpainting.com\/de\/wp-json\/wp\/v2\/comments?post=25339"}],"version-history":[{"count":4,"href":"https:\/\/www.ferberpainting.com\/de\/wp-json\/wp\/v2\/product\/25339\/revisions"}],"predecessor-version":[{"id":167361,"href":"https:\/\/www.ferberpainting.com\/de\/wp-json\/wp\/v2\/product\/25339\/revisions\/167361"}],"wp:featuredmedia":[{"embeddable":true,"href":"https:\/\/www.ferberpainting.com\/de\/wp-json\/wp\/v2\/media\/35957"}],"wp:attachment":[{"href":"https:\/\/www.ferberpainting.com\/de\/wp-json\/wp\/v2\/media?parent=25339"}],"wp:term":[{"taxonomy":"product_brand","embeddable":true,"href":"https:\/\/www.ferberpainting.com\/de\/wp-json\/wp\/v2\/product_brand?post=25339"},{"taxonomy":"product_cat","embeddable":true,"href":"https:\/\/www.ferberpainting.com\/de\/wp-json\/wp\/v2\/product_cat?post=25339"},{"taxonomy":"product_tag","embeddable":true,"href":"https:\/\/www.ferberpainting.com\/de\/wp-json\/wp\/v2\/product_tag?post=25339"}],"curies":[{"name":"wp","href":"https:\/\/api.w.org\/{rel}","templated":true}]}}