{"id":25314,"date":"2025-06-30T20:52:26","date_gmt":"2025-06-30T18:52:26","guid":{"rendered":"https:\/\/www.ferberpainting.com\/?post_type=product&#038;p=25314"},"modified":"2026-02-16T10:51:53","modified_gmt":"2026-02-16T09:51:53","slug":"sofa-water-repellent","status":"publish","type":"product","link":"https:\/\/www.ferberpainting.com\/de\/products\/sofa-water-repellent\/","title":{"rendered":"Impr\u00e4gniermittel f\u00fcr Sofa"},"content":{"rendered":"<p><strong><img decoding=\"async\" style=\"margin-right: 12px;\" src=\"https:\/\/www.ferberpainting.com\/wp-content\/uploads\/2026\/02\/Check.svg\" alt=\"\" width=\"18\" height=\"15\" \/>Wirksamer Schutz vor Feuchtigkeit und Flecken.<\/strong>\u00a0Dieses Impr\u00e4gniermittel f\u00fcr Sofas wurde speziell entwickelt, um Ihre Stoff- oder Lederm\u00f6bel lang anhaltend vor Feuchtigkeit, Flecken und Flecken zu sch\u00fctzen. Es bildet eine unsichtbare Barriere, die Fl\u00fcssigkeiten abweist und verhindert, dass sich Schmutz festsetzt. So bleiben das Aussehen und die Beschaffenheit Ihres Sofas l\u00e4nger erhalten. Ob Getr\u00e4nke-, Lebensmittel- oder sogar Schlammspritzer, dieses Produkt verhindert das Eindringen von Fl\u00fcssigkeiten und erleichtert die Reinigung.<\/p>\n<p><strong><img decoding=\"async\" style=\"margin-right: 12px;\" src=\"https:\/\/www.ferberpainting.com\/wp-content\/uploads\/2026\/02\/Check.svg\" alt=\"\" width=\"18\" height=\"15\" \/>Geld-zur\u00fcck-Garantie.<\/strong>\u00a0Wir sind von der Wirksamkeit unseres Sofa-Impr\u00e4gnierers \u00fcberzeugt und bieten daher eine Zufriedenheitsgarantie. Wenn das Produkt nach dem Gebrauch nicht Ihren Erwartungen entspricht, k\u00f6nnen Sie eine vollst\u00e4ndige R\u00fcckerstattung verlangen. Dank dieser Garantie k\u00f6nnen Sie mit Zuversicht kaufen und wissen, dass Sie nichts zu verlieren haben. Wenn Sie keinen optimalen Schutz feststellen, erstatten wir Ihnen den Kaufpreis ohne Probleme zur\u00fcck.<\/p>\n<p><strong><img decoding=\"async\" style=\"margin-right: 12px;\" src=\"https:\/\/www.ferberpainting.com\/wp-content\/uploads\/2026\/02\/Check.svg\" alt=\"\" width=\"18\" height=\"15\" \/>Geeignet f\u00fcr verschiedene Materialien.<\/strong>\u00a0Dieses Impr\u00e4gniermittel ist ideal f\u00fcr eine Vielzahl von Materialien. Er ist wirksam auf Stoffen wie Baumwolle, Leinen, Samt, aber auch auf Leder- und Mikrofaseroberfl\u00e4chen. Sie k\u00f6nnen es sicher auf Sofas, Sesseln, Kissen und anderen Textil- oder Lederm\u00f6beln anwenden. Es ver\u00e4ndert weder das Aussehen noch die Textur und beh\u00e4lt einen weichen und angenehmen Griff bei und bietet einen unsichtbaren und dauerhaften Schutz.<\/p>\n<p><strong><img decoding=\"async\" style=\"margin-right: 12px;\" src=\"https:\/\/www.ferberpainting.com\/wp-content\/uploads\/2026\/02\/Check.svg\" alt=\"\" width=\"18\" height=\"15\" \/>Kosteng\u00fcnstig.<\/strong>\u00a0Dank seiner konzentrierten Formel bietet dieser Impr\u00e4gnierer ein ausgezeichnetes Verh\u00e4ltnis zwischen Qualit\u00e4t und Deckkraft. Mit einem Liter k\u00f6nnen durchschnittlich 25 bis 30 m\u00b2 behandelt werden, je nach Dicke des Gewebes und der Anzahl der aufgetragenen Schichten. Seine Wirksamkeit bedeutet, dass eine einzige Behandlung einen lang anhaltenden Schutz bietet, so dass Sie nicht h\u00e4ufig nachbehandeln m\u00fcssen, was es zu einer wirtschaftlichen L\u00f6sung f\u00fcr den langfristigen Schutz von M\u00f6beln macht.<\/p>\n<p><strong><img decoding=\"async\" style=\"margin-right: 12px;\" src=\"https:\/\/www.ferberpainting.com\/wp-content\/uploads\/2026\/02\/Check.svg\" alt=\"\" width=\"18\" height=\"15\" \/>Sicher und materialschonend.<\/strong>\u00a0Dieses Impr\u00e4gniermittel f\u00fcr Sofas besteht aus sicheren Inhaltsstoffen, die sanft zu Ihren Stoffen sind. Er enth\u00e4lt keine aggressiven Chemikalien und ist daher sicher f\u00fcr den Hausgebrauch. Er ver\u00e4ndert weder die Farbe noch die Textur des Stoffes oder Leders. Wenn Sie es auf Ihr Sofa auftragen, bietet es einen wirksamen Schutz, ohne Ihre M\u00f6bel zu besch\u00e4digen oder Ihre Familie giftigen Substanzen auszusetzen.<\/p>\n<p><strong><img decoding=\"async\" style=\"margin-right: 12px;\" src=\"https:\/\/www.ferberpainting.com\/wp-content\/uploads\/2026\/02\/Check.svg\" alt=\"\" width=\"18\" height=\"15\" \/>Benutzerfreundlichkeit.<\/strong>\u00a0Die Anwendung des Sofa-Impr\u00e4gniermittels ist sehr einfach. Er ist gebrauchsfertig und muss nicht verd\u00fcnnt werden. Spr\u00fchen Sie einfach eine d\u00fcnne, gleichm\u00e4\u00dfige Schicht auf die Oberfl\u00e4che des Sofas und lassen Sie sie trocknen. Es ist keine komplizierte Vorbereitung, kein Mischen und keine Wartezeit erforderlich. Dieses Produkt wurde entwickelt, um Ihnen Zeit zu sparen und gleichzeitig einen hochwertigen Schutz zu bieten. Sie k\u00f6nnen einen Spr\u00fcher oder ein weiches Tuch verwenden, um das Produkt gleichm\u00e4\u00dfig aufzutragen.<\/p>\n<p><strong><img decoding=\"async\" style=\"margin-right: 12px;\" src=\"https:\/\/www.ferberpainting.com\/wp-content\/uploads\/2026\/02\/Check.svg\" alt=\"\" width=\"18\" height=\"15\" \/>Dauerhafter Schutz.<\/strong>\u00a0Einmal aufgetragen, bildet das Impr\u00e4gniermittel eine dauerhafte Barriere, die auch nach mehreren Reinigungen wirksam bleibt. Sie m\u00fcssen es nicht regelm\u00e4\u00dfig neu auftragen. Die Impr\u00e4gnierung sch\u00fctzt Ihre Sofas mehrere Monate lang und widersteht Fl\u00fcssigkeitsspritzern und t\u00e4glichen Flecken. So k\u00f6nnen Sie Ihre M\u00f6bel genie\u00dfen, ohne sich Gedanken \u00fcber Abnutzung durch Feuchtigkeit oder t\u00e4glichen Schmutz machen zu m\u00fcssen. Dieses Produkt tr\u00e4gt dazu bei, dass Ihre Sofas \u00fcber lange Zeit in einem ausgezeichneten Zustand bleiben.<\/p>\n<p><strong><img decoding=\"async\" style=\"margin-right: 12px;\" src=\"https:\/\/www.ferberpainting.com\/wp-content\/uploads\/2026\/02\/Check.svg\" alt=\"\" width=\"18\" height=\"15\" \/>Schnell wirkend.<\/strong>\u00a0Dieses Impr\u00e4gniermittel f\u00fcr Sofas trocknet je nach Stoff in etwa 1 Stunde bei Raumtemperatur. So k\u00f6nnen Sie den Schutz schnell genie\u00dfen, ohne stundenlang warten zu m\u00fcssen. Im Gegensatz zu anderen Behandlungen, die lange Trocknungszeiten ben\u00f6tigen, k\u00f6nnen Sie mit diesem Produkt Ihr Sofa sofort nach der Anwendung wieder normal benutzen, da Sie wissen, dass Ihre M\u00f6bel jetzt gesch\u00fctzt sind.<\/p>\n<h2><strong>Verwendungsprotokoll<\/strong><\/h2>\n<ul>\n<li><strong>Vorbereitung der Oberfl\u00e4che <\/strong>: Bevor Sie den Impr\u00e4gnierer auftragen, vergewissern Sie sich, dass das Sofa oder die M\u00f6bel sauber und trocken sind. Gegebenenfalls Staub und leichte Verschmutzungen mit dem Staubsauger entfernen. Wenn der Stoff besonders schmutzig ist, empfiehlt es sich, ihn vor dem Auftragen des Produkts zu waschen oder abzuwischen. Tragen Sie den Impr\u00e4gnierer nicht auf eine schmutzige oder feuchte Oberfl\u00e4che auf.<\/li>\n<li><strong>Produkt Anwendung <\/strong>: Sch\u00fctteln Sie die Flasche vor Gebrauch gut. Spr\u00fchen Sie eine d\u00fcnne, gleichm\u00e4\u00dfige Schicht des Sofa-Impr\u00e4gnierers auf die gesamte Oberfl\u00e4che des Gegenstands, so dass alle Bereiche abgedeckt sind. F\u00fcr gro\u00dfe Fl\u00e4chen k\u00f6nnen Sie einen Spr\u00fcher verwenden, f\u00fcr kleinere oder schwer zug\u00e4ngliche Stellen k\u00f6nnen Sie ein weiches Tuch benutzen. Achten Sie darauf, dass Sie den Stoff nicht \u00fcbers\u00e4ttigen, sondern eine leichte und wirksame Schicht auftragen.<\/li>\n<li><strong>Gleichm\u00e4\u00dfige Deckung <\/strong>: Wenn Sie ein Tuch verwenden, reiben Sie das Produkt vorsichtig \u00fcber die Oberfl\u00e4che, um eine gleichm\u00e4\u00dfige Verteilung zu gew\u00e4hrleisten. Reiben Sie nicht zu stark, um eine Verformung der Stoff- oder Lederfasern zu vermeiden. Das Ziel ist es, eine feine, aber wirksame Schutzschicht zu erzeugen.<\/li>\n<li><strong>Trocknungszeit <\/strong>: Lassen Sie das Sofa oder die M\u00f6bel etwa 1 Stunde lang bei Raumtemperatur trocknen. Es ist wichtig, die M\u00f6bel w\u00e4hrend der Trocknungszeit nicht zu benutzen, um das Produkt nicht zu ver\u00e4ndern oder sichtbare Spuren zu hinterlassen. Stellen Sie Ihre M\u00f6bel nicht in die N\u00e4he einer direkten W\u00e4rmequelle.<\/li>\n<li><strong>Wiederbewerbung <\/strong>: Je nach Nutzung des Sofas kann eine zweite Anwendung empfohlen werden, um den Schutz zu verst\u00e4rken. Dies kann besonders dann sinnvoll sein, wenn Ihr Sofa h\u00e4ufig Spritzern oder Flecken ausgesetzt ist. Lassen Sie die erste Schicht immer vollst\u00e4ndig trocknen, bevor Sie die zweite auftragen.<\/li>\n<li><strong>Pflege nach der Anwendung <\/strong>: Sie k\u00f6nnen Ihr Sofa nach der Anwendung wie gewohnt reinigen, ohne den Schutz zu entfernen. Um die Wirksamkeit zu erhalten, sollten Sie jedoch vermeiden, die Oberfl\u00e4che zu stark zu schrubben. Sie k\u00f6nnen das Impr\u00e4gniermittel alle 6 Monate oder bei Bedarf auch h\u00e4ufiger auftragen.<\/li>\n<\/ul>\n<p>Unser Impr\u00e4gniermittel f\u00fcr Sofas ist eine einfache, schnelle und wirksame L\u00f6sung, um Ihre M\u00f6bel vor \u00e4u\u00dferen Einfl\u00fcssen zu sch\u00fctzen und eine lang anhaltende Sch\u00f6nheit und Haltbarkeit zu gew\u00e4hrleisten. Mit seiner innovativen Formel und der einfachen Anwendung wird er zu Ihrer bevorzugten L\u00f6sung f\u00fcr die Pflege von Sofas und anderen Gegenst\u00e4nden aus Stoff oder Leder.<\/p>","protected":false},"excerpt":{"rendered":"<p>Effective Protection Against Moisture and Stains.\u00a0This sofa waterproofer is specially designed to provide long-lasting protection against humidity, stains, and spills on your fabric or leather furniture. It forms an invisible barrier that repels liquids and prevents dirt from settling, helping to preserve the appearance and texture of your sofa for longer. Whether it&#8217;s beverage, food, [&hellip;]<\/p>\n","protected":false},"featured_media":35924,"comment_status":"open","ping_status":"closed","template":"","meta":{"_uag_custom_page_level_css":"","site-sidebar-layout":"default","site-content-layout":"","ast-site-content-layout":"default","site-content-style":"default","site-sidebar-style":"default","ast-global-header-display":"","ast-banner-title-visibility":"","ast-main-header-display":"","ast-hfb-above-header-display":"","ast-hfb-below-header-display":"","ast-hfb-mobile-header-display":"","site-post-title":"","ast-breadcrumbs-content":"","ast-featured-img":"","footer-sml-layout":"","ast-disable-related-posts":"","theme-transparent-header-meta":"default","adv-header-id-meta":"","stick-header-meta":"","header-above-stick-meta":"","header-main-stick-meta":"","header-below-stick-meta":"","astra-migrate-meta-layouts":"set","ast-page-background-enabled":"default","ast-page-background-meta":{"desktop":{"background-color":"var(--ast-global-color-4)","background-image":"","background-repeat":"repeat","background-position":"center center","background-size":"auto","background-attachment":"scroll","background-type":"","background-media":"","overlay-type":"","overlay-color":"","overlay-opacity":"","overlay-gradient":""},"tablet":{"background-color":"","background-image":"","background-repeat":"repeat","background-position":"center center","background-size":"auto","background-attachment":"scroll","background-type":"","background-media":"","overlay-type":"","overlay-color":"","overlay-opacity":"","overlay-gradient":""},"mobile":{"background-color":"","background-image":"","background-repeat":"repeat","background-position":"center center","background-size":"auto","background-attachment":"scroll","background-type":"","background-media":"","overlay-type":"","overlay-color":"","overlay-opacity":"","overlay-gradient":""}},"ast-content-background-meta":{"desktop":{"background-color":"var(--ast-global-color-5)","background-image":"","background-repeat":"repeat","background-position":"center center","background-size":"auto","background-attachment":"scroll","background-type":"","background-media":"","overlay-type":"","overlay-color":"","overlay-opacity":"","overlay-gradient":""},"tablet":{"background-color":"var(--ast-global-color-5)","background-image":"","background-repeat":"repeat","background-position":"center center","background-size":"auto","background-attachment":"scroll","background-type":"","background-media":"","overlay-type":"","overlay-color":"","overlay-opacity":"","overlay-gradient":""},"mobile":{"background-color":"var(--ast-global-color-5)","background-image":"","background-repeat":"repeat","background-position":"center center","background-size":"auto","background-attachment":"scroll","background-type":"","background-media":"","overlay-type":"","overlay-color":"","overlay-opacity":"","overlay-gradient":""}}},"product_brand":[],"product_cat":[191],"product_tag":[],"class_list":{"0":"post-25314","1":"product","2":"type-product","3":"status-publish","4":"has-post-thumbnail","6":"product_cat-water-repellent","7":"desktop-align-left","8":"tablet-align-left","9":"mobile-align-left","11":"first","12":"instock","13":"sale","14":"shipping-taxable","15":"purchasable","16":"product-type-variable","17":"has-default-attributes"},"spectra_custom_meta":{"_visibility":["visible"],"_shopify_product_id":["9106565857525"],"_s2w_shopify_domain":["ferberpainting.myshopify.com"],"_shopify_variant_id":["46626275492085"],"_sku":[""],"_manage_stock":["no"],"total_sales":["326"],"_tax_status":["taxable"],"_tax_class":[""],"_backorders":["no"],"_sold_individually":["no"],"_virtual":["no"],"_downloadable":["no"],"_download_limit":["-1"],"_download_expiry":["-1"],"_stock":[null],"_stock_status":["instock"],"_wc_average_rating":["5.00"],"_wc_review_count":["11"],"_product_attributes":["a:1:{s:6:\"volume\";a:6:{s:4:\"name\";s:6:\"Volume\";s:5:\"value\";s:20:\"5 liters | 25 liters\";s:8:\"position\";i:1;s:10:\"is_visible\";i:0;s:12:\"is_variation\";i:1;s:11:\"is_taxonomy\";i:0;}}"],"_product_version":["10.5.1"],"wpse_downloadable_file_names":[""],"wpse_downloadable_file_urls":[""],"_edit_last":["1"],"_default_attributes":["a:1:{s:6:\"volume\";s:8:\"5 liters\";}"],"_edit_lock":["1771235377:1"],"merchant-center-availability":["yes"],"merchant-center-category":["8043"],"_thumbnail_id":["35924"],"_wp_page_template":["default"],"_wp_old_date":["2025-05-26"],"_product_image_gallery":["35925"],"site-sidebar-layout":["default"],"ast-site-content-layout":["default"],"site-content-style":["default"],"site-sidebar-style":["default"],"theme-transparent-header-meta":["default"],"_wc_rating_count":["a:1:{i:5;i:11;}"],"_price":["29.90","129.90"],"astra-migrate-meta-layouts":["set"],"_uag_css_file_name":["uag-css-25314.css"],"_elementor_page_assets":["a:0:{}"],"_uag_page_assets":["a:9:{s:3:\"css\";s:6873:\".wp-block-uagb-image{display:flex}.wp-block-uagb-image__figure{position:relative;display:flex;flex-direction:column;max-width:100%;height:auto;margin:0}.wp-block-uagb-image__figure img{height:auto;display:flex;max-width:100%;transition:box-shadow .2s ease}.wp-block-uagb-image__figure>a{display:inline-block}.wp-block-uagb-image__figure figcaption{text-align:center;margin-top:.5em;margin-bottom:1em}.wp-block-uagb-image .components-placeholder.block-editor-media-placeholder .components-placeholder__instructions{align-self:center}.wp-block-uagb-image--align-left{text-align:left}.wp-block-uagb-image--align-right{text-align:right}.wp-block-uagb-image--align-center{text-align:center}.wp-block-uagb-image--align-full .wp-block-uagb-image__figure{margin-left:calc(50% - 50vw);margin-right:calc(50% - 50vw);max-width:100vw;width:100vw;height:auto}.wp-block-uagb-image--align-full .wp-block-uagb-image__figure img{height:auto;width:100% !important}.wp-block-uagb-image--align-wide .wp-block-uagb-image__figure img{height:auto;width:100%}.wp-block-uagb-image--layout-overlay__color-wrapper{position:absolute;left:0;top:0;right:0;bottom:0;opacity:.2;background:rgba(0,0,0,.5);transition:opacity .35s ease-in-out}.wp-block-uagb-image--layout-overlay-link{position:absolute;left:0;right:0;bottom:0;top:0}.wp-block-uagb-image--layout-overlay .wp-block-uagb-image__figure:hover .wp-block-uagb-image--layout-overlay__color-wrapper{opacity:1}.wp-block-uagb-image--layout-overlay__inner{position:absolute;left:15px;right:15px;bottom:15px;top:15px;display:flex;align-items:center;justify-content:center;flex-direction:column;border-color:#fff;transition:.35s ease-in-out}.wp-block-uagb-image--layout-overlay__inner.top-left,.wp-block-uagb-image--layout-overlay__inner.top-center,.wp-block-uagb-image--layout-overlay__inner.top-right{justify-content:flex-start}.wp-block-uagb-image--layout-overlay__inner.bottom-left,.wp-block-uagb-image--layout-overlay__inner.bottom-center,.wp-block-uagb-image--layout-overlay__inner.bottom-right{justify-content:flex-end}.wp-block-uagb-image--layout-overlay__inner.top-left,.wp-block-uagb-image--layout-overlay__inner.center-left,.wp-block-uagb-image--layout-overlay__inner.bottom-left{align-items:flex-start}.wp-block-uagb-image--layout-overlay__inner.top-right,.wp-block-uagb-image--layout-overlay__inner.center-right,.wp-block-uagb-image--layout-overlay__inner.bottom-right{align-items:flex-end}.wp-block-uagb-image--layout-overlay__inner .uagb-image-heading{color:#fff;transition:transform .35s,opacity .35s ease-in-out;transform:translate3d(0, 24px, 0);margin:0;line-height:1em}.wp-block-uagb-image--layout-overlay__inner .uagb-image-separator{width:30%;border-top-width:2px;border-top-color:#fff;border-top-style:solid;margin-bottom:10px;opacity:0;transition:transform .4s,opacity .4s ease-in-out;transform:translate3d(0, 30px, 0)}.wp-block-uagb-image--layout-overlay__inner .uagb-image-caption{opacity:0;overflow:visible;color:#fff;transition:transform .45s,opacity .45s ease-in-out;transform:translate3d(0, 35px, 0)}.wp-block-uagb-image--layout-overlay__inner:hover .uagb-image-heading,.wp-block-uagb-image--layout-overlay__inner:hover .uagb-image-separator,.wp-block-uagb-image--layout-overlay__inner:hover .uagb-image-caption{opacity:1;transform:translate3d(0, 0, 0)}.wp-block-uagb-image--effect-zoomin .wp-block-uagb-image__figure img,.wp-block-uagb-image--effect-zoomin .wp-block-uagb-image__figure .wp-block-uagb-image--layout-overlay__color-wrapper{transform:scale(1);transition:transform .35s ease-in-out}.wp-block-uagb-image--effect-zoomin .wp-block-uagb-image__figure:hover img,.wp-block-uagb-image--effect-zoomin .wp-block-uagb-image__figure:hover .wp-block-uagb-image--layout-overlay__color-wrapper{transform:scale(1.05)}.wp-block-uagb-image--effect-slide .wp-block-uagb-image__figure img,.wp-block-uagb-image--effect-slide .wp-block-uagb-image__figure .wp-block-uagb-image--layout-overlay__color-wrapper{width:calc(100% + 40px) !important;max-width:none !important;transform:translate3d(-40px, 0, 0);transition:transform .35s ease-in-out}.wp-block-uagb-image--effect-slide .wp-block-uagb-image__figure:hover img,.wp-block-uagb-image--effect-slide .wp-block-uagb-image__figure:hover .wp-block-uagb-image--layout-overlay__color-wrapper{transform:translate3d(0, 0, 0)}.wp-block-uagb-image--effect-grayscale img{filter:grayscale(0%);transition:.35s ease-in-out}.wp-block-uagb-image--effect-grayscale:hover img{filter:grayscale(100%)}.wp-block-uagb-image--effect-blur img{filter:blur(0);transition:.35s ease-in-out}.wp-block-uagb-image--effect-blur:hover img{filter:blur(3px)}.uagb-block-e6f939b3.wp-block-uagb-image--layout-default figure img{box-shadow: 0px 0px 0 #00000070;}.uagb-block-e6f939b3.wp-block-uagb-image .wp-block-uagb-image__figure figcaption{font-style: normal;align-self: center;}.uagb-block-e6f939b3.wp-block-uagb-image--layout-overlay figure img{box-shadow: 0px 0px 0 #00000070;}.uagb-block-e6f939b3.wp-block-uagb-image--layout-overlay .wp-block-uagb-image--layout-overlay__color-wrapper{opacity: 0.2;}.uagb-block-e6f939b3.wp-block-uagb-image--layout-overlay .wp-block-uagb-image--layout-overlay__inner{left: 15px;right: 15px;top: 15px;bottom: 15px;}.uagb-block-e6f939b3.wp-block-uagb-image--layout-overlay .wp-block-uagb-image--layout-overlay__inner .uagb-image-heading{font-style: normal;color: #fff;opacity: 1;}.uagb-block-e6f939b3.wp-block-uagb-image--layout-overlay .wp-block-uagb-image--layout-overlay__inner .uagb-image-heading a{color: #fff;}.uagb-block-e6f939b3.wp-block-uagb-image--layout-overlay .wp-block-uagb-image--layout-overlay__inner .uagb-image-caption{opacity: 0;}.uagb-block-e6f939b3.wp-block-uagb-image--layout-overlay .wp-block-uagb-image__figure:hover .wp-block-uagb-image--layout-overlay__color-wrapper{opacity: 1;}.uagb-block-e6f939b3.wp-block-uagb-image .wp-block-uagb-image--layout-overlay__inner .uagb-image-separator{width: 30%;border-top-width: 2px;border-top-color: #fff;opacity: 0;}.uagb-block-e6f939b3.wp-block-uagb-image .wp-block-uagb-image__figure img{width: px;height: auto;}.uagb-block-e6f939b3.wp-block-uagb-image .wp-block-uagb-image__figure:hover .wp-block-uagb-image--layout-overlay__inner .uagb-image-caption{opacity: 1;}.uagb-block-e6f939b3.wp-block-uagb-image .wp-block-uagb-image__figure:hover .wp-block-uagb-image--layout-overlay__inner .uagb-image-separator{opacity: 1;}.uagb-block-e6f939b3.wp-block-uagb-image--layout-default figure:hover img{box-shadow: 0px 0px 0 #00000070;}.uagb-block-e6f939b3.wp-block-uagb-image--layout-overlay figure:hover img{box-shadow: 0px 0px 0 #00000070;}@media only screen and (max-width: 976px) {.uagb-block-e6f939b3.wp-block-uagb-image .wp-block-uagb-image__figure img{width: px;height: auto;}}@media only screen and (max-width: 767px) {.uagb-block-e6f939b3.wp-block-uagb-image .wp-block-uagb-image__figure img{width: px;height: auto;}}\";s:2:\"js\";s:0:\"\";s:18:\"current_block_list\";a:13:{i:0;s:11:\"core\/search\";i:1;s:10:\"core\/group\";i:2;s:12:\"core\/heading\";i:3;s:17:\"core\/latest-posts\";i:4;s:20:\"core\/latest-comments\";i:5;s:13:\"core\/archives\";i:6;s:15:\"core\/categories\";i:7;s:14:\"core\/paragraph\";i:8;s:10:\"uagb\/image\";i:9;s:11:\"core\/spacer\";i:10;s:30:\"woocommerce\/product-categories\";i:11;s:10:\"core\/image\";i:12;s:14:\"core\/shortcode\";}s:8:\"uag_flag\";b:1;s:11:\"uag_version\";s:10:\"1777101280\";s:6:\"gfonts\";a:0:{}s:10:\"gfonts_url\";s:0:\"\";s:12:\"gfonts_files\";a:0:{}s:14:\"uag_faq_layout\";b:0;}"]},"uagb_featured_image_src":{"full":["https:\/\/www.ferberpainting.com\/wp-content\/uploads\/2025\/05\/Sofa-Water-Repellent-5L.png",2560,2560,false],"thumbnail":["https:\/\/www.ferberpainting.com\/wp-content\/uploads\/2025\/05\/Sofa-Water-Repellent-5L-150x150.png",150,150,true],"medium":["https:\/\/www.ferberpainting.com\/wp-content\/uploads\/2025\/05\/Sofa-Water-Repellent-5L-300x300.png",300,300,true],"medium_large":["https:\/\/www.ferberpainting.com\/wp-content\/uploads\/2025\/05\/Sofa-Water-Repellent-5L-768x768.png",768,768,true],"large":["https:\/\/www.ferberpainting.com\/wp-content\/uploads\/2025\/05\/Sofa-Water-Repellent-5L-1024x1024.png",1024,1024,true],"1536x1536":["https:\/\/www.ferberpainting.com\/wp-content\/uploads\/2025\/05\/Sofa-Water-Repellent-5L-1536x1536.png",1536,1536,true],"2048x2048":["https:\/\/www.ferberpainting.com\/wp-content\/uploads\/2025\/05\/Sofa-Water-Repellent-5L-2048x2048.png",2048,2048,true],"trp-custom-language-flag":["https:\/\/www.ferberpainting.com\/wp-content\/uploads\/2025\/05\/Sofa-Water-Repellent-5L-12x12.png",12,12,true],"woocommerce_thumbnail":["https:\/\/www.ferberpainting.com\/wp-content\/uploads\/2025\/05\/Sofa-Water-Repellent-5L-300x300.png",300,300,true],"woocommerce_single":["https:\/\/www.ferberpainting.com\/wp-content\/uploads\/2025\/05\/Sofa-Water-Repellent-5L-600x600.png",600,600,true],"woocommerce_gallery_thumbnail":["https:\/\/www.ferberpainting.com\/wp-content\/uploads\/2025\/05\/Sofa-Water-Repellent-5L-100x100.png",100,100,true]},"uagb_author_info":{"display_name":"admin","author_link":"https:\/\/www.ferberpainting.com\/de\/author\/"},"uagb_comment_info":11,"uagb_excerpt":"Effective Protection Against Moisture and Stains.\u00a0This sofa waterproofer is specially designed to provide long-lasting protection against humidity, stains, and spills on your fabric or leather furniture. It forms an invisible barrier that repels liquids and prevents dirt from settling, helping to preserve the appearance and texture of your sofa for longer. Whether it&#8217;s beverage, food,&hellip;","_links":{"self":[{"href":"https:\/\/www.ferberpainting.com\/de\/wp-json\/wp\/v2\/product\/25314","targetHints":{"allow":["GET"]}}],"collection":[{"href":"https:\/\/www.ferberpainting.com\/de\/wp-json\/wp\/v2\/product"}],"about":[{"href":"https:\/\/www.ferberpainting.com\/de\/wp-json\/wp\/v2\/types\/product"}],"replies":[{"embeddable":true,"href":"https:\/\/www.ferberpainting.com\/de\/wp-json\/wp\/v2\/comments?post=25314"}],"version-history":[{"count":3,"href":"https:\/\/www.ferberpainting.com\/de\/wp-json\/wp\/v2\/product\/25314\/revisions"}],"predecessor-version":[{"id":167300,"href":"https:\/\/www.ferberpainting.com\/de\/wp-json\/wp\/v2\/product\/25314\/revisions\/167300"}],"wp:featuredmedia":[{"embeddable":true,"href":"https:\/\/www.ferberpainting.com\/de\/wp-json\/wp\/v2\/media\/35924"}],"wp:attachment":[{"href":"https:\/\/www.ferberpainting.com\/de\/wp-json\/wp\/v2\/media?parent=25314"}],"wp:term":[{"taxonomy":"product_brand","embeddable":true,"href":"https:\/\/www.ferberpainting.com\/de\/wp-json\/wp\/v2\/product_brand?post=25314"},{"taxonomy":"product_cat","embeddable":true,"href":"https:\/\/www.ferberpainting.com\/de\/wp-json\/wp\/v2\/product_cat?post=25314"},{"taxonomy":"product_tag","embeddable":true,"href":"https:\/\/www.ferberpainting.com\/de\/wp-json\/wp\/v2\/product_tag?post=25314"}],"curies":[{"name":"wp","href":"https:\/\/api.w.org\/{rel}","templated":true}]}}