{"id":25299,"date":"2025-05-26T10:30:35","date_gmt":"2025-05-26T08:30:35","guid":{"rendered":"https:\/\/www.ferberpainting.com\/products\/silver-cleaner\/"},"modified":"2026-02-16T10:45:08","modified_gmt":"2026-02-16T09:45:08","slug":"silver-cleaner","status":"publish","type":"product","link":"https:\/\/www.ferberpainting.com\/de\/products\/silver-cleaner\/","title":{"rendered":"Silberreiniger"},"content":{"rendered":"<p><strong><img decoding=\"async\" style=\"margin-right: 12px;\" src=\"https:\/\/www.ferberpainting.com\/wp-content\/uploads\/2026\/02\/Check.svg\" alt=\"\" width=\"18\" height=\"15\" \/>Stellt den Glanz und die Brillanz von Silber im Handumdrehen wieder her.<\/strong> Unser Silberreiniger wurde speziell entwickelt, um Anlaufen, Oxidation und Tr\u00fcbungen von Silberoberfl\u00e4chen schnell und effektiv zu entfernen. Er l\u00e4sst den urspr\u00fcnglichen Glanz von Schmuck, Besteck, Dekorationsgegenst\u00e4nden und Silberwaren wieder aufleben, ohne empfindliche Details zu besch\u00e4digen.<\/p>\n<p><strong><img decoding=\"async\" style=\"margin-right: 12px;\" src=\"https:\/\/www.ferberpainting.com\/wp-content\/uploads\/2026\/02\/Check.svg\" alt=\"\" width=\"18\" height=\"15\" \/>Die wirksamste Silberreinigungsl\u00f6sung auf dem Markt.<\/strong> Dank seiner fortschrittlichen aktiven Formel durchdringt dieses Produkt die Anlaufschichten und l\u00f6st die Oxidation an der Quelle auf. Es stellt den Glanz in der Tiefe wieder her, anstatt die Oberfl\u00e4che nur zu polieren, und sorgt so f\u00fcr lang anhaltende Ergebnisse.<\/p>\n<p><strong><img decoding=\"async\" style=\"margin-right: 12px;\" src=\"https:\/\/www.ferberpainting.com\/wp-content\/uploads\/2026\/02\/Check.svg\" alt=\"\" width=\"18\" height=\"15\" \/>Unschlagbarer Preis.<\/strong> Professionelle Silberreinigungsdienste und hochwertige Produkte k\u00f6nnen teuer sein. Wir bieten professionelle Leistung zum g\u00fcnstigsten Preis und liefern au\u00dfergew\u00f6hnliche Ergebnisse zu einem erschwinglichen Preis.<\/p>\n<p><strong><img decoding=\"async\" style=\"margin-right: 12px;\" src=\"https:\/\/www.ferberpainting.com\/wp-content\/uploads\/2026\/02\/Check.svg\" alt=\"\" width=\"18\" height=\"15\" \/>Geld-zur\u00fcck-Garantie f\u00fcr absolutes Vertrauen.<\/strong> Wir sind von der Leistung unseres Silberreinigers \u00fcberzeugt. Wenn Sie mit den Ergebnissen nicht zufrieden sind, bieten wir Ihnen eine Geld-zur\u00fcck-Garantie. Kontaktieren Sie uns einfach und wir erstatten Ihnen den Kaufpreis.<\/p>\n<p><strong><img decoding=\"async\" style=\"margin-right: 12px;\" src=\"https:\/\/www.ferberpainting.com\/wp-content\/uploads\/2026\/02\/Check.svg\" alt=\"\" width=\"18\" height=\"15\" \/>Schnelle Lieferung innerhalb von 24 Stunden f\u00fcr sofortige Ergebnisse.<\/strong> Wir liefern immer innerhalb von 24 Stunden, damit Sie Ihre Silbergegenst\u00e4nde schnell restaurieren k\u00f6nnen, sei es f\u00fcr den t\u00e4glichen Gebrauch, f\u00fcr besondere Anl\u00e4sse oder f\u00fcr den Wiederverkauf.<\/p>\n<p><strong><img decoding=\"async\" style=\"margin-right: 12px;\" src=\"https:\/\/www.ferberpainting.com\/wp-content\/uploads\/2026\/02\/Check.svg\" alt=\"\" width=\"18\" height=\"15\" \/>Sicher und schonend f\u00fcr empfindliche Oberfl\u00e4chen.<\/strong> Unsere Formel ist so konzipiert, dass sie effektiv reinigt, ohne Silberoberfl\u00e4chen zu zerkratzen oder zu besch\u00e4digen. Sie respektiert feine Gravuren, komplizierte Muster und empfindliche Schmuckfassungen.<\/p>\n<p><strong><img decoding=\"async\" style=\"margin-right: 12px;\" src=\"https:\/\/www.ferberpainting.com\/wp-content\/uploads\/2026\/02\/Check.svg\" alt=\"\" width=\"18\" height=\"15\" \/>Geeignet f\u00fcr mehrere Silbergegenst\u00e4nde.<\/strong> Ideal f\u00fcr Ringe, Halsketten, Armb\u00e4nder, Ohrringe, Silberbesteck, Tabletts, Kerzenst\u00e4nder, M\u00fcnzen und Dekorationsgegenst\u00e4nde.<\/p>\n<p><strong><img decoding=\"async\" style=\"margin-right: 12px;\" src=\"https:\/\/www.ferberpainting.com\/wp-content\/uploads\/2026\/02\/Check.svg\" alt=\"\" width=\"18\" height=\"15\" \/>Entfernt Oxidation und schwarze Beschl\u00e4ge.<\/strong> Silber reagiert auf nat\u00fcrliche Weise mit Schwefelverbindungen in der Luft und bildet dunkle Flecken. Unser Reiniger beseitigt diese Flecken und stellt den nat\u00fcrlichen Metallglanz wieder her.<\/p>\n<p><strong><img decoding=\"async\" style=\"margin-right: 12px;\" src=\"https:\/\/www.ferberpainting.com\/wp-content\/uploads\/2026\/02\/Check.svg\" alt=\"\" width=\"18\" height=\"15\" \/>Einfache Anwendung mit schneller Wirkung.<\/strong> Das Produkt wirkt schnell und erfordert nur minimalen Aufwand. Schon kurz nach dem Auftragen beginnt sich der Lack aufzul\u00f6sen, sodass kein intensives Polieren erforderlich ist.<\/p>\n<p><strong><img decoding=\"async\" style=\"margin-right: 12px;\" src=\"https:\/\/www.ferberpainting.com\/wp-content\/uploads\/2026\/02\/Check.svg\" alt=\"\" width=\"18\" height=\"15\" \/>Lang anhaltender Glanz und Schutz.<\/strong> Nach der Reinigung erlangt die Oberfl\u00e4che bei richtiger Pflege ihren Glanz zur\u00fcck und wird widerstandsf\u00e4higer gegen zuk\u00fcnftige Oxidation.<\/p>\n<h2><strong>Anweisungen<\/strong><\/h2>\n<ul>\n<li>Vergewissern Sie sich, dass der Silbergegenstand vor der Reinigung frei von losem Staub oder Schmutz ist.<\/li>\n<li>Sch\u00fctteln Sie die Flasche vor Gebrauch gr\u00fcndlich, um eine gleichm\u00e4\u00dfige Konsistenz zu gew\u00e4hrleisten.<\/li>\n<li>Tragen Sie eine kleine Menge Silberreiniger auf ein weiches, sauberes Tuch oder gegebenenfalls direkt auf die Silberoberfl\u00e4che auf.<\/li>\n<li>Reiben Sie die Oberfl\u00e4che sanft mit kreisenden Bewegungen ab und achten Sie dabei besonders auf angelaufene oder oxidierte Stellen.<\/li>\n<li>Lassen Sie das Produkt kurz einwirken, in der Regel 1 bis 3 Minuten, je nach Grad der Beschl\u00e4ge.<\/li>\n<li>Lassen Sie das Produkt nicht vollst\u00e4ndig auf der Oberfl\u00e4che trocknen.<\/li>\n<li>Wischen Sie die R\u00fcckst\u00e4nde mit einem sauberen, trockenen Tuch ab, um den wiederhergestellten Glanz zu zeigen.<\/li>\n<li>Bei stark angelaufenen Gegenst\u00e4nden ist die Anwendung gegebenenfalls zu wiederholen.<\/li>\n<li>Bei detaillierten oder gravierten Teilen verwenden Sie einen weichen Pinsel, um das Produkt sanft in kleine Ritzen einzuarbeiten.<\/li>\n<li>Polieren Sie den Gegenstand nach der Reinigung mit einem Mikrofasertuch, um den Glanz zu erh\u00f6hen und eventuelle R\u00fcckst\u00e4nde zu entfernen.<\/li>\n<li>Sp\u00fclen Sie mit Wasser nach, wenn dies f\u00fcr bestimmte Anwendungen empfohlen wird, und trocknen Sie dann gr\u00fcndlich, um Wasserflecken zu vermeiden.<\/li>\n<li>Vermeiden Sie die Verwendung von Scheuermitteln oder scharfen Werkzeugen, die das Silber verkratzen k\u00f6nnten.<\/li>\n<li>Testen Sie das Produkt an einer kleinen, unauff\u00e4lligen Stelle, bevor Sie antike oder sehr wertvolle St\u00fccke behandeln.<\/li>\n<li>Lagern Sie das Produkt gut verschlossen an einem k\u00fchlen, trockenen Ort, gesch\u00fctzt vor direkter Sonneneinstrahlung.<\/li>\n<li>Au\u00dferhalb der Reichweite von Kindern aufbewahren und bei der Verwendung den Kontakt mit Augen und Haut vermeiden.<\/li>\n<li>Nach dem Umgang mit dem Produkt H\u00e4nde waschen.<\/li>\n<li>Nicht auf nicht-silbernen Oberfl\u00e4chen verwenden, es sei denn, die Kompatibilit\u00e4t wurde best\u00e4tigt.<\/li>\n<\/ul>\n<p>Regelm\u00e4\u00dfige Pflege mit unserem Silberreiniger l\u00e4sst Ihre Gegenst\u00e4nde brillant und elegant aussehen. Durch die effiziente und schonende Entfernung von Anlauffarben wird die nat\u00fcrliche Sch\u00f6nheit des Silbers wiederhergestellt, w\u00e4hrend die feinen Details und die strukturelle Integrit\u00e4t erhalten bleiben.<\/p>","protected":false},"excerpt":{"rendered":"<p>Restores brilliance and shine to silver instantly. Our silver cleaner is specially formulated to remove tarnish, oxidation, and dullness from silver surfaces quickly and effectively. It revives the original shine of jewelry, cutlery, decorative objects, and silverware without damaging delicate details. The most effective silver cleaning solution on the market. Thanks to its advanced active [&hellip;]<\/p>\n","protected":false},"featured_media":27174,"comment_status":"open","ping_status":"closed","template":"","meta":{"_uag_custom_page_level_css":"","site-sidebar-layout":"default","site-content-layout":"","ast-site-content-layout":"default","site-content-style":"default","site-sidebar-style":"default","ast-global-header-display":"","ast-banner-title-visibility":"","ast-main-header-display":"","ast-hfb-above-header-display":"","ast-hfb-below-header-display":"","ast-hfb-mobile-header-display":"","site-post-title":"","ast-breadcrumbs-content":"","ast-featured-img":"","footer-sml-layout":"","ast-disable-related-posts":"","theme-transparent-header-meta":"default","adv-header-id-meta":"","stick-header-meta":"","header-above-stick-meta":"","header-main-stick-meta":"","header-below-stick-meta":"","astra-migrate-meta-layouts":"set","ast-page-background-enabled":"default","ast-page-background-meta":{"desktop":{"background-color":"var(--ast-global-color-4)","background-image":"","background-repeat":"repeat","background-position":"center center","background-size":"auto","background-attachment":"scroll","background-type":"","background-media":"","overlay-type":"","overlay-color":"","overlay-opacity":"","overlay-gradient":""},"tablet":{"background-color":"","background-image":"","background-repeat":"repeat","background-position":"center center","background-size":"auto","background-attachment":"scroll","background-type":"","background-media":"","overlay-type":"","overlay-color":"","overlay-opacity":"","overlay-gradient":""},"mobile":{"background-color":"","background-image":"","background-repeat":"repeat","background-position":"center center","background-size":"auto","background-attachment":"scroll","background-type":"","background-media":"","overlay-type":"","overlay-color":"","overlay-opacity":"","overlay-gradient":""}},"ast-content-background-meta":{"desktop":{"background-color":"var(--ast-global-color-5)","background-image":"","background-repeat":"repeat","background-position":"center center","background-size":"auto","background-attachment":"scroll","background-type":"","background-media":"","overlay-type":"","overlay-color":"","overlay-opacity":"","overlay-gradient":""},"tablet":{"background-color":"var(--ast-global-color-5)","background-image":"","background-repeat":"repeat","background-position":"center center","background-size":"auto","background-attachment":"scroll","background-type":"","background-media":"","overlay-type":"","overlay-color":"","overlay-opacity":"","overlay-gradient":""},"mobile":{"background-color":"var(--ast-global-color-5)","background-image":"","background-repeat":"repeat","background-position":"center center","background-size":"auto","background-attachment":"scroll","background-type":"","background-media":"","overlay-type":"","overlay-color":"","overlay-opacity":"","overlay-gradient":""}}},"product_brand":[],"product_cat":[175],"product_tag":[],"class_list":{"0":"post-25299","1":"product","2":"type-product","3":"status-publish","4":"has-post-thumbnail","6":"product_cat-cleaning-products","7":"desktop-align-left","8":"tablet-align-left","9":"mobile-align-left","11":"first","12":"instock","13":"sale","14":"taxable","15":"shipping-taxable","16":"purchasable","17":"product-type-variable","18":"has-default-attributes"},"spectra_custom_meta":{"_visibility":["visible"],"_shopify_product_id":["9078951641333"],"_s2w_shopify_domain":["ferberpainting.myshopify.com"],"_shopify_variant_id":["46543039037685"],"_sku":[""],"_manage_stock":["no"],"total_sales":["203"],"_tax_status":["taxable"],"_tax_class":[""],"_backorders":["no"],"_sold_individually":["no"],"_virtual":["no"],"_downloadable":["no"],"_download_limit":["-1"],"_download_expiry":["-1"],"_stock":[null],"_stock_status":["instock"],"_wc_average_rating":["5.00"],"_wc_review_count":["40"],"_product_attributes":["a:1:{s:6:\"volume\";a:6:{s:4:\"name\";s:6:\"Volume\";s:5:\"value\";s:20:\"5 liters | 25 liters\";s:8:\"position\";i:1;s:10:\"is_visible\";i:0;s:12:\"is_variation\";i:1;s:11:\"is_taxonomy\";i:0;}}"],"_product_version":["10.5.1"],"_thumbnail_id":["27174"],"_product_image_gallery":["27178"],"wpse_downloadable_file_names":[""],"wpse_downloadable_file_urls":[""],"_edit_last":["1"],"_default_attributes":["a:1:{s:6:\"volume\";s:8:\"5 liters\";}"],"_edit_lock":["1771234973:1"],"merchant-center-availability":["yes"],"merchant-center-category":["4973"],"_wp_page_template":["default"],"site-sidebar-layout":["default"],"ast-site-content-layout":["default"],"site-content-style":["default"],"site-sidebar-style":["default"],"theme-transparent-header-meta":["default"],"_wc_rating_count":["a:1:{i:5;i:40;}"],"_price":["29.90","129.90"],"astra-migrate-meta-layouts":["set"],"_uag_css_file_name":["uag-css-25299.css"],"_elementor_page_assets":["a:0:{}"],"_uag_page_assets":["a:9:{s:3:\"css\";s:7133:\".uag-blocks-common-selector{z-index:var(--z-index-desktop) !important}@media(max-width: 976px){.uag-blocks-common-selector{z-index:var(--z-index-tablet) !important}}@media(max-width: 767px){.uag-blocks-common-selector{z-index:var(--z-index-mobile) !important}}.wp-block-uagb-image{display:flex}.wp-block-uagb-image__figure{position:relative;display:flex;flex-direction:column;max-width:100%;height:auto;margin:0}.wp-block-uagb-image__figure img{height:auto;display:flex;max-width:100%;transition:box-shadow .2s ease}.wp-block-uagb-image__figure>a{display:inline-block}.wp-block-uagb-image__figure figcaption{text-align:center;margin-top:.5em;margin-bottom:1em}.wp-block-uagb-image .components-placeholder.block-editor-media-placeholder .components-placeholder__instructions{align-self:center}.wp-block-uagb-image--align-left{text-align:left}.wp-block-uagb-image--align-right{text-align:right}.wp-block-uagb-image--align-center{text-align:center}.wp-block-uagb-image--align-full .wp-block-uagb-image__figure{margin-left:calc(50% - 50vw);margin-right:calc(50% - 50vw);max-width:100vw;width:100vw;height:auto}.wp-block-uagb-image--align-full .wp-block-uagb-image__figure img{height:auto;width:100% !important}.wp-block-uagb-image--align-wide .wp-block-uagb-image__figure img{height:auto;width:100%}.wp-block-uagb-image--layout-overlay__color-wrapper{position:absolute;left:0;top:0;right:0;bottom:0;opacity:.2;background:rgba(0,0,0,.5);transition:opacity .35s ease-in-out}.wp-block-uagb-image--layout-overlay-link{position:absolute;left:0;right:0;bottom:0;top:0}.wp-block-uagb-image--layout-overlay .wp-block-uagb-image__figure:hover .wp-block-uagb-image--layout-overlay__color-wrapper{opacity:1}.wp-block-uagb-image--layout-overlay__inner{position:absolute;left:15px;right:15px;bottom:15px;top:15px;display:flex;align-items:center;justify-content:center;flex-direction:column;border-color:#fff;transition:.35s ease-in-out}.wp-block-uagb-image--layout-overlay__inner.top-left,.wp-block-uagb-image--layout-overlay__inner.top-center,.wp-block-uagb-image--layout-overlay__inner.top-right{justify-content:flex-start}.wp-block-uagb-image--layout-overlay__inner.bottom-left,.wp-block-uagb-image--layout-overlay__inner.bottom-center,.wp-block-uagb-image--layout-overlay__inner.bottom-right{justify-content:flex-end}.wp-block-uagb-image--layout-overlay__inner.top-left,.wp-block-uagb-image--layout-overlay__inner.center-left,.wp-block-uagb-image--layout-overlay__inner.bottom-left{align-items:flex-start}.wp-block-uagb-image--layout-overlay__inner.top-right,.wp-block-uagb-image--layout-overlay__inner.center-right,.wp-block-uagb-image--layout-overlay__inner.bottom-right{align-items:flex-end}.wp-block-uagb-image--layout-overlay__inner .uagb-image-heading{color:#fff;transition:transform .35s,opacity .35s ease-in-out;transform:translate3d(0, 24px, 0);margin:0;line-height:1em}.wp-block-uagb-image--layout-overlay__inner .uagb-image-separator{width:30%;border-top-width:2px;border-top-color:#fff;border-top-style:solid;margin-bottom:10px;opacity:0;transition:transform .4s,opacity .4s ease-in-out;transform:translate3d(0, 30px, 0)}.wp-block-uagb-image--layout-overlay__inner .uagb-image-caption{opacity:0;overflow:visible;color:#fff;transition:transform .45s,opacity .45s ease-in-out;transform:translate3d(0, 35px, 0)}.wp-block-uagb-image--layout-overlay__inner:hover .uagb-image-heading,.wp-block-uagb-image--layout-overlay__inner:hover .uagb-image-separator,.wp-block-uagb-image--layout-overlay__inner:hover .uagb-image-caption{opacity:1;transform:translate3d(0, 0, 0)}.wp-block-uagb-image--effect-zoomin .wp-block-uagb-image__figure img,.wp-block-uagb-image--effect-zoomin .wp-block-uagb-image__figure .wp-block-uagb-image--layout-overlay__color-wrapper{transform:scale(1);transition:transform .35s ease-in-out}.wp-block-uagb-image--effect-zoomin .wp-block-uagb-image__figure:hover img,.wp-block-uagb-image--effect-zoomin .wp-block-uagb-image__figure:hover .wp-block-uagb-image--layout-overlay__color-wrapper{transform:scale(1.05)}.wp-block-uagb-image--effect-slide .wp-block-uagb-image__figure img,.wp-block-uagb-image--effect-slide .wp-block-uagb-image__figure .wp-block-uagb-image--layout-overlay__color-wrapper{width:calc(100% + 40px) !important;max-width:none !important;transform:translate3d(-40px, 0, 0);transition:transform .35s ease-in-out}.wp-block-uagb-image--effect-slide .wp-block-uagb-image__figure:hover img,.wp-block-uagb-image--effect-slide .wp-block-uagb-image__figure:hover .wp-block-uagb-image--layout-overlay__color-wrapper{transform:translate3d(0, 0, 0)}.wp-block-uagb-image--effect-grayscale img{filter:grayscale(0%);transition:.35s ease-in-out}.wp-block-uagb-image--effect-grayscale:hover img{filter:grayscale(100%)}.wp-block-uagb-image--effect-blur img{filter:blur(0);transition:.35s ease-in-out}.wp-block-uagb-image--effect-blur:hover img{filter:blur(3px)}.uagb-block-e6f939b3.wp-block-uagb-image--layout-default figure img{box-shadow: 0px 0px 0 #00000070;}.uagb-block-e6f939b3.wp-block-uagb-image .wp-block-uagb-image__figure figcaption{font-style: normal;align-self: center;}.uagb-block-e6f939b3.wp-block-uagb-image--layout-overlay figure img{box-shadow: 0px 0px 0 #00000070;}.uagb-block-e6f939b3.wp-block-uagb-image--layout-overlay .wp-block-uagb-image--layout-overlay__color-wrapper{opacity: 0.2;}.uagb-block-e6f939b3.wp-block-uagb-image--layout-overlay .wp-block-uagb-image--layout-overlay__inner{left: 15px;right: 15px;top: 15px;bottom: 15px;}.uagb-block-e6f939b3.wp-block-uagb-image--layout-overlay .wp-block-uagb-image--layout-overlay__inner .uagb-image-heading{font-style: normal;color: #fff;opacity: 1;}.uagb-block-e6f939b3.wp-block-uagb-image--layout-overlay .wp-block-uagb-image--layout-overlay__inner .uagb-image-heading a{color: #fff;}.uagb-block-e6f939b3.wp-block-uagb-image--layout-overlay .wp-block-uagb-image--layout-overlay__inner .uagb-image-caption{opacity: 0;}.uagb-block-e6f939b3.wp-block-uagb-image--layout-overlay .wp-block-uagb-image__figure:hover .wp-block-uagb-image--layout-overlay__color-wrapper{opacity: 1;}.uagb-block-e6f939b3.wp-block-uagb-image .wp-block-uagb-image--layout-overlay__inner .uagb-image-separator{width: 30%;border-top-width: 2px;border-top-color: #fff;opacity: 0;}.uagb-block-e6f939b3.wp-block-uagb-image .wp-block-uagb-image__figure img{width: px;height: auto;}.uagb-block-e6f939b3.wp-block-uagb-image .wp-block-uagb-image__figure:hover .wp-block-uagb-image--layout-overlay__inner .uagb-image-caption{opacity: 1;}.uagb-block-e6f939b3.wp-block-uagb-image .wp-block-uagb-image__figure:hover .wp-block-uagb-image--layout-overlay__inner .uagb-image-separator{opacity: 1;}.uagb-block-e6f939b3.wp-block-uagb-image--layout-default figure:hover img{box-shadow: 0px 0px 0 #00000070;}.uagb-block-e6f939b3.wp-block-uagb-image--layout-overlay figure:hover img{box-shadow: 0px 0px 0 #00000070;}@media only screen and (max-width: 976px) {.uagb-block-e6f939b3.wp-block-uagb-image .wp-block-uagb-image__figure img{width: px;height: auto;}}@media only screen and (max-width: 767px) {.uagb-block-e6f939b3.wp-block-uagb-image .wp-block-uagb-image__figure img{width: px;height: auto;}}\";s:2:\"js\";s:0:\"\";s:18:\"current_block_list\";a:13:{i:0;s:11:\"core\/search\";i:1;s:10:\"core\/group\";i:2;s:12:\"core\/heading\";i:3;s:17:\"core\/latest-posts\";i:4;s:20:\"core\/latest-comments\";i:5;s:13:\"core\/archives\";i:6;s:15:\"core\/categories\";i:7;s:14:\"core\/paragraph\";i:8;s:10:\"uagb\/image\";i:9;s:11:\"core\/spacer\";i:10;s:30:\"woocommerce\/product-categories\";i:11;s:10:\"core\/image\";i:12;s:14:\"core\/shortcode\";}s:8:\"uag_flag\";b:1;s:11:\"uag_version\";s:10:\"1777228499\";s:6:\"gfonts\";a:0:{}s:10:\"gfonts_url\";s:0:\"\";s:12:\"gfonts_files\";a:0:{}s:14:\"uag_faq_layout\";b:0;}"]},"uagb_featured_image_src":{"full":["https:\/\/www.ferberpainting.com\/wp-content\/uploads\/2025\/05\/SilverCleaner5L.png",2560,2560,false],"thumbnail":["https:\/\/www.ferberpainting.com\/wp-content\/uploads\/2025\/05\/SilverCleaner5L-150x150.png",150,150,true],"medium":["https:\/\/www.ferberpainting.com\/wp-content\/uploads\/2025\/05\/SilverCleaner5L-300x300.png",300,300,true],"medium_large":["https:\/\/www.ferberpainting.com\/wp-content\/uploads\/2025\/05\/SilverCleaner5L-768x768.png",768,768,true],"large":["https:\/\/www.ferberpainting.com\/wp-content\/uploads\/2025\/05\/SilverCleaner5L-1024x1024.png",1024,1024,true],"1536x1536":["https:\/\/www.ferberpainting.com\/wp-content\/uploads\/2025\/05\/SilverCleaner5L-1536x1536.png",1536,1536,true],"2048x2048":["https:\/\/www.ferberpainting.com\/wp-content\/uploads\/2025\/05\/SilverCleaner5L-2048x2048.png",2048,2048,true],"trp-custom-language-flag":["https:\/\/www.ferberpainting.com\/wp-content\/uploads\/2025\/05\/SilverCleaner5L-12x12.png",12,12,true],"woocommerce_thumbnail":["https:\/\/www.ferberpainting.com\/wp-content\/uploads\/2025\/05\/SilverCleaner5L-300x300.png",300,300,true],"woocommerce_single":["https:\/\/www.ferberpainting.com\/wp-content\/uploads\/2025\/05\/SilverCleaner5L-600x600.png",600,600,true],"woocommerce_gallery_thumbnail":["https:\/\/www.ferberpainting.com\/wp-content\/uploads\/2025\/05\/SilverCleaner5L-100x100.png",100,100,true]},"uagb_author_info":{"display_name":"admin","author_link":"https:\/\/www.ferberpainting.com\/de\/author\/"},"uagb_comment_info":40,"uagb_excerpt":"Restores brilliance and shine to silver instantly. Our silver cleaner is specially formulated to remove tarnish, oxidation, and dullness from silver surfaces quickly and effectively. It revives the original shine of jewelry, cutlery, decorative objects, and silverware without damaging delicate details. The most effective silver cleaning solution on the market. Thanks to its advanced active&hellip;","_links":{"self":[{"href":"https:\/\/www.ferberpainting.com\/de\/wp-json\/wp\/v2\/product\/25299","targetHints":{"allow":["GET"]}}],"collection":[{"href":"https:\/\/www.ferberpainting.com\/de\/wp-json\/wp\/v2\/product"}],"about":[{"href":"https:\/\/www.ferberpainting.com\/de\/wp-json\/wp\/v2\/types\/product"}],"replies":[{"embeddable":true,"href":"https:\/\/www.ferberpainting.com\/de\/wp-json\/wp\/v2\/comments?post=25299"}],"version-history":[{"count":3,"href":"https:\/\/www.ferberpainting.com\/de\/wp-json\/wp\/v2\/product\/25299\/revisions"}],"predecessor-version":[{"id":167287,"href":"https:\/\/www.ferberpainting.com\/de\/wp-json\/wp\/v2\/product\/25299\/revisions\/167287"}],"wp:featuredmedia":[{"embeddable":true,"href":"https:\/\/www.ferberpainting.com\/de\/wp-json\/wp\/v2\/media\/27174"}],"wp:attachment":[{"href":"https:\/\/www.ferberpainting.com\/de\/wp-json\/wp\/v2\/media?parent=25299"}],"wp:term":[{"taxonomy":"product_brand","embeddable":true,"href":"https:\/\/www.ferberpainting.com\/de\/wp-json\/wp\/v2\/product_brand?post=25299"},{"taxonomy":"product_cat","embeddable":true,"href":"https:\/\/www.ferberpainting.com\/de\/wp-json\/wp\/v2\/product_cat?post=25299"},{"taxonomy":"product_tag","embeddable":true,"href":"https:\/\/www.ferberpainting.com\/de\/wp-json\/wp\/v2\/product_tag?post=25299"}],"curies":[{"name":"wp","href":"https:\/\/api.w.org\/{rel}","templated":true}]}}