{"id":25293,"date":"2025-05-26T10:30:29","date_gmt":"2025-05-26T08:30:29","guid":{"rendered":"https:\/\/www.ferberpainting.com\/products\/shower-and-bathroom-unblocker\/"},"modified":"2026-02-16T10:41:15","modified_gmt":"2026-02-16T09:41:15","slug":"shower-and-bathroom-unblocker","status":"publish","type":"product","link":"https:\/\/www.ferberpainting.com\/de\/products\/shower-and-bathroom-unblocker\/","title":{"rendered":"Abflussreiniger f\u00fcr Dusche und Badewanne"},"content":{"rendered":"<p><strong><img decoding=\"async\" style=\"margin-right: 12px;\" src=\"https:\/\/www.ferberpainting.com\/wp-content\/uploads\/2026\/02\/Check.svg\" alt=\"\" width=\"18\" height=\"15\" \/>Schnelle und wirksame Beseitigung von Verstopfungen.<\/strong>\u00a0Dieser Dusch- und Badewannenentstopfer wurde speziell entwickelt, um Verstopfungen durch Haare, Seifenreste, K\u00f6rperfett und andere Verunreinigungen, die sich in Rohren ansammeln, aufzul\u00f6sen. Er wirkt in der Tiefe, um einen reibungslosen Wasserfluss wiederherzustellen und stagnierendes Wasser zu verhindern, das schlechte Ger\u00fcche verursacht und die Benutzung Ihrer Dusche oder Badewanne unangenehm macht.<\/p>\n<p><strong><img decoding=\"async\" style=\"margin-right: 12px;\" src=\"https:\/\/www.ferberpainting.com\/wp-content\/uploads\/2026\/02\/Check.svg\" alt=\"\" width=\"18\" height=\"15\" \/>Geld-zur\u00fcck-Garantie.<\/strong>\u00a0Wir haben volles Vertrauen in die Wirksamkeit unseres Dusch- und Badewannenentstopfers. Deshalb bieten wir eine Geld-zur\u00fcck-Garantie. Wenn das Produkt Ihr Problem nach ordnungsgem\u00e4\u00dfer Anwendung nicht l\u00f6st, haben Sie die M\u00f6glichkeit, eine R\u00fcckerstattung ohne Bedingungen zu beantragen, um einen sicheren und risikofreien Kauf zu gew\u00e4hrleisten.<\/p>\n<p><strong><img decoding=\"async\" style=\"margin-right: 12px;\" src=\"https:\/\/www.ferberpainting.com\/wp-content\/uploads\/2026\/02\/Check.svg\" alt=\"\" width=\"18\" height=\"15\" \/>Kompatibel mit verschiedenen Rohrtypen und Materialien.<\/strong>\u00a0Dieser Entstopfer ist f\u00fcr PVC-, Gusseisen-, Kupfer-, Edelstahl- und Betonrohre geeignet und kann somit in den meisten modernen und \u00e4lteren Sanit\u00e4rsystemen eingesetzt werden. Er ist auch sicher f\u00fcr Kl\u00e4rgruben, wenn er wie empfohlen verwendet wird, und gew\u00e4hrleistet eine effektive Entw\u00e4sserung, ohne das biologische Gleichgewicht Ihres Abwassersystems zu st\u00f6ren.<\/p>\n<p><strong><img decoding=\"async\" style=\"margin-right: 12px;\" src=\"https:\/\/www.ferberpainting.com\/wp-content\/uploads\/2026\/02\/Check.svg\" alt=\"\" width=\"18\" height=\"15\" \/>Kosteneffiziente und optimierte Dosierung.<\/strong>\u00a0Dank seiner konzentrierten Formel kann 1 Liter des Produkts bis zu 4 Verstopfungen beseitigen, was eine wirtschaftliche L\u00f6sung f\u00fcr die langfristige Wartung von Rohrleitungen darstellt. Durch die Verringerung des Bedarfs an h\u00e4ufigen und kostspieligen Eingriffen ist dieser Entstopfer eine ideale Alternative zu komplexen mechanischen Eingriffen.<\/p>\n<p><strong><img decoding=\"async\" style=\"margin-right: 12px;\" src=\"https:\/\/www.ferberpainting.com\/wp-content\/uploads\/2026\/02\/Check.svg\" alt=\"\" width=\"18\" height=\"15\" \/>Ein sicheres und nicht-korrosives Produkt f\u00fcr Rohre.<\/strong>\u00a0Im Gegensatz zu Entstopfernern, die Soda oder Schwefels\u00e4ure enthalten und die Rohre besch\u00e4digen k\u00f6nnen, ver\u00e4ndert dieser Entstopfer die Oberfl\u00e4chen nicht und verursacht keinen vorzeitigen Verschlei\u00df. Er ist absolut sicher f\u00fcr Sanit\u00e4rinstallationen und garantiert maximale Wirksamkeit bei hartn\u00e4ckigen Verstopfungen.<\/p>\n<p><strong><img decoding=\"async\" style=\"margin-right: 12px;\" src=\"https:\/\/www.ferberpainting.com\/wp-content\/uploads\/2026\/02\/Check.svg\" alt=\"\" width=\"18\" height=\"15\" \/>Einfach in der Anwendung und schnell in der Wirkung.<\/strong>\u00a0Dieses Entstopfungsmittel ist gebrauchsfertig und erfordert keine vorherige Handhabung. Gie\u00dfen Sie ihn einfach direkt in den verstopften Abfluss und lassen Sie ihn ein paar Minuten einwirken, bevor Sie ihn gr\u00fcndlich aussp\u00fclen. Dank seiner ultraschnellen Wirkung wird die Verstopfung in nur 15 bis 30 Minuten beseitigt, wodurch langwierige und l\u00e4stige Reparaturen vermieden werden.<\/p>\n<p><strong><img decoding=\"async\" style=\"margin-right: 12px;\" src=\"https:\/\/www.ferberpainting.com\/wp-content\/uploads\/2026\/02\/Check.svg\" alt=\"\" width=\"18\" height=\"15\" \/>Langanhaltende Wirkung und Vorbeugung gegen zuk\u00fcnftige Verstopfungen.<\/strong>\u00a0Dieses Produkt beseitigt nicht nur wirksam Rohrverstopfungen, sondern verhindert auch die Bildung von Ablagerungen, indem es die angesammelten R\u00fcckst\u00e4nde allm\u00e4hlich aufl\u00f6st. Bei regelm\u00e4\u00dfiger Anwendung wird das Auftreten neuer Verstopfungen reduziert und ein optimaler Wasserabfluss gew\u00e4hrleistet, wodurch langfristige Unannehmlichkeiten vermieden werden.<\/p>\n<p><strong><img decoding=\"async\" style=\"margin-right: 12px;\" src=\"https:\/\/www.ferberpainting.com\/wp-content\/uploads\/2026\/02\/Check.svg\" alt=\"\" width=\"18\" height=\"15\" \/>Sofortige Ma\u00dfnahmen zur Wiederherstellung des Komforts.<\/strong>\u00a0Nach dem Auftragen beginnt dieser Entstopfer, die f\u00fcr die Verstopfung verantwortlichen Ablagerungen aufzul\u00f6sen. Nach einer einfachen Sp\u00fclung flie\u00dft das Wasser wieder ungehindert und garantiert eine Dusche oder ein Bad ohne Stagnation oder unangenehme Ger\u00fcche.<\/p>\n<h2><strong>Verwendungsprotokoll<\/strong><\/h2>\n<ul>\n<li><strong>Vorbereitung der Rohre <\/strong>: Vor der Anwendung sicherstellen, dass stehendes Wasser so weit wie m\u00f6glich vermieden wird, um die Wirksamkeit des Produkts zu maximieren. Falls erforderlich, entfernen Sie sichtbare Haarb\u00fcschel manuell, um die Wirkung des Unblockers zu verst\u00e4rken.<\/li>\n<li><strong>Empfohlene Dosierung <\/strong>: Gie\u00dfen Sie 250 ml des Produkts direkt in den verstopften Abfluss, um eine Verstopfung zu behandeln. 1 Liter kann bis zu 4 Verstopfungen behandeln. Bei st\u00e4rkeren Verstopfungen kann eine zweite Anwendung nach der ersten Behandlung erforderlich sein.<\/li>\n<li><strong>Anwendung des Unblockers <\/strong>: Gie\u00dfen Sie das Produkt langsam in den Abfluss und vermeiden Sie, dass danach sofort Wasser flie\u00dft.<\/li>\n<li><strong>Aktion Zeit <\/strong>: 15 bis 30 Minuten einwirken lassen, je nach Schwere der Verstopfung. Bei besonders hartn\u00e4ckigen Verstopfungen lassen Sie es bis zu 1 Stunde ruhen, bevor Sie es absp\u00fclen.<\/li>\n<li><strong>Sp\u00fclung und Durchflusskontrolle <\/strong>: Nach der Wartezeit gr\u00fcndlich mit hei\u00dfem Wasser aussp\u00fclen, um gel\u00f6ste R\u00fcckst\u00e4nde zu entfernen und einen optimalen Wasserdurchfluss zu gew\u00e4hrleisten. Bei hartn\u00e4ckigen Verstopfungen den Vorgang gegebenenfalls wiederholen.<\/li>\n<li><strong>Vorbeugende Wartung <\/strong>: Um neuen Verstopfungen vorzubeugen, verwenden Sie einmal im Monat eine kleine Menge des Produkts, um Ablagerungen allm\u00e4hlich aufzul\u00f6sen und die Funktion der Rohre aufrechtzuerhalten.<\/li>\n<li><strong>Vorsichtsma\u00dfnahmen bei der Verwendung <\/strong>: Nicht mit anderen chemischen Produkten mischen, insbesondere nicht mit soda- oder schwefels\u00e4urehaltigen Entblockern. Ber\u00fchrung mit Haut und Augen vermeiden. Bei versehentlichem Kontakt sofort mit klarem Wasser aussp\u00fclen und ggf. einen Arzt aufsuchen.<\/li>\n<li><strong>Lagerung und Konservierung <\/strong>: Lagern Sie das Produkt an einem trockenen, k\u00fchlen Ort, vor Licht gesch\u00fctzt und au\u00dferhalb der Reichweite von Kindern. Verschlie\u00dfen Sie die Flasche nach Gebrauch fest, um eine Verdunstung oder Ver\u00e4nderung der L\u00f6sung zu verhindern.<\/li>\n<\/ul>\n<p>Mit diesem Dusch- und Badewannenentstopfer k\u00f6nnen Sie Verstopfungen schnell und effektiv beseitigen und gleichzeitig eine optimale Wartung Ihrer Sanit\u00e4ranlagen sicherstellen. Genie\u00dfen Sie dauerhaften Komfort, indem Sie einen reibungslosen Wasserfluss aufrechterhalten und Verstopfungen verhindern.<\/p>","protected":false},"excerpt":{"rendered":"<p>Fast and Effective Removal of Clogs.\u00a0This shower and bathtub unblocker is specially formulated to dissolve clogs caused by hair, soap residue, body grease, and other impurities that accumulate in pipes. It works deep down to restore smooth water flow and prevent stagnant water, which causes bad odors and makes using your shower or bathtub uncomfortable. [&hellip;]<\/p>\n","protected":false},"featured_media":27171,"comment_status":"open","ping_status":"closed","template":"","meta":{"_uag_custom_page_level_css":"","site-sidebar-layout":"default","site-content-layout":"","ast-site-content-layout":"default","site-content-style":"default","site-sidebar-style":"default","ast-global-header-display":"","ast-banner-title-visibility":"","ast-main-header-display":"","ast-hfb-above-header-display":"","ast-hfb-below-header-display":"","ast-hfb-mobile-header-display":"","site-post-title":"","ast-breadcrumbs-content":"","ast-featured-img":"","footer-sml-layout":"","ast-disable-related-posts":"","theme-transparent-header-meta":"default","adv-header-id-meta":"","stick-header-meta":"","header-above-stick-meta":"","header-main-stick-meta":"","header-below-stick-meta":"","astra-migrate-meta-layouts":"set","ast-page-background-enabled":"default","ast-page-background-meta":{"desktop":{"background-color":"var(--ast-global-color-4)","background-image":"","background-repeat":"repeat","background-position":"center center","background-size":"auto","background-attachment":"scroll","background-type":"","background-media":"","overlay-type":"","overlay-color":"","overlay-opacity":"","overlay-gradient":""},"tablet":{"background-color":"","background-image":"","background-repeat":"repeat","background-position":"center center","background-size":"auto","background-attachment":"scroll","background-type":"","background-media":"","overlay-type":"","overlay-color":"","overlay-opacity":"","overlay-gradient":""},"mobile":{"background-color":"","background-image":"","background-repeat":"repeat","background-position":"center center","background-size":"auto","background-attachment":"scroll","background-type":"","background-media":"","overlay-type":"","overlay-color":"","overlay-opacity":"","overlay-gradient":""}},"ast-content-background-meta":{"desktop":{"background-color":"var(--ast-global-color-5)","background-image":"","background-repeat":"repeat","background-position":"center center","background-size":"auto","background-attachment":"scroll","background-type":"","background-media":"","overlay-type":"","overlay-color":"","overlay-opacity":"","overlay-gradient":""},"tablet":{"background-color":"var(--ast-global-color-5)","background-image":"","background-repeat":"repeat","background-position":"center center","background-size":"auto","background-attachment":"scroll","background-type":"","background-media":"","overlay-type":"","overlay-color":"","overlay-opacity":"","overlay-gradient":""},"mobile":{"background-color":"var(--ast-global-color-5)","background-image":"","background-repeat":"repeat","background-position":"center center","background-size":"auto","background-attachment":"scroll","background-type":"","background-media":"","overlay-type":"","overlay-color":"","overlay-opacity":"","overlay-gradient":""}}},"product_brand":[],"product_cat":[175],"product_tag":[],"class_list":{"0":"post-25293","1":"product","2":"type-product","3":"status-publish","4":"has-post-thumbnail","6":"product_cat-cleaning-products","7":"desktop-align-left","8":"tablet-align-left","9":"mobile-align-left","11":"first","12":"instock","13":"sale","14":"taxable","15":"shipping-taxable","16":"purchasable","17":"product-type-variable","18":"has-default-attributes"},"spectra_custom_meta":{"_visibility":["visible"],"_shopify_product_id":["9062225674485"],"_s2w_shopify_domain":["ferberpainting.myshopify.com"],"_shopify_variant_id":["46488080285941"],"_sku":[""],"_manage_stock":["no"],"total_sales":["6"],"_tax_status":["taxable"],"_tax_class":[""],"_backorders":["no"],"_sold_individually":["no"],"_virtual":["no"],"_downloadable":["no"],"_download_limit":["-1"],"_download_expiry":["-1"],"_stock":[null],"_stock_status":["instock"],"_wc_average_rating":["4.57"],"_wc_review_count":["7"],"_product_attributes":["a:1:{s:6:\"volume\";a:6:{s:4:\"name\";s:6:\"Volume\";s:5:\"value\";s:20:\"5 liters | 25 liters\";s:8:\"position\";i:1;s:10:\"is_visible\";i:0;s:12:\"is_variation\";i:1;s:11:\"is_taxonomy\";i:0;}}"],"_product_version":["10.5.1"],"_thumbnail_id":["27171"],"_product_image_gallery":["27172"],"wpse_downloadable_file_names":[""],"wpse_downloadable_file_urls":[""],"_edit_last":["1"],"_default_attributes":["a:1:{s:6:\"volume\";s:8:\"5 liters\";}"],"_edit_lock":["1771234739:1"],"merchant-center-availability":["yes"],"merchant-center-category":["1749"],"_price":["29.90","129.90"],"_wp_page_template":["default"],"site-sidebar-layout":["default"],"ast-site-content-layout":["default"],"site-content-style":["default"],"site-sidebar-style":["default"],"theme-transparent-header-meta":["default"],"_wc_rating_count":["a:2:{i:4;i:3;i:5;i:4;}"],"astra-migrate-meta-layouts":["set"],"_uag_css_file_name":["uag-css-25293.css"],"_elementor_page_assets":["a:0:{}"],"_uag_page_assets":["a:9:{s:3:\"css\";s:7133:\".uag-blocks-common-selector{z-index:var(--z-index-desktop) !important}@media(max-width: 976px){.uag-blocks-common-selector{z-index:var(--z-index-tablet) !important}}@media(max-width: 767px){.uag-blocks-common-selector{z-index:var(--z-index-mobile) !important}}.wp-block-uagb-image{display:flex}.wp-block-uagb-image__figure{position:relative;display:flex;flex-direction:column;max-width:100%;height:auto;margin:0}.wp-block-uagb-image__figure img{height:auto;display:flex;max-width:100%;transition:box-shadow .2s ease}.wp-block-uagb-image__figure>a{display:inline-block}.wp-block-uagb-image__figure figcaption{text-align:center;margin-top:.5em;margin-bottom:1em}.wp-block-uagb-image .components-placeholder.block-editor-media-placeholder .components-placeholder__instructions{align-self:center}.wp-block-uagb-image--align-left{text-align:left}.wp-block-uagb-image--align-right{text-align:right}.wp-block-uagb-image--align-center{text-align:center}.wp-block-uagb-image--align-full .wp-block-uagb-image__figure{margin-left:calc(50% - 50vw);margin-right:calc(50% - 50vw);max-width:100vw;width:100vw;height:auto}.wp-block-uagb-image--align-full .wp-block-uagb-image__figure img{height:auto;width:100% !important}.wp-block-uagb-image--align-wide .wp-block-uagb-image__figure img{height:auto;width:100%}.wp-block-uagb-image--layout-overlay__color-wrapper{position:absolute;left:0;top:0;right:0;bottom:0;opacity:.2;background:rgba(0,0,0,.5);transition:opacity .35s ease-in-out}.wp-block-uagb-image--layout-overlay-link{position:absolute;left:0;right:0;bottom:0;top:0}.wp-block-uagb-image--layout-overlay .wp-block-uagb-image__figure:hover .wp-block-uagb-image--layout-overlay__color-wrapper{opacity:1}.wp-block-uagb-image--layout-overlay__inner{position:absolute;left:15px;right:15px;bottom:15px;top:15px;display:flex;align-items:center;justify-content:center;flex-direction:column;border-color:#fff;transition:.35s ease-in-out}.wp-block-uagb-image--layout-overlay__inner.top-left,.wp-block-uagb-image--layout-overlay__inner.top-center,.wp-block-uagb-image--layout-overlay__inner.top-right{justify-content:flex-start}.wp-block-uagb-image--layout-overlay__inner.bottom-left,.wp-block-uagb-image--layout-overlay__inner.bottom-center,.wp-block-uagb-image--layout-overlay__inner.bottom-right{justify-content:flex-end}.wp-block-uagb-image--layout-overlay__inner.top-left,.wp-block-uagb-image--layout-overlay__inner.center-left,.wp-block-uagb-image--layout-overlay__inner.bottom-left{align-items:flex-start}.wp-block-uagb-image--layout-overlay__inner.top-right,.wp-block-uagb-image--layout-overlay__inner.center-right,.wp-block-uagb-image--layout-overlay__inner.bottom-right{align-items:flex-end}.wp-block-uagb-image--layout-overlay__inner .uagb-image-heading{color:#fff;transition:transform .35s,opacity .35s ease-in-out;transform:translate3d(0, 24px, 0);margin:0;line-height:1em}.wp-block-uagb-image--layout-overlay__inner .uagb-image-separator{width:30%;border-top-width:2px;border-top-color:#fff;border-top-style:solid;margin-bottom:10px;opacity:0;transition:transform .4s,opacity .4s ease-in-out;transform:translate3d(0, 30px, 0)}.wp-block-uagb-image--layout-overlay__inner .uagb-image-caption{opacity:0;overflow:visible;color:#fff;transition:transform .45s,opacity .45s ease-in-out;transform:translate3d(0, 35px, 0)}.wp-block-uagb-image--layout-overlay__inner:hover .uagb-image-heading,.wp-block-uagb-image--layout-overlay__inner:hover .uagb-image-separator,.wp-block-uagb-image--layout-overlay__inner:hover .uagb-image-caption{opacity:1;transform:translate3d(0, 0, 0)}.wp-block-uagb-image--effect-zoomin .wp-block-uagb-image__figure img,.wp-block-uagb-image--effect-zoomin .wp-block-uagb-image__figure .wp-block-uagb-image--layout-overlay__color-wrapper{transform:scale(1);transition:transform .35s ease-in-out}.wp-block-uagb-image--effect-zoomin .wp-block-uagb-image__figure:hover img,.wp-block-uagb-image--effect-zoomin .wp-block-uagb-image__figure:hover .wp-block-uagb-image--layout-overlay__color-wrapper{transform:scale(1.05)}.wp-block-uagb-image--effect-slide .wp-block-uagb-image__figure img,.wp-block-uagb-image--effect-slide .wp-block-uagb-image__figure .wp-block-uagb-image--layout-overlay__color-wrapper{width:calc(100% + 40px) !important;max-width:none !important;transform:translate3d(-40px, 0, 0);transition:transform .35s ease-in-out}.wp-block-uagb-image--effect-slide .wp-block-uagb-image__figure:hover img,.wp-block-uagb-image--effect-slide .wp-block-uagb-image__figure:hover .wp-block-uagb-image--layout-overlay__color-wrapper{transform:translate3d(0, 0, 0)}.wp-block-uagb-image--effect-grayscale img{filter:grayscale(0%);transition:.35s ease-in-out}.wp-block-uagb-image--effect-grayscale:hover img{filter:grayscale(100%)}.wp-block-uagb-image--effect-blur img{filter:blur(0);transition:.35s ease-in-out}.wp-block-uagb-image--effect-blur:hover img{filter:blur(3px)}.uagb-block-e6f939b3.wp-block-uagb-image--layout-default figure img{box-shadow: 0px 0px 0 #00000070;}.uagb-block-e6f939b3.wp-block-uagb-image .wp-block-uagb-image__figure figcaption{font-style: normal;align-self: center;}.uagb-block-e6f939b3.wp-block-uagb-image--layout-overlay figure img{box-shadow: 0px 0px 0 #00000070;}.uagb-block-e6f939b3.wp-block-uagb-image--layout-overlay .wp-block-uagb-image--layout-overlay__color-wrapper{opacity: 0.2;}.uagb-block-e6f939b3.wp-block-uagb-image--layout-overlay .wp-block-uagb-image--layout-overlay__inner{left: 15px;right: 15px;top: 15px;bottom: 15px;}.uagb-block-e6f939b3.wp-block-uagb-image--layout-overlay .wp-block-uagb-image--layout-overlay__inner .uagb-image-heading{font-style: normal;color: #fff;opacity: 1;}.uagb-block-e6f939b3.wp-block-uagb-image--layout-overlay .wp-block-uagb-image--layout-overlay__inner .uagb-image-heading a{color: #fff;}.uagb-block-e6f939b3.wp-block-uagb-image--layout-overlay .wp-block-uagb-image--layout-overlay__inner .uagb-image-caption{opacity: 0;}.uagb-block-e6f939b3.wp-block-uagb-image--layout-overlay .wp-block-uagb-image__figure:hover .wp-block-uagb-image--layout-overlay__color-wrapper{opacity: 1;}.uagb-block-e6f939b3.wp-block-uagb-image .wp-block-uagb-image--layout-overlay__inner .uagb-image-separator{width: 30%;border-top-width: 2px;border-top-color: #fff;opacity: 0;}.uagb-block-e6f939b3.wp-block-uagb-image .wp-block-uagb-image__figure img{width: px;height: auto;}.uagb-block-e6f939b3.wp-block-uagb-image .wp-block-uagb-image__figure:hover .wp-block-uagb-image--layout-overlay__inner .uagb-image-caption{opacity: 1;}.uagb-block-e6f939b3.wp-block-uagb-image .wp-block-uagb-image__figure:hover .wp-block-uagb-image--layout-overlay__inner .uagb-image-separator{opacity: 1;}.uagb-block-e6f939b3.wp-block-uagb-image--layout-default figure:hover img{box-shadow: 0px 0px 0 #00000070;}.uagb-block-e6f939b3.wp-block-uagb-image--layout-overlay figure:hover img{box-shadow: 0px 0px 0 #00000070;}@media only screen and (max-width: 976px) {.uagb-block-e6f939b3.wp-block-uagb-image .wp-block-uagb-image__figure img{width: px;height: auto;}}@media only screen and (max-width: 767px) {.uagb-block-e6f939b3.wp-block-uagb-image .wp-block-uagb-image__figure img{width: px;height: auto;}}\";s:2:\"js\";s:0:\"\";s:18:\"current_block_list\";a:13:{i:0;s:11:\"core\/search\";i:1;s:10:\"core\/group\";i:2;s:12:\"core\/heading\";i:3;s:17:\"core\/latest-posts\";i:4;s:20:\"core\/latest-comments\";i:5;s:13:\"core\/archives\";i:6;s:15:\"core\/categories\";i:7;s:14:\"core\/paragraph\";i:8;s:10:\"uagb\/image\";i:9;s:11:\"core\/spacer\";i:10;s:30:\"woocommerce\/product-categories\";i:11;s:10:\"core\/image\";i:12;s:14:\"core\/shortcode\";}s:8:\"uag_flag\";b:1;s:11:\"uag_version\";s:10:\"1777364637\";s:6:\"gfonts\";a:0:{}s:10:\"gfonts_url\";s:0:\"\";s:12:\"gfonts_files\";a:0:{}s:14:\"uag_faq_layout\";b:0;}"]},"uagb_featured_image_src":{"full":["https:\/\/www.ferberpainting.com\/wp-content\/uploads\/2025\/05\/ShowerandBathroomUnblocker5L.png",2560,2560,false],"thumbnail":["https:\/\/www.ferberpainting.com\/wp-content\/uploads\/2025\/05\/ShowerandBathroomUnblocker5L-150x150.png",150,150,true],"medium":["https:\/\/www.ferberpainting.com\/wp-content\/uploads\/2025\/05\/ShowerandBathroomUnblocker5L-300x300.png",300,300,true],"medium_large":["https:\/\/www.ferberpainting.com\/wp-content\/uploads\/2025\/05\/ShowerandBathroomUnblocker5L-768x768.png",768,768,true],"large":["https:\/\/www.ferberpainting.com\/wp-content\/uploads\/2025\/05\/ShowerandBathroomUnblocker5L-1024x1024.png",1024,1024,true],"1536x1536":["https:\/\/www.ferberpainting.com\/wp-content\/uploads\/2025\/05\/ShowerandBathroomUnblocker5L-1536x1536.png",1536,1536,true],"2048x2048":["https:\/\/www.ferberpainting.com\/wp-content\/uploads\/2025\/05\/ShowerandBathroomUnblocker5L-2048x2048.png",2048,2048,true],"trp-custom-language-flag":["https:\/\/www.ferberpainting.com\/wp-content\/uploads\/2025\/05\/ShowerandBathroomUnblocker5L-12x12.png",12,12,true],"woocommerce_thumbnail":["https:\/\/www.ferberpainting.com\/wp-content\/uploads\/2025\/05\/ShowerandBathroomUnblocker5L-300x300.png",300,300,true],"woocommerce_single":["https:\/\/www.ferberpainting.com\/wp-content\/uploads\/2025\/05\/ShowerandBathroomUnblocker5L-600x600.png",600,600,true],"woocommerce_gallery_thumbnail":["https:\/\/www.ferberpainting.com\/wp-content\/uploads\/2025\/05\/ShowerandBathroomUnblocker5L-100x100.png",100,100,true]},"uagb_author_info":{"display_name":"admin","author_link":"https:\/\/www.ferberpainting.com\/de\/author\/"},"uagb_comment_info":7,"uagb_excerpt":"Fast and Effective Removal of Clogs.\u00a0This shower and bathtub unblocker is specially formulated to dissolve clogs caused by hair, soap residue, body grease, and other impurities that accumulate in pipes. It works deep down to restore smooth water flow and prevent stagnant water, which causes bad odors and makes using your shower or bathtub uncomfortable.&hellip;","_links":{"self":[{"href":"https:\/\/www.ferberpainting.com\/de\/wp-json\/wp\/v2\/product\/25293","targetHints":{"allow":["GET"]}}],"collection":[{"href":"https:\/\/www.ferberpainting.com\/de\/wp-json\/wp\/v2\/product"}],"about":[{"href":"https:\/\/www.ferberpainting.com\/de\/wp-json\/wp\/v2\/types\/product"}],"replies":[{"embeddable":true,"href":"https:\/\/www.ferberpainting.com\/de\/wp-json\/wp\/v2\/comments?post=25293"}],"version-history":[{"count":4,"href":"https:\/\/www.ferberpainting.com\/de\/wp-json\/wp\/v2\/product\/25293\/revisions"}],"predecessor-version":[{"id":167279,"href":"https:\/\/www.ferberpainting.com\/de\/wp-json\/wp\/v2\/product\/25293\/revisions\/167279"}],"wp:featuredmedia":[{"embeddable":true,"href":"https:\/\/www.ferberpainting.com\/de\/wp-json\/wp\/v2\/media\/27171"}],"wp:attachment":[{"href":"https:\/\/www.ferberpainting.com\/de\/wp-json\/wp\/v2\/media?parent=25293"}],"wp:term":[{"taxonomy":"product_brand","embeddable":true,"href":"https:\/\/www.ferberpainting.com\/de\/wp-json\/wp\/v2\/product_brand?post=25293"},{"taxonomy":"product_cat","embeddable":true,"href":"https:\/\/www.ferberpainting.com\/de\/wp-json\/wp\/v2\/product_cat?post=25293"},{"taxonomy":"product_tag","embeddable":true,"href":"https:\/\/www.ferberpainting.com\/de\/wp-json\/wp\/v2\/product_tag?post=25293"}],"curies":[{"name":"wp","href":"https:\/\/api.w.org\/{rel}","templated":true}]}}