{"id":24902,"date":"2025-05-26T10:27:40","date_gmt":"2025-05-26T08:27:40","guid":{"rendered":"https:\/\/www.ferberpainting.com\/products\/radiator-paint-aluminium-grey\/"},"modified":"2026-02-16T07:51:37","modified_gmt":"2026-02-16T06:51:37","slug":"radiator-paint-aluminium-grey","status":"publish","type":"product","link":"https:\/\/www.ferberpainting.com\/de\/products\/radiator-paint-aluminium-grey\/","title":{"rendered":"Heizk\u00f6rperlack Aluminium grau"},"content":{"rendered":"<p><strong><img decoding=\"async\" style=\"margin-right: 12px;\" src=\"https:\/\/www.ferberpainting.com\/wp-content\/uploads\/2026\/02\/Check.svg\" alt=\"\" width=\"18\" height=\"15\" \/>Restaurierung und Schutz von Heizk\u00f6rpern mit einem hitzebest\u00e4ndigen professionellen Finish.<\/strong> Unser K\u00fchlerlack ist speziell daf\u00fcr ausgelegt, hohen Betriebstemperaturen standzuhalten und gleichzeitig eine glatte, haltbare und attraktive Oberfl\u00e4che zu bieten. Er revitalisiert alte, vergilbte oder abgeplatzte Heizk\u00f6rper, stellt ihr sauberes Aussehen wieder her und verbessert das Gesamtbild Ihres Innenraums. Es wurde f\u00fcr eine gleichbleibende Leistung bei Hitzeeinwirkung entwickelt und sorgt daf\u00fcr, dass Ihre K\u00fchler sowohl funktionell als auch optisch ansprechend bleiben.<\/p>\n<p><strong><img decoding=\"async\" style=\"margin-right: 12px;\" src=\"https:\/\/www.ferberpainting.com\/wp-content\/uploads\/2026\/02\/Check.svg\" alt=\"\" width=\"18\" height=\"15\" \/>Die wirksamste Heizk\u00f6rperfarbe auf dem Markt.<\/strong> Dank fortschrittlicher hitzebest\u00e4ndiger Harze und hochwertiger Pigmente beh\u00e4lt diese Farbe ihre Farbstabilit\u00e4t und strukturelle Integrit\u00e4t auch bei kontinuierlichen Heizzyklen bei. Sie widersteht Rissen, Abbl\u00e4ttern und Verf\u00e4rbungen, die durch Temperaturschwankungen verursacht werden, und \u00fcbertrifft damit herk\u00f6mmliche Innenanstriche, die nicht f\u00fcr beheizte Oberfl\u00e4chen ausgelegt sind.<\/p>\n<p><strong><img decoding=\"async\" style=\"margin-right: 12px;\" src=\"https:\/\/www.ferberpainting.com\/wp-content\/uploads\/2026\/02\/Check.svg\" alt=\"\" width=\"18\" height=\"15\" \/>Geld-zur\u00fcck-Garantie f\u00fcr absolute Sorglosigkeit.<\/strong> Wir stehen voll und ganz hinter der Qualit\u00e4t und Leistung unserer Heizk\u00f6rperlacke. Wenn Sie mit dem Ergebnis nicht zufrieden sind, erstatten wir Ihnen den Kaufpreis. Unsere Geld-zur\u00fcck-Garantie stellt sicher, dass Ihre Investition v\u00f6llig risikofrei ist und spiegelt unser Engagement f\u00fcr professionelle Zuverl\u00e4ssigkeit wider.<\/p>\n<p><strong><img decoding=\"async\" style=\"margin-right: 12px;\" src=\"https:\/\/www.ferberpainting.com\/wp-content\/uploads\/2026\/02\/Check.svg\" alt=\"\" width=\"18\" height=\"15\" \/>Die billigste Hochleistungs-K\u00fchlerfarbe auf dem Markt.<\/strong> Spezialisierte hitzebest\u00e4ndige Beschichtungen haben oft einen hohen Preis. Unsere Heizk\u00f6rperlacke kombinieren professionelle Haltbarkeit mit den wettbewerbsf\u00e4higsten Preisen auf dem Markt und bieten ein au\u00dfergew\u00f6hnliches Preis-Leistungs-Verh\u00e4ltnis ohne Qualit\u00e4tseinbu\u00dfen.<\/p>\n<p><strong><img decoding=\"async\" style=\"margin-right: 12px;\" src=\"https:\/\/www.ferberpainting.com\/wp-content\/uploads\/2026\/02\/Check.svg\" alt=\"\" width=\"18\" height=\"15\" \/>Schnelle 24-Stunden-Lieferung f\u00fcr zeitkritische Renovierungen.<\/strong> Heimwerkerprojekte folgen oft strengen Zeitpl\u00e4nen. Deshalb bieten wir eine zuverl\u00e4ssige 24-Stunden-Lieferung, damit Ihre Farbe schnell ankommt und Sie Ihre Heizk\u00f6rpersanierung ohne Verz\u00f6gerung abschlie\u00dfen k\u00f6nnen.<\/p>\n<p><strong><img decoding=\"async\" style=\"margin-right: 12px;\" src=\"https:\/\/www.ferberpainting.com\/wp-content\/uploads\/2026\/02\/Check.svg\" alt=\"\" width=\"18\" height=\"15\" \/>Deckkraft von bis zu 10 m\u00b2 pro Liter f\u00fcr eine effiziente Anwendung.<\/strong> Ein Liter Heizk\u00f6rperfarbe reicht f\u00fcr bis zu 10 Quadratmeter, was eine genaue Projektplanung und einen wirtschaftlichen Einsatz erm\u00f6glicht. Diese Abdeckung gew\u00e4hrleistet eine konsistente und gleichm\u00e4\u00dfige Beschichtung und minimiert gleichzeitig den Produktabfall.<\/p>\n<p><strong><img decoding=\"async\" style=\"margin-right: 12px;\" src=\"https:\/\/www.ferberpainting.com\/wp-content\/uploads\/2026\/02\/Check.svg\" alt=\"\" width=\"18\" height=\"15\" \/>Ausgezeichnete Best\u00e4ndigkeit gegen hohe Temperaturen und Temperaturwechsel.<\/strong> Heizk\u00f6rper heizen und k\u00fchlen sich im normalen Betrieb immer wieder auf. Unser Lack ist so formuliert, dass er thermischen Belastungen standh\u00e4lt und nicht mit der Zeit Risse oder Abplatzungen bekommt. Auch nach l\u00e4ngerer Exposition gegen\u00fcber hohen Temperaturen bleibt die Oberfl\u00e4che stabil.<\/p>\n<p><strong><img decoding=\"async\" style=\"margin-right: 12px;\" src=\"https:\/\/www.ferberpainting.com\/wp-content\/uploads\/2026\/02\/Check.svg\" alt=\"\" width=\"18\" height=\"15\" \/>Glatte und einheitliche Oberfl\u00e4che, die die \u00c4sthetik der Innenr\u00e4ume verbessert.<\/strong> Die Farbe bietet hervorragende Verlaufseigenschaften und minimiert Pinsel- und Rollenabdr\u00fccke. Sie schafft ein raffiniertes und professionelles Erscheinungsbild, das sowohl zu modernen als auch zu traditionellen Innenr\u00e4umen passt.<\/p>\n<p><strong><img decoding=\"async\" style=\"margin-right: 12px;\" src=\"https:\/\/www.ferberpainting.com\/wp-content\/uploads\/2026\/02\/Check.svg\" alt=\"\" width=\"18\" height=\"15\" \/>Starke Haftung auf metallischen K\u00fchleroberfl\u00e4chen.<\/strong> Diese Farbe wurde speziell f\u00fcr Metalluntergr\u00fcnde entwickelt und haftet effektiv auf Stahl-, Guss- und Aluminiumheizk\u00f6rpern. Bei korrekter Anwendung bildet er eine dauerhafte Beschichtung, die auf ordnungsgem\u00e4\u00df vorbereiteten Oberfl\u00e4chen sicher haftet.<\/p>\n<p><strong><img decoding=\"async\" style=\"margin-right: 12px;\" src=\"https:\/\/www.ferberpainting.com\/wp-content\/uploads\/2026\/02\/Check.svg\" alt=\"\" width=\"18\" height=\"15\" \/>Lang anhaltender Schutz vor Korrosion.<\/strong> Neben der \u00e4sthetischen Verbesserung tr\u00e4gt der Lack dazu bei, Metalloberfl\u00e4chen vor Oxidation und leichter Korrosion zu sch\u00fctzen, was die Lebensdauer Ihres K\u00fchlers verl\u00e4ngert und die Notwendigkeit k\u00fcnftiger Reparaturen oder eines Austauschs verringert.<\/p>\n<h2><strong>Anweisungen<\/strong><\/h2>\n<ul>\n<li>Vergewissern Sie sich, dass der Heizk\u00f6rper vollst\u00e4ndig ausgeschaltet und abgek\u00fchlt ist, bevor Sie mit der Anwendung beginnen.<\/li>\n<li>Reinigen Sie die Oberfl\u00e4che gr\u00fcndlich, um Staub, Fett, Rost oder abbl\u00e4tternde alte Farbe zu entfernen. Verwenden Sie ggf. Schleifpapier oder eine Drahtb\u00fcrste, um losen Rost zu entfernen.<\/li>\n<li>Wischen Sie den K\u00fchler mit einem sauberen Tuch ab, um Schleifr\u00fcckst\u00e4nde zu entfernen, und lassen Sie ihn vollst\u00e4ndig trocknen.<\/li>\n<li>Wenn blankes Metall freiliegt, tragen Sie vor dem Auftragen des K\u00fchlerlacks eine geeignete Metallgrundierung auf, um optimale Haftung und Korrosionsschutz zu gew\u00e4hrleisten.<\/li>\n<li>R\u00fchren Sie die Heizk\u00f6rperfarbe vor der Verwendung gr\u00fcndlich um, um eine einheitliche Farbe und Konsistenz zu gew\u00e4hrleisten.<\/li>\n<li>Mit einem Pinsel, einer kleinen Rolle oder einem f\u00fcr Metalloberfl\u00e4chen geeigneten Spr\u00fchsystem gleichm\u00e4\u00dfig auftragen.<\/li>\n<li>Beachten Sie die empfohlene Ergiebigkeit von bis zu 10 m\u00b2 pro Liter. Dies entspricht etwa 100 ml pro Quadratmeter, je nach Oberfl\u00e4chenbeschaffenheit und -struktur.<\/li>\n<li>Tragen Sie eine d\u00fcnne und gleichm\u00e4\u00dfige erste Schicht auf und vermeiden Sie \u00fcberm\u00e4\u00dfige Anhaftungen oder Tropfen zwischen den K\u00fchlerlamellen.<\/li>\n<li>Lassen Sie die erste Schicht je nach Umgebungstemperatur und L\u00fcftungsbedingungen vollst\u00e4ndig trocknen.<\/li>\n<li>Tragen Sie bei Bedarf eine zweite Schicht auf, um eine optimale Deckkraft und Haltbarkeit zu erreichen.<\/li>\n<li>Lassen Sie die Farbe vollst\u00e4ndig aush\u00e4rten, bevor Sie den Heizk\u00f6rper wieder einschalten. F\u00fchren Sie die W\u00e4rme w\u00e4hrend des ersten Heizzyklus allm\u00e4hlich wieder ein, damit sich die Beschichtung an die Temperatur\u00e4nderungen anpassen kann.<\/li>\n<li>W\u00e4hrend und nach der Anwendung f\u00fcr ausreichende Bel\u00fcftung sorgen.<\/li>\n<li>Reinigen Sie die Werkzeuge sofort nach Gebrauch mit geeigneten Reinigungsmitteln und lagern Sie den Beh\u00e4lter dicht verschlossen an einem k\u00fchlen, trockenen Ort, gesch\u00fctzt vor direkter Sonneneinstrahlung und Frost.<\/li>\n<\/ul>","protected":false},"excerpt":{"rendered":"<p>Restore and protect radiators with a heat-resistant professional finish. Our radiator paint is specially formulated to withstand high operating temperatures while delivering a smooth, durable, and attractive finish. It revitalizes old, yellowed, or chipped radiators, restoring their clean appearance and enhancing the overall look of your interior space. Designed for consistent performance under heat exposure, [&hellip;]<\/p>\n","protected":false},"featured_media":26761,"comment_status":"open","ping_status":"closed","template":"","meta":{"_uag_custom_page_level_css":"","site-sidebar-layout":"default","site-content-layout":"","ast-site-content-layout":"default","site-content-style":"default","site-sidebar-style":"default","ast-global-header-display":"","ast-banner-title-visibility":"","ast-main-header-display":"","ast-hfb-above-header-display":"","ast-hfb-below-header-display":"","ast-hfb-mobile-header-display":"","site-post-title":"","ast-breadcrumbs-content":"","ast-featured-img":"","footer-sml-layout":"","ast-disable-related-posts":"","theme-transparent-header-meta":"default","adv-header-id-meta":"","stick-header-meta":"","header-above-stick-meta":"","header-main-stick-meta":"","header-below-stick-meta":"","astra-migrate-meta-layouts":"set","ast-page-background-enabled":"default","ast-page-background-meta":{"desktop":{"background-color":"var(--ast-global-color-4)","background-image":"","background-repeat":"repeat","background-position":"center center","background-size":"auto","background-attachment":"scroll","background-type":"","background-media":"","overlay-type":"","overlay-color":"","overlay-opacity":"","overlay-gradient":""},"tablet":{"background-color":"","background-image":"","background-repeat":"repeat","background-position":"center center","background-size":"auto","background-attachment":"scroll","background-type":"","background-media":"","overlay-type":"","overlay-color":"","overlay-opacity":"","overlay-gradient":""},"mobile":{"background-color":"","background-image":"","background-repeat":"repeat","background-position":"center center","background-size":"auto","background-attachment":"scroll","background-type":"","background-media":"","overlay-type":"","overlay-color":"","overlay-opacity":"","overlay-gradient":""}},"ast-content-background-meta":{"desktop":{"background-color":"var(--ast-global-color-5)","background-image":"","background-repeat":"repeat","background-position":"center center","background-size":"auto","background-attachment":"scroll","background-type":"","background-media":"","overlay-type":"","overlay-color":"","overlay-opacity":"","overlay-gradient":""},"tablet":{"background-color":"var(--ast-global-color-5)","background-image":"","background-repeat":"repeat","background-position":"center center","background-size":"auto","background-attachment":"scroll","background-type":"","background-media":"","overlay-type":"","overlay-color":"","overlay-opacity":"","overlay-gradient":""},"mobile":{"background-color":"var(--ast-global-color-5)","background-image":"","background-repeat":"repeat","background-position":"center center","background-size":"auto","background-attachment":"scroll","background-type":"","background-media":"","overlay-type":"","overlay-color":"","overlay-opacity":"","overlay-gradient":""}}},"product_brand":[],"product_cat":[184],"product_tag":[],"class_list":{"0":"post-24902","1":"product","2":"type-product","3":"status-publish","4":"has-post-thumbnail","6":"product_cat-radiator-paint","7":"desktop-align-left","8":"tablet-align-left","9":"mobile-align-left","11":"first","12":"instock","13":"sale","14":"shipping-taxable","15":"purchasable","16":"product-type-variable"},"spectra_custom_meta":{"_visibility":["visible"],"_shopify_product_id":["8317268263157"],"_s2w_shopify_domain":["ferberpainting.myshopify.com"],"_shopify_variant_id":["44768217825525"],"_sku":[""],"_manage_stock":["no"],"total_sales":["8"],"_tax_status":["taxable"],"_tax_class":[""],"_backorders":["no"],"_sold_individually":["no"],"_virtual":["no"],"_downloadable":["no"],"_download_limit":["-1"],"_download_expiry":["-1"],"_stock":[null],"_stock_status":["instock"],"_wc_average_rating":["5.00"],"_wc_review_count":["15"],"_product_attributes":["a:1:{s:6:\"volume\";a:6:{s:4:\"name\";s:6:\"Volume\";s:5:\"value\";s:30:\"1 liter | 5 liters | 20 liters\";s:8:\"position\";i:1;s:10:\"is_visible\";i:0;s:12:\"is_variation\";i:1;s:11:\"is_taxonomy\";i:0;}}"],"_product_version":["10.5.1"],"_thumbnail_id":["26761"],"_price":["19.90","79.90","299.90"],"_product_image_gallery":["26762,26763"],"merchant-center-availability":["yes"],"merchant-center-category":["1361"],"merchant-center-id":["PRAL1L"],"wpse_downloadable_file_names":[""],"wpse_downloadable_file_urls":[""],"_edit_last":["1"],"_wc_rating_count":["a:1:{i:5;i:15;}"],"_edit_lock":["1771224567:1"],"_wp_page_template":["default"],"site-sidebar-layout":["default"],"ast-site-content-layout":["default"],"site-content-style":["default"],"site-sidebar-style":["default"],"theme-transparent-header-meta":["default"],"astra-migrate-meta-layouts":["set"],"_uag_css_file_name":["uag-css-24902.css"],"_elementor_page_assets":["a:0:{}"],"_uag_page_assets":["a:9:{s:3:\"css\";s:7133:\".uag-blocks-common-selector{z-index:var(--z-index-desktop) !important}@media(max-width: 976px){.uag-blocks-common-selector{z-index:var(--z-index-tablet) !important}}@media(max-width: 767px){.uag-blocks-common-selector{z-index:var(--z-index-mobile) !important}}.wp-block-uagb-image{display:flex}.wp-block-uagb-image__figure{position:relative;display:flex;flex-direction:column;max-width:100%;height:auto;margin:0}.wp-block-uagb-image__figure img{height:auto;display:flex;max-width:100%;transition:box-shadow .2s ease}.wp-block-uagb-image__figure>a{display:inline-block}.wp-block-uagb-image__figure figcaption{text-align:center;margin-top:.5em;margin-bottom:1em}.wp-block-uagb-image .components-placeholder.block-editor-media-placeholder .components-placeholder__instructions{align-self:center}.wp-block-uagb-image--align-left{text-align:left}.wp-block-uagb-image--align-right{text-align:right}.wp-block-uagb-image--align-center{text-align:center}.wp-block-uagb-image--align-full .wp-block-uagb-image__figure{margin-left:calc(50% - 50vw);margin-right:calc(50% - 50vw);max-width:100vw;width:100vw;height:auto}.wp-block-uagb-image--align-full .wp-block-uagb-image__figure img{height:auto;width:100% !important}.wp-block-uagb-image--align-wide .wp-block-uagb-image__figure img{height:auto;width:100%}.wp-block-uagb-image--layout-overlay__color-wrapper{position:absolute;left:0;top:0;right:0;bottom:0;opacity:.2;background:rgba(0,0,0,.5);transition:opacity .35s ease-in-out}.wp-block-uagb-image--layout-overlay-link{position:absolute;left:0;right:0;bottom:0;top:0}.wp-block-uagb-image--layout-overlay .wp-block-uagb-image__figure:hover .wp-block-uagb-image--layout-overlay__color-wrapper{opacity:1}.wp-block-uagb-image--layout-overlay__inner{position:absolute;left:15px;right:15px;bottom:15px;top:15px;display:flex;align-items:center;justify-content:center;flex-direction:column;border-color:#fff;transition:.35s ease-in-out}.wp-block-uagb-image--layout-overlay__inner.top-left,.wp-block-uagb-image--layout-overlay__inner.top-center,.wp-block-uagb-image--layout-overlay__inner.top-right{justify-content:flex-start}.wp-block-uagb-image--layout-overlay__inner.bottom-left,.wp-block-uagb-image--layout-overlay__inner.bottom-center,.wp-block-uagb-image--layout-overlay__inner.bottom-right{justify-content:flex-end}.wp-block-uagb-image--layout-overlay__inner.top-left,.wp-block-uagb-image--layout-overlay__inner.center-left,.wp-block-uagb-image--layout-overlay__inner.bottom-left{align-items:flex-start}.wp-block-uagb-image--layout-overlay__inner.top-right,.wp-block-uagb-image--layout-overlay__inner.center-right,.wp-block-uagb-image--layout-overlay__inner.bottom-right{align-items:flex-end}.wp-block-uagb-image--layout-overlay__inner .uagb-image-heading{color:#fff;transition:transform .35s,opacity .35s ease-in-out;transform:translate3d(0, 24px, 0);margin:0;line-height:1em}.wp-block-uagb-image--layout-overlay__inner .uagb-image-separator{width:30%;border-top-width:2px;border-top-color:#fff;border-top-style:solid;margin-bottom:10px;opacity:0;transition:transform .4s,opacity .4s ease-in-out;transform:translate3d(0, 30px, 0)}.wp-block-uagb-image--layout-overlay__inner .uagb-image-caption{opacity:0;overflow:visible;color:#fff;transition:transform .45s,opacity .45s ease-in-out;transform:translate3d(0, 35px, 0)}.wp-block-uagb-image--layout-overlay__inner:hover .uagb-image-heading,.wp-block-uagb-image--layout-overlay__inner:hover .uagb-image-separator,.wp-block-uagb-image--layout-overlay__inner:hover .uagb-image-caption{opacity:1;transform:translate3d(0, 0, 0)}.wp-block-uagb-image--effect-zoomin .wp-block-uagb-image__figure img,.wp-block-uagb-image--effect-zoomin .wp-block-uagb-image__figure .wp-block-uagb-image--layout-overlay__color-wrapper{transform:scale(1);transition:transform .35s ease-in-out}.wp-block-uagb-image--effect-zoomin .wp-block-uagb-image__figure:hover img,.wp-block-uagb-image--effect-zoomin .wp-block-uagb-image__figure:hover .wp-block-uagb-image--layout-overlay__color-wrapper{transform:scale(1.05)}.wp-block-uagb-image--effect-slide .wp-block-uagb-image__figure img,.wp-block-uagb-image--effect-slide .wp-block-uagb-image__figure .wp-block-uagb-image--layout-overlay__color-wrapper{width:calc(100% + 40px) !important;max-width:none !important;transform:translate3d(-40px, 0, 0);transition:transform .35s ease-in-out}.wp-block-uagb-image--effect-slide .wp-block-uagb-image__figure:hover img,.wp-block-uagb-image--effect-slide .wp-block-uagb-image__figure:hover .wp-block-uagb-image--layout-overlay__color-wrapper{transform:translate3d(0, 0, 0)}.wp-block-uagb-image--effect-grayscale img{filter:grayscale(0%);transition:.35s ease-in-out}.wp-block-uagb-image--effect-grayscale:hover img{filter:grayscale(100%)}.wp-block-uagb-image--effect-blur img{filter:blur(0);transition:.35s ease-in-out}.wp-block-uagb-image--effect-blur:hover img{filter:blur(3px)}.uagb-block-e6f939b3.wp-block-uagb-image--layout-default figure img{box-shadow: 0px 0px 0 #00000070;}.uagb-block-e6f939b3.wp-block-uagb-image .wp-block-uagb-image__figure figcaption{font-style: normal;align-self: center;}.uagb-block-e6f939b3.wp-block-uagb-image--layout-overlay figure img{box-shadow: 0px 0px 0 #00000070;}.uagb-block-e6f939b3.wp-block-uagb-image--layout-overlay .wp-block-uagb-image--layout-overlay__color-wrapper{opacity: 0.2;}.uagb-block-e6f939b3.wp-block-uagb-image--layout-overlay .wp-block-uagb-image--layout-overlay__inner{left: 15px;right: 15px;top: 15px;bottom: 15px;}.uagb-block-e6f939b3.wp-block-uagb-image--layout-overlay .wp-block-uagb-image--layout-overlay__inner .uagb-image-heading{font-style: normal;color: #fff;opacity: 1;}.uagb-block-e6f939b3.wp-block-uagb-image--layout-overlay .wp-block-uagb-image--layout-overlay__inner .uagb-image-heading a{color: #fff;}.uagb-block-e6f939b3.wp-block-uagb-image--layout-overlay .wp-block-uagb-image--layout-overlay__inner .uagb-image-caption{opacity: 0;}.uagb-block-e6f939b3.wp-block-uagb-image--layout-overlay .wp-block-uagb-image__figure:hover .wp-block-uagb-image--layout-overlay__color-wrapper{opacity: 1;}.uagb-block-e6f939b3.wp-block-uagb-image .wp-block-uagb-image--layout-overlay__inner .uagb-image-separator{width: 30%;border-top-width: 2px;border-top-color: #fff;opacity: 0;}.uagb-block-e6f939b3.wp-block-uagb-image .wp-block-uagb-image__figure img{width: px;height: auto;}.uagb-block-e6f939b3.wp-block-uagb-image .wp-block-uagb-image__figure:hover .wp-block-uagb-image--layout-overlay__inner .uagb-image-caption{opacity: 1;}.uagb-block-e6f939b3.wp-block-uagb-image .wp-block-uagb-image__figure:hover .wp-block-uagb-image--layout-overlay__inner .uagb-image-separator{opacity: 1;}.uagb-block-e6f939b3.wp-block-uagb-image--layout-default figure:hover img{box-shadow: 0px 0px 0 #00000070;}.uagb-block-e6f939b3.wp-block-uagb-image--layout-overlay figure:hover img{box-shadow: 0px 0px 0 #00000070;}@media only screen and (max-width: 976px) {.uagb-block-e6f939b3.wp-block-uagb-image .wp-block-uagb-image__figure img{width: px;height: auto;}}@media only screen and (max-width: 767px) {.uagb-block-e6f939b3.wp-block-uagb-image .wp-block-uagb-image__figure img{width: px;height: auto;}}\";s:2:\"js\";s:0:\"\";s:18:\"current_block_list\";a:13:{i:0;s:11:\"core\/search\";i:1;s:10:\"core\/group\";i:2;s:12:\"core\/heading\";i:3;s:17:\"core\/latest-posts\";i:4;s:20:\"core\/latest-comments\";i:5;s:13:\"core\/archives\";i:6;s:15:\"core\/categories\";i:7;s:14:\"core\/paragraph\";i:8;s:10:\"uagb\/image\";i:9;s:11:\"core\/spacer\";i:10;s:30:\"woocommerce\/product-categories\";i:11;s:10:\"core\/image\";i:12;s:14:\"core\/shortcode\";}s:8:\"uag_flag\";b:1;s:11:\"uag_version\";s:10:\"1777088158\";s:6:\"gfonts\";a:0:{}s:10:\"gfonts_url\";s:0:\"\";s:12:\"gfonts_files\";a:0:{}s:14:\"uag_faq_layout\";b:0;}"]},"uagb_featured_image_src":{"full":["https:\/\/www.ferberpainting.com\/wp-content\/uploads\/2025\/05\/RadiatorPaintAluminiumgrey1l.png",2560,2276,false],"thumbnail":["https:\/\/www.ferberpainting.com\/wp-content\/uploads\/2025\/05\/RadiatorPaintAluminiumgrey1l-150x150.png",150,150,true],"medium":["https:\/\/www.ferberpainting.com\/wp-content\/uploads\/2025\/05\/RadiatorPaintAluminiumgrey1l-300x267.png",300,267,true],"medium_large":["https:\/\/www.ferberpainting.com\/wp-content\/uploads\/2025\/05\/RadiatorPaintAluminiumgrey1l-768x683.png",768,683,true],"large":["https:\/\/www.ferberpainting.com\/wp-content\/uploads\/2025\/05\/RadiatorPaintAluminiumgrey1l-1024x910.png",1024,910,true],"1536x1536":["https:\/\/www.ferberpainting.com\/wp-content\/uploads\/2025\/05\/RadiatorPaintAluminiumgrey1l-1536x1366.png",1536,1366,true],"2048x2048":["https:\/\/www.ferberpainting.com\/wp-content\/uploads\/2025\/05\/RadiatorPaintAluminiumgrey1l-2048x1821.png",2048,1821,true],"trp-custom-language-flag":["https:\/\/www.ferberpainting.com\/wp-content\/uploads\/2025\/05\/RadiatorPaintAluminiumgrey1l-13x12.png",13,12,true],"woocommerce_thumbnail":["https:\/\/www.ferberpainting.com\/wp-content\/uploads\/2025\/05\/RadiatorPaintAluminiumgrey1l-300x300.png",300,300,true],"woocommerce_single":["https:\/\/www.ferberpainting.com\/wp-content\/uploads\/2025\/05\/RadiatorPaintAluminiumgrey1l-600x533.png",600,533,true],"woocommerce_gallery_thumbnail":["https:\/\/www.ferberpainting.com\/wp-content\/uploads\/2025\/05\/RadiatorPaintAluminiumgrey1l-100x100.png",100,100,true]},"uagb_author_info":{"display_name":"admin","author_link":"https:\/\/www.ferberpainting.com\/de\/author\/"},"uagb_comment_info":15,"uagb_excerpt":"Restore and protect radiators with a heat-resistant professional finish. Our radiator paint is specially formulated to withstand high operating temperatures while delivering a smooth, durable, and attractive finish. It revitalizes old, yellowed, or chipped radiators, restoring their clean appearance and enhancing the overall look of your interior space. Designed for consistent performance under heat exposure,&hellip;","_links":{"self":[{"href":"https:\/\/www.ferberpainting.com\/de\/wp-json\/wp\/v2\/product\/24902","targetHints":{"allow":["GET"]}}],"collection":[{"href":"https:\/\/www.ferberpainting.com\/de\/wp-json\/wp\/v2\/product"}],"about":[{"href":"https:\/\/www.ferberpainting.com\/de\/wp-json\/wp\/v2\/types\/product"}],"replies":[{"embeddable":true,"href":"https:\/\/www.ferberpainting.com\/de\/wp-json\/wp\/v2\/comments?post=24902"}],"version-history":[{"count":3,"href":"https:\/\/www.ferberpainting.com\/de\/wp-json\/wp\/v2\/product\/24902\/revisions"}],"predecessor-version":[{"id":167013,"href":"https:\/\/www.ferberpainting.com\/de\/wp-json\/wp\/v2\/product\/24902\/revisions\/167013"}],"wp:featuredmedia":[{"embeddable":true,"href":"https:\/\/www.ferberpainting.com\/de\/wp-json\/wp\/v2\/media\/26761"}],"wp:attachment":[{"href":"https:\/\/www.ferberpainting.com\/de\/wp-json\/wp\/v2\/media?parent=24902"}],"wp:term":[{"taxonomy":"product_brand","embeddable":true,"href":"https:\/\/www.ferberpainting.com\/de\/wp-json\/wp\/v2\/product_brand?post=24902"},{"taxonomy":"product_cat","embeddable":true,"href":"https:\/\/www.ferberpainting.com\/de\/wp-json\/wp\/v2\/product_cat?post=24902"},{"taxonomy":"product_tag","embeddable":true,"href":"https:\/\/www.ferberpainting.com\/de\/wp-json\/wp\/v2\/product_tag?post=24902"}],"curies":[{"name":"wp","href":"https:\/\/api.w.org\/{rel}","templated":true}]}}