{"id":24797,"date":"2025-05-26T10:27:18","date_gmt":"2025-05-26T08:27:18","guid":{"rendered":"https:\/\/www.ferberpainting.com\/products\/primer-hardener\/"},"modified":"2026-02-16T07:35:32","modified_gmt":"2026-02-16T06:35:32","slug":"primer-hardener","status":"publish","type":"product","link":"https:\/\/www.ferberpainting.com\/de\/products\/primer-hardener\/","title":{"rendered":"Grundierung H\u00e4rter"},"content":{"rendered":"<p><strong><img decoding=\"async\" style=\"margin-right: 12px;\" src=\"https:\/\/www.ferberpainting.com\/wp-content\/uploads\/2026\/02\/Check.svg\" alt=\"\" width=\"18\" height=\"15\" \/>Verbesserte Best\u00e4ndigkeit und Primerhaftung.<\/strong>\u00a0Dieser Grundierungsh\u00e4rter wurde speziell entwickelt, um die Struktur von Grundierungsschichten vor dem Auftragen von Farbe oder einer Endbeschichtung zu verst\u00e4rken. Er optimiert die Oberfl\u00e4chenhaftung und verbessert gleichzeitig die Widerstandsf\u00e4higkeit gegen mechanische und chemische Besch\u00e4digungen, was zu einem haltbareren und professionelleren Ergebnis f\u00fchrt.<\/p>\n<p><strong><img decoding=\"async\" style=\"margin-right: 12px;\" src=\"https:\/\/www.ferberpainting.com\/wp-content\/uploads\/2026\/02\/Check.svg\" alt=\"\" width=\"18\" height=\"15\" \/>Geld-zur\u00fcck-Garantie.<\/strong>\u00a0Wir haben volles Vertrauen in die Wirksamkeit unseres Grundierh\u00e4rters. Deshalb bieten wir eine Geld-zur\u00fcck-Garantie. Wenn das Produkt Ihre Erwartungen nicht erf\u00fcllt, nachdem Sie unsere Anwendungsempfehlungen befolgt haben, k\u00f6nnen Sie eine R\u00fcckerstattung ohne Fragen beantragen und so einen sicheren und risikofreien Kauf gew\u00e4hrleisten.<\/p>\n<p><strong><img decoding=\"async\" style=\"margin-right: 12px;\" src=\"https:\/\/www.ferberpainting.com\/wp-content\/uploads\/2026\/02\/Check.svg\" alt=\"\" width=\"18\" height=\"15\" \/>Kompatibel mit einer breiten Palette von Materialien.<\/strong>\u00a0Dieser H\u00e4rter ist f\u00fcr Grundierungen auf Metall, Holz, Kunststoff, Beton, Zement und Stein geeignet. Er funktioniert mit Acryl-, Epoxid-, Polyurethan- und Glycerophthals\u00e4ure-Grundierungen und bietet maximale Vielseitigkeit f\u00fcr alle Arten von Projekten, ob im Automobilbau, im Baugewerbe oder f\u00fcr dekorative Gegenst\u00e4nde.<\/p>\n<p><strong><img decoding=\"async\" style=\"margin-right: 12px;\" src=\"https:\/\/www.ferberpainting.com\/wp-content\/uploads\/2026\/02\/Check.svg\" alt=\"\" width=\"18\" height=\"15\" \/>Optimierter wirtschaftlicher Ertrag.<\/strong>\u00a0Aufgrund seiner konzentrierten Formel kann 1 Liter H\u00e4rter bis zu 5 Liter Grundierung behandeln, wodurch die erforderliche Produktmenge reduziert und die Leistung verbessert wird. Seine F\u00e4higkeit, die Haftung und die Best\u00e4ndigkeit der Grundierung zu verst\u00e4rken, begrenzt auch die Notwendigkeit von Retuschen, was die Arbeits- und Materialkosten erheblich senkt.<\/p>\n<p><strong><img decoding=\"async\" style=\"margin-right: 12px;\" src=\"https:\/\/www.ferberpainting.com\/wp-content\/uploads\/2026\/02\/Check.svg\" alt=\"\" width=\"18\" height=\"15\" \/>Ein sicheres und ungiftiges Produkt.<\/strong>\u00a0Da dieser H\u00e4rter ohne scharfe L\u00f6sungsmittel oder giftige Emissionen formuliert wurde, stellt er keine Gefahr f\u00fcr den Anwender oder die Umwelt dar. Er kann sicher gehandhabt werden, ohne dass eine spezielle Schutzausr\u00fcstung erforderlich ist, so dass eine risikofreie Anwendung sowohl in Innenr\u00e4umen als auch im Freien gew\u00e4hrleistet ist.<\/p>\n<p><strong><img decoding=\"async\" style=\"margin-right: 12px;\" src=\"https:\/\/www.ferberpainting.com\/wp-content\/uploads\/2026\/02\/Check.svg\" alt=\"\" width=\"18\" height=\"15\" \/>Leichte Anwendung und optimale Kompatibilit\u00e4t.<\/strong>\u00a0Dieser H\u00e4rter l\u00e4sst sich leicht in Grundierungen integrieren, ohne deren Textur, Farbe oder Anwendungsmethode zu ver\u00e4ndern. Er wird direkt vor der Anwendung gemischt und garantiert eine perfekte Gleichm\u00e4\u00dfigkeit und ein professionelles Finish, ohne dass zus\u00e4tzliche technische Anpassungen erforderlich sind.<\/p>\n<p><strong><img decoding=\"async\" style=\"margin-right: 12px;\" src=\"https:\/\/www.ferberpainting.com\/wp-content\/uploads\/2026\/02\/Check.svg\" alt=\"\" width=\"18\" height=\"15\" \/>Verbesserte Haltbarkeit und Widerstandsf\u00e4higkeit.<\/strong>\u00a0Nach dem Mischen mit der Grundierung verst\u00e4rkt dieser H\u00e4rter den Oberfl\u00e4chenschutz, indem er die Widerstandsf\u00e4higkeit gegen St\u00f6\u00dfe, Feuchtigkeit und chemische Produkte verbessert. Er verhindert ein vorzeitiges Abbl\u00e4ttern und bietet lang anhaltenden Schutz gegen Abnutzung, wodurch die Lebensdauer der endg\u00fcltigen Beschichtung verl\u00e4ngert wird.<\/p>\n<p><strong><img decoding=\"async\" style=\"margin-right: 12px;\" src=\"https:\/\/www.ferberpainting.com\/wp-content\/uploads\/2026\/02\/Check.svg\" alt=\"\" width=\"18\" height=\"15\" \/>Schnelle Trocknung f\u00fcr erhebliche Zeitersparnis.<\/strong>\u00a0Dieser H\u00e4rter beschleunigt den Trocknungsprozess von Grundierungen und sorgt gleichzeitig f\u00fcr einen progressiven Anstieg der Best\u00e4ndigkeit. Er verk\u00fcrzt au\u00dferdem die Wartezeit zwischen den einzelnen Anstrichen, erm\u00f6glicht eine schnellere Endbearbeitung und optimiert so die Produktions- und Anwendungszeiten.<\/p>\n<h2><strong>Verwendungsprotokoll<\/strong><\/h2>\n<ul>\n<li><strong>Primer-Vorbereitung <\/strong>: Stellen Sie sicher, dass die Grundierung gr\u00fcndlich homogenisiert ist, bevor Sie den H\u00e4rter hinzuf\u00fcgen. Ist die Grundierung auf L\u00f6sungsmittel- oder Wasserbasis, mischen Sie sie gr\u00fcndlich, um eine Entmischung der Komponenten zu verhindern.<\/li>\n<li><strong>Empfohlene Dosierung <\/strong>: Je nach Art der Grundierung und der gew\u00fcnschten Best\u00e4ndigkeit zwischen 5% und 20% H\u00e4rter zugeben. F\u00fcr Oberfl\u00e4chen, die extremen Bedingungen ausgesetzt sind (Feuchtigkeit, hohe Temperatur, Sto\u00dfbelastung), wird eine h\u00f6here Dosierung empfohlen.<\/li>\n<li><strong>Homogenes Mischen <\/strong>: Den H\u00e4rter nach und nach in die Grundierung einarbeiten und dabei kontinuierlich mit einem manuellen oder elektrischen R\u00fchrer mischen. Achten Sie auf eine vollkommen glatte und homogene Mischung.<\/li>\n<li><strong>Anwendung der geh\u00e4rteten Grundierung <\/strong>: Tragen Sie die Grundierung wie gewohnt mit einer Spritzpistole, einem Pinsel oder einer Rolle auf und beachten Sie dabei die Anwendungshinweise des Herstellers. Der H\u00e4rter ver\u00e4ndert die Auftragsmethode nicht und sorgt f\u00fcr eine gleichm\u00e4\u00dfige Oberfl\u00e4che.<\/li>\n<li><strong>Trocknungszeit <\/strong>: Lassen Sie die Grundierung entsprechend der vom Hersteller empfohlenen Zeit trocknen. Durch die Wirkung des H\u00e4rters wird die Trocknung beschleunigt, so dass die nachfolgenden Schritte schneller ausgef\u00fchrt werden k\u00f6nnen.<\/li>\n<li><strong>Vollst\u00e4ndige H\u00e4rtung <\/strong>: Vermeiden Sie es, die Oberfl\u00e4che zu fr\u00fch zu bearbeiten oder zu \u00fcberstreichen. Die Grundierung erreicht ihre maximale Best\u00e4ndigkeit nach 24 bis 48 Stunden und bietet somit eine perfekt stabile Grundlage f\u00fcr den Farbauftrag oder die Endbeschichtung.<\/li>\n<li><strong>Werkzeug-Reinigung <\/strong>: Nach dem Auftragen sind Pinsel, Rollen und Spritzger\u00e4te sofort mit dem f\u00fcr die verwendete Grundierung empfohlenen L\u00f6sungsmittel zu reinigen (Wasser f\u00fcr Grundierungen auf Wasserbasis, geeignete Verd\u00fcnnung f\u00fcr Grundierungen auf L\u00f6sungsmittelbasis).<\/li>\n<\/ul>","protected":false},"excerpt":{"rendered":"<p>Improved resistance and primer adhesion.\u00a0This primer hardener is specifically designed to reinforce the structure of primer layers before applying paint or a final coating. It optimizes surface adhesion while improving resistance against mechanical and chemical damage, ensuring a more durable and professionally finished result. Money-back guarantee.\u00a0We have complete confidence in our primer hardener&#8217;s effectiveness. That&#8217;s [&hellip;]<\/p>\n","protected":false},"featured_media":26642,"comment_status":"open","ping_status":"closed","template":"","meta":{"_uag_custom_page_level_css":"","site-sidebar-layout":"default","site-content-layout":"","ast-site-content-layout":"default","site-content-style":"default","site-sidebar-style":"default","ast-global-header-display":"","ast-banner-title-visibility":"","ast-main-header-display":"","ast-hfb-above-header-display":"","ast-hfb-below-header-display":"","ast-hfb-mobile-header-display":"","site-post-title":"","ast-breadcrumbs-content":"","ast-featured-img":"","footer-sml-layout":"","ast-disable-related-posts":"","theme-transparent-header-meta":"default","adv-header-id-meta":"","stick-header-meta":"","header-above-stick-meta":"","header-main-stick-meta":"","header-below-stick-meta":"","astra-migrate-meta-layouts":"set","ast-page-background-enabled":"default","ast-page-background-meta":{"desktop":{"background-color":"var(--ast-global-color-4)","background-image":"","background-repeat":"repeat","background-position":"center center","background-size":"auto","background-attachment":"scroll","background-type":"","background-media":"","overlay-type":"","overlay-color":"","overlay-opacity":"","overlay-gradient":""},"tablet":{"background-color":"","background-image":"","background-repeat":"repeat","background-position":"center center","background-size":"auto","background-attachment":"scroll","background-type":"","background-media":"","overlay-type":"","overlay-color":"","overlay-opacity":"","overlay-gradient":""},"mobile":{"background-color":"","background-image":"","background-repeat":"repeat","background-position":"center center","background-size":"auto","background-attachment":"scroll","background-type":"","background-media":"","overlay-type":"","overlay-color":"","overlay-opacity":"","overlay-gradient":""}},"ast-content-background-meta":{"desktop":{"background-color":"var(--ast-global-color-5)","background-image":"","background-repeat":"repeat","background-position":"center center","background-size":"auto","background-attachment":"scroll","background-type":"","background-media":"","overlay-type":"","overlay-color":"","overlay-opacity":"","overlay-gradient":""},"tablet":{"background-color":"var(--ast-global-color-5)","background-image":"","background-repeat":"repeat","background-position":"center center","background-size":"auto","background-attachment":"scroll","background-type":"","background-media":"","overlay-type":"","overlay-color":"","overlay-opacity":"","overlay-gradient":""},"mobile":{"background-color":"var(--ast-global-color-5)","background-image":"","background-repeat":"repeat","background-position":"center center","background-size":"auto","background-attachment":"scroll","background-type":"","background-media":"","overlay-type":"","overlay-color":"","overlay-opacity":"","overlay-gradient":""}}},"product_brand":[],"product_cat":[176],"product_tag":[],"class_list":{"0":"post-24797","1":"product","2":"type-product","3":"status-publish","4":"has-post-thumbnail","6":"product_cat-concrete-treatment","7":"desktop-align-left","8":"tablet-align-left","9":"mobile-align-left","11":"first","12":"instock","13":"sale","14":"shipping-taxable","15":"purchasable","16":"product-type-variable","17":"has-default-attributes"},"spectra_custom_meta":{"_visibility":["visible"],"_shopify_product_id":["9060505846005"],"_s2w_shopify_domain":["ferberpainting.myshopify.com"],"_shopify_variant_id":["46483451478261"],"_sku":[""],"_manage_stock":["no"],"total_sales":["5"],"_tax_status":["taxable"],"_tax_class":[""],"_backorders":["no"],"_sold_individually":["no"],"_virtual":["no"],"_downloadable":["no"],"_download_limit":["-1"],"_download_expiry":["-1"],"_stock":[null],"_stock_status":["instock"],"_wc_average_rating":["4.83"],"_wc_review_count":["6"],"_product_attributes":["a:1:{s:6:\"volume\";a:6:{s:4:\"name\";s:6:\"Volume\";s:5:\"value\";s:20:\"5 liters | 25 liters\";s:8:\"position\";i:1;s:10:\"is_visible\";i:0;s:12:\"is_variation\";i:1;s:11:\"is_taxonomy\";i:0;}}"],"_product_version":["10.5.1"],"_thumbnail_id":["26642"],"_product_image_gallery":["26643"],"wpse_downloadable_file_names":[""],"wpse_downloadable_file_urls":[""],"_edit_last":["1"],"_default_attributes":["a:1:{s:6:\"volume\";s:8:\"5 liters\";}"],"_edit_lock":["1771223594:1"],"_price":["29.90","129.90"],"merchant-center-availability":["yes"],"merchant-center-category":["2277"],"_wp_page_template":["default"],"site-sidebar-layout":["default"],"ast-site-content-layout":["default"],"site-content-style":["default"],"site-sidebar-style":["default"],"theme-transparent-header-meta":["default"],"_wc_rating_count":["a:2:{i:4;i:1;i:5;i:5;}"],"astra-migrate-meta-layouts":["set"],"_uag_css_file_name":["uag-css-24797.css"],"_elementor_page_assets":["a:0:{}"],"_uag_page_assets":["a:9:{s:3:\"css\";s:6873:\".wp-block-uagb-image{display:flex}.wp-block-uagb-image__figure{position:relative;display:flex;flex-direction:column;max-width:100%;height:auto;margin:0}.wp-block-uagb-image__figure img{height:auto;display:flex;max-width:100%;transition:box-shadow .2s ease}.wp-block-uagb-image__figure>a{display:inline-block}.wp-block-uagb-image__figure figcaption{text-align:center;margin-top:.5em;margin-bottom:1em}.wp-block-uagb-image .components-placeholder.block-editor-media-placeholder .components-placeholder__instructions{align-self:center}.wp-block-uagb-image--align-left{text-align:left}.wp-block-uagb-image--align-right{text-align:right}.wp-block-uagb-image--align-center{text-align:center}.wp-block-uagb-image--align-full .wp-block-uagb-image__figure{margin-left:calc(50% - 50vw);margin-right:calc(50% - 50vw);max-width:100vw;width:100vw;height:auto}.wp-block-uagb-image--align-full .wp-block-uagb-image__figure img{height:auto;width:100% !important}.wp-block-uagb-image--align-wide .wp-block-uagb-image__figure img{height:auto;width:100%}.wp-block-uagb-image--layout-overlay__color-wrapper{position:absolute;left:0;top:0;right:0;bottom:0;opacity:.2;background:rgba(0,0,0,.5);transition:opacity .35s ease-in-out}.wp-block-uagb-image--layout-overlay-link{position:absolute;left:0;right:0;bottom:0;top:0}.wp-block-uagb-image--layout-overlay .wp-block-uagb-image__figure:hover .wp-block-uagb-image--layout-overlay__color-wrapper{opacity:1}.wp-block-uagb-image--layout-overlay__inner{position:absolute;left:15px;right:15px;bottom:15px;top:15px;display:flex;align-items:center;justify-content:center;flex-direction:column;border-color:#fff;transition:.35s ease-in-out}.wp-block-uagb-image--layout-overlay__inner.top-left,.wp-block-uagb-image--layout-overlay__inner.top-center,.wp-block-uagb-image--layout-overlay__inner.top-right{justify-content:flex-start}.wp-block-uagb-image--layout-overlay__inner.bottom-left,.wp-block-uagb-image--layout-overlay__inner.bottom-center,.wp-block-uagb-image--layout-overlay__inner.bottom-right{justify-content:flex-end}.wp-block-uagb-image--layout-overlay__inner.top-left,.wp-block-uagb-image--layout-overlay__inner.center-left,.wp-block-uagb-image--layout-overlay__inner.bottom-left{align-items:flex-start}.wp-block-uagb-image--layout-overlay__inner.top-right,.wp-block-uagb-image--layout-overlay__inner.center-right,.wp-block-uagb-image--layout-overlay__inner.bottom-right{align-items:flex-end}.wp-block-uagb-image--layout-overlay__inner .uagb-image-heading{color:#fff;transition:transform .35s,opacity .35s ease-in-out;transform:translate3d(0, 24px, 0);margin:0;line-height:1em}.wp-block-uagb-image--layout-overlay__inner .uagb-image-separator{width:30%;border-top-width:2px;border-top-color:#fff;border-top-style:solid;margin-bottom:10px;opacity:0;transition:transform .4s,opacity .4s ease-in-out;transform:translate3d(0, 30px, 0)}.wp-block-uagb-image--layout-overlay__inner .uagb-image-caption{opacity:0;overflow:visible;color:#fff;transition:transform .45s,opacity .45s ease-in-out;transform:translate3d(0, 35px, 0)}.wp-block-uagb-image--layout-overlay__inner:hover .uagb-image-heading,.wp-block-uagb-image--layout-overlay__inner:hover .uagb-image-separator,.wp-block-uagb-image--layout-overlay__inner:hover .uagb-image-caption{opacity:1;transform:translate3d(0, 0, 0)}.wp-block-uagb-image--effect-zoomin .wp-block-uagb-image__figure img,.wp-block-uagb-image--effect-zoomin .wp-block-uagb-image__figure .wp-block-uagb-image--layout-overlay__color-wrapper{transform:scale(1);transition:transform .35s ease-in-out}.wp-block-uagb-image--effect-zoomin .wp-block-uagb-image__figure:hover img,.wp-block-uagb-image--effect-zoomin .wp-block-uagb-image__figure:hover .wp-block-uagb-image--layout-overlay__color-wrapper{transform:scale(1.05)}.wp-block-uagb-image--effect-slide .wp-block-uagb-image__figure img,.wp-block-uagb-image--effect-slide .wp-block-uagb-image__figure .wp-block-uagb-image--layout-overlay__color-wrapper{width:calc(100% + 40px) !important;max-width:none !important;transform:translate3d(-40px, 0, 0);transition:transform .35s ease-in-out}.wp-block-uagb-image--effect-slide .wp-block-uagb-image__figure:hover img,.wp-block-uagb-image--effect-slide .wp-block-uagb-image__figure:hover .wp-block-uagb-image--layout-overlay__color-wrapper{transform:translate3d(0, 0, 0)}.wp-block-uagb-image--effect-grayscale img{filter:grayscale(0%);transition:.35s ease-in-out}.wp-block-uagb-image--effect-grayscale:hover img{filter:grayscale(100%)}.wp-block-uagb-image--effect-blur img{filter:blur(0);transition:.35s ease-in-out}.wp-block-uagb-image--effect-blur:hover img{filter:blur(3px)}.uagb-block-e6f939b3.wp-block-uagb-image--layout-default figure img{box-shadow: 0px 0px 0 #00000070;}.uagb-block-e6f939b3.wp-block-uagb-image .wp-block-uagb-image__figure figcaption{font-style: normal;align-self: center;}.uagb-block-e6f939b3.wp-block-uagb-image--layout-overlay figure img{box-shadow: 0px 0px 0 #00000070;}.uagb-block-e6f939b3.wp-block-uagb-image--layout-overlay .wp-block-uagb-image--layout-overlay__color-wrapper{opacity: 0.2;}.uagb-block-e6f939b3.wp-block-uagb-image--layout-overlay .wp-block-uagb-image--layout-overlay__inner{left: 15px;right: 15px;top: 15px;bottom: 15px;}.uagb-block-e6f939b3.wp-block-uagb-image--layout-overlay .wp-block-uagb-image--layout-overlay__inner .uagb-image-heading{font-style: normal;color: #fff;opacity: 1;}.uagb-block-e6f939b3.wp-block-uagb-image--layout-overlay .wp-block-uagb-image--layout-overlay__inner .uagb-image-heading a{color: #fff;}.uagb-block-e6f939b3.wp-block-uagb-image--layout-overlay .wp-block-uagb-image--layout-overlay__inner .uagb-image-caption{opacity: 0;}.uagb-block-e6f939b3.wp-block-uagb-image--layout-overlay .wp-block-uagb-image__figure:hover .wp-block-uagb-image--layout-overlay__color-wrapper{opacity: 1;}.uagb-block-e6f939b3.wp-block-uagb-image .wp-block-uagb-image--layout-overlay__inner .uagb-image-separator{width: 30%;border-top-width: 2px;border-top-color: #fff;opacity: 0;}.uagb-block-e6f939b3.wp-block-uagb-image .wp-block-uagb-image__figure img{width: px;height: auto;}.uagb-block-e6f939b3.wp-block-uagb-image .wp-block-uagb-image__figure:hover .wp-block-uagb-image--layout-overlay__inner .uagb-image-caption{opacity: 1;}.uagb-block-e6f939b3.wp-block-uagb-image .wp-block-uagb-image__figure:hover .wp-block-uagb-image--layout-overlay__inner .uagb-image-separator{opacity: 1;}.uagb-block-e6f939b3.wp-block-uagb-image--layout-default figure:hover img{box-shadow: 0px 0px 0 #00000070;}.uagb-block-e6f939b3.wp-block-uagb-image--layout-overlay figure:hover img{box-shadow: 0px 0px 0 #00000070;}@media only screen and (max-width: 976px) {.uagb-block-e6f939b3.wp-block-uagb-image .wp-block-uagb-image__figure img{width: px;height: auto;}}@media only screen and (max-width: 767px) {.uagb-block-e6f939b3.wp-block-uagb-image .wp-block-uagb-image__figure img{width: px;height: auto;}}\";s:2:\"js\";s:0:\"\";s:18:\"current_block_list\";a:13:{i:0;s:11:\"core\/search\";i:1;s:10:\"core\/group\";i:2;s:12:\"core\/heading\";i:3;s:17:\"core\/latest-posts\";i:4;s:20:\"core\/latest-comments\";i:5;s:13:\"core\/archives\";i:6;s:15:\"core\/categories\";i:7;s:14:\"core\/paragraph\";i:8;s:10:\"uagb\/image\";i:9;s:11:\"core\/spacer\";i:10;s:30:\"woocommerce\/product-categories\";i:11;s:10:\"core\/image\";i:12;s:14:\"core\/shortcode\";}s:8:\"uag_flag\";b:1;s:11:\"uag_version\";s:10:\"1777102217\";s:6:\"gfonts\";a:0:{}s:10:\"gfonts_url\";s:0:\"\";s:12:\"gfonts_files\";a:0:{}s:14:\"uag_faq_layout\";b:0;}"]},"uagb_featured_image_src":{"full":["https:\/\/www.ferberpainting.com\/wp-content\/uploads\/2025\/05\/PrimerHardener5L.png",2560,2560,false],"thumbnail":["https:\/\/www.ferberpainting.com\/wp-content\/uploads\/2025\/05\/PrimerHardener5L-150x150.png",150,150,true],"medium":["https:\/\/www.ferberpainting.com\/wp-content\/uploads\/2025\/05\/PrimerHardener5L-300x300.png",300,300,true],"medium_large":["https:\/\/www.ferberpainting.com\/wp-content\/uploads\/2025\/05\/PrimerHardener5L-768x768.png",768,768,true],"large":["https:\/\/www.ferberpainting.com\/wp-content\/uploads\/2025\/05\/PrimerHardener5L-1024x1024.png",1024,1024,true],"1536x1536":["https:\/\/www.ferberpainting.com\/wp-content\/uploads\/2025\/05\/PrimerHardener5L-1536x1536.png",1536,1536,true],"2048x2048":["https:\/\/www.ferberpainting.com\/wp-content\/uploads\/2025\/05\/PrimerHardener5L-2048x2048.png",2048,2048,true],"trp-custom-language-flag":["https:\/\/www.ferberpainting.com\/wp-content\/uploads\/2025\/05\/PrimerHardener5L-12x12.png",12,12,true],"woocommerce_thumbnail":["https:\/\/www.ferberpainting.com\/wp-content\/uploads\/2025\/05\/PrimerHardener5L-300x300.png",300,300,true],"woocommerce_single":["https:\/\/www.ferberpainting.com\/wp-content\/uploads\/2025\/05\/PrimerHardener5L-600x600.png",600,600,true],"woocommerce_gallery_thumbnail":["https:\/\/www.ferberpainting.com\/wp-content\/uploads\/2025\/05\/PrimerHardener5L-100x100.png",100,100,true]},"uagb_author_info":{"display_name":"admin","author_link":"https:\/\/www.ferberpainting.com\/de\/author\/"},"uagb_comment_info":6,"uagb_excerpt":"Improved resistance and primer adhesion.\u00a0This primer hardener is specifically designed to reinforce the structure of primer layers before applying paint or a final coating. It optimizes surface adhesion while improving resistance against mechanical and chemical damage, ensuring a more durable and professionally finished result. Money-back guarantee.\u00a0We have complete confidence in our primer hardener&#8217;s effectiveness. That&#8217;s&hellip;","_links":{"self":[{"href":"https:\/\/www.ferberpainting.com\/de\/wp-json\/wp\/v2\/product\/24797","targetHints":{"allow":["GET"]}}],"collection":[{"href":"https:\/\/www.ferberpainting.com\/de\/wp-json\/wp\/v2\/product"}],"about":[{"href":"https:\/\/www.ferberpainting.com\/de\/wp-json\/wp\/v2\/types\/product"}],"replies":[{"embeddable":true,"href":"https:\/\/www.ferberpainting.com\/de\/wp-json\/wp\/v2\/comments?post=24797"}],"version-history":[{"count":3,"href":"https:\/\/www.ferberpainting.com\/de\/wp-json\/wp\/v2\/product\/24797\/revisions"}],"predecessor-version":[{"id":166997,"href":"https:\/\/www.ferberpainting.com\/de\/wp-json\/wp\/v2\/product\/24797\/revisions\/166997"}],"wp:featuredmedia":[{"embeddable":true,"href":"https:\/\/www.ferberpainting.com\/de\/wp-json\/wp\/v2\/media\/26642"}],"wp:attachment":[{"href":"https:\/\/www.ferberpainting.com\/de\/wp-json\/wp\/v2\/media?parent=24797"}],"wp:term":[{"taxonomy":"product_brand","embeddable":true,"href":"https:\/\/www.ferberpainting.com\/de\/wp-json\/wp\/v2\/product_brand?post=24797"},{"taxonomy":"product_cat","embeddable":true,"href":"https:\/\/www.ferberpainting.com\/de\/wp-json\/wp\/v2\/product_cat?post=24797"},{"taxonomy":"product_tag","embeddable":true,"href":"https:\/\/www.ferberpainting.com\/de\/wp-json\/wp\/v2\/product_tag?post=24797"}],"curies":[{"name":"wp","href":"https:\/\/api.w.org\/{rel}","templated":true}]}}