{"id":24787,"date":"2025-05-26T10:27:09","date_gmt":"2025-05-26T08:27:09","guid":{"rendered":"https:\/\/www.ferberpainting.com\/products\/poinsettia-fertilizer\/"},"modified":"2026-02-16T07:26:36","modified_gmt":"2026-02-16T06:26:36","slug":"poinsettia-fertilizer","status":"publish","type":"product","link":"https:\/\/www.ferberpainting.com\/de\/products\/poinsettia-fertilizer\/","title":{"rendered":"Poinsettien-D\u00fcnger"},"content":{"rendered":"<p><strong><img decoding=\"async\" style=\"margin-right: 12px;\" src=\"https:\/\/www.ferberpainting.com\/wp-content\/uploads\/2026\/02\/Check.svg\" alt=\"\" width=\"18\" height=\"15\" \/>Ein D\u00fcnger, der speziell zur F\u00f6rderung des Wachstums und der Bl\u00fcte von Weihnachtssternen entwickelt wurde.<\/strong>\u00a0Dieser ausgewogene D\u00fcnger mit Stickstoff (N), Phosphor (P) und Kalium (K) in einer NPK 15-15-15-Formulierung sorgt f\u00fcr eine optimale Blattentwicklung und eine kr\u00e4ftige Bl\u00fcte. Er f\u00f6rdert robuste Bl\u00e4tter, intensiv rote H\u00fcllbl\u00e4tter und eine gesunde Pflanze w\u00e4hrend der gesamten Wachstumsperiode.<\/p>\n<p><strong><img decoding=\"async\" style=\"margin-right: 12px;\" src=\"https:\/\/www.ferberpainting.com\/wp-content\/uploads\/2026\/02\/Check.svg\" alt=\"\" width=\"18\" height=\"15\" \/>Zufriedenheitsgarantie oder Sie erhalten Ihr Geld zur\u00fcck.<\/strong>\u00a0Da wir von der Qualit\u00e4t unseres Produkts \u00fcberzeugt sind, bieten wir Ihnen eine Zufriedenheits- oder Geld-zur\u00fcck-Garantie. Wenn Sie nach der Verwendung in \u00dcbereinstimmung mit den Empfehlungen keine Verbesserung im Wachstum und in der Bl\u00fcte Ihres Weihnachtssterns sehen, versprechen wir Ihnen eine vollst\u00e4ndige R\u00fcckerstattung.<\/p>\n<p><strong><img decoding=\"async\" style=\"margin-right: 12px;\" src=\"https:\/\/www.ferberpainting.com\/wp-content\/uploads\/2026\/02\/Check.svg\" alt=\"\" width=\"18\" height=\"15\" \/>Geeignet f\u00fcr verschiedene Arten von Innen- und Au\u00dfenpflanzen.<\/strong>\u00a0Dieser D\u00fcnger ist ideal f\u00fcr alle Sorten von Weihnachtssternen, aber auch f\u00fcr andere bl\u00fchende Zimmerpflanzen wie Begonien, Gloxinien und Kalanchoen. Er eignet sich auch gut f\u00fcr bestimmte Gr\u00fcnpflanzen und versorgt sie mit wichtigen N\u00e4hrstoffen f\u00fcr ein gesundes Wachstum.<\/p>\n<p><strong><img decoding=\"async\" style=\"margin-right: 12px;\" src=\"https:\/\/www.ferberpainting.com\/wp-content\/uploads\/2026\/02\/Check.svg\" alt=\"\" width=\"18\" height=\"15\" \/>Hervorragendes Kosten-Nutzen-Verh\u00e4ltnis.<\/strong>\u00a0Mit einer Dosierung von 5 ml pro Liter Wasser k\u00f6nnen Sie mit einem 5-Liter-Beh\u00e4lter 1000 Liter gebrauchsfertigen D\u00fcnger herstellen, der einen langen D\u00fcngezeitraum abdeckt. Es ist eine wirtschaftliche und nachhaltige L\u00f6sung f\u00fcr die Pflanzenpflege.<\/p>\n<p><strong><img decoding=\"async\" style=\"margin-right: 12px;\" src=\"https:\/\/www.ferberpainting.com\/wp-content\/uploads\/2026\/02\/Check.svg\" alt=\"\" width=\"18\" height=\"15\" \/>Ein Produkt, das sicher f\u00fcr Pflanzen und umweltfreundlich ist.<\/strong>\u00a0Seine ausgewogene N\u00e4hrstoffformel verhindert einen \u00dcberschuss und sch\u00fctzt die Wurzeln der Weihnachtssterne vor Verbrennungen durch \u00dcberdosierung. Es hat keine negativen Auswirkungen auf den Boden oder die Umwelt, so dass es ideal f\u00fcr den h\u00e4ufigen Gebrauch in Innenr\u00e4umen ist.<\/p>\n<p><strong><img decoding=\"async\" style=\"margin-right: 12px;\" src=\"https:\/\/www.ferberpainting.com\/wp-content\/uploads\/2026\/02\/Check.svg\" alt=\"\" width=\"18\" height=\"15\" \/>Einfache Anwendung mit schneller und einfacher Verd\u00fcnnung.<\/strong>\u00a0Im Gegensatz zu festen D\u00fcngemitteln, die eine gewisse Aufl\u00f6sungszeit ben\u00f6tigen, mischt sich dieser Fl\u00fcssigd\u00fcnger sofort mit Wasser und kann sofort angewendet werden. Einfach die angegebene Dosis ins Gie\u00dfwasser geben und direkt an der Basis der Pflanze ausbringen.<\/p>\n<p><strong><img decoding=\"async\" style=\"margin-right: 12px;\" src=\"https:\/\/www.ferberpainting.com\/wp-content\/uploads\/2026\/02\/Check.svg\" alt=\"\" width=\"18\" height=\"15\" \/>Lang anhaltende Wirkung f\u00fcr eine l\u00e4ngere Bl\u00fctezeit.<\/strong>\u00a0Dank seiner allm\u00e4hlichen Freisetzung sorgt dieser D\u00fcnger f\u00fcr eine kontinuierliche Ern\u00e4hrung der Pflanze und st\u00e4rkt ihre Widerstandsf\u00e4higkeit gegen Krankheiten und Umweltstress. Er garantiert eine l\u00e4ngere Bl\u00fctezeit und leuchtende Farben, die mehrere Monate nach der Anwendung anhalten.<\/p>\n<p><strong><img decoding=\"async\" style=\"margin-right: 12px;\" src=\"https:\/\/www.ferberpainting.com\/wp-content\/uploads\/2026\/02\/Check.svg\" alt=\"\" width=\"18\" height=\"15\" \/>Sichtbare Ergebnisse bereits in den ersten Wochen.<\/strong>\u00a0Schon bei der ersten Anwendung werden Sie dichteres Laub, hellere Hochbl\u00e4tter und eine bessere Widerstandsf\u00e4higkeit gegen Austrocknung feststellen. Die ausgewogene N\u00e4hrstoffformel tr\u00e4gt dazu bei, die Bl\u00fchintensit\u00e4t zu steigern und das Gesamterscheinungsbild Ihres Weihnachtssterns zu verbessern.<\/p>\n<h2>Verwendungsprotokoll<\/h2>\n<p><strong>Empfohlene Dosierung:<\/strong><\/p>\n<ul>\n<li><strong>Kleine Topfpflanzen (weniger als 30 cm) :<\/strong> Verd\u00fcnnen Sie 5 ml des D\u00fcngers in 1 Liter Wasser und gie\u00dfen Sie einmal alle zwei Wochen.<\/li>\n<li><strong>Mittelgro\u00dfe Pflanzen (30 bis 60 cm) :<\/strong> Verwenden Sie 10 ml pro Liter Wasser und gie\u00dfen Sie alle zwei Wochen.<\/li>\n<li><strong>Gro\u00dfe Weihnachtssterne (&gt; 60 cm) :<\/strong> Zur F\u00f6rderung eines optimalen Wachstums und einer \u00fcppigen Bl\u00fcte 15 ml pro Liter Wasser auftragen.<\/li>\n<\/ul>\n<p><strong>Anwendungsh\u00e4ufigkeit :<\/strong><\/p>\n<ul>\n<li><strong>Spring und Sommer :<\/strong> Alle zwei Wochen anwenden, um ein gesundes Wachstum zu f\u00f6rdern und die Wurzeln zu st\u00e4rken.<\/li>\n<li><strong>Herbst und Winter (Bl\u00fctezeit) :<\/strong> Erh\u00f6hen Sie die H\u00e4ufigkeit auf einmal pro Woche, um die Bildung von farbigen H\u00fcllbl\u00e4ttern zu stimulieren und die Bl\u00fctezeit zu verl\u00e4ngern.<\/li>\n<li><strong>Ruhezeit (nach der Bl\u00fcte) :<\/strong> Reduzieren Sie die Anwendungen auf einmal im Monat und verringern Sie die Dosis, um \u00fcberm\u00e4\u00dfiges Blattwachstum zu vermeiden.<\/li>\n<\/ul>\n<p><strong>Bewerbungsmethode:<\/strong><\/p>\n<ul>\n<li>Gie\u00dfen Sie direkt an der Basis der Pflanze und achten Sie darauf, dass Sie die Bl\u00e4tter und H\u00fcllbl\u00e4tter nicht nass machen, um Schimmel zu vermeiden.<\/li>\n<li>Verwenden Sie Wasser bei Raumtemperatur, um einen Temperaturschock zu vermeiden, der die Pflanze stressen k\u00f6nnte.<\/li>\n<li>\u00dcberw\u00e4ssern Sie die Pflanze nicht, um eine S\u00e4ttigung der Wurzeln zu vermeiden, die zu einer Gelbf\u00e4rbung des Laubes f\u00fchren k\u00f6nnte.<\/li>\n<\/ul>\n<p><strong>Vorsichtsma\u00dfnahmen bei der Verwendung :<\/strong><\/p>\n<ul>\n<li><strong>Nicht \u00fcberdosieren<\/strong> um einen Stickstoff\u00fcberschuss zu vermeiden, der das Wachstum der Bl\u00e4tter auf Kosten der roten H\u00fcllbl\u00e4tter f\u00f6rdern k\u00f6nnte.<\/li>\n<li><strong>Nicht auf einen wasserges\u00e4ttigten Untergrund auftragen:<\/strong> Warten Sie mit dem Gie\u00dfen mit verd\u00fcnntem D\u00fcnger, bis der Boden leicht angetrocknet ist.<\/li>\n<li>Vermeiden Sie es, den Weihnachtsstern nach der D\u00fcngung direktem Sonnenlicht auszusetzen, um ein vorzeitiges Austrocknen der Bl\u00e4tter zu verhindern.<\/li>\n<\/ul>\n<p><strong>Lagerung und Konservierung :<\/strong><\/p>\n<ul>\n<li>Lagern Sie den D\u00fcnger an einem k\u00fchlen, trockenen Ort, gesch\u00fctzt vor direktem Licht.<\/li>\n<li>Verschlie\u00dfen Sie den Beh\u00e4lter nach jedem Gebrauch fest, damit die D\u00fcngeeigenschaften erhalten bleiben.<\/li>\n<\/ul>\n<p>Mit diesem Weihnachtssternd\u00fcnger sorgen Sie f\u00fcr ein kr\u00e4ftiges Wachstum, eine leuchtende Bl\u00fcte und eine lang anhaltende Sch\u00f6nheit Ihrer Pflanze. Dieser D\u00fcnger ist ideal f\u00fcr Feiern zum Jahresende und f\u00fcr die Dekoration in Innenr\u00e4umen und verhilft Ihrem Weihnachtsstern zu leuchtenden Farben und \u00fcppigem Laub.<\/p>","protected":false},"excerpt":{"rendered":"<p>A fertilizer specially designed to promote the growth and blooming of poinsettias.\u00a0This balanced fertilizer in nitrogen (N), phosphorus (P), and potassium (K), with an NPK 15-15-15 formulation, ensures optimal leaf development and vibrant flowering. It promotes robust leaves, intense red bracts, and a healthy plant throughout its growing cycle. Satisfaction guaranteed or your money back.\u00a0Confident [&hellip;]<\/p>\n","protected":false},"featured_media":26635,"comment_status":"open","ping_status":"closed","template":"","meta":{"_uag_custom_page_level_css":"","site-sidebar-layout":"default","site-content-layout":"","ast-site-content-layout":"default","site-content-style":"default","site-sidebar-style":"default","ast-global-header-display":"","ast-banner-title-visibility":"","ast-main-header-display":"","ast-hfb-above-header-display":"","ast-hfb-below-header-display":"","ast-hfb-mobile-header-display":"","site-post-title":"","ast-breadcrumbs-content":"","ast-featured-img":"","footer-sml-layout":"","ast-disable-related-posts":"","theme-transparent-header-meta":"default","adv-header-id-meta":"","stick-header-meta":"","header-above-stick-meta":"","header-main-stick-meta":"","header-below-stick-meta":"","astra-migrate-meta-layouts":"set","ast-page-background-enabled":"default","ast-page-background-meta":{"desktop":{"background-color":"var(--ast-global-color-4)","background-image":"","background-repeat":"repeat","background-position":"center center","background-size":"auto","background-attachment":"scroll","background-type":"","background-media":"","overlay-type":"","overlay-color":"","overlay-opacity":"","overlay-gradient":""},"tablet":{"background-color":"","background-image":"","background-repeat":"repeat","background-position":"center center","background-size":"auto","background-attachment":"scroll","background-type":"","background-media":"","overlay-type":"","overlay-color":"","overlay-opacity":"","overlay-gradient":""},"mobile":{"background-color":"","background-image":"","background-repeat":"repeat","background-position":"center center","background-size":"auto","background-attachment":"scroll","background-type":"","background-media":"","overlay-type":"","overlay-color":"","overlay-opacity":"","overlay-gradient":""}},"ast-content-background-meta":{"desktop":{"background-color":"var(--ast-global-color-5)","background-image":"","background-repeat":"repeat","background-position":"center center","background-size":"auto","background-attachment":"scroll","background-type":"","background-media":"","overlay-type":"","overlay-color":"","overlay-opacity":"","overlay-gradient":""},"tablet":{"background-color":"var(--ast-global-color-5)","background-image":"","background-repeat":"repeat","background-position":"center center","background-size":"auto","background-attachment":"scroll","background-type":"","background-media":"","overlay-type":"","overlay-color":"","overlay-opacity":"","overlay-gradient":""},"mobile":{"background-color":"var(--ast-global-color-5)","background-image":"","background-repeat":"repeat","background-position":"center center","background-size":"auto","background-attachment":"scroll","background-type":"","background-media":"","overlay-type":"","overlay-color":"","overlay-opacity":"","overlay-gradient":""}}},"product_brand":[],"product_cat":[178],"product_tag":[],"class_list":{"0":"post-24787","1":"product","2":"type-product","3":"status-publish","4":"has-post-thumbnail","6":"product_cat-fertilizers","7":"desktop-align-left","8":"tablet-align-left","9":"mobile-align-left","11":"first","12":"instock","13":"sale","14":"taxable","15":"shipping-taxable","16":"purchasable","17":"product-type-variable","18":"has-default-attributes"},"spectra_custom_meta":{"_visibility":["visible"],"_shopify_product_id":["9071372730613"],"_s2w_shopify_domain":["ferberpainting.myshopify.com"],"_shopify_variant_id":["46516185759989"],"_sku":[""],"_manage_stock":["no"],"total_sales":["3"],"_tax_status":["taxable"],"_tax_class":[""],"_backorders":["no"],"_sold_individually":["no"],"_virtual":["no"],"_downloadable":["no"],"_download_limit":["-1"],"_download_expiry":["-1"],"_stock":[null],"_stock_status":["instock"],"_wc_average_rating":["4.86"],"_wc_review_count":["7"],"_product_attributes":["a:1:{s:6:\"volume\";a:6:{s:4:\"name\";s:6:\"Volume\";s:5:\"value\";s:20:\"5 liters | 25 liters\";s:8:\"position\";i:1;s:10:\"is_visible\";i:0;s:12:\"is_variation\";i:1;s:11:\"is_taxonomy\";i:0;}}"],"_product_version":["10.5.1"],"_thumbnail_id":["26635"],"_product_image_gallery":["26636"],"wpse_downloadable_file_names":[""],"wpse_downloadable_file_urls":[""],"_edit_last":["1"],"_default_attributes":["a:1:{s:6:\"volume\";s:8:\"5 liters\";}"],"_edit_lock":["1771223061:1"],"_price":["29.90","129.90"],"merchant-center-availability":["yes"],"merchant-center-category":["113"],"_wp_page_template":["default"],"site-sidebar-layout":["default"],"ast-site-content-layout":["default"],"site-content-style":["default"],"site-sidebar-style":["default"],"theme-transparent-header-meta":["default"],"_wc_rating_count":["a:2:{i:4;i:1;i:5;i:6;}"],"astra-migrate-meta-layouts":["set"],"_uag_css_file_name":["uag-css-24787.css"],"_elementor_page_assets":["a:0:{}"],"_uag_page_assets":["a:9:{s:3:\"css\";s:7133:\".uag-blocks-common-selector{z-index:var(--z-index-desktop) !important}@media(max-width: 976px){.uag-blocks-common-selector{z-index:var(--z-index-tablet) !important}}@media(max-width: 767px){.uag-blocks-common-selector{z-index:var(--z-index-mobile) !important}}.wp-block-uagb-image{display:flex}.wp-block-uagb-image__figure{position:relative;display:flex;flex-direction:column;max-width:100%;height:auto;margin:0}.wp-block-uagb-image__figure img{height:auto;display:flex;max-width:100%;transition:box-shadow .2s ease}.wp-block-uagb-image__figure>a{display:inline-block}.wp-block-uagb-image__figure figcaption{text-align:center;margin-top:.5em;margin-bottom:1em}.wp-block-uagb-image .components-placeholder.block-editor-media-placeholder .components-placeholder__instructions{align-self:center}.wp-block-uagb-image--align-left{text-align:left}.wp-block-uagb-image--align-right{text-align:right}.wp-block-uagb-image--align-center{text-align:center}.wp-block-uagb-image--align-full .wp-block-uagb-image__figure{margin-left:calc(50% - 50vw);margin-right:calc(50% - 50vw);max-width:100vw;width:100vw;height:auto}.wp-block-uagb-image--align-full .wp-block-uagb-image__figure img{height:auto;width:100% !important}.wp-block-uagb-image--align-wide .wp-block-uagb-image__figure img{height:auto;width:100%}.wp-block-uagb-image--layout-overlay__color-wrapper{position:absolute;left:0;top:0;right:0;bottom:0;opacity:.2;background:rgba(0,0,0,.5);transition:opacity .35s ease-in-out}.wp-block-uagb-image--layout-overlay-link{position:absolute;left:0;right:0;bottom:0;top:0}.wp-block-uagb-image--layout-overlay .wp-block-uagb-image__figure:hover .wp-block-uagb-image--layout-overlay__color-wrapper{opacity:1}.wp-block-uagb-image--layout-overlay__inner{position:absolute;left:15px;right:15px;bottom:15px;top:15px;display:flex;align-items:center;justify-content:center;flex-direction:column;border-color:#fff;transition:.35s ease-in-out}.wp-block-uagb-image--layout-overlay__inner.top-left,.wp-block-uagb-image--layout-overlay__inner.top-center,.wp-block-uagb-image--layout-overlay__inner.top-right{justify-content:flex-start}.wp-block-uagb-image--layout-overlay__inner.bottom-left,.wp-block-uagb-image--layout-overlay__inner.bottom-center,.wp-block-uagb-image--layout-overlay__inner.bottom-right{justify-content:flex-end}.wp-block-uagb-image--layout-overlay__inner.top-left,.wp-block-uagb-image--layout-overlay__inner.center-left,.wp-block-uagb-image--layout-overlay__inner.bottom-left{align-items:flex-start}.wp-block-uagb-image--layout-overlay__inner.top-right,.wp-block-uagb-image--layout-overlay__inner.center-right,.wp-block-uagb-image--layout-overlay__inner.bottom-right{align-items:flex-end}.wp-block-uagb-image--layout-overlay__inner .uagb-image-heading{color:#fff;transition:transform .35s,opacity .35s ease-in-out;transform:translate3d(0, 24px, 0);margin:0;line-height:1em}.wp-block-uagb-image--layout-overlay__inner .uagb-image-separator{width:30%;border-top-width:2px;border-top-color:#fff;border-top-style:solid;margin-bottom:10px;opacity:0;transition:transform .4s,opacity .4s ease-in-out;transform:translate3d(0, 30px, 0)}.wp-block-uagb-image--layout-overlay__inner .uagb-image-caption{opacity:0;overflow:visible;color:#fff;transition:transform .45s,opacity .45s ease-in-out;transform:translate3d(0, 35px, 0)}.wp-block-uagb-image--layout-overlay__inner:hover .uagb-image-heading,.wp-block-uagb-image--layout-overlay__inner:hover .uagb-image-separator,.wp-block-uagb-image--layout-overlay__inner:hover .uagb-image-caption{opacity:1;transform:translate3d(0, 0, 0)}.wp-block-uagb-image--effect-zoomin .wp-block-uagb-image__figure img,.wp-block-uagb-image--effect-zoomin .wp-block-uagb-image__figure .wp-block-uagb-image--layout-overlay__color-wrapper{transform:scale(1);transition:transform .35s ease-in-out}.wp-block-uagb-image--effect-zoomin .wp-block-uagb-image__figure:hover img,.wp-block-uagb-image--effect-zoomin .wp-block-uagb-image__figure:hover .wp-block-uagb-image--layout-overlay__color-wrapper{transform:scale(1.05)}.wp-block-uagb-image--effect-slide .wp-block-uagb-image__figure img,.wp-block-uagb-image--effect-slide .wp-block-uagb-image__figure .wp-block-uagb-image--layout-overlay__color-wrapper{width:calc(100% + 40px) !important;max-width:none !important;transform:translate3d(-40px, 0, 0);transition:transform .35s ease-in-out}.wp-block-uagb-image--effect-slide .wp-block-uagb-image__figure:hover img,.wp-block-uagb-image--effect-slide .wp-block-uagb-image__figure:hover .wp-block-uagb-image--layout-overlay__color-wrapper{transform:translate3d(0, 0, 0)}.wp-block-uagb-image--effect-grayscale img{filter:grayscale(0%);transition:.35s ease-in-out}.wp-block-uagb-image--effect-grayscale:hover img{filter:grayscale(100%)}.wp-block-uagb-image--effect-blur img{filter:blur(0);transition:.35s ease-in-out}.wp-block-uagb-image--effect-blur:hover img{filter:blur(3px)}.uagb-block-e6f939b3.wp-block-uagb-image--layout-default figure img{box-shadow: 0px 0px 0 #00000070;}.uagb-block-e6f939b3.wp-block-uagb-image .wp-block-uagb-image__figure figcaption{font-style: normal;align-self: center;}.uagb-block-e6f939b3.wp-block-uagb-image--layout-overlay figure img{box-shadow: 0px 0px 0 #00000070;}.uagb-block-e6f939b3.wp-block-uagb-image--layout-overlay .wp-block-uagb-image--layout-overlay__color-wrapper{opacity: 0.2;}.uagb-block-e6f939b3.wp-block-uagb-image--layout-overlay .wp-block-uagb-image--layout-overlay__inner{left: 15px;right: 15px;top: 15px;bottom: 15px;}.uagb-block-e6f939b3.wp-block-uagb-image--layout-overlay .wp-block-uagb-image--layout-overlay__inner .uagb-image-heading{font-style: normal;color: #fff;opacity: 1;}.uagb-block-e6f939b3.wp-block-uagb-image--layout-overlay .wp-block-uagb-image--layout-overlay__inner .uagb-image-heading a{color: #fff;}.uagb-block-e6f939b3.wp-block-uagb-image--layout-overlay .wp-block-uagb-image--layout-overlay__inner .uagb-image-caption{opacity: 0;}.uagb-block-e6f939b3.wp-block-uagb-image--layout-overlay .wp-block-uagb-image__figure:hover .wp-block-uagb-image--layout-overlay__color-wrapper{opacity: 1;}.uagb-block-e6f939b3.wp-block-uagb-image .wp-block-uagb-image--layout-overlay__inner .uagb-image-separator{width: 30%;border-top-width: 2px;border-top-color: #fff;opacity: 0;}.uagb-block-e6f939b3.wp-block-uagb-image .wp-block-uagb-image__figure img{width: px;height: auto;}.uagb-block-e6f939b3.wp-block-uagb-image .wp-block-uagb-image__figure:hover .wp-block-uagb-image--layout-overlay__inner .uagb-image-caption{opacity: 1;}.uagb-block-e6f939b3.wp-block-uagb-image .wp-block-uagb-image__figure:hover .wp-block-uagb-image--layout-overlay__inner .uagb-image-separator{opacity: 1;}.uagb-block-e6f939b3.wp-block-uagb-image--layout-default figure:hover img{box-shadow: 0px 0px 0 #00000070;}.uagb-block-e6f939b3.wp-block-uagb-image--layout-overlay figure:hover img{box-shadow: 0px 0px 0 #00000070;}@media only screen and (max-width: 976px) {.uagb-block-e6f939b3.wp-block-uagb-image .wp-block-uagb-image__figure img{width: px;height: auto;}}@media only screen and (max-width: 767px) {.uagb-block-e6f939b3.wp-block-uagb-image .wp-block-uagb-image__figure img{width: px;height: auto;}}\";s:2:\"js\";s:0:\"\";s:18:\"current_block_list\";a:13:{i:0;s:11:\"core\/search\";i:1;s:10:\"core\/group\";i:2;s:12:\"core\/heading\";i:3;s:17:\"core\/latest-posts\";i:4;s:20:\"core\/latest-comments\";i:5;s:13:\"core\/archives\";i:6;s:15:\"core\/categories\";i:7;s:14:\"core\/paragraph\";i:8;s:10:\"uagb\/image\";i:9;s:11:\"core\/spacer\";i:10;s:30:\"woocommerce\/product-categories\";i:11;s:10:\"core\/image\";i:12;s:14:\"core\/shortcode\";}s:8:\"uag_flag\";b:1;s:11:\"uag_version\";s:10:\"1777357151\";s:6:\"gfonts\";a:0:{}s:10:\"gfonts_url\";s:0:\"\";s:12:\"gfonts_files\";a:0:{}s:14:\"uag_faq_layout\";b:0;}"]},"uagb_featured_image_src":{"full":["https:\/\/www.ferberpainting.com\/wp-content\/uploads\/2025\/05\/PoinsettiaFertilizer5L.png",2560,2560,false],"thumbnail":["https:\/\/www.ferberpainting.com\/wp-content\/uploads\/2025\/05\/PoinsettiaFertilizer5L-150x150.png",150,150,true],"medium":["https:\/\/www.ferberpainting.com\/wp-content\/uploads\/2025\/05\/PoinsettiaFertilizer5L-300x300.png",300,300,true],"medium_large":["https:\/\/www.ferberpainting.com\/wp-content\/uploads\/2025\/05\/PoinsettiaFertilizer5L-768x768.png",768,768,true],"large":["https:\/\/www.ferberpainting.com\/wp-content\/uploads\/2025\/05\/PoinsettiaFertilizer5L-1024x1024.png",1024,1024,true],"1536x1536":["https:\/\/www.ferberpainting.com\/wp-content\/uploads\/2025\/05\/PoinsettiaFertilizer5L-1536x1536.png",1536,1536,true],"2048x2048":["https:\/\/www.ferberpainting.com\/wp-content\/uploads\/2025\/05\/PoinsettiaFertilizer5L-2048x2048.png",2048,2048,true],"trp-custom-language-flag":["https:\/\/www.ferberpainting.com\/wp-content\/uploads\/2025\/05\/PoinsettiaFertilizer5L-12x12.png",12,12,true],"woocommerce_thumbnail":["https:\/\/www.ferberpainting.com\/wp-content\/uploads\/2025\/05\/PoinsettiaFertilizer5L-300x300.png",300,300,true],"woocommerce_single":["https:\/\/www.ferberpainting.com\/wp-content\/uploads\/2025\/05\/PoinsettiaFertilizer5L-600x600.png",600,600,true],"woocommerce_gallery_thumbnail":["https:\/\/www.ferberpainting.com\/wp-content\/uploads\/2025\/05\/PoinsettiaFertilizer5L-100x100.png",100,100,true]},"uagb_author_info":{"display_name":"admin","author_link":"https:\/\/www.ferberpainting.com\/de\/author\/"},"uagb_comment_info":7,"uagb_excerpt":"A fertilizer specially designed to promote the growth and blooming of poinsettias.\u00a0This balanced fertilizer in nitrogen (N), phosphorus (P), and potassium (K), with an NPK 15-15-15 formulation, ensures optimal leaf development and vibrant flowering. It promotes robust leaves, intense red bracts, and a healthy plant throughout its growing cycle. Satisfaction guaranteed or your money back.\u00a0Confident&hellip;","_links":{"self":[{"href":"https:\/\/www.ferberpainting.com\/de\/wp-json\/wp\/v2\/product\/24787","targetHints":{"allow":["GET"]}}],"collection":[{"href":"https:\/\/www.ferberpainting.com\/de\/wp-json\/wp\/v2\/product"}],"about":[{"href":"https:\/\/www.ferberpainting.com\/de\/wp-json\/wp\/v2\/types\/product"}],"replies":[{"embeddable":true,"href":"https:\/\/www.ferberpainting.com\/de\/wp-json\/wp\/v2\/comments?post=24787"}],"version-history":[{"count":4,"href":"https:\/\/www.ferberpainting.com\/de\/wp-json\/wp\/v2\/product\/24787\/revisions"}],"predecessor-version":[{"id":166985,"href":"https:\/\/www.ferberpainting.com\/de\/wp-json\/wp\/v2\/product\/24787\/revisions\/166985"}],"wp:featuredmedia":[{"embeddable":true,"href":"https:\/\/www.ferberpainting.com\/de\/wp-json\/wp\/v2\/media\/26635"}],"wp:attachment":[{"href":"https:\/\/www.ferberpainting.com\/de\/wp-json\/wp\/v2\/media?parent=24787"}],"wp:term":[{"taxonomy":"product_brand","embeddable":true,"href":"https:\/\/www.ferberpainting.com\/de\/wp-json\/wp\/v2\/product_brand?post=24787"},{"taxonomy":"product_cat","embeddable":true,"href":"https:\/\/www.ferberpainting.com\/de\/wp-json\/wp\/v2\/product_cat?post=24787"},{"taxonomy":"product_tag","embeddable":true,"href":"https:\/\/www.ferberpainting.com\/de\/wp-json\/wp\/v2\/product_tag?post=24787"}],"curies":[{"name":"wp","href":"https:\/\/api.w.org\/{rel}","templated":true}]}}