{"id":24784,"date":"2025-05-26T10:27:08","date_gmt":"2025-05-26T08:27:08","guid":{"rendered":"https:\/\/www.ferberpainting.com\/products\/plumeria-and-frangipani-fertilizer\/"},"modified":"2026-02-16T07:24:23","modified_gmt":"2026-02-16T06:24:23","slug":"plumeria-and-frangipani-fertilizer","status":"publish","type":"product","link":"https:\/\/www.ferberpainting.com\/de\/products\/plumeria-and-frangipani-fertilizer\/","title":{"rendered":"Poinsettien- und Plumeria-D\u00fcnger"},"content":{"rendered":"<p><strong><img decoding=\"async\" style=\"margin-right: 12px;\" src=\"https:\/\/www.ferberpainting.com\/wp-content\/uploads\/2026\/02\/Check.svg\" alt=\"\" width=\"18\" height=\"15\" \/>Ein D\u00fcnger, der f\u00fcr eine reiche Bl\u00fcte und \u00fcppiges Laub sorgt.<\/strong>\u00a0Frangipani, auch als Plumeria bekannt, ist eine tropische Pflanze, die f\u00fcr ihre exotischen Bl\u00fcten und ihren bet\u00f6renden Duft bekannt ist. Dieser ausgewogene NPK-D\u00fcnger 15-15-15 wurde speziell auf die Ern\u00e4hrungsbed\u00fcrfnisse dieser Pflanze abgestimmt und bietet eine optimierte Dosis an Stickstoff (N) zur F\u00f6rderung eines kr\u00e4ftigen Wachstums, Phosphor (P) f\u00fcr eine reiche Bl\u00fcte und Kalium (K) zur Verbesserung der Widerstandsf\u00e4higkeit gegen Krankheiten und schwierige klimatische Bedingungen. Durch die effiziente Versorgung Ihrer Frangipani mit N\u00e4hrstoffen sorgt dieser D\u00fcnger f\u00fcr ein harmonisches Wachstum und eine \u00fcppige Bl\u00fcte in jeder Saison.<\/p>\n<p><strong><img decoding=\"async\" style=\"margin-right: 12px;\" src=\"https:\/\/www.ferberpainting.com\/wp-content\/uploads\/2026\/02\/Check.svg\" alt=\"\" width=\"18\" height=\"15\" \/>Geld-zur\u00fcck-Garantie.<\/strong>\u00a0Wir sind von der Wirksamkeit unseres D\u00fcngers f\u00fcr Frangipani \u00fcberzeugt und bieten daher eine Geld-zur\u00fcck-Garantie an. Wenn Ihre Pflanze nach der empfohlenen Anwendung keine signifikante Verbesserung in Wachstum, Bl\u00fcte oder Vitalit\u00e4t zeigt, verpflichten wir uns, Ihnen den vollen Betrag zu erstatten. So k\u00f6nnen Sie dieses Produkt mit vollem Vertrauen kaufen und verwenden.<\/p>\n<p><strong><img decoding=\"async\" style=\"margin-right: 12px;\" src=\"https:\/\/www.ferberpainting.com\/wp-content\/uploads\/2026\/02\/Check.svg\" alt=\"\" width=\"18\" height=\"15\" \/>Geeignet f\u00fcr alle Sorten und unterschiedliche Anbaubedingungen.<\/strong>\u00a0Dieser D\u00fcnger ist ideal f\u00fcr alle Arten von Frangipani, ob rosa, wei\u00df, gelb, rot oder mehrfarbig. Er eignet sich perfekt f\u00fcr die Bepflanzung im Freien, in T\u00f6pfen, in Gew\u00e4chsh\u00e4usern oder auf Veranden und funktioniert auf allen Arten von Substraten, einschlie\u00dflich sandigen Mischungen, humusreichen B\u00f6den und Substraten, die auf tropische Pflanzen zugeschnitten sind. Ganz gleich, ob Ihre Frangipani in einem tropischen, mediterranen oder gem\u00e4\u00dfigten Klima w\u00e4chst, dieser D\u00fcnger bietet ihr alles, was sie zum vollen Gedeihen braucht.<\/p>\n<p><strong><img decoding=\"async\" style=\"margin-right: 12px;\" src=\"https:\/\/www.ferberpainting.com\/wp-content\/uploads\/2026\/02\/Check.svg\" alt=\"\" width=\"18\" height=\"15\" \/>Kosteng\u00fcnstige und lang anhaltende D\u00fcngung.<\/strong>\u00a0Dank seiner fl\u00fcssigen, konzentrierten Formulierung k\u00f6nnen mit einem 5-Liter-Kanister bis zu 1000 Liter D\u00fcngerl\u00f6sung hergestellt werden, was eine lang anhaltende und wirtschaftliche D\u00fcngung gew\u00e4hrleistet. Mit einer Dosierung von 5 ml pro Liter Wasser erm\u00f6glicht es eine optimale N\u00e4hrstoffaufnahme, reduziert die Verschwendung und begrenzt die H\u00e4ufigkeit der Anwendungen, w\u00e4hrend es bereits in den ersten Wochen sichtbare Ergebnisse liefert.<\/p>\n<p><strong><img decoding=\"async\" style=\"margin-right: 12px;\" src=\"https:\/\/www.ferberpainting.com\/wp-content\/uploads\/2026\/02\/Check.svg\" alt=\"\" width=\"18\" height=\"15\" \/>Ein sicheres D\u00fcngemittel f\u00fcr die Umwelt.<\/strong>\u00a0Dieser D\u00fcnger ist sicher f\u00fcr den Boden, die Tierwelt und die umliegende Flora. Er enth\u00e4lt keine sch\u00e4dlichen chemischen Produkte, die die Bodenqualit\u00e4t beeintr\u00e4chtigen oder das \u00d6kosystem Ihres Gartens sch\u00e4digen k\u00f6nnten. Er ist auch f\u00fcr Haustiere und Kinder unbedenklich und gew\u00e4hrleistet eine sichere D\u00fcngung f\u00fcr Ihren gesamten Haushalt.<\/p>\n<p><strong><img decoding=\"async\" style=\"margin-right: 12px;\" src=\"https:\/\/www.ferberpainting.com\/wp-content\/uploads\/2026\/02\/Check.svg\" alt=\"\" width=\"18\" height=\"15\" \/>Einfache Anwendung f\u00fcr m\u00fchelose D\u00fcngung.<\/strong>\u00a0Im Gegensatz zu festen D\u00fcngemitteln, die sorgf\u00e4ltig ausgebracht werden m\u00fcssen, l\u00f6st sich dieser Fl\u00fcssigd\u00fcnger leicht in Wasser auf und kann direkt durch Gie\u00dfen oder Bespr\u00fchen der Bl\u00e4tter ausgebracht werden, was eine schnelle und effektive Aufnahme durch Wurzeln und Bl\u00e4tter erm\u00f6glicht. Seine Anwendung ist einfach und schnell und hilft G\u00e4rtnern aller Stufen, mit minimalem Aufwand eine gesunde Frangipani zu z\u00fcchten.<\/p>\n<p><strong><img decoding=\"async\" style=\"margin-right: 12px;\" src=\"https:\/\/www.ferberpainting.com\/wp-content\/uploads\/2026\/02\/Check.svg\" alt=\"\" width=\"18\" height=\"15\" \/>Lang anhaltende Wirkung f\u00fcr schnelles Wachstum und bessere Stressresistenz.<\/strong>\u00a0Durch die allm\u00e4hliche Freisetzung von N\u00e4hrstoffen versorgt dieser D\u00fcnger die Frangipani mehrere Wochen lang mit N\u00e4hrstoffen und sorgt so f\u00fcr eine \u00fcppige Belaubung und eine lang anhaltende Bl\u00fcte. Er erh\u00f6ht auch die Widerstandsf\u00e4higkeit gegen schwierige klimatische Bedingungen wie Trockenheit, Hitzewellen und Wind. Au\u00dferdem st\u00e4rkt er die Widerstandskraft der Frangipani gegen Krankheiten und Sch\u00e4dlingsbefall.<\/p>\n<p><strong><img decoding=\"async\" style=\"margin-right: 12px;\" src=\"https:\/\/www.ferberpainting.com\/wp-content\/uploads\/2026\/02\/Check.svg\" alt=\"\" width=\"18\" height=\"15\" \/>Sichtbare Ergebnisse bereits in den ersten Wochen.<\/strong>\u00a0Von der ersten Anwendung an stimuliert dieser D\u00fcnger das Wachstum neuer Triebe, intensiviert die Laubfarbe und f\u00f6rdert die Bildung von Bl\u00fctenknospen. Schon nach wenigen Wochen zeigt Ihre Frangipani ein kr\u00e4ftiges und farbenfrohes Wachstum mit einer \u00fcppigen Bl\u00fcte und leuchtenden Bl\u00fctenbl\u00e4ttern, die die ganze Saison \u00fcber ein optisches Spektakel bieten.<\/p>\n<h2><strong>Verwendungsprotokoll<\/strong><\/h2>\n<ul>\n<li><strong>D\u00fcngemittelverd\u00fcnnung <\/strong>: Mischen Sie 5 ml D\u00fcnger auf 1 Liter Wasser. Sch\u00fctteln Sie die L\u00f6sung vor jeder Anwendung, um eine gleichm\u00e4\u00dfige Verteilung der N\u00e4hrstoffe zu gew\u00e4hrleisten.<\/li>\n<li><strong>Methode der Anwendung <\/strong>:\n<ul>\n<li><strong>Durch Bew\u00e4sserung <\/strong>: Gie\u00dfen Sie die verd\u00fcnnte L\u00f6sung direkt auf die Basis der Frangipani, wobei Sie darauf achten, den Boden zu befeuchten, ohne ihn zu \u00fcbergie\u00dfen, um ein Auslaufen zu vermeiden und eine gute N\u00e4hrstoffaufnahme zu gew\u00e4hrleisten.<\/li>\n<li><strong>Durch Blattspray <\/strong>: Spr\u00fchen Sie die L\u00f6sung fr\u00fchmorgens oder sp\u00e4t am Tag leicht auf die Bl\u00e4tter, um eine schnelle Verdunstung zu vermeiden und eine optimale Aufnahme zu gew\u00e4hrleisten<\/li>\n<\/ul>\n<\/li>\n<li><strong>H\u00e4ufigkeit der Anwendung <\/strong>:\n<ul>\n<li><strong>W\u00e4hrend der Wachstums- und Bl\u00fctezeit (Fr\u00fchjahr-Sommer) <\/strong>: D\u00fcngen Sie alle zwei Wochen, um eine \u00fcppige und lange Bl\u00fcte zu f\u00f6rdern.<\/li>\n<li><strong>W\u00e4hrend der vegetativen Ruhezeit (Herbst-Winter) <\/strong>: Reduzieren Sie die Anwendung auf einmal pro Monat, um die Pflanzen zu erhalten, ohne das Wachstum zu \u00fcberstimulieren.<\/li>\n<\/ul>\n<\/li>\n<li><strong>Erg\u00e4nzende Bew\u00e4sserung <\/strong>: Warten Sie nach dem Ausbringen des D\u00fcngers 48 Stunden, bevor Sie erneut gie\u00dfen, um die N\u00e4hrstoffaufnahme zu optimieren.<\/li>\n<li><strong>Vorsichtsma\u00dfnahmen bei der Verwendung <\/strong>: \u00dcberschreiten Sie nicht die empfohlenen Dosierungen, um eine \u00fcberm\u00e4\u00dfige Anreicherung von Mineralsalzen im Substrat zu vermeiden, die das Wachstum von Frangipani verlangsamen k\u00f6nnte. Nur auf leicht feuchtem Boden ausbringen, um eine optimale N\u00e4hrstoffaufnahme zu gew\u00e4hrleisten.<\/li>\n<li><strong>Lagerung und Konservierung <\/strong>: Lagern Sie den D\u00fcnger an einem k\u00fchlen, trockenen Ort, vor Licht und Feuchtigkeit gesch\u00fctzt. Verschlie\u00dfen Sie den Beh\u00e4lter nach Gebrauch immer gut, um die Wirksamkeit des Produkts zu erhalten und Verdunstung zu vermeiden.<\/li>\n<\/ul>\n<p>Mit diesem D\u00fcnger f\u00fcr Frangipani bieten Sie Ihrer Pflanze eine vollst\u00e4ndige und perfekt auf ihre spezifischen Bed\u00fcrfnisse zugeschnittene Ern\u00e4hrung, die ein kr\u00e4ftiges Wachstum, eine kontinuierliche Bl\u00fcte und eine bessere Widerstandsf\u00e4higkeit gegen die Bedingungen im Freien gew\u00e4hrleistet. Es ist die ideale L\u00f6sung, um Ihren Garten, Ihre Terrasse oder Ihren Balkon mit einer Frangipani zu versch\u00f6nern, die die ganze Saison \u00fcber gesund und sch\u00f6n bl\u00fcht.<\/p>","protected":false},"excerpt":{"rendered":"<p>A fertilizer designed for abundant blooming and lush foliage.\u00a0Frangipani, also known as Plumeria, is a tropical plant renowned for its exotic flowers and captivating fragrance. This\u00a0balanced NPK 15-15-15 fertilizer has been specially formulated to meet the nutritional needs of this plant, providing an optimized dose of nitrogen (N) to stimulate vigorous growth, phosphorus (P) for [&hellip;]<\/p>\n","protected":false},"featured_media":26633,"comment_status":"open","ping_status":"closed","template":"","meta":{"_uag_custom_page_level_css":"","site-sidebar-layout":"default","site-content-layout":"","ast-site-content-layout":"default","site-content-style":"default","site-sidebar-style":"default","ast-global-header-display":"","ast-banner-title-visibility":"","ast-main-header-display":"","ast-hfb-above-header-display":"","ast-hfb-below-header-display":"","ast-hfb-mobile-header-display":"","site-post-title":"","ast-breadcrumbs-content":"","ast-featured-img":"","footer-sml-layout":"","ast-disable-related-posts":"","theme-transparent-header-meta":"default","adv-header-id-meta":"","stick-header-meta":"","header-above-stick-meta":"","header-main-stick-meta":"","header-below-stick-meta":"","astra-migrate-meta-layouts":"set","ast-page-background-enabled":"default","ast-page-background-meta":{"desktop":{"background-color":"var(--ast-global-color-4)","background-image":"","background-repeat":"repeat","background-position":"center center","background-size":"auto","background-attachment":"scroll","background-type":"","background-media":"","overlay-type":"","overlay-color":"","overlay-opacity":"","overlay-gradient":""},"tablet":{"background-color":"","background-image":"","background-repeat":"repeat","background-position":"center center","background-size":"auto","background-attachment":"scroll","background-type":"","background-media":"","overlay-type":"","overlay-color":"","overlay-opacity":"","overlay-gradient":""},"mobile":{"background-color":"","background-image":"","background-repeat":"repeat","background-position":"center center","background-size":"auto","background-attachment":"scroll","background-type":"","background-media":"","overlay-type":"","overlay-color":"","overlay-opacity":"","overlay-gradient":""}},"ast-content-background-meta":{"desktop":{"background-color":"var(--ast-global-color-5)","background-image":"","background-repeat":"repeat","background-position":"center center","background-size":"auto","background-attachment":"scroll","background-type":"","background-media":"","overlay-type":"","overlay-color":"","overlay-opacity":"","overlay-gradient":""},"tablet":{"background-color":"var(--ast-global-color-5)","background-image":"","background-repeat":"repeat","background-position":"center center","background-size":"auto","background-attachment":"scroll","background-type":"","background-media":"","overlay-type":"","overlay-color":"","overlay-opacity":"","overlay-gradient":""},"mobile":{"background-color":"var(--ast-global-color-5)","background-image":"","background-repeat":"repeat","background-position":"center center","background-size":"auto","background-attachment":"scroll","background-type":"","background-media":"","overlay-type":"","overlay-color":"","overlay-opacity":"","overlay-gradient":""}}},"product_brand":[],"product_cat":[178],"product_tag":[],"class_list":{"0":"post-24784","1":"product","2":"type-product","3":"status-publish","4":"has-post-thumbnail","6":"product_cat-fertilizers","7":"desktop-align-left","8":"tablet-align-left","9":"mobile-align-left","11":"first","12":"instock","13":"sale","14":"taxable","15":"shipping-taxable","16":"purchasable","17":"product-type-variable","18":"has-default-attributes"},"spectra_custom_meta":{"_visibility":["visible"],"_shopify_product_id":["9066891215093"],"_s2w_shopify_domain":["ferberpainting.myshopify.com"],"_shopify_variant_id":["46505212215541"],"_sku":[""],"_manage_stock":["no"],"total_sales":["33"],"_tax_status":["taxable"],"_tax_class":[""],"_backorders":["no"],"_sold_individually":["no"],"_virtual":["no"],"_downloadable":["no"],"_download_limit":["-1"],"_download_expiry":["-1"],"_stock":[null],"_stock_status":["instock"],"_wc_average_rating":["4.86"],"_wc_review_count":["7"],"_product_attributes":["a:1:{s:6:\"volume\";a:6:{s:4:\"name\";s:6:\"Volume\";s:5:\"value\";s:20:\"5 liters | 25 liters\";s:8:\"position\";i:1;s:10:\"is_visible\";i:0;s:12:\"is_variation\";i:1;s:11:\"is_taxonomy\";i:0;}}"],"_product_version":["10.5.1"],"_thumbnail_id":["26633"],"_product_image_gallery":["26634"],"wpse_downloadable_file_names":[""],"wpse_downloadable_file_urls":[""],"_edit_last":["1"],"_default_attributes":["a:1:{s:6:\"volume\";s:8:\"5 liters\";}"],"_wc_rating_count":["a:2:{i:4;i:1;i:5;i:6;}"],"_edit_lock":["1771222923:1"],"_price":["29.90","129.90"],"merchant-center-availability":["yes"],"merchant-center-category":["113"],"_wp_page_template":["default"],"site-sidebar-layout":["default"],"ast-site-content-layout":["default"],"site-content-style":["default"],"site-sidebar-style":["default"],"theme-transparent-header-meta":["default"],"astra-migrate-meta-layouts":["set"],"_uag_css_file_name":["uag-css-24784.css"],"_elementor_page_assets":["a:0:{}"],"_uag_page_assets":["a:9:{s:3:\"css\";s:7133:\".uag-blocks-common-selector{z-index:var(--z-index-desktop) !important}@media(max-width: 976px){.uag-blocks-common-selector{z-index:var(--z-index-tablet) !important}}@media(max-width: 767px){.uag-blocks-common-selector{z-index:var(--z-index-mobile) !important}}.wp-block-uagb-image{display:flex}.wp-block-uagb-image__figure{position:relative;display:flex;flex-direction:column;max-width:100%;height:auto;margin:0}.wp-block-uagb-image__figure img{height:auto;display:flex;max-width:100%;transition:box-shadow .2s ease}.wp-block-uagb-image__figure>a{display:inline-block}.wp-block-uagb-image__figure figcaption{text-align:center;margin-top:.5em;margin-bottom:1em}.wp-block-uagb-image .components-placeholder.block-editor-media-placeholder .components-placeholder__instructions{align-self:center}.wp-block-uagb-image--align-left{text-align:left}.wp-block-uagb-image--align-right{text-align:right}.wp-block-uagb-image--align-center{text-align:center}.wp-block-uagb-image--align-full .wp-block-uagb-image__figure{margin-left:calc(50% - 50vw);margin-right:calc(50% - 50vw);max-width:100vw;width:100vw;height:auto}.wp-block-uagb-image--align-full .wp-block-uagb-image__figure img{height:auto;width:100% !important}.wp-block-uagb-image--align-wide .wp-block-uagb-image__figure img{height:auto;width:100%}.wp-block-uagb-image--layout-overlay__color-wrapper{position:absolute;left:0;top:0;right:0;bottom:0;opacity:.2;background:rgba(0,0,0,.5);transition:opacity .35s ease-in-out}.wp-block-uagb-image--layout-overlay-link{position:absolute;left:0;right:0;bottom:0;top:0}.wp-block-uagb-image--layout-overlay .wp-block-uagb-image__figure:hover .wp-block-uagb-image--layout-overlay__color-wrapper{opacity:1}.wp-block-uagb-image--layout-overlay__inner{position:absolute;left:15px;right:15px;bottom:15px;top:15px;display:flex;align-items:center;justify-content:center;flex-direction:column;border-color:#fff;transition:.35s ease-in-out}.wp-block-uagb-image--layout-overlay__inner.top-left,.wp-block-uagb-image--layout-overlay__inner.top-center,.wp-block-uagb-image--layout-overlay__inner.top-right{justify-content:flex-start}.wp-block-uagb-image--layout-overlay__inner.bottom-left,.wp-block-uagb-image--layout-overlay__inner.bottom-center,.wp-block-uagb-image--layout-overlay__inner.bottom-right{justify-content:flex-end}.wp-block-uagb-image--layout-overlay__inner.top-left,.wp-block-uagb-image--layout-overlay__inner.center-left,.wp-block-uagb-image--layout-overlay__inner.bottom-left{align-items:flex-start}.wp-block-uagb-image--layout-overlay__inner.top-right,.wp-block-uagb-image--layout-overlay__inner.center-right,.wp-block-uagb-image--layout-overlay__inner.bottom-right{align-items:flex-end}.wp-block-uagb-image--layout-overlay__inner .uagb-image-heading{color:#fff;transition:transform .35s,opacity .35s ease-in-out;transform:translate3d(0, 24px, 0);margin:0;line-height:1em}.wp-block-uagb-image--layout-overlay__inner .uagb-image-separator{width:30%;border-top-width:2px;border-top-color:#fff;border-top-style:solid;margin-bottom:10px;opacity:0;transition:transform .4s,opacity .4s ease-in-out;transform:translate3d(0, 30px, 0)}.wp-block-uagb-image--layout-overlay__inner .uagb-image-caption{opacity:0;overflow:visible;color:#fff;transition:transform .45s,opacity .45s ease-in-out;transform:translate3d(0, 35px, 0)}.wp-block-uagb-image--layout-overlay__inner:hover .uagb-image-heading,.wp-block-uagb-image--layout-overlay__inner:hover .uagb-image-separator,.wp-block-uagb-image--layout-overlay__inner:hover .uagb-image-caption{opacity:1;transform:translate3d(0, 0, 0)}.wp-block-uagb-image--effect-zoomin .wp-block-uagb-image__figure img,.wp-block-uagb-image--effect-zoomin .wp-block-uagb-image__figure .wp-block-uagb-image--layout-overlay__color-wrapper{transform:scale(1);transition:transform .35s ease-in-out}.wp-block-uagb-image--effect-zoomin .wp-block-uagb-image__figure:hover img,.wp-block-uagb-image--effect-zoomin .wp-block-uagb-image__figure:hover .wp-block-uagb-image--layout-overlay__color-wrapper{transform:scale(1.05)}.wp-block-uagb-image--effect-slide .wp-block-uagb-image__figure img,.wp-block-uagb-image--effect-slide .wp-block-uagb-image__figure .wp-block-uagb-image--layout-overlay__color-wrapper{width:calc(100% + 40px) !important;max-width:none !important;transform:translate3d(-40px, 0, 0);transition:transform .35s ease-in-out}.wp-block-uagb-image--effect-slide .wp-block-uagb-image__figure:hover img,.wp-block-uagb-image--effect-slide .wp-block-uagb-image__figure:hover .wp-block-uagb-image--layout-overlay__color-wrapper{transform:translate3d(0, 0, 0)}.wp-block-uagb-image--effect-grayscale img{filter:grayscale(0%);transition:.35s ease-in-out}.wp-block-uagb-image--effect-grayscale:hover img{filter:grayscale(100%)}.wp-block-uagb-image--effect-blur img{filter:blur(0);transition:.35s ease-in-out}.wp-block-uagb-image--effect-blur:hover img{filter:blur(3px)}.uagb-block-e6f939b3.wp-block-uagb-image--layout-default figure img{box-shadow: 0px 0px 0 #00000070;}.uagb-block-e6f939b3.wp-block-uagb-image .wp-block-uagb-image__figure figcaption{font-style: normal;align-self: center;}.uagb-block-e6f939b3.wp-block-uagb-image--layout-overlay figure img{box-shadow: 0px 0px 0 #00000070;}.uagb-block-e6f939b3.wp-block-uagb-image--layout-overlay .wp-block-uagb-image--layout-overlay__color-wrapper{opacity: 0.2;}.uagb-block-e6f939b3.wp-block-uagb-image--layout-overlay .wp-block-uagb-image--layout-overlay__inner{left: 15px;right: 15px;top: 15px;bottom: 15px;}.uagb-block-e6f939b3.wp-block-uagb-image--layout-overlay .wp-block-uagb-image--layout-overlay__inner .uagb-image-heading{font-style: normal;color: #fff;opacity: 1;}.uagb-block-e6f939b3.wp-block-uagb-image--layout-overlay .wp-block-uagb-image--layout-overlay__inner .uagb-image-heading a{color: #fff;}.uagb-block-e6f939b3.wp-block-uagb-image--layout-overlay .wp-block-uagb-image--layout-overlay__inner .uagb-image-caption{opacity: 0;}.uagb-block-e6f939b3.wp-block-uagb-image--layout-overlay .wp-block-uagb-image__figure:hover .wp-block-uagb-image--layout-overlay__color-wrapper{opacity: 1;}.uagb-block-e6f939b3.wp-block-uagb-image .wp-block-uagb-image--layout-overlay__inner .uagb-image-separator{width: 30%;border-top-width: 2px;border-top-color: #fff;opacity: 0;}.uagb-block-e6f939b3.wp-block-uagb-image .wp-block-uagb-image__figure img{width: px;height: auto;}.uagb-block-e6f939b3.wp-block-uagb-image .wp-block-uagb-image__figure:hover .wp-block-uagb-image--layout-overlay__inner .uagb-image-caption{opacity: 1;}.uagb-block-e6f939b3.wp-block-uagb-image .wp-block-uagb-image__figure:hover .wp-block-uagb-image--layout-overlay__inner .uagb-image-separator{opacity: 1;}.uagb-block-e6f939b3.wp-block-uagb-image--layout-default figure:hover img{box-shadow: 0px 0px 0 #00000070;}.uagb-block-e6f939b3.wp-block-uagb-image--layout-overlay figure:hover img{box-shadow: 0px 0px 0 #00000070;}@media only screen and (max-width: 976px) {.uagb-block-e6f939b3.wp-block-uagb-image .wp-block-uagb-image__figure img{width: px;height: auto;}}@media only screen and (max-width: 767px) {.uagb-block-e6f939b3.wp-block-uagb-image .wp-block-uagb-image__figure img{width: px;height: auto;}}\";s:2:\"js\";s:0:\"\";s:18:\"current_block_list\";a:13:{i:0;s:11:\"core\/search\";i:1;s:10:\"core\/group\";i:2;s:12:\"core\/heading\";i:3;s:17:\"core\/latest-posts\";i:4;s:20:\"core\/latest-comments\";i:5;s:13:\"core\/archives\";i:6;s:15:\"core\/categories\";i:7;s:14:\"core\/paragraph\";i:8;s:10:\"uagb\/image\";i:9;s:11:\"core\/spacer\";i:10;s:30:\"woocommerce\/product-categories\";i:11;s:10:\"core\/image\";i:12;s:14:\"core\/shortcode\";}s:8:\"uag_flag\";b:1;s:11:\"uag_version\";s:10:\"1777197180\";s:6:\"gfonts\";a:0:{}s:10:\"gfonts_url\";s:0:\"\";s:12:\"gfonts_files\";a:0:{}s:14:\"uag_faq_layout\";b:0;}"]},"uagb_featured_image_src":{"full":["https:\/\/www.ferberpainting.com\/wp-content\/uploads\/2025\/05\/PlumeriaandFrangipaniFertilizer5L.png",2560,2560,false],"thumbnail":["https:\/\/www.ferberpainting.com\/wp-content\/uploads\/2025\/05\/PlumeriaandFrangipaniFertilizer5L-150x150.png",150,150,true],"medium":["https:\/\/www.ferberpainting.com\/wp-content\/uploads\/2025\/05\/PlumeriaandFrangipaniFertilizer5L-300x300.png",300,300,true],"medium_large":["https:\/\/www.ferberpainting.com\/wp-content\/uploads\/2025\/05\/PlumeriaandFrangipaniFertilizer5L-768x768.png",768,768,true],"large":["https:\/\/www.ferberpainting.com\/wp-content\/uploads\/2025\/05\/PlumeriaandFrangipaniFertilizer5L-1024x1024.png",1024,1024,true],"1536x1536":["https:\/\/www.ferberpainting.com\/wp-content\/uploads\/2025\/05\/PlumeriaandFrangipaniFertilizer5L-1536x1536.png",1536,1536,true],"2048x2048":["https:\/\/www.ferberpainting.com\/wp-content\/uploads\/2025\/05\/PlumeriaandFrangipaniFertilizer5L-2048x2048.png",2048,2048,true],"trp-custom-language-flag":["https:\/\/www.ferberpainting.com\/wp-content\/uploads\/2025\/05\/PlumeriaandFrangipaniFertilizer5L-12x12.png",12,12,true],"woocommerce_thumbnail":["https:\/\/www.ferberpainting.com\/wp-content\/uploads\/2025\/05\/PlumeriaandFrangipaniFertilizer5L-300x300.png",300,300,true],"woocommerce_single":["https:\/\/www.ferberpainting.com\/wp-content\/uploads\/2025\/05\/PlumeriaandFrangipaniFertilizer5L-600x600.png",600,600,true],"woocommerce_gallery_thumbnail":["https:\/\/www.ferberpainting.com\/wp-content\/uploads\/2025\/05\/PlumeriaandFrangipaniFertilizer5L-100x100.png",100,100,true]},"uagb_author_info":{"display_name":"admin","author_link":"https:\/\/www.ferberpainting.com\/de\/author\/"},"uagb_comment_info":7,"uagb_excerpt":"A fertilizer designed for abundant blooming and lush foliage.\u00a0Frangipani, also known as Plumeria, is a tropical plant renowned for its exotic flowers and captivating fragrance. This\u00a0balanced NPK 15-15-15 fertilizer has been specially formulated to meet the nutritional needs of this plant, providing an optimized dose of nitrogen (N) to stimulate vigorous growth, phosphorus (P) for&hellip;","_links":{"self":[{"href":"https:\/\/www.ferberpainting.com\/de\/wp-json\/wp\/v2\/product\/24784","targetHints":{"allow":["GET"]}}],"collection":[{"href":"https:\/\/www.ferberpainting.com\/de\/wp-json\/wp\/v2\/product"}],"about":[{"href":"https:\/\/www.ferberpainting.com\/de\/wp-json\/wp\/v2\/types\/product"}],"replies":[{"embeddable":true,"href":"https:\/\/www.ferberpainting.com\/de\/wp-json\/wp\/v2\/comments?post=24784"}],"version-history":[{"count":4,"href":"https:\/\/www.ferberpainting.com\/de\/wp-json\/wp\/v2\/product\/24784\/revisions"}],"predecessor-version":[{"id":166983,"href":"https:\/\/www.ferberpainting.com\/de\/wp-json\/wp\/v2\/product\/24784\/revisions\/166983"}],"wp:featuredmedia":[{"embeddable":true,"href":"https:\/\/www.ferberpainting.com\/de\/wp-json\/wp\/v2\/media\/26633"}],"wp:attachment":[{"href":"https:\/\/www.ferberpainting.com\/de\/wp-json\/wp\/v2\/media?parent=24784"}],"wp:term":[{"taxonomy":"product_brand","embeddable":true,"href":"https:\/\/www.ferberpainting.com\/de\/wp-json\/wp\/v2\/product_brand?post=24784"},{"taxonomy":"product_cat","embeddable":true,"href":"https:\/\/www.ferberpainting.com\/de\/wp-json\/wp\/v2\/product_cat?post=24784"},{"taxonomy":"product_tag","embeddable":true,"href":"https:\/\/www.ferberpainting.com\/de\/wp-json\/wp\/v2\/product_tag?post=24784"}],"curies":[{"name":"wp","href":"https:\/\/api.w.org\/{rel}","templated":true}]}}