{"id":24781,"date":"2025-06-30T22:38:22","date_gmt":"2025-06-30T20:38:22","guid":{"rendered":"https:\/\/www.ferberpainting.com\/?post_type=product&#038;p=24781"},"modified":"2026-02-16T07:15:22","modified_gmt":"2026-02-16T06:15:22","slug":"plaster-water-repellent","status":"publish","type":"product","link":"https:\/\/www.ferberpainting.com\/de\/products\/plaster-water-repellent\/","title":{"rendered":"Impr\u00e4gnierung f\u00fcr Gips"},"content":{"rendered":"<p><strong><img decoding=\"async\" style=\"margin-right: 12px;\" src=\"https:\/\/www.ferberpainting.com\/wp-content\/uploads\/2026\/02\/Check.svg\" alt=\"\" width=\"18\" height=\"15\" \/>Wirksamer Schutz vor Feuchtigkeit. <\/strong>Dieses Impr\u00e4gniermittel f\u00fcr Putz wurde speziell f\u00fcr einen optimalen Schutz gegen Feuchtigkeit entwickelt. Er bildet eine unsichtbare Barriere, die das Eindringen von Wasser in den Putz verhindert und die Oberfl\u00e4che atmen l\u00e4sst. Dies tr\u00e4gt dazu bei, die Qualit\u00e4t des Putzes langfristig zu erhalten und verhindert feuchtigkeitsbedingte Sch\u00e4den wie Schimmel, Ausbl\u00fchungen oder Materialverschlechterung. Es ist ideal f\u00fcr die Behandlung von Au\u00dfen- und Innenw\u00e4nden, die Feuchtigkeit ausgesetzt sind.<\/p>\n<p><strong><img decoding=\"async\" style=\"margin-right: 12px;\" src=\"https:\/\/www.ferberpainting.com\/wp-content\/uploads\/2026\/02\/Check.svg\" alt=\"\" width=\"18\" height=\"15\" \/>Geld-zur\u00fcck-Garantie.<\/strong>\u00a0Wir sind von der Wirksamkeit unseres Gipsabdichtungsmittels \u00fcberzeugt. Wenn Sie nach der Anwendung nicht mit dem Ergebnis zufrieden sind, bieten wir eine Zufriedenheits- oder R\u00fcckerstattungsgarantie. So k\u00f6nnen Sie das Produkt in aller Ruhe testen und wissen, dass Sie eine R\u00fcckerstattung erhalten, wenn die Ergebnisse nicht Ihren Erwartungen entsprechen.<\/p>\n<p><strong><img decoding=\"async\" style=\"margin-right: 12px;\" src=\"https:\/\/www.ferberpainting.com\/wp-content\/uploads\/2026\/02\/Check.svg\" alt=\"\" width=\"18\" height=\"15\" \/>Kompatibilit\u00e4t mit mehreren Oberfl\u00e4chen.<\/strong>\u00a0Dieser Impr\u00e4gnierer ist nicht auf Gips beschr\u00e4nkt. Er ist auch mit anderen Oberfl\u00e4chen wie Beton, Zement, M\u00f6rtel und bestimmten Natursteinen kompatibel. Diese Vielseitigkeit macht ihn zu einer zuverl\u00e4ssigen und wirksamen Wahl f\u00fcr den Schutz einer Vielzahl von Materialien vor Feuchtigkeit.<\/p>\n<p><strong><img decoding=\"async\" style=\"margin-right: 12px;\" src=\"https:\/\/www.ferberpainting.com\/wp-content\/uploads\/2026\/02\/Check.svg\" alt=\"\" width=\"18\" height=\"15\" \/>Kosteng\u00fcnstig.<\/strong>\u00a0Dieser Gips-Impr\u00e4gnierer ist sehr wirtschaftlich. Im Durchschnitt deckt 1 Liter etwa 6 bis 8 m\u00b2 ab, je nach Porosit\u00e4t des Putzes. Das bedeutet, dass mit einem 5-Liter-Gebinde etwa 30 bis 40 m\u00b2 behandelt werden k\u00f6nnen, was es zu einer ausgezeichneten Option f\u00fcr gro\u00dfe Projekte oder Anwendungen macht, die mehrere Anstriche erfordern.<\/p>\n<p><strong><img decoding=\"async\" style=\"margin-right: 12px;\" src=\"https:\/\/www.ferberpainting.com\/wp-content\/uploads\/2026\/02\/Check.svg\" alt=\"\" width=\"18\" height=\"15\" \/>Sicher in der Anwendung.<\/strong>\u00a0Dieses Produkt ist so konzipiert, dass es sicher und umweltfreundlich ist. Es enth\u00e4lt keine giftigen oder \u00e4tzenden Stoffe, die Ihrer Gesundheit oder der Umwelt schaden k\u00f6nnten. Wie bei jeder chemischen Behandlung ist es jedoch ratsam, bei der Anwendung des Produkts Handschuhe und eine Schutzbrille zu tragen, um optimale Sicherheit zu gew\u00e4hrleisten.<\/p>\n<p><strong><img decoding=\"async\" style=\"margin-right: 12px;\" src=\"https:\/\/www.ferberpainting.com\/wp-content\/uploads\/2026\/02\/Check.svg\" alt=\"\" width=\"18\" height=\"15\" \/>Leicht anzuwenden.<\/strong>\u00a0Dieses Produkt ist gebrauchsfertig und muss nicht verd\u00fcnnt werden. Sie k\u00f6nnen es direkt mit einem Spr\u00fchger\u00e4t, einem Pinsel oder einer Rolle auf die Oberfl\u00e4che auftragen. Die Anwendung ist einfach und schnell und spart Ihnen Zeit und M\u00fche. Es erfordert keine besonderen Fachkenntnisse und ist auch f\u00fcr Hobby-Heimwerker leicht zug\u00e4nglich.<\/p>\n<p><strong><img decoding=\"async\" style=\"margin-right: 12px;\" src=\"https:\/\/www.ferberpainting.com\/wp-content\/uploads\/2026\/02\/Check.svg\" alt=\"\" width=\"18\" height=\"15\" \/>Langlebig.<\/strong>\u00a0Einmal aufgetragen, bildet dieses Impr\u00e4gniermittel eine starke und lang anhaltende Barriere gegen Feuchtigkeit. Er sch\u00fctzt die behandelten Oberfl\u00e4chen viele Jahre lang. Je nach den klimatischen Bedingungen und der nat\u00fcrlichen Abnutzung kann die Wirksamkeit des Produkts zwischen 2 und 5 Jahren anhalten, was dazu beitr\u00e4gt, den Wartungsbedarf zu verringern und die Oberfl\u00e4chen in einem hervorragenden Zustand zu halten.<\/p>\n<p><strong><img decoding=\"async\" style=\"margin-right: 12px;\" src=\"https:\/\/www.ferberpainting.com\/wp-content\/uploads\/2026\/02\/Check.svg\" alt=\"\" width=\"18\" height=\"15\" \/>Schnell trocknend.<\/strong>\u00a0Der Gips-Impr\u00e4gnierer trocknet nach dem Auftragen schnell. Sie werden feststellen, dass er sich in etwa 1 bis 2 Stunden trocken anf\u00fchlt. F\u00fcr eine maximale Wirksamkeit empfiehlt es sich jedoch, die Oberfl\u00e4che 24 Stunden lang vollst\u00e4ndig trocknen zu lassen, bevor sie Feuchtigkeit ausgesetzt wird. Dieses schnelle Vorgehen hilft, Zeit zwischen den einzelnen Projektschritten zu sparen.<\/p>\n<h2><strong>Verwendungsprotokoll<\/strong><\/h2>\n<ul>\n<li><strong>Vorbereitung der Oberfl\u00e4che <\/strong>: Stellen Sie vor dem Auftragen des Impr\u00e4gnierers sicher, dass die Putzoberfl\u00e4che sauber, trocken und frei von Schmutz, Staub oder Schimmel ist. Falls erforderlich, reinigen Sie die Oberfl\u00e4che mit einem feuchten Tuch und lassen Sie sie vor dem Auftragen vollst\u00e4ndig trocknen. Falls Schimmel vorhanden ist, entfernen Sie ihn vor dem Auftragen des Produkts mit einer speziellen Behandlung.<\/li>\n<li><strong>Anwendung des Produkts <\/strong>: Der Gips-Impr\u00e4gnierer ist gebrauchsfertig. Sie k\u00f6nnen ihn mit einem Spr\u00fcher, einem Pinsel oder einer Rolle auftragen, je nach Oberfl\u00e4che und Ihren W\u00fcnschen. Wenn Sie einen Spr\u00fcher verwenden, halten Sie ihn etwa 30 cm von der Oberfl\u00e4che entfernt und spr\u00fchen Sie gleichm\u00e4\u00dfig, um Streifenbildung zu vermeiden. Wenn Sie das Produkt mit einem Pinsel oder einer Rolle auftragen, stellen Sie sicher, dass es gut auf der Putzoberfl\u00e4che verteilt wird, wobei Sie sich auf besonders por\u00f6se Stellen konzentrieren.<\/li>\n<li><strong>Zu verwendende Menge <\/strong>: Je nach Porosit\u00e4t des Putzes reicht 1 Liter des Produkts f\u00fcr etwa 6 bis 8 m\u00b2. Ein 5-Liter-Gebinde reicht normalerweise f\u00fcr 30 bis 40 m\u00b2. Wenn der Putz sehr por\u00f6s ist, kann ein zweiter Anstrich erforderlich sein, um einen optimalen Schutz zu gew\u00e4hrleisten. Achten Sie darauf, die empfohlene Ergiebigkeit einzuhalten, um Produktverschwendung zu vermeiden.<\/li>\n<li><strong>Trocknungszeit <\/strong>: Nach dem Auftragen trocknet das Impr\u00e4gniermittel schnell. Die Oberfl\u00e4che ist in der Regel innerhalb von 1 bis 2 Stunden ber\u00fchrungstrocken. F\u00fcr einen vollst\u00e4ndigen Schutz sollten Sie das Produkt jedoch 24 Stunden lang trocknen lassen, bevor Sie die Oberfl\u00e4che Feuchtigkeit oder Wasser aussetzen. Dadurch wird sichergestellt, dass das Produkt vollst\u00e4ndig eindringt und eine lang anhaltende wasserdichte Barriere bildet.<\/li>\n<li><strong>Wiederbewerbung <\/strong>: Je nach Feuchtigkeitsbedingungen und Abnutzung kann ein erneutes Auftragen alle 2 bis 5 Jahre erforderlich sein. Um optimale Ergebnisse zu erzielen, befolgen Sie die gleichen Schritte wie bei der Erstanwendung und stellen Sie sicher, dass die Oberfl\u00e4che sauber und trocken ist, bevor Sie eine neue gleichm\u00e4\u00dfige Schicht des Produkts auftragen.<\/li>\n<li><strong>Wartung <\/strong>: Nach dem Auftragen ist die Pflege der Putzoberfl\u00e4che einfach. Reinigen Sie mit einem feuchten Tuch, um Staub zu entfernen, ohne die Impr\u00e4gnierung zu besch\u00e4digen. Vermeiden Sie die Verwendung von Scheuermitteln oder Hochdruckreinigern, die die Oberfl\u00e4che oder die Schutzbarriere besch\u00e4digen k\u00f6nnten. Eine leichte und regelm\u00e4\u00dfige Pflege verl\u00e4ngert die Wirksamkeit des Produkts.<\/li>\n<\/ul>","protected":false},"excerpt":{"rendered":"<p>Effective protection against humidity. This plaster waterproofer is specially formulated to provide optimal protection against humidity. It forms an invisible barrier that prevents water from penetrating the plaster while allowing the surface to breathe. This helps preserve the quality of the plaster over the long term and prevents damage caused by moisture, such as mold, [&hellip;]<\/p>\n","protected":false},"featured_media":36032,"comment_status":"open","ping_status":"closed","template":"","meta":{"_uag_custom_page_level_css":"","site-sidebar-layout":"default","site-content-layout":"","ast-site-content-layout":"default","site-content-style":"default","site-sidebar-style":"default","ast-global-header-display":"","ast-banner-title-visibility":"","ast-main-header-display":"","ast-hfb-above-header-display":"","ast-hfb-below-header-display":"","ast-hfb-mobile-header-display":"","site-post-title":"","ast-breadcrumbs-content":"","ast-featured-img":"","footer-sml-layout":"","ast-disable-related-posts":"","theme-transparent-header-meta":"default","adv-header-id-meta":"","stick-header-meta":"","header-above-stick-meta":"","header-main-stick-meta":"","header-below-stick-meta":"","astra-migrate-meta-layouts":"set","ast-page-background-enabled":"default","ast-page-background-meta":{"desktop":{"background-color":"var(--ast-global-color-4)","background-image":"","background-repeat":"repeat","background-position":"center center","background-size":"auto","background-attachment":"scroll","background-type":"","background-media":"","overlay-type":"","overlay-color":"","overlay-opacity":"","overlay-gradient":""},"tablet":{"background-color":"","background-image":"","background-repeat":"repeat","background-position":"center center","background-size":"auto","background-attachment":"scroll","background-type":"","background-media":"","overlay-type":"","overlay-color":"","overlay-opacity":"","overlay-gradient":""},"mobile":{"background-color":"","background-image":"","background-repeat":"repeat","background-position":"center center","background-size":"auto","background-attachment":"scroll","background-type":"","background-media":"","overlay-type":"","overlay-color":"","overlay-opacity":"","overlay-gradient":""}},"ast-content-background-meta":{"desktop":{"background-color":"var(--ast-global-color-5)","background-image":"","background-repeat":"repeat","background-position":"center center","background-size":"auto","background-attachment":"scroll","background-type":"","background-media":"","overlay-type":"","overlay-color":"","overlay-opacity":"","overlay-gradient":""},"tablet":{"background-color":"var(--ast-global-color-5)","background-image":"","background-repeat":"repeat","background-position":"center center","background-size":"auto","background-attachment":"scroll","background-type":"","background-media":"","overlay-type":"","overlay-color":"","overlay-opacity":"","overlay-gradient":""},"mobile":{"background-color":"var(--ast-global-color-5)","background-image":"","background-repeat":"repeat","background-position":"center center","background-size":"auto","background-attachment":"scroll","background-type":"","background-media":"","overlay-type":"","overlay-color":"","overlay-opacity":"","overlay-gradient":""}}},"product_brand":[],"product_cat":[191],"product_tag":[],"class_list":{"0":"post-24781","1":"product","2":"type-product","3":"status-publish","4":"has-post-thumbnail","6":"product_cat-water-repellent","7":"desktop-align-left","8":"tablet-align-left","9":"mobile-align-left","11":"first","12":"instock","13":"sale","14":"taxable","15":"shipping-taxable","16":"purchasable","17":"product-type-variable","18":"has-default-attributes"},"spectra_custom_meta":{"_visibility":["visible"],"_shopify_product_id":["9106647253237"],"_s2w_shopify_domain":["ferberpainting.myshopify.com"],"_shopify_variant_id":["46626384773365"],"_sku":[""],"_manage_stock":["no"],"total_sales":["26"],"_tax_status":["taxable"],"_tax_class":[""],"_backorders":["no"],"_sold_individually":["no"],"_virtual":["no"],"_downloadable":["no"],"_download_limit":["-1"],"_download_expiry":["-1"],"_stock":[null],"_stock_status":["instock"],"_wc_average_rating":["5.00"],"_wc_review_count":["36"],"_product_attributes":["a:1:{s:6:\"volume\";a:6:{s:4:\"name\";s:6:\"Volume\";s:5:\"value\";s:20:\"5 liters | 25 liters\";s:8:\"position\";i:1;s:10:\"is_visible\";i:0;s:12:\"is_variation\";i:1;s:11:\"is_taxonomy\";i:0;}}"],"_product_version":["10.5.1"],"wpse_downloadable_file_names":[""],"wpse_downloadable_file_urls":[""],"_edit_last":["1"],"_default_attributes":["a:1:{s:6:\"volume\";s:8:\"5 liters\";}"],"_edit_lock":["1771222787:1"],"_price":["29.90","129.90"],"merchant-center-availability":["yes"],"merchant-center-category":["503744"],"_thumbnail_id":["36032"],"_wp_page_template":["default"],"_wp_old_date":["2025-05-26"],"_product_image_gallery":["36030"],"site-sidebar-layout":["default"],"ast-site-content-layout":["default"],"site-content-style":["default"],"site-sidebar-style":["default"],"theme-transparent-header-meta":["default"],"_wc_rating_count":["a:1:{i:5;i:36;}"],"astra-migrate-meta-layouts":["set"],"_uag_css_file_name":["uag-css-24781.css"],"_elementor_page_assets":["a:0:{}"],"_uag_page_assets":["a:9:{s:3:\"css\";s:6873:\".wp-block-uagb-image{display:flex}.wp-block-uagb-image__figure{position:relative;display:flex;flex-direction:column;max-width:100%;height:auto;margin:0}.wp-block-uagb-image__figure img{height:auto;display:flex;max-width:100%;transition:box-shadow .2s ease}.wp-block-uagb-image__figure>a{display:inline-block}.wp-block-uagb-image__figure figcaption{text-align:center;margin-top:.5em;margin-bottom:1em}.wp-block-uagb-image .components-placeholder.block-editor-media-placeholder .components-placeholder__instructions{align-self:center}.wp-block-uagb-image--align-left{text-align:left}.wp-block-uagb-image--align-right{text-align:right}.wp-block-uagb-image--align-center{text-align:center}.wp-block-uagb-image--align-full .wp-block-uagb-image__figure{margin-left:calc(50% - 50vw);margin-right:calc(50% - 50vw);max-width:100vw;width:100vw;height:auto}.wp-block-uagb-image--align-full .wp-block-uagb-image__figure img{height:auto;width:100% !important}.wp-block-uagb-image--align-wide .wp-block-uagb-image__figure img{height:auto;width:100%}.wp-block-uagb-image--layout-overlay__color-wrapper{position:absolute;left:0;top:0;right:0;bottom:0;opacity:.2;background:rgba(0,0,0,.5);transition:opacity .35s ease-in-out}.wp-block-uagb-image--layout-overlay-link{position:absolute;left:0;right:0;bottom:0;top:0}.wp-block-uagb-image--layout-overlay .wp-block-uagb-image__figure:hover .wp-block-uagb-image--layout-overlay__color-wrapper{opacity:1}.wp-block-uagb-image--layout-overlay__inner{position:absolute;left:15px;right:15px;bottom:15px;top:15px;display:flex;align-items:center;justify-content:center;flex-direction:column;border-color:#fff;transition:.35s ease-in-out}.wp-block-uagb-image--layout-overlay__inner.top-left,.wp-block-uagb-image--layout-overlay__inner.top-center,.wp-block-uagb-image--layout-overlay__inner.top-right{justify-content:flex-start}.wp-block-uagb-image--layout-overlay__inner.bottom-left,.wp-block-uagb-image--layout-overlay__inner.bottom-center,.wp-block-uagb-image--layout-overlay__inner.bottom-right{justify-content:flex-end}.wp-block-uagb-image--layout-overlay__inner.top-left,.wp-block-uagb-image--layout-overlay__inner.center-left,.wp-block-uagb-image--layout-overlay__inner.bottom-left{align-items:flex-start}.wp-block-uagb-image--layout-overlay__inner.top-right,.wp-block-uagb-image--layout-overlay__inner.center-right,.wp-block-uagb-image--layout-overlay__inner.bottom-right{align-items:flex-end}.wp-block-uagb-image--layout-overlay__inner .uagb-image-heading{color:#fff;transition:transform .35s,opacity .35s ease-in-out;transform:translate3d(0, 24px, 0);margin:0;line-height:1em}.wp-block-uagb-image--layout-overlay__inner .uagb-image-separator{width:30%;border-top-width:2px;border-top-color:#fff;border-top-style:solid;margin-bottom:10px;opacity:0;transition:transform .4s,opacity .4s ease-in-out;transform:translate3d(0, 30px, 0)}.wp-block-uagb-image--layout-overlay__inner .uagb-image-caption{opacity:0;overflow:visible;color:#fff;transition:transform .45s,opacity .45s ease-in-out;transform:translate3d(0, 35px, 0)}.wp-block-uagb-image--layout-overlay__inner:hover .uagb-image-heading,.wp-block-uagb-image--layout-overlay__inner:hover .uagb-image-separator,.wp-block-uagb-image--layout-overlay__inner:hover .uagb-image-caption{opacity:1;transform:translate3d(0, 0, 0)}.wp-block-uagb-image--effect-zoomin .wp-block-uagb-image__figure img,.wp-block-uagb-image--effect-zoomin .wp-block-uagb-image__figure .wp-block-uagb-image--layout-overlay__color-wrapper{transform:scale(1);transition:transform .35s ease-in-out}.wp-block-uagb-image--effect-zoomin .wp-block-uagb-image__figure:hover img,.wp-block-uagb-image--effect-zoomin .wp-block-uagb-image__figure:hover .wp-block-uagb-image--layout-overlay__color-wrapper{transform:scale(1.05)}.wp-block-uagb-image--effect-slide .wp-block-uagb-image__figure img,.wp-block-uagb-image--effect-slide .wp-block-uagb-image__figure .wp-block-uagb-image--layout-overlay__color-wrapper{width:calc(100% + 40px) !important;max-width:none !important;transform:translate3d(-40px, 0, 0);transition:transform .35s ease-in-out}.wp-block-uagb-image--effect-slide .wp-block-uagb-image__figure:hover img,.wp-block-uagb-image--effect-slide .wp-block-uagb-image__figure:hover .wp-block-uagb-image--layout-overlay__color-wrapper{transform:translate3d(0, 0, 0)}.wp-block-uagb-image--effect-grayscale img{filter:grayscale(0%);transition:.35s ease-in-out}.wp-block-uagb-image--effect-grayscale:hover img{filter:grayscale(100%)}.wp-block-uagb-image--effect-blur img{filter:blur(0);transition:.35s ease-in-out}.wp-block-uagb-image--effect-blur:hover img{filter:blur(3px)}.uagb-block-e6f939b3.wp-block-uagb-image--layout-default figure img{box-shadow: 0px 0px 0 #00000070;}.uagb-block-e6f939b3.wp-block-uagb-image .wp-block-uagb-image__figure figcaption{font-style: normal;align-self: center;}.uagb-block-e6f939b3.wp-block-uagb-image--layout-overlay figure img{box-shadow: 0px 0px 0 #00000070;}.uagb-block-e6f939b3.wp-block-uagb-image--layout-overlay .wp-block-uagb-image--layout-overlay__color-wrapper{opacity: 0.2;}.uagb-block-e6f939b3.wp-block-uagb-image--layout-overlay .wp-block-uagb-image--layout-overlay__inner{left: 15px;right: 15px;top: 15px;bottom: 15px;}.uagb-block-e6f939b3.wp-block-uagb-image--layout-overlay .wp-block-uagb-image--layout-overlay__inner .uagb-image-heading{font-style: normal;color: #fff;opacity: 1;}.uagb-block-e6f939b3.wp-block-uagb-image--layout-overlay .wp-block-uagb-image--layout-overlay__inner .uagb-image-heading a{color: #fff;}.uagb-block-e6f939b3.wp-block-uagb-image--layout-overlay .wp-block-uagb-image--layout-overlay__inner .uagb-image-caption{opacity: 0;}.uagb-block-e6f939b3.wp-block-uagb-image--layout-overlay .wp-block-uagb-image__figure:hover .wp-block-uagb-image--layout-overlay__color-wrapper{opacity: 1;}.uagb-block-e6f939b3.wp-block-uagb-image .wp-block-uagb-image--layout-overlay__inner .uagb-image-separator{width: 30%;border-top-width: 2px;border-top-color: #fff;opacity: 0;}.uagb-block-e6f939b3.wp-block-uagb-image .wp-block-uagb-image__figure img{width: px;height: auto;}.uagb-block-e6f939b3.wp-block-uagb-image .wp-block-uagb-image__figure:hover .wp-block-uagb-image--layout-overlay__inner .uagb-image-caption{opacity: 1;}.uagb-block-e6f939b3.wp-block-uagb-image .wp-block-uagb-image__figure:hover .wp-block-uagb-image--layout-overlay__inner .uagb-image-separator{opacity: 1;}.uagb-block-e6f939b3.wp-block-uagb-image--layout-default figure:hover img{box-shadow: 0px 0px 0 #00000070;}.uagb-block-e6f939b3.wp-block-uagb-image--layout-overlay figure:hover img{box-shadow: 0px 0px 0 #00000070;}@media only screen and (max-width: 976px) {.uagb-block-e6f939b3.wp-block-uagb-image .wp-block-uagb-image__figure img{width: px;height: auto;}}@media only screen and (max-width: 767px) {.uagb-block-e6f939b3.wp-block-uagb-image .wp-block-uagb-image__figure img{width: px;height: auto;}}\";s:2:\"js\";s:0:\"\";s:18:\"current_block_list\";a:13:{i:0;s:11:\"core\/search\";i:1;s:10:\"core\/group\";i:2;s:12:\"core\/heading\";i:3;s:17:\"core\/latest-posts\";i:4;s:20:\"core\/latest-comments\";i:5;s:13:\"core\/archives\";i:6;s:15:\"core\/categories\";i:7;s:14:\"core\/paragraph\";i:8;s:10:\"uagb\/image\";i:9;s:11:\"core\/spacer\";i:10;s:30:\"woocommerce\/product-categories\";i:11;s:10:\"core\/image\";i:12;s:14:\"core\/shortcode\";}s:8:\"uag_flag\";b:1;s:11:\"uag_version\";s:10:\"1777266148\";s:6:\"gfonts\";a:0:{}s:10:\"gfonts_url\";s:0:\"\";s:12:\"gfonts_files\";a:0:{}s:14:\"uag_faq_layout\";b:0;}"]},"uagb_featured_image_src":{"full":["https:\/\/www.ferberpainting.com\/wp-content\/uploads\/2025\/05\/Plaster-Water-Repellent-5L-.png",2560,2560,false],"thumbnail":["https:\/\/www.ferberpainting.com\/wp-content\/uploads\/2025\/05\/Plaster-Water-Repellent-5L--150x150.png",150,150,true],"medium":["https:\/\/www.ferberpainting.com\/wp-content\/uploads\/2025\/05\/Plaster-Water-Repellent-5L--300x300.png",300,300,true],"medium_large":["https:\/\/www.ferberpainting.com\/wp-content\/uploads\/2025\/05\/Plaster-Water-Repellent-5L--768x768.png",768,768,true],"large":["https:\/\/www.ferberpainting.com\/wp-content\/uploads\/2025\/05\/Plaster-Water-Repellent-5L--1024x1024.png",1024,1024,true],"1536x1536":["https:\/\/www.ferberpainting.com\/wp-content\/uploads\/2025\/05\/Plaster-Water-Repellent-5L--1536x1536.png",1536,1536,true],"2048x2048":["https:\/\/www.ferberpainting.com\/wp-content\/uploads\/2025\/05\/Plaster-Water-Repellent-5L--2048x2048.png",2048,2048,true],"trp-custom-language-flag":["https:\/\/www.ferberpainting.com\/wp-content\/uploads\/2025\/05\/Plaster-Water-Repellent-5L--12x12.png",12,12,true],"woocommerce_thumbnail":["https:\/\/www.ferberpainting.com\/wp-content\/uploads\/2025\/05\/Plaster-Water-Repellent-5L--300x300.png",300,300,true],"woocommerce_single":["https:\/\/www.ferberpainting.com\/wp-content\/uploads\/2025\/05\/Plaster-Water-Repellent-5L--600x600.png",600,600,true],"woocommerce_gallery_thumbnail":["https:\/\/www.ferberpainting.com\/wp-content\/uploads\/2025\/05\/Plaster-Water-Repellent-5L--100x100.png",100,100,true]},"uagb_author_info":{"display_name":"admin","author_link":"https:\/\/www.ferberpainting.com\/de\/author\/"},"uagb_comment_info":36,"uagb_excerpt":"Effective protection against humidity. This plaster waterproofer is specially formulated to provide optimal protection against humidity. It forms an invisible barrier that prevents water from penetrating the plaster while allowing the surface to breathe. This helps preserve the quality of the plaster over the long term and prevents damage caused by moisture, such as mold,&hellip;","_links":{"self":[{"href":"https:\/\/www.ferberpainting.com\/de\/wp-json\/wp\/v2\/product\/24781","targetHints":{"allow":["GET"]}}],"collection":[{"href":"https:\/\/www.ferberpainting.com\/de\/wp-json\/wp\/v2\/product"}],"about":[{"href":"https:\/\/www.ferberpainting.com\/de\/wp-json\/wp\/v2\/types\/product"}],"replies":[{"embeddable":true,"href":"https:\/\/www.ferberpainting.com\/de\/wp-json\/wp\/v2\/comments?post=24781"}],"version-history":[{"count":4,"href":"https:\/\/www.ferberpainting.com\/de\/wp-json\/wp\/v2\/product\/24781\/revisions"}],"predecessor-version":[{"id":166976,"href":"https:\/\/www.ferberpainting.com\/de\/wp-json\/wp\/v2\/product\/24781\/revisions\/166976"}],"wp:featuredmedia":[{"embeddable":true,"href":"https:\/\/www.ferberpainting.com\/de\/wp-json\/wp\/v2\/media\/36032"}],"wp:attachment":[{"href":"https:\/\/www.ferberpainting.com\/de\/wp-json\/wp\/v2\/media?parent=24781"}],"wp:term":[{"taxonomy":"product_brand","embeddable":true,"href":"https:\/\/www.ferberpainting.com\/de\/wp-json\/wp\/v2\/product_brand?post=24781"},{"taxonomy":"product_cat","embeddable":true,"href":"https:\/\/www.ferberpainting.com\/de\/wp-json\/wp\/v2\/product_cat?post=24781"},{"taxonomy":"product_tag","embeddable":true,"href":"https:\/\/www.ferberpainting.com\/de\/wp-json\/wp\/v2\/product_tag?post=24781"}],"curies":[{"name":"wp","href":"https:\/\/api.w.org\/{rel}","templated":true}]}}