{"id":24771,"date":"2025-05-26T10:27:04","date_gmt":"2025-05-26T08:27:04","guid":{"rendered":"https:\/\/www.ferberpainting.com\/products\/photinia-fertilizer\/"},"modified":"2026-02-16T07:05:22","modified_gmt":"2026-02-16T06:05:22","slug":"photinia-fertilizer","status":"publish","type":"product","link":"https:\/\/www.ferberpainting.com\/de\/products\/photinia-fertilizer\/","title":{"rendered":"Photinia-D\u00fcnger"},"content":{"rendered":"<p><strong><img decoding=\"async\" style=\"margin-right: 12px;\" src=\"https:\/\/www.ferberpainting.com\/wp-content\/uploads\/2026\/02\/Check.svg\" alt=\"\" width=\"18\" height=\"15\" \/>Ein ausgewogener D\u00fcnger f\u00fcr lebendige und widerstandsf\u00e4hige Photinia.<\/strong>\u00a0Photinia ist ein sehr gesch\u00e4tzter Strauch wegen seines ausdauernden und farbenfrohen Laubs, das abwechselnd gr\u00fcn und leuchtend rot ist. Um ein schnelles Wachstum, eine optimale Dichte und eine intensive F\u00e4rbung zu gew\u00e4hrleisten, ist es wichtig, sie mit den notwendigen N\u00e4hrstoffen zu versorgen. Dieser NPK-D\u00fcnger 15-15-15 bietet ein perfektes Gleichgewicht von Stickstoff (N) zur F\u00f6rderung des Blattwachstums, Phosphor (P) zur Unterst\u00fctzung der Wurzelentwicklung und Kalium (K) zur St\u00e4rkung der Widerstandsf\u00e4higkeit gegen Krankheiten und klimatische Bedingungen. Dank dieser Volld\u00fcngung wird Ihre Photinia ein dichtes Blattwerk, einen strukturierten Wuchs und ein gleichm\u00e4\u00dfiges Wachstum \u00fcber das ganze Jahr hinweg entwickeln.<\/p>\n<p><strong><img decoding=\"async\" style=\"margin-right: 12px;\" src=\"https:\/\/www.ferberpainting.com\/wp-content\/uploads\/2026\/02\/Check.svg\" alt=\"\" width=\"18\" height=\"15\" \/>Geld-zur\u00fcck-Garantie.<\/strong>\u00a0Da wir von der Wirksamkeit unseres Photinia-D\u00fcngers \u00fcberzeugt sind, bieten wir eine Geld-zur\u00fcck-Garantie. Sollten Sie trotz ordnungsgem\u00e4\u00dfer Anwendung gem\u00e4\u00df den Empfehlungen keine signifikante Verbesserung des Wachstums und der Vitalit\u00e4t feststellen, verpflichten wir uns, Ihnen den vollen Betrag zu erstatten.<\/p>\n<p><strong><img decoding=\"async\" style=\"margin-right: 12px;\" src=\"https:\/\/www.ferberpainting.com\/wp-content\/uploads\/2026\/02\/Check.svg\" alt=\"\" width=\"18\" height=\"15\" \/>Geeignet f\u00fcr alle Bodenarten und Umgebungen.<\/strong>\u00a0Dieser D\u00fcnger ist f\u00fcr alle Bodenarten geeignet, ob sandig, lehmig, kalkhaltig oder humusreich. Er ist auch f\u00fcr Photinien geeignet, die im Freiland oder in T\u00f6pfen gepflanzt werden. Dank seiner wasserl\u00f6slichen Formulierung wird er schnell von den Wurzeln aufgenommen und gew\u00e4hrleistet so eine konstante und wirksame Versorgung mit wichtigen N\u00e4hrstoffen.<\/p>\n<p><strong><img decoding=\"async\" style=\"margin-right: 12px;\" src=\"https:\/\/www.ferberpainting.com\/wp-content\/uploads\/2026\/02\/Check.svg\" alt=\"\" width=\"18\" height=\"15\" \/>Hervorragende wirtschaftliche Rentabilit\u00e4t und lang anhaltende Wirkung.<\/strong>\u00a0Dieser D\u00fcnger kommt als fl\u00fcssige L\u00f6sung zu verd\u00fcnnen, die f\u00fcr eine optimale und homogene Diffusion von N\u00e4hrstoffen erm\u00f6glicht. Mit einer Dosierung von 5 ml pro Liter Wasser, bereitet ein 5-Liter-Kanister bis zu 1.000 Liter N\u00e4hrstoffl\u00f6sung, die mehrere Monate der regelm\u00e4\u00dfigen Wartung darstellt. Seine allm\u00e4hliche Freisetzung sorgt f\u00fcr eine kontinuierliche D\u00fcngung ohne \u00dcberschuss und garantiert eine harmonische Entwicklung der Str\u00e4ucher.<\/p>\n<p><strong><img decoding=\"async\" style=\"margin-right: 12px;\" src=\"https:\/\/www.ferberpainting.com\/wp-content\/uploads\/2026\/02\/Check.svg\" alt=\"\" width=\"18\" height=\"15\" \/>Ein ungiftiger und umweltfreundlicher D\u00fcnger.<\/strong>\u00a0Dieser D\u00fcnger enth\u00e4lt keine sch\u00e4dlichen Chemikalien und ist v\u00f6llig sicher f\u00fcr B\u00f6den, Anpflanzungen und die umliegende Tierwelt. Er stellt kein Risiko f\u00fcr Haustiere oder best\u00e4ubende Insekten dar und ist damit eine sichere Wahl f\u00fcr einen gesunden Garten, der die Artenvielfalt respektiert.<\/p>\n<p><strong><img decoding=\"async\" style=\"margin-right: 12px;\" src=\"https:\/\/www.ferberpainting.com\/wp-content\/uploads\/2026\/02\/Check.svg\" alt=\"\" width=\"18\" height=\"15\" \/>Einfache Anwendung und m\u00fchelose D\u00fcngung.<\/strong>\u00a0Im Gegensatz zu festen D\u00fcngemitteln, die in den Boden eingegraben werden m\u00fcssen, l\u00e4sst sich dieser Fl\u00fcssigd\u00fcnger leicht ausbringen. Mischen Sie ihn einfach mit Gie\u00dfwasser und gie\u00dfen Sie ihn direkt an die Basis der Photinia. Seine schnelle und wirksame Anwendung ist ideal f\u00fcr Gartenanf\u00e4nger und Liebhaber, die eine optimale Pflege der Str\u00e4ucher w\u00fcnschen.<\/p>\n<p><strong><img decoding=\"async\" style=\"margin-right: 12px;\" src=\"https:\/\/www.ferberpainting.com\/wp-content\/uploads\/2026\/02\/Check.svg\" alt=\"\" width=\"18\" height=\"15\" \/>Schnelle Wirkung f\u00fcr sichtbare Ergebnisse in nur wenigen Wochen.<\/strong>\u00a0Schon in den ersten Wochen nach der Anwendung werden Sie ein kr\u00e4ftigeres Wachstum, dichteres Blattwerk und lebendigere Farben beobachten k\u00f6nnen. Dank seiner schnell absorbierbaren Formulierung regt dieser D\u00fcnger die Bildung neuer Triebe an und verhindert Vergilbung oder verlangsamtes Wachstum aufgrund von N\u00e4hrstoffm\u00e4ngeln.<\/p>\n<p><strong><img decoding=\"async\" style=\"margin-right: 12px;\" src=\"https:\/\/www.ferberpainting.com\/wp-content\/uploads\/2026\/02\/Check.svg\" alt=\"\" width=\"18\" height=\"15\" \/>Langfristige D\u00fcngung f\u00fcr strahlendes Laub das ganze Jahr \u00fcber.<\/strong>\u00a0Dank seiner langanhaltenden Wirkung sorgt dieser D\u00fcnger f\u00fcr ein gleichm\u00e4\u00dfiges und ausgeglichenes Wachstum und vermeidet Phasen der Stagnation. Er verbessert die Widerstandsf\u00e4higkeit der Photinia gegen verbreitete Krankheiten wie Mehltau und Blattflecken und sch\u00fctzt den Strauch vor extremen klimatischen Bedingungen (Trockenheit, Frost, etc.).<\/p>\n<h2><strong>Verwendungsprotokoll<\/strong><\/h2>\n<p><strong>Empfohlene Dosierung <\/strong>:<\/p>\n<ul>\n<li><strong>Photinia in T\u00f6pfen\u00a0<\/strong>: Verd\u00fcnnen Sie 5 ml D\u00fcnger in 1 Liter Wasser und gie\u00dfen Sie um die Basis der Pflanze.<\/li>\n<li><strong>In den Boden gepflanzte Photinia <\/strong>: 5 ml des verd\u00fcnnten D\u00fcngers in 1 Liter Wasser pro Strauch direkt auf den feuchten Boden geben.<\/li>\n<li><strong>Junge Pflanzen oder k\u00fcrzlich eingepflanzte Photinias <\/strong>: Reduzieren Sie die Konzentration auf 2,5 ml pro Liter Wasser, um einen N\u00e4hrstoff\u00fcberschuss zu vermeiden.<\/li>\n<\/ul>\n<p><strong>Methode der Anwendung <\/strong>:<\/p>\n<ul>\n<li><strong>Durch Bew\u00e4sserung <\/strong>: Gie\u00dfen Sie die N\u00e4hrl\u00f6sung an die Basis der Photinia und achten Sie darauf, dass die Erde gut durchtr\u00e4nkt wird, ohne sie zu durchn\u00e4ssen.<\/li>\n<li><strong>Durch Blattspritzen<\/strong> (als Erg\u00e4nzung) : Verd\u00fcnnen Sie 1 ml D\u00fcnger pro Liter Wasser und bespr\u00fchen Sie das Laub f\u00fcr eine schnellere N\u00e4hrstoffaufnahme.<\/li>\n<\/ul>\n<p><strong>H\u00e4ufigkeit der Anwendung <\/strong>:<\/p>\n<ul>\n<li><strong>W\u00e4hrend des aktiven Wachstums (Fr\u00fchjahr-Sommer) <\/strong>: Tragen Sie den D\u00fcnger alle zwei Wochen auf, um das Wachstum anzuregen und die Laubfarbe zu verbessern.<\/li>\n<li><strong>W\u00e4hrend der Ruhezeit (Herbst-Winter) <\/strong>: Reduzieren Sie die Anwendung auf einmal im Monat, um die Vitalit\u00e4t ohne \u00dcberstimulation zu erhalten.<\/li>\n<\/ul>\n<p><strong>Vorsichtsma\u00dfnahmen bei der Verwendung <\/strong>:<\/p>\n<ul>\n<li>Der D\u00fcnger darf nicht \u00fcberdosiert werden, um eine \u00fcberm\u00e4\u00dfige Anreicherung von N\u00e4hrstoffen im Boden zu vermeiden.<\/li>\n<li>D\u00fcngen Sie immer auf feuchtem Boden, um die N\u00e4hrstoffaufnahme zu erleichtern.<br \/>\nVermeiden Sie die Ausbringung in der prallen Sonne, um eine schnelle Verdunstung der N\u00e4hrstoffe zu verhindern.<\/li>\n<\/ul>\n<p><strong>Lagerung und Konservierung<\/strong> :<\/p>\n<ul>\n<li>Lagern Sie den D\u00fcnger an einem k\u00fchlen, trockenen Ort, fern von direktem Licht und Feuchtigkeit.<\/li>\n<li>Verschlie\u00dfen Sie den Beh\u00e4lter nach jedem Gebrauch fest, um die Qualit\u00e4t des Produkts zu erhalten.<\/li>\n<\/ul>\n<p>Dank dieses Photinia-D\u00fcngers wird Ihre Hecke oder Ihr Beet das ganze Jahr \u00fcber von einem kr\u00e4ftigen, farbenfrohen und vollkommen gesunden Laub profitieren. Ganz gleich, ob Ihre Photinia in T\u00f6pfen, in der Erde oder als Hecke gepflanzt ist, diese einfach anzuwendende und hochwirksame N\u00e4hrstoffl\u00f6sung gew\u00e4hrleistet eine m\u00fchelose D\u00fcngung f\u00fcr optimale Ergebnisse.<\/p>","protected":false},"excerpt":{"rendered":"<p>A balanced fertilizer for vibrant and resilient photinia.\u00a0Photinia is a highly valued shrub for its persistent and colorful foliage, alternating between green and bright red. To ensure rapid growth, optimal density, and intense coloration, it is essential to provide it with the necessary nutrients. This NPK 15-15-15 fertilizer provides a perfect balance of nitrogen (N) [&hellip;]<\/p>\n","protected":false},"featured_media":26627,"comment_status":"open","ping_status":"closed","template":"","meta":{"_uag_custom_page_level_css":"","site-sidebar-layout":"default","site-content-layout":"","ast-site-content-layout":"default","site-content-style":"default","site-sidebar-style":"default","ast-global-header-display":"","ast-banner-title-visibility":"","ast-main-header-display":"","ast-hfb-above-header-display":"","ast-hfb-below-header-display":"","ast-hfb-mobile-header-display":"","site-post-title":"","ast-breadcrumbs-content":"","ast-featured-img":"","footer-sml-layout":"","ast-disable-related-posts":"","theme-transparent-header-meta":"default","adv-header-id-meta":"","stick-header-meta":"","header-above-stick-meta":"","header-main-stick-meta":"","header-below-stick-meta":"","astra-migrate-meta-layouts":"set","ast-page-background-enabled":"default","ast-page-background-meta":{"desktop":{"background-color":"var(--ast-global-color-4)","background-image":"","background-repeat":"repeat","background-position":"center center","background-size":"auto","background-attachment":"scroll","background-type":"","background-media":"","overlay-type":"","overlay-color":"","overlay-opacity":"","overlay-gradient":""},"tablet":{"background-color":"","background-image":"","background-repeat":"repeat","background-position":"center center","background-size":"auto","background-attachment":"scroll","background-type":"","background-media":"","overlay-type":"","overlay-color":"","overlay-opacity":"","overlay-gradient":""},"mobile":{"background-color":"","background-image":"","background-repeat":"repeat","background-position":"center center","background-size":"auto","background-attachment":"scroll","background-type":"","background-media":"","overlay-type":"","overlay-color":"","overlay-opacity":"","overlay-gradient":""}},"ast-content-background-meta":{"desktop":{"background-color":"var(--ast-global-color-5)","background-image":"","background-repeat":"repeat","background-position":"center center","background-size":"auto","background-attachment":"scroll","background-type":"","background-media":"","overlay-type":"","overlay-color":"","overlay-opacity":"","overlay-gradient":""},"tablet":{"background-color":"var(--ast-global-color-5)","background-image":"","background-repeat":"repeat","background-position":"center center","background-size":"auto","background-attachment":"scroll","background-type":"","background-media":"","overlay-type":"","overlay-color":"","overlay-opacity":"","overlay-gradient":""},"mobile":{"background-color":"var(--ast-global-color-5)","background-image":"","background-repeat":"repeat","background-position":"center center","background-size":"auto","background-attachment":"scroll","background-type":"","background-media":"","overlay-type":"","overlay-color":"","overlay-opacity":"","overlay-gradient":""}}},"product_brand":[],"product_cat":[178],"product_tag":[],"class_list":{"0":"post-24771","1":"product","2":"type-product","3":"status-publish","4":"has-post-thumbnail","6":"product_cat-fertilizers","7":"desktop-align-left","8":"tablet-align-left","9":"mobile-align-left","11":"first","12":"instock","13":"sale","14":"taxable","15":"shipping-taxable","16":"purchasable","17":"product-type-variable","18":"has-default-attributes"},"spectra_custom_meta":{"_visibility":["visible"],"_shopify_product_id":["9068037964021"],"_s2w_shopify_domain":["ferberpainting.myshopify.com"],"_shopify_variant_id":["46509904167157"],"_sku":[""],"_manage_stock":["no"],"total_sales":["134"],"_tax_status":["taxable"],"_tax_class":[""],"_backorders":["no"],"_sold_individually":["no"],"_virtual":["no"],"_downloadable":["no"],"_download_limit":["-1"],"_download_expiry":["-1"],"_stock":[null],"_stock_status":["instock"],"_wc_average_rating":["4.63"],"_wc_review_count":["8"],"_product_attributes":["a:1:{s:6:\"volume\";a:6:{s:4:\"name\";s:6:\"Volume\";s:5:\"value\";s:20:\"5 liters | 25 liters\";s:8:\"position\";i:1;s:10:\"is_visible\";i:0;s:12:\"is_variation\";i:1;s:11:\"is_taxonomy\";i:0;}}"],"_product_version":["10.5.1"],"_thumbnail_id":["26627"],"_product_image_gallery":["26628"],"wpse_downloadable_file_names":[""],"wpse_downloadable_file_urls":[""],"_edit_last":["1"],"_default_attributes":["a:1:{s:6:\"volume\";s:8:\"5 liters\";}"],"_edit_lock":["1771221783:1"],"_price":["29.90","129.90"],"merchant-center-availability":["yes"],"merchant-center-category":["113"],"_wp_page_template":["default"],"site-sidebar-layout":["default"],"ast-site-content-layout":["default"],"site-content-style":["default"],"site-sidebar-style":["default"],"theme-transparent-header-meta":["default"],"_wc_rating_count":["a:2:{i:4;i:3;i:5;i:5;}"],"astra-migrate-meta-layouts":["set"],"_uag_css_file_name":["uag-css-24771.css"],"_elementor_page_assets":["a:0:{}"],"_uag_page_assets":["a:9:{s:3:\"css\";s:7133:\".uag-blocks-common-selector{z-index:var(--z-index-desktop) !important}@media(max-width: 976px){.uag-blocks-common-selector{z-index:var(--z-index-tablet) !important}}@media(max-width: 767px){.uag-blocks-common-selector{z-index:var(--z-index-mobile) !important}}.wp-block-uagb-image{display:flex}.wp-block-uagb-image__figure{position:relative;display:flex;flex-direction:column;max-width:100%;height:auto;margin:0}.wp-block-uagb-image__figure img{height:auto;display:flex;max-width:100%;transition:box-shadow .2s ease}.wp-block-uagb-image__figure>a{display:inline-block}.wp-block-uagb-image__figure figcaption{text-align:center;margin-top:.5em;margin-bottom:1em}.wp-block-uagb-image .components-placeholder.block-editor-media-placeholder .components-placeholder__instructions{align-self:center}.wp-block-uagb-image--align-left{text-align:left}.wp-block-uagb-image--align-right{text-align:right}.wp-block-uagb-image--align-center{text-align:center}.wp-block-uagb-image--align-full .wp-block-uagb-image__figure{margin-left:calc(50% - 50vw);margin-right:calc(50% - 50vw);max-width:100vw;width:100vw;height:auto}.wp-block-uagb-image--align-full .wp-block-uagb-image__figure img{height:auto;width:100% !important}.wp-block-uagb-image--align-wide .wp-block-uagb-image__figure img{height:auto;width:100%}.wp-block-uagb-image--layout-overlay__color-wrapper{position:absolute;left:0;top:0;right:0;bottom:0;opacity:.2;background:rgba(0,0,0,.5);transition:opacity .35s ease-in-out}.wp-block-uagb-image--layout-overlay-link{position:absolute;left:0;right:0;bottom:0;top:0}.wp-block-uagb-image--layout-overlay .wp-block-uagb-image__figure:hover .wp-block-uagb-image--layout-overlay__color-wrapper{opacity:1}.wp-block-uagb-image--layout-overlay__inner{position:absolute;left:15px;right:15px;bottom:15px;top:15px;display:flex;align-items:center;justify-content:center;flex-direction:column;border-color:#fff;transition:.35s ease-in-out}.wp-block-uagb-image--layout-overlay__inner.top-left,.wp-block-uagb-image--layout-overlay__inner.top-center,.wp-block-uagb-image--layout-overlay__inner.top-right{justify-content:flex-start}.wp-block-uagb-image--layout-overlay__inner.bottom-left,.wp-block-uagb-image--layout-overlay__inner.bottom-center,.wp-block-uagb-image--layout-overlay__inner.bottom-right{justify-content:flex-end}.wp-block-uagb-image--layout-overlay__inner.top-left,.wp-block-uagb-image--layout-overlay__inner.center-left,.wp-block-uagb-image--layout-overlay__inner.bottom-left{align-items:flex-start}.wp-block-uagb-image--layout-overlay__inner.top-right,.wp-block-uagb-image--layout-overlay__inner.center-right,.wp-block-uagb-image--layout-overlay__inner.bottom-right{align-items:flex-end}.wp-block-uagb-image--layout-overlay__inner .uagb-image-heading{color:#fff;transition:transform .35s,opacity .35s ease-in-out;transform:translate3d(0, 24px, 0);margin:0;line-height:1em}.wp-block-uagb-image--layout-overlay__inner .uagb-image-separator{width:30%;border-top-width:2px;border-top-color:#fff;border-top-style:solid;margin-bottom:10px;opacity:0;transition:transform .4s,opacity .4s ease-in-out;transform:translate3d(0, 30px, 0)}.wp-block-uagb-image--layout-overlay__inner .uagb-image-caption{opacity:0;overflow:visible;color:#fff;transition:transform .45s,opacity .45s ease-in-out;transform:translate3d(0, 35px, 0)}.wp-block-uagb-image--layout-overlay__inner:hover .uagb-image-heading,.wp-block-uagb-image--layout-overlay__inner:hover .uagb-image-separator,.wp-block-uagb-image--layout-overlay__inner:hover .uagb-image-caption{opacity:1;transform:translate3d(0, 0, 0)}.wp-block-uagb-image--effect-zoomin .wp-block-uagb-image__figure img,.wp-block-uagb-image--effect-zoomin .wp-block-uagb-image__figure .wp-block-uagb-image--layout-overlay__color-wrapper{transform:scale(1);transition:transform .35s ease-in-out}.wp-block-uagb-image--effect-zoomin .wp-block-uagb-image__figure:hover img,.wp-block-uagb-image--effect-zoomin .wp-block-uagb-image__figure:hover .wp-block-uagb-image--layout-overlay__color-wrapper{transform:scale(1.05)}.wp-block-uagb-image--effect-slide .wp-block-uagb-image__figure img,.wp-block-uagb-image--effect-slide .wp-block-uagb-image__figure .wp-block-uagb-image--layout-overlay__color-wrapper{width:calc(100% + 40px) !important;max-width:none !important;transform:translate3d(-40px, 0, 0);transition:transform .35s ease-in-out}.wp-block-uagb-image--effect-slide .wp-block-uagb-image__figure:hover img,.wp-block-uagb-image--effect-slide .wp-block-uagb-image__figure:hover .wp-block-uagb-image--layout-overlay__color-wrapper{transform:translate3d(0, 0, 0)}.wp-block-uagb-image--effect-grayscale img{filter:grayscale(0%);transition:.35s ease-in-out}.wp-block-uagb-image--effect-grayscale:hover img{filter:grayscale(100%)}.wp-block-uagb-image--effect-blur img{filter:blur(0);transition:.35s ease-in-out}.wp-block-uagb-image--effect-blur:hover img{filter:blur(3px)}.uagb-block-e6f939b3.wp-block-uagb-image--layout-default figure img{box-shadow: 0px 0px 0 #00000070;}.uagb-block-e6f939b3.wp-block-uagb-image .wp-block-uagb-image__figure figcaption{font-style: normal;align-self: center;}.uagb-block-e6f939b3.wp-block-uagb-image--layout-overlay figure img{box-shadow: 0px 0px 0 #00000070;}.uagb-block-e6f939b3.wp-block-uagb-image--layout-overlay .wp-block-uagb-image--layout-overlay__color-wrapper{opacity: 0.2;}.uagb-block-e6f939b3.wp-block-uagb-image--layout-overlay .wp-block-uagb-image--layout-overlay__inner{left: 15px;right: 15px;top: 15px;bottom: 15px;}.uagb-block-e6f939b3.wp-block-uagb-image--layout-overlay .wp-block-uagb-image--layout-overlay__inner .uagb-image-heading{font-style: normal;color: #fff;opacity: 1;}.uagb-block-e6f939b3.wp-block-uagb-image--layout-overlay .wp-block-uagb-image--layout-overlay__inner .uagb-image-heading a{color: #fff;}.uagb-block-e6f939b3.wp-block-uagb-image--layout-overlay .wp-block-uagb-image--layout-overlay__inner .uagb-image-caption{opacity: 0;}.uagb-block-e6f939b3.wp-block-uagb-image--layout-overlay .wp-block-uagb-image__figure:hover .wp-block-uagb-image--layout-overlay__color-wrapper{opacity: 1;}.uagb-block-e6f939b3.wp-block-uagb-image .wp-block-uagb-image--layout-overlay__inner .uagb-image-separator{width: 30%;border-top-width: 2px;border-top-color: #fff;opacity: 0;}.uagb-block-e6f939b3.wp-block-uagb-image .wp-block-uagb-image__figure img{width: px;height: auto;}.uagb-block-e6f939b3.wp-block-uagb-image .wp-block-uagb-image__figure:hover .wp-block-uagb-image--layout-overlay__inner .uagb-image-caption{opacity: 1;}.uagb-block-e6f939b3.wp-block-uagb-image .wp-block-uagb-image__figure:hover .wp-block-uagb-image--layout-overlay__inner .uagb-image-separator{opacity: 1;}.uagb-block-e6f939b3.wp-block-uagb-image--layout-default figure:hover img{box-shadow: 0px 0px 0 #00000070;}.uagb-block-e6f939b3.wp-block-uagb-image--layout-overlay figure:hover img{box-shadow: 0px 0px 0 #00000070;}@media only screen and (max-width: 976px) {.uagb-block-e6f939b3.wp-block-uagb-image .wp-block-uagb-image__figure img{width: px;height: auto;}}@media only screen and (max-width: 767px) {.uagb-block-e6f939b3.wp-block-uagb-image .wp-block-uagb-image__figure img{width: px;height: auto;}}\";s:2:\"js\";s:0:\"\";s:18:\"current_block_list\";a:13:{i:0;s:11:\"core\/search\";i:1;s:10:\"core\/group\";i:2;s:12:\"core\/heading\";i:3;s:17:\"core\/latest-posts\";i:4;s:20:\"core\/latest-comments\";i:5;s:13:\"core\/archives\";i:6;s:15:\"core\/categories\";i:7;s:14:\"core\/paragraph\";i:8;s:10:\"uagb\/image\";i:9;s:11:\"core\/spacer\";i:10;s:30:\"woocommerce\/product-categories\";i:11;s:10:\"core\/image\";i:12;s:14:\"core\/shortcode\";}s:8:\"uag_flag\";b:1;s:11:\"uag_version\";s:10:\"1777344851\";s:6:\"gfonts\";a:0:{}s:10:\"gfonts_url\";s:0:\"\";s:12:\"gfonts_files\";a:0:{}s:14:\"uag_faq_layout\";b:0;}"]},"uagb_featured_image_src":{"full":["https:\/\/www.ferberpainting.com\/wp-content\/uploads\/2025\/05\/PhotiniaFertilizer5L.png",2560,2560,false],"thumbnail":["https:\/\/www.ferberpainting.com\/wp-content\/uploads\/2025\/05\/PhotiniaFertilizer5L-150x150.png",150,150,true],"medium":["https:\/\/www.ferberpainting.com\/wp-content\/uploads\/2025\/05\/PhotiniaFertilizer5L-300x300.png",300,300,true],"medium_large":["https:\/\/www.ferberpainting.com\/wp-content\/uploads\/2025\/05\/PhotiniaFertilizer5L-768x768.png",768,768,true],"large":["https:\/\/www.ferberpainting.com\/wp-content\/uploads\/2025\/05\/PhotiniaFertilizer5L-1024x1024.png",1024,1024,true],"1536x1536":["https:\/\/www.ferberpainting.com\/wp-content\/uploads\/2025\/05\/PhotiniaFertilizer5L-1536x1536.png",1536,1536,true],"2048x2048":["https:\/\/www.ferberpainting.com\/wp-content\/uploads\/2025\/05\/PhotiniaFertilizer5L-2048x2048.png",2048,2048,true],"trp-custom-language-flag":["https:\/\/www.ferberpainting.com\/wp-content\/uploads\/2025\/05\/PhotiniaFertilizer5L-12x12.png",12,12,true],"woocommerce_thumbnail":["https:\/\/www.ferberpainting.com\/wp-content\/uploads\/2025\/05\/PhotiniaFertilizer5L-300x300.png",300,300,true],"woocommerce_single":["https:\/\/www.ferberpainting.com\/wp-content\/uploads\/2025\/05\/PhotiniaFertilizer5L-600x600.png",600,600,true],"woocommerce_gallery_thumbnail":["https:\/\/www.ferberpainting.com\/wp-content\/uploads\/2025\/05\/PhotiniaFertilizer5L-100x100.png",100,100,true]},"uagb_author_info":{"display_name":"admin","author_link":"https:\/\/www.ferberpainting.com\/de\/author\/"},"uagb_comment_info":8,"uagb_excerpt":"A balanced fertilizer for vibrant and resilient photinia.\u00a0Photinia is a highly valued shrub for its persistent and colorful foliage, alternating between green and bright red. To ensure rapid growth, optimal density, and intense coloration, it is essential to provide it with the necessary nutrients. This NPK 15-15-15 fertilizer provides a perfect balance of nitrogen (N)&hellip;","_links":{"self":[{"href":"https:\/\/www.ferberpainting.com\/de\/wp-json\/wp\/v2\/product\/24771","targetHints":{"allow":["GET"]}}],"collection":[{"href":"https:\/\/www.ferberpainting.com\/de\/wp-json\/wp\/v2\/product"}],"about":[{"href":"https:\/\/www.ferberpainting.com\/de\/wp-json\/wp\/v2\/types\/product"}],"replies":[{"embeddable":true,"href":"https:\/\/www.ferberpainting.com\/de\/wp-json\/wp\/v2\/comments?post=24771"}],"version-history":[{"count":4,"href":"https:\/\/www.ferberpainting.com\/de\/wp-json\/wp\/v2\/product\/24771\/revisions"}],"predecessor-version":[{"id":166967,"href":"https:\/\/www.ferberpainting.com\/de\/wp-json\/wp\/v2\/product\/24771\/revisions\/166967"}],"wp:featuredmedia":[{"embeddable":true,"href":"https:\/\/www.ferberpainting.com\/de\/wp-json\/wp\/v2\/media\/26627"}],"wp:attachment":[{"href":"https:\/\/www.ferberpainting.com\/de\/wp-json\/wp\/v2\/media?parent=24771"}],"wp:term":[{"taxonomy":"product_brand","embeddable":true,"href":"https:\/\/www.ferberpainting.com\/de\/wp-json\/wp\/v2\/product_brand?post=24771"},{"taxonomy":"product_cat","embeddable":true,"href":"https:\/\/www.ferberpainting.com\/de\/wp-json\/wp\/v2\/product_cat?post=24771"},{"taxonomy":"product_tag","embeddable":true,"href":"https:\/\/www.ferberpainting.com\/de\/wp-json\/wp\/v2\/product_tag?post=24771"}],"curies":[{"name":"wp","href":"https:\/\/api.w.org\/{rel}","templated":true}]}}