{"id":24765,"date":"2025-05-26T10:27:02","date_gmt":"2025-05-26T08:27:02","guid":{"rendered":"https:\/\/www.ferberpainting.com\/products\/peace-lily-and-spathiphyllum-fertilizer\/"},"modified":"2026-02-15T23:47:35","modified_gmt":"2026-02-15T22:47:35","slug":"peace-lily-and-spathiphyllum-fertilizer","status":"publish","type":"product","link":"https:\/\/www.ferberpainting.com\/de\/products\/peace-lily-and-spathiphyllum-fertilizer\/","title":{"rendered":"Friedenslilien- und Spathiphyllum-D\u00fcnger"},"content":{"rendered":"<p><strong><img decoding=\"async\" style=\"margin-right: 12px;\" src=\"https:\/\/www.ferberpainting.com\/wp-content\/uploads\/2026\/02\/Check.svg\" alt=\"\" width=\"18\" height=\"15\" \/>Ein starker D\u00fcnger f\u00fcr optimales Wachstum und reiche Bl\u00fcte.<\/strong>\u00a0Speziell f\u00fcr Spathiphyllum, auch bekannt als Friedenslilie, entwickelt, versorgt dieser D\u00fcnger Ihre Pflanze mit allen wichtigen N\u00e4hrstoffen f\u00fcr eine harmonische Entwicklung. Dank seines ausgewogenen Gehalts an Stickstoff, Phosphor und Kalium (NPK 15-15-15) regt er das Blattwachstum an, f\u00f6rdert eine regelm\u00e4\u00dfigere und intensivere Bl\u00fcte und st\u00e4rkt die Widerstandsf\u00e4higkeit gegen Krankheiten und Umweltstress.<\/p>\n<p><strong><img decoding=\"async\" style=\"margin-right: 12px;\" src=\"https:\/\/www.ferberpainting.com\/wp-content\/uploads\/2026\/02\/Check.svg\" alt=\"\" width=\"18\" height=\"15\" \/>Geld-zur\u00fcck-Garantie. <\/strong>Wir sind von der Wirksamkeit unseres D\u00fcngers \u00fcberzeugt und bieten eine Geld-zur\u00fcck-Garantie. Wenn Sie nach ordnungsgem\u00e4\u00dfer Anwendung keine positive Wirkung auf das Wachstum und die Bl\u00fcte Ihrer Spathiphyllum feststellen, verpflichten wir uns, Ihnen den vollen Betrag zu erstatten.<\/p>\n<p><strong><img decoding=\"async\" style=\"margin-right: 12px;\" src=\"https:\/\/www.ferberpainting.com\/wp-content\/uploads\/2026\/02\/Check.svg\" alt=\"\" width=\"18\" height=\"15\" \/>Vertr\u00e4gt sich mit allen Anbaubedingungen.<\/strong>\u00a0Dieser D\u00fcnger ist f\u00fcr alle Spathiphyllum-Sorten geeignet, egal ob sie in T\u00f6pfen, in Innenr\u00e4umen oder in Gew\u00e4chsh\u00e4usern angebaut werden. Es funktioniert auch auf verschiedenen Arten von Substraten, insbesondere Mischungen auf der Basis von Torf, Blumenerde oder Perlit. Es optimiert die N\u00e4hrstoffaufnahme, indem es den pH-Wert des Bodens anpasst, und sorgt so f\u00fcr ein ausgewogenes und lang anhaltendes Wachstum.<\/p>\n<p><strong><img decoding=\"async\" style=\"margin-right: 12px;\" src=\"https:\/\/www.ferberpainting.com\/wp-content\/uploads\/2026\/02\/Check.svg\" alt=\"\" width=\"18\" height=\"15\" \/>Kosteng\u00fcnstiger Ertrag mit lang anhaltender Wirkung.<\/strong>\u00a0Als hochkonzentriertes Produkt erm\u00f6glicht dieser D\u00fcnger eine wirksame Verd\u00fcnnung und gew\u00e4hrleistet so eine lange Nutzungsdauer. Mit einem 5-Liter-Beh\u00e4lter k\u00f6nnen bis zu 1.000 Liter D\u00fcngerl\u00f6sung hergestellt werden, die eine gro\u00dfe Anbaufl\u00e4che abdeckt und eine optimale Ern\u00e4hrung f\u00fcr mehrere Monate gew\u00e4hrleistet.<\/p>\n<p><strong><img decoding=\"async\" style=\"margin-right: 12px;\" src=\"https:\/\/www.ferberpainting.com\/wp-content\/uploads\/2026\/02\/Check.svg\" alt=\"\" width=\"18\" height=\"15\" \/>Ein umweltfreundlicher D\u00fcnger, der f\u00fcr Pflanzen sicher ist.<\/strong>\u00a0Unser Produkt wurde ohne scharfe chemische Zus\u00e4tze entwickelt, was es f\u00fcr die Wurzeln und das \u00d6kosystem sicher macht. Es verbrennt die Bl\u00e4tter nicht, bildet keine giftigen Ablagerungen und verschmutzt das Grundwasser nicht. Es ist daher ideal f\u00fcr den umweltfreundlichen Anbau.<\/p>\n<p><strong><img decoding=\"async\" style=\"margin-right: 12px;\" src=\"https:\/\/www.ferberpainting.com\/wp-content\/uploads\/2026\/02\/Check.svg\" alt=\"\" width=\"18\" height=\"15\" \/>Einfach zu bedienende Anwendung f\u00fcr alle G\u00e4rtner.<\/strong>\u00a0Dieser D\u00fcnger ist dank seiner fl\u00fcssigen und l\u00f6slichen Formulierung sehr einfach zu verwenden. Er l\u00f6st sich schnell in Wasser auf und wird direkt an der Basis der Pflanze ausgebracht. Es sind keine besonderen Kenntnisse erforderlich, so dass er f\u00fcr Anf\u00e4nger und Gartenexperten gleicherma\u00dfen geeignet ist.<\/p>\n<p><strong><img decoding=\"async\" style=\"margin-right: 12px;\" src=\"https:\/\/www.ferberpainting.com\/wp-content\/uploads\/2026\/02\/Check.svg\" alt=\"\" width=\"18\" height=\"15\" \/>Verl\u00e4ngerte Wirkung f\u00fcr eine kontinuierliche und kr\u00e4ftige Bl\u00fcte.<\/strong>\u00a0Dank seiner progressiven Freisetzung sorgt dieser D\u00fcnger f\u00fcr eine konstante Ern\u00e4hrung der Spathiphyllum und verhindert so N\u00e4hrstoffmangel. Es st\u00e4rkt die St\u00e4ngel und das Laub und bietet eine st\u00e4rkere Pflanze, die widerstandsf\u00e4higer gegen \u00e4u\u00dfere Einfl\u00fcsse ist.<\/p>\n<p><strong><img decoding=\"async\" style=\"margin-right: 12px;\" src=\"https:\/\/www.ferberpainting.com\/wp-content\/uploads\/2026\/02\/Check.svg\" alt=\"\" width=\"18\" height=\"15\" \/>Sichtbare Ergebnisse in k\u00fcrzester Zeit.<\/strong>\u00a0Schon bei den ersten Anwendungen werden Sie eine deutliche Verbesserung der Laubfarbe, ein kr\u00e4ftigeres Wachstum und eine Zunahme der Bl\u00fcten beobachten. Ihr Spathiphyllum wird dann atemberaubende wei\u00dfe Bl\u00fcten hervorbringen und sein volles Potenzial als \u00fcppige Zierpflanze entfalten.<\/p>\n<h2><strong>Verwendungsprotokoll<\/strong><\/h2>\n<p><strong>Empfohlene Dosierung <\/strong>:<\/p>\n<ul>\n<li><strong>W\u00e4hrend der Vegetationsperiode (Fr\u00fchling-Sommer) <\/strong>Verd\u00fcnnen Sie 5 ml D\u00fcnger pro Liter Wasser und gie\u00dfen Sie alle zwei Wochen.<\/li>\n<li><strong>W\u00e4hrend der Bl\u00fctezeit <\/strong>: einmal w\u00f6chentlich anwenden, um die Bl\u00fctenbildung zu f\u00f6rdern.<\/li>\n<li><strong>Im Herbst und Winter<\/strong>: Verteilen Sie die Anwendungen auf einmal im Monat, um eine \u00dcberlastung der Pflanze w\u00e4hrend der vegetativen Ruhephase zu vermeiden.<\/li>\n<\/ul>\n<p><strong>Methode der Anwendung <\/strong>:<\/p>\n<ul>\n<li>Mischen Sie den D\u00fcnger entsprechend den angegebenen Anteilen mit Wasser.<\/li>\n<li>Gie\u00dfen Sie direkt an der Basis der Pflanze und vermeiden Sie jeden Kontakt mit dem Laub.<\/li>\n<li>Morgens oder am Ende des Tages auftragen, um die N\u00e4hrstoffaufnahme zu optimieren.<\/li>\n<\/ul>\n<p><strong>Vorsichtsma\u00dfnahmen bei der Verwendung <\/strong>:<\/p>\n<ul>\n<li>Halten Sie sich strikt an die Dosierung, um eine \u00dcberd\u00fcngung zu vermeiden.<\/li>\n<li>Bewahren Sie den Beh\u00e4lter an einem k\u00fchlen, trockenen und lichtgesch\u00fctzten Ort auf.<\/li>\n<li>Nicht bei kranken Pflanzen oder Pflanzen unter Wasserstress anwenden.<\/li>\n<\/ul>\n<p>Mit diesem D\u00fcnger f\u00fcr Spathiphyllum und Friedenslilie sorgen Sie f\u00fcr ein \u00fcppiges Wachstum und eine anhaltende Bl\u00fcte Ihrer Pflanze. Seine schnelle Wirkung und ausgewogene Zusammensetzung machen ihn zu einem unverzichtbaren Verb\u00fcndeten f\u00fcr alle Liebhaber von eleganten und bl\u00fchenden Zimmerpflanzen.<\/p>","protected":false},"excerpt":{"rendered":"<p>A powerful fertilizer for optimal growth and abundant flowering.\u00a0Specially designed for spathiphyllum, also known as peace lily, this fertilizer provides your plant with all the essential nutrients for harmonious development. Thanks to its balanced content of nitrogen, phosphorus and potassium (NPK 15-15-15), it stimulates leaf growth, promotes more regular and intense flowering while strengthening resistance [&hellip;]<\/p>\n","protected":false},"featured_media":26622,"comment_status":"open","ping_status":"closed","template":"","meta":{"_uag_custom_page_level_css":"","site-sidebar-layout":"default","site-content-layout":"","ast-site-content-layout":"default","site-content-style":"default","site-sidebar-style":"default","ast-global-header-display":"","ast-banner-title-visibility":"","ast-main-header-display":"","ast-hfb-above-header-display":"","ast-hfb-below-header-display":"","ast-hfb-mobile-header-display":"","site-post-title":"","ast-breadcrumbs-content":"","ast-featured-img":"","footer-sml-layout":"","ast-disable-related-posts":"","theme-transparent-header-meta":"default","adv-header-id-meta":"","stick-header-meta":"","header-above-stick-meta":"","header-main-stick-meta":"","header-below-stick-meta":"","astra-migrate-meta-layouts":"set","ast-page-background-enabled":"default","ast-page-background-meta":{"desktop":{"background-color":"var(--ast-global-color-4)","background-image":"","background-repeat":"repeat","background-position":"center center","background-size":"auto","background-attachment":"scroll","background-type":"","background-media":"","overlay-type":"","overlay-color":"","overlay-opacity":"","overlay-gradient":""},"tablet":{"background-color":"","background-image":"","background-repeat":"repeat","background-position":"center center","background-size":"auto","background-attachment":"scroll","background-type":"","background-media":"","overlay-type":"","overlay-color":"","overlay-opacity":"","overlay-gradient":""},"mobile":{"background-color":"","background-image":"","background-repeat":"repeat","background-position":"center center","background-size":"auto","background-attachment":"scroll","background-type":"","background-media":"","overlay-type":"","overlay-color":"","overlay-opacity":"","overlay-gradient":""}},"ast-content-background-meta":{"desktop":{"background-color":"var(--ast-global-color-5)","background-image":"","background-repeat":"repeat","background-position":"center center","background-size":"auto","background-attachment":"scroll","background-type":"","background-media":"","overlay-type":"","overlay-color":"","overlay-opacity":"","overlay-gradient":""},"tablet":{"background-color":"var(--ast-global-color-5)","background-image":"","background-repeat":"repeat","background-position":"center center","background-size":"auto","background-attachment":"scroll","background-type":"","background-media":"","overlay-type":"","overlay-color":"","overlay-opacity":"","overlay-gradient":""},"mobile":{"background-color":"var(--ast-global-color-5)","background-image":"","background-repeat":"repeat","background-position":"center center","background-size":"auto","background-attachment":"scroll","background-type":"","background-media":"","overlay-type":"","overlay-color":"","overlay-opacity":"","overlay-gradient":""}}},"product_brand":[],"product_cat":[178],"product_tag":[],"class_list":{"0":"post-24765","1":"product","2":"type-product","3":"status-publish","4":"has-post-thumbnail","6":"product_cat-fertilizers","7":"desktop-align-left","8":"tablet-align-left","9":"mobile-align-left","11":"first","12":"instock","13":"sale","14":"taxable","15":"shipping-taxable","16":"purchasable","17":"product-type-variable","18":"has-default-attributes"},"spectra_custom_meta":{"_visibility":["visible"],"_shopify_product_id":["9072670834933"],"_s2w_shopify_domain":["ferberpainting.myshopify.com"],"_shopify_variant_id":["46522176471285"],"_sku":[""],"_manage_stock":["no"],"total_sales":["0"],"_tax_status":["taxable"],"_tax_class":[""],"_backorders":["no"],"_sold_individually":["no"],"_virtual":["no"],"_downloadable":["no"],"_download_limit":["-1"],"_download_expiry":["-1"],"_stock":[null],"_stock_status":["instock"],"_wc_average_rating":["4.63"],"_wc_review_count":["8"],"_product_attributes":["a:1:{s:6:\"volume\";a:6:{s:4:\"name\";s:6:\"Volume\";s:5:\"value\";s:20:\"5 liters | 25 liters\";s:8:\"position\";i:1;s:10:\"is_visible\";i:0;s:12:\"is_variation\";i:1;s:11:\"is_taxonomy\";i:0;}}"],"_product_version":["10.5.1"],"_thumbnail_id":["26622"],"_product_image_gallery":["26623"],"wpse_downloadable_file_names":[""],"wpse_downloadable_file_urls":[""],"_edit_last":["1"],"_default_attributes":["a:1:{s:6:\"volume\";s:8:\"5 liters\";}"],"_edit_lock":["1771195568:1"],"_price":["29.90","129.90"],"merchant-center-availability":["yes"],"merchant-center-category":["113"],"_wp_page_template":["default"],"site-sidebar-layout":["default"],"ast-site-content-layout":["default"],"site-content-style":["default"],"site-sidebar-style":["default"],"theme-transparent-header-meta":["default"],"_wc_rating_count":["a:2:{i:4;i:3;i:5;i:5;}"],"astra-migrate-meta-layouts":["set"],"_uag_css_file_name":["uag-css-24765.css"],"_elementor_page_assets":["a:0:{}"],"_uag_page_assets":["a:9:{s:3:\"css\";s:7133:\".uag-blocks-common-selector{z-index:var(--z-index-desktop) !important}@media(max-width: 976px){.uag-blocks-common-selector{z-index:var(--z-index-tablet) !important}}@media(max-width: 767px){.uag-blocks-common-selector{z-index:var(--z-index-mobile) !important}}.wp-block-uagb-image{display:flex}.wp-block-uagb-image__figure{position:relative;display:flex;flex-direction:column;max-width:100%;height:auto;margin:0}.wp-block-uagb-image__figure img{height:auto;display:flex;max-width:100%;transition:box-shadow .2s ease}.wp-block-uagb-image__figure>a{display:inline-block}.wp-block-uagb-image__figure figcaption{text-align:center;margin-top:.5em;margin-bottom:1em}.wp-block-uagb-image .components-placeholder.block-editor-media-placeholder .components-placeholder__instructions{align-self:center}.wp-block-uagb-image--align-left{text-align:left}.wp-block-uagb-image--align-right{text-align:right}.wp-block-uagb-image--align-center{text-align:center}.wp-block-uagb-image--align-full .wp-block-uagb-image__figure{margin-left:calc(50% - 50vw);margin-right:calc(50% - 50vw);max-width:100vw;width:100vw;height:auto}.wp-block-uagb-image--align-full .wp-block-uagb-image__figure img{height:auto;width:100% !important}.wp-block-uagb-image--align-wide .wp-block-uagb-image__figure img{height:auto;width:100%}.wp-block-uagb-image--layout-overlay__color-wrapper{position:absolute;left:0;top:0;right:0;bottom:0;opacity:.2;background:rgba(0,0,0,.5);transition:opacity .35s ease-in-out}.wp-block-uagb-image--layout-overlay-link{position:absolute;left:0;right:0;bottom:0;top:0}.wp-block-uagb-image--layout-overlay .wp-block-uagb-image__figure:hover .wp-block-uagb-image--layout-overlay__color-wrapper{opacity:1}.wp-block-uagb-image--layout-overlay__inner{position:absolute;left:15px;right:15px;bottom:15px;top:15px;display:flex;align-items:center;justify-content:center;flex-direction:column;border-color:#fff;transition:.35s ease-in-out}.wp-block-uagb-image--layout-overlay__inner.top-left,.wp-block-uagb-image--layout-overlay__inner.top-center,.wp-block-uagb-image--layout-overlay__inner.top-right{justify-content:flex-start}.wp-block-uagb-image--layout-overlay__inner.bottom-left,.wp-block-uagb-image--layout-overlay__inner.bottom-center,.wp-block-uagb-image--layout-overlay__inner.bottom-right{justify-content:flex-end}.wp-block-uagb-image--layout-overlay__inner.top-left,.wp-block-uagb-image--layout-overlay__inner.center-left,.wp-block-uagb-image--layout-overlay__inner.bottom-left{align-items:flex-start}.wp-block-uagb-image--layout-overlay__inner.top-right,.wp-block-uagb-image--layout-overlay__inner.center-right,.wp-block-uagb-image--layout-overlay__inner.bottom-right{align-items:flex-end}.wp-block-uagb-image--layout-overlay__inner .uagb-image-heading{color:#fff;transition:transform .35s,opacity .35s ease-in-out;transform:translate3d(0, 24px, 0);margin:0;line-height:1em}.wp-block-uagb-image--layout-overlay__inner .uagb-image-separator{width:30%;border-top-width:2px;border-top-color:#fff;border-top-style:solid;margin-bottom:10px;opacity:0;transition:transform .4s,opacity .4s ease-in-out;transform:translate3d(0, 30px, 0)}.wp-block-uagb-image--layout-overlay__inner .uagb-image-caption{opacity:0;overflow:visible;color:#fff;transition:transform .45s,opacity .45s ease-in-out;transform:translate3d(0, 35px, 0)}.wp-block-uagb-image--layout-overlay__inner:hover .uagb-image-heading,.wp-block-uagb-image--layout-overlay__inner:hover .uagb-image-separator,.wp-block-uagb-image--layout-overlay__inner:hover .uagb-image-caption{opacity:1;transform:translate3d(0, 0, 0)}.wp-block-uagb-image--effect-zoomin .wp-block-uagb-image__figure img,.wp-block-uagb-image--effect-zoomin .wp-block-uagb-image__figure .wp-block-uagb-image--layout-overlay__color-wrapper{transform:scale(1);transition:transform .35s ease-in-out}.wp-block-uagb-image--effect-zoomin .wp-block-uagb-image__figure:hover img,.wp-block-uagb-image--effect-zoomin .wp-block-uagb-image__figure:hover .wp-block-uagb-image--layout-overlay__color-wrapper{transform:scale(1.05)}.wp-block-uagb-image--effect-slide .wp-block-uagb-image__figure img,.wp-block-uagb-image--effect-slide .wp-block-uagb-image__figure .wp-block-uagb-image--layout-overlay__color-wrapper{width:calc(100% + 40px) !important;max-width:none !important;transform:translate3d(-40px, 0, 0);transition:transform .35s ease-in-out}.wp-block-uagb-image--effect-slide .wp-block-uagb-image__figure:hover img,.wp-block-uagb-image--effect-slide .wp-block-uagb-image__figure:hover .wp-block-uagb-image--layout-overlay__color-wrapper{transform:translate3d(0, 0, 0)}.wp-block-uagb-image--effect-grayscale img{filter:grayscale(0%);transition:.35s ease-in-out}.wp-block-uagb-image--effect-grayscale:hover img{filter:grayscale(100%)}.wp-block-uagb-image--effect-blur img{filter:blur(0);transition:.35s ease-in-out}.wp-block-uagb-image--effect-blur:hover img{filter:blur(3px)}.uagb-block-e6f939b3.wp-block-uagb-image--layout-default figure img{box-shadow: 0px 0px 0 #00000070;}.uagb-block-e6f939b3.wp-block-uagb-image .wp-block-uagb-image__figure figcaption{font-style: normal;align-self: center;}.uagb-block-e6f939b3.wp-block-uagb-image--layout-overlay figure img{box-shadow: 0px 0px 0 #00000070;}.uagb-block-e6f939b3.wp-block-uagb-image--layout-overlay .wp-block-uagb-image--layout-overlay__color-wrapper{opacity: 0.2;}.uagb-block-e6f939b3.wp-block-uagb-image--layout-overlay .wp-block-uagb-image--layout-overlay__inner{left: 15px;right: 15px;top: 15px;bottom: 15px;}.uagb-block-e6f939b3.wp-block-uagb-image--layout-overlay .wp-block-uagb-image--layout-overlay__inner .uagb-image-heading{font-style: normal;color: #fff;opacity: 1;}.uagb-block-e6f939b3.wp-block-uagb-image--layout-overlay .wp-block-uagb-image--layout-overlay__inner .uagb-image-heading a{color: #fff;}.uagb-block-e6f939b3.wp-block-uagb-image--layout-overlay .wp-block-uagb-image--layout-overlay__inner .uagb-image-caption{opacity: 0;}.uagb-block-e6f939b3.wp-block-uagb-image--layout-overlay .wp-block-uagb-image__figure:hover .wp-block-uagb-image--layout-overlay__color-wrapper{opacity: 1;}.uagb-block-e6f939b3.wp-block-uagb-image .wp-block-uagb-image--layout-overlay__inner .uagb-image-separator{width: 30%;border-top-width: 2px;border-top-color: #fff;opacity: 0;}.uagb-block-e6f939b3.wp-block-uagb-image .wp-block-uagb-image__figure img{width: px;height: auto;}.uagb-block-e6f939b3.wp-block-uagb-image .wp-block-uagb-image__figure:hover .wp-block-uagb-image--layout-overlay__inner .uagb-image-caption{opacity: 1;}.uagb-block-e6f939b3.wp-block-uagb-image .wp-block-uagb-image__figure:hover .wp-block-uagb-image--layout-overlay__inner .uagb-image-separator{opacity: 1;}.uagb-block-e6f939b3.wp-block-uagb-image--layout-default figure:hover img{box-shadow: 0px 0px 0 #00000070;}.uagb-block-e6f939b3.wp-block-uagb-image--layout-overlay figure:hover img{box-shadow: 0px 0px 0 #00000070;}@media only screen and (max-width: 976px) {.uagb-block-e6f939b3.wp-block-uagb-image .wp-block-uagb-image__figure img{width: px;height: auto;}}@media only screen and (max-width: 767px) {.uagb-block-e6f939b3.wp-block-uagb-image .wp-block-uagb-image__figure img{width: px;height: auto;}}\";s:2:\"js\";s:0:\"\";s:18:\"current_block_list\";a:13:{i:0;s:11:\"core\/search\";i:1;s:10:\"core\/group\";i:2;s:12:\"core\/heading\";i:3;s:17:\"core\/latest-posts\";i:4;s:20:\"core\/latest-comments\";i:5;s:13:\"core\/archives\";i:6;s:15:\"core\/categories\";i:7;s:14:\"core\/paragraph\";i:8;s:10:\"uagb\/image\";i:9;s:11:\"core\/spacer\";i:10;s:30:\"woocommerce\/product-categories\";i:11;s:10:\"core\/image\";i:12;s:14:\"core\/shortcode\";}s:8:\"uag_flag\";b:1;s:11:\"uag_version\";s:10:\"1777330203\";s:6:\"gfonts\";a:0:{}s:10:\"gfonts_url\";s:0:\"\";s:12:\"gfonts_files\";a:0:{}s:14:\"uag_faq_layout\";b:0;}"]},"uagb_featured_image_src":{"full":["https:\/\/www.ferberpainting.com\/wp-content\/uploads\/2025\/05\/PeaceLilyandSpathiphyllumFertilizer5L.png",2560,2560,false],"thumbnail":["https:\/\/www.ferberpainting.com\/wp-content\/uploads\/2025\/05\/PeaceLilyandSpathiphyllumFertilizer5L-150x150.png",150,150,true],"medium":["https:\/\/www.ferberpainting.com\/wp-content\/uploads\/2025\/05\/PeaceLilyandSpathiphyllumFertilizer5L-300x300.png",300,300,true],"medium_large":["https:\/\/www.ferberpainting.com\/wp-content\/uploads\/2025\/05\/PeaceLilyandSpathiphyllumFertilizer5L-768x768.png",768,768,true],"large":["https:\/\/www.ferberpainting.com\/wp-content\/uploads\/2025\/05\/PeaceLilyandSpathiphyllumFertilizer5L-1024x1024.png",1024,1024,true],"1536x1536":["https:\/\/www.ferberpainting.com\/wp-content\/uploads\/2025\/05\/PeaceLilyandSpathiphyllumFertilizer5L-1536x1536.png",1536,1536,true],"2048x2048":["https:\/\/www.ferberpainting.com\/wp-content\/uploads\/2025\/05\/PeaceLilyandSpathiphyllumFertilizer5L-2048x2048.png",2048,2048,true],"trp-custom-language-flag":["https:\/\/www.ferberpainting.com\/wp-content\/uploads\/2025\/05\/PeaceLilyandSpathiphyllumFertilizer5L-12x12.png",12,12,true],"woocommerce_thumbnail":["https:\/\/www.ferberpainting.com\/wp-content\/uploads\/2025\/05\/PeaceLilyandSpathiphyllumFertilizer5L-300x300.png",300,300,true],"woocommerce_single":["https:\/\/www.ferberpainting.com\/wp-content\/uploads\/2025\/05\/PeaceLilyandSpathiphyllumFertilizer5L-600x600.png",600,600,true],"woocommerce_gallery_thumbnail":["https:\/\/www.ferberpainting.com\/wp-content\/uploads\/2025\/05\/PeaceLilyandSpathiphyllumFertilizer5L-100x100.png",100,100,true]},"uagb_author_info":{"display_name":"admin","author_link":"https:\/\/www.ferberpainting.com\/de\/author\/"},"uagb_comment_info":8,"uagb_excerpt":"A powerful fertilizer for optimal growth and abundant flowering.\u00a0Specially designed for spathiphyllum, also known as peace lily, this fertilizer provides your plant with all the essential nutrients for harmonious development. Thanks to its balanced content of nitrogen, phosphorus and potassium (NPK 15-15-15), it stimulates leaf growth, promotes more regular and intense flowering while strengthening resistance&hellip;","_links":{"self":[{"href":"https:\/\/www.ferberpainting.com\/de\/wp-json\/wp\/v2\/product\/24765","targetHints":{"allow":["GET"]}}],"collection":[{"href":"https:\/\/www.ferberpainting.com\/de\/wp-json\/wp\/v2\/product"}],"about":[{"href":"https:\/\/www.ferberpainting.com\/de\/wp-json\/wp\/v2\/types\/product"}],"replies":[{"embeddable":true,"href":"https:\/\/www.ferberpainting.com\/de\/wp-json\/wp\/v2\/comments?post=24765"}],"version-history":[{"count":4,"href":"https:\/\/www.ferberpainting.com\/de\/wp-json\/wp\/v2\/product\/24765\/revisions"}],"predecessor-version":[{"id":166707,"href":"https:\/\/www.ferberpainting.com\/de\/wp-json\/wp\/v2\/product\/24765\/revisions\/166707"}],"wp:featuredmedia":[{"embeddable":true,"href":"https:\/\/www.ferberpainting.com\/de\/wp-json\/wp\/v2\/media\/26622"}],"wp:attachment":[{"href":"https:\/\/www.ferberpainting.com\/de\/wp-json\/wp\/v2\/media?parent=24765"}],"wp:term":[{"taxonomy":"product_brand","embeddable":true,"href":"https:\/\/www.ferberpainting.com\/de\/wp-json\/wp\/v2\/product_brand?post=24765"},{"taxonomy":"product_cat","embeddable":true,"href":"https:\/\/www.ferberpainting.com\/de\/wp-json\/wp\/v2\/product_cat?post=24765"},{"taxonomy":"product_tag","embeddable":true,"href":"https:\/\/www.ferberpainting.com\/de\/wp-json\/wp\/v2\/product_tag?post=24765"}],"curies":[{"name":"wp","href":"https:\/\/api.w.org\/{rel}","templated":true}]}}