{"id":24721,"date":"2025-07-01T00:36:03","date_gmt":"2025-06-30T22:36:03","guid":{"rendered":"https:\/\/www.ferberpainting.com\/?post_type=product&#038;p=24721"},"modified":"2026-02-20T08:47:00","modified_gmt":"2026-02-20T07:47:00","slug":"natural-stone-granite-cleaner","status":"publish","type":"product","link":"https:\/\/www.ferberpainting.com\/de\/products\/natural-stone-granite-cleaner\/","title":{"rendered":"Naturstein- und Granit-Reiniger"},"content":{"rendered":"<p><strong><img decoding=\"async\" style=\"margin-right: 12px;\" src=\"https:\/\/www.ferberpainting.com\/wp-content\/uploads\/2026\/02\/Check.svg\" alt=\"\" width=\"18\" height=\"15\" \/>Optimale Effektivit\u00e4t.<\/strong>\u00a0Dieser Reiniger f\u00fcr Granit und Naturstein wurde speziell entwickelt, um Flecken, Kalkablagerungen, Fettflecken, organische R\u00fcckst\u00e4nde und andere Verunreinigungen, die den Glanz mineralischer Oberfl\u00e4chen beeintr\u00e4chtigen, wirksam zu entfernen. Seine kraftvolle Formel dringt tief ein, um die nat\u00fcrliche Sch\u00f6nheit des Steins wiederherzustellen und gleichzeitig seine Struktur zu bewahren. Es reinigt, ohne empfindliche Oberfl\u00e4chen zu ver\u00e4ndern oder zu besch\u00e4digen, und bietet eine wirksame und lang anhaltende Pflege.<\/p>\n<p><strong><img decoding=\"async\" style=\"margin-right: 12px;\" src=\"https:\/\/www.ferberpainting.com\/wp-content\/uploads\/2026\/02\/Check.svg\" alt=\"\" width=\"18\" height=\"15\" \/>Geld-zur\u00fcck-Garantie.<\/strong>\u00a0Wir sind von der Leistung unseres Reinigers \u00fcberzeugt. Wenn Sie nach der Anwendung nicht vollst\u00e4ndig mit dem Ergebnis zufrieden sind, haben Sie Anspruch auf eine volle R\u00fcckerstattung. Testen Sie unser Produkt risikofrei und bringen Sie den Glanz und die Eleganz Ihrer Natursteinoberfl\u00e4chen mit Leichtigkeit zur\u00fcck.<\/p>\n<p><strong><img decoding=\"async\" style=\"margin-right: 12px;\" src=\"https:\/\/www.ferberpainting.com\/wp-content\/uploads\/2026\/02\/Check.svg\" alt=\"\" width=\"18\" height=\"15\" \/>Au\u00dfergew\u00f6hnliche Vielseitigkeit.<\/strong> Dieser Reiniger ist nicht nur f\u00fcr Granit geeignet, sondern auch f\u00fcr andere Natursteine wie Marmor, Schiefer, Travertin, Kalkstein, Blaustein, Quarzit und sogar f\u00fcr einige polierte Betonfl\u00e4chen. Es eignet sich perfekt f\u00fcr Arbeitsplatten, B\u00f6den, W\u00e4nde, Treppen, Spritzschutzw\u00e4nde, Duschbereiche und sogar Grabsteine und Au\u00dfenpflaster. Dank seiner breiten Kompatibilit\u00e4t mit vielen Oberfl\u00e4chen garantiert es eine optimale Reinigung bei gleichzeitiger Erhaltung der Qualit\u00e4t von Natursteinen.<\/p>\n<p><strong><img decoding=\"async\" style=\"margin-right: 12px;\" src=\"https:\/\/www.ferberpainting.com\/wp-content\/uploads\/2026\/02\/Check.svg\" alt=\"\" width=\"18\" height=\"15\" \/>Kosteng\u00fcnstig.<\/strong>\u00a0Mit seinem 5-Liter-Kanister und seiner hochwirksamen Formel bietet dieser Reiniger eine hervorragende Ergiebigkeit. Eine kleine Menge reicht aus, um gro\u00dfe Fl\u00e4chen ohne Abfall zu reinigen. Im Durchschnitt reinigt ein Liter des Produkts bis zu 50 m\u00b2 Naturstein und ist damit eine kosteng\u00fcnstige und zuverl\u00e4ssige L\u00f6sung f\u00fcr die Pflege von Steinoberfl\u00e4chen im Innen- und Au\u00dfenbereich.<\/p>\n<p><strong><img decoding=\"async\" style=\"margin-right: 12px;\" src=\"https:\/\/www.ferberpainting.com\/wp-content\/uploads\/2026\/02\/Check.svg\" alt=\"\" width=\"18\" height=\"15\" \/>Sicher in der Anwendung.<\/strong>\u00a0Im Gegensatz zu s\u00e4urehaltigen oder scheuernden Reinigern, die Naturstein besch\u00e4digen k\u00f6nnen, ist dieser Reiniger speziell f\u00fcr eine sanfte und sichere Reinigung konzipiert. Er enth\u00e4lt keine aggressiven L\u00f6sungsmittel, setzt keine giftigen D\u00e4mpfe frei und verursacht keine Hautreizungen. Er respektiert die por\u00f6se Struktur des Steins und gew\u00e4hrleistet eine gr\u00fcndliche Reinigung, ohne ihn zu ver\u00e4ndern. Er eignet sich perfekt f\u00fcr K\u00fcchen, B\u00e4der und Au\u00dfenbereiche und kann gefahrlos in der N\u00e4he von Kindern und Haustieren verwendet werden.<\/p>\n<p><strong><img decoding=\"async\" style=\"margin-right: 12px;\" src=\"https:\/\/www.ferberpainting.com\/wp-content\/uploads\/2026\/02\/Check.svg\" alt=\"\" width=\"18\" height=\"15\" \/>Benutzerfreundlichkeit.<\/strong>\u00a0Dieses Produkt ist gebrauchsfertig und erfordert keine Verd\u00fcnnung oder komplexe Vorbereitung. Es kann direkt mit einem Schwamm, Lappen, Mopp oder Spr\u00fcher auf die Oberfl\u00e4che aufgetragen werden. Seine schnelle Wirkung und intuitive Anwendung erm\u00f6glichen eine effektive Reinigung in nur wenigen einfachen Schritten, m\u00fchelos und ohne \u00fcberm\u00e4\u00dfiges Absp\u00fclen.<\/p>\n<p><strong><img decoding=\"async\" style=\"margin-right: 12px;\" src=\"https:\/\/www.ferberpainting.com\/wp-content\/uploads\/2026\/02\/Check.svg\" alt=\"\" width=\"18\" height=\"15\" \/>Verbesserte Langlebigkeit.<\/strong>\u00a0Durch die Entfernung von R\u00fcckst\u00e4nden und die Erhaltung der Integrit\u00e4t von Naturstein tr\u00e4gt dieser Reiniger dazu bei, den Glanz und die langfristige Widerstandsf\u00e4higkeit der Oberfl\u00e4che zu erhalten. Er verhindert das Verstopfen der Poren und die Bildung von hartn\u00e4ckigen Flecken und l\u00e4sst Ihre Oberfl\u00e4chen sauber und elegant aussehen. Bei regelm\u00e4\u00dfiger Pflege mit diesem Produkt bleibt das nat\u00fcrliche Aussehen des Steins erhalten, ohne dass die Gefahr einer Besch\u00e4digung besteht.<\/p>\n<p><strong><img decoding=\"async\" style=\"margin-right: 12px;\" src=\"https:\/\/www.ferberpainting.com\/wp-content\/uploads\/2026\/02\/Check.svg\" alt=\"\" width=\"18\" height=\"15\" \/>Schnelle Aktion.<\/strong>\u00a0Dank seiner hochwirksamen Formel wirkt dieser Reiniger sofort auf Ru\u00df und eingebetteten Schmutz. In nur wenigen Minuten l\u00f6st er Flecken und hilft, sie zu entfernen, ohne dass ein intensives Schrubben erforderlich ist. Seine Sofortwirkung ist ideal f\u00fcr die schnelle und effiziente Reinigung von Natursteinoberfl\u00e4chen im Innen- und Au\u00dfenbereich.<\/p>\n<h2><strong>Gebrauchsanweisung<\/strong><\/h2>\n<ul>\n<li><strong>Vorbereitung <\/strong>: Vergewissern Sie sich vor dem Auftragen des Produkts, dass der Untergrund staub- und schmutzfrei ist, indem Sie fegen oder staubsaugen.<\/li>\n<li><strong>Manuelle Anwendung <\/strong>: Geben Sie eine kleine Menge des Reinigers auf einen Schwamm, ein Tuch oder einen Mopp und verteilen Sie ihn mit kreisenden Bewegungen gleichm\u00e4\u00dfig auf dem Stein, um Verunreinigungen zu l\u00f6sen.<\/li>\n<li><strong>Einsatz auf gro\u00dfen Fl\u00e4chen <\/strong>: F\u00fcr B\u00f6den und gro\u00dfe Fl\u00e4chen einen Mikrofasermopp oder einen mit dem Produkt getr\u00e4nkten, leicht angefeuchteten Mopp verwenden und \u00fcber die gesamte Fl\u00e4che wischen, ohne zu stark zu schrubben.<\/li>\n<li><strong>Reinigung hartn\u00e4ckiger Flecken <\/strong>: Lassen Sie das Produkt bei hartn\u00e4ckigen Flecken 5 bis 10 Minuten einwirken, bevor Sie es mit einer weichen B\u00fcrste oder einem nicht scheuernden Schwamm sanft abschrubben und anschlie\u00dfend abwischen.<\/li>\n<li><strong>Sp\u00fclung <\/strong>: F\u00fcr die allgemeine Reinigung ist kein Absp\u00fclen erforderlich. Bei Oberfl\u00e4chen, die Wasser ausgesetzt sind, wie z. B. Arbeitsplatten oder Duschen, sollten Sie jedoch mit einem feuchten Tuch nachwischen, um ein perfektes Ergebnis zu erzielen.<\/li>\n<li><strong>Trocknung und Veredelung <\/strong>: Lassen Sie es an der Luft trocknen oder wischen Sie es mit einem sauberen, trockenen Mikrofasertuch ab, um ein gl\u00e4nzendes und streifenfreies Finish zu erhalten.<\/li>\n<li><strong>H\u00e4ufigkeit der Nutzung <\/strong>: Einmal w\u00f6chentlich f\u00fcr die Routinereinigung oder sobald sichtbarer Schmutz oder Flecken auftreten, um Ablagerungen zu vermeiden. F\u00fcr Au\u00dfenfl\u00e4chen wird eine monatliche Reinigung empfohlen, um den nat\u00fcrlichen Glanz von Granit und Stein zu erhalten.<\/li>\n<li><strong>Lagerung <\/strong>: Verschlie\u00dfen Sie den Kanister nach dem Gebrauch wieder fest und lagern Sie ihn an einem k\u00fchlen, trockenen Ort, gesch\u00fctzt vor Licht und extremen Temperaturen, um die Wirksamkeit des Produkts \u00fcber l\u00e4ngere Zeit zu erhalten.<\/li>\n<\/ul>\n<p>Mit unserem Granit- und Natursteinreiniger sorgen Sie f\u00fcr eine optimale, schnelle und effektive Pflege und bewahren gleichzeitig den Glanz und die Haltbarkeit Ihrer mineralischen Oberfl\u00e4chen. Eine perfekte L\u00f6sung, um die nat\u00fcrliche Sch\u00f6nheit von Granit und Stein m\u00fchelos zu sch\u00fctzen und zu verbessern.<\/p>","protected":false},"excerpt":{"rendered":"<p>Optimal Effectiveness.\u00a0This cleaner for granite and natural stone is specially designed to effectively eliminate stains, limescale deposits, grease marks, organic residues, and other impurities that tarnish the shine of mineral surfaces. Its powerful formula penetrates deeply to restore the natural beauty of stone while preserving its structure. It cleans without altering or damaging delicate surfaces, [&hellip;]<\/p>\n","protected":false},"featured_media":36080,"comment_status":"open","ping_status":"closed","template":"","meta":{"_uag_custom_page_level_css":"","site-sidebar-layout":"default","site-content-layout":"","ast-site-content-layout":"default","site-content-style":"default","site-sidebar-style":"default","ast-global-header-display":"","ast-banner-title-visibility":"","ast-main-header-display":"","ast-hfb-above-header-display":"","ast-hfb-below-header-display":"","ast-hfb-mobile-header-display":"","site-post-title":"","ast-breadcrumbs-content":"","ast-featured-img":"","footer-sml-layout":"","ast-disable-related-posts":"","theme-transparent-header-meta":"default","adv-header-id-meta":"","stick-header-meta":"","header-above-stick-meta":"","header-main-stick-meta":"","header-below-stick-meta":"","astra-migrate-meta-layouts":"set","ast-page-background-enabled":"default","ast-page-background-meta":{"desktop":{"background-color":"var(--ast-global-color-4)","background-image":"","background-repeat":"repeat","background-position":"center center","background-size":"auto","background-attachment":"scroll","background-type":"","background-media":"","overlay-type":"","overlay-color":"","overlay-opacity":"","overlay-gradient":""},"tablet":{"background-color":"","background-image":"","background-repeat":"repeat","background-position":"center center","background-size":"auto","background-attachment":"scroll","background-type":"","background-media":"","overlay-type":"","overlay-color":"","overlay-opacity":"","overlay-gradient":""},"mobile":{"background-color":"","background-image":"","background-repeat":"repeat","background-position":"center center","background-size":"auto","background-attachment":"scroll","background-type":"","background-media":"","overlay-type":"","overlay-color":"","overlay-opacity":"","overlay-gradient":""}},"ast-content-background-meta":{"desktop":{"background-color":"var(--ast-global-color-5)","background-image":"","background-repeat":"repeat","background-position":"center center","background-size":"auto","background-attachment":"scroll","background-type":"","background-media":"","overlay-type":"","overlay-color":"","overlay-opacity":"","overlay-gradient":""},"tablet":{"background-color":"var(--ast-global-color-5)","background-image":"","background-repeat":"repeat","background-position":"center center","background-size":"auto","background-attachment":"scroll","background-type":"","background-media":"","overlay-type":"","overlay-color":"","overlay-opacity":"","overlay-gradient":""},"mobile":{"background-color":"var(--ast-global-color-5)","background-image":"","background-repeat":"repeat","background-position":"center center","background-size":"auto","background-attachment":"scroll","background-type":"","background-media":"","overlay-type":"","overlay-color":"","overlay-opacity":"","overlay-gradient":""}}},"product_brand":[],"product_cat":[175],"product_tag":[],"class_list":{"0":"post-24721","1":"product","2":"type-product","3":"status-publish","4":"has-post-thumbnail","6":"product_cat-cleaning-products","7":"desktop-align-left","8":"tablet-align-left","9":"mobile-align-left","11":"first","12":"instock","13":"sale","14":"taxable","15":"shipping-taxable","16":"purchasable","17":"product-type-variable","18":"has-default-attributes"},"spectra_custom_meta":{"_visibility":["visible"],"_shopify_product_id":["9102428504309"],"_s2w_shopify_domain":["ferberpainting.myshopify.com"],"_shopify_variant_id":["46616245502197"],"_sku":[""],"_manage_stock":["no"],"total_sales":["127"],"_tax_status":["taxable"],"_tax_class":[""],"_backorders":["no"],"_sold_individually":["no"],"_virtual":["no"],"_downloadable":["no"],"_download_limit":["-1"],"_download_expiry":["-1"],"_stock":[null],"_stock_status":["instock"],"_wc_average_rating":["5.00"],"_wc_review_count":["1"],"_product_attributes":["a:1:{s:6:\"volume\";a:6:{s:4:\"name\";s:6:\"Volume\";s:5:\"value\";s:20:\"5 liters | 25 liters\";s:8:\"position\";i:1;s:10:\"is_visible\";i:0;s:12:\"is_variation\";i:1;s:11:\"is_taxonomy\";i:0;}}"],"_product_version":["10.5.2"],"wpse_downloadable_file_names":[""],"wpse_downloadable_file_urls":[""],"_edit_last":["1"],"_default_attributes":["a:1:{s:6:\"volume\";s:8:\"5 liters\";}"],"_edit_lock":["1772576143:3822"],"_price":["29.90","129.90"],"merchant-center-availability":["yes"],"merchant-center-category":["7504"],"_thumbnail_id":["36080"],"_wp_page_template":["default"],"_wp_old_date":["2025-05-26"],"_product_image_gallery":["36081"],"site-sidebar-layout":["default"],"ast-site-content-layout":["default"],"site-content-style":["default"],"site-sidebar-style":["default"],"theme-transparent-header-meta":["default"],"_wc_rating_count":["a:1:{i:5;i:1;}"],"astra-migrate-meta-layouts":["set"],"_uag_css_file_name":["uag-css-24721.css"],"_elementor_page_assets":["a:0:{}"],"_uag_page_assets":["a:9:{s:3:\"css\";s:7133:\".uag-blocks-common-selector{z-index:var(--z-index-desktop) !important}@media(max-width: 976px){.uag-blocks-common-selector{z-index:var(--z-index-tablet) !important}}@media(max-width: 767px){.uag-blocks-common-selector{z-index:var(--z-index-mobile) !important}}.wp-block-uagb-image{display:flex}.wp-block-uagb-image__figure{position:relative;display:flex;flex-direction:column;max-width:100%;height:auto;margin:0}.wp-block-uagb-image__figure img{height:auto;display:flex;max-width:100%;transition:box-shadow .2s ease}.wp-block-uagb-image__figure>a{display:inline-block}.wp-block-uagb-image__figure figcaption{text-align:center;margin-top:.5em;margin-bottom:1em}.wp-block-uagb-image .components-placeholder.block-editor-media-placeholder .components-placeholder__instructions{align-self:center}.wp-block-uagb-image--align-left{text-align:left}.wp-block-uagb-image--align-right{text-align:right}.wp-block-uagb-image--align-center{text-align:center}.wp-block-uagb-image--align-full .wp-block-uagb-image__figure{margin-left:calc(50% - 50vw);margin-right:calc(50% - 50vw);max-width:100vw;width:100vw;height:auto}.wp-block-uagb-image--align-full .wp-block-uagb-image__figure img{height:auto;width:100% !important}.wp-block-uagb-image--align-wide .wp-block-uagb-image__figure img{height:auto;width:100%}.wp-block-uagb-image--layout-overlay__color-wrapper{position:absolute;left:0;top:0;right:0;bottom:0;opacity:.2;background:rgba(0,0,0,.5);transition:opacity .35s ease-in-out}.wp-block-uagb-image--layout-overlay-link{position:absolute;left:0;right:0;bottom:0;top:0}.wp-block-uagb-image--layout-overlay .wp-block-uagb-image__figure:hover .wp-block-uagb-image--layout-overlay__color-wrapper{opacity:1}.wp-block-uagb-image--layout-overlay__inner{position:absolute;left:15px;right:15px;bottom:15px;top:15px;display:flex;align-items:center;justify-content:center;flex-direction:column;border-color:#fff;transition:.35s ease-in-out}.wp-block-uagb-image--layout-overlay__inner.top-left,.wp-block-uagb-image--layout-overlay__inner.top-center,.wp-block-uagb-image--layout-overlay__inner.top-right{justify-content:flex-start}.wp-block-uagb-image--layout-overlay__inner.bottom-left,.wp-block-uagb-image--layout-overlay__inner.bottom-center,.wp-block-uagb-image--layout-overlay__inner.bottom-right{justify-content:flex-end}.wp-block-uagb-image--layout-overlay__inner.top-left,.wp-block-uagb-image--layout-overlay__inner.center-left,.wp-block-uagb-image--layout-overlay__inner.bottom-left{align-items:flex-start}.wp-block-uagb-image--layout-overlay__inner.top-right,.wp-block-uagb-image--layout-overlay__inner.center-right,.wp-block-uagb-image--layout-overlay__inner.bottom-right{align-items:flex-end}.wp-block-uagb-image--layout-overlay__inner .uagb-image-heading{color:#fff;transition:transform .35s,opacity .35s ease-in-out;transform:translate3d(0, 24px, 0);margin:0;line-height:1em}.wp-block-uagb-image--layout-overlay__inner .uagb-image-separator{width:30%;border-top-width:2px;border-top-color:#fff;border-top-style:solid;margin-bottom:10px;opacity:0;transition:transform .4s,opacity .4s ease-in-out;transform:translate3d(0, 30px, 0)}.wp-block-uagb-image--layout-overlay__inner .uagb-image-caption{opacity:0;overflow:visible;color:#fff;transition:transform .45s,opacity .45s ease-in-out;transform:translate3d(0, 35px, 0)}.wp-block-uagb-image--layout-overlay__inner:hover .uagb-image-heading,.wp-block-uagb-image--layout-overlay__inner:hover .uagb-image-separator,.wp-block-uagb-image--layout-overlay__inner:hover .uagb-image-caption{opacity:1;transform:translate3d(0, 0, 0)}.wp-block-uagb-image--effect-zoomin .wp-block-uagb-image__figure img,.wp-block-uagb-image--effect-zoomin .wp-block-uagb-image__figure .wp-block-uagb-image--layout-overlay__color-wrapper{transform:scale(1);transition:transform .35s ease-in-out}.wp-block-uagb-image--effect-zoomin .wp-block-uagb-image__figure:hover img,.wp-block-uagb-image--effect-zoomin .wp-block-uagb-image__figure:hover .wp-block-uagb-image--layout-overlay__color-wrapper{transform:scale(1.05)}.wp-block-uagb-image--effect-slide .wp-block-uagb-image__figure img,.wp-block-uagb-image--effect-slide .wp-block-uagb-image__figure .wp-block-uagb-image--layout-overlay__color-wrapper{width:calc(100% + 40px) !important;max-width:none !important;transform:translate3d(-40px, 0, 0);transition:transform .35s ease-in-out}.wp-block-uagb-image--effect-slide .wp-block-uagb-image__figure:hover img,.wp-block-uagb-image--effect-slide .wp-block-uagb-image__figure:hover .wp-block-uagb-image--layout-overlay__color-wrapper{transform:translate3d(0, 0, 0)}.wp-block-uagb-image--effect-grayscale img{filter:grayscale(0%);transition:.35s ease-in-out}.wp-block-uagb-image--effect-grayscale:hover img{filter:grayscale(100%)}.wp-block-uagb-image--effect-blur img{filter:blur(0);transition:.35s ease-in-out}.wp-block-uagb-image--effect-blur:hover img{filter:blur(3px)}.uagb-block-e6f939b3.wp-block-uagb-image--layout-default figure img{box-shadow: 0px 0px 0 #00000070;}.uagb-block-e6f939b3.wp-block-uagb-image .wp-block-uagb-image__figure figcaption{font-style: normal;align-self: center;}.uagb-block-e6f939b3.wp-block-uagb-image--layout-overlay figure img{box-shadow: 0px 0px 0 #00000070;}.uagb-block-e6f939b3.wp-block-uagb-image--layout-overlay .wp-block-uagb-image--layout-overlay__color-wrapper{opacity: 0.2;}.uagb-block-e6f939b3.wp-block-uagb-image--layout-overlay .wp-block-uagb-image--layout-overlay__inner{left: 15px;right: 15px;top: 15px;bottom: 15px;}.uagb-block-e6f939b3.wp-block-uagb-image--layout-overlay .wp-block-uagb-image--layout-overlay__inner .uagb-image-heading{font-style: normal;color: #fff;opacity: 1;}.uagb-block-e6f939b3.wp-block-uagb-image--layout-overlay .wp-block-uagb-image--layout-overlay__inner .uagb-image-heading a{color: #fff;}.uagb-block-e6f939b3.wp-block-uagb-image--layout-overlay .wp-block-uagb-image--layout-overlay__inner .uagb-image-caption{opacity: 0;}.uagb-block-e6f939b3.wp-block-uagb-image--layout-overlay .wp-block-uagb-image__figure:hover .wp-block-uagb-image--layout-overlay__color-wrapper{opacity: 1;}.uagb-block-e6f939b3.wp-block-uagb-image .wp-block-uagb-image--layout-overlay__inner .uagb-image-separator{width: 30%;border-top-width: 2px;border-top-color: #fff;opacity: 0;}.uagb-block-e6f939b3.wp-block-uagb-image .wp-block-uagb-image__figure img{width: px;height: auto;}.uagb-block-e6f939b3.wp-block-uagb-image .wp-block-uagb-image__figure:hover .wp-block-uagb-image--layout-overlay__inner .uagb-image-caption{opacity: 1;}.uagb-block-e6f939b3.wp-block-uagb-image .wp-block-uagb-image__figure:hover .wp-block-uagb-image--layout-overlay__inner .uagb-image-separator{opacity: 1;}.uagb-block-e6f939b3.wp-block-uagb-image--layout-default figure:hover img{box-shadow: 0px 0px 0 #00000070;}.uagb-block-e6f939b3.wp-block-uagb-image--layout-overlay figure:hover img{box-shadow: 0px 0px 0 #00000070;}@media only screen and (max-width: 976px) {.uagb-block-e6f939b3.wp-block-uagb-image .wp-block-uagb-image__figure img{width: px;height: auto;}}@media only screen and (max-width: 767px) {.uagb-block-e6f939b3.wp-block-uagb-image .wp-block-uagb-image__figure img{width: px;height: auto;}}\";s:2:\"js\";s:0:\"\";s:18:\"current_block_list\";a:13:{i:0;s:11:\"core\/search\";i:1;s:10:\"core\/group\";i:2;s:12:\"core\/heading\";i:3;s:17:\"core\/latest-posts\";i:4;s:20:\"core\/latest-comments\";i:5;s:13:\"core\/archives\";i:6;s:15:\"core\/categories\";i:7;s:14:\"core\/paragraph\";i:8;s:10:\"uagb\/image\";i:9;s:11:\"core\/spacer\";i:10;s:30:\"woocommerce\/product-categories\";i:11;s:10:\"core\/image\";i:12;s:14:\"core\/shortcode\";}s:8:\"uag_flag\";b:1;s:11:\"uag_version\";s:10:\"1777197364\";s:6:\"gfonts\";a:0:{}s:10:\"gfonts_url\";s:0:\"\";s:12:\"gfonts_files\";a:0:{}s:14:\"uag_faq_layout\";b:0;}"]},"uagb_featured_image_src":{"full":["https:\/\/www.ferberpainting.com\/wp-content\/uploads\/2025\/05\/Natural-Stone-Granite-Cleaner-5L.png",2560,2560,false],"thumbnail":["https:\/\/www.ferberpainting.com\/wp-content\/uploads\/2025\/05\/Natural-Stone-Granite-Cleaner-5L-150x150.png",150,150,true],"medium":["https:\/\/www.ferberpainting.com\/wp-content\/uploads\/2025\/05\/Natural-Stone-Granite-Cleaner-5L-300x300.png",300,300,true],"medium_large":["https:\/\/www.ferberpainting.com\/wp-content\/uploads\/2025\/05\/Natural-Stone-Granite-Cleaner-5L-768x768.png",768,768,true],"large":["https:\/\/www.ferberpainting.com\/wp-content\/uploads\/2025\/05\/Natural-Stone-Granite-Cleaner-5L-1024x1024.png",1024,1024,true],"1536x1536":["https:\/\/www.ferberpainting.com\/wp-content\/uploads\/2025\/05\/Natural-Stone-Granite-Cleaner-5L-1536x1536.png",1536,1536,true],"2048x2048":["https:\/\/www.ferberpainting.com\/wp-content\/uploads\/2025\/05\/Natural-Stone-Granite-Cleaner-5L-2048x2048.png",2048,2048,true],"trp-custom-language-flag":["https:\/\/www.ferberpainting.com\/wp-content\/uploads\/2025\/05\/Natural-Stone-Granite-Cleaner-5L-12x12.png",12,12,true],"woocommerce_thumbnail":["https:\/\/www.ferberpainting.com\/wp-content\/uploads\/2025\/05\/Natural-Stone-Granite-Cleaner-5L-300x300.png",300,300,true],"woocommerce_single":["https:\/\/www.ferberpainting.com\/wp-content\/uploads\/2025\/05\/Natural-Stone-Granite-Cleaner-5L-600x600.png",600,600,true],"woocommerce_gallery_thumbnail":["https:\/\/www.ferberpainting.com\/wp-content\/uploads\/2025\/05\/Natural-Stone-Granite-Cleaner-5L-100x100.png",100,100,true]},"uagb_author_info":{"display_name":"admin","author_link":"https:\/\/www.ferberpainting.com\/de\/author\/"},"uagb_comment_info":1,"uagb_excerpt":"Optimal Effectiveness.\u00a0This cleaner for granite and natural stone is specially designed to effectively eliminate stains, limescale deposits, grease marks, organic residues, and other impurities that tarnish the shine of mineral surfaces. Its powerful formula penetrates deeply to restore the natural beauty of stone while preserving its structure. It cleans without altering or damaging delicate surfaces,&hellip;","_links":{"self":[{"href":"https:\/\/www.ferberpainting.com\/de\/wp-json\/wp\/v2\/product\/24721","targetHints":{"allow":["GET"]}}],"collection":[{"href":"https:\/\/www.ferberpainting.com\/de\/wp-json\/wp\/v2\/product"}],"about":[{"href":"https:\/\/www.ferberpainting.com\/de\/wp-json\/wp\/v2\/types\/product"}],"replies":[{"embeddable":true,"href":"https:\/\/www.ferberpainting.com\/de\/wp-json\/wp\/v2\/comments?post=24721"}],"version-history":[{"count":5,"href":"https:\/\/www.ferberpainting.com\/de\/wp-json\/wp\/v2\/product\/24721\/revisions"}],"predecessor-version":[{"id":170588,"href":"https:\/\/www.ferberpainting.com\/de\/wp-json\/wp\/v2\/product\/24721\/revisions\/170588"}],"wp:featuredmedia":[{"embeddable":true,"href":"https:\/\/www.ferberpainting.com\/de\/wp-json\/wp\/v2\/media\/36080"}],"wp:attachment":[{"href":"https:\/\/www.ferberpainting.com\/de\/wp-json\/wp\/v2\/media?parent=24721"}],"wp:term":[{"taxonomy":"product_brand","embeddable":true,"href":"https:\/\/www.ferberpainting.com\/de\/wp-json\/wp\/v2\/product_brand?post=24721"},{"taxonomy":"product_cat","embeddable":true,"href":"https:\/\/www.ferberpainting.com\/de\/wp-json\/wp\/v2\/product_cat?post=24721"},{"taxonomy":"product_tag","embeddable":true,"href":"https:\/\/www.ferberpainting.com\/de\/wp-json\/wp\/v2\/product_tag?post=24721"}],"curies":[{"name":"wp","href":"https:\/\/api.w.org\/{rel}","templated":true}]}}