{"id":23799,"date":"2025-05-26T10:25:33","date_gmt":"2025-05-26T08:25:33","guid":{"rendered":"https:\/\/www.ferberpainting.com\/products\/live-bacteria-for-septic-tank\/"},"modified":"2026-02-15T20:46:52","modified_gmt":"2026-02-15T19:46:52","slug":"live-bacteria-for-septic-tank","status":"publish","type":"product","link":"https:\/\/www.ferberpainting.com\/de\/products\/live-bacteria-for-septic-tank\/","title":{"rendered":"Lebende Bakterien f\u00fcr Kl\u00e4rgruben"},"content":{"rendered":"<p><strong><img decoding=\"async\" style=\"margin-right: 12px;\" src=\"https:\/\/www.ferberpainting.com\/wp-content\/uploads\/2026\/02\/Check.svg\" alt=\"\" width=\"18\" height=\"15\" \/>Die optimale Leistung der Kl\u00e4rgrube auf nat\u00fcrliche Weise wiederherstellen und erhalten.<\/strong> Unsere lebenden Bakterien f\u00fcr die Behandlung von Kl\u00e4rgruben wurden speziell entwickelt, um die nat\u00fcrlichen biologischen Prozesse in Ihrer Kl\u00e4ranlage zu unterst\u00fctzen und zu verbessern. Durch die Einf\u00fchrung aktiver, n\u00fctzlicher Mikroorganismen tr\u00e4gt es dazu bei, dass organische Abf\u00e4lle effizient abgebaut werden und Ihre Kl\u00e4rgrube das ganze Jahr \u00fcber reibungslos funktioniert.<\/p>\n<p><strong><img decoding=\"async\" style=\"margin-right: 12px;\" src=\"https:\/\/www.ferberpainting.com\/wp-content\/uploads\/2026\/02\/Check.svg\" alt=\"\" width=\"18\" height=\"15\" \/>Enth\u00e4lt etwa 100.000 lebende Bakterien pro Gramm f\u00fcr eine starke biologische Wirkung.<\/strong> Jedes Gramm dieser fortschrittlichen Formel enth\u00e4lt etwa 100.000 aktive Bakterien, die sorgf\u00e4ltig nach ihrer F\u00e4higkeit ausgew\u00e4hlt wurden, organische Stoffe zu verdauen. Diese Mikroorganismen vermehren sich in der Kl\u00e4rgrube, beschleunigen die Zersetzung der Abf\u00e4lle und verbessern das allgemeine Gleichgewicht des Systems.<\/p>\n<p><strong><img decoding=\"async\" style=\"margin-right: 12px;\" src=\"https:\/\/www.ferberpainting.com\/wp-content\/uploads\/2026\/02\/Check.svg\" alt=\"\" width=\"18\" height=\"15\" \/>Die wirksamste biologische Behandlung f\u00fcr Kl\u00e4rgruben auf dem Markt.<\/strong> Dieses Produkt wurde mit hochwertigen lebenden Bakterienkulturen entwickelt und wirkt tief im Tank, um Fette, \u00d6le, Schmiere, Papier und andere organische Materialien abzubauen. Es f\u00f6rdert die nat\u00fcrlichen Verdauungsprozesse viel effektiver als einfache chemische Zus\u00e4tze, die das bakterielle Gleichgewicht st\u00f6ren k\u00f6nnen.<\/p>\n<p><strong><img decoding=\"async\" style=\"margin-right: 12px;\" src=\"https:\/\/www.ferberpainting.com\/wp-content\/uploads\/2026\/02\/Check.svg\" alt=\"\" width=\"18\" height=\"15\" \/>Geld-zur\u00fcck-Garantie f\u00fcr absoluten Seelenfrieden.<\/strong> Wir haben volles Vertrauen in die Leistung und Zuverl\u00e4ssigkeit unserer Lebendbakterien f\u00fcr die septische Behandlung. Wenn Sie mit den Ergebnissen nicht zufrieden sind, erstatten wir Ihnen den Kaufpreis. Unsere Geld-zur\u00fcck-Garantie stellt sicher, dass Ihre Investition v\u00f6llig risikofrei ist und spiegelt unser Engagement f\u00fcr die Bereitstellung von professionellen Wartungsl\u00f6sungen wider.<\/p>\n<p><strong><img decoding=\"async\" style=\"margin-right: 12px;\" src=\"https:\/\/www.ferberpainting.com\/wp-content\/uploads\/2026\/02\/Check.svg\" alt=\"\" width=\"18\" height=\"15\" \/>Die preiswerteste hochwirksame Behandlung von F\u00e4ulnisbakterien.<\/strong> Eine wirksame Wartung der Kl\u00e4ranlage erfordert keine teuren Servicebesuche oder kostspielige Pumparbeiten. Unsere biologische Behandlung bietet erstklassige Leistung zum g\u00fcnstigsten Preis auf dem Markt und bietet Hausbesitzern einen au\u00dfergew\u00f6hnlichen langfristigen Wert.<\/p>\n<p><strong><img decoding=\"async\" style=\"margin-right: 12px;\" src=\"https:\/\/www.ferberpainting.com\/wp-content\/uploads\/2026\/02\/Check.svg\" alt=\"\" width=\"18\" height=\"15\" \/>Nur eine Flasche pro Jahr f\u00fcr einfache Wartung.<\/strong> Eine Flasche pro Jahr reicht aus, um die Kl\u00e4rgrube eines normalen Haushalts zu reinigen. Diese j\u00e4hrliche Behandlung bietet eine kontinuierliche Unterst\u00fctzung des mikrobiellen \u00d6kosystems im Inneren des Tanks und macht die Wartung einfach und bequem.<\/p>\n<p><strong><img decoding=\"async\" style=\"margin-right: 12px;\" src=\"https:\/\/www.ferberpainting.com\/wp-content\/uploads\/2026\/02\/Check.svg\" alt=\"\" width=\"18\" height=\"15\" \/>Reduziert Ger\u00fcche und unangenehme Ger\u00fcche.<\/strong> Durch die Beschleunigung des Abbaus organischer Abf\u00e4lle tragen die lebenden Bakterien dazu bei, die Produktion \u00fcbel riechender Gase zu minimieren. Die regelm\u00e4\u00dfige Anwendung tr\u00e4gt zu einer frischeren und hygienischeren Umgebung von Kl\u00e4ranlagen bei.<\/p>\n<p><strong><img decoding=\"async\" style=\"margin-right: 12px;\" src=\"https:\/\/www.ferberpainting.com\/wp-content\/uploads\/2026\/02\/Check.svg\" alt=\"\" width=\"18\" height=\"15\" \/>Hilft, Verstopfungen und Schlammansammlungen zu verhindern.<\/strong> Die aktiven Bakterienkulturen verdauen feste Abf\u00e4lle und reduzieren die Schlammbildung. Sie tragen dazu bei, einen ordnungsgem\u00e4\u00dfen Durchfluss aufrechtzuerhalten und verhindern kostspielige Verstopfungen oder R\u00fcckstaus in Rohren und Abflussfeldern.<\/p>\n<p><strong><img decoding=\"async\" style=\"margin-right: 12px;\" src=\"https:\/\/www.ferberpainting.com\/wp-content\/uploads\/2026\/02\/Check.svg\" alt=\"\" width=\"18\" height=\"15\" \/>Unterst\u00fctzt eine umweltfreundliche Abfallbehandlung.<\/strong> Diese biologische L\u00f6sung arbeitet im Einklang mit nat\u00fcrlichen Prozessen und vermeidet scharfe Chemikalien, die n\u00fctzliche Bakterien sch\u00e4digen oder das Grundwasser verschmutzen k\u00f6nnen. Sie f\u00f6rdert einen nachhaltigen und umweltbewussten Ansatz bei der Pflege von Kl\u00e4rsystemen.<\/p>\n<p><strong><img decoding=\"async\" style=\"margin-right: 12px;\" src=\"https:\/\/www.ferberpainting.com\/wp-content\/uploads\/2026\/02\/Check.svg\" alt=\"\" width=\"18\" height=\"15\" \/>Geeignet f\u00fcr Hauskl\u00e4ranlagen und kleine Abwassersysteme.<\/strong> Dieses Produkt ist ideal f\u00fcr Haushalte mit Kl\u00e4rgruben, Senkgruben und kleinen unabh\u00e4ngigen Abwasserbehandlungssystemen. Es passt sich an verschiedene Tankgr\u00f6\u00dfen unter normalen Haushaltsbedingungen an.<\/p>\n<h2><strong>Anweisungen<\/strong><\/h2>\n<ul>\n<li>Sch\u00fctteln Sie die Flasche vor Gebrauch gut, um eine gleichm\u00e4\u00dfige Verteilung der Bakterienkulturen zu gew\u00e4hrleisten.<\/li>\n<li>F\u00fcr Standard-Abwassertanks in Privathaushalten sollte eine volle Flasche pro Jahr im Rahmen der routinem\u00e4\u00dfigen Wartung verwendet werden.<\/li>\n<li>Sch\u00fctten Sie den Inhalt direkt in eine Toilette und sp\u00fclen Sie, damit die Bakterien in die Kl\u00e4ranlage gelangen k\u00f6nnen.<\/li>\n<li>Alternativ kann das Produkt auch in Wasser verd\u00fcnnt und in ein Waschbecken oder einen an die Kl\u00e4rgrube angeschlossenen Abfluss gegossen werden.<\/li>\n<li>Wenden Sie die Behandlung an, wenn das System normal arbeitet, und vermeiden Sie den Einsatz gro\u00dfer Mengen chemischer Reinigungsmittel unmittelbar danach.<\/li>\n<li>Die besten Ergebnisse erzielen Sie, wenn Sie die Bakterien w\u00e4hrend eines Zeitraums einf\u00fchren, in dem sie regelm\u00e4\u00dfig im Haushalt verwendet werden, um die Verteilung im gesamten Tank zu f\u00f6rdern.<\/li>\n<li>Vermeiden Sie die Kombination mit scharfen antibakteriellen Chemikalien oder \u00fcberm\u00e4\u00dfigen Bleichmitteln, da diese die bakterielle Aktivit\u00e4t verringern k\u00f6nnen.<\/li>\n<li>Bei starkem Gebrauch oder gr\u00f6\u00dferen Tanks sollten Sie einen Fachmann konsultieren, um festzustellen, ob eine zus\u00e4tzliche Dosierung erforderlich ist.<\/li>\n<li>Setzen Sie die routinem\u00e4\u00dfigen Inspektionen von Kl\u00e4rsystemen und Abpumppl\u00e4ne gem\u00e4\u00df den \u00f6rtlichen Vorschriften fort.<\/li>\n<li>Lagern Sie das Produkt an einem k\u00fchlen, trockenen Ort, gesch\u00fctzt vor direktem Sonnenlicht, um die Lebensf\u00e4higkeit der Bakterien zu erhalten.<\/li>\n<\/ul>\n<p>Die regelm\u00e4\u00dfige Anwendung dieser Kl\u00e4rgrubenbehandlung mit lebenden Bakterien tr\u00e4gt zur Aufrechterhaltung einer ausgewogenen mikrobiellen Umgebung in Ihrem Abwassersystem bei. Durch die Bereitstellung von etwa 100.000 Bakterien pro Gramm st\u00e4rkt das Produkt die nat\u00fcrlichen Zersetzungsprozesse, reduziert die Schlammansammlung, minimiert die Geruchsbildung und unterst\u00fctzt die langfristige Effizienz der Kl\u00e4rgrube. Die einfache, einmalige Anwendung pro Jahr macht die Wartung m\u00fchelos und bietet gleichzeitig eine zuverl\u00e4ssige und umweltfreundliche Leistung.<\/p>","protected":false},"excerpt":{"rendered":"<p>Restore and maintain optimal septic tank performance naturally. Our live bacteria for septic tank treatment is specially formulated to support and enhance the natural biological processes inside your septic system. By introducing active, beneficial microorganisms, it helps break down organic waste efficiently and keeps your septic tank functioning smoothly throughout the year. Contains approximately 100,000 [&hellip;]<\/p>\n","protected":false},"featured_media":26257,"comment_status":"open","ping_status":"closed","template":"","meta":{"_uag_custom_page_level_css":"","site-sidebar-layout":"default","site-content-layout":"","ast-site-content-layout":"default","site-content-style":"default","site-sidebar-style":"default","ast-global-header-display":"","ast-banner-title-visibility":"","ast-main-header-display":"","ast-hfb-above-header-display":"","ast-hfb-below-header-display":"","ast-hfb-mobile-header-display":"","site-post-title":"","ast-breadcrumbs-content":"","ast-featured-img":"","footer-sml-layout":"","ast-disable-related-posts":"","theme-transparent-header-meta":"default","adv-header-id-meta":"","stick-header-meta":"","header-above-stick-meta":"","header-main-stick-meta":"","header-below-stick-meta":"","astra-migrate-meta-layouts":"set","ast-page-background-enabled":"default","ast-page-background-meta":{"desktop":{"background-color":"var(--ast-global-color-4)","background-image":"","background-repeat":"repeat","background-position":"center center","background-size":"auto","background-attachment":"scroll","background-type":"","background-media":"","overlay-type":"","overlay-color":"","overlay-opacity":"","overlay-gradient":""},"tablet":{"background-color":"","background-image":"","background-repeat":"repeat","background-position":"center center","background-size":"auto","background-attachment":"scroll","background-type":"","background-media":"","overlay-type":"","overlay-color":"","overlay-opacity":"","overlay-gradient":""},"mobile":{"background-color":"","background-image":"","background-repeat":"repeat","background-position":"center center","background-size":"auto","background-attachment":"scroll","background-type":"","background-media":"","overlay-type":"","overlay-color":"","overlay-opacity":"","overlay-gradient":""}},"ast-content-background-meta":{"desktop":{"background-color":"var(--ast-global-color-5)","background-image":"","background-repeat":"repeat","background-position":"center center","background-size":"auto","background-attachment":"scroll","background-type":"","background-media":"","overlay-type":"","overlay-color":"","overlay-opacity":"","overlay-gradient":""},"tablet":{"background-color":"var(--ast-global-color-5)","background-image":"","background-repeat":"repeat","background-position":"center center","background-size":"auto","background-attachment":"scroll","background-type":"","background-media":"","overlay-type":"","overlay-color":"","overlay-opacity":"","overlay-gradient":""},"mobile":{"background-color":"var(--ast-global-color-5)","background-image":"","background-repeat":"repeat","background-position":"center center","background-size":"auto","background-attachment":"scroll","background-type":"","background-media":"","overlay-type":"","overlay-color":"","overlay-opacity":"","overlay-gradient":""}}},"product_brand":[],"product_cat":[175],"product_tag":[],"class_list":{"0":"post-23799","1":"product","2":"type-product","3":"status-publish","4":"has-post-thumbnail","6":"product_cat-cleaning-products","7":"desktop-align-left","8":"tablet-align-left","9":"mobile-align-left","11":"first","12":"instock","13":"shipping-taxable","14":"purchasable","15":"product-type-simple"},"spectra_custom_meta":{"_visibility":["visible"],"_shopify_product_id":["7954850152693"],"_s2w_shopify_domain":["ferberpainting.myshopify.com"],"_shopify_variant_id":["43513609322741"],"_sku":["FPBACTERIASEPTICTANK"],"_regular_price":["29.90"],"_price":["29.90"],"_sale_price":[""],"_weight":["1.3"],"_thumbnail_id":["26257"],"_global_unique_id":["5056773801592"],"total_sales":["243"],"_tax_status":["taxable"],"_tax_class":[""],"_manage_stock":["no"],"_backorders":["no"],"_sold_individually":["no"],"_virtual":["no"],"_downloadable":["no"],"_download_limit":["-1"],"_download_expiry":["-1"],"_stock":[null],"_stock_status":["instock"],"_wc_average_rating":["4.91"],"_wc_review_count":["70"],"_product_version":["10.5.1"],"_wc_rating_count":["a:2:{i:4;i:6;i:5;i:64;}"],"_edit_lock":["1771184694:1"],"merchant-center-availability":["yes"],"merchant-center-id":["LBFST"],"merchant-center-category":["7470"],"_edit_last":["1"],"_wp_page_template":["default"],"site-sidebar-layout":["default"],"ast-site-content-layout":["default"],"site-content-style":["default"],"site-sidebar-style":["default"],"theme-transparent-header-meta":["default"],"astra-migrate-meta-layouts":["set"],"_uag_css_file_name":["uag-css-23799.css"],"_elementor_page_assets":["a:0:{}"],"_uag_page_assets":["a:9:{s:3:\"css\";s:6873:\".wp-block-uagb-image{display:flex}.wp-block-uagb-image__figure{position:relative;display:flex;flex-direction:column;max-width:100%;height:auto;margin:0}.wp-block-uagb-image__figure img{height:auto;display:flex;max-width:100%;transition:box-shadow .2s ease}.wp-block-uagb-image__figure>a{display:inline-block}.wp-block-uagb-image__figure figcaption{text-align:center;margin-top:.5em;margin-bottom:1em}.wp-block-uagb-image .components-placeholder.block-editor-media-placeholder .components-placeholder__instructions{align-self:center}.wp-block-uagb-image--align-left{text-align:left}.wp-block-uagb-image--align-right{text-align:right}.wp-block-uagb-image--align-center{text-align:center}.wp-block-uagb-image--align-full .wp-block-uagb-image__figure{margin-left:calc(50% - 50vw);margin-right:calc(50% - 50vw);max-width:100vw;width:100vw;height:auto}.wp-block-uagb-image--align-full .wp-block-uagb-image__figure img{height:auto;width:100% !important}.wp-block-uagb-image--align-wide .wp-block-uagb-image__figure img{height:auto;width:100%}.wp-block-uagb-image--layout-overlay__color-wrapper{position:absolute;left:0;top:0;right:0;bottom:0;opacity:.2;background:rgba(0,0,0,.5);transition:opacity .35s ease-in-out}.wp-block-uagb-image--layout-overlay-link{position:absolute;left:0;right:0;bottom:0;top:0}.wp-block-uagb-image--layout-overlay .wp-block-uagb-image__figure:hover .wp-block-uagb-image--layout-overlay__color-wrapper{opacity:1}.wp-block-uagb-image--layout-overlay__inner{position:absolute;left:15px;right:15px;bottom:15px;top:15px;display:flex;align-items:center;justify-content:center;flex-direction:column;border-color:#fff;transition:.35s ease-in-out}.wp-block-uagb-image--layout-overlay__inner.top-left,.wp-block-uagb-image--layout-overlay__inner.top-center,.wp-block-uagb-image--layout-overlay__inner.top-right{justify-content:flex-start}.wp-block-uagb-image--layout-overlay__inner.bottom-left,.wp-block-uagb-image--layout-overlay__inner.bottom-center,.wp-block-uagb-image--layout-overlay__inner.bottom-right{justify-content:flex-end}.wp-block-uagb-image--layout-overlay__inner.top-left,.wp-block-uagb-image--layout-overlay__inner.center-left,.wp-block-uagb-image--layout-overlay__inner.bottom-left{align-items:flex-start}.wp-block-uagb-image--layout-overlay__inner.top-right,.wp-block-uagb-image--layout-overlay__inner.center-right,.wp-block-uagb-image--layout-overlay__inner.bottom-right{align-items:flex-end}.wp-block-uagb-image--layout-overlay__inner .uagb-image-heading{color:#fff;transition:transform .35s,opacity .35s ease-in-out;transform:translate3d(0, 24px, 0);margin:0;line-height:1em}.wp-block-uagb-image--layout-overlay__inner .uagb-image-separator{width:30%;border-top-width:2px;border-top-color:#fff;border-top-style:solid;margin-bottom:10px;opacity:0;transition:transform .4s,opacity .4s ease-in-out;transform:translate3d(0, 30px, 0)}.wp-block-uagb-image--layout-overlay__inner .uagb-image-caption{opacity:0;overflow:visible;color:#fff;transition:transform .45s,opacity .45s ease-in-out;transform:translate3d(0, 35px, 0)}.wp-block-uagb-image--layout-overlay__inner:hover .uagb-image-heading,.wp-block-uagb-image--layout-overlay__inner:hover .uagb-image-separator,.wp-block-uagb-image--layout-overlay__inner:hover .uagb-image-caption{opacity:1;transform:translate3d(0, 0, 0)}.wp-block-uagb-image--effect-zoomin .wp-block-uagb-image__figure img,.wp-block-uagb-image--effect-zoomin .wp-block-uagb-image__figure .wp-block-uagb-image--layout-overlay__color-wrapper{transform:scale(1);transition:transform .35s ease-in-out}.wp-block-uagb-image--effect-zoomin .wp-block-uagb-image__figure:hover img,.wp-block-uagb-image--effect-zoomin .wp-block-uagb-image__figure:hover .wp-block-uagb-image--layout-overlay__color-wrapper{transform:scale(1.05)}.wp-block-uagb-image--effect-slide .wp-block-uagb-image__figure img,.wp-block-uagb-image--effect-slide .wp-block-uagb-image__figure .wp-block-uagb-image--layout-overlay__color-wrapper{width:calc(100% + 40px) !important;max-width:none !important;transform:translate3d(-40px, 0, 0);transition:transform .35s ease-in-out}.wp-block-uagb-image--effect-slide .wp-block-uagb-image__figure:hover img,.wp-block-uagb-image--effect-slide .wp-block-uagb-image__figure:hover .wp-block-uagb-image--layout-overlay__color-wrapper{transform:translate3d(0, 0, 0)}.wp-block-uagb-image--effect-grayscale img{filter:grayscale(0%);transition:.35s ease-in-out}.wp-block-uagb-image--effect-grayscale:hover img{filter:grayscale(100%)}.wp-block-uagb-image--effect-blur img{filter:blur(0);transition:.35s ease-in-out}.wp-block-uagb-image--effect-blur:hover img{filter:blur(3px)}.uagb-block-e6f939b3.wp-block-uagb-image--layout-default figure img{box-shadow: 0px 0px 0 #00000070;}.uagb-block-e6f939b3.wp-block-uagb-image .wp-block-uagb-image__figure figcaption{font-style: normal;align-self: center;}.uagb-block-e6f939b3.wp-block-uagb-image--layout-overlay figure img{box-shadow: 0px 0px 0 #00000070;}.uagb-block-e6f939b3.wp-block-uagb-image--layout-overlay .wp-block-uagb-image--layout-overlay__color-wrapper{opacity: 0.2;}.uagb-block-e6f939b3.wp-block-uagb-image--layout-overlay .wp-block-uagb-image--layout-overlay__inner{left: 15px;right: 15px;top: 15px;bottom: 15px;}.uagb-block-e6f939b3.wp-block-uagb-image--layout-overlay .wp-block-uagb-image--layout-overlay__inner .uagb-image-heading{font-style: normal;color: #fff;opacity: 1;}.uagb-block-e6f939b3.wp-block-uagb-image--layout-overlay .wp-block-uagb-image--layout-overlay__inner .uagb-image-heading a{color: #fff;}.uagb-block-e6f939b3.wp-block-uagb-image--layout-overlay .wp-block-uagb-image--layout-overlay__inner .uagb-image-caption{opacity: 0;}.uagb-block-e6f939b3.wp-block-uagb-image--layout-overlay .wp-block-uagb-image__figure:hover .wp-block-uagb-image--layout-overlay__color-wrapper{opacity: 1;}.uagb-block-e6f939b3.wp-block-uagb-image .wp-block-uagb-image--layout-overlay__inner .uagb-image-separator{width: 30%;border-top-width: 2px;border-top-color: #fff;opacity: 0;}.uagb-block-e6f939b3.wp-block-uagb-image .wp-block-uagb-image__figure img{width: px;height: auto;}.uagb-block-e6f939b3.wp-block-uagb-image .wp-block-uagb-image__figure:hover .wp-block-uagb-image--layout-overlay__inner .uagb-image-caption{opacity: 1;}.uagb-block-e6f939b3.wp-block-uagb-image .wp-block-uagb-image__figure:hover .wp-block-uagb-image--layout-overlay__inner .uagb-image-separator{opacity: 1;}.uagb-block-e6f939b3.wp-block-uagb-image--layout-default figure:hover img{box-shadow: 0px 0px 0 #00000070;}.uagb-block-e6f939b3.wp-block-uagb-image--layout-overlay figure:hover img{box-shadow: 0px 0px 0 #00000070;}@media only screen and (max-width: 976px) {.uagb-block-e6f939b3.wp-block-uagb-image .wp-block-uagb-image__figure img{width: px;height: auto;}}@media only screen and (max-width: 767px) {.uagb-block-e6f939b3.wp-block-uagb-image .wp-block-uagb-image__figure img{width: px;height: auto;}}\";s:2:\"js\";s:0:\"\";s:18:\"current_block_list\";a:13:{i:0;s:11:\"core\/search\";i:1;s:10:\"core\/group\";i:2;s:12:\"core\/heading\";i:3;s:17:\"core\/latest-posts\";i:4;s:20:\"core\/latest-comments\";i:5;s:13:\"core\/archives\";i:6;s:15:\"core\/categories\";i:7;s:14:\"core\/paragraph\";i:8;s:10:\"uagb\/image\";i:9;s:11:\"core\/spacer\";i:10;s:30:\"woocommerce\/product-categories\";i:11;s:10:\"core\/image\";i:12;s:14:\"core\/shortcode\";}s:8:\"uag_flag\";b:1;s:11:\"uag_version\";s:10:\"1777114322\";s:6:\"gfonts\";a:0:{}s:10:\"gfonts_url\";s:0:\"\";s:12:\"gfonts_files\";a:0:{}s:14:\"uag_faq_layout\";b:0;}"]},"uagb_featured_image_src":{"full":["https:\/\/www.ferberpainting.com\/wp-content\/uploads\/2025\/05\/Live-Bacteria-for-Septic-Tank_4000x4000_e0a9d681-ecd6-4bc1-8a33-5e662d3a5188.png",2560,2560,false],"thumbnail":["https:\/\/www.ferberpainting.com\/wp-content\/uploads\/2025\/05\/Live-Bacteria-for-Septic-Tank_4000x4000_e0a9d681-ecd6-4bc1-8a33-5e662d3a5188-150x150.png",150,150,true],"medium":["https:\/\/www.ferberpainting.com\/wp-content\/uploads\/2025\/05\/Live-Bacteria-for-Septic-Tank_4000x4000_e0a9d681-ecd6-4bc1-8a33-5e662d3a5188-300x300.png",300,300,true],"medium_large":["https:\/\/www.ferberpainting.com\/wp-content\/uploads\/2025\/05\/Live-Bacteria-for-Septic-Tank_4000x4000_e0a9d681-ecd6-4bc1-8a33-5e662d3a5188-768x768.png",768,768,true],"large":["https:\/\/www.ferberpainting.com\/wp-content\/uploads\/2025\/05\/Live-Bacteria-for-Septic-Tank_4000x4000_e0a9d681-ecd6-4bc1-8a33-5e662d3a5188-1024x1024.png",1024,1024,true],"1536x1536":["https:\/\/www.ferberpainting.com\/wp-content\/uploads\/2025\/05\/Live-Bacteria-for-Septic-Tank_4000x4000_e0a9d681-ecd6-4bc1-8a33-5e662d3a5188-1536x1536.png",1536,1536,true],"2048x2048":["https:\/\/www.ferberpainting.com\/wp-content\/uploads\/2025\/05\/Live-Bacteria-for-Septic-Tank_4000x4000_e0a9d681-ecd6-4bc1-8a33-5e662d3a5188-2048x2048.png",2048,2048,true],"trp-custom-language-flag":["https:\/\/www.ferberpainting.com\/wp-content\/uploads\/2025\/05\/Live-Bacteria-for-Septic-Tank_4000x4000_e0a9d681-ecd6-4bc1-8a33-5e662d3a5188-12x12.png",12,12,true],"woocommerce_thumbnail":["https:\/\/www.ferberpainting.com\/wp-content\/uploads\/2025\/05\/Live-Bacteria-for-Septic-Tank_4000x4000_e0a9d681-ecd6-4bc1-8a33-5e662d3a5188-300x300.png",300,300,true],"woocommerce_single":["https:\/\/www.ferberpainting.com\/wp-content\/uploads\/2025\/05\/Live-Bacteria-for-Septic-Tank_4000x4000_e0a9d681-ecd6-4bc1-8a33-5e662d3a5188-600x600.png",600,600,true],"woocommerce_gallery_thumbnail":["https:\/\/www.ferberpainting.com\/wp-content\/uploads\/2025\/05\/Live-Bacteria-for-Septic-Tank_4000x4000_e0a9d681-ecd6-4bc1-8a33-5e662d3a5188-100x100.png",100,100,true]},"uagb_author_info":{"display_name":"admin","author_link":"https:\/\/www.ferberpainting.com\/de\/author\/"},"uagb_comment_info":70,"uagb_excerpt":"Restore and maintain optimal septic tank performance naturally. Our live bacteria for septic tank treatment is specially formulated to support and enhance the natural biological processes inside your septic system. By introducing active, beneficial microorganisms, it helps break down organic waste efficiently and keeps your septic tank functioning smoothly throughout the year. Contains approximately 100,000&hellip;","_links":{"self":[{"href":"https:\/\/www.ferberpainting.com\/de\/wp-json\/wp\/v2\/product\/23799","targetHints":{"allow":["GET"]}}],"collection":[{"href":"https:\/\/www.ferberpainting.com\/de\/wp-json\/wp\/v2\/product"}],"about":[{"href":"https:\/\/www.ferberpainting.com\/de\/wp-json\/wp\/v2\/types\/product"}],"replies":[{"embeddable":true,"href":"https:\/\/www.ferberpainting.com\/de\/wp-json\/wp\/v2\/comments?post=23799"}],"version-history":[{"count":5,"href":"https:\/\/www.ferberpainting.com\/de\/wp-json\/wp\/v2\/product\/23799\/revisions"}],"predecessor-version":[{"id":166486,"href":"https:\/\/www.ferberpainting.com\/de\/wp-json\/wp\/v2\/product\/23799\/revisions\/166486"}],"wp:featuredmedia":[{"embeddable":true,"href":"https:\/\/www.ferberpainting.com\/de\/wp-json\/wp\/v2\/media\/26257"}],"wp:attachment":[{"href":"https:\/\/www.ferberpainting.com\/de\/wp-json\/wp\/v2\/media?parent=23799"}],"wp:term":[{"taxonomy":"product_brand","embeddable":true,"href":"https:\/\/www.ferberpainting.com\/de\/wp-json\/wp\/v2\/product_brand?post=23799"},{"taxonomy":"product_cat","embeddable":true,"href":"https:\/\/www.ferberpainting.com\/de\/wp-json\/wp\/v2\/product_cat?post=23799"},{"taxonomy":"product_tag","embeddable":true,"href":"https:\/\/www.ferberpainting.com\/de\/wp-json\/wp\/v2\/product_tag?post=23799"}],"curies":[{"name":"wp","href":"https:\/\/api.w.org\/{rel}","templated":true}]}}