{"id":23778,"date":"2025-05-26T10:25:28","date_gmt":"2025-05-26T08:25:28","guid":{"rendered":"https:\/\/www.ferberpainting.com\/products\/lavender-and-rosemary-fertilizer\/"},"modified":"2026-02-15T20:23:15","modified_gmt":"2026-02-15T19:23:15","slug":"lavender-and-rosemary-fertilizer","status":"publish","type":"product","link":"https:\/\/www.ferberpainting.com\/de\/products\/lavender-and-rosemary-fertilizer\/","title":{"rendered":"Lavendel und Rosmarin-D\u00fcnger"},"content":{"rendered":"<p><strong><img decoding=\"async\" style=\"margin-right: 12px;\" src=\"https:\/\/www.ferberpainting.com\/wp-content\/uploads\/2026\/02\/Check.svg\" alt=\"\" width=\"18\" height=\"15\" \/>Ein D\u00fcnger, der das Wachstum und die Bl\u00fcte von aromatischen Pflanzen f\u00f6rdert.<\/strong>\u00a0Lavendel und Rosmarin sind mediterrane Pflanzen, die f\u00fcr ihren Duft, ihre \u00fcppige Bl\u00fcte und ihr ausdauerndes Laub gesch\u00e4tzt werden. Um eine optimale Entwicklung und eine intensive Produktion von \u00e4therischen \u00d6len zu gew\u00e4hrleisten, ben\u00f6tigen sie eine ausgewogene N\u00e4hrstoffzufuhr. Dieser NPK-D\u00fcnger 15-15-15 sorgt f\u00fcr eine vollst\u00e4ndige D\u00fcngung, indem er Stickstoff (N), der f\u00fcr ein dichtes und widerstandsf\u00e4higes Blattwerk wichtig ist, Phosphor (P), der die tiefe Verwurzelung und die Bl\u00fctenbildung f\u00f6rdert, und Kalium (K), das die Krankheitsresistenz und die Toleranz gegen\u00fcber extremer Trockenheit verbessert, liefert. Dank dieses D\u00fcngers werden Ihre Lavendel- und Rosmarinpflanzen kr\u00e4ftiger, bl\u00fchfreudiger und duftender.<\/p>\n<p><strong><img decoding=\"async\" style=\"margin-right: 12px;\" src=\"https:\/\/www.ferberpainting.com\/wp-content\/uploads\/2026\/02\/Check.svg\" alt=\"\" width=\"18\" height=\"15\" \/>Geld-zur\u00fcck-Garantie.<\/strong>\u00a0Wir haben absolutes Vertrauen in die Qualit\u00e4t und Wirksamkeit unseres Lavendel- und Rosmarind\u00fcngers, weshalb wir Ihnen eine Geld-zur\u00fcck-Garantie anbieten. Wenn Ihre Pflanze nach ordnungsgem\u00e4\u00dfer Anwendung wie empfohlen keine signifikanten Verbesserungen in Bezug auf Wachstum, Bl\u00fcte oder Krankheitsresistenz zeigt, versprechen wir Ihnen eine vollst\u00e4ndige R\u00fcckerstattung.<\/p>\n<p><strong><img decoding=\"async\" style=\"margin-right: 12px;\" src=\"https:\/\/www.ferberpainting.com\/wp-content\/uploads\/2026\/02\/Check.svg\" alt=\"\" width=\"18\" height=\"15\" \/>Geeignet f\u00fcr alle Sorten und Anbaubedingungen.<\/strong>\u00a0Dieser D\u00fcnger ist f\u00fcr alle Arten von Lavendel und Rosmarin geeignet, egal ob sie im Freiland, in T\u00f6pfen oder in Pflanzgef\u00e4\u00dfen angebaut werden, und gew\u00e4hrleistet so eine optimale D\u00fcngung in allen Umgebungen. Er wirkt auf allen Bodentypen, ob sandig, kalkhaltig, kiesig oder leicht lehmig, indem er die Bodenstruktur verbessert und die N\u00e4hrstoffaufnahme durch die Wurzeln erleichtert. Ganz gleich, ob Sie echten Lavendel, \u00c4hrenlavendel oder verschiedene Rosmarinsorten anbauen, dieser D\u00fcnger sorgt f\u00fcr ein kr\u00e4ftiges Wachstum und eine \u00fcppige Bl\u00fcte.<\/p>\n<p><strong><img decoding=\"async\" style=\"margin-right: 12px;\" src=\"https:\/\/www.ferberpainting.com\/wp-content\/uploads\/2026\/02\/Check.svg\" alt=\"\" width=\"18\" height=\"15\" \/>Kosteng\u00fcnstige und lang anhaltende D\u00fcngeeffizienz.<\/strong>\u00a0Dank seiner konzentrierten Fl\u00fcssigformel k\u00f6nnen mit einer 5-Liter-Dose bis zu 1000 Liter Fl\u00fcssigd\u00fcngerl\u00f6sung hergestellt werden, was eine lange und sparsame Anwendung garantiert. Mit einer pr\u00e4zisen Dosierung von 5 ml pro Liter Wasser sorgt es f\u00fcr eine optimierte N\u00e4hrstoffzufuhr und hilft, Mangelerscheinungen zu vermeiden und Auswaschungsverluste zu reduzieren. Diese hohe Ergiebigkeit macht es zu einer idealen L\u00f6sung f\u00fcr die D\u00fcngung gro\u00dfer Fl\u00e4chen, ohne die Kosten zu erh\u00f6hen.<\/p>\n<p><strong><img decoding=\"async\" style=\"margin-right: 12px;\" src=\"https:\/\/www.ferberpainting.com\/wp-content\/uploads\/2026\/02\/Check.svg\" alt=\"\" width=\"18\" height=\"15\" \/>Ein sicheres D\u00fcngemittel, das die Umwelt respektiert.<\/strong>\u00a0Dieser D\u00fcnger ist so konzipiert, dass er das nat\u00fcrliche Gleichgewicht des Bodens und des umgebenden \u00d6kosystems respektiert. Er enth\u00e4lt keine sch\u00e4dlichen chemischen Produkte, die die biologische Vielfalt des Bodens ver\u00e4ndern oder Best\u00e4ubern wie Bienen und Schmetterlingen schaden k\u00f6nnten. Er ist auch sicher f\u00fcr Haustiere und Kinder und gew\u00e4hrleistet so eine sichere D\u00fcngung in Ihrem Garten, auf Ihrer Terrasse oder im Freien.<\/p>\n<p><strong><img decoding=\"async\" style=\"margin-right: 12px;\" src=\"https:\/\/www.ferberpainting.com\/wp-content\/uploads\/2026\/02\/Check.svg\" alt=\"\" width=\"18\" height=\"15\" \/>Einfache Anwendung und m\u00fchelose D\u00fcngung.<\/strong>\u00a0Im Gegensatz zu festen D\u00fcngemitteln, die eine sorgf\u00e4ltige und manchmal unregelm\u00e4\u00dfige Ausbringung erfordern, verd\u00fcnnt sich dieser D\u00fcnger sofort in Wasser und wird durch Gie\u00dfen oder Spr\u00fchen ausgebracht, was eine schnelle und effiziente N\u00e4hrstoffaufnahme gew\u00e4hrleistet. Seine einfache und schnelle Anwendungsweise erm\u00f6glicht eine optimale D\u00fcngung ohne Anstrengung und ist sowohl f\u00fcr Hobbyg\u00e4rtner als auch f\u00fcr Profis geeignet.<\/p>\n<p><strong><img decoding=\"async\" style=\"margin-right: 12px;\" src=\"https:\/\/www.ferberpainting.com\/wp-content\/uploads\/2026\/02\/Check.svg\" alt=\"\" width=\"18\" height=\"15\" \/>L\u00e4ngere Bl\u00fctezeit und bessere Widerstandsf\u00e4higkeit gegen Klimastress.<\/strong>\u00a0Dank der progressiven Freisetzung von N\u00e4hrstoffen versorgt dieser D\u00fcnger Lavendel und Rosmarin \u00fcber mehrere Wochen hinweg und sorgt so f\u00fcr ein kontinuierliches Wachstum und eine lang anhaltende Bl\u00fcte. Er tr\u00e4gt auch zur St\u00e4rkung der Widerstandsf\u00e4higkeit der Pflanzen gegen Krankheiten, Sch\u00e4dlinge und schwierige klimatische Bedingungen wie Trockenheit und K\u00e4lte bei.<\/p>\n<p><strong><img decoding=\"async\" style=\"margin-right: 12px;\" src=\"https:\/\/www.ferberpainting.com\/wp-content\/uploads\/2026\/02\/Check.svg\" alt=\"\" width=\"18\" height=\"15\" \/>Sichtbare Ergebnisse schon bei den ersten Anwendungen.<\/strong>\u00a0Schon bei der ersten Anwendung stimuliert dieser D\u00fcnger die Bildung neuer Triebe, verbessert die Triebdichte und verst\u00e4rkt die Bl\u00fctenfarbe. Schon nach wenigen Wochen werden Ihre Lavendel- und Rosmarinpflanzen dichter belaubt sein, \u00fcppiger bl\u00fchen und intensiver duften und Ihren Garten, Balkon oder Ihre Terrasse mit lang anhaltenden Blumend\u00fcften versch\u00f6nern.<\/p>\n<h2>Anweisungen<\/h2>\n<p><strong>D\u00fcngemittelverd\u00fcnnung <\/strong>: Mischen Sie 5 ml D\u00fcnger auf 1 Liter Wasser. Sch\u00fctteln Sie die L\u00f6sung vor jeder Anwendung gut, um eine gleichm\u00e4\u00dfige Verteilung der N\u00e4hrstoffe zu gew\u00e4hrleisten.<\/p>\n<p><strong>Methode der Anwendung <\/strong>:<\/p>\n<ul>\n<li><strong>Durch Bew\u00e4sserung <\/strong>: Gie\u00dfen Sie die verd\u00fcnnte L\u00f6sung direkt auf die Pflanzen, wobei Sie darauf achten, den Boden nicht zu stark zu befeuchten, um ein Auslaufen der N\u00e4hrstoffe zu vermeiden.<\/li>\n<li><strong>Durch Blattspritzen (fakultativ) <\/strong>: Spr\u00fchen Sie die L\u00f6sung fr\u00fchmorgens oder sp\u00e4t am Tag leicht auf die Bl\u00e4tter, um die Absorption zu maximieren, ohne das Risiko einer \u00fcberm\u00e4\u00dfigen Verdunstung.<\/li>\n<\/ul>\n<p><strong>H\u00e4ufigkeit der Anwendung <\/strong>:<\/p>\n<ul>\n<li><strong>W\u00e4hrend der Wachstums- und Bl\u00fctezeit (Fr\u00fchjahr-Sommer) <\/strong>: Tragen Sie den D\u00fcnger alle zwei Wochen auf, um ein kr\u00e4ftiges Wachstum und eine kontinuierliche Bl\u00fcte zu gew\u00e4hrleisten.<\/li>\n<li><strong>W\u00e4hrend der Ruhezeit (Herbst-Winter) <\/strong>: Verringern Sie die H\u00e4ufigkeit auf einmal im Monat, um die Vitalit\u00e4t der Pflanzen zu erhalten, ohne ein \u00fcberm\u00e4\u00dfiges Wachstum zu stimulieren.<\/li>\n<\/ul>\n<p><strong>Zus\u00e4tzliche Bew\u00e4sserung <\/strong>: Warten Sie nach dem Ausbringen des D\u00fcngers 48 Stunden, bevor Sie erneut gie\u00dfen, um die N\u00e4hrstoffaufnahme durch die Wurzeln zu optimieren.<\/p>\n<p><strong>Vorsichtsma\u00dfnahmen bei der Verwendung <\/strong>: \u00dcberschreiten Sie nicht die empfohlenen Dosierungen, um eine \u00fcberm\u00e4\u00dfige Anreicherung von Mineralsalzen im Boden zu vermeiden, die das Wachstum von Lavendel und Rosmarin verlangsamen k\u00f6nnte. Nur auf leicht feuchten B\u00f6den anwenden, um eine optimale N\u00e4hrstoffaufnahme zu gew\u00e4hrleisten.<\/p>\n<p><strong>Lagerung und Konservierung <\/strong>: Lagern Sie den D\u00fcnger an einem trockenen und temperierten Ort, vor Licht und Feuchtigkeit gesch\u00fctzt. Verschlie\u00dfen Sie den Beh\u00e4lter nach jedem Gebrauch wieder, um die Wirksamkeit des Produkts zu erhalten und eine Verdunstung zu vermeiden.<\/p>\n<p>Bieten Sie Ihren Pflanzen mit diesem Lavendel- und Rosmarind\u00fcnger eine Vollnahrung, die perfekt auf ihre spezifischen Bed\u00fcrfnisse abgestimmt ist und f\u00fcr ein kr\u00e4ftiges Wachstum, eine \u00fcppige Bl\u00fcte und einen intensiven Duft sorgt. Er ist die ideale L\u00f6sung, um Ihren Garten, Ihre Terrasse oder Ihren Balkon das ganze Jahr \u00fcber mit gesunden mediterranen Pflanzen zu versch\u00f6nern.<\/p>","protected":false},"excerpt":{"rendered":"<p>A fertilizer designed to promote the growth and flowering of aromatic plants.\u00a0Lavender and rosemary are Mediterranean plants appreciated for their fragrance, their abundant flowering, and their persistent foliage. To ensure optimal development and intense essential oil production, they need a balanced nutritional input. This NPK 15-15-15 fertilizer provides complete fertilization, supplying nitrogen (N) essential for [&hellip;]<\/p>\n","protected":false},"featured_media":26249,"comment_status":"open","ping_status":"closed","template":"","meta":{"_uag_custom_page_level_css":"","site-sidebar-layout":"default","site-content-layout":"","ast-site-content-layout":"default","site-content-style":"default","site-sidebar-style":"default","ast-global-header-display":"","ast-banner-title-visibility":"","ast-main-header-display":"","ast-hfb-above-header-display":"","ast-hfb-below-header-display":"","ast-hfb-mobile-header-display":"","site-post-title":"","ast-breadcrumbs-content":"","ast-featured-img":"","footer-sml-layout":"","ast-disable-related-posts":"","theme-transparent-header-meta":"default","adv-header-id-meta":"","stick-header-meta":"","header-above-stick-meta":"","header-main-stick-meta":"","header-below-stick-meta":"","astra-migrate-meta-layouts":"set","ast-page-background-enabled":"default","ast-page-background-meta":{"desktop":{"background-color":"var(--ast-global-color-4)","background-image":"","background-repeat":"repeat","background-position":"center center","background-size":"auto","background-attachment":"scroll","background-type":"","background-media":"","overlay-type":"","overlay-color":"","overlay-opacity":"","overlay-gradient":""},"tablet":{"background-color":"","background-image":"","background-repeat":"repeat","background-position":"center center","background-size":"auto","background-attachment":"scroll","background-type":"","background-media":"","overlay-type":"","overlay-color":"","overlay-opacity":"","overlay-gradient":""},"mobile":{"background-color":"","background-image":"","background-repeat":"repeat","background-position":"center center","background-size":"auto","background-attachment":"scroll","background-type":"","background-media":"","overlay-type":"","overlay-color":"","overlay-opacity":"","overlay-gradient":""}},"ast-content-background-meta":{"desktop":{"background-color":"var(--ast-global-color-5)","background-image":"","background-repeat":"repeat","background-position":"center center","background-size":"auto","background-attachment":"scroll","background-type":"","background-media":"","overlay-type":"","overlay-color":"","overlay-opacity":"","overlay-gradient":""},"tablet":{"background-color":"var(--ast-global-color-5)","background-image":"","background-repeat":"repeat","background-position":"center center","background-size":"auto","background-attachment":"scroll","background-type":"","background-media":"","overlay-type":"","overlay-color":"","overlay-opacity":"","overlay-gradient":""},"mobile":{"background-color":"var(--ast-global-color-5)","background-image":"","background-repeat":"repeat","background-position":"center center","background-size":"auto","background-attachment":"scroll","background-type":"","background-media":"","overlay-type":"","overlay-color":"","overlay-opacity":"","overlay-gradient":""}}},"product_brand":[],"product_cat":[178],"product_tag":[],"class_list":{"0":"post-23778","1":"product","2":"type-product","3":"status-publish","4":"has-post-thumbnail","6":"product_cat-fertilizers","7":"desktop-align-left","8":"tablet-align-left","9":"mobile-align-left","11":"first","12":"instock","13":"sale","14":"taxable","15":"shipping-taxable","16":"purchasable","17":"product-type-variable","18":"has-default-attributes"},"spectra_custom_meta":{"_visibility":["visible"],"_shopify_product_id":["9067646550261"],"_s2w_shopify_domain":["ferberpainting.myshopify.com"],"_shopify_variant_id":["46508182700277"],"_sku":[""],"_manage_stock":["no"],"total_sales":["18"],"_tax_status":["taxable"],"_tax_class":[""],"_backorders":["no"],"_sold_individually":["no"],"_virtual":["no"],"_downloadable":["no"],"_download_limit":["-1"],"_download_expiry":["-1"],"_stock":[null],"_stock_status":["instock"],"_wc_average_rating":["4.57"],"_wc_review_count":["7"],"_product_attributes":["a:1:{s:6:\"volume\";a:6:{s:4:\"name\";s:6:\"Volume\";s:5:\"value\";s:20:\"5 liters | 25 liters\";s:8:\"position\";i:1;s:10:\"is_visible\";i:0;s:12:\"is_variation\";i:1;s:11:\"is_taxonomy\";i:0;}}"],"_product_version":["10.5.1"],"_thumbnail_id":["26249"],"_product_image_gallery":["26250"],"wpse_downloadable_file_names":[""],"wpse_downloadable_file_urls":[""],"_edit_last":["1"],"_default_attributes":["a:1:{s:6:\"volume\";s:8:\"5 liters\";}"],"_edit_lock":["1771183261:1"],"_price":["29.90","129.90"],"merchant-center-availability":["yes"],"merchant-center-category":["113"],"_wp_page_template":["default"],"site-sidebar-layout":["default"],"ast-site-content-layout":["default"],"site-content-style":["default"],"site-sidebar-style":["default"],"theme-transparent-header-meta":["default"],"_wc_rating_count":["a:2:{i:4;i:3;i:5;i:4;}"],"astra-migrate-meta-layouts":["set"],"_uag_css_file_name":["uag-css-23778.css"],"_elementor_page_assets":["a:0:{}"],"_uag_page_assets":["a:9:{s:3:\"css\";s:7133:\".uag-blocks-common-selector{z-index:var(--z-index-desktop) !important}@media(max-width: 976px){.uag-blocks-common-selector{z-index:var(--z-index-tablet) !important}}@media(max-width: 767px){.uag-blocks-common-selector{z-index:var(--z-index-mobile) !important}}.wp-block-uagb-image{display:flex}.wp-block-uagb-image__figure{position:relative;display:flex;flex-direction:column;max-width:100%;height:auto;margin:0}.wp-block-uagb-image__figure img{height:auto;display:flex;max-width:100%;transition:box-shadow .2s ease}.wp-block-uagb-image__figure>a{display:inline-block}.wp-block-uagb-image__figure figcaption{text-align:center;margin-top:.5em;margin-bottom:1em}.wp-block-uagb-image .components-placeholder.block-editor-media-placeholder .components-placeholder__instructions{align-self:center}.wp-block-uagb-image--align-left{text-align:left}.wp-block-uagb-image--align-right{text-align:right}.wp-block-uagb-image--align-center{text-align:center}.wp-block-uagb-image--align-full .wp-block-uagb-image__figure{margin-left:calc(50% - 50vw);margin-right:calc(50% - 50vw);max-width:100vw;width:100vw;height:auto}.wp-block-uagb-image--align-full .wp-block-uagb-image__figure img{height:auto;width:100% !important}.wp-block-uagb-image--align-wide .wp-block-uagb-image__figure img{height:auto;width:100%}.wp-block-uagb-image--layout-overlay__color-wrapper{position:absolute;left:0;top:0;right:0;bottom:0;opacity:.2;background:rgba(0,0,0,.5);transition:opacity .35s ease-in-out}.wp-block-uagb-image--layout-overlay-link{position:absolute;left:0;right:0;bottom:0;top:0}.wp-block-uagb-image--layout-overlay .wp-block-uagb-image__figure:hover .wp-block-uagb-image--layout-overlay__color-wrapper{opacity:1}.wp-block-uagb-image--layout-overlay__inner{position:absolute;left:15px;right:15px;bottom:15px;top:15px;display:flex;align-items:center;justify-content:center;flex-direction:column;border-color:#fff;transition:.35s ease-in-out}.wp-block-uagb-image--layout-overlay__inner.top-left,.wp-block-uagb-image--layout-overlay__inner.top-center,.wp-block-uagb-image--layout-overlay__inner.top-right{justify-content:flex-start}.wp-block-uagb-image--layout-overlay__inner.bottom-left,.wp-block-uagb-image--layout-overlay__inner.bottom-center,.wp-block-uagb-image--layout-overlay__inner.bottom-right{justify-content:flex-end}.wp-block-uagb-image--layout-overlay__inner.top-left,.wp-block-uagb-image--layout-overlay__inner.center-left,.wp-block-uagb-image--layout-overlay__inner.bottom-left{align-items:flex-start}.wp-block-uagb-image--layout-overlay__inner.top-right,.wp-block-uagb-image--layout-overlay__inner.center-right,.wp-block-uagb-image--layout-overlay__inner.bottom-right{align-items:flex-end}.wp-block-uagb-image--layout-overlay__inner .uagb-image-heading{color:#fff;transition:transform .35s,opacity .35s ease-in-out;transform:translate3d(0, 24px, 0);margin:0;line-height:1em}.wp-block-uagb-image--layout-overlay__inner .uagb-image-separator{width:30%;border-top-width:2px;border-top-color:#fff;border-top-style:solid;margin-bottom:10px;opacity:0;transition:transform .4s,opacity .4s ease-in-out;transform:translate3d(0, 30px, 0)}.wp-block-uagb-image--layout-overlay__inner .uagb-image-caption{opacity:0;overflow:visible;color:#fff;transition:transform .45s,opacity .45s ease-in-out;transform:translate3d(0, 35px, 0)}.wp-block-uagb-image--layout-overlay__inner:hover .uagb-image-heading,.wp-block-uagb-image--layout-overlay__inner:hover .uagb-image-separator,.wp-block-uagb-image--layout-overlay__inner:hover .uagb-image-caption{opacity:1;transform:translate3d(0, 0, 0)}.wp-block-uagb-image--effect-zoomin .wp-block-uagb-image__figure img,.wp-block-uagb-image--effect-zoomin .wp-block-uagb-image__figure .wp-block-uagb-image--layout-overlay__color-wrapper{transform:scale(1);transition:transform .35s ease-in-out}.wp-block-uagb-image--effect-zoomin .wp-block-uagb-image__figure:hover img,.wp-block-uagb-image--effect-zoomin .wp-block-uagb-image__figure:hover .wp-block-uagb-image--layout-overlay__color-wrapper{transform:scale(1.05)}.wp-block-uagb-image--effect-slide .wp-block-uagb-image__figure img,.wp-block-uagb-image--effect-slide .wp-block-uagb-image__figure .wp-block-uagb-image--layout-overlay__color-wrapper{width:calc(100% + 40px) !important;max-width:none !important;transform:translate3d(-40px, 0, 0);transition:transform .35s ease-in-out}.wp-block-uagb-image--effect-slide .wp-block-uagb-image__figure:hover img,.wp-block-uagb-image--effect-slide .wp-block-uagb-image__figure:hover .wp-block-uagb-image--layout-overlay__color-wrapper{transform:translate3d(0, 0, 0)}.wp-block-uagb-image--effect-grayscale img{filter:grayscale(0%);transition:.35s ease-in-out}.wp-block-uagb-image--effect-grayscale:hover img{filter:grayscale(100%)}.wp-block-uagb-image--effect-blur img{filter:blur(0);transition:.35s ease-in-out}.wp-block-uagb-image--effect-blur:hover img{filter:blur(3px)}.uagb-block-e6f939b3.wp-block-uagb-image--layout-default figure img{box-shadow: 0px 0px 0 #00000070;}.uagb-block-e6f939b3.wp-block-uagb-image .wp-block-uagb-image__figure figcaption{font-style: normal;align-self: center;}.uagb-block-e6f939b3.wp-block-uagb-image--layout-overlay figure img{box-shadow: 0px 0px 0 #00000070;}.uagb-block-e6f939b3.wp-block-uagb-image--layout-overlay .wp-block-uagb-image--layout-overlay__color-wrapper{opacity: 0.2;}.uagb-block-e6f939b3.wp-block-uagb-image--layout-overlay .wp-block-uagb-image--layout-overlay__inner{left: 15px;right: 15px;top: 15px;bottom: 15px;}.uagb-block-e6f939b3.wp-block-uagb-image--layout-overlay .wp-block-uagb-image--layout-overlay__inner .uagb-image-heading{font-style: normal;color: #fff;opacity: 1;}.uagb-block-e6f939b3.wp-block-uagb-image--layout-overlay .wp-block-uagb-image--layout-overlay__inner .uagb-image-heading a{color: #fff;}.uagb-block-e6f939b3.wp-block-uagb-image--layout-overlay .wp-block-uagb-image--layout-overlay__inner .uagb-image-caption{opacity: 0;}.uagb-block-e6f939b3.wp-block-uagb-image--layout-overlay .wp-block-uagb-image__figure:hover .wp-block-uagb-image--layout-overlay__color-wrapper{opacity: 1;}.uagb-block-e6f939b3.wp-block-uagb-image .wp-block-uagb-image--layout-overlay__inner .uagb-image-separator{width: 30%;border-top-width: 2px;border-top-color: #fff;opacity: 0;}.uagb-block-e6f939b3.wp-block-uagb-image .wp-block-uagb-image__figure img{width: px;height: auto;}.uagb-block-e6f939b3.wp-block-uagb-image .wp-block-uagb-image__figure:hover .wp-block-uagb-image--layout-overlay__inner .uagb-image-caption{opacity: 1;}.uagb-block-e6f939b3.wp-block-uagb-image .wp-block-uagb-image__figure:hover .wp-block-uagb-image--layout-overlay__inner .uagb-image-separator{opacity: 1;}.uagb-block-e6f939b3.wp-block-uagb-image--layout-default figure:hover img{box-shadow: 0px 0px 0 #00000070;}.uagb-block-e6f939b3.wp-block-uagb-image--layout-overlay figure:hover img{box-shadow: 0px 0px 0 #00000070;}@media only screen and (max-width: 976px) {.uagb-block-e6f939b3.wp-block-uagb-image .wp-block-uagb-image__figure img{width: px;height: auto;}}@media only screen and (max-width: 767px) {.uagb-block-e6f939b3.wp-block-uagb-image .wp-block-uagb-image__figure img{width: px;height: auto;}}\";s:2:\"js\";s:0:\"\";s:18:\"current_block_list\";a:13:{i:0;s:11:\"core\/search\";i:1;s:10:\"core\/group\";i:2;s:12:\"core\/heading\";i:3;s:17:\"core\/latest-posts\";i:4;s:20:\"core\/latest-comments\";i:5;s:13:\"core\/archives\";i:6;s:15:\"core\/categories\";i:7;s:14:\"core\/paragraph\";i:8;s:10:\"uagb\/image\";i:9;s:11:\"core\/spacer\";i:10;s:30:\"woocommerce\/product-categories\";i:11;s:10:\"core\/image\";i:12;s:14:\"core\/shortcode\";}s:8:\"uag_flag\";b:1;s:11:\"uag_version\";s:10:\"1777313791\";s:6:\"gfonts\";a:0:{}s:10:\"gfonts_url\";s:0:\"\";s:12:\"gfonts_files\";a:0:{}s:14:\"uag_faq_layout\";b:0;}"]},"uagb_featured_image_src":{"full":["https:\/\/www.ferberpainting.com\/wp-content\/uploads\/2025\/05\/LavenderandRosemaryFertilizer5L.png",2560,2560,false],"thumbnail":["https:\/\/www.ferberpainting.com\/wp-content\/uploads\/2025\/05\/LavenderandRosemaryFertilizer5L-150x150.png",150,150,true],"medium":["https:\/\/www.ferberpainting.com\/wp-content\/uploads\/2025\/05\/LavenderandRosemaryFertilizer5L-300x300.png",300,300,true],"medium_large":["https:\/\/www.ferberpainting.com\/wp-content\/uploads\/2025\/05\/LavenderandRosemaryFertilizer5L-768x768.png",768,768,true],"large":["https:\/\/www.ferberpainting.com\/wp-content\/uploads\/2025\/05\/LavenderandRosemaryFertilizer5L-1024x1024.png",1024,1024,true],"1536x1536":["https:\/\/www.ferberpainting.com\/wp-content\/uploads\/2025\/05\/LavenderandRosemaryFertilizer5L-1536x1536.png",1536,1536,true],"2048x2048":["https:\/\/www.ferberpainting.com\/wp-content\/uploads\/2025\/05\/LavenderandRosemaryFertilizer5L-2048x2048.png",2048,2048,true],"trp-custom-language-flag":["https:\/\/www.ferberpainting.com\/wp-content\/uploads\/2025\/05\/LavenderandRosemaryFertilizer5L-12x12.png",12,12,true],"woocommerce_thumbnail":["https:\/\/www.ferberpainting.com\/wp-content\/uploads\/2025\/05\/LavenderandRosemaryFertilizer5L-300x300.png",300,300,true],"woocommerce_single":["https:\/\/www.ferberpainting.com\/wp-content\/uploads\/2025\/05\/LavenderandRosemaryFertilizer5L-600x600.png",600,600,true],"woocommerce_gallery_thumbnail":["https:\/\/www.ferberpainting.com\/wp-content\/uploads\/2025\/05\/LavenderandRosemaryFertilizer5L-100x100.png",100,100,true]},"uagb_author_info":{"display_name":"admin","author_link":"https:\/\/www.ferberpainting.com\/de\/author\/"},"uagb_comment_info":7,"uagb_excerpt":"A fertilizer designed to promote the growth and flowering of aromatic plants.\u00a0Lavender and rosemary are Mediterranean plants appreciated for their fragrance, their abundant flowering, and their persistent foliage. To ensure optimal development and intense essential oil production, they need a balanced nutritional input. This NPK 15-15-15 fertilizer provides complete fertilization, supplying nitrogen (N) essential for&hellip;","_links":{"self":[{"href":"https:\/\/www.ferberpainting.com\/de\/wp-json\/wp\/v2\/product\/23778","targetHints":{"allow":["GET"]}}],"collection":[{"href":"https:\/\/www.ferberpainting.com\/de\/wp-json\/wp\/v2\/product"}],"about":[{"href":"https:\/\/www.ferberpainting.com\/de\/wp-json\/wp\/v2\/types\/product"}],"replies":[{"embeddable":true,"href":"https:\/\/www.ferberpainting.com\/de\/wp-json\/wp\/v2\/comments?post=23778"}],"version-history":[{"count":4,"href":"https:\/\/www.ferberpainting.com\/de\/wp-json\/wp\/v2\/product\/23778\/revisions"}],"predecessor-version":[{"id":166455,"href":"https:\/\/www.ferberpainting.com\/de\/wp-json\/wp\/v2\/product\/23778\/revisions\/166455"}],"wp:featuredmedia":[{"embeddable":true,"href":"https:\/\/www.ferberpainting.com\/de\/wp-json\/wp\/v2\/media\/26249"}],"wp:attachment":[{"href":"https:\/\/www.ferberpainting.com\/de\/wp-json\/wp\/v2\/media?parent=23778"}],"wp:term":[{"taxonomy":"product_brand","embeddable":true,"href":"https:\/\/www.ferberpainting.com\/de\/wp-json\/wp\/v2\/product_brand?post=23778"},{"taxonomy":"product_cat","embeddable":true,"href":"https:\/\/www.ferberpainting.com\/de\/wp-json\/wp\/v2\/product_cat?post=23778"},{"taxonomy":"product_tag","embeddable":true,"href":"https:\/\/www.ferberpainting.com\/de\/wp-json\/wp\/v2\/product_tag?post=23778"}],"curies":[{"name":"wp","href":"https:\/\/api.w.org\/{rel}","templated":true}]}}