{"id":23762,"date":"2025-07-01T19:59:55","date_gmt":"2025-07-01T17:59:55","guid":{"rendered":"https:\/\/www.ferberpainting.com\/?post_type=product&#038;p=23762"},"modified":"2026-02-15T20:12:08","modified_gmt":"2026-02-15T19:12:08","slug":"jewelry-cleaner","status":"publish","type":"product","link":"https:\/\/www.ferberpainting.com\/de\/products\/jewelry-cleaner\/","title":{"rendered":"Schmuckreiniger"},"content":{"rendered":"<p><strong><img decoding=\"async\" style=\"margin-right: 12px;\" src=\"https:\/\/www.ferberpainting.com\/wp-content\/uploads\/2026\/02\/Check.svg\" alt=\"\" width=\"18\" height=\"15\" \/>Optimale Effektivit\u00e4t.<\/strong>\u00a0Dieser Schmuckreiniger wurde speziell entwickelt, um Oxidationsflecken, Schmutzr\u00fcckst\u00e4nde, Staub, Seifenschaum und andere Verunreinigungen, die den Glanz von Schmuckst\u00fccken tr\u00fcben, wirksam zu entfernen. Seine kraftvolle Formel dringt tief ein, um den Glanz von Edelmetallen und Edelsteinen wiederherzustellen, ohne deren Oberfl\u00e4che zu besch\u00e4digen. Es bringt den urspr\u00fcnglichen Glanz Ihres Schmucks sofort zur\u00fcck und l\u00e4sst ihn mit nur einer Anwendung wieder wundersch\u00f6n gl\u00e4nzen.<\/p>\n<p><strong><img decoding=\"async\" style=\"margin-right: 12px;\" src=\"https:\/\/www.ferberpainting.com\/wp-content\/uploads\/2026\/02\/Check.svg\" alt=\"\" width=\"18\" height=\"15\" \/>Geld-zur\u00fcck-Garantie.<\/strong>\u00a0Wir haben volles Vertrauen in die Wirksamkeit unseres Reinigers. Wenn Sie nach der Anwendung nicht mit dem Ergebnis zufrieden sind, haben Sie Anspruch auf eine volle R\u00fcckerstattung. Testen Sie unser Produkt risikofrei und schenken Sie Ihrem Schmuck m\u00fchelos ein zweites Leben.<\/p>\n<p><strong><img decoding=\"async\" style=\"margin-right: 12px;\" src=\"https:\/\/www.ferberpainting.com\/wp-content\/uploads\/2026\/02\/Check.svg\" alt=\"\" width=\"18\" height=\"15\" \/>Au\u00dfergew\u00f6hnliche Vielseitigkeit.<\/strong>\u00a0Dieser Reiniger ist nicht auf eine bestimmte Art von Schmuckst\u00fccken beschr\u00e4nkt. Er ist kompatibel mit Gold, Silber, Platin, Palladium, Edelstahl und Edelsteinen wie Diamanten, Saphiren, Smaragden und Rubinen. Es ist auch perfekt f\u00fcr Perlenschmuck, Modeschmuck und Halbedelsteinschmuck wie Amethyst, Topas und Quarz. Es gew\u00e4hrleistet eine optimale Reinigung f\u00fcr alle Arten von Schmuck, ob antik oder modern.<\/p>\n<p><strong><img decoding=\"async\" style=\"margin-right: 12px;\" src=\"https:\/\/www.ferberpainting.com\/wp-content\/uploads\/2026\/02\/Check.svg\" alt=\"\" width=\"18\" height=\"15\" \/>Kosteng\u00fcnstig.<\/strong>\u00a0Dank seines 5-Liter-Beh\u00e4lters und seiner konzentrierten Formel bietet dieser Reiniger ein ausgezeichnetes Preis-Leistungs-Verh\u00e4ltnis. Eine kleine Menge reicht aus, um viele Schmuckst\u00fccke ohne Abfall zu reinigen. Im Durchschnitt k\u00f6nnen mit einem Liter bis zu 500 Schmuckst\u00fccke gereinigt werden, was ihn zu einer kosteng\u00fcnstigen und effizienten L\u00f6sung f\u00fcr die regelm\u00e4\u00dfige Pflege Ihrer wertvollen Accessoires macht.<\/p>\n<p><strong><img decoding=\"async\" style=\"margin-right: 12px;\" src=\"https:\/\/www.ferberpainting.com\/wp-content\/uploads\/2026\/02\/Check.svg\" alt=\"\" width=\"18\" height=\"15\" \/>Sicher in der Anwendung.<\/strong>\u00a0Im Gegensatz zu scharfen Reinigern, die L\u00f6sungsmittel oder Ammoniak enthalten, ist dieses Produkt mit ungiftigen Substanzen formuliert, die f\u00fcr empfindliche Materialien sicher sind. Es verursacht kein Anlaufen oder Zerkratzen und respektiert Schutzschichten auf bestimmten Schmuckst\u00fccken. Es verstr\u00f6mt keine unangenehmen Ger\u00fcche, ist nicht reizend und stellt kein Risiko f\u00fcr die Haut dar - ideal auch f\u00fcr empfindliche Benutzer.<\/p>\n<p><strong><img decoding=\"async\" style=\"margin-right: 12px;\" src=\"https:\/\/www.ferberpainting.com\/wp-content\/uploads\/2026\/02\/Check.svg\" alt=\"\" width=\"18\" height=\"15\" \/>Benutzerfreundlichkeit.<\/strong>\u00a0Dieses Produkt ist gebrauchsfertig und erfordert keine Verd\u00fcnnung oder komplizierte Handhabung. Es kann mit einem weichen Tuch oder einer B\u00fcrste mit weichen Borsten direkt auf Ihren Schmuck aufgetragen oder als Einweichmittel verwendet werden. Seine schnell wirkende und intuitive Formel beseitigt Verunreinigungen in Sekundenschnelle, ohne \u00fcberm\u00e4\u00dfiges Polieren.<\/p>\n<p><strong><img decoding=\"async\" style=\"margin-right: 12px;\" src=\"https:\/\/www.ferberpainting.com\/wp-content\/uploads\/2026\/02\/Check.svg\" alt=\"\" width=\"18\" height=\"15\" \/>Langanhaltender Glanz.<\/strong>\u00a0Durch die effektive Entfernung von R\u00fcckst\u00e4nden und die Konservierung von Schmuckoberfl\u00e4chen tr\u00e4gt dieser Reiniger dazu bei, ihren Glanz zu erhalten und ihre Lebensdauer zu verl\u00e4ngern. Er verhindert die vorzeitige Oxidation von Metallen und die Ablagerung von Schmutz, der Steine und Fassungen besch\u00e4digen kann. Bei regelm\u00e4\u00dfiger Anwendung bleibt Ihr Schmuck \u00fcber Jahre hinweg funkelnd und sch\u00f6n.<\/p>\n<p><strong><img decoding=\"async\" style=\"margin-right: 12px;\" src=\"https:\/\/www.ferberpainting.com\/wp-content\/uploads\/2026\/02\/Check.svg\" alt=\"\" width=\"18\" height=\"15\" \/>Schnelle Aktion.<\/strong>\u00a0Dank seiner hochaktiven Formel wirkt dieser Reiniger sofort auf Schmutz und stumpfe Stellen. In nur wenigen Sekunden l\u00f6st er Verunreinigungen auf und erleichtert die Entfernung, ohne dass ein kr\u00e4ftiges Reiben erforderlich ist. Sein Soforteffekt ist ideal f\u00fcr die schnelle und effiziente Pflege von Schmuckst\u00fccken und hilft, den Glanz in Rekordzeit wiederherzustellen.<\/p>\n<h2><strong>Gebrauchsanweisung<\/strong><\/h2>\n<ul>\n<li><strong>Vorbereitung <\/strong>: Vergewissern Sie sich, dass der Schmuck keine abnehmbaren Teile hat und dass er f\u00fcr die Fl\u00fcssigreinigung geeignet ist. Bei empfindlichem Schmuck sollten Sie immer zuerst an einer kleinen Stelle testen.<\/li>\n<li><strong>Manuelle Reinigung <\/strong>: Geben Sie eine kleine Menge des Reinigers auf ein weiches Tuch oder eine B\u00fcrste mit weichen Borsten und reiben Sie den Schmuck mit kreisenden Bewegungen vorsichtig ab, um Verunreinigungen zu entfernen.<\/li>\n<li><strong>Einweichen <\/strong>: F\u00fcr eine gr\u00fcndlichere Reinigung tauchen Sie den Schmuck in einen Beh\u00e4lter mit Reinigungsmittel und lassen ihn je nach Verschmutzungsgrad 30 Sekunden bis 2 Minuten einwirken.<\/li>\n<li><strong>Reinigung schwieriger Bereiche <\/strong>: Verwenden Sie f\u00fcr komplizierte Schmuckst\u00fccke oder Steinfassungen eine weiche B\u00fcrste oder ein in das Produkt getauchtes Wattest\u00e4bchen, um schwer zug\u00e4ngliche Stellen zu erreichen.<\/li>\n<li><strong>Sp\u00fclung <\/strong>: Nach dem Auftragen oder Einweichen gr\u00fcndlich mit lauwarmem Wasser absp\u00fclen, um alle Produktr\u00fcckst\u00e4nde zu entfernen und Ablagerungen zu vermeiden.<\/li>\n<li><strong>Trocknung und Veredelung <\/strong>: Sorgf\u00e4ltig mit einem sauberen, weichen Tuch abtrocknen. F\u00fcr eine zus\u00e4tzliche Politur polieren Sie die Oberfl\u00e4che vorsichtig, um den vollen Glanz wiederherzustellen.<\/li>\n<li><strong>H\u00e4ufigkeit der Nutzung <\/strong>: Reinigen Sie Ihren Schmuck, sobald er oxidiert oder stumpf wird. Zur vorbeugenden Pflege ein- bis zweimal im Monat anwenden, um Ablagerungen zu vermeiden und den nat\u00fcrlichen Glanz zu erhalten.<\/li>\n<li><strong>Lagerung <\/strong>: Bewahren Sie den Beh\u00e4lter nach dem Gebrauch dicht verschlossen an einem k\u00fchlen, trockenen, licht- und w\u00e4rmegesch\u00fctzten Ort auf, um die volle Leistungsf\u00e4higkeit des Produkts \u00fcber l\u00e4ngere Zeit zu erhalten.<\/li>\n<\/ul>\n<p>Mit unserem Schmuckreiniger k\u00f6nnen Sie die Brillanz und den Glanz Ihres Schmucks m\u00fchelos wiederherstellen. Eine schnelle, effektive und sichere L\u00f6sung f\u00fcr die perfekte Pflege Ihrer kostbaren Sch\u00e4tze.<\/p>","protected":false},"excerpt":{"rendered":"<p>Optimal Effectiveness.\u00a0This jewelry cleaner is specially formulated to effectively eliminate oxidation marks, dirt residues, dust, soap scum, and other impurities that dull the shine of jewelry. Its powerful formula penetrates deep to restore the brilliance of precious metals and gemstones without damaging their surface. It instantly brings back the original luster of your jewelry, allowing [&hellip;]<\/p>\n","protected":false},"featured_media":36627,"comment_status":"open","ping_status":"closed","template":"","meta":{"_uag_custom_page_level_css":"","site-sidebar-layout":"default","site-content-layout":"","ast-site-content-layout":"default","site-content-style":"default","site-sidebar-style":"default","ast-global-header-display":"","ast-banner-title-visibility":"","ast-main-header-display":"","ast-hfb-above-header-display":"","ast-hfb-below-header-display":"","ast-hfb-mobile-header-display":"","site-post-title":"","ast-breadcrumbs-content":"","ast-featured-img":"","footer-sml-layout":"","ast-disable-related-posts":"","theme-transparent-header-meta":"default","adv-header-id-meta":"","stick-header-meta":"","header-above-stick-meta":"","header-main-stick-meta":"","header-below-stick-meta":"","astra-migrate-meta-layouts":"set","ast-page-background-enabled":"default","ast-page-background-meta":{"desktop":{"background-color":"var(--ast-global-color-4)","background-image":"","background-repeat":"repeat","background-position":"center center","background-size":"auto","background-attachment":"scroll","background-type":"","background-media":"","overlay-type":"","overlay-color":"","overlay-opacity":"","overlay-gradient":""},"tablet":{"background-color":"","background-image":"","background-repeat":"repeat","background-position":"center center","background-size":"auto","background-attachment":"scroll","background-type":"","background-media":"","overlay-type":"","overlay-color":"","overlay-opacity":"","overlay-gradient":""},"mobile":{"background-color":"","background-image":"","background-repeat":"repeat","background-position":"center center","background-size":"auto","background-attachment":"scroll","background-type":"","background-media":"","overlay-type":"","overlay-color":"","overlay-opacity":"","overlay-gradient":""}},"ast-content-background-meta":{"desktop":{"background-color":"var(--ast-global-color-5)","background-image":"","background-repeat":"repeat","background-position":"center center","background-size":"auto","background-attachment":"scroll","background-type":"","background-media":"","overlay-type":"","overlay-color":"","overlay-opacity":"","overlay-gradient":""},"tablet":{"background-color":"var(--ast-global-color-5)","background-image":"","background-repeat":"repeat","background-position":"center center","background-size":"auto","background-attachment":"scroll","background-type":"","background-media":"","overlay-type":"","overlay-color":"","overlay-opacity":"","overlay-gradient":""},"mobile":{"background-color":"var(--ast-global-color-5)","background-image":"","background-repeat":"repeat","background-position":"center center","background-size":"auto","background-attachment":"scroll","background-type":"","background-media":"","overlay-type":"","overlay-color":"","overlay-opacity":"","overlay-gradient":""}}},"product_brand":[],"product_cat":[175],"product_tag":[],"class_list":{"0":"post-23762","1":"product","2":"type-product","3":"status-publish","4":"has-post-thumbnail","6":"product_cat-cleaning-products","7":"desktop-align-left","8":"tablet-align-left","9":"mobile-align-left","11":"first","12":"instock","13":"sale","14":"shipping-taxable","15":"purchasable","16":"product-type-variable","17":"has-default-attributes"},"spectra_custom_meta":{"_visibility":["visible"],"_shopify_product_id":["9102502854901"],"_s2w_shopify_domain":["ferberpainting.myshopify.com"],"_shopify_variant_id":["46616421859573"],"_sku":["FPJEWELRYCLEANER"],"_weight":["1.3"],"_global_unique_id":[""],"total_sales":["25"],"_tax_status":["taxable"],"_tax_class":[""],"_manage_stock":["no"],"_backorders":["no"],"_sold_individually":["no"],"_virtual":["no"],"_downloadable":["no"],"_download_limit":["-1"],"_download_expiry":["-1"],"_stock":[null],"_stock_status":["instock"],"_wc_average_rating":["5.00"],"_wc_review_count":["36"],"_product_version":["10.5.1"],"_edit_lock":["1772030676:1"],"_product_attributes":["a:1:{s:6:\"volume\";a:6:{s:4:\"name\";s:6:\"Volume\";s:5:\"value\";s:20:\"5 liters | 25 liters\";s:8:\"position\";i:0;s:10:\"is_visible\";i:1;s:12:\"is_variation\";i:1;s:11:\"is_taxonomy\";i:0;}}"],"_edit_last":["1"],"_wp_page_template":["default"],"_wp_old_date":["2025-05-26"],"site-sidebar-layout":["default"],"ast-site-content-layout":["default"],"site-content-style":["default"],"site-sidebar-style":["default"],"theme-transparent-header-meta":["default"],"_default_attributes":["a:1:{s:6:\"volume\";s:8:\"5 liters\";}"],"_price":["29.90","129.90"],"merchant-center-availability":["yes"],"merchant-center-category":["499919"],"_thumbnail_id":["36627"],"_product_image_gallery":["36628"],"_wc_rating_count":["a:1:{i:5;i:36;}"],"astra-migrate-meta-layouts":["set"],"_uag_css_file_name":["uag-css-23762.css"],"_elementor_page_assets":["a:0:{}"],"_uag_page_assets":["a:9:{s:3:\"css\";s:7133:\".uag-blocks-common-selector{z-index:var(--z-index-desktop) !important}@media(max-width: 976px){.uag-blocks-common-selector{z-index:var(--z-index-tablet) !important}}@media(max-width: 767px){.uag-blocks-common-selector{z-index:var(--z-index-mobile) !important}}.wp-block-uagb-image{display:flex}.wp-block-uagb-image__figure{position:relative;display:flex;flex-direction:column;max-width:100%;height:auto;margin:0}.wp-block-uagb-image__figure img{height:auto;display:flex;max-width:100%;transition:box-shadow .2s ease}.wp-block-uagb-image__figure>a{display:inline-block}.wp-block-uagb-image__figure figcaption{text-align:center;margin-top:.5em;margin-bottom:1em}.wp-block-uagb-image .components-placeholder.block-editor-media-placeholder .components-placeholder__instructions{align-self:center}.wp-block-uagb-image--align-left{text-align:left}.wp-block-uagb-image--align-right{text-align:right}.wp-block-uagb-image--align-center{text-align:center}.wp-block-uagb-image--align-full .wp-block-uagb-image__figure{margin-left:calc(50% - 50vw);margin-right:calc(50% - 50vw);max-width:100vw;width:100vw;height:auto}.wp-block-uagb-image--align-full .wp-block-uagb-image__figure img{height:auto;width:100% !important}.wp-block-uagb-image--align-wide .wp-block-uagb-image__figure img{height:auto;width:100%}.wp-block-uagb-image--layout-overlay__color-wrapper{position:absolute;left:0;top:0;right:0;bottom:0;opacity:.2;background:rgba(0,0,0,.5);transition:opacity .35s ease-in-out}.wp-block-uagb-image--layout-overlay-link{position:absolute;left:0;right:0;bottom:0;top:0}.wp-block-uagb-image--layout-overlay .wp-block-uagb-image__figure:hover .wp-block-uagb-image--layout-overlay__color-wrapper{opacity:1}.wp-block-uagb-image--layout-overlay__inner{position:absolute;left:15px;right:15px;bottom:15px;top:15px;display:flex;align-items:center;justify-content:center;flex-direction:column;border-color:#fff;transition:.35s ease-in-out}.wp-block-uagb-image--layout-overlay__inner.top-left,.wp-block-uagb-image--layout-overlay__inner.top-center,.wp-block-uagb-image--layout-overlay__inner.top-right{justify-content:flex-start}.wp-block-uagb-image--layout-overlay__inner.bottom-left,.wp-block-uagb-image--layout-overlay__inner.bottom-center,.wp-block-uagb-image--layout-overlay__inner.bottom-right{justify-content:flex-end}.wp-block-uagb-image--layout-overlay__inner.top-left,.wp-block-uagb-image--layout-overlay__inner.center-left,.wp-block-uagb-image--layout-overlay__inner.bottom-left{align-items:flex-start}.wp-block-uagb-image--layout-overlay__inner.top-right,.wp-block-uagb-image--layout-overlay__inner.center-right,.wp-block-uagb-image--layout-overlay__inner.bottom-right{align-items:flex-end}.wp-block-uagb-image--layout-overlay__inner .uagb-image-heading{color:#fff;transition:transform .35s,opacity .35s ease-in-out;transform:translate3d(0, 24px, 0);margin:0;line-height:1em}.wp-block-uagb-image--layout-overlay__inner .uagb-image-separator{width:30%;border-top-width:2px;border-top-color:#fff;border-top-style:solid;margin-bottom:10px;opacity:0;transition:transform .4s,opacity .4s ease-in-out;transform:translate3d(0, 30px, 0)}.wp-block-uagb-image--layout-overlay__inner .uagb-image-caption{opacity:0;overflow:visible;color:#fff;transition:transform .45s,opacity .45s ease-in-out;transform:translate3d(0, 35px, 0)}.wp-block-uagb-image--layout-overlay__inner:hover .uagb-image-heading,.wp-block-uagb-image--layout-overlay__inner:hover .uagb-image-separator,.wp-block-uagb-image--layout-overlay__inner:hover .uagb-image-caption{opacity:1;transform:translate3d(0, 0, 0)}.wp-block-uagb-image--effect-zoomin .wp-block-uagb-image__figure img,.wp-block-uagb-image--effect-zoomin .wp-block-uagb-image__figure .wp-block-uagb-image--layout-overlay__color-wrapper{transform:scale(1);transition:transform .35s ease-in-out}.wp-block-uagb-image--effect-zoomin .wp-block-uagb-image__figure:hover img,.wp-block-uagb-image--effect-zoomin .wp-block-uagb-image__figure:hover .wp-block-uagb-image--layout-overlay__color-wrapper{transform:scale(1.05)}.wp-block-uagb-image--effect-slide .wp-block-uagb-image__figure img,.wp-block-uagb-image--effect-slide .wp-block-uagb-image__figure .wp-block-uagb-image--layout-overlay__color-wrapper{width:calc(100% + 40px) !important;max-width:none !important;transform:translate3d(-40px, 0, 0);transition:transform .35s ease-in-out}.wp-block-uagb-image--effect-slide .wp-block-uagb-image__figure:hover img,.wp-block-uagb-image--effect-slide .wp-block-uagb-image__figure:hover .wp-block-uagb-image--layout-overlay__color-wrapper{transform:translate3d(0, 0, 0)}.wp-block-uagb-image--effect-grayscale img{filter:grayscale(0%);transition:.35s ease-in-out}.wp-block-uagb-image--effect-grayscale:hover img{filter:grayscale(100%)}.wp-block-uagb-image--effect-blur img{filter:blur(0);transition:.35s ease-in-out}.wp-block-uagb-image--effect-blur:hover img{filter:blur(3px)}.uagb-block-e6f939b3.wp-block-uagb-image--layout-default figure img{box-shadow: 0px 0px 0 #00000070;}.uagb-block-e6f939b3.wp-block-uagb-image .wp-block-uagb-image__figure figcaption{font-style: normal;align-self: center;}.uagb-block-e6f939b3.wp-block-uagb-image--layout-overlay figure img{box-shadow: 0px 0px 0 #00000070;}.uagb-block-e6f939b3.wp-block-uagb-image--layout-overlay .wp-block-uagb-image--layout-overlay__color-wrapper{opacity: 0.2;}.uagb-block-e6f939b3.wp-block-uagb-image--layout-overlay .wp-block-uagb-image--layout-overlay__inner{left: 15px;right: 15px;top: 15px;bottom: 15px;}.uagb-block-e6f939b3.wp-block-uagb-image--layout-overlay .wp-block-uagb-image--layout-overlay__inner .uagb-image-heading{font-style: normal;color: #fff;opacity: 1;}.uagb-block-e6f939b3.wp-block-uagb-image--layout-overlay .wp-block-uagb-image--layout-overlay__inner .uagb-image-heading a{color: #fff;}.uagb-block-e6f939b3.wp-block-uagb-image--layout-overlay .wp-block-uagb-image--layout-overlay__inner .uagb-image-caption{opacity: 0;}.uagb-block-e6f939b3.wp-block-uagb-image--layout-overlay .wp-block-uagb-image__figure:hover .wp-block-uagb-image--layout-overlay__color-wrapper{opacity: 1;}.uagb-block-e6f939b3.wp-block-uagb-image .wp-block-uagb-image--layout-overlay__inner .uagb-image-separator{width: 30%;border-top-width: 2px;border-top-color: #fff;opacity: 0;}.uagb-block-e6f939b3.wp-block-uagb-image .wp-block-uagb-image__figure img{width: px;height: auto;}.uagb-block-e6f939b3.wp-block-uagb-image .wp-block-uagb-image__figure:hover .wp-block-uagb-image--layout-overlay__inner .uagb-image-caption{opacity: 1;}.uagb-block-e6f939b3.wp-block-uagb-image .wp-block-uagb-image__figure:hover .wp-block-uagb-image--layout-overlay__inner .uagb-image-separator{opacity: 1;}.uagb-block-e6f939b3.wp-block-uagb-image--layout-default figure:hover img{box-shadow: 0px 0px 0 #00000070;}.uagb-block-e6f939b3.wp-block-uagb-image--layout-overlay figure:hover img{box-shadow: 0px 0px 0 #00000070;}@media only screen and (max-width: 976px) {.uagb-block-e6f939b3.wp-block-uagb-image .wp-block-uagb-image__figure img{width: px;height: auto;}}@media only screen and (max-width: 767px) {.uagb-block-e6f939b3.wp-block-uagb-image .wp-block-uagb-image__figure img{width: px;height: auto;}}\";s:2:\"js\";s:0:\"\";s:18:\"current_block_list\";a:13:{i:0;s:11:\"core\/search\";i:1;s:10:\"core\/group\";i:2;s:12:\"core\/heading\";i:3;s:17:\"core\/latest-posts\";i:4;s:20:\"core\/latest-comments\";i:5;s:13:\"core\/archives\";i:6;s:15:\"core\/categories\";i:7;s:14:\"core\/paragraph\";i:8;s:10:\"uagb\/image\";i:9;s:11:\"core\/spacer\";i:10;s:30:\"woocommerce\/product-categories\";i:11;s:10:\"core\/image\";i:12;s:14:\"core\/shortcode\";}s:8:\"uag_flag\";b:1;s:11:\"uag_version\";s:10:\"1776780422\";s:6:\"gfonts\";a:0:{}s:10:\"gfonts_url\";s:0:\"\";s:12:\"gfonts_files\";a:0:{}s:14:\"uag_faq_layout\";b:0;}"]},"uagb_featured_image_src":{"full":["https:\/\/www.ferberpainting.com\/wp-content\/uploads\/2025\/07\/Jewelry-Cleaner-5L-.png",2560,2560,false],"thumbnail":["https:\/\/www.ferberpainting.com\/wp-content\/uploads\/2025\/07\/Jewelry-Cleaner-5L--150x150.png",150,150,true],"medium":["https:\/\/www.ferberpainting.com\/wp-content\/uploads\/2025\/07\/Jewelry-Cleaner-5L--300x300.png",300,300,true],"medium_large":["https:\/\/www.ferberpainting.com\/wp-content\/uploads\/2025\/07\/Jewelry-Cleaner-5L--768x768.png",768,768,true],"large":["https:\/\/www.ferberpainting.com\/wp-content\/uploads\/2025\/07\/Jewelry-Cleaner-5L--1024x1024.png",1024,1024,true],"1536x1536":["https:\/\/www.ferberpainting.com\/wp-content\/uploads\/2025\/07\/Jewelry-Cleaner-5L--1536x1536.png",1536,1536,true],"2048x2048":["https:\/\/www.ferberpainting.com\/wp-content\/uploads\/2025\/07\/Jewelry-Cleaner-5L--2048x2048.png",2048,2048,true],"trp-custom-language-flag":["https:\/\/www.ferberpainting.com\/wp-content\/uploads\/2025\/07\/Jewelry-Cleaner-5L--12x12.png",12,12,true],"woocommerce_thumbnail":["https:\/\/www.ferberpainting.com\/wp-content\/uploads\/2025\/07\/Jewelry-Cleaner-5L--300x300.png",300,300,true],"woocommerce_single":["https:\/\/www.ferberpainting.com\/wp-content\/uploads\/2025\/07\/Jewelry-Cleaner-5L--600x600.png",600,600,true],"woocommerce_gallery_thumbnail":["https:\/\/www.ferberpainting.com\/wp-content\/uploads\/2025\/07\/Jewelry-Cleaner-5L--100x100.png",100,100,true]},"uagb_author_info":{"display_name":"admin","author_link":"https:\/\/www.ferberpainting.com\/de\/author\/"},"uagb_comment_info":36,"uagb_excerpt":"Optimal Effectiveness.\u00a0This jewelry cleaner is specially formulated to effectively eliminate oxidation marks, dirt residues, dust, soap scum, and other impurities that dull the shine of jewelry. Its powerful formula penetrates deep to restore the brilliance of precious metals and gemstones without damaging their surface. It instantly brings back the original luster of your jewelry, allowing&hellip;","_links":{"self":[{"href":"https:\/\/www.ferberpainting.com\/de\/wp-json\/wp\/v2\/product\/23762","targetHints":{"allow":["GET"]}}],"collection":[{"href":"https:\/\/www.ferberpainting.com\/de\/wp-json\/wp\/v2\/product"}],"about":[{"href":"https:\/\/www.ferberpainting.com\/de\/wp-json\/wp\/v2\/types\/product"}],"replies":[{"embeddable":true,"href":"https:\/\/www.ferberpainting.com\/de\/wp-json\/wp\/v2\/comments?post=23762"}],"version-history":[{"count":5,"href":"https:\/\/www.ferberpainting.com\/de\/wp-json\/wp\/v2\/product\/23762\/revisions"}],"predecessor-version":[{"id":166445,"href":"https:\/\/www.ferberpainting.com\/de\/wp-json\/wp\/v2\/product\/23762\/revisions\/166445"}],"wp:featuredmedia":[{"embeddable":true,"href":"https:\/\/www.ferberpainting.com\/de\/wp-json\/wp\/v2\/media\/36627"}],"wp:attachment":[{"href":"https:\/\/www.ferberpainting.com\/de\/wp-json\/wp\/v2\/media?parent=23762"}],"wp:term":[{"taxonomy":"product_brand","embeddable":true,"href":"https:\/\/www.ferberpainting.com\/de\/wp-json\/wp\/v2\/product_brand?post=23762"},{"taxonomy":"product_cat","embeddable":true,"href":"https:\/\/www.ferberpainting.com\/de\/wp-json\/wp\/v2\/product_cat?post=23762"},{"taxonomy":"product_tag","embeddable":true,"href":"https:\/\/www.ferberpainting.com\/de\/wp-json\/wp\/v2\/product_tag?post=23762"}],"curies":[{"name":"wp","href":"https:\/\/api.w.org\/{rel}","templated":true}]}}