{"id":23755,"date":"2025-07-01T10:01:16","date_gmt":"2025-07-01T08:01:16","guid":{"rendered":"https:\/\/www.ferberpainting.com\/?post_type=product&#038;p=23752"},"modified":"2026-02-15T20:02:26","modified_gmt":"2026-02-15T19:02:26","slug":"jacket-water-repellent","status":"publish","type":"product","link":"https:\/\/www.ferberpainting.com\/de\/products\/jacket-water-repellent\/","title":{"rendered":"Impr\u00e4gnierung f\u00fcr Jacke"},"content":{"rendered":"<p><strong><img decoding=\"async\" style=\"margin-right: 12px;\" src=\"https:\/\/www.ferberpainting.com\/wp-content\/uploads\/2026\/02\/Check.svg\" alt=\"\" width=\"18\" height=\"15\" \/>Optimaler Schutz vor Wasser und Luftfeuchtigkeit.<\/strong>\u00a0Dieses Impr\u00e4gniermittel f\u00fcr Jacken ist die ideale L\u00f6sung, um Ihre Kleidungsst\u00fccke vor Regen, Schnee und Feuchtigkeit zu sch\u00fctzen. Egal, ob Sie bei starkem Regen im Freien sind oder im Schnee spazieren gehen, dieses Produkt bildet eine unsichtbare Barriere auf Ihrer Jacke, die das Eindringen von Wasser verhindert, w\u00e4hrend der Stoff weiterhin atmen kann. Sie bleiben trocken und komfortabel, ohne sich Gedanken \u00fcber Wetterbedingungen machen zu m\u00fcssen, die die Leistung Ihrer Jacke beeintr\u00e4chtigen k\u00f6nnten.<\/p>\n<p><strong><img decoding=\"async\" style=\"margin-right: 12px;\" src=\"https:\/\/www.ferberpainting.com\/wp-content\/uploads\/2026\/02\/Check.svg\" alt=\"\" width=\"18\" height=\"15\" \/>Geld-zur\u00fcck-Garantie.<\/strong>\u00a0Wir sind von der Wirksamkeit unseres Jacken-Impr\u00e4gniermittels \u00fcberzeugt und bieten daher eine Zufriedenheits- oder Geld-zur\u00fcck-Garantie. Wenn Sie mit den Ergebnissen nicht zufrieden sind, k\u00f6nnen Sie eine vollst\u00e4ndige R\u00fcckerstattung beantragen. So k\u00f6nnen Sie das Produkt in aller Ruhe testen und wissen, dass Sie Ihr Geld zur\u00fcckbekommen, wenn es nicht Ihren Erwartungen entspricht.<\/p>\n<p><strong><img decoding=\"async\" style=\"margin-right: 12px;\" src=\"https:\/\/www.ferberpainting.com\/wp-content\/uploads\/2026\/02\/Check.svg\" alt=\"\" width=\"18\" height=\"15\" \/>Kompatibel mit verschiedenen Materialien.<\/strong>\u00a0Dieses Produkt wurde speziell f\u00fcr eine Vielzahl von Jackenmaterialien entwickelt, darunter Leder, Polyester, Nylon, Baumwolle und andere synthetische Stoffe. Es ist perfekt f\u00fcr Regenjacken, Skijacken, Daunenjacken und sogar Softshell-Jacken. Es kann auch auf anderen Gegenst\u00e4nden wie Taschen, Handschuhen und Stoffschuhen verwendet werden, was es zu einer vielseitigen L\u00f6sung f\u00fcr den Feuchtigkeitsschutz macht.<\/p>\n<p><strong><img decoding=\"async\" style=\"margin-right: 12px;\" src=\"https:\/\/www.ferberpainting.com\/wp-content\/uploads\/2026\/02\/Check.svg\" alt=\"\" width=\"18\" height=\"15\" \/>Kosteneffizient mit erweitertem Versicherungsschutz.<\/strong>\u00a0Dieses Impr\u00e4gniermittel f\u00fcr Jacken bietet ein ausgezeichnetes Preis-Leistungs-Verh\u00e4ltnis bei hoher Leistung. Mit einer 1-Liter-Flasche k\u00f6nnen ca. 10 bis 15 m\u00b2 Stoff behandelt werden, so dass Sie mit nur einem Produkt lang anhaltenden Schutz erhalten. Das Preis-Leistungs-Verh\u00e4ltnis ist besonders vorteilhaft, wenn mehrere Artikel behandelt werden.<\/p>\n<p><strong><img decoding=\"async\" style=\"margin-right: 12px;\" src=\"https:\/\/www.ferberpainting.com\/wp-content\/uploads\/2026\/02\/Check.svg\" alt=\"\" width=\"18\" height=\"15\" \/>Sicher und stoffschonend.<\/strong>\u00a0Dieses Produkt ist so formuliert, dass es sowohl f\u00fcr Sie als auch f\u00fcr Ihre Kleidung sicher ist. Es enth\u00e4lt keine scharfen Chemikalien und ver\u00e4ndert weder die Textur noch die Farbe des Gewebes. Es ist ideal f\u00fcr hochwertige Kleidungsst\u00fccke und solche, die Sie langfristig erhalten wollen. Seine Formulierung ist gesundheitlich unbedenklich, so dass Sie es ohne Bedenken verwenden k\u00f6nnen.<\/p>\n<p><strong><img decoding=\"async\" style=\"margin-right: 12px;\" src=\"https:\/\/www.ferberpainting.com\/wp-content\/uploads\/2026\/02\/Check.svg\" alt=\"\" width=\"18\" height=\"15\" \/>Einfache Anwendung.<\/strong>\u00a0Der Jacken-Impr\u00e4gnierer ist sehr einfach aufzutragen. Er ist gebrauchsfertig und muss nicht verd\u00fcnnt werden. Spr\u00fchen Sie das Produkt einfach gleichm\u00e4\u00dfig auf die Oberfl\u00e4che der Jacke, so dass alle exponierten Stellen bedeckt sind. Es sind keine speziellen Werkzeuge oder F\u00e4higkeiten erforderlich: einfach aufspr\u00fchen und die Jacke trocknen lassen. Das Produkt wirkt sofort.<\/p>\n<p><strong><img decoding=\"async\" style=\"margin-right: 12px;\" src=\"https:\/\/www.ferberpainting.com\/wp-content\/uploads\/2026\/02\/Check.svg\" alt=\"\" width=\"18\" height=\"15\" \/>Dauerhafter Schutz.<\/strong>\u00a0Nach dem Auftragen bildet das Impr\u00e4gniermittel f\u00fcr Jacken eine lang anhaltende Schutzbarriere, die mehrere Wochen lang wasser- und wetterbest\u00e4ndig ist. Der Schutz bleibt auch nach mehrmaligem Waschen erhalten, so dass Ihre Jacken langfristig trocken und gesch\u00fctzt bleiben. Je nach Nutzung und Beanspruchung kann ein erneutes Auftragen alle 3 bis 6 Monate erforderlich sein, um einen optimalen Schutz zu gew\u00e4hrleisten.<\/p>\n<p><strong><img decoding=\"async\" style=\"margin-right: 12px;\" src=\"https:\/\/www.ferberpainting.com\/wp-content\/uploads\/2026\/02\/Check.svg\" alt=\"\" width=\"18\" height=\"15\" \/>Schnelle Hilfe f\u00fcr den t\u00e4glichen Gebrauch.<\/strong>\u00a0Das Produkt l\u00e4sst sich schnell auftragen, und nach einer Trocknungszeit von 1 bis 2 Stunden ist Ihre Jacke auch bei Regen wieder einsatzbereit. In nur wenigen Minuten k\u00f6nnen Sie mit der Gewissheit losziehen, dass Ihre Jacke vor Feuchtigkeit gesch\u00fctzt ist. Es trocknet schnell und bildet eine wirksame Barriere, was es f\u00fcr den regelm\u00e4\u00dfigen Gebrauch sehr praktisch macht.<\/p>\n<h2><strong>Verwendungsprotokoll<\/strong><\/h2>\n<ul>\n<li><strong>Vorbereitung der Oberfl\u00e4che <\/strong>: Vergewissern Sie sich vor dem Auftragen des Impr\u00e4gniermittels, dass die Oberfl\u00e4che der Jacke sauber und trocken ist. Waschen oder wischen Sie die Jacke bei Bedarf mit einem sauberen Tuch ab, um Schmutz und Staub zu entfernen. Der Stoff muss vor dem Auftragen vollst\u00e4ndig trocken sein, um optimale Haftung und Schutz zu gew\u00e4hrleisten.<\/li>\n<li><strong>Produkt Anwendung <\/strong>: Die Flasche vor Gebrauch gut sch\u00fctteln. Halten Sie das Spray etwa 20-30 cm von der Jacke entfernt und tragen Sie das Produkt gleichm\u00e4\u00dfig auf, wobei Sie darauf achten m\u00fcssen, die gesamte Oberfl\u00e4che zu bedecken. Tragen Sie eine leichte Schicht auf, ohne den Stoff zu durchtr\u00e4nken. Bei gro\u00dfen Jacken ist es am besten, jeden Abschnitt methodisch zu behandeln, damit keine Stellen \u00fcbersehen werden.<\/li>\n<li><strong>Gleichm\u00e4\u00dfige Verteilung <\/strong>: Verwenden Sie bei Bedarf ein sauberes Tuch, um das Produkt zu gl\u00e4tten und einen gleichm\u00e4\u00dfigen Auftrag zu gew\u00e4hrleisten. Dieser Schritt ist optional, kann aber helfen, eine gleichm\u00e4\u00dfige Abdeckung f\u00fcr optimalen Schutz zu erreichen.<\/li>\n<li><strong>Trocknungszeit <\/strong>: Lassen Sie die Jacke etwa 1 bis 2 Stunden bei Raumtemperatur trocknen. Vergewissern Sie sich, dass sie vollst\u00e4ndig getrocknet ist, bevor Sie sie tragen, um den vollen Schutz zu gew\u00e4hrleisten. Wenn Sie es eilig haben, k\u00f6nnen Sie einen Ventilator benutzen oder die Jacke einer leichten Brise aussetzen, aber vermeiden Sie direkte W\u00e4rmequellen, die das Gewebe besch\u00e4digen k\u00f6nnten.<\/li>\n<li><strong>Wiederbewerbung <\/strong>: Je nach Gebrauch und Witterungseinfl\u00fcssen kann es erforderlich sein, die Impr\u00e4gnierung alle 3 bis 6 Monate aufzutragen. Wenn die Jacke unter sehr nassen Bedingungen verwendet oder mehrmals gewaschen wurde, wird eine erneute Impr\u00e4gnierung empfohlen, um die Wirksamkeit zu erhalten.<\/li>\n<li><strong>Pflege f\u00fcr behandelte Kleidungsst\u00fccke <\/strong>: Nach dem Auftragen k\u00f6nnen Sie Ihre Jacke wie gewohnt waschen, aber vermeiden Sie zu aggressives Waschen. Befolgen Sie die Pflegeanweisungen des Kleidungsst\u00fccks, um eine Besch\u00e4digung der Schutzschicht zu vermeiden. Sie k\u00f6nnen das Produkt nach jeder W\u00e4sche erneut auftragen, um die Wasserfestigkeit zu erhalten.<\/li>\n<\/ul>\n<p>Der Jacken-Impr\u00e4gnierer ist ein praktisches, wirksames und wirtschaftliches Produkt, das die Lebensdauer Ihrer Kleidung verl\u00e4ngert und gleichzeitig einen zuverl\u00e4ssigen Schutz vor den Elementen bietet. Mit seiner einfachen Anwendung, schnellen Wirkung und lang anhaltenden Leistung ist er der ideale Begleiter f\u00fcr alle, die ihre Jacken das ganze Jahr \u00fcber trocken und in gutem Zustand halten wollen.<\/p>","protected":false},"excerpt":{"rendered":"<p>Optimal Protection Against Water and Humidity.\u00a0This jacket waterproofer is the ideal solution to protect your garments from rain, snow, and humidity. Whether you&#8217;re outdoors in heavy rain or walking in the snow, this product forms an invisible barrier on your jacket, preventing water from penetrating while still allowing the fabric to breathe. You stay dry [&hellip;]<\/p>\n","protected":false},"featured_media":36204,"comment_status":"open","ping_status":"closed","template":"","meta":{"_uag_custom_page_level_css":"","site-sidebar-layout":"default","site-content-layout":"","ast-site-content-layout":"default","site-content-style":"default","site-sidebar-style":"default","ast-global-header-display":"","ast-banner-title-visibility":"","ast-main-header-display":"","ast-hfb-above-header-display":"","ast-hfb-below-header-display":"","ast-hfb-mobile-header-display":"","site-post-title":"","ast-breadcrumbs-content":"","ast-featured-img":"","footer-sml-layout":"","ast-disable-related-posts":"","theme-transparent-header-meta":"default","adv-header-id-meta":"","stick-header-meta":"","header-above-stick-meta":"","header-main-stick-meta":"","header-below-stick-meta":"","astra-migrate-meta-layouts":"set","ast-page-background-enabled":"default","ast-page-background-meta":{"desktop":{"background-color":"var(--ast-global-color-4)","background-image":"","background-repeat":"repeat","background-position":"center center","background-size":"auto","background-attachment":"scroll","background-type":"","background-media":"","overlay-type":"","overlay-color":"","overlay-opacity":"","overlay-gradient":""},"tablet":{"background-color":"","background-image":"","background-repeat":"repeat","background-position":"center center","background-size":"auto","background-attachment":"scroll","background-type":"","background-media":"","overlay-type":"","overlay-color":"","overlay-opacity":"","overlay-gradient":""},"mobile":{"background-color":"","background-image":"","background-repeat":"repeat","background-position":"center center","background-size":"auto","background-attachment":"scroll","background-type":"","background-media":"","overlay-type":"","overlay-color":"","overlay-opacity":"","overlay-gradient":""}},"ast-content-background-meta":{"desktop":{"background-color":"var(--ast-global-color-5)","background-image":"","background-repeat":"repeat","background-position":"center center","background-size":"auto","background-attachment":"scroll","background-type":"","background-media":"","overlay-type":"","overlay-color":"","overlay-opacity":"","overlay-gradient":""},"tablet":{"background-color":"var(--ast-global-color-5)","background-image":"","background-repeat":"repeat","background-position":"center center","background-size":"auto","background-attachment":"scroll","background-type":"","background-media":"","overlay-type":"","overlay-color":"","overlay-opacity":"","overlay-gradient":""},"mobile":{"background-color":"var(--ast-global-color-5)","background-image":"","background-repeat":"repeat","background-position":"center center","background-size":"auto","background-attachment":"scroll","background-type":"","background-media":"","overlay-type":"","overlay-color":"","overlay-opacity":"","overlay-gradient":""}}},"product_brand":[],"product_cat":[191],"product_tag":[],"class_list":{"0":"post-23755","1":"product","2":"type-product","3":"status-publish","4":"has-post-thumbnail","6":"product_cat-water-repellent","7":"desktop-align-left","8":"tablet-align-left","9":"mobile-align-left","11":"first","12":"instock","13":"sale","14":"taxable","15":"shipping-taxable","16":"purchasable","17":"product-type-variable","18":"has-default-attributes"},"spectra_custom_meta":{"_visibility":["visible"],"_shopify_product_id":["9106578702581"],"_s2w_shopify_domain":["ferberpainting.myshopify.com"],"_shopify_variant_id":["46626289615093"],"_sku":[""],"_manage_stock":["no"],"total_sales":["71"],"_tax_status":["taxable"],"_tax_class":[""],"_backorders":["no"],"_sold_individually":["no"],"_virtual":["no"],"_downloadable":["no"],"_download_limit":["-1"],"_download_expiry":["-1"],"_stock":[null],"_stock_status":["instock"],"_wc_average_rating":["5.00"],"_wc_review_count":["9"],"_product_attributes":["a:1:{s:6:\"volume\";a:6:{s:4:\"name\";s:6:\"Volume\";s:5:\"value\";s:20:\"5 liters | 25 liters\";s:8:\"position\";i:1;s:10:\"is_visible\";i:0;s:12:\"is_variation\";i:1;s:11:\"is_taxonomy\";i:0;}}"],"_product_version":["10.5.1"],"wpse_downloadable_file_names":[""],"wpse_downloadable_file_urls":[""],"_edit_last":["1"],"_default_attributes":["a:1:{s:6:\"volume\";s:8:\"5 liters\";}"],"_edit_lock":["1771182009:1"],"_price":["29.90","129.90"],"merchant-center-availability":["yes"],"merchant-center-category":["6419"],"_thumbnail_id":["36204"],"_wp_page_template":["default"],"_wp_old_date":["2025-05-26"],"_product_image_gallery":["36206"],"site-sidebar-layout":["default"],"ast-site-content-layout":["default"],"site-content-style":["default"],"site-sidebar-style":["default"],"theme-transparent-header-meta":["default"],"_wc_rating_count":["a:1:{i:5;i:9;}"],"astra-migrate-meta-layouts":["set"],"_uag_css_file_name":["uag-css-23755.css"],"_elementor_page_assets":["a:0:{}"],"_uag_page_assets":["a:9:{s:3:\"css\";s:7133:\".uag-blocks-common-selector{z-index:var(--z-index-desktop) !important}@media(max-width: 976px){.uag-blocks-common-selector{z-index:var(--z-index-tablet) !important}}@media(max-width: 767px){.uag-blocks-common-selector{z-index:var(--z-index-mobile) !important}}.wp-block-uagb-image{display:flex}.wp-block-uagb-image__figure{position:relative;display:flex;flex-direction:column;max-width:100%;height:auto;margin:0}.wp-block-uagb-image__figure img{height:auto;display:flex;max-width:100%;transition:box-shadow .2s ease}.wp-block-uagb-image__figure>a{display:inline-block}.wp-block-uagb-image__figure figcaption{text-align:center;margin-top:.5em;margin-bottom:1em}.wp-block-uagb-image .components-placeholder.block-editor-media-placeholder .components-placeholder__instructions{align-self:center}.wp-block-uagb-image--align-left{text-align:left}.wp-block-uagb-image--align-right{text-align:right}.wp-block-uagb-image--align-center{text-align:center}.wp-block-uagb-image--align-full .wp-block-uagb-image__figure{margin-left:calc(50% - 50vw);margin-right:calc(50% - 50vw);max-width:100vw;width:100vw;height:auto}.wp-block-uagb-image--align-full .wp-block-uagb-image__figure img{height:auto;width:100% !important}.wp-block-uagb-image--align-wide .wp-block-uagb-image__figure img{height:auto;width:100%}.wp-block-uagb-image--layout-overlay__color-wrapper{position:absolute;left:0;top:0;right:0;bottom:0;opacity:.2;background:rgba(0,0,0,.5);transition:opacity .35s ease-in-out}.wp-block-uagb-image--layout-overlay-link{position:absolute;left:0;right:0;bottom:0;top:0}.wp-block-uagb-image--layout-overlay .wp-block-uagb-image__figure:hover .wp-block-uagb-image--layout-overlay__color-wrapper{opacity:1}.wp-block-uagb-image--layout-overlay__inner{position:absolute;left:15px;right:15px;bottom:15px;top:15px;display:flex;align-items:center;justify-content:center;flex-direction:column;border-color:#fff;transition:.35s ease-in-out}.wp-block-uagb-image--layout-overlay__inner.top-left,.wp-block-uagb-image--layout-overlay__inner.top-center,.wp-block-uagb-image--layout-overlay__inner.top-right{justify-content:flex-start}.wp-block-uagb-image--layout-overlay__inner.bottom-left,.wp-block-uagb-image--layout-overlay__inner.bottom-center,.wp-block-uagb-image--layout-overlay__inner.bottom-right{justify-content:flex-end}.wp-block-uagb-image--layout-overlay__inner.top-left,.wp-block-uagb-image--layout-overlay__inner.center-left,.wp-block-uagb-image--layout-overlay__inner.bottom-left{align-items:flex-start}.wp-block-uagb-image--layout-overlay__inner.top-right,.wp-block-uagb-image--layout-overlay__inner.center-right,.wp-block-uagb-image--layout-overlay__inner.bottom-right{align-items:flex-end}.wp-block-uagb-image--layout-overlay__inner .uagb-image-heading{color:#fff;transition:transform .35s,opacity .35s ease-in-out;transform:translate3d(0, 24px, 0);margin:0;line-height:1em}.wp-block-uagb-image--layout-overlay__inner .uagb-image-separator{width:30%;border-top-width:2px;border-top-color:#fff;border-top-style:solid;margin-bottom:10px;opacity:0;transition:transform .4s,opacity .4s ease-in-out;transform:translate3d(0, 30px, 0)}.wp-block-uagb-image--layout-overlay__inner .uagb-image-caption{opacity:0;overflow:visible;color:#fff;transition:transform .45s,opacity .45s ease-in-out;transform:translate3d(0, 35px, 0)}.wp-block-uagb-image--layout-overlay__inner:hover .uagb-image-heading,.wp-block-uagb-image--layout-overlay__inner:hover .uagb-image-separator,.wp-block-uagb-image--layout-overlay__inner:hover .uagb-image-caption{opacity:1;transform:translate3d(0, 0, 0)}.wp-block-uagb-image--effect-zoomin .wp-block-uagb-image__figure img,.wp-block-uagb-image--effect-zoomin .wp-block-uagb-image__figure .wp-block-uagb-image--layout-overlay__color-wrapper{transform:scale(1);transition:transform .35s ease-in-out}.wp-block-uagb-image--effect-zoomin .wp-block-uagb-image__figure:hover img,.wp-block-uagb-image--effect-zoomin .wp-block-uagb-image__figure:hover .wp-block-uagb-image--layout-overlay__color-wrapper{transform:scale(1.05)}.wp-block-uagb-image--effect-slide .wp-block-uagb-image__figure img,.wp-block-uagb-image--effect-slide .wp-block-uagb-image__figure .wp-block-uagb-image--layout-overlay__color-wrapper{width:calc(100% + 40px) !important;max-width:none !important;transform:translate3d(-40px, 0, 0);transition:transform .35s ease-in-out}.wp-block-uagb-image--effect-slide .wp-block-uagb-image__figure:hover img,.wp-block-uagb-image--effect-slide .wp-block-uagb-image__figure:hover .wp-block-uagb-image--layout-overlay__color-wrapper{transform:translate3d(0, 0, 0)}.wp-block-uagb-image--effect-grayscale img{filter:grayscale(0%);transition:.35s ease-in-out}.wp-block-uagb-image--effect-grayscale:hover img{filter:grayscale(100%)}.wp-block-uagb-image--effect-blur img{filter:blur(0);transition:.35s ease-in-out}.wp-block-uagb-image--effect-blur:hover img{filter:blur(3px)}.uagb-block-e6f939b3.wp-block-uagb-image--layout-default figure img{box-shadow: 0px 0px 0 #00000070;}.uagb-block-e6f939b3.wp-block-uagb-image .wp-block-uagb-image__figure figcaption{font-style: normal;align-self: center;}.uagb-block-e6f939b3.wp-block-uagb-image--layout-overlay figure img{box-shadow: 0px 0px 0 #00000070;}.uagb-block-e6f939b3.wp-block-uagb-image--layout-overlay .wp-block-uagb-image--layout-overlay__color-wrapper{opacity: 0.2;}.uagb-block-e6f939b3.wp-block-uagb-image--layout-overlay .wp-block-uagb-image--layout-overlay__inner{left: 15px;right: 15px;top: 15px;bottom: 15px;}.uagb-block-e6f939b3.wp-block-uagb-image--layout-overlay .wp-block-uagb-image--layout-overlay__inner .uagb-image-heading{font-style: normal;color: #fff;opacity: 1;}.uagb-block-e6f939b3.wp-block-uagb-image--layout-overlay .wp-block-uagb-image--layout-overlay__inner .uagb-image-heading a{color: #fff;}.uagb-block-e6f939b3.wp-block-uagb-image--layout-overlay .wp-block-uagb-image--layout-overlay__inner .uagb-image-caption{opacity: 0;}.uagb-block-e6f939b3.wp-block-uagb-image--layout-overlay .wp-block-uagb-image__figure:hover .wp-block-uagb-image--layout-overlay__color-wrapper{opacity: 1;}.uagb-block-e6f939b3.wp-block-uagb-image .wp-block-uagb-image--layout-overlay__inner .uagb-image-separator{width: 30%;border-top-width: 2px;border-top-color: #fff;opacity: 0;}.uagb-block-e6f939b3.wp-block-uagb-image .wp-block-uagb-image__figure img{width: px;height: auto;}.uagb-block-e6f939b3.wp-block-uagb-image .wp-block-uagb-image__figure:hover .wp-block-uagb-image--layout-overlay__inner .uagb-image-caption{opacity: 1;}.uagb-block-e6f939b3.wp-block-uagb-image .wp-block-uagb-image__figure:hover .wp-block-uagb-image--layout-overlay__inner .uagb-image-separator{opacity: 1;}.uagb-block-e6f939b3.wp-block-uagb-image--layout-default figure:hover img{box-shadow: 0px 0px 0 #00000070;}.uagb-block-e6f939b3.wp-block-uagb-image--layout-overlay figure:hover img{box-shadow: 0px 0px 0 #00000070;}@media only screen and (max-width: 976px) {.uagb-block-e6f939b3.wp-block-uagb-image .wp-block-uagb-image__figure img{width: px;height: auto;}}@media only screen and (max-width: 767px) {.uagb-block-e6f939b3.wp-block-uagb-image .wp-block-uagb-image__figure img{width: px;height: auto;}}\";s:2:\"js\";s:0:\"\";s:18:\"current_block_list\";a:13:{i:0;s:11:\"core\/search\";i:1;s:10:\"core\/group\";i:2;s:12:\"core\/heading\";i:3;s:17:\"core\/latest-posts\";i:4;s:20:\"core\/latest-comments\";i:5;s:13:\"core\/archives\";i:6;s:15:\"core\/categories\";i:7;s:14:\"core\/paragraph\";i:8;s:10:\"uagb\/image\";i:9;s:11:\"core\/spacer\";i:10;s:30:\"woocommerce\/product-categories\";i:11;s:10:\"core\/image\";i:12;s:14:\"core\/shortcode\";}s:8:\"uag_flag\";b:1;s:11:\"uag_version\";s:10:\"1777251628\";s:6:\"gfonts\";a:0:{}s:10:\"gfonts_url\";s:0:\"\";s:12:\"gfonts_files\";a:0:{}s:14:\"uag_faq_layout\";b:0;}"]},"uagb_featured_image_src":{"full":["https:\/\/www.ferberpainting.com\/wp-content\/uploads\/2025\/05\/Jacket-Water-Repellent-5L-.png",2560,2560,false],"thumbnail":["https:\/\/www.ferberpainting.com\/wp-content\/uploads\/2025\/05\/Jacket-Water-Repellent-5L--150x150.png",150,150,true],"medium":["https:\/\/www.ferberpainting.com\/wp-content\/uploads\/2025\/05\/Jacket-Water-Repellent-5L--300x300.png",300,300,true],"medium_large":["https:\/\/www.ferberpainting.com\/wp-content\/uploads\/2025\/05\/Jacket-Water-Repellent-5L--768x768.png",768,768,true],"large":["https:\/\/www.ferberpainting.com\/wp-content\/uploads\/2025\/05\/Jacket-Water-Repellent-5L--1024x1024.png",1024,1024,true],"1536x1536":["https:\/\/www.ferberpainting.com\/wp-content\/uploads\/2025\/05\/Jacket-Water-Repellent-5L--1536x1536.png",1536,1536,true],"2048x2048":["https:\/\/www.ferberpainting.com\/wp-content\/uploads\/2025\/05\/Jacket-Water-Repellent-5L--2048x2048.png",2048,2048,true],"trp-custom-language-flag":["https:\/\/www.ferberpainting.com\/wp-content\/uploads\/2025\/05\/Jacket-Water-Repellent-5L--12x12.png",12,12,true],"woocommerce_thumbnail":["https:\/\/www.ferberpainting.com\/wp-content\/uploads\/2025\/05\/Jacket-Water-Repellent-5L--300x300.png",300,300,true],"woocommerce_single":["https:\/\/www.ferberpainting.com\/wp-content\/uploads\/2025\/05\/Jacket-Water-Repellent-5L--600x600.png",600,600,true],"woocommerce_gallery_thumbnail":["https:\/\/www.ferberpainting.com\/wp-content\/uploads\/2025\/05\/Jacket-Water-Repellent-5L--100x100.png",100,100,true]},"uagb_author_info":{"display_name":"admin","author_link":"https:\/\/www.ferberpainting.com\/de\/author\/"},"uagb_comment_info":9,"uagb_excerpt":"Optimal Protection Against Water and Humidity.\u00a0This jacket waterproofer is the ideal solution to protect your garments from rain, snow, and humidity. Whether you&#8217;re outdoors in heavy rain or walking in the snow, this product forms an invisible barrier on your jacket, preventing water from penetrating while still allowing the fabric to breathe. You stay dry&hellip;","_links":{"self":[{"href":"https:\/\/www.ferberpainting.com\/de\/wp-json\/wp\/v2\/product\/23755","targetHints":{"allow":["GET"]}}],"collection":[{"href":"https:\/\/www.ferberpainting.com\/de\/wp-json\/wp\/v2\/product"}],"about":[{"href":"https:\/\/www.ferberpainting.com\/de\/wp-json\/wp\/v2\/types\/product"}],"replies":[{"embeddable":true,"href":"https:\/\/www.ferberpainting.com\/de\/wp-json\/wp\/v2\/comments?post=23755"}],"version-history":[{"count":3,"href":"https:\/\/www.ferberpainting.com\/de\/wp-json\/wp\/v2\/product\/23755\/revisions"}],"predecessor-version":[{"id":166432,"href":"https:\/\/www.ferberpainting.com\/de\/wp-json\/wp\/v2\/product\/23755\/revisions\/166432"}],"wp:featuredmedia":[{"embeddable":true,"href":"https:\/\/www.ferberpainting.com\/de\/wp-json\/wp\/v2\/media\/36204"}],"wp:attachment":[{"href":"https:\/\/www.ferberpainting.com\/de\/wp-json\/wp\/v2\/media?parent=23755"}],"wp:term":[{"taxonomy":"product_brand","embeddable":true,"href":"https:\/\/www.ferberpainting.com\/de\/wp-json\/wp\/v2\/product_brand?post=23755"},{"taxonomy":"product_cat","embeddable":true,"href":"https:\/\/www.ferberpainting.com\/de\/wp-json\/wp\/v2\/product_cat?post=23755"},{"taxonomy":"product_tag","embeddable":true,"href":"https:\/\/www.ferberpainting.com\/de\/wp-json\/wp\/v2\/product_tag?post=23755"}],"curies":[{"name":"wp","href":"https:\/\/api.w.org\/{rel}","templated":true}]}}