{"id":23547,"date":"2025-07-01T11:55:44","date_gmt":"2025-07-01T09:55:44","guid":{"rendered":"https:\/\/www.ferberpainting.com\/?post_type=product&#038;p=23547"},"modified":"2026-02-15T19:38:00","modified_gmt":"2026-02-15T18:38:00","slug":"induction-hob-cleaner","status":"publish","type":"product","link":"https:\/\/www.ferberpainting.com\/de\/products\/induction-hob-cleaner\/","title":{"rendered":"Induktionskochfeld-Reiniger"},"content":{"rendered":"<p><strong><img decoding=\"async\" style=\"margin-right: 12px;\" src=\"https:\/\/www.ferberpainting.com\/wp-content\/uploads\/2026\/02\/Check.svg\" alt=\"\" width=\"18\" height=\"15\" \/>Optimale Effizienz.<\/strong>\u00a0Dieser Reiniger f\u00fcr Induktionskochfelder wurde speziell entwickelt, um Kochr\u00fcckst\u00e4nde, Fettflecken, \u00d6lspritzer und eingebrannte Speisereste wirksam zu entfernen. Dank seiner kraftvollen Formel wirkt er bis in die Tiefe, ohne die Glaskeramikoberfl\u00e4che zu zerkratzen, und sorgt so f\u00fcr eine perfekte Reinigung und ein stets tadelloses Kochfeld. Es hinterl\u00e4sst einen Schutzfilm, der k\u00fcnftige Reinigungen erleichtert und das Anhaften von Speiseresten verringert.<\/p>\n<p><strong><img decoding=\"async\" style=\"margin-right: 12px;\" src=\"https:\/\/www.ferberpainting.com\/wp-content\/uploads\/2026\/02\/Check.svg\" alt=\"\" width=\"18\" height=\"15\" \/>Geld-zur\u00fcck-Garantie.<\/strong>\u00a0Wir haben volles Vertrauen in die Wirksamkeit unseres Reinigers. Wenn Sie nach der Anwendung nicht mit dem Ergebnis zufrieden sind, haben Sie Anspruch auf eine volle R\u00fcckerstattung. Testen Sie unser Produkt risikofrei und genie\u00dfen Sie mit Leichtigkeit ein blitzsauberes Induktionskochfeld.<\/p>\n<p><strong><img decoding=\"async\" style=\"margin-right: 12px;\" src=\"https:\/\/www.ferberpainting.com\/wp-content\/uploads\/2026\/02\/Check.svg\" alt=\"\" width=\"18\" height=\"15\" \/>Au\u00dfergew\u00f6hnliche Vielseitigkeit.<\/strong>\u00a0Dieser Reiniger ist nicht nur f\u00fcr Induktionskochfelder geeignet! Er ist auch ideal f\u00fcr die Reinigung von Glaskeramik-Kochfl\u00e4chen, Hartglasplatten und sogar von Edelstahloberfl\u00e4chen auf Kochfeldern. Es eignet sich auch f\u00fcr die Reinigung von Elektrokochfeldern und Schutzgrills und sorgt f\u00fcr eine optimale Reinigung auf einer Vielzahl von K\u00fcchenoberfl\u00e4chen. Es entfernt Flecken, ohne Streifen zu hinterlassen, und erh\u00e4lt den nat\u00fcrlichen Glanz der behandelten Oberfl\u00e4chen.<\/p>\n<p><strong><img decoding=\"async\" style=\"margin-right: 12px;\" src=\"https:\/\/www.ferberpainting.com\/wp-content\/uploads\/2026\/02\/Check.svg\" alt=\"\" width=\"18\" height=\"15\" \/>Kosteneffiziente Leistung.<\/strong>\u00a0Dank seines 5-Liter-Kanisterformats und seiner hohen Konzentration bietet dieser Reiniger ein hervorragendes Preis-Leistungs-Verh\u00e4ltnis. Eine kleine Menge reicht aus, um eine gro\u00dfe Fl\u00e4che ohne Abfall zu behandeln. Mit einem Liter Produkt k\u00f6nnen durchschnittlich bis zu 200 m\u00b2 Glas- oder Glaskeramikfl\u00e4chen gereinigt werden, was ihn zu einer wirtschaftlichen L\u00f6sung f\u00fcr den t\u00e4glichen oder professionellen Einsatz macht.<\/p>\n<p><strong><img decoding=\"async\" style=\"margin-right: 12px;\" src=\"https:\/\/www.ferberpainting.com\/wp-content\/uploads\/2026\/02\/Check.svg\" alt=\"\" width=\"18\" height=\"15\" \/>Sicher in der Anwendung.<\/strong>\u00a0Im Gegensatz zu aggressiven Reinigern, die die empfindliche Oberfl\u00e4che von Induktionskochfeldern besch\u00e4digen k\u00f6nnen, ist dieses Produkt ohne \u00e4tzende L\u00f6sungsmittel oder scheuernde Substanzen formuliert. Es verursacht kein Anlaufen oder Mikrokratzer und respektiert empfindliche Materialien. Es setzt keine giftigen D\u00e4mpfe frei, so dass eine sichere Reinigung auch in einer geschlossenen K\u00fcche gew\u00e4hrleistet ist. Es ist sicher f\u00fcr den h\u00e4ufigen Gebrauch und bewahrt die Qualit\u00e4t und den Glanz der Kochfl\u00e4chen.<\/p>\n<p><strong><img decoding=\"async\" style=\"margin-right: 12px;\" src=\"https:\/\/www.ferberpainting.com\/wp-content\/uploads\/2026\/02\/Check.svg\" alt=\"\" width=\"18\" height=\"15\" \/>Benutzerfreundlichkeit.<\/strong>\u00a0Dieses Produkt ist gebrauchsfertig und erfordert keine Verd\u00fcnnung oder komplizierte Handhabung. Es wird direkt auf die zu reinigende Oberfl\u00e4che mit einem weichen Tuch oder einem nicht scheuernden Schwamm aufgetragen. Seine schnelle Wirkung entfernt R\u00fcckst\u00e4nde, ohne dass \u00fcberm\u00e4\u00dfiges Schrubben erforderlich ist. Es hinterl\u00e4sst nach dem Auftragen keine klebrigen R\u00fcckst\u00e4nde und muss nicht abgesp\u00fclt werden, was seine Anwendung praktisch und schnell macht.<\/p>\n<p><strong><img decoding=\"async\" style=\"margin-right: 12px;\" src=\"https:\/\/www.ferberpainting.com\/wp-content\/uploads\/2026\/02\/Check.svg\" alt=\"\" width=\"18\" height=\"15\" \/>Verl\u00e4ngerte Haltbarkeit.<\/strong>\u00a0Durch die regelm\u00e4\u00dfige Entfernung von R\u00fcckst\u00e4nden und den Schutz der Kochfeldoberfl\u00e4che tr\u00e4gt dieser Reiniger zur Verl\u00e4ngerung der Lebensdauer bei. Er beugt Fettablagerungen vor, die mit der Zeit die Leistungsf\u00e4higkeit des Induktionskochfelds beeintr\u00e4chtigen und seinen Glanz tr\u00fcben k\u00f6nnten. Seine sch\u00fctzende Wirkung reduziert die H\u00e4ufigkeit der intensiven Reinigung, so dass Ihr Kochfeld immer sauber und funktionst\u00fcchtig bleibt.<\/p>\n<p><strong><img decoding=\"async\" style=\"margin-right: 12px;\" src=\"https:\/\/www.ferberpainting.com\/wp-content\/uploads\/2026\/02\/Check.svg\" alt=\"\" width=\"18\" height=\"15\" \/>Schnelle Aktion.<\/strong>\u00a0Dank seiner hochreaktiven Formel wirkt dieser Reiniger sofort auf Flecken und eingebrannte Essensreste. In nur wenigen Sekunden l\u00f6st er Verunreinigungen auf und l\u00e4sst sie m\u00fchelos wegwischen. Er erm\u00f6glicht eine schnelle und effiziente Reinigung, ideal f\u00fcr die t\u00e4gliche Pflege und ein stets einsatzbereites Kochfeld.<\/p>\n<h2><strong>Verwendungsprotokoll<\/strong><\/h2>\n<ul>\n<li><strong>Vorbereitung <\/strong>: Vergewissern Sie sich, dass das Induktionskochfeld abgek\u00fchlt ist, bevor Sie das Produkt auftragen, um einen Temperaturschock zu vermeiden und eine optimale Wirkung zu gew\u00e4hrleisten.<\/li>\n<li><strong>Manuelle Anwendung <\/strong>: Geben Sie eine kleine Menge des Reinigers auf ein weiches Tuch, einen Mikrofaserschwamm oder einen nicht scheuernden Schwamm und tragen Sie ihn dann mit kreisenden Bewegungen gleichm\u00e4\u00dfig auf die Oberfl\u00e4che auf.<\/li>\n<li><strong>Behandlung von hartn\u00e4ckigen Flecken <\/strong>: Bei eingebrannten oder eingebetteten R\u00fcckst\u00e4nden lassen Sie das Produkt 30 Sekunden bis 1 Minute einwirken, bevor Sie es mit einem speziellen Glaskeramikschaber sanft abschrubben.<\/li>\n<li><strong>Entfernung von R\u00fcckst\u00e4nden <\/strong>: Wischen Sie mit einem sauberen, trockenen Tuch nach, um gel\u00f6ste Verunreinigungen zu entfernen und den nat\u00fcrlichen Glanz des Kochfeldes wiederherzustellen.<\/li>\n<li><strong>Veredelung und Schutz <\/strong>: F\u00fcr ein noch gl\u00e4nzenderes Finish die Oberfl\u00e4che mit einem trockenen Tuch abwischen, um sie zu polieren und die Antihaftwirkung zu verl\u00e4ngern.<\/li>\n<li><strong>H\u00e4ufigkeit der Nutzung <\/strong>: Nach jedem Gebrauch des Kochfeldes auftragen, um eine optimale Pflege zu gew\u00e4hrleisten und die Bildung von schwer zu entfernenden R\u00fcckst\u00e4nden zu verhindern. F\u00fcr eine gr\u00fcndliche Reinigung mindestens einmal pro Woche anwenden.<\/li>\n<li><strong>Lagerung <\/strong>: Verschlie\u00dfen Sie den Beh\u00e4lter nach jedem Gebrauch fest und lagern Sie ihn an einem k\u00fchlen, trockenen Ort, gesch\u00fctzt vor Licht und extremen Temperaturen, um die Wirksamkeit des Produkts \u00fcber l\u00e4ngere Zeit zu erhalten.<\/li>\n<\/ul>\n<p>Mit unserem Induktionskochfeld-Reiniger genie\u00dfen Sie eine effektive und m\u00fchelose Pflege, w\u00e4hrend Sie den Glanz und die Leistung Ihres Ger\u00e4ts bewahren. Eine ideale L\u00f6sung f\u00fcr eine saubere K\u00fcche und maximalen Benutzerkomfort.<\/p>","protected":false},"excerpt":{"rendered":"<p>Optimal Efficiency.\u00a0This induction cooktop cleaner is specially formulated to effectively eliminate cooking residues, grease marks, oil splashes, and burnt food deposits. Thanks to its powerful formula, it acts deep down without scratching the glass-ceramic surface, ensuring perfect cleaning and an always impeccable cooktop. It leaves a protective film that facilitates future cleanings and reduces the [&hellip;]<\/p>\n","protected":false},"featured_media":36277,"comment_status":"open","ping_status":"closed","template":"","meta":{"_uag_custom_page_level_css":"","site-sidebar-layout":"default","site-content-layout":"","ast-site-content-layout":"default","site-content-style":"default","site-sidebar-style":"default","ast-global-header-display":"","ast-banner-title-visibility":"","ast-main-header-display":"","ast-hfb-above-header-display":"","ast-hfb-below-header-display":"","ast-hfb-mobile-header-display":"","site-post-title":"","ast-breadcrumbs-content":"","ast-featured-img":"","footer-sml-layout":"","ast-disable-related-posts":"","theme-transparent-header-meta":"default","adv-header-id-meta":"","stick-header-meta":"","header-above-stick-meta":"","header-main-stick-meta":"","header-below-stick-meta":"","astra-migrate-meta-layouts":"set","ast-page-background-enabled":"default","ast-page-background-meta":{"desktop":{"background-color":"var(--ast-global-color-4)","background-image":"","background-repeat":"repeat","background-position":"center center","background-size":"auto","background-attachment":"scroll","background-type":"","background-media":"","overlay-type":"","overlay-color":"","overlay-opacity":"","overlay-gradient":""},"tablet":{"background-color":"","background-image":"","background-repeat":"repeat","background-position":"center center","background-size":"auto","background-attachment":"scroll","background-type":"","background-media":"","overlay-type":"","overlay-color":"","overlay-opacity":"","overlay-gradient":""},"mobile":{"background-color":"","background-image":"","background-repeat":"repeat","background-position":"center center","background-size":"auto","background-attachment":"scroll","background-type":"","background-media":"","overlay-type":"","overlay-color":"","overlay-opacity":"","overlay-gradient":""}},"ast-content-background-meta":{"desktop":{"background-color":"var(--ast-global-color-5)","background-image":"","background-repeat":"repeat","background-position":"center center","background-size":"auto","background-attachment":"scroll","background-type":"","background-media":"","overlay-type":"","overlay-color":"","overlay-opacity":"","overlay-gradient":""},"tablet":{"background-color":"var(--ast-global-color-5)","background-image":"","background-repeat":"repeat","background-position":"center center","background-size":"auto","background-attachment":"scroll","background-type":"","background-media":"","overlay-type":"","overlay-color":"","overlay-opacity":"","overlay-gradient":""},"mobile":{"background-color":"var(--ast-global-color-5)","background-image":"","background-repeat":"repeat","background-position":"center center","background-size":"auto","background-attachment":"scroll","background-type":"","background-media":"","overlay-type":"","overlay-color":"","overlay-opacity":"","overlay-gradient":""}}},"product_brand":[],"product_cat":[175],"product_tag":[],"class_list":{"0":"post-23547","1":"product","2":"type-product","3":"status-publish","4":"has-post-thumbnail","6":"product_cat-cleaning-products","7":"desktop-align-left","8":"tablet-align-left","9":"mobile-align-left","11":"first","12":"instock","13":"sale","14":"shipping-taxable","15":"purchasable","16":"product-type-variable","17":"has-default-attributes"},"spectra_custom_meta":{"_visibility":["visible"],"_shopify_product_id":["9106193711349"],"_s2w_shopify_domain":["ferberpainting.myshopify.com"],"_shopify_variant_id":["46625632878837"],"_sku":[""],"_manage_stock":["no"],"total_sales":["4"],"_tax_status":["taxable"],"_tax_class":[""],"_backorders":["no"],"_sold_individually":["no"],"_virtual":["no"],"_downloadable":["no"],"_download_limit":["-1"],"_download_expiry":["-1"],"_stock":[null],"_stock_status":["instock"],"_wc_average_rating":["5.00"],"_wc_review_count":["17"],"_product_attributes":["a:1:{s:6:\"volume\";a:6:{s:4:\"name\";s:6:\"Volume\";s:5:\"value\";s:20:\"5 liters | 25 liters\";s:8:\"position\";i:1;s:10:\"is_visible\";i:0;s:12:\"is_variation\";i:1;s:11:\"is_taxonomy\";i:0;}}"],"_product_version":["10.5.1"],"wpse_downloadable_file_names":[""],"wpse_downloadable_file_urls":[""],"_edit_last":["1"],"_default_attributes":["a:1:{s:6:\"volume\";s:8:\"5 liters\";}"],"_edit_lock":["1771180543:1"],"_price":["29.90","129.90"],"merchant-center-availability":["yes"],"merchant-center-category":["4978"],"_thumbnail_id":["36277"],"_wp_page_template":["default"],"_wp_old_date":["2025-05-26"],"_product_image_gallery":["36278"],"site-sidebar-layout":["default"],"ast-site-content-layout":["default"],"site-content-style":["default"],"site-sidebar-style":["default"],"theme-transparent-header-meta":["default"],"_wc_rating_count":["a:1:{i:5;i:17;}"],"astra-migrate-meta-layouts":["set"],"_uag_css_file_name":["uag-css-23547.css"],"_elementor_page_assets":["a:0:{}"],"_uag_page_assets":["a:9:{s:3:\"css\";s:7133:\".uag-blocks-common-selector{z-index:var(--z-index-desktop) !important}@media(max-width: 976px){.uag-blocks-common-selector{z-index:var(--z-index-tablet) !important}}@media(max-width: 767px){.uag-blocks-common-selector{z-index:var(--z-index-mobile) !important}}.wp-block-uagb-image{display:flex}.wp-block-uagb-image__figure{position:relative;display:flex;flex-direction:column;max-width:100%;height:auto;margin:0}.wp-block-uagb-image__figure img{height:auto;display:flex;max-width:100%;transition:box-shadow .2s ease}.wp-block-uagb-image__figure>a{display:inline-block}.wp-block-uagb-image__figure figcaption{text-align:center;margin-top:.5em;margin-bottom:1em}.wp-block-uagb-image .components-placeholder.block-editor-media-placeholder .components-placeholder__instructions{align-self:center}.wp-block-uagb-image--align-left{text-align:left}.wp-block-uagb-image--align-right{text-align:right}.wp-block-uagb-image--align-center{text-align:center}.wp-block-uagb-image--align-full .wp-block-uagb-image__figure{margin-left:calc(50% - 50vw);margin-right:calc(50% - 50vw);max-width:100vw;width:100vw;height:auto}.wp-block-uagb-image--align-full .wp-block-uagb-image__figure img{height:auto;width:100% !important}.wp-block-uagb-image--align-wide .wp-block-uagb-image__figure img{height:auto;width:100%}.wp-block-uagb-image--layout-overlay__color-wrapper{position:absolute;left:0;top:0;right:0;bottom:0;opacity:.2;background:rgba(0,0,0,.5);transition:opacity .35s ease-in-out}.wp-block-uagb-image--layout-overlay-link{position:absolute;left:0;right:0;bottom:0;top:0}.wp-block-uagb-image--layout-overlay .wp-block-uagb-image__figure:hover .wp-block-uagb-image--layout-overlay__color-wrapper{opacity:1}.wp-block-uagb-image--layout-overlay__inner{position:absolute;left:15px;right:15px;bottom:15px;top:15px;display:flex;align-items:center;justify-content:center;flex-direction:column;border-color:#fff;transition:.35s ease-in-out}.wp-block-uagb-image--layout-overlay__inner.top-left,.wp-block-uagb-image--layout-overlay__inner.top-center,.wp-block-uagb-image--layout-overlay__inner.top-right{justify-content:flex-start}.wp-block-uagb-image--layout-overlay__inner.bottom-left,.wp-block-uagb-image--layout-overlay__inner.bottom-center,.wp-block-uagb-image--layout-overlay__inner.bottom-right{justify-content:flex-end}.wp-block-uagb-image--layout-overlay__inner.top-left,.wp-block-uagb-image--layout-overlay__inner.center-left,.wp-block-uagb-image--layout-overlay__inner.bottom-left{align-items:flex-start}.wp-block-uagb-image--layout-overlay__inner.top-right,.wp-block-uagb-image--layout-overlay__inner.center-right,.wp-block-uagb-image--layout-overlay__inner.bottom-right{align-items:flex-end}.wp-block-uagb-image--layout-overlay__inner .uagb-image-heading{color:#fff;transition:transform .35s,opacity .35s ease-in-out;transform:translate3d(0, 24px, 0);margin:0;line-height:1em}.wp-block-uagb-image--layout-overlay__inner .uagb-image-separator{width:30%;border-top-width:2px;border-top-color:#fff;border-top-style:solid;margin-bottom:10px;opacity:0;transition:transform .4s,opacity .4s ease-in-out;transform:translate3d(0, 30px, 0)}.wp-block-uagb-image--layout-overlay__inner .uagb-image-caption{opacity:0;overflow:visible;color:#fff;transition:transform .45s,opacity .45s ease-in-out;transform:translate3d(0, 35px, 0)}.wp-block-uagb-image--layout-overlay__inner:hover .uagb-image-heading,.wp-block-uagb-image--layout-overlay__inner:hover .uagb-image-separator,.wp-block-uagb-image--layout-overlay__inner:hover .uagb-image-caption{opacity:1;transform:translate3d(0, 0, 0)}.wp-block-uagb-image--effect-zoomin .wp-block-uagb-image__figure img,.wp-block-uagb-image--effect-zoomin .wp-block-uagb-image__figure .wp-block-uagb-image--layout-overlay__color-wrapper{transform:scale(1);transition:transform .35s ease-in-out}.wp-block-uagb-image--effect-zoomin .wp-block-uagb-image__figure:hover img,.wp-block-uagb-image--effect-zoomin .wp-block-uagb-image__figure:hover .wp-block-uagb-image--layout-overlay__color-wrapper{transform:scale(1.05)}.wp-block-uagb-image--effect-slide .wp-block-uagb-image__figure img,.wp-block-uagb-image--effect-slide .wp-block-uagb-image__figure .wp-block-uagb-image--layout-overlay__color-wrapper{width:calc(100% + 40px) !important;max-width:none !important;transform:translate3d(-40px, 0, 0);transition:transform .35s ease-in-out}.wp-block-uagb-image--effect-slide .wp-block-uagb-image__figure:hover img,.wp-block-uagb-image--effect-slide .wp-block-uagb-image__figure:hover .wp-block-uagb-image--layout-overlay__color-wrapper{transform:translate3d(0, 0, 0)}.wp-block-uagb-image--effect-grayscale img{filter:grayscale(0%);transition:.35s ease-in-out}.wp-block-uagb-image--effect-grayscale:hover img{filter:grayscale(100%)}.wp-block-uagb-image--effect-blur img{filter:blur(0);transition:.35s ease-in-out}.wp-block-uagb-image--effect-blur:hover img{filter:blur(3px)}.uagb-block-e6f939b3.wp-block-uagb-image--layout-default figure img{box-shadow: 0px 0px 0 #00000070;}.uagb-block-e6f939b3.wp-block-uagb-image .wp-block-uagb-image__figure figcaption{font-style: normal;align-self: center;}.uagb-block-e6f939b3.wp-block-uagb-image--layout-overlay figure img{box-shadow: 0px 0px 0 #00000070;}.uagb-block-e6f939b3.wp-block-uagb-image--layout-overlay .wp-block-uagb-image--layout-overlay__color-wrapper{opacity: 0.2;}.uagb-block-e6f939b3.wp-block-uagb-image--layout-overlay .wp-block-uagb-image--layout-overlay__inner{left: 15px;right: 15px;top: 15px;bottom: 15px;}.uagb-block-e6f939b3.wp-block-uagb-image--layout-overlay .wp-block-uagb-image--layout-overlay__inner .uagb-image-heading{font-style: normal;color: #fff;opacity: 1;}.uagb-block-e6f939b3.wp-block-uagb-image--layout-overlay .wp-block-uagb-image--layout-overlay__inner .uagb-image-heading a{color: #fff;}.uagb-block-e6f939b3.wp-block-uagb-image--layout-overlay .wp-block-uagb-image--layout-overlay__inner .uagb-image-caption{opacity: 0;}.uagb-block-e6f939b3.wp-block-uagb-image--layout-overlay .wp-block-uagb-image__figure:hover .wp-block-uagb-image--layout-overlay__color-wrapper{opacity: 1;}.uagb-block-e6f939b3.wp-block-uagb-image .wp-block-uagb-image--layout-overlay__inner .uagb-image-separator{width: 30%;border-top-width: 2px;border-top-color: #fff;opacity: 0;}.uagb-block-e6f939b3.wp-block-uagb-image .wp-block-uagb-image__figure img{width: px;height: auto;}.uagb-block-e6f939b3.wp-block-uagb-image .wp-block-uagb-image__figure:hover .wp-block-uagb-image--layout-overlay__inner .uagb-image-caption{opacity: 1;}.uagb-block-e6f939b3.wp-block-uagb-image .wp-block-uagb-image__figure:hover .wp-block-uagb-image--layout-overlay__inner .uagb-image-separator{opacity: 1;}.uagb-block-e6f939b3.wp-block-uagb-image--layout-default figure:hover img{box-shadow: 0px 0px 0 #00000070;}.uagb-block-e6f939b3.wp-block-uagb-image--layout-overlay figure:hover img{box-shadow: 0px 0px 0 #00000070;}@media only screen and (max-width: 976px) {.uagb-block-e6f939b3.wp-block-uagb-image .wp-block-uagb-image__figure img{width: px;height: auto;}}@media only screen and (max-width: 767px) {.uagb-block-e6f939b3.wp-block-uagb-image .wp-block-uagb-image__figure img{width: px;height: auto;}}\";s:2:\"js\";s:0:\"\";s:18:\"current_block_list\";a:13:{i:0;s:11:\"core\/search\";i:1;s:10:\"core\/group\";i:2;s:12:\"core\/heading\";i:3;s:17:\"core\/latest-posts\";i:4;s:20:\"core\/latest-comments\";i:5;s:13:\"core\/archives\";i:6;s:15:\"core\/categories\";i:7;s:14:\"core\/paragraph\";i:8;s:10:\"uagb\/image\";i:9;s:11:\"core\/spacer\";i:10;s:30:\"woocommerce\/product-categories\";i:11;s:10:\"core\/image\";i:12;s:14:\"core\/shortcode\";}s:8:\"uag_flag\";b:1;s:11:\"uag_version\";s:10:\"1777114567\";s:6:\"gfonts\";a:0:{}s:10:\"gfonts_url\";s:0:\"\";s:12:\"gfonts_files\";a:0:{}s:14:\"uag_faq_layout\";b:0;}"]},"uagb_featured_image_src":{"full":["https:\/\/www.ferberpainting.com\/wp-content\/uploads\/2025\/05\/Induction-Hob-Cleaner-5L-.png",2560,2560,false],"thumbnail":["https:\/\/www.ferberpainting.com\/wp-content\/uploads\/2025\/05\/Induction-Hob-Cleaner-5L--150x150.png",150,150,true],"medium":["https:\/\/www.ferberpainting.com\/wp-content\/uploads\/2025\/05\/Induction-Hob-Cleaner-5L--300x300.png",300,300,true],"medium_large":["https:\/\/www.ferberpainting.com\/wp-content\/uploads\/2025\/05\/Induction-Hob-Cleaner-5L--768x768.png",768,768,true],"large":["https:\/\/www.ferberpainting.com\/wp-content\/uploads\/2025\/05\/Induction-Hob-Cleaner-5L--1024x1024.png",1024,1024,true],"1536x1536":["https:\/\/www.ferberpainting.com\/wp-content\/uploads\/2025\/05\/Induction-Hob-Cleaner-5L--1536x1536.png",1536,1536,true],"2048x2048":["https:\/\/www.ferberpainting.com\/wp-content\/uploads\/2025\/05\/Induction-Hob-Cleaner-5L--2048x2048.png",2048,2048,true],"trp-custom-language-flag":["https:\/\/www.ferberpainting.com\/wp-content\/uploads\/2025\/05\/Induction-Hob-Cleaner-5L--12x12.png",12,12,true],"woocommerce_thumbnail":["https:\/\/www.ferberpainting.com\/wp-content\/uploads\/2025\/05\/Induction-Hob-Cleaner-5L--300x300.png",300,300,true],"woocommerce_single":["https:\/\/www.ferberpainting.com\/wp-content\/uploads\/2025\/05\/Induction-Hob-Cleaner-5L--600x600.png",600,600,true],"woocommerce_gallery_thumbnail":["https:\/\/www.ferberpainting.com\/wp-content\/uploads\/2025\/05\/Induction-Hob-Cleaner-5L--100x100.png",100,100,true]},"uagb_author_info":{"display_name":"admin","author_link":"https:\/\/www.ferberpainting.com\/de\/author\/"},"uagb_comment_info":17,"uagb_excerpt":"Optimal Efficiency.\u00a0This induction cooktop cleaner is specially formulated to effectively eliminate cooking residues, grease marks, oil splashes, and burnt food deposits. Thanks to its powerful formula, it acts deep down without scratching the glass-ceramic surface, ensuring perfect cleaning and an always impeccable cooktop. It leaves a protective film that facilitates future cleanings and reduces the&hellip;","_links":{"self":[{"href":"https:\/\/www.ferberpainting.com\/de\/wp-json\/wp\/v2\/product\/23547","targetHints":{"allow":["GET"]}}],"collection":[{"href":"https:\/\/www.ferberpainting.com\/de\/wp-json\/wp\/v2\/product"}],"about":[{"href":"https:\/\/www.ferberpainting.com\/de\/wp-json\/wp\/v2\/types\/product"}],"replies":[{"embeddable":true,"href":"https:\/\/www.ferberpainting.com\/de\/wp-json\/wp\/v2\/comments?post=23547"}],"version-history":[{"count":3,"href":"https:\/\/www.ferberpainting.com\/de\/wp-json\/wp\/v2\/product\/23547\/revisions"}],"predecessor-version":[{"id":166372,"href":"https:\/\/www.ferberpainting.com\/de\/wp-json\/wp\/v2\/product\/23547\/revisions\/166372"}],"wp:featuredmedia":[{"embeddable":true,"href":"https:\/\/www.ferberpainting.com\/de\/wp-json\/wp\/v2\/media\/36277"}],"wp:attachment":[{"href":"https:\/\/www.ferberpainting.com\/de\/wp-json\/wp\/v2\/media?parent=23547"}],"wp:term":[{"taxonomy":"product_brand","embeddable":true,"href":"https:\/\/www.ferberpainting.com\/de\/wp-json\/wp\/v2\/product_brand?post=23547"},{"taxonomy":"product_cat","embeddable":true,"href":"https:\/\/www.ferberpainting.com\/de\/wp-json\/wp\/v2\/product_cat?post=23547"},{"taxonomy":"product_tag","embeddable":true,"href":"https:\/\/www.ferberpainting.com\/de\/wp-json\/wp\/v2\/product_tag?post=23547"}],"curies":[{"name":"wp","href":"https:\/\/api.w.org\/{rel}","templated":true}]}}