{"id":23524,"date":"2025-05-26T10:24:34","date_gmt":"2025-05-26T08:24:34","guid":{"rendered":"https:\/\/www.ferberpainting.com\/products\/hair-unblocker\/"},"modified":"2026-02-15T19:15:52","modified_gmt":"2026-02-15T18:15:52","slug":"hair-unblocker","status":"publish","type":"product","link":"https:\/\/www.ferberpainting.com\/de\/products\/hair-unblocker\/","title":{"rendered":"Abfluss-Haarentferner"},"content":{"rendered":"<p><strong><img decoding=\"async\" style=\"margin-right: 12px;\" src=\"https:\/\/www.ferberpainting.com\/wp-content\/uploads\/2026\/02\/Check.svg\" alt=\"\" width=\"18\" height=\"15\" \/>Schnelle und effektive Beseitigung von Haarverstopfungen.<\/strong>\u00a0Dieser Abflussreiniger f\u00fcr Haare wurde speziell entwickelt, um angesammelte Haarb\u00fcschel in Dusch-, Badewannen- und Waschbeckenabfl\u00fcssen schnell und effizient aufzul\u00f6sen. Seine hochwirksame Formel dringt tief in verhedderte Haarfasern, Seifenreste, K\u00f6rperfett und andere Verunreinigungen ein, die die Rohre verstopfen. Es sorgt f\u00fcr einen reibungslosen Wasserfluss und verhindert unangenehme Ger\u00fcche, die durch stehendes Wasser verursacht werden.<\/p>\n<p><strong><img decoding=\"async\" style=\"margin-right: 12px;\" src=\"https:\/\/www.ferberpainting.com\/wp-content\/uploads\/2026\/02\/Check.svg\" alt=\"\" width=\"18\" height=\"15\" \/>Geld-zur\u00fcck-Garantie.<\/strong>\u00a0Wir haben absolutes Vertrauen in die Wirksamkeit unseres Haarabflussreinigers, weshalb wir eine Geld-zur\u00fcck-Garantie anbieten. Sollte das Produkt nach ordnungsgem\u00e4\u00dfer Anwendung gem\u00e4\u00df den Empfehlungen nicht zufriedenstellend sein, verpflichten wir uns, Ihnen das Geld zur\u00fcckzuerstatten, um Ihnen einen risikofreien und sorgenfreien Kauf zu erm\u00f6glichen.<\/p>\n<p><strong><img decoding=\"async\" style=\"margin-right: 12px;\" src=\"https:\/\/www.ferberpainting.com\/wp-content\/uploads\/2026\/02\/Check.svg\" alt=\"\" width=\"18\" height=\"15\" \/>Kompatibel mit verschiedenen Arten von Rohren und Materialien.<\/strong>\u00a0Dieser Abflussreiniger ist f\u00fcr PVC-, Gusseisen-, Kupfer-, Edelstahl- und Betonrohre geeignet und kann somit in den meisten privaten und professionellen Abwassersystemen eingesetzt werden. Er ist auch mit Kl\u00e4rgruben kompatibel, wenn er in der empfohlenen Dosierung verwendet wird, um eine wirksame Wirkung zu gew\u00e4hrleisten, ohne das bakterielle Gleichgewicht des Abwassersystems zu st\u00f6ren.<\/p>\n<p><strong><img decoding=\"async\" style=\"margin-right: 12px;\" src=\"https:\/\/www.ferberpainting.com\/wp-content\/uploads\/2026\/02\/Check.svg\" alt=\"\" width=\"18\" height=\"15\" \/>Kosteng\u00fcnstige und optimierte Dosierung.<\/strong>\u00a0Dank seiner konzentrierten Formel kann 1 Liter des Produkts bis zu 4 Verstopfungen beseitigen und bietet eine wirtschaftliche und langfristige L\u00f6sung f\u00fcr die Wartung Ihrer Abfl\u00fcsse. Durch die schnelle und gezielte Wirkung wird die pro Eingriff ben\u00f6tigte Menge reduziert, wodurch die Wirksamkeit des Produkts optimiert und die langfristigen Wartungskosten minimiert werden.<\/p>\n<p><strong><img decoding=\"async\" style=\"margin-right: 12px;\" src=\"https:\/\/www.ferberpainting.com\/wp-content\/uploads\/2026\/02\/Check.svg\" alt=\"\" width=\"18\" height=\"15\" \/>Ein sicheres und nicht-aggressives Produkt f\u00fcr Installationen.<\/strong>\u00a0Im Gegensatz zu herk\u00f6mmlichen Abflussreinigern auf der Basis von Soda oder Schwefels\u00e4ure besch\u00e4digt dieser Reiniger weder Rohre noch Dichtungen und bewahrt so die Integrit\u00e4t von Sanit\u00e4rinstallationen. Er l\u00f6st Verstopfungen nach und nach auf, ohne die Rohre zu schw\u00e4chen, und gew\u00e4hrleistet so eine sichere und regelm\u00e4\u00dfige Anwendung ohne das Risiko einer Besch\u00e4digung.<\/p>\n<p><strong><img decoding=\"async\" style=\"margin-right: 12px;\" src=\"https:\/\/www.ferberpainting.com\/wp-content\/uploads\/2026\/02\/Check.svg\" alt=\"\" width=\"18\" height=\"15\" \/>Einfache Anwendung und sofortiges Handeln.<\/strong>\u00a0Dieser Abflussreiniger ist sofort einsatzbereit und erfordert keine komplizierte Handhabung. Gie\u00dfen Sie ihn einfach direkt in den verstopften Abfluss, lassen Sie ihn einwirken und sp\u00fclen Sie dann gr\u00fcndlich mit Wasser nach. Durch seine schnelle Wirkung werden Verstopfungen in nur 15 bis 30 Minuten effektiv beseitigt, ohne dass m\u00fchsame manuelle Eingriffe wie der Einsatz einer Rohrzange oder eines Tauchers erforderlich sind.<\/p>\n<p><strong><img decoding=\"async\" style=\"margin-right: 12px;\" src=\"https:\/\/www.ferberpainting.com\/wp-content\/uploads\/2026\/02\/Check.svg\" alt=\"\" width=\"18\" height=\"15\" \/>Langlebigkeit und Vorbeugung gegen zuk\u00fcnftige Verstopfungen.<\/strong>\u00a0Dieses Produkt l\u00f6st nicht nur bestehende Haarverstopfungen wirksam auf, sondern verhindert auch die erneute Ansammlung von R\u00fcckst\u00e4nden, indem es Ablagerungen allm\u00e4hlich abbaut. Die regelm\u00e4\u00dfige Anwendung verringert das Risiko neuer Verstopfungen und sorgt langfristig f\u00fcr einen reibungslosen Abfluss.<\/p>\n<p><strong><img decoding=\"async\" style=\"margin-right: 12px;\" src=\"https:\/\/www.ferberpainting.com\/wp-content\/uploads\/2026\/02\/Check.svg\" alt=\"\" width=\"18\" height=\"15\" \/>Sofortige Wirkung f\u00fcr sofortigen Komfort.<\/strong>\u00a0Nach der Anwendung beginnt dieser Abflussreiniger mit seiner Arbeit, indem er verhedderte Haare und verstopfende R\u00fcckst\u00e4nde aufl\u00f6st. Nach einer einfachen Sp\u00fclung flie\u00dft das Wasser wieder normal, und der Abfluss funktioniert wieder reibungslos ohne stehendes Wasser oder unangenehme Ger\u00fcche.<\/p>\n<h2><strong>Verwendungsprotokoll<\/strong><\/h2>\n<ul>\n<li><strong>Vorbereitung der Rohre <\/strong>: Vor der Anwendung sicherstellen, dass stehendes Wasser so weit wie m\u00f6glich vermieden wird, um die Wirksamkeit des Produkts zu optimieren. Entfernen Sie ggf. sichtbare Haare an der Siphon\u00f6ffnung von Hand.<\/li>\n<li><strong>Empfohlene Dosierung <\/strong>: Gie\u00dfen Sie 250 ml des Produkts direkt in den verstopften Abfluss, um eine Verstopfung zu behandeln. 1 Liter kann bis zu 4 Verstopfungen behandeln. Bei einer st\u00e4rkeren Verstopfung kann nach einigen Stunden eine zweite Anwendung erfolgen.<\/li>\n<li><strong>Anwendung des Abflussreinigers <\/strong>: Gie\u00dfen Sie das Produkt langsam in den Abfluss, ohne sofort Wasser hinzuzuf\u00fcgen, um eine gezielte Wirkung auf die R\u00fcckst\u00e4nde zu erm\u00f6glichen.<\/li>\n<li><strong>Aktion Zeit <\/strong>: 15 bis 30 Minuten einwirken lassen, je nach Schwere der Verstopfung. Bei besonders hartn\u00e4ckigen Verstopfungen bis zu 1 Stunde einwirken lassen, bevor man es absp\u00fclt.<\/li>\n<li><strong>Sp\u00fclung und Durchfluss\u00fcberpr\u00fcfung <\/strong>: Nach der Ruhezeit gr\u00fcndlich mit hei\u00dfem Wasser absp\u00fclen, um gel\u00f6ste R\u00fcckst\u00e4nde zu entfernen und einen optimalen Durchfluss zu gew\u00e4hrleisten. Falls n\u00f6tig, wiederholen Sie den Vorgang bei einer anhaltenden Verstopfung.<\/li>\n<li><strong>Vorbeugende Wartung <\/strong>: Um die Ansammlung von Haaren und die Bildung neuer Verstopfungen zu vermeiden, verwenden Sie einmal im Monat eine kleine Menge des Produkts, um eine reibungslose Wasserzirkulation aufrechtzuerhalten und die Ansammlung von R\u00fcckst\u00e4nden zu begrenzen.<\/li>\n<li><strong>Vorsichtsma\u00dfnahmen bei der Verwendung <\/strong>: Nicht mit anderen chemischen Produkten mischen, insbesondere nicht mit natrium- oder schwefels\u00e4urehaltigen Abflussreinigern. Vermeiden Sie den Kontakt mit Haut und Augen. Bei versehentlichem Kontakt sofort mit klarem Wasser absp\u00fclen und ggf. einen Arzt aufsuchen.<\/li>\n<li><strong>Lagerung und Konservierung <\/strong>: Lagern Sie das Produkt an einem trockenen und temperierten Ort, vor Licht gesch\u00fctzt und au\u00dferhalb der Reichweite von Kindern. Verschlie\u00dfen Sie die Flasche nach Gebrauch fest, um Verdunstung oder Abbau der L\u00f6sung zu verhindern.<\/li>\n<\/ul>\n<p>Mit diesem Haarabflussreiniger k\u00f6nnen Sie sich von verstopften Rohren und einem langsamen Abfluss verabschieden. Genie\u00dfen Sie eine schnelle, wirksame und lang anhaltende L\u00f6sung zur Beseitigung von Haarverstopfungen, w\u00e4hrend die Integrit\u00e4t Ihrer Sanit\u00e4rinstallationen erhalten bleibt.<\/p>","protected":false},"excerpt":{"rendered":"<p>Fast and effective removal of hair clogs.\u00a0This hair drain cleaner is specifically designed to quickly and efficiently dissolve accumulated hair clumps in shower, bathtub, and sink drains. Its ultra-performance formula penetrates deep into tangled hair fibers, soap residues, body grease, and other impurities that clog the pipes. It ensures smooth water flow and prevents unpleasant [&hellip;]<\/p>\n","protected":false},"featured_media":26023,"comment_status":"open","ping_status":"closed","template":"","meta":{"_uag_custom_page_level_css":"","site-sidebar-layout":"default","site-content-layout":"","ast-site-content-layout":"default","site-content-style":"default","site-sidebar-style":"default","ast-global-header-display":"","ast-banner-title-visibility":"","ast-main-header-display":"","ast-hfb-above-header-display":"","ast-hfb-below-header-display":"","ast-hfb-mobile-header-display":"","site-post-title":"","ast-breadcrumbs-content":"","ast-featured-img":"","footer-sml-layout":"","ast-disable-related-posts":"","theme-transparent-header-meta":"default","adv-header-id-meta":"","stick-header-meta":"","header-above-stick-meta":"","header-main-stick-meta":"","header-below-stick-meta":"","astra-migrate-meta-layouts":"set","ast-page-background-enabled":"default","ast-page-background-meta":{"desktop":{"background-color":"var(--ast-global-color-4)","background-image":"","background-repeat":"repeat","background-position":"center center","background-size":"auto","background-attachment":"scroll","background-type":"","background-media":"","overlay-type":"","overlay-color":"","overlay-opacity":"","overlay-gradient":""},"tablet":{"background-color":"","background-image":"","background-repeat":"repeat","background-position":"center center","background-size":"auto","background-attachment":"scroll","background-type":"","background-media":"","overlay-type":"","overlay-color":"","overlay-opacity":"","overlay-gradient":""},"mobile":{"background-color":"","background-image":"","background-repeat":"repeat","background-position":"center center","background-size":"auto","background-attachment":"scroll","background-type":"","background-media":"","overlay-type":"","overlay-color":"","overlay-opacity":"","overlay-gradient":""}},"ast-content-background-meta":{"desktop":{"background-color":"var(--ast-global-color-5)","background-image":"","background-repeat":"repeat","background-position":"center center","background-size":"auto","background-attachment":"scroll","background-type":"","background-media":"","overlay-type":"","overlay-color":"","overlay-opacity":"","overlay-gradient":""},"tablet":{"background-color":"var(--ast-global-color-5)","background-image":"","background-repeat":"repeat","background-position":"center center","background-size":"auto","background-attachment":"scroll","background-type":"","background-media":"","overlay-type":"","overlay-color":"","overlay-opacity":"","overlay-gradient":""},"mobile":{"background-color":"var(--ast-global-color-5)","background-image":"","background-repeat":"repeat","background-position":"center center","background-size":"auto","background-attachment":"scroll","background-type":"","background-media":"","overlay-type":"","overlay-color":"","overlay-opacity":"","overlay-gradient":""}}},"product_brand":[],"product_cat":[175],"product_tag":[],"class_list":{"0":"post-23524","1":"product","2":"type-product","3":"status-publish","4":"has-post-thumbnail","6":"product_cat-cleaning-products","7":"desktop-align-left","8":"tablet-align-left","9":"mobile-align-left","11":"first","12":"instock","13":"sale","14":"taxable","15":"shipping-taxable","16":"purchasable","17":"product-type-variable","18":"has-default-attributes"},"spectra_custom_meta":{"_visibility":["visible"],"_shopify_product_id":["9062360973557"],"_s2w_shopify_domain":["ferberpainting.myshopify.com"],"_shopify_variant_id":["46603056513269"],"_sku":[""],"_manage_stock":["no"],"total_sales":["11"],"_tax_status":["taxable"],"_tax_class":[""],"_backorders":["no"],"_sold_individually":["no"],"_virtual":["no"],"_downloadable":["no"],"_download_limit":["-1"],"_download_expiry":["-1"],"_stock":[null],"_stock_status":["instock"],"_wc_average_rating":["4.88"],"_wc_review_count":["8"],"_product_attributes":["a:1:{s:6:\"volume\";a:6:{s:4:\"name\";s:6:\"Volume\";s:5:\"value\";s:20:\"5 liters | 25 liters\";s:8:\"position\";i:1;s:10:\"is_visible\";i:0;s:12:\"is_variation\";i:1;s:11:\"is_taxonomy\";i:0;}}"],"_product_version":["10.5.1"],"_thumbnail_id":["26023"],"_product_image_gallery":["26024"],"wpse_downloadable_file_names":[""],"wpse_downloadable_file_urls":[""],"_edit_last":["1"],"_default_attributes":["a:1:{s:6:\"volume\";s:8:\"5 liters\";}"],"_edit_lock":["1771179393:1"],"merchant-center-availability":["yes"],"merchant-center-category":["1749"],"_price":["29.90","129.90"],"_wp_page_template":["default"],"site-sidebar-layout":["default"],"ast-site-content-layout":["default"],"site-content-style":["default"],"site-sidebar-style":["default"],"theme-transparent-header-meta":["default"],"_wc_rating_count":["a:2:{i:4;i:1;i:5;i:7;}"],"astra-migrate-meta-layouts":["set"],"_uag_css_file_name":["uag-css-23524.css"],"_elementor_page_assets":["a:0:{}"],"_uag_page_assets":["a:9:{s:3:\"css\";s:7133:\".uag-blocks-common-selector{z-index:var(--z-index-desktop) !important}@media(max-width: 976px){.uag-blocks-common-selector{z-index:var(--z-index-tablet) !important}}@media(max-width: 767px){.uag-blocks-common-selector{z-index:var(--z-index-mobile) !important}}.wp-block-uagb-image{display:flex}.wp-block-uagb-image__figure{position:relative;display:flex;flex-direction:column;max-width:100%;height:auto;margin:0}.wp-block-uagb-image__figure img{height:auto;display:flex;max-width:100%;transition:box-shadow .2s ease}.wp-block-uagb-image__figure>a{display:inline-block}.wp-block-uagb-image__figure figcaption{text-align:center;margin-top:.5em;margin-bottom:1em}.wp-block-uagb-image .components-placeholder.block-editor-media-placeholder .components-placeholder__instructions{align-self:center}.wp-block-uagb-image--align-left{text-align:left}.wp-block-uagb-image--align-right{text-align:right}.wp-block-uagb-image--align-center{text-align:center}.wp-block-uagb-image--align-full .wp-block-uagb-image__figure{margin-left:calc(50% - 50vw);margin-right:calc(50% - 50vw);max-width:100vw;width:100vw;height:auto}.wp-block-uagb-image--align-full .wp-block-uagb-image__figure img{height:auto;width:100% !important}.wp-block-uagb-image--align-wide .wp-block-uagb-image__figure img{height:auto;width:100%}.wp-block-uagb-image--layout-overlay__color-wrapper{position:absolute;left:0;top:0;right:0;bottom:0;opacity:.2;background:rgba(0,0,0,.5);transition:opacity .35s ease-in-out}.wp-block-uagb-image--layout-overlay-link{position:absolute;left:0;right:0;bottom:0;top:0}.wp-block-uagb-image--layout-overlay .wp-block-uagb-image__figure:hover .wp-block-uagb-image--layout-overlay__color-wrapper{opacity:1}.wp-block-uagb-image--layout-overlay__inner{position:absolute;left:15px;right:15px;bottom:15px;top:15px;display:flex;align-items:center;justify-content:center;flex-direction:column;border-color:#fff;transition:.35s ease-in-out}.wp-block-uagb-image--layout-overlay__inner.top-left,.wp-block-uagb-image--layout-overlay__inner.top-center,.wp-block-uagb-image--layout-overlay__inner.top-right{justify-content:flex-start}.wp-block-uagb-image--layout-overlay__inner.bottom-left,.wp-block-uagb-image--layout-overlay__inner.bottom-center,.wp-block-uagb-image--layout-overlay__inner.bottom-right{justify-content:flex-end}.wp-block-uagb-image--layout-overlay__inner.top-left,.wp-block-uagb-image--layout-overlay__inner.center-left,.wp-block-uagb-image--layout-overlay__inner.bottom-left{align-items:flex-start}.wp-block-uagb-image--layout-overlay__inner.top-right,.wp-block-uagb-image--layout-overlay__inner.center-right,.wp-block-uagb-image--layout-overlay__inner.bottom-right{align-items:flex-end}.wp-block-uagb-image--layout-overlay__inner .uagb-image-heading{color:#fff;transition:transform .35s,opacity .35s ease-in-out;transform:translate3d(0, 24px, 0);margin:0;line-height:1em}.wp-block-uagb-image--layout-overlay__inner .uagb-image-separator{width:30%;border-top-width:2px;border-top-color:#fff;border-top-style:solid;margin-bottom:10px;opacity:0;transition:transform .4s,opacity .4s ease-in-out;transform:translate3d(0, 30px, 0)}.wp-block-uagb-image--layout-overlay__inner .uagb-image-caption{opacity:0;overflow:visible;color:#fff;transition:transform .45s,opacity .45s ease-in-out;transform:translate3d(0, 35px, 0)}.wp-block-uagb-image--layout-overlay__inner:hover .uagb-image-heading,.wp-block-uagb-image--layout-overlay__inner:hover .uagb-image-separator,.wp-block-uagb-image--layout-overlay__inner:hover .uagb-image-caption{opacity:1;transform:translate3d(0, 0, 0)}.wp-block-uagb-image--effect-zoomin .wp-block-uagb-image__figure img,.wp-block-uagb-image--effect-zoomin .wp-block-uagb-image__figure .wp-block-uagb-image--layout-overlay__color-wrapper{transform:scale(1);transition:transform .35s ease-in-out}.wp-block-uagb-image--effect-zoomin .wp-block-uagb-image__figure:hover img,.wp-block-uagb-image--effect-zoomin .wp-block-uagb-image__figure:hover .wp-block-uagb-image--layout-overlay__color-wrapper{transform:scale(1.05)}.wp-block-uagb-image--effect-slide .wp-block-uagb-image__figure img,.wp-block-uagb-image--effect-slide .wp-block-uagb-image__figure .wp-block-uagb-image--layout-overlay__color-wrapper{width:calc(100% + 40px) !important;max-width:none !important;transform:translate3d(-40px, 0, 0);transition:transform .35s ease-in-out}.wp-block-uagb-image--effect-slide .wp-block-uagb-image__figure:hover img,.wp-block-uagb-image--effect-slide .wp-block-uagb-image__figure:hover .wp-block-uagb-image--layout-overlay__color-wrapper{transform:translate3d(0, 0, 0)}.wp-block-uagb-image--effect-grayscale img{filter:grayscale(0%);transition:.35s ease-in-out}.wp-block-uagb-image--effect-grayscale:hover img{filter:grayscale(100%)}.wp-block-uagb-image--effect-blur img{filter:blur(0);transition:.35s ease-in-out}.wp-block-uagb-image--effect-blur:hover img{filter:blur(3px)}.uagb-block-e6f939b3.wp-block-uagb-image--layout-default figure img{box-shadow: 0px 0px 0 #00000070;}.uagb-block-e6f939b3.wp-block-uagb-image .wp-block-uagb-image__figure figcaption{font-style: normal;align-self: center;}.uagb-block-e6f939b3.wp-block-uagb-image--layout-overlay figure img{box-shadow: 0px 0px 0 #00000070;}.uagb-block-e6f939b3.wp-block-uagb-image--layout-overlay .wp-block-uagb-image--layout-overlay__color-wrapper{opacity: 0.2;}.uagb-block-e6f939b3.wp-block-uagb-image--layout-overlay .wp-block-uagb-image--layout-overlay__inner{left: 15px;right: 15px;top: 15px;bottom: 15px;}.uagb-block-e6f939b3.wp-block-uagb-image--layout-overlay .wp-block-uagb-image--layout-overlay__inner .uagb-image-heading{font-style: normal;color: #fff;opacity: 1;}.uagb-block-e6f939b3.wp-block-uagb-image--layout-overlay .wp-block-uagb-image--layout-overlay__inner .uagb-image-heading a{color: #fff;}.uagb-block-e6f939b3.wp-block-uagb-image--layout-overlay .wp-block-uagb-image--layout-overlay__inner .uagb-image-caption{opacity: 0;}.uagb-block-e6f939b3.wp-block-uagb-image--layout-overlay .wp-block-uagb-image__figure:hover .wp-block-uagb-image--layout-overlay__color-wrapper{opacity: 1;}.uagb-block-e6f939b3.wp-block-uagb-image .wp-block-uagb-image--layout-overlay__inner .uagb-image-separator{width: 30%;border-top-width: 2px;border-top-color: #fff;opacity: 0;}.uagb-block-e6f939b3.wp-block-uagb-image .wp-block-uagb-image__figure img{width: px;height: auto;}.uagb-block-e6f939b3.wp-block-uagb-image .wp-block-uagb-image__figure:hover .wp-block-uagb-image--layout-overlay__inner .uagb-image-caption{opacity: 1;}.uagb-block-e6f939b3.wp-block-uagb-image .wp-block-uagb-image__figure:hover .wp-block-uagb-image--layout-overlay__inner .uagb-image-separator{opacity: 1;}.uagb-block-e6f939b3.wp-block-uagb-image--layout-default figure:hover img{box-shadow: 0px 0px 0 #00000070;}.uagb-block-e6f939b3.wp-block-uagb-image--layout-overlay figure:hover img{box-shadow: 0px 0px 0 #00000070;}@media only screen and (max-width: 976px) {.uagb-block-e6f939b3.wp-block-uagb-image .wp-block-uagb-image__figure img{width: px;height: auto;}}@media only screen and (max-width: 767px) {.uagb-block-e6f939b3.wp-block-uagb-image .wp-block-uagb-image__figure img{width: px;height: auto;}}\";s:2:\"js\";s:0:\"\";s:18:\"current_block_list\";a:13:{i:0;s:11:\"core\/search\";i:1;s:10:\"core\/group\";i:2;s:12:\"core\/heading\";i:3;s:17:\"core\/latest-posts\";i:4;s:20:\"core\/latest-comments\";i:5;s:13:\"core\/archives\";i:6;s:15:\"core\/categories\";i:7;s:14:\"core\/paragraph\";i:8;s:10:\"uagb\/image\";i:9;s:11:\"core\/spacer\";i:10;s:30:\"woocommerce\/product-categories\";i:11;s:10:\"core\/image\";i:12;s:14:\"core\/shortcode\";}s:8:\"uag_flag\";b:1;s:11:\"uag_version\";s:10:\"1777229695\";s:6:\"gfonts\";a:0:{}s:10:\"gfonts_url\";s:0:\"\";s:12:\"gfonts_files\";a:0:{}s:14:\"uag_faq_layout\";b:0;}"]},"uagb_featured_image_src":{"full":["https:\/\/www.ferberpainting.com\/wp-content\/uploads\/2025\/05\/HairUnblocker5L.png",2560,2560,false],"thumbnail":["https:\/\/www.ferberpainting.com\/wp-content\/uploads\/2025\/05\/HairUnblocker5L-150x150.png",150,150,true],"medium":["https:\/\/www.ferberpainting.com\/wp-content\/uploads\/2025\/05\/HairUnblocker5L-300x300.png",300,300,true],"medium_large":["https:\/\/www.ferberpainting.com\/wp-content\/uploads\/2025\/05\/HairUnblocker5L-768x768.png",768,768,true],"large":["https:\/\/www.ferberpainting.com\/wp-content\/uploads\/2025\/05\/HairUnblocker5L-1024x1024.png",1024,1024,true],"1536x1536":["https:\/\/www.ferberpainting.com\/wp-content\/uploads\/2025\/05\/HairUnblocker5L-1536x1536.png",1536,1536,true],"2048x2048":["https:\/\/www.ferberpainting.com\/wp-content\/uploads\/2025\/05\/HairUnblocker5L-2048x2048.png",2048,2048,true],"trp-custom-language-flag":["https:\/\/www.ferberpainting.com\/wp-content\/uploads\/2025\/05\/HairUnblocker5L-12x12.png",12,12,true],"woocommerce_thumbnail":["https:\/\/www.ferberpainting.com\/wp-content\/uploads\/2025\/05\/HairUnblocker5L-300x300.png",300,300,true],"woocommerce_single":["https:\/\/www.ferberpainting.com\/wp-content\/uploads\/2025\/05\/HairUnblocker5L-600x600.png",600,600,true],"woocommerce_gallery_thumbnail":["https:\/\/www.ferberpainting.com\/wp-content\/uploads\/2025\/05\/HairUnblocker5L-100x100.png",100,100,true]},"uagb_author_info":{"display_name":"admin","author_link":"https:\/\/www.ferberpainting.com\/de\/author\/"},"uagb_comment_info":8,"uagb_excerpt":"Fast and effective removal of hair clogs.\u00a0This hair drain cleaner is specifically designed to quickly and efficiently dissolve accumulated hair clumps in shower, bathtub, and sink drains. Its ultra-performance formula penetrates deep into tangled hair fibers, soap residues, body grease, and other impurities that clog the pipes. It ensures smooth water flow and prevents unpleasant&hellip;","_links":{"self":[{"href":"https:\/\/www.ferberpainting.com\/de\/wp-json\/wp\/v2\/product\/23524","targetHints":{"allow":["GET"]}}],"collection":[{"href":"https:\/\/www.ferberpainting.com\/de\/wp-json\/wp\/v2\/product"}],"about":[{"href":"https:\/\/www.ferberpainting.com\/de\/wp-json\/wp\/v2\/types\/product"}],"replies":[{"embeddable":true,"href":"https:\/\/www.ferberpainting.com\/de\/wp-json\/wp\/v2\/comments?post=23524"}],"version-history":[{"count":5,"href":"https:\/\/www.ferberpainting.com\/de\/wp-json\/wp\/v2\/product\/23524\/revisions"}],"predecessor-version":[{"id":166352,"href":"https:\/\/www.ferberpainting.com\/de\/wp-json\/wp\/v2\/product\/23524\/revisions\/166352"}],"wp:featuredmedia":[{"embeddable":true,"href":"https:\/\/www.ferberpainting.com\/de\/wp-json\/wp\/v2\/media\/26023"}],"wp:attachment":[{"href":"https:\/\/www.ferberpainting.com\/de\/wp-json\/wp\/v2\/media?parent=23524"}],"wp:term":[{"taxonomy":"product_brand","embeddable":true,"href":"https:\/\/www.ferberpainting.com\/de\/wp-json\/wp\/v2\/product_brand?post=23524"},{"taxonomy":"product_cat","embeddable":true,"href":"https:\/\/www.ferberpainting.com\/de\/wp-json\/wp\/v2\/product_cat?post=23524"},{"taxonomy":"product_tag","embeddable":true,"href":"https:\/\/www.ferberpainting.com\/de\/wp-json\/wp\/v2\/product_tag?post=23524"}],"curies":[{"name":"wp","href":"https:\/\/api.w.org\/{rel}","templated":true}]}}