{"id":23520,"date":"2025-05-26T10:24:32","date_gmt":"2025-05-26T08:24:32","guid":{"rendered":"https:\/\/www.ferberpainting.com\/products\/growth-fertilizer\/"},"modified":"2026-02-15T19:14:14","modified_gmt":"2026-02-15T18:14:14","slug":"growth-fertilizer","status":"publish","type":"product","link":"https:\/\/www.ferberpainting.com\/de\/products\/growth-fertilizer\/","title":{"rendered":"Wachstumsd\u00fcnger"},"content":{"rendered":"<p><strong><img decoding=\"async\" style=\"margin-right: 12px;\" src=\"https:\/\/www.ferberpainting.com\/wp-content\/uploads\/2026\/02\/Check.svg\" alt=\"\" width=\"18\" height=\"15\" \/>Ein leistungsstarker D\u00fcnger f\u00fcr optimales Wachstum.<\/strong>\u00a0Unser Wachstumsd\u00fcnger wurde speziell entwickelt, um durch ein perfektes Gleichgewicht von Stickstoff, Phosphor und Kalium (NPK 15-15-15) eine schnelle Pflanzenentwicklung zu f\u00f6rdern. Diese vollst\u00e4ndige Formel f\u00f6rdert ein kr\u00e4ftiges Wachstum, eine starke Bewurzelung und eine erh\u00f6hte Widerstandsf\u00e4higkeit gegen Krankheiten und Umweltstress.<\/p>\n<p><strong><img decoding=\"async\" style=\"margin-right: 12px;\" src=\"https:\/\/www.ferberpainting.com\/wp-content\/uploads\/2026\/02\/Check.svg\" alt=\"\" width=\"18\" height=\"15\" \/>Geld-zur\u00fcck-Garantie.<\/strong>\u00a0Wir sind von der Wirksamkeit unserer D\u00fcngemittel \u00fcberzeugt und bieten eine Geld-zur\u00fcck-Garantie. Wenn Sie nach der empfohlenen Anwendung keine signifikante Verbesserung des Pflanzenwachstums feststellen, k\u00f6nnen Sie eine vollst\u00e4ndige R\u00fcckerstattung erhalten.<\/p>\n<p><strong><img decoding=\"async\" style=\"margin-right: 12px;\" src=\"https:\/\/www.ferberpainting.com\/wp-content\/uploads\/2026\/02\/Check.svg\" alt=\"\" width=\"18\" height=\"15\" \/>Kompatibel mit allen Arten von Substraten und Kulturen.<\/strong>\u00a0Ganz gleich, ob Ihre Pflanzen in offener Erde, in T\u00f6pfen, Containern oder in Hydrokultur angebaut werden, dieser D\u00fcnger wirkt effektiv auf allen Arten von Erde und Medien, egal ob es sich um Blumenerde, Kompost, angereicherte Substrate, Perlit oder sogar inerte Medien handelt. Er ist perfekt geeignet f\u00fcr Gem\u00fcseg\u00e4rten, Obstb\u00e4ume, Blumen und Zierpflanzen.<\/p>\n<p><strong><img decoding=\"async\" style=\"margin-right: 12px;\" src=\"https:\/\/www.ferberpainting.com\/wp-content\/uploads\/2026\/02\/Check.svg\" alt=\"\" width=\"18\" height=\"15\" \/>Kosteng\u00fcnstiger und nachhaltiger Ertrag.<\/strong>\u00a0Dank seiner hochkonzentrierten Formel gen\u00fcgen nur 5 ml verd\u00fcnnter D\u00fcnger in 1 Liter Wasser f\u00fcr eine effiziente und lang anhaltende D\u00fcngung. Ein 5-Liter-Beh\u00e4lter erm\u00f6glicht die Zubereitung von bis zu 1000 Litern N\u00e4hrl\u00f6sung und bietet ein hervorragendes Preis-Leistungs-Verh\u00e4ltnis und eine mehrmonatige Autonomie.<\/p>\n<p><strong><img decoding=\"async\" style=\"margin-right: 12px;\" src=\"https:\/\/www.ferberpainting.com\/wp-content\/uploads\/2026\/02\/Check.svg\" alt=\"\" width=\"18\" height=\"15\" \/>Ein umweltvertr\u00e4gliches D\u00fcngemittel.<\/strong>\u00a0Dieser D\u00fcnger wird ohne giftige R\u00fcckst\u00e4nde, sch\u00e4dliche chemische Zus\u00e4tze und ohne negative Auswirkungen auf Boden und Wasser hergestellt. Er respektiert das nat\u00fcrliche Gleichgewicht des Bodens, f\u00f6rdert die Aktivit\u00e4t der n\u00fctzlichen Mikroorganismen und verbessert die Bodenstruktur, ohne das Grundwasser zu verschmutzen.<\/p>\n<p><strong><img decoding=\"async\" style=\"margin-right: 12px;\" src=\"https:\/\/www.ferberpainting.com\/wp-content\/uploads\/2026\/02\/Check.svg\" alt=\"\" width=\"18\" height=\"15\" \/>Eine schnelle und einfache Anwendung.<\/strong>\u00a0Mischen Sie einfach die empfohlene Dosis mit Wasser und tragen Sie die L\u00f6sung durch Gie\u00dfen oder Spr\u00fchen auf. Die schnelle Absorption erm\u00f6glicht eine sofortige Wirkung auf die Pflanze und garantiert sichtbare Ergebnisse innerhalb der ersten Wochen.<\/p>\n<p><strong><img decoding=\"async\" style=\"margin-right: 12px;\" src=\"https:\/\/www.ferberpainting.com\/wp-content\/uploads\/2026\/02\/Check.svg\" alt=\"\" width=\"18\" height=\"15\" \/>Ein langlebiger und vielseitiger D\u00fcnger.<\/strong>\u00a0Unser D\u00fcnger ist nicht nur f\u00fcr alle Kulturen wirksam, sondern auch f\u00fcr eine progressive und ausgewogene D\u00fcngung konzipiert, die ein gleichm\u00e4\u00dfiges Wachstum ohne das Risiko von Wurzelverbrennungen oder N\u00e4hrstoff\u00fcberlastungen gew\u00e4hrleistet. Seine fl\u00fcssige Formel erm\u00f6glicht eine perfekte Homogenit\u00e4t, wodurch eine Mineralienanreicherung im Boden vermieden wird.<\/p>\n<p><strong><img decoding=\"async\" style=\"margin-right: 12px;\" src=\"https:\/\/www.ferberpainting.com\/wp-content\/uploads\/2026\/02\/Check.svg\" alt=\"\" width=\"18\" height=\"15\" \/>Schnell sichtbare Ergebnisse.<\/strong>\u00a0Schon in den ersten Tagen der Anwendung werden Sie eine Verbesserung der Blattfarbe, ein schnelleres Wachstum und eine bessere Widerstandsf\u00e4higkeit gegen Wasserstress feststellen. Stickstoff f\u00f6rdert die Chlorophyllproduktion und damit die Photosynthese, w\u00e4hrend Phosphor die Bewurzelung und Bl\u00fcte f\u00f6rdert. Kalium st\u00e4rkt die nat\u00fcrlichen Abwehrkr\u00e4fte der Pflanze und verbessert die Toleranz gegen\u00fcber extremen Wetterbedingungen.<\/p>\n<p><strong><img decoding=\"async\" style=\"margin-right: 12px;\" src=\"https:\/\/www.ferberpainting.com\/wp-content\/uploads\/2026\/02\/Check.svg\" alt=\"\" width=\"18\" height=\"15\" \/>Ein D\u00fcnger, der f\u00fcr alle Wachstumsphasen geeignet ist.<\/strong>\u00a0Dank seines ausgewogenen N\u00e4hrstoffprofils kann dieser D\u00fcnger w\u00e4hrend des gesamten Lebenszyklus der Pflanze verwendet werden, vom vegetativen Wachstum bis zur Bl\u00fcte und Fruchtbildung. Er optimiert die Blatt- und St\u00e4ngelentwicklung, was zu einer Pflanze mit reicher Bl\u00fcte und besseren Ertr\u00e4gen f\u00fchrt.<\/p>\n<h2><strong>Verwendungsprotokoll<\/strong><\/h2>\n<p><strong>Bewerbungszeitraum <\/strong>: D\u00fcngen Sie w\u00e4hrend der gesamten aktiven Wachstumsphase, vom Fr\u00fchjahr bis zum Herbst. Reduzieren Sie die Anwendungen im Winter, wenn die Pflanze in Vegetationsruhe geht.<\/p>\n<p><strong>Vorbereitung der L\u00f6sung <\/strong>: Verd\u00fcnnen Sie 5 ml des D\u00fcngers in 1 Liter Wasser, um eine homogene L\u00f6sung zu erhalten, die leicht von den Pflanzen aufgenommen wird.<\/p>\n<p><strong>Methode der Anwendung <\/strong>:<\/p>\n<ul>\n<li><strong>Bew\u00e4sserung an der Basis der Pflanzen <\/strong>: F\u00fcr eine optimale Absorption direkt am Kragen und an den Wurzeln gie\u00dfen.<\/li>\n<li><strong>Blattspritzen <\/strong>: Spr\u00fchen Sie die Bl\u00e4tter und St\u00e4ngel leicht ein, damit sie schnell und gleichm\u00e4\u00dfig einziehen.<\/li>\n<\/ul>\n<p><strong>H\u00e4ufigkeit der Anwendung <\/strong>:<\/p>\n<ul>\n<li><strong>Aktiver Anbau von Kulturpflanzen <\/strong>: Alle zwei Wochen auftragen, um ein kontinuierliches und gleichm\u00e4\u00dfiges Wachstum zu gew\u00e4hrleisten.<\/li>\n<li><strong>Ausgereifte und gepflegte Pflanzen <\/strong>: Eine einmalige Anwendung alle 3 bis 4 Wochen reicht aus, um ein nachhaltiges und ausgewogenes Wachstum zu gew\u00e4hrleisten.<\/li>\n<\/ul>\n<p><strong>Vorsichtsma\u00dfnahmen bei der Verwendung <\/strong>:<\/p>\n<ul>\n<li>Nicht \u00fcberdosieren, da ein \u00dcberma\u00df an D\u00fcnger das Pflanzengewebe schw\u00e4chen und das Gleichgewicht der Pflanze st\u00f6ren kann.<\/li>\n<li>Vermeiden Sie die Anwendung w\u00e4hrend der gr\u00f6\u00dften Hitze oder in der prallen Sonne und bevorzugen Sie Anwendungen am Morgen oder am sp\u00e4ten Nachmittag.<\/li>\n<\/ul>\n<p>Dank dieses leistungsstarken und ausgewogenen Wachstumsd\u00fcngers profitieren Ihre Pflanzen von einer vollst\u00e4ndigen und angepassten Ern\u00e4hrung, die ein schnelles Wachstum, eine erh\u00f6hte Widerstandsf\u00e4higkeit und ein \u00fcppiges Laub gew\u00e4hrleistet.<\/p>","protected":false},"excerpt":{"rendered":"<p>A powerful fertilizer for optimal growth.\u00a0Our growth fertilizer is specially designed to stimulate rapid plant development by providing a perfect balance of nitrogen, phosphorus, and potassium (NPK 15-15-15). This complete formula promotes vigorous growth, strong rooting, and increased resistance to disease and environmental stress. Money-back guarantee.\u00a0We are confident in the effectiveness of our fertilizers and [&hellip;]<\/p>\n","protected":false},"featured_media":26020,"comment_status":"open","ping_status":"closed","template":"","meta":{"_uag_custom_page_level_css":"","site-sidebar-layout":"default","site-content-layout":"","ast-site-content-layout":"default","site-content-style":"default","site-sidebar-style":"default","ast-global-header-display":"","ast-banner-title-visibility":"","ast-main-header-display":"","ast-hfb-above-header-display":"","ast-hfb-below-header-display":"","ast-hfb-mobile-header-display":"","site-post-title":"","ast-breadcrumbs-content":"","ast-featured-img":"","footer-sml-layout":"","ast-disable-related-posts":"","theme-transparent-header-meta":"default","adv-header-id-meta":"","stick-header-meta":"","header-above-stick-meta":"","header-main-stick-meta":"","header-below-stick-meta":"","astra-migrate-meta-layouts":"set","ast-page-background-enabled":"default","ast-page-background-meta":{"desktop":{"background-color":"var(--ast-global-color-4)","background-image":"","background-repeat":"repeat","background-position":"center center","background-size":"auto","background-attachment":"scroll","background-type":"","background-media":"","overlay-type":"","overlay-color":"","overlay-opacity":"","overlay-gradient":""},"tablet":{"background-color":"","background-image":"","background-repeat":"repeat","background-position":"center center","background-size":"auto","background-attachment":"scroll","background-type":"","background-media":"","overlay-type":"","overlay-color":"","overlay-opacity":"","overlay-gradient":""},"mobile":{"background-color":"","background-image":"","background-repeat":"repeat","background-position":"center center","background-size":"auto","background-attachment":"scroll","background-type":"","background-media":"","overlay-type":"","overlay-color":"","overlay-opacity":"","overlay-gradient":""}},"ast-content-background-meta":{"desktop":{"background-color":"var(--ast-global-color-5)","background-image":"","background-repeat":"repeat","background-position":"center center","background-size":"auto","background-attachment":"scroll","background-type":"","background-media":"","overlay-type":"","overlay-color":"","overlay-opacity":"","overlay-gradient":""},"tablet":{"background-color":"var(--ast-global-color-5)","background-image":"","background-repeat":"repeat","background-position":"center center","background-size":"auto","background-attachment":"scroll","background-type":"","background-media":"","overlay-type":"","overlay-color":"","overlay-opacity":"","overlay-gradient":""},"mobile":{"background-color":"var(--ast-global-color-5)","background-image":"","background-repeat":"repeat","background-position":"center center","background-size":"auto","background-attachment":"scroll","background-type":"","background-media":"","overlay-type":"","overlay-color":"","overlay-opacity":"","overlay-gradient":""}}},"product_brand":[],"product_cat":[178],"product_tag":[],"class_list":{"0":"post-23520","1":"product","2":"type-product","3":"status-publish","4":"has-post-thumbnail","6":"product_cat-fertilizers","7":"desktop-align-left","8":"tablet-align-left","9":"mobile-align-left","11":"first","12":"instock","13":"sale","14":"taxable","15":"shipping-taxable","16":"purchasable","17":"product-type-variable","18":"has-default-attributes"},"spectra_custom_meta":{"_visibility":["visible"],"_shopify_product_id":["9073323540725"],"_s2w_shopify_domain":["ferberpainting.myshopify.com"],"_shopify_variant_id":["46524636397813"],"_sku":[""],"_manage_stock":["no"],"total_sales":["41"],"_tax_status":["taxable"],"_tax_class":[""],"_backorders":["no"],"_sold_individually":["no"],"_virtual":["no"],"_downloadable":["no"],"_download_limit":["-1"],"_download_expiry":["-1"],"_stock":[null],"_stock_status":["instock"],"_wc_average_rating":["4.57"],"_wc_review_count":["7"],"_product_attributes":["a:1:{s:6:\"volume\";a:6:{s:4:\"name\";s:6:\"Volume\";s:5:\"value\";s:20:\"5 liters | 25 liters\";s:8:\"position\";i:1;s:10:\"is_visible\";i:0;s:12:\"is_variation\";i:1;s:11:\"is_taxonomy\";i:0;}}"],"_product_version":["10.5.1"],"_thumbnail_id":["26020"],"_product_image_gallery":["26021"],"wpse_downloadable_file_names":[""],"wpse_downloadable_file_urls":[""],"_edit_last":["1"],"_default_attributes":["a:1:{s:6:\"volume\";s:8:\"5 liters\";}"],"_edit_lock":["1771179118:1"],"_price":["29.90","129.90"],"merchant-center-availability":["yes"],"merchant-center-category":["113"],"_wp_page_template":["default"],"site-sidebar-layout":["default"],"ast-site-content-layout":["default"],"site-content-style":["default"],"site-sidebar-style":["default"],"theme-transparent-header-meta":["default"],"_wc_rating_count":["a:2:{i:4;i:3;i:5;i:4;}"],"astra-migrate-meta-layouts":["set"],"_uag_css_file_name":["uag-css-23520.css"],"_elementor_page_assets":["a:0:{}"],"_uag_page_assets":["a:9:{s:3:\"css\";s:7133:\".uag-blocks-common-selector{z-index:var(--z-index-desktop) !important}@media(max-width: 976px){.uag-blocks-common-selector{z-index:var(--z-index-tablet) !important}}@media(max-width: 767px){.uag-blocks-common-selector{z-index:var(--z-index-mobile) !important}}.wp-block-uagb-image{display:flex}.wp-block-uagb-image__figure{position:relative;display:flex;flex-direction:column;max-width:100%;height:auto;margin:0}.wp-block-uagb-image__figure img{height:auto;display:flex;max-width:100%;transition:box-shadow .2s ease}.wp-block-uagb-image__figure>a{display:inline-block}.wp-block-uagb-image__figure figcaption{text-align:center;margin-top:.5em;margin-bottom:1em}.wp-block-uagb-image .components-placeholder.block-editor-media-placeholder .components-placeholder__instructions{align-self:center}.wp-block-uagb-image--align-left{text-align:left}.wp-block-uagb-image--align-right{text-align:right}.wp-block-uagb-image--align-center{text-align:center}.wp-block-uagb-image--align-full .wp-block-uagb-image__figure{margin-left:calc(50% - 50vw);margin-right:calc(50% - 50vw);max-width:100vw;width:100vw;height:auto}.wp-block-uagb-image--align-full .wp-block-uagb-image__figure img{height:auto;width:100% !important}.wp-block-uagb-image--align-wide .wp-block-uagb-image__figure img{height:auto;width:100%}.wp-block-uagb-image--layout-overlay__color-wrapper{position:absolute;left:0;top:0;right:0;bottom:0;opacity:.2;background:rgba(0,0,0,.5);transition:opacity .35s ease-in-out}.wp-block-uagb-image--layout-overlay-link{position:absolute;left:0;right:0;bottom:0;top:0}.wp-block-uagb-image--layout-overlay .wp-block-uagb-image__figure:hover .wp-block-uagb-image--layout-overlay__color-wrapper{opacity:1}.wp-block-uagb-image--layout-overlay__inner{position:absolute;left:15px;right:15px;bottom:15px;top:15px;display:flex;align-items:center;justify-content:center;flex-direction:column;border-color:#fff;transition:.35s ease-in-out}.wp-block-uagb-image--layout-overlay__inner.top-left,.wp-block-uagb-image--layout-overlay__inner.top-center,.wp-block-uagb-image--layout-overlay__inner.top-right{justify-content:flex-start}.wp-block-uagb-image--layout-overlay__inner.bottom-left,.wp-block-uagb-image--layout-overlay__inner.bottom-center,.wp-block-uagb-image--layout-overlay__inner.bottom-right{justify-content:flex-end}.wp-block-uagb-image--layout-overlay__inner.top-left,.wp-block-uagb-image--layout-overlay__inner.center-left,.wp-block-uagb-image--layout-overlay__inner.bottom-left{align-items:flex-start}.wp-block-uagb-image--layout-overlay__inner.top-right,.wp-block-uagb-image--layout-overlay__inner.center-right,.wp-block-uagb-image--layout-overlay__inner.bottom-right{align-items:flex-end}.wp-block-uagb-image--layout-overlay__inner .uagb-image-heading{color:#fff;transition:transform .35s,opacity .35s ease-in-out;transform:translate3d(0, 24px, 0);margin:0;line-height:1em}.wp-block-uagb-image--layout-overlay__inner .uagb-image-separator{width:30%;border-top-width:2px;border-top-color:#fff;border-top-style:solid;margin-bottom:10px;opacity:0;transition:transform .4s,opacity .4s ease-in-out;transform:translate3d(0, 30px, 0)}.wp-block-uagb-image--layout-overlay__inner .uagb-image-caption{opacity:0;overflow:visible;color:#fff;transition:transform .45s,opacity .45s ease-in-out;transform:translate3d(0, 35px, 0)}.wp-block-uagb-image--layout-overlay__inner:hover .uagb-image-heading,.wp-block-uagb-image--layout-overlay__inner:hover .uagb-image-separator,.wp-block-uagb-image--layout-overlay__inner:hover .uagb-image-caption{opacity:1;transform:translate3d(0, 0, 0)}.wp-block-uagb-image--effect-zoomin .wp-block-uagb-image__figure img,.wp-block-uagb-image--effect-zoomin .wp-block-uagb-image__figure .wp-block-uagb-image--layout-overlay__color-wrapper{transform:scale(1);transition:transform .35s ease-in-out}.wp-block-uagb-image--effect-zoomin .wp-block-uagb-image__figure:hover img,.wp-block-uagb-image--effect-zoomin .wp-block-uagb-image__figure:hover .wp-block-uagb-image--layout-overlay__color-wrapper{transform:scale(1.05)}.wp-block-uagb-image--effect-slide .wp-block-uagb-image__figure img,.wp-block-uagb-image--effect-slide .wp-block-uagb-image__figure .wp-block-uagb-image--layout-overlay__color-wrapper{width:calc(100% + 40px) !important;max-width:none !important;transform:translate3d(-40px, 0, 0);transition:transform .35s ease-in-out}.wp-block-uagb-image--effect-slide .wp-block-uagb-image__figure:hover img,.wp-block-uagb-image--effect-slide .wp-block-uagb-image__figure:hover .wp-block-uagb-image--layout-overlay__color-wrapper{transform:translate3d(0, 0, 0)}.wp-block-uagb-image--effect-grayscale img{filter:grayscale(0%);transition:.35s ease-in-out}.wp-block-uagb-image--effect-grayscale:hover img{filter:grayscale(100%)}.wp-block-uagb-image--effect-blur img{filter:blur(0);transition:.35s ease-in-out}.wp-block-uagb-image--effect-blur:hover img{filter:blur(3px)}.uagb-block-e6f939b3.wp-block-uagb-image--layout-default figure img{box-shadow: 0px 0px 0 #00000070;}.uagb-block-e6f939b3.wp-block-uagb-image .wp-block-uagb-image__figure figcaption{font-style: normal;align-self: center;}.uagb-block-e6f939b3.wp-block-uagb-image--layout-overlay figure img{box-shadow: 0px 0px 0 #00000070;}.uagb-block-e6f939b3.wp-block-uagb-image--layout-overlay .wp-block-uagb-image--layout-overlay__color-wrapper{opacity: 0.2;}.uagb-block-e6f939b3.wp-block-uagb-image--layout-overlay .wp-block-uagb-image--layout-overlay__inner{left: 15px;right: 15px;top: 15px;bottom: 15px;}.uagb-block-e6f939b3.wp-block-uagb-image--layout-overlay .wp-block-uagb-image--layout-overlay__inner .uagb-image-heading{font-style: normal;color: #fff;opacity: 1;}.uagb-block-e6f939b3.wp-block-uagb-image--layout-overlay .wp-block-uagb-image--layout-overlay__inner .uagb-image-heading a{color: #fff;}.uagb-block-e6f939b3.wp-block-uagb-image--layout-overlay .wp-block-uagb-image--layout-overlay__inner .uagb-image-caption{opacity: 0;}.uagb-block-e6f939b3.wp-block-uagb-image--layout-overlay .wp-block-uagb-image__figure:hover .wp-block-uagb-image--layout-overlay__color-wrapper{opacity: 1;}.uagb-block-e6f939b3.wp-block-uagb-image .wp-block-uagb-image--layout-overlay__inner .uagb-image-separator{width: 30%;border-top-width: 2px;border-top-color: #fff;opacity: 0;}.uagb-block-e6f939b3.wp-block-uagb-image .wp-block-uagb-image__figure img{width: px;height: auto;}.uagb-block-e6f939b3.wp-block-uagb-image .wp-block-uagb-image__figure:hover .wp-block-uagb-image--layout-overlay__inner .uagb-image-caption{opacity: 1;}.uagb-block-e6f939b3.wp-block-uagb-image .wp-block-uagb-image__figure:hover .wp-block-uagb-image--layout-overlay__inner .uagb-image-separator{opacity: 1;}.uagb-block-e6f939b3.wp-block-uagb-image--layout-default figure:hover img{box-shadow: 0px 0px 0 #00000070;}.uagb-block-e6f939b3.wp-block-uagb-image--layout-overlay figure:hover img{box-shadow: 0px 0px 0 #00000070;}@media only screen and (max-width: 976px) {.uagb-block-e6f939b3.wp-block-uagb-image .wp-block-uagb-image__figure img{width: px;height: auto;}}@media only screen and (max-width: 767px) {.uagb-block-e6f939b3.wp-block-uagb-image .wp-block-uagb-image__figure img{width: px;height: auto;}}\";s:2:\"js\";s:0:\"\";s:18:\"current_block_list\";a:13:{i:0;s:11:\"core\/search\";i:1;s:10:\"core\/group\";i:2;s:12:\"core\/heading\";i:3;s:17:\"core\/latest-posts\";i:4;s:20:\"core\/latest-comments\";i:5;s:13:\"core\/archives\";i:6;s:15:\"core\/categories\";i:7;s:14:\"core\/paragraph\";i:8;s:10:\"uagb\/image\";i:9;s:11:\"core\/spacer\";i:10;s:30:\"woocommerce\/product-categories\";i:11;s:10:\"core\/image\";i:12;s:14:\"core\/shortcode\";}s:8:\"uag_flag\";b:1;s:11:\"uag_version\";s:10:\"1777330275\";s:6:\"gfonts\";a:0:{}s:10:\"gfonts_url\";s:0:\"\";s:12:\"gfonts_files\";a:0:{}s:14:\"uag_faq_layout\";b:0;}"]},"uagb_featured_image_src":{"full":["https:\/\/www.ferberpainting.com\/wp-content\/uploads\/2025\/05\/GrowthFertilizer5L.png",2560,2560,false],"thumbnail":["https:\/\/www.ferberpainting.com\/wp-content\/uploads\/2025\/05\/GrowthFertilizer5L-150x150.png",150,150,true],"medium":["https:\/\/www.ferberpainting.com\/wp-content\/uploads\/2025\/05\/GrowthFertilizer5L-300x300.png",300,300,true],"medium_large":["https:\/\/www.ferberpainting.com\/wp-content\/uploads\/2025\/05\/GrowthFertilizer5L-768x768.png",768,768,true],"large":["https:\/\/www.ferberpainting.com\/wp-content\/uploads\/2025\/05\/GrowthFertilizer5L-1024x1024.png",1024,1024,true],"1536x1536":["https:\/\/www.ferberpainting.com\/wp-content\/uploads\/2025\/05\/GrowthFertilizer5L-1536x1536.png",1536,1536,true],"2048x2048":["https:\/\/www.ferberpainting.com\/wp-content\/uploads\/2025\/05\/GrowthFertilizer5L-2048x2048.png",2048,2048,true],"trp-custom-language-flag":["https:\/\/www.ferberpainting.com\/wp-content\/uploads\/2025\/05\/GrowthFertilizer5L-12x12.png",12,12,true],"woocommerce_thumbnail":["https:\/\/www.ferberpainting.com\/wp-content\/uploads\/2025\/05\/GrowthFertilizer5L-300x300.png",300,300,true],"woocommerce_single":["https:\/\/www.ferberpainting.com\/wp-content\/uploads\/2025\/05\/GrowthFertilizer5L-600x600.png",600,600,true],"woocommerce_gallery_thumbnail":["https:\/\/www.ferberpainting.com\/wp-content\/uploads\/2025\/05\/GrowthFertilizer5L-100x100.png",100,100,true]},"uagb_author_info":{"display_name":"admin","author_link":"https:\/\/www.ferberpainting.com\/de\/author\/"},"uagb_comment_info":7,"uagb_excerpt":"A powerful fertilizer for optimal growth.\u00a0Our growth fertilizer is specially designed to stimulate rapid plant development by providing a perfect balance of nitrogen, phosphorus, and potassium (NPK 15-15-15). This complete formula promotes vigorous growth, strong rooting, and increased resistance to disease and environmental stress. Money-back guarantee.\u00a0We are confident in the effectiveness of our fertilizers and&hellip;","_links":{"self":[{"href":"https:\/\/www.ferberpainting.com\/de\/wp-json\/wp\/v2\/product\/23520","targetHints":{"allow":["GET"]}}],"collection":[{"href":"https:\/\/www.ferberpainting.com\/de\/wp-json\/wp\/v2\/product"}],"about":[{"href":"https:\/\/www.ferberpainting.com\/de\/wp-json\/wp\/v2\/types\/product"}],"replies":[{"embeddable":true,"href":"https:\/\/www.ferberpainting.com\/de\/wp-json\/wp\/v2\/comments?post=23520"}],"version-history":[{"count":4,"href":"https:\/\/www.ferberpainting.com\/de\/wp-json\/wp\/v2\/product\/23520\/revisions"}],"predecessor-version":[{"id":166349,"href":"https:\/\/www.ferberpainting.com\/de\/wp-json\/wp\/v2\/product\/23520\/revisions\/166349"}],"wp:featuredmedia":[{"embeddable":true,"href":"https:\/\/www.ferberpainting.com\/de\/wp-json\/wp\/v2\/media\/26020"}],"wp:attachment":[{"href":"https:\/\/www.ferberpainting.com\/de\/wp-json\/wp\/v2\/media?parent=23520"}],"wp:term":[{"taxonomy":"product_brand","embeddable":true,"href":"https:\/\/www.ferberpainting.com\/de\/wp-json\/wp\/v2\/product_brand?post=23520"},{"taxonomy":"product_cat","embeddable":true,"href":"https:\/\/www.ferberpainting.com\/de\/wp-json\/wp\/v2\/product_cat?post=23520"},{"taxonomy":"product_tag","embeddable":true,"href":"https:\/\/www.ferberpainting.com\/de\/wp-json\/wp\/v2\/product_tag?post=23520"}],"curies":[{"name":"wp","href":"https:\/\/api.w.org\/{rel}","templated":true}]}}