{"id":23511,"date":"2025-05-26T10:24:29","date_gmt":"2025-05-26T08:24:29","guid":{"rendered":"https:\/\/www.ferberpainting.com\/products\/green-plant-fertilizer\/"},"modified":"2026-02-15T16:49:00","modified_gmt":"2026-02-15T15:49:00","slug":"green-plant-fertilizer","status":"publish","type":"product","link":"https:\/\/www.ferberpainting.com\/de\/products\/green-plant-fertilizer\/","title":{"rendered":"Gr\u00fcnpflanzend\u00fcnger"},"content":{"rendered":"<p><strong><img decoding=\"async\" style=\"margin-right: 12px;\" src=\"https:\/\/www.ferberpainting.com\/wp-content\/uploads\/2026\/02\/Check.svg\" alt=\"\" width=\"18\" height=\"15\" \/>Ein Volld\u00fcnger f\u00fcr lebendige Pflanzen.<\/strong>\u00a0Dieser Gr\u00fcnpflanzend\u00fcnger ist auf die spezifischen Bed\u00fcrfnisse von Pflanzen im Innen- und Au\u00dfenbereich abgestimmt. Dank seiner NPK 15-15-15-Zusammensetzung bietet er ein perfektes Gleichgewicht zwischen Stickstoff (N) f\u00fcr ein dichtes und kr\u00e4ftiges Blattwerk, Phosphor (P) f\u00fcr eine gute Wurzelentwicklung und Kalium (K) f\u00fcr eine erh\u00f6hte Widerstandsf\u00e4higkeit gegen Krankheiten und Umweltstress. So sorgt es f\u00fcr gesunde Pflanzen mit \u00fcppig gr\u00fcnen Bl\u00e4ttern und kontinuierlichem Wachstum.<\/p>\n<p><strong><img decoding=\"async\" style=\"margin-right: 12px;\" src=\"https:\/\/www.ferberpainting.com\/wp-content\/uploads\/2026\/02\/Check.svg\" alt=\"\" width=\"18\" height=\"15\" \/>Geld-zur\u00fcck-Garantie.<\/strong>\u00a0Wir haben volles Vertrauen in die Wirksamkeit unseres Gr\u00fcnpflanzend\u00fcngers. Deshalb bieten wir eine Geld-zur\u00fcck-Garantie an. Wenn Sie nach der Anwendung gem\u00e4\u00df den Empfehlungen keine signifikante Verbesserung der Gesundheit und Vitalit\u00e4t Ihrer Pflanzen feststellen, verpflichten wir uns, Ihnen das Geld ohne jedes Risiko zur\u00fcckzuerstatten.<\/p>\n<p><strong><img decoding=\"async\" style=\"margin-right: 12px;\" src=\"https:\/\/www.ferberpainting.com\/wp-content\/uploads\/2026\/02\/Check.svg\" alt=\"\" width=\"18\" height=\"15\" \/>Geeignet f\u00fcr alle Gr\u00fcnpflanzen und dekoratives Blattwerk.<\/strong>\u00a0Dieser D\u00fcnger eignet sich f\u00fcr Zimmer- und Freilandpflanzen, tropische Pflanzen, Farne, Palmen, Ficus, Pothos, Monsteras, Dracaenas und alle Arten mit dichtem Laub. Er kann in T\u00f6pfen, Pflanzgef\u00e4\u00dfen oder direkt in der Erde verwendet werden und gew\u00e4hrleistet unabh\u00e4ngig von der Anbaumethode eine optimale Ern\u00e4hrung.<\/p>\n<p><strong><img decoding=\"async\" style=\"margin-right: 12px;\" src=\"https:\/\/www.ferberpainting.com\/wp-content\/uploads\/2026\/02\/Check.svg\" alt=\"\" width=\"18\" height=\"15\" \/>Kosteng\u00fcnstiger Ertrag und lange Nutzungsdauer.<\/strong>\u00a0Dank seiner konzentrierten Fl\u00fcssigformel k\u00f6nnen mit einem 5-Liter-Beh\u00e4lter bis zu 1.000 Liter D\u00fcngerl\u00f6sung hergestellt werden, was eine lang anhaltende und wirtschaftliche D\u00fcngung gew\u00e4hrleistet. Mit einer Dosierung von 5 ml pro Liter Wasser optimiert dieses Produkt die N\u00e4hrstoffaufnahme und reduziert gleichzeitig den Abfall.<\/p>\n<p><strong><img decoding=\"async\" style=\"margin-right: 12px;\" src=\"https:\/\/www.ferberpainting.com\/wp-content\/uploads\/2026\/02\/Check.svg\" alt=\"\" width=\"18\" height=\"15\" \/>Ein sicheres und ungiftiges D\u00fcngemittel f\u00fcr den Hausgebrauch.<\/strong>\u00a0Da dieser D\u00fcnger keine aggressiven chemischen Verbindungen enth\u00e4lt, stellt er keine Gefahr f\u00fcr die Pflanzen, den Boden oder die Umwelt dar. Er ist ideal f\u00fcr die Verwendung in Innenr\u00e4umen, in Wohnungen oder B\u00fcros, da er keinen unangenehmen Geruch abgibt und die Luftqualit\u00e4t nicht beeintr\u00e4chtigt. Er kann auch in Anwesenheit von Haustieren oder Kindern sicher verwendet werden, vorausgesetzt, er wird gem\u00e4\u00df den Empfehlungen ausgebracht.<\/p>\n<p><strong><img decoding=\"async\" style=\"margin-right: 12px;\" src=\"https:\/\/www.ferberpainting.com\/wp-content\/uploads\/2026\/02\/Check.svg\" alt=\"\" width=\"18\" height=\"15\" \/>Einfache Anwendung f\u00fcr vereinfachte Wartung.<\/strong>\u00a0Dieser Fl\u00fcssigd\u00fcnger wird einfach im Gie\u00dfwasser verd\u00fcnnt, wodurch Dosierungsfehler vermieden werden und eine schnelle Aufnahme durch die Wurzeln gew\u00e4hrleistet ist. Er kann auch als Blattspray verwendet werden und bietet maximale Flexibilit\u00e4t, um die Pflanzen je nach ihren spezifischen Bed\u00fcrfnissen effektiv zu ern\u00e4hren.<\/p>\n<p><strong><img decoding=\"async\" style=\"margin-right: 12px;\" src=\"https:\/\/www.ferberpainting.com\/wp-content\/uploads\/2026\/02\/Check.svg\" alt=\"\" width=\"18\" height=\"15\" \/>Lang anhaltende Wirkung f\u00fcr kr\u00e4ftige und widerstandsf\u00e4hige Pflanzen.<\/strong>\u00a0Dank der progressiven Freisetzung von N\u00e4hrstoffen f\u00f6rdert dieser D\u00fcnger ein kontinuierliches Wachstum und beugt essentiellen N\u00e4hrstoffm\u00e4ngeln vor. Er st\u00e4rkt das Wurzelsystem, verbessert die Wasser- und Mineralstoffaufnahme und macht die Pflanzen widerstandsf\u00e4higer gegen Krankheiten und D\u00fcrreperioden.<\/p>\n<p><strong><img decoding=\"async\" style=\"margin-right: 12px;\" src=\"https:\/\/www.ferberpainting.com\/wp-content\/uploads\/2026\/02\/Check.svg\" alt=\"\" width=\"18\" height=\"15\" \/>Sichtbare Ergebnisse schon bei den ersten Anwendungen.<\/strong>\u00a0Schon bei der ersten Anwendung stimuliert dieser D\u00fcnger das Wachstum neuer Bl\u00e4tter, verbessert die Laubfarbe und st\u00e4rkt die Pflanzenstruktur. Er sorgt f\u00fcr eine sofortige und sichtbare Wirkung auf Ihre Gr\u00fcnpflanzen und macht sie \u00fcppiger, robuster und strahlender.<\/p>\n<h2><strong>Verwendungsprotokoll<\/strong><\/h2>\n<ul>\n<li><strong>D\u00fcngemittel Verd\u00fcnnung <\/strong>: Mischen Sie 5 ml D\u00fcnger auf 1 Liter Wasser. Sch\u00fctteln Sie die L\u00f6sung vor jeder Anwendung gut, um eine gleichm\u00e4\u00dfige Verteilung der N\u00e4hrstoffe zu gew\u00e4hrleisten.<\/li>\n<li><strong>Methode der Anwendung <\/strong>:\n<ul>\n<li><strong>Durch Bew\u00e4sserung: <\/strong>Gie\u00dfen Sie die verd\u00fcnnte L\u00f6sung direkt an die Basis der Pflanze und sorgen Sie so f\u00fcr eine gleichm\u00e4\u00dfige Bodenfeuchtigkeit ohne \u00fcberm\u00e4\u00dfiges Wasser.<\/li>\n<li><strong>Durch Blattspritzen<\/strong> : Spr\u00fchen Sie die L\u00f6sung leicht auf das Laub und vermeiden Sie nach der Anwendung direkte Sonneneinstrahlung, um Blattverbrennungen zu vermeiden.<\/li>\n<\/ul>\n<\/li>\n<li><strong>H\u00e4ufigkeit der Nutzung <\/strong>: Geben Sie den D\u00fcnger alle 15 Tage w\u00e4hrend der aktiven Wachstumsperiode (Fr\u00fchling-Sommer) und einmal im Monat w\u00e4hrend der Ruheperiode (Herbst-Winter), um ein ausgewogenes Wachstum zu gew\u00e4hrleisten.<\/li>\n<li><strong>Zus\u00e4tzliche Bew\u00e4sserung <\/strong>: Warten Sie nach dem Ausbringen des D\u00fcngers 48 Stunden, bevor Sie erneut gie\u00dfen, um eine \u00fcberm\u00e4\u00dfige N\u00e4hrstoffauswaschung zu vermeiden.<\/li>\n<li><strong>Vorsichtsma\u00dfnahmen bei der Verwendung <\/strong>: Den D\u00fcnger nicht \u00fcberdosieren, um eine \u00fcberm\u00e4\u00dfige Mineralsalzanreicherung im Boden zu vermeiden, die die Wurzeln sch\u00e4digen k\u00f6nnte. F\u00fcr eine bessere Absorption immer auf ein leicht feuchtes Substrat ausbringen.<\/li>\n<li><strong>Lagerung und Konservierung <\/strong>: Lagern Sie den D\u00fcnger an einem trockenen und temperierten Ort, vor Licht und Feuchtigkeit gesch\u00fctzt. Verschlie\u00dfen Sie die Flasche nach jedem Gebrauch fest, um die Wirksamkeit des Produkts zu erhalten und eine Verdunstung zu verhindern.<\/li>\n<\/ul>\n<p>Mit diesem D\u00fcnger f\u00fcr Gr\u00fcnpflanzen versorgen Sie Ihre Pflanzen mit einer vollst\u00e4ndigen und ausgewogenen Ern\u00e4hrung, die ein \u00fcppiges Wachstum, lebendiges Blattwerk und eine verbesserte Widerstandsf\u00e4higkeit gegen Aggressionen im Freien f\u00f6rdert. Es ist die ideale L\u00f6sung f\u00fcr gesunde und strahlende Pflanzen.<\/p>","protected":false},"excerpt":{"rendered":"<p>A complete fertilizer for vibrant plants.\u00a0This green plant fertilizer is designed to meet the specific needs of indoor and outdoor plants. Thanks to its NPK 15-15-15 composition, it provides a perfect balance between nitrogen (N) for dense and vigorous foliage, phosphorus (P) for good root development, and potassium (K) for increased resistance to diseases and [&hellip;]<\/p>\n","protected":false},"featured_media":26018,"comment_status":"open","ping_status":"closed","template":"","meta":{"_uag_custom_page_level_css":"","site-sidebar-layout":"default","site-content-layout":"","ast-site-content-layout":"default","site-content-style":"default","site-sidebar-style":"default","ast-global-header-display":"","ast-banner-title-visibility":"","ast-main-header-display":"","ast-hfb-above-header-display":"","ast-hfb-below-header-display":"","ast-hfb-mobile-header-display":"","site-post-title":"","ast-breadcrumbs-content":"","ast-featured-img":"","footer-sml-layout":"","ast-disable-related-posts":"","theme-transparent-header-meta":"default","adv-header-id-meta":"","stick-header-meta":"","header-above-stick-meta":"","header-main-stick-meta":"","header-below-stick-meta":"","astra-migrate-meta-layouts":"set","ast-page-background-enabled":"default","ast-page-background-meta":{"desktop":{"background-color":"var(--ast-global-color-4)","background-image":"","background-repeat":"repeat","background-position":"center center","background-size":"auto","background-attachment":"scroll","background-type":"","background-media":"","overlay-type":"","overlay-color":"","overlay-opacity":"","overlay-gradient":""},"tablet":{"background-color":"","background-image":"","background-repeat":"repeat","background-position":"center center","background-size":"auto","background-attachment":"scroll","background-type":"","background-media":"","overlay-type":"","overlay-color":"","overlay-opacity":"","overlay-gradient":""},"mobile":{"background-color":"","background-image":"","background-repeat":"repeat","background-position":"center center","background-size":"auto","background-attachment":"scroll","background-type":"","background-media":"","overlay-type":"","overlay-color":"","overlay-opacity":"","overlay-gradient":""}},"ast-content-background-meta":{"desktop":{"background-color":"var(--ast-global-color-5)","background-image":"","background-repeat":"repeat","background-position":"center center","background-size":"auto","background-attachment":"scroll","background-type":"","background-media":"","overlay-type":"","overlay-color":"","overlay-opacity":"","overlay-gradient":""},"tablet":{"background-color":"var(--ast-global-color-5)","background-image":"","background-repeat":"repeat","background-position":"center center","background-size":"auto","background-attachment":"scroll","background-type":"","background-media":"","overlay-type":"","overlay-color":"","overlay-opacity":"","overlay-gradient":""},"mobile":{"background-color":"var(--ast-global-color-5)","background-image":"","background-repeat":"repeat","background-position":"center center","background-size":"auto","background-attachment":"scroll","background-type":"","background-media":"","overlay-type":"","overlay-color":"","overlay-opacity":"","overlay-gradient":""}}},"product_brand":[],"product_cat":[178],"product_tag":[],"class_list":{"0":"post-23511","1":"product","2":"type-product","3":"status-publish","4":"has-post-thumbnail","6":"product_cat-fertilizers","7":"desktop-align-left","8":"tablet-align-left","9":"mobile-align-left","11":"first","12":"instock","13":"sale","14":"taxable","15":"shipping-taxable","16":"purchasable","17":"product-type-variable","18":"has-default-attributes"},"spectra_custom_meta":{"_visibility":["visible"],"_shopify_product_id":["9062477463797"],"_s2w_shopify_domain":["ferberpainting.myshopify.com"],"_shopify_variant_id":["46489075712245"],"_sku":[""],"_manage_stock":["no"],"total_sales":["3"],"_tax_status":["taxable"],"_tax_class":[""],"_backorders":["no"],"_sold_individually":["no"],"_virtual":["no"],"_downloadable":["no"],"_download_limit":["-1"],"_download_expiry":["-1"],"_stock":[null],"_stock_status":["instock"],"_wc_average_rating":["4.86"],"_wc_review_count":["7"],"_product_attributes":["a:1:{s:6:\"volume\";a:6:{s:4:\"name\";s:6:\"Volume\";s:5:\"value\";s:20:\"5 liters | 25 liters\";s:8:\"position\";i:1;s:10:\"is_visible\";i:0;s:12:\"is_variation\";i:1;s:11:\"is_taxonomy\";i:0;}}"],"_product_version":["10.5.1"],"_thumbnail_id":["26018"],"_product_image_gallery":["26019"],"wpse_downloadable_file_names":[""],"wpse_downloadable_file_urls":[""],"_edit_last":["1"],"_default_attributes":["a:1:{s:6:\"volume\";s:8:\"5 liters\";}"],"_wc_rating_count":["a:2:{i:4;i:1;i:5;i:6;}"],"_edit_lock":["1771178815:1"],"_price":["29.90","129.90"],"merchant-center-availability":["yes"],"merchant-center-category":["113"],"_wp_page_template":["default"],"site-sidebar-layout":["default"],"ast-site-content-layout":["default"],"site-content-style":["default"],"site-sidebar-style":["default"],"theme-transparent-header-meta":["default"],"astra-migrate-meta-layouts":["set"],"_uag_css_file_name":["uag-css-23511.css"],"_elementor_page_assets":["a:0:{}"],"_uag_page_assets":["a:9:{s:3:\"css\";s:7133:\".uag-blocks-common-selector{z-index:var(--z-index-desktop) !important}@media(max-width: 976px){.uag-blocks-common-selector{z-index:var(--z-index-tablet) !important}}@media(max-width: 767px){.uag-blocks-common-selector{z-index:var(--z-index-mobile) !important}}.wp-block-uagb-image{display:flex}.wp-block-uagb-image__figure{position:relative;display:flex;flex-direction:column;max-width:100%;height:auto;margin:0}.wp-block-uagb-image__figure img{height:auto;display:flex;max-width:100%;transition:box-shadow .2s ease}.wp-block-uagb-image__figure>a{display:inline-block}.wp-block-uagb-image__figure figcaption{text-align:center;margin-top:.5em;margin-bottom:1em}.wp-block-uagb-image .components-placeholder.block-editor-media-placeholder .components-placeholder__instructions{align-self:center}.wp-block-uagb-image--align-left{text-align:left}.wp-block-uagb-image--align-right{text-align:right}.wp-block-uagb-image--align-center{text-align:center}.wp-block-uagb-image--align-full .wp-block-uagb-image__figure{margin-left:calc(50% - 50vw);margin-right:calc(50% - 50vw);max-width:100vw;width:100vw;height:auto}.wp-block-uagb-image--align-full .wp-block-uagb-image__figure img{height:auto;width:100% !important}.wp-block-uagb-image--align-wide .wp-block-uagb-image__figure img{height:auto;width:100%}.wp-block-uagb-image--layout-overlay__color-wrapper{position:absolute;left:0;top:0;right:0;bottom:0;opacity:.2;background:rgba(0,0,0,.5);transition:opacity .35s ease-in-out}.wp-block-uagb-image--layout-overlay-link{position:absolute;left:0;right:0;bottom:0;top:0}.wp-block-uagb-image--layout-overlay .wp-block-uagb-image__figure:hover .wp-block-uagb-image--layout-overlay__color-wrapper{opacity:1}.wp-block-uagb-image--layout-overlay__inner{position:absolute;left:15px;right:15px;bottom:15px;top:15px;display:flex;align-items:center;justify-content:center;flex-direction:column;border-color:#fff;transition:.35s ease-in-out}.wp-block-uagb-image--layout-overlay__inner.top-left,.wp-block-uagb-image--layout-overlay__inner.top-center,.wp-block-uagb-image--layout-overlay__inner.top-right{justify-content:flex-start}.wp-block-uagb-image--layout-overlay__inner.bottom-left,.wp-block-uagb-image--layout-overlay__inner.bottom-center,.wp-block-uagb-image--layout-overlay__inner.bottom-right{justify-content:flex-end}.wp-block-uagb-image--layout-overlay__inner.top-left,.wp-block-uagb-image--layout-overlay__inner.center-left,.wp-block-uagb-image--layout-overlay__inner.bottom-left{align-items:flex-start}.wp-block-uagb-image--layout-overlay__inner.top-right,.wp-block-uagb-image--layout-overlay__inner.center-right,.wp-block-uagb-image--layout-overlay__inner.bottom-right{align-items:flex-end}.wp-block-uagb-image--layout-overlay__inner .uagb-image-heading{color:#fff;transition:transform .35s,opacity .35s ease-in-out;transform:translate3d(0, 24px, 0);margin:0;line-height:1em}.wp-block-uagb-image--layout-overlay__inner .uagb-image-separator{width:30%;border-top-width:2px;border-top-color:#fff;border-top-style:solid;margin-bottom:10px;opacity:0;transition:transform .4s,opacity .4s ease-in-out;transform:translate3d(0, 30px, 0)}.wp-block-uagb-image--layout-overlay__inner .uagb-image-caption{opacity:0;overflow:visible;color:#fff;transition:transform .45s,opacity .45s ease-in-out;transform:translate3d(0, 35px, 0)}.wp-block-uagb-image--layout-overlay__inner:hover .uagb-image-heading,.wp-block-uagb-image--layout-overlay__inner:hover .uagb-image-separator,.wp-block-uagb-image--layout-overlay__inner:hover .uagb-image-caption{opacity:1;transform:translate3d(0, 0, 0)}.wp-block-uagb-image--effect-zoomin .wp-block-uagb-image__figure img,.wp-block-uagb-image--effect-zoomin .wp-block-uagb-image__figure .wp-block-uagb-image--layout-overlay__color-wrapper{transform:scale(1);transition:transform .35s ease-in-out}.wp-block-uagb-image--effect-zoomin .wp-block-uagb-image__figure:hover img,.wp-block-uagb-image--effect-zoomin .wp-block-uagb-image__figure:hover .wp-block-uagb-image--layout-overlay__color-wrapper{transform:scale(1.05)}.wp-block-uagb-image--effect-slide .wp-block-uagb-image__figure img,.wp-block-uagb-image--effect-slide .wp-block-uagb-image__figure .wp-block-uagb-image--layout-overlay__color-wrapper{width:calc(100% + 40px) !important;max-width:none !important;transform:translate3d(-40px, 0, 0);transition:transform .35s ease-in-out}.wp-block-uagb-image--effect-slide .wp-block-uagb-image__figure:hover img,.wp-block-uagb-image--effect-slide .wp-block-uagb-image__figure:hover .wp-block-uagb-image--layout-overlay__color-wrapper{transform:translate3d(0, 0, 0)}.wp-block-uagb-image--effect-grayscale img{filter:grayscale(0%);transition:.35s ease-in-out}.wp-block-uagb-image--effect-grayscale:hover img{filter:grayscale(100%)}.wp-block-uagb-image--effect-blur img{filter:blur(0);transition:.35s ease-in-out}.wp-block-uagb-image--effect-blur:hover img{filter:blur(3px)}.uagb-block-e6f939b3.wp-block-uagb-image--layout-default figure img{box-shadow: 0px 0px 0 #00000070;}.uagb-block-e6f939b3.wp-block-uagb-image .wp-block-uagb-image__figure figcaption{font-style: normal;align-self: center;}.uagb-block-e6f939b3.wp-block-uagb-image--layout-overlay figure img{box-shadow: 0px 0px 0 #00000070;}.uagb-block-e6f939b3.wp-block-uagb-image--layout-overlay .wp-block-uagb-image--layout-overlay__color-wrapper{opacity: 0.2;}.uagb-block-e6f939b3.wp-block-uagb-image--layout-overlay .wp-block-uagb-image--layout-overlay__inner{left: 15px;right: 15px;top: 15px;bottom: 15px;}.uagb-block-e6f939b3.wp-block-uagb-image--layout-overlay .wp-block-uagb-image--layout-overlay__inner .uagb-image-heading{font-style: normal;color: #fff;opacity: 1;}.uagb-block-e6f939b3.wp-block-uagb-image--layout-overlay .wp-block-uagb-image--layout-overlay__inner .uagb-image-heading a{color: #fff;}.uagb-block-e6f939b3.wp-block-uagb-image--layout-overlay .wp-block-uagb-image--layout-overlay__inner .uagb-image-caption{opacity: 0;}.uagb-block-e6f939b3.wp-block-uagb-image--layout-overlay .wp-block-uagb-image__figure:hover .wp-block-uagb-image--layout-overlay__color-wrapper{opacity: 1;}.uagb-block-e6f939b3.wp-block-uagb-image .wp-block-uagb-image--layout-overlay__inner .uagb-image-separator{width: 30%;border-top-width: 2px;border-top-color: #fff;opacity: 0;}.uagb-block-e6f939b3.wp-block-uagb-image .wp-block-uagb-image__figure img{width: px;height: auto;}.uagb-block-e6f939b3.wp-block-uagb-image .wp-block-uagb-image__figure:hover .wp-block-uagb-image--layout-overlay__inner .uagb-image-caption{opacity: 1;}.uagb-block-e6f939b3.wp-block-uagb-image .wp-block-uagb-image__figure:hover .wp-block-uagb-image--layout-overlay__inner .uagb-image-separator{opacity: 1;}.uagb-block-e6f939b3.wp-block-uagb-image--layout-default figure:hover img{box-shadow: 0px 0px 0 #00000070;}.uagb-block-e6f939b3.wp-block-uagb-image--layout-overlay figure:hover img{box-shadow: 0px 0px 0 #00000070;}@media only screen and (max-width: 976px) {.uagb-block-e6f939b3.wp-block-uagb-image .wp-block-uagb-image__figure img{width: px;height: auto;}}@media only screen and (max-width: 767px) {.uagb-block-e6f939b3.wp-block-uagb-image .wp-block-uagb-image__figure img{width: px;height: auto;}}\";s:2:\"js\";s:0:\"\";s:18:\"current_block_list\";a:13:{i:0;s:11:\"core\/search\";i:1;s:10:\"core\/group\";i:2;s:12:\"core\/heading\";i:3;s:17:\"core\/latest-posts\";i:4;s:20:\"core\/latest-comments\";i:5;s:13:\"core\/archives\";i:6;s:15:\"core\/categories\";i:7;s:14:\"core\/paragraph\";i:8;s:10:\"uagb\/image\";i:9;s:11:\"core\/spacer\";i:10;s:30:\"woocommerce\/product-categories\";i:11;s:10:\"core\/image\";i:12;s:14:\"core\/shortcode\";}s:8:\"uag_flag\";b:1;s:11:\"uag_version\";s:10:\"1777377118\";s:6:\"gfonts\";a:0:{}s:10:\"gfonts_url\";s:0:\"\";s:12:\"gfonts_files\";a:0:{}s:14:\"uag_faq_layout\";b:0;}"]},"uagb_featured_image_src":{"full":["https:\/\/www.ferberpainting.com\/wp-content\/uploads\/2025\/05\/GreenPlantFertilizer5L.png",2560,2560,false],"thumbnail":["https:\/\/www.ferberpainting.com\/wp-content\/uploads\/2025\/05\/GreenPlantFertilizer5L-150x150.png",150,150,true],"medium":["https:\/\/www.ferberpainting.com\/wp-content\/uploads\/2025\/05\/GreenPlantFertilizer5L-300x300.png",300,300,true],"medium_large":["https:\/\/www.ferberpainting.com\/wp-content\/uploads\/2025\/05\/GreenPlantFertilizer5L-768x768.png",768,768,true],"large":["https:\/\/www.ferberpainting.com\/wp-content\/uploads\/2025\/05\/GreenPlantFertilizer5L-1024x1024.png",1024,1024,true],"1536x1536":["https:\/\/www.ferberpainting.com\/wp-content\/uploads\/2025\/05\/GreenPlantFertilizer5L-1536x1536.png",1536,1536,true],"2048x2048":["https:\/\/www.ferberpainting.com\/wp-content\/uploads\/2025\/05\/GreenPlantFertilizer5L-2048x2048.png",2048,2048,true],"trp-custom-language-flag":["https:\/\/www.ferberpainting.com\/wp-content\/uploads\/2025\/05\/GreenPlantFertilizer5L-12x12.png",12,12,true],"woocommerce_thumbnail":["https:\/\/www.ferberpainting.com\/wp-content\/uploads\/2025\/05\/GreenPlantFertilizer5L-300x300.png",300,300,true],"woocommerce_single":["https:\/\/www.ferberpainting.com\/wp-content\/uploads\/2025\/05\/GreenPlantFertilizer5L-600x600.png",600,600,true],"woocommerce_gallery_thumbnail":["https:\/\/www.ferberpainting.com\/wp-content\/uploads\/2025\/05\/GreenPlantFertilizer5L-100x100.png",100,100,true]},"uagb_author_info":{"display_name":"admin","author_link":"https:\/\/www.ferberpainting.com\/de\/author\/"},"uagb_comment_info":7,"uagb_excerpt":"A complete fertilizer for vibrant plants.\u00a0This green plant fertilizer is designed to meet the specific needs of indoor and outdoor plants. Thanks to its NPK 15-15-15 composition, it provides a perfect balance between nitrogen (N) for dense and vigorous foliage, phosphorus (P) for good root development, and potassium (K) for increased resistance to diseases and&hellip;","_links":{"self":[{"href":"https:\/\/www.ferberpainting.com\/de\/wp-json\/wp\/v2\/product\/23511","targetHints":{"allow":["GET"]}}],"collection":[{"href":"https:\/\/www.ferberpainting.com\/de\/wp-json\/wp\/v2\/product"}],"about":[{"href":"https:\/\/www.ferberpainting.com\/de\/wp-json\/wp\/v2\/types\/product"}],"replies":[{"embeddable":true,"href":"https:\/\/www.ferberpainting.com\/de\/wp-json\/wp\/v2\/comments?post=23511"}],"version-history":[{"count":4,"href":"https:\/\/www.ferberpainting.com\/de\/wp-json\/wp\/v2\/product\/23511\/revisions"}],"predecessor-version":[{"id":166287,"href":"https:\/\/www.ferberpainting.com\/de\/wp-json\/wp\/v2\/product\/23511\/revisions\/166287"}],"wp:featuredmedia":[{"embeddable":true,"href":"https:\/\/www.ferberpainting.com\/de\/wp-json\/wp\/v2\/media\/26018"}],"wp:attachment":[{"href":"https:\/\/www.ferberpainting.com\/de\/wp-json\/wp\/v2\/media?parent=23511"}],"wp:term":[{"taxonomy":"product_brand","embeddable":true,"href":"https:\/\/www.ferberpainting.com\/de\/wp-json\/wp\/v2\/product_brand?post=23511"},{"taxonomy":"product_cat","embeddable":true,"href":"https:\/\/www.ferberpainting.com\/de\/wp-json\/wp\/v2\/product_cat?post=23511"},{"taxonomy":"product_tag","embeddable":true,"href":"https:\/\/www.ferberpainting.com\/de\/wp-json\/wp\/v2\/product_tag?post=23511"}],"curies":[{"name":"wp","href":"https:\/\/api.w.org\/{rel}","templated":true}]}}