{"id":23505,"date":"2025-05-26T10:24:28","date_gmt":"2025-05-26T08:24:28","guid":{"rendered":"https:\/\/www.ferberpainting.com\/products\/gravel-and-stone-binder\/"},"modified":"2026-02-15T15:57:56","modified_gmt":"2026-02-15T14:57:56","slug":"gravel-and-stone-binder","status":"publish","type":"product","link":"https:\/\/www.ferberpainting.com\/de\/products\/gravel-and-stone-binder\/","title":{"rendered":"Kies- und Steinbinder"},"content":{"rendered":"<p><strong><img decoding=\"async\" style=\"margin-right: 12px;\" src=\"https:\/\/www.ferberpainting.com\/wp-content\/uploads\/2026\/02\/Check.svg\" alt=\"\" width=\"18\" height=\"15\" \/>Wirksame und dauerhafte Stabilisierung von Kies und Ger\u00f6ll.<\/strong>\u00a0Dieses Bindemittel wurde speziell entwickelt, um Kies und Kiesel zu verfestigen und an Ort und Stelle zu halten, so dass sie sich nicht ausbreiten k\u00f6nnen und die \u00c4sthetik und Durchl\u00e4ssigkeit des Bodens erhalten bleibt. Es ist ideal f\u00fcr Wege, H\u00f6fe, Terrassen und Fu\u00dfg\u00e4ngerzonen und bietet eine dauerhafte L\u00f6sung, um Unannehmlichkeiten im Zusammenhang mit Verschiebungen und Setzungen zu vermeiden.<\/p>\n<p><strong><img decoding=\"async\" style=\"margin-right: 12px;\" src=\"https:\/\/www.ferberpainting.com\/wp-content\/uploads\/2026\/02\/Check.svg\" alt=\"\" width=\"18\" height=\"15\" \/>Geld-zur\u00fcck-Garantie.<\/strong>\u00a0Wir sind von der Wirksamkeit unseres Kies- und Kieselsteinfixiermittels \u00fcberzeugt. Deshalb bieten wir eine Geld-zur\u00fcck-Garantie. Wenn das Produkt nicht Ihren Erwartungen entspricht oder nach der Anwendung gem\u00e4\u00df unseren Empfehlungen nicht die erwarteten Ergebnisse liefert, k\u00f6nnen Sie eine R\u00fcckerstattung ohne jegliche Bedingungen beantragen, so dass ein risikofreier Kauf gew\u00e4hrleistet ist.<\/p>\n<p><strong><img decoding=\"async\" style=\"margin-right: 12px;\" src=\"https:\/\/www.ferberpainting.com\/wp-content\/uploads\/2026\/02\/Check.svg\" alt=\"\" width=\"18\" height=\"15\" \/>Kompatibilit\u00e4t mit verschiedenen Arten von Materialien.<\/strong>\u00a0Dieses Fixiermittel ist mit Zierkies, Kieselsteinen, nat\u00fcrlichen Zuschlagstoffen, Schotter und por\u00f6sen Pflastersteinen kompatibel. Es kann zur Stabilisierung von Einfahrten, leichten Zufahrtswegen oder Parkfl\u00e4chen in Landschaftsg\u00e4rten verwendet werden und ist somit eine geeignete L\u00f6sung f\u00fcr zahlreiche Projekte im Au\u00dfenbereich.<\/p>\n<p><strong><img decoding=\"async\" style=\"margin-right: 12px;\" src=\"https:\/\/www.ferberpainting.com\/wp-content\/uploads\/2026\/02\/Check.svg\" alt=\"\" width=\"18\" height=\"15\" \/>Optimierte und kosteneffiziente Leistung.<\/strong>\u00a0Dank seiner konzentrierten Formel kann 1 Liter des Produkts zwischen 3 und 5 m\u00b2 abdecken, je nach Porosit\u00e4t des Kieses und der Dicke der aufgetragenen Schicht. Dank seiner effektiven Wirkung ist ein h\u00e4ufiges Auftragen nicht erforderlich, was ein ausgezeichnetes Preis-Leistungs-Verh\u00e4ltnis f\u00fcr eine langfristige Anwendung gew\u00e4hrleistet.<\/p>\n<p><strong><img decoding=\"async\" style=\"margin-right: 12px;\" src=\"https:\/\/www.ferberpainting.com\/wp-content\/uploads\/2026\/02\/Check.svg\" alt=\"\" width=\"18\" height=\"15\" \/>Sicherheit und Ungiftigkeit.<\/strong>\u00a0Dieses bindende Fixiermittel enth\u00e4lt keine giftigen L\u00f6sungsmittel oder umweltsch\u00e4dlichen Stoffe. Es ist nicht brennbar, frei von aggressiven chemischen D\u00e4mpfen und stellt kein Gesundheitsrisiko f\u00fcr die Anwender oder die umgebende Flora dar. Seine Verwendung ist sicher, sowohl in privaten R\u00e4umen als auch in \u00f6ffentlichen Bereichen und Landschaften.<\/p>\n<p><strong><img decoding=\"async\" style=\"margin-right: 12px;\" src=\"https:\/\/www.ferberpainting.com\/wp-content\/uploads\/2026\/02\/Check.svg\" alt=\"\" width=\"18\" height=\"15\" \/>Einfache Anwendung und schnelle Umsetzung.<\/strong>\u00a0Dieses Fixiermittel ist gebrauchsfertig und erfordert keine aufwendige Vorbereitung. Es wird mit einer Spr\u00fchdose, einer Gie\u00dfkanne oder einer Rolle direkt auf den Kies oder die Kieselsteine aufgetragen und gew\u00e4hrleistet einen schnellen und gleichm\u00e4\u00dfigen Auftrag. Dank seiner schnellen Trocknung kann die Oberfl\u00e4che in kurzer Zeit wieder in Betrieb genommen werden, ohne dass spezielle Werkzeuge erforderlich sind.<\/p>\n<p><strong><img decoding=\"async\" style=\"margin-right: 12px;\" src=\"https:\/\/www.ferberpainting.com\/wp-content\/uploads\/2026\/02\/Check.svg\" alt=\"\" width=\"18\" height=\"15\" \/>Hervorragende Haltbarkeit und Wetterbest\u00e4ndigkeit.<\/strong>\u00a0Einmal aufgetragen, schafft dieses Fixiermittel einen festen Zusammenhalt und Widerstand gegen klimatische Schwankungen und sch\u00fctzt wirksam vor Erosion durch Regen, Wind oder h\u00e4ufiges Befahren. Es begrenzt die Bildung von Spurrillen und Vertiefungen und verl\u00e4ngert so die Haltbarkeit und \u00c4sthetik der stabilisierten Oberfl\u00e4chen f\u00fcr mehrere Jahre.<\/p>\n<p><strong><img decoding=\"async\" style=\"margin-right: 12px;\" src=\"https:\/\/www.ferberpainting.com\/wp-content\/uploads\/2026\/02\/Check.svg\" alt=\"\" width=\"18\" height=\"15\" \/>Ein schnell wirkender Effekt f\u00fcr einen stabilisierten Boden ohne lange Wartezeiten.<\/strong>\u00a0Ab dem Zeitpunkt des Auftragens dringt das Fixiermittel schnell zwischen die Aggregate ein und beginnt innerhalb weniger Stunden zu h\u00e4rten. Die Trocknung erfolgt im Allgemeinen innerhalb von 24 bis 48 Stunden, je nach den klimatischen Bedingungen, so dass eine rasche Stabilisierung gew\u00e4hrleistet ist, ohne dass der Eingriffsbereich zu lange unbeweglich bleibt.<\/p>\n<h2><strong>Verwendungsprotokoll<\/strong><\/h2>\n<ul>\n<li><strong>Oberfl\u00e4chenvorbereitung :<\/strong> Vergewissern Sie sich, dass die zu behandelnde Fl\u00e4che sauber, trocken und frei von Staub oder Schutt ist. Falls erforderlich, ebnen Sie den Kies vor dem Auftragen ein, um eine gleichm\u00e4\u00dfige Verteilung zu gew\u00e4hrleisten.<\/li>\n<li><strong>Empfohlene Dosierung:<\/strong> Tragen Sie etwa 1 Liter Bindemittel pro 3 bis 5 m\u00b2 auf, je nach Porosit\u00e4t und Granulometrie der Steine oder des Kieses. Bei einer d\u00fcnneren Schicht wird weniger Produkt ben\u00f6tigt, w\u00e4hrend bei einer sehr lockeren Oberfl\u00e4che ein gro\u00dfz\u00fcgigerer Auftrag erforderlich sein kann.<\/li>\n<li><strong>Anwendung des Bindungsfixiermittels :<\/strong> Gie\u00dfen Sie das Produkt mit einem Spr\u00fchger\u00e4t, einer Gie\u00dfkanne mit hohem Durchfluss oder einer Rolle direkt auf den Kies. Achten Sie auf eine gleichm\u00e4\u00dfige Verteilung des Bindemittels, um eine gleichm\u00e4\u00dfige Haftung zu erreichen.<\/li>\n<li><strong>Trocknungszeit :<\/strong> Lassen Sie die behandelte Fl\u00e4che je nach Witterungsbedingungen 24 bis 48 Stunden an der Luft trocknen. Vermeiden Sie w\u00e4hrend dieses Zeitraums jeglichen Verkehr auf der behandelten Fl\u00e4che, um die Bindung der Zuschlagstoffe zu optimieren.<\/li>\n<li><strong>Wartung und Nachbesserung :<\/strong> \u00dcberpr\u00fcfen Sie den Zustand der Oberfl\u00e4che nach der vollst\u00e4ndigen Trocknung und tragen Sie gegebenenfalls eine leichte zweite Schicht auf, um den Zusammenhalt des Kieses zu verst\u00e4rken. Bei nat\u00fcrlicher Abnutzung im Laufe der Jahre kann die Wirksamkeit des Bindemittels durch einen einfachen Neuanstrich wiederhergestellt werden.<\/li>\n<li><strong>Reinigung der Werkzeuge :<\/strong> Sp\u00fclen Sie alle verwendeten Ger\u00e4te sofort mit sauberem Wasser ab, um eingetrocknete R\u00fcckst\u00e4nde zu vermeiden und die Lebensdauer der Ger\u00e4te zu verl\u00e4ngern.<\/li>\n<\/ul>","protected":false},"excerpt":{"rendered":"<p>Effective and Durable Stabilization of Gravel and Pebbles.\u00a0This binding fixative is specially designed to solidify and keep gravel and pebbles in place, preventing their dispersion while maintaining the aesthetics and permeability of the soil. Ideal for pathways, courtyards, terraces, and pedestrian walkways, it offers a durable solution to prevent inconveniences related to displacement and aggregate [&hellip;]<\/p>\n","protected":false},"featured_media":26016,"comment_status":"open","ping_status":"closed","template":"","meta":{"_uag_custom_page_level_css":"","site-sidebar-layout":"default","site-content-layout":"","ast-site-content-layout":"default","site-content-style":"default","site-sidebar-style":"default","ast-global-header-display":"","ast-banner-title-visibility":"","ast-main-header-display":"","ast-hfb-above-header-display":"","ast-hfb-below-header-display":"","ast-hfb-mobile-header-display":"","site-post-title":"","ast-breadcrumbs-content":"","ast-featured-img":"","footer-sml-layout":"","ast-disable-related-posts":"","theme-transparent-header-meta":"default","adv-header-id-meta":"","stick-header-meta":"","header-above-stick-meta":"","header-main-stick-meta":"","header-below-stick-meta":"","astra-migrate-meta-layouts":"set","ast-page-background-enabled":"default","ast-page-background-meta":{"desktop":{"background-color":"var(--ast-global-color-4)","background-image":"","background-repeat":"repeat","background-position":"center center","background-size":"auto","background-attachment":"scroll","background-type":"","background-media":"","overlay-type":"","overlay-color":"","overlay-opacity":"","overlay-gradient":""},"tablet":{"background-color":"","background-image":"","background-repeat":"repeat","background-position":"center center","background-size":"auto","background-attachment":"scroll","background-type":"","background-media":"","overlay-type":"","overlay-color":"","overlay-opacity":"","overlay-gradient":""},"mobile":{"background-color":"","background-image":"","background-repeat":"repeat","background-position":"center center","background-size":"auto","background-attachment":"scroll","background-type":"","background-media":"","overlay-type":"","overlay-color":"","overlay-opacity":"","overlay-gradient":""}},"ast-content-background-meta":{"desktop":{"background-color":"var(--ast-global-color-5)","background-image":"","background-repeat":"repeat","background-position":"center center","background-size":"auto","background-attachment":"scroll","background-type":"","background-media":"","overlay-type":"","overlay-color":"","overlay-opacity":"","overlay-gradient":""},"tablet":{"background-color":"var(--ast-global-color-5)","background-image":"","background-repeat":"repeat","background-position":"center center","background-size":"auto","background-attachment":"scroll","background-type":"","background-media":"","overlay-type":"","overlay-color":"","overlay-opacity":"","overlay-gradient":""},"mobile":{"background-color":"var(--ast-global-color-5)","background-image":"","background-repeat":"repeat","background-position":"center center","background-size":"auto","background-attachment":"scroll","background-type":"","background-media":"","overlay-type":"","overlay-color":"","overlay-opacity":"","overlay-gradient":""}}},"product_brand":[],"product_cat":[176],"product_tag":[],"class_list":{"0":"post-23505","1":"product","2":"type-product","3":"status-publish","4":"has-post-thumbnail","6":"product_cat-concrete-treatment","7":"desktop-align-left","8":"tablet-align-left","9":"mobile-align-left","11":"first","12":"instock","13":"sale","14":"shipping-taxable","15":"purchasable","16":"product-type-variable","17":"has-default-attributes"},"spectra_custom_meta":{"_visibility":["visible"],"_shopify_product_id":["9059464315125"],"_s2w_shopify_domain":["ferberpainting.myshopify.com"],"_shopify_variant_id":["46481188880629"],"_sku":[""],"_manage_stock":["no"],"total_sales":["6201"],"_tax_status":["taxable"],"_tax_class":[""],"_backorders":["no"],"_sold_individually":["no"],"_virtual":["no"],"_downloadable":["no"],"_download_limit":["-1"],"_download_expiry":["-1"],"_stock":[null],"_stock_status":["instock"],"_wc_average_rating":["4.57"],"_wc_review_count":["7"],"_product_attributes":["a:1:{s:6:\"volume\";a:6:{s:4:\"name\";s:6:\"Volume\";s:5:\"value\";s:20:\"5 liters | 25 liters\";s:8:\"position\";i:1;s:10:\"is_visible\";i:0;s:12:\"is_variation\";i:1;s:11:\"is_taxonomy\";i:0;}}"],"_product_version":["10.5.1"],"_thumbnail_id":["26016"],"_product_image_gallery":["26017"],"wpse_downloadable_file_names":[""],"wpse_downloadable_file_urls":[""],"_edit_last":["1"],"_default_attributes":["a:1:{s:6:\"volume\";s:8:\"5 liters\";}"],"_edit_lock":["1776163647:7131"],"merchant-center-availability":["yes"],"merchant-center-category":["2277"],"_wp_page_template":["default"],"site-sidebar-layout":["default"],"ast-site-content-layout":["default"],"site-content-style":["default"],"site-sidebar-style":["default"],"theme-transparent-header-meta":["default"],"_wc_rating_count":["a:2:{i:4;i:3;i:5;i:4;}"],"_upsell_ids":["a:3:{i:0;i:25276;i:1;i:25345;i:2;i:25652;}"],"_crosssell_ids":["a:3:{i:0;i:25276;i:1;i:25345;i:2;i:25652;}"],"_price":["29.90","129.90"],"astra-migrate-meta-layouts":["set"],"_uag_css_file_name":["uag-css-23505.css"],"_elementor_page_assets":["a:0:{}"],"_uag_page_assets":["a:9:{s:3:\"css\";s:6873:\".wp-block-uagb-image{display:flex}.wp-block-uagb-image__figure{position:relative;display:flex;flex-direction:column;max-width:100%;height:auto;margin:0}.wp-block-uagb-image__figure img{height:auto;display:flex;max-width:100%;transition:box-shadow .2s ease}.wp-block-uagb-image__figure>a{display:inline-block}.wp-block-uagb-image__figure figcaption{text-align:center;margin-top:.5em;margin-bottom:1em}.wp-block-uagb-image .components-placeholder.block-editor-media-placeholder .components-placeholder__instructions{align-self:center}.wp-block-uagb-image--align-left{text-align:left}.wp-block-uagb-image--align-right{text-align:right}.wp-block-uagb-image--align-center{text-align:center}.wp-block-uagb-image--align-full .wp-block-uagb-image__figure{margin-left:calc(50% - 50vw);margin-right:calc(50% - 50vw);max-width:100vw;width:100vw;height:auto}.wp-block-uagb-image--align-full .wp-block-uagb-image__figure img{height:auto;width:100% !important}.wp-block-uagb-image--align-wide .wp-block-uagb-image__figure img{height:auto;width:100%}.wp-block-uagb-image--layout-overlay__color-wrapper{position:absolute;left:0;top:0;right:0;bottom:0;opacity:.2;background:rgba(0,0,0,.5);transition:opacity .35s ease-in-out}.wp-block-uagb-image--layout-overlay-link{position:absolute;left:0;right:0;bottom:0;top:0}.wp-block-uagb-image--layout-overlay .wp-block-uagb-image__figure:hover .wp-block-uagb-image--layout-overlay__color-wrapper{opacity:1}.wp-block-uagb-image--layout-overlay__inner{position:absolute;left:15px;right:15px;bottom:15px;top:15px;display:flex;align-items:center;justify-content:center;flex-direction:column;border-color:#fff;transition:.35s ease-in-out}.wp-block-uagb-image--layout-overlay__inner.top-left,.wp-block-uagb-image--layout-overlay__inner.top-center,.wp-block-uagb-image--layout-overlay__inner.top-right{justify-content:flex-start}.wp-block-uagb-image--layout-overlay__inner.bottom-left,.wp-block-uagb-image--layout-overlay__inner.bottom-center,.wp-block-uagb-image--layout-overlay__inner.bottom-right{justify-content:flex-end}.wp-block-uagb-image--layout-overlay__inner.top-left,.wp-block-uagb-image--layout-overlay__inner.center-left,.wp-block-uagb-image--layout-overlay__inner.bottom-left{align-items:flex-start}.wp-block-uagb-image--layout-overlay__inner.top-right,.wp-block-uagb-image--layout-overlay__inner.center-right,.wp-block-uagb-image--layout-overlay__inner.bottom-right{align-items:flex-end}.wp-block-uagb-image--layout-overlay__inner .uagb-image-heading{color:#fff;transition:transform .35s,opacity .35s ease-in-out;transform:translate3d(0, 24px, 0);margin:0;line-height:1em}.wp-block-uagb-image--layout-overlay__inner .uagb-image-separator{width:30%;border-top-width:2px;border-top-color:#fff;border-top-style:solid;margin-bottom:10px;opacity:0;transition:transform .4s,opacity .4s ease-in-out;transform:translate3d(0, 30px, 0)}.wp-block-uagb-image--layout-overlay__inner .uagb-image-caption{opacity:0;overflow:visible;color:#fff;transition:transform .45s,opacity .45s ease-in-out;transform:translate3d(0, 35px, 0)}.wp-block-uagb-image--layout-overlay__inner:hover .uagb-image-heading,.wp-block-uagb-image--layout-overlay__inner:hover .uagb-image-separator,.wp-block-uagb-image--layout-overlay__inner:hover .uagb-image-caption{opacity:1;transform:translate3d(0, 0, 0)}.wp-block-uagb-image--effect-zoomin .wp-block-uagb-image__figure img,.wp-block-uagb-image--effect-zoomin .wp-block-uagb-image__figure .wp-block-uagb-image--layout-overlay__color-wrapper{transform:scale(1);transition:transform .35s ease-in-out}.wp-block-uagb-image--effect-zoomin .wp-block-uagb-image__figure:hover img,.wp-block-uagb-image--effect-zoomin .wp-block-uagb-image__figure:hover .wp-block-uagb-image--layout-overlay__color-wrapper{transform:scale(1.05)}.wp-block-uagb-image--effect-slide .wp-block-uagb-image__figure img,.wp-block-uagb-image--effect-slide .wp-block-uagb-image__figure .wp-block-uagb-image--layout-overlay__color-wrapper{width:calc(100% + 40px) !important;max-width:none !important;transform:translate3d(-40px, 0, 0);transition:transform .35s ease-in-out}.wp-block-uagb-image--effect-slide .wp-block-uagb-image__figure:hover img,.wp-block-uagb-image--effect-slide .wp-block-uagb-image__figure:hover .wp-block-uagb-image--layout-overlay__color-wrapper{transform:translate3d(0, 0, 0)}.wp-block-uagb-image--effect-grayscale img{filter:grayscale(0%);transition:.35s ease-in-out}.wp-block-uagb-image--effect-grayscale:hover img{filter:grayscale(100%)}.wp-block-uagb-image--effect-blur img{filter:blur(0);transition:.35s ease-in-out}.wp-block-uagb-image--effect-blur:hover img{filter:blur(3px)}.uagb-block-e6f939b3.wp-block-uagb-image--layout-default figure img{box-shadow: 0px 0px 0 #00000070;}.uagb-block-e6f939b3.wp-block-uagb-image .wp-block-uagb-image__figure figcaption{font-style: normal;align-self: center;}.uagb-block-e6f939b3.wp-block-uagb-image--layout-overlay figure img{box-shadow: 0px 0px 0 #00000070;}.uagb-block-e6f939b3.wp-block-uagb-image--layout-overlay .wp-block-uagb-image--layout-overlay__color-wrapper{opacity: 0.2;}.uagb-block-e6f939b3.wp-block-uagb-image--layout-overlay .wp-block-uagb-image--layout-overlay__inner{left: 15px;right: 15px;top: 15px;bottom: 15px;}.uagb-block-e6f939b3.wp-block-uagb-image--layout-overlay .wp-block-uagb-image--layout-overlay__inner .uagb-image-heading{font-style: normal;color: #fff;opacity: 1;}.uagb-block-e6f939b3.wp-block-uagb-image--layout-overlay .wp-block-uagb-image--layout-overlay__inner .uagb-image-heading a{color: #fff;}.uagb-block-e6f939b3.wp-block-uagb-image--layout-overlay .wp-block-uagb-image--layout-overlay__inner .uagb-image-caption{opacity: 0;}.uagb-block-e6f939b3.wp-block-uagb-image--layout-overlay .wp-block-uagb-image__figure:hover .wp-block-uagb-image--layout-overlay__color-wrapper{opacity: 1;}.uagb-block-e6f939b3.wp-block-uagb-image .wp-block-uagb-image--layout-overlay__inner .uagb-image-separator{width: 30%;border-top-width: 2px;border-top-color: #fff;opacity: 0;}.uagb-block-e6f939b3.wp-block-uagb-image .wp-block-uagb-image__figure img{width: px;height: auto;}.uagb-block-e6f939b3.wp-block-uagb-image .wp-block-uagb-image__figure:hover .wp-block-uagb-image--layout-overlay__inner .uagb-image-caption{opacity: 1;}.uagb-block-e6f939b3.wp-block-uagb-image .wp-block-uagb-image__figure:hover .wp-block-uagb-image--layout-overlay__inner .uagb-image-separator{opacity: 1;}.uagb-block-e6f939b3.wp-block-uagb-image--layout-default figure:hover img{box-shadow: 0px 0px 0 #00000070;}.uagb-block-e6f939b3.wp-block-uagb-image--layout-overlay figure:hover img{box-shadow: 0px 0px 0 #00000070;}@media only screen and (max-width: 976px) {.uagb-block-e6f939b3.wp-block-uagb-image .wp-block-uagb-image__figure img{width: px;height: auto;}}@media only screen and (max-width: 767px) {.uagb-block-e6f939b3.wp-block-uagb-image .wp-block-uagb-image__figure img{width: px;height: auto;}}\";s:2:\"js\";s:0:\"\";s:18:\"current_block_list\";a:13:{i:0;s:11:\"core\/search\";i:1;s:10:\"core\/group\";i:2;s:12:\"core\/heading\";i:3;s:17:\"core\/latest-posts\";i:4;s:20:\"core\/latest-comments\";i:5;s:13:\"core\/archives\";i:6;s:15:\"core\/categories\";i:7;s:14:\"core\/paragraph\";i:8;s:10:\"uagb\/image\";i:9;s:11:\"core\/spacer\";i:10;s:30:\"woocommerce\/product-categories\";i:11;s:10:\"core\/image\";i:12;s:14:\"core\/shortcode\";}s:8:\"uag_flag\";b:1;s:11:\"uag_version\";s:10:\"1776781443\";s:6:\"gfonts\";a:0:{}s:10:\"gfonts_url\";s:0:\"\";s:12:\"gfonts_files\";a:0:{}s:14:\"uag_faq_layout\";b:0;}"]},"uagb_featured_image_src":{"full":["https:\/\/www.ferberpainting.com\/wp-content\/uploads\/2025\/05\/GravelandStoneBinder5L.png",2560,2560,false],"thumbnail":["https:\/\/www.ferberpainting.com\/wp-content\/uploads\/2025\/05\/GravelandStoneBinder5L-150x150.png",150,150,true],"medium":["https:\/\/www.ferberpainting.com\/wp-content\/uploads\/2025\/05\/GravelandStoneBinder5L-300x300.png",300,300,true],"medium_large":["https:\/\/www.ferberpainting.com\/wp-content\/uploads\/2025\/05\/GravelandStoneBinder5L-768x768.png",768,768,true],"large":["https:\/\/www.ferberpainting.com\/wp-content\/uploads\/2025\/05\/GravelandStoneBinder5L-1024x1024.png",1024,1024,true],"1536x1536":["https:\/\/www.ferberpainting.com\/wp-content\/uploads\/2025\/05\/GravelandStoneBinder5L-1536x1536.png",1536,1536,true],"2048x2048":["https:\/\/www.ferberpainting.com\/wp-content\/uploads\/2025\/05\/GravelandStoneBinder5L-2048x2048.png",2048,2048,true],"trp-custom-language-flag":["https:\/\/www.ferberpainting.com\/wp-content\/uploads\/2025\/05\/GravelandStoneBinder5L-12x12.png",12,12,true],"woocommerce_thumbnail":["https:\/\/www.ferberpainting.com\/wp-content\/uploads\/2025\/05\/GravelandStoneBinder5L-300x300.png",300,300,true],"woocommerce_single":["https:\/\/www.ferberpainting.com\/wp-content\/uploads\/2025\/05\/GravelandStoneBinder5L-600x600.png",600,600,true],"woocommerce_gallery_thumbnail":["https:\/\/www.ferberpainting.com\/wp-content\/uploads\/2025\/05\/GravelandStoneBinder5L-100x100.png",100,100,true]},"uagb_author_info":{"display_name":"admin","author_link":"https:\/\/www.ferberpainting.com\/de\/author\/"},"uagb_comment_info":7,"uagb_excerpt":"Effective and Durable Stabilization of Gravel and Pebbles.\u00a0This binding fixative is specially designed to solidify and keep gravel and pebbles in place, preventing their dispersion while maintaining the aesthetics and permeability of the soil. Ideal for pathways, courtyards, terraces, and pedestrian walkways, it offers a durable solution to prevent inconveniences related to displacement and aggregate&hellip;","_links":{"self":[{"href":"https:\/\/www.ferberpainting.com\/de\/wp-json\/wp\/v2\/product\/23505","targetHints":{"allow":["GET"]}}],"collection":[{"href":"https:\/\/www.ferberpainting.com\/de\/wp-json\/wp\/v2\/product"}],"about":[{"href":"https:\/\/www.ferberpainting.com\/de\/wp-json\/wp\/v2\/types\/product"}],"replies":[{"embeddable":true,"href":"https:\/\/www.ferberpainting.com\/de\/wp-json\/wp\/v2\/comments?post=23505"}],"version-history":[{"count":4,"href":"https:\/\/www.ferberpainting.com\/de\/wp-json\/wp\/v2\/product\/23505\/revisions"}],"predecessor-version":[{"id":166265,"href":"https:\/\/www.ferberpainting.com\/de\/wp-json\/wp\/v2\/product\/23505\/revisions\/166265"}],"wp:featuredmedia":[{"embeddable":true,"href":"https:\/\/www.ferberpainting.com\/de\/wp-json\/wp\/v2\/media\/26016"}],"wp:attachment":[{"href":"https:\/\/www.ferberpainting.com\/de\/wp-json\/wp\/v2\/media?parent=23505"}],"wp:term":[{"taxonomy":"product_brand","embeddable":true,"href":"https:\/\/www.ferberpainting.com\/de\/wp-json\/wp\/v2\/product_brand?post=23505"},{"taxonomy":"product_cat","embeddable":true,"href":"https:\/\/www.ferberpainting.com\/de\/wp-json\/wp\/v2\/product_cat?post=23505"},{"taxonomy":"product_tag","embeddable":true,"href":"https:\/\/www.ferberpainting.com\/de\/wp-json\/wp\/v2\/product_tag?post=23505"}],"curies":[{"name":"wp","href":"https:\/\/api.w.org\/{rel}","templated":true}]}}