{"id":23484,"date":"2025-07-01T13:14:04","date_gmt":"2025-07-01T11:14:04","guid":{"rendered":"https:\/\/www.ferberpainting.com\/?post_type=product&#038;p=23484"},"modified":"2026-02-15T14:20:09","modified_gmt":"2026-02-15T13:20:09","slug":"glass-and-mirror-cleaner","status":"publish","type":"product","link":"https:\/\/www.ferberpainting.com\/de\/products\/glass-and-mirror-cleaner\/","title":{"rendered":"Reiniger f\u00fcr Fenster und Spiegel"},"content":{"rendered":"<p><img decoding=\"async\" style=\"margin-right: 12px;\" src=\"https:\/\/www.ferberpainting.com\/wp-content\/uploads\/2026\/02\/Check.svg\" alt=\"\" width=\"18\" height=\"15\" \/><strong>Optimale Effizienz.<\/strong>\u00a0Dieser Glas- und Spiegelreiniger wurde speziell entwickelt, um Fingerabdr\u00fccke, Staub, Wasserflecken und Fett, die Glasoberfl\u00e4chen tr\u00fcben, wirksam zu entfernen. Dank seiner leistungsstarken Formel reinigt er gr\u00fcndlich, ohne Streifen oder R\u00fcckst\u00e4nde und sorgt f\u00fcr perfekte Transparenz und brillanten Glanz. Er ist ideal f\u00fcr den t\u00e4glichen Gebrauch und liefert in wenigen Augenblicken makellose Ergebnisse.<\/p>\n<p><img decoding=\"async\" style=\"margin-right: 12px;\" src=\"https:\/\/www.ferberpainting.com\/wp-content\/uploads\/2026\/02\/Check.svg\" alt=\"\" width=\"18\" height=\"15\" \/><strong>Geld-zur\u00fcck-Garantie.<\/strong>\u00a0Wir haben volles Vertrauen in die Wirksamkeit unseres Reinigers. Wenn Sie nach der Anwendung nicht mit dem Ergebnis zufrieden sind, haben Sie Anspruch auf eine volle R\u00fcckerstattung. Testen Sie unser Produkt ohne Risiko und genie\u00dfen Sie m\u00fchelos makellose Fenster und Spiegel.<\/p>\n<p><img decoding=\"async\" style=\"margin-right: 12px;\" src=\"https:\/\/www.ferberpainting.com\/wp-content\/uploads\/2026\/02\/Check.svg\" alt=\"\" width=\"18\" height=\"15\" \/><strong>Au\u00dfergew\u00f6hnliche Vielseitigkeit.<\/strong>\u00a0Dieser Reiniger ist nicht nur f\u00fcr Fenster und Spiegel geeignet! Er ist auch auf Glasfl\u00e4chen, Windschutzscheiben, Vitrinen, Duschw\u00e4nden, Glasscheiben und sogar Keramikkochfeldern wirksam. Er wirkt auf einer Vielzahl von Materialien, darunter geh\u00e4rtetes Glas, Plexiglas, lackierte Oberfl\u00e4chen und polierter Edelstahl. Durch seine Vielseitigkeit ist er ideal f\u00fcr den privaten, gewerblichen oder professionellen Einsatz in B\u00fcros, Hotels, Restaurants und im Einzelhandel.<\/p>\n<p><img decoding=\"async\" style=\"margin-right: 12px;\" src=\"https:\/\/www.ferberpainting.com\/wp-content\/uploads\/2026\/02\/Check.svg\" alt=\"\" width=\"18\" height=\"15\" \/><strong>Kosteneffiziente Leistung.<\/strong>\u00a0Dank seines 5-Liter-Beh\u00e4lters und seiner hohen Konzentration bietet dieser Reiniger ein hervorragendes Preis-Leistungs-Verh\u00e4ltnis. Eine kleine Menge reicht aus, um eine gro\u00dfe Fl\u00e4che zu behandeln, was ihn wirtschaftlich und effizient macht. Im Durchschnitt k\u00f6nnen mit einem Liter des Produkts bis zu 100 m\u00b2 Glas oder Spiegel gereinigt werden, was den Produktverbrauch reduziert und die langfristige Nutzung optimiert.<\/p>\n<p><img decoding=\"async\" style=\"margin-right: 12px;\" src=\"https:\/\/www.ferberpainting.com\/wp-content\/uploads\/2026\/02\/Check.svg\" alt=\"\" width=\"18\" height=\"15\" \/><strong>Sicher in der Anwendung.<\/strong>\u00a0Im Gegensatz zu Reinigungsmitteln, die Ammoniak oder scharfe L\u00f6sungsmittel enthalten, die Reizungen verursachen und empfindliche Oberfl\u00e4chen besch\u00e4digen k\u00f6nnen, ist dieses Produkt ohne sch\u00e4dliche Substanzen formuliert. Es setzt keine irritierenden D\u00e4mpfe frei, verursacht keine Hautreizungen und ist auf den behandelten Oberfl\u00e4chen sicher und gleichzeitig hochwirksam. Bei vorschriftsm\u00e4\u00dfiger Anwendung kann es sicher in geschlossenen R\u00e4umen verwendet werden, ohne dass eine Gefahr f\u00fcr Benutzer oder Umwelt besteht.<\/p>\n<p><img decoding=\"async\" style=\"margin-right: 12px;\" src=\"https:\/\/www.ferberpainting.com\/wp-content\/uploads\/2026\/02\/Check.svg\" alt=\"\" width=\"18\" height=\"15\" \/><strong>Benutzerfreundlichkeit.<\/strong>\u00a0Dieses Produkt ist gebrauchsfertig und erfordert keine Verd\u00fcnnung oder komplizierte Handhabung. Es wird mit einem Mikrofasertuch, einem Rakel oder einem saugf\u00e4higen Papier direkt auf die Oberfl\u00e4che aufgetragen. Seine schnelle Wirkung entfernt den Schmutz in Sekundenschnelle, ohne Absp\u00fclen oder intensives Schrubben. Es hinterl\u00e4sst keinen fettigen Film und sorgt f\u00fcr ein streifenfreies Finish beim ersten Wischen.<\/p>\n<p><img decoding=\"async\" style=\"margin-right: 12px;\" src=\"https:\/\/www.ferberpainting.com\/wp-content\/uploads\/2026\/02\/Check.svg\" alt=\"\" width=\"18\" height=\"15\" \/><strong>Verl\u00e4ngerte Haltbarkeit.<\/strong>\u00a0Durch die wirksame Entfernung von Staub, Fett und R\u00fcckst\u00e4nden tr\u00e4gt dieser Reiniger dazu bei, die Klarheit und Sauberkeit von Glasoberfl\u00e4chen langfristig zu erhalten. Er verhindert Ablagerungen, die die Transparenz beeintr\u00e4chtigen k\u00f6nnten, und erleichtert die regelm\u00e4\u00dfige Wartung. H\u00e4ufiges Reinigen mit diesem Produkt garantiert lang anhaltenden Glanz, ohne dass eine intensive Pflege erforderlich ist.<\/p>\n<p><img decoding=\"async\" style=\"margin-right: 12px;\" src=\"https:\/\/www.ferberpainting.com\/wp-content\/uploads\/2026\/02\/Check.svg\" alt=\"\" width=\"18\" height=\"15\" \/><strong>Schnelle Aktion.<\/strong>\u00a0Dank seiner hochaktiven Formel wirkt dieser Reiniger sofort auf Flecken und Verschmutzungen und l\u00f6st den Schmutz in Sekundenschnelle auf. Er liefert schnelle und effektive Ergebnisse und eignet sich perfekt f\u00fcr den t\u00e4glichen Gebrauch im privaten und professionellen Bereich. Er trocknet schnell und streifenfrei und sorgt so f\u00fcr ein klares und gl\u00e4nzendes Finish im Handumdrehen.<\/p>\n<h2><strong>Verwendungsprotokoll<\/strong><\/h2>\n<ul>\n<li><strong>Vorbereitung <\/strong>:  Stellen Sie sicher, dass die Glas- oder Spiegeloberfl\u00e4che vor dem Auftragen des Produkts entstaubt ist. F\u00fcr eine optimale Reinigung verwenden Sie ein sauberes, fusselfreies Tuch.<\/li>\n<li><strong>Direkte Anwendung <\/strong>: Spr\u00fchen Sie eine d\u00fcnne Schicht des Reinigers direkt auf den Spiegel oder die Glasoberfl\u00e4che. F\u00fcr gr\u00f6\u00dfere Fl\u00e4chen, wie z. B. Schaufenster, verwenden Sie eine breite Spr\u00fchflasche f\u00fcr eine gleichm\u00e4\u00dfige Verteilung.<\/li>\n<li><strong>Manuelle Reinigung <\/strong>: Sofort mit einem sauberen Mikrofasertuch, saugf\u00e4higem Papier oder einem Rakel abwischen, um Schmutz zu entfernen und eine perfekte Transparenz zu erzielen. Verwenden Sie kreisende Bewegungen, um Schlieren zu vermeiden und eine gleichm\u00e4\u00dfige Reinigung zu gew\u00e4hrleisten.<\/li>\n<li><strong>Behandlung von hartn\u00e4ckigen Flecken <\/strong>: Bei Kalkablagerungen, Fettflecken oder eingebettetem Schmutz tragen Sie eine etwas gr\u00f6\u00dfere Menge des Produkts auf und lassen es einige Sekunden einwirken, bevor Sie es mit einem weichen Schwamm oder einem feuchten Tuch abwischen.<\/li>\n<li><strong>Polieren und Gl\u00e4nzen <\/strong>: F\u00fcr ein noch gl\u00e4nzenderes Ergebnis sollten Sie die Oberfl\u00e4che nach der Reinigung mit einem zweiten trockenen Tuch abwischen, um \u00fcbersch\u00fcssiges Produkt zu entfernen und ein makelloses Ergebnis zu erzielen.<\/li>\n<li><strong>Gro\u00dffl\u00e4chige Reinigung <\/strong>: Bei Erkerfenstern oder kommerziellen Auslagen verwenden Sie einen professionellen Rakel, um das Produkt in einem einzigen Arbeitsgang zu verteilen und zu entfernen, was die Reinigungszeit verk\u00fcrzt und das Ergebnis optimiert.<\/li>\n<li><strong>H\u00e4ufigkeit der Nutzung <\/strong>: F\u00fcr die Routinereinigung von Glasfl\u00e4chen ein- bis zweimal w\u00f6chentlich auftragen. In stark frequentierten oder verschmutzungsanf\u00e4lligen Bereichen (Restaurants, Hotels, B\u00fcros) wird eine t\u00e4gliche Reinigung empfohlen, um eine optimale Klarheit zu gew\u00e4hrleisten.<\/li>\n<li><strong>Lagerung <\/strong>: Verschlie\u00dfen Sie den Kanister nach jedem Gebrauch fest und lagern Sie ihn an einem k\u00fchlen, trockenen Ort, gesch\u00fctzt vor Licht und extremen Temperaturen, um die Wirksamkeit des Produkts \u00fcber l\u00e4ngere Zeit zu erhalten.<\/li>\n<\/ul>\n<p>Mit unserem Glas- und Spiegelreiniger genie\u00dfen Sie eine effiziente und m\u00fchelose Pflege, w\u00e4hrend Sie die Klarheit und den Glanz Ihrer Glasoberfl\u00e4chen bewahren. Eine ideale L\u00f6sung f\u00fcr streifen- und r\u00fcckstandsfreie Ergebnisse und optimalen Sehkomfort in allen Situationen.<\/p>","protected":false},"excerpt":{"rendered":"<p>Optimal Efficiency.\u00a0This glass and mirror cleaner is specially formulated to effectively remove fingerprints, dust, water marks, and grease that cloud glass surfaces. Thanks to its powerful formula, it deeply cleans without streaks or residue, ensuring perfect transparency and a brilliant shine. It is ideal for daily use and delivers flawless results in just moments. Money-back [&hellip;]<\/p>\n","protected":false},"featured_media":36356,"comment_status":"open","ping_status":"closed","template":"","meta":{"_uag_custom_page_level_css":"","site-sidebar-layout":"default","site-content-layout":"","ast-site-content-layout":"default","site-content-style":"default","site-sidebar-style":"default","ast-global-header-display":"","ast-banner-title-visibility":"","ast-main-header-display":"","ast-hfb-above-header-display":"","ast-hfb-below-header-display":"","ast-hfb-mobile-header-display":"","site-post-title":"","ast-breadcrumbs-content":"","ast-featured-img":"","footer-sml-layout":"","ast-disable-related-posts":"","theme-transparent-header-meta":"default","adv-header-id-meta":"","stick-header-meta":"","header-above-stick-meta":"","header-main-stick-meta":"","header-below-stick-meta":"","astra-migrate-meta-layouts":"set","ast-page-background-enabled":"default","ast-page-background-meta":{"desktop":{"background-color":"var(--ast-global-color-4)","background-image":"","background-repeat":"repeat","background-position":"center center","background-size":"auto","background-attachment":"scroll","background-type":"","background-media":"","overlay-type":"","overlay-color":"","overlay-opacity":"","overlay-gradient":""},"tablet":{"background-color":"","background-image":"","background-repeat":"repeat","background-position":"center center","background-size":"auto","background-attachment":"scroll","background-type":"","background-media":"","overlay-type":"","overlay-color":"","overlay-opacity":"","overlay-gradient":""},"mobile":{"background-color":"","background-image":"","background-repeat":"repeat","background-position":"center center","background-size":"auto","background-attachment":"scroll","background-type":"","background-media":"","overlay-type":"","overlay-color":"","overlay-opacity":"","overlay-gradient":""}},"ast-content-background-meta":{"desktop":{"background-color":"var(--ast-global-color-5)","background-image":"","background-repeat":"repeat","background-position":"center center","background-size":"auto","background-attachment":"scroll","background-type":"","background-media":"","overlay-type":"","overlay-color":"","overlay-opacity":"","overlay-gradient":""},"tablet":{"background-color":"var(--ast-global-color-5)","background-image":"","background-repeat":"repeat","background-position":"center center","background-size":"auto","background-attachment":"scroll","background-type":"","background-media":"","overlay-type":"","overlay-color":"","overlay-opacity":"","overlay-gradient":""},"mobile":{"background-color":"var(--ast-global-color-5)","background-image":"","background-repeat":"repeat","background-position":"center center","background-size":"auto","background-attachment":"scroll","background-type":"","background-media":"","overlay-type":"","overlay-color":"","overlay-opacity":"","overlay-gradient":""}}},"product_brand":[],"product_cat":[175],"product_tag":[],"class_list":{"0":"post-23484","1":"product","2":"type-product","3":"status-publish","4":"has-post-thumbnail","6":"product_cat-cleaning-products","7":"desktop-align-left","8":"tablet-align-left","9":"mobile-align-left","11":"first","12":"instock","13":"sale","14":"taxable","15":"shipping-taxable","16":"purchasable","17":"product-type-variable","18":"has-default-attributes"},"spectra_custom_meta":{"_visibility":["visible"],"_shopify_product_id":["9106257084661"],"_s2w_shopify_domain":["ferberpainting.myshopify.com"],"_shopify_variant_id":["46625820082421"],"_sku":[""],"_manage_stock":["no"],"total_sales":["1"],"_tax_status":["taxable"],"_tax_class":[""],"_backorders":["no"],"_sold_individually":["no"],"_virtual":["no"],"_downloadable":["no"],"_download_limit":["-1"],"_download_expiry":["-1"],"_stock":[null],"_stock_status":["instock"],"_wc_average_rating":["5.00"],"_wc_review_count":["23"],"_product_attributes":["a:1:{s:6:\"volume\";a:6:{s:4:\"name\";s:6:\"Volume\";s:5:\"value\";s:20:\"5 liters | 25 liters\";s:8:\"position\";i:1;s:10:\"is_visible\";i:0;s:12:\"is_variation\";i:1;s:11:\"is_taxonomy\";i:0;}}"],"_product_version":["10.5.1"],"wpse_downloadable_file_names":[""],"wpse_downloadable_file_urls":[""],"_edit_last":["1"],"_default_attributes":["a:1:{s:6:\"volume\";s:8:\"5 liters\";}"],"_edit_lock":["1771161469:1"],"_price":["29.90","129.90"],"merchant-center-availability":["yes"],"merchant-center-category":["4976"],"_thumbnail_id":["36356"],"_wp_page_template":["default"],"_wp_old_date":["2025-05-26"],"_product_image_gallery":["36357"],"site-sidebar-layout":["default"],"ast-site-content-layout":["default"],"site-content-style":["default"],"site-sidebar-style":["default"],"theme-transparent-header-meta":["default"],"_wc_rating_count":["a:1:{i:5;i:23;}"],"astra-migrate-meta-layouts":["set"],"_uag_css_file_name":["uag-css-23484.css"],"_elementor_page_assets":["a:0:{}"],"_uag_page_assets":["a:9:{s:3:\"css\";s:7133:\".uag-blocks-common-selector{z-index:var(--z-index-desktop) !important}@media(max-width: 976px){.uag-blocks-common-selector{z-index:var(--z-index-tablet) !important}}@media(max-width: 767px){.uag-blocks-common-selector{z-index:var(--z-index-mobile) !important}}.wp-block-uagb-image{display:flex}.wp-block-uagb-image__figure{position:relative;display:flex;flex-direction:column;max-width:100%;height:auto;margin:0}.wp-block-uagb-image__figure img{height:auto;display:flex;max-width:100%;transition:box-shadow .2s ease}.wp-block-uagb-image__figure>a{display:inline-block}.wp-block-uagb-image__figure figcaption{text-align:center;margin-top:.5em;margin-bottom:1em}.wp-block-uagb-image .components-placeholder.block-editor-media-placeholder .components-placeholder__instructions{align-self:center}.wp-block-uagb-image--align-left{text-align:left}.wp-block-uagb-image--align-right{text-align:right}.wp-block-uagb-image--align-center{text-align:center}.wp-block-uagb-image--align-full .wp-block-uagb-image__figure{margin-left:calc(50% - 50vw);margin-right:calc(50% - 50vw);max-width:100vw;width:100vw;height:auto}.wp-block-uagb-image--align-full .wp-block-uagb-image__figure img{height:auto;width:100% !important}.wp-block-uagb-image--align-wide .wp-block-uagb-image__figure img{height:auto;width:100%}.wp-block-uagb-image--layout-overlay__color-wrapper{position:absolute;left:0;top:0;right:0;bottom:0;opacity:.2;background:rgba(0,0,0,.5);transition:opacity .35s ease-in-out}.wp-block-uagb-image--layout-overlay-link{position:absolute;left:0;right:0;bottom:0;top:0}.wp-block-uagb-image--layout-overlay .wp-block-uagb-image__figure:hover .wp-block-uagb-image--layout-overlay__color-wrapper{opacity:1}.wp-block-uagb-image--layout-overlay__inner{position:absolute;left:15px;right:15px;bottom:15px;top:15px;display:flex;align-items:center;justify-content:center;flex-direction:column;border-color:#fff;transition:.35s ease-in-out}.wp-block-uagb-image--layout-overlay__inner.top-left,.wp-block-uagb-image--layout-overlay__inner.top-center,.wp-block-uagb-image--layout-overlay__inner.top-right{justify-content:flex-start}.wp-block-uagb-image--layout-overlay__inner.bottom-left,.wp-block-uagb-image--layout-overlay__inner.bottom-center,.wp-block-uagb-image--layout-overlay__inner.bottom-right{justify-content:flex-end}.wp-block-uagb-image--layout-overlay__inner.top-left,.wp-block-uagb-image--layout-overlay__inner.center-left,.wp-block-uagb-image--layout-overlay__inner.bottom-left{align-items:flex-start}.wp-block-uagb-image--layout-overlay__inner.top-right,.wp-block-uagb-image--layout-overlay__inner.center-right,.wp-block-uagb-image--layout-overlay__inner.bottom-right{align-items:flex-end}.wp-block-uagb-image--layout-overlay__inner .uagb-image-heading{color:#fff;transition:transform .35s,opacity .35s ease-in-out;transform:translate3d(0, 24px, 0);margin:0;line-height:1em}.wp-block-uagb-image--layout-overlay__inner .uagb-image-separator{width:30%;border-top-width:2px;border-top-color:#fff;border-top-style:solid;margin-bottom:10px;opacity:0;transition:transform .4s,opacity .4s ease-in-out;transform:translate3d(0, 30px, 0)}.wp-block-uagb-image--layout-overlay__inner .uagb-image-caption{opacity:0;overflow:visible;color:#fff;transition:transform .45s,opacity .45s ease-in-out;transform:translate3d(0, 35px, 0)}.wp-block-uagb-image--layout-overlay__inner:hover .uagb-image-heading,.wp-block-uagb-image--layout-overlay__inner:hover .uagb-image-separator,.wp-block-uagb-image--layout-overlay__inner:hover .uagb-image-caption{opacity:1;transform:translate3d(0, 0, 0)}.wp-block-uagb-image--effect-zoomin .wp-block-uagb-image__figure img,.wp-block-uagb-image--effect-zoomin .wp-block-uagb-image__figure .wp-block-uagb-image--layout-overlay__color-wrapper{transform:scale(1);transition:transform .35s ease-in-out}.wp-block-uagb-image--effect-zoomin .wp-block-uagb-image__figure:hover img,.wp-block-uagb-image--effect-zoomin .wp-block-uagb-image__figure:hover .wp-block-uagb-image--layout-overlay__color-wrapper{transform:scale(1.05)}.wp-block-uagb-image--effect-slide .wp-block-uagb-image__figure img,.wp-block-uagb-image--effect-slide .wp-block-uagb-image__figure .wp-block-uagb-image--layout-overlay__color-wrapper{width:calc(100% + 40px) !important;max-width:none !important;transform:translate3d(-40px, 0, 0);transition:transform .35s ease-in-out}.wp-block-uagb-image--effect-slide .wp-block-uagb-image__figure:hover img,.wp-block-uagb-image--effect-slide .wp-block-uagb-image__figure:hover .wp-block-uagb-image--layout-overlay__color-wrapper{transform:translate3d(0, 0, 0)}.wp-block-uagb-image--effect-grayscale img{filter:grayscale(0%);transition:.35s ease-in-out}.wp-block-uagb-image--effect-grayscale:hover img{filter:grayscale(100%)}.wp-block-uagb-image--effect-blur img{filter:blur(0);transition:.35s ease-in-out}.wp-block-uagb-image--effect-blur:hover img{filter:blur(3px)}.uagb-block-e6f939b3.wp-block-uagb-image--layout-default figure img{box-shadow: 0px 0px 0 #00000070;}.uagb-block-e6f939b3.wp-block-uagb-image .wp-block-uagb-image__figure figcaption{font-style: normal;align-self: center;}.uagb-block-e6f939b3.wp-block-uagb-image--layout-overlay figure img{box-shadow: 0px 0px 0 #00000070;}.uagb-block-e6f939b3.wp-block-uagb-image--layout-overlay .wp-block-uagb-image--layout-overlay__color-wrapper{opacity: 0.2;}.uagb-block-e6f939b3.wp-block-uagb-image--layout-overlay .wp-block-uagb-image--layout-overlay__inner{left: 15px;right: 15px;top: 15px;bottom: 15px;}.uagb-block-e6f939b3.wp-block-uagb-image--layout-overlay .wp-block-uagb-image--layout-overlay__inner .uagb-image-heading{font-style: normal;color: #fff;opacity: 1;}.uagb-block-e6f939b3.wp-block-uagb-image--layout-overlay .wp-block-uagb-image--layout-overlay__inner .uagb-image-heading a{color: #fff;}.uagb-block-e6f939b3.wp-block-uagb-image--layout-overlay .wp-block-uagb-image--layout-overlay__inner .uagb-image-caption{opacity: 0;}.uagb-block-e6f939b3.wp-block-uagb-image--layout-overlay .wp-block-uagb-image__figure:hover .wp-block-uagb-image--layout-overlay__color-wrapper{opacity: 1;}.uagb-block-e6f939b3.wp-block-uagb-image .wp-block-uagb-image--layout-overlay__inner .uagb-image-separator{width: 30%;border-top-width: 2px;border-top-color: #fff;opacity: 0;}.uagb-block-e6f939b3.wp-block-uagb-image .wp-block-uagb-image__figure img{width: px;height: auto;}.uagb-block-e6f939b3.wp-block-uagb-image .wp-block-uagb-image__figure:hover .wp-block-uagb-image--layout-overlay__inner .uagb-image-caption{opacity: 1;}.uagb-block-e6f939b3.wp-block-uagb-image .wp-block-uagb-image__figure:hover .wp-block-uagb-image--layout-overlay__inner .uagb-image-separator{opacity: 1;}.uagb-block-e6f939b3.wp-block-uagb-image--layout-default figure:hover img{box-shadow: 0px 0px 0 #00000070;}.uagb-block-e6f939b3.wp-block-uagb-image--layout-overlay figure:hover img{box-shadow: 0px 0px 0 #00000070;}@media only screen and (max-width: 976px) {.uagb-block-e6f939b3.wp-block-uagb-image .wp-block-uagb-image__figure img{width: px;height: auto;}}@media only screen and (max-width: 767px) {.uagb-block-e6f939b3.wp-block-uagb-image .wp-block-uagb-image__figure img{width: px;height: auto;}}\";s:2:\"js\";s:0:\"\";s:18:\"current_block_list\";a:13:{i:0;s:11:\"core\/search\";i:1;s:10:\"core\/group\";i:2;s:12:\"core\/heading\";i:3;s:17:\"core\/latest-posts\";i:4;s:20:\"core\/latest-comments\";i:5;s:13:\"core\/archives\";i:6;s:15:\"core\/categories\";i:7;s:14:\"core\/paragraph\";i:8;s:10:\"uagb\/image\";i:9;s:11:\"core\/spacer\";i:10;s:30:\"woocommerce\/product-categories\";i:11;s:10:\"core\/image\";i:12;s:14:\"core\/shortcode\";}s:8:\"uag_flag\";b:1;s:11:\"uag_version\";s:10:\"1777229354\";s:6:\"gfonts\";a:0:{}s:10:\"gfonts_url\";s:0:\"\";s:12:\"gfonts_files\";a:0:{}s:14:\"uag_faq_layout\";b:0;}"]},"uagb_featured_image_src":{"full":["https:\/\/www.ferberpainting.com\/wp-content\/uploads\/2025\/05\/Glass-and-Mirror-Cleaner-5L-.png",2560,2560,false],"thumbnail":["https:\/\/www.ferberpainting.com\/wp-content\/uploads\/2025\/05\/Glass-and-Mirror-Cleaner-5L--150x150.png",150,150,true],"medium":["https:\/\/www.ferberpainting.com\/wp-content\/uploads\/2025\/05\/Glass-and-Mirror-Cleaner-5L--300x300.png",300,300,true],"medium_large":["https:\/\/www.ferberpainting.com\/wp-content\/uploads\/2025\/05\/Glass-and-Mirror-Cleaner-5L--768x768.png",768,768,true],"large":["https:\/\/www.ferberpainting.com\/wp-content\/uploads\/2025\/05\/Glass-and-Mirror-Cleaner-5L--1024x1024.png",1024,1024,true],"1536x1536":["https:\/\/www.ferberpainting.com\/wp-content\/uploads\/2025\/05\/Glass-and-Mirror-Cleaner-5L--1536x1536.png",1536,1536,true],"2048x2048":["https:\/\/www.ferberpainting.com\/wp-content\/uploads\/2025\/05\/Glass-and-Mirror-Cleaner-5L--2048x2048.png",2048,2048,true],"trp-custom-language-flag":["https:\/\/www.ferberpainting.com\/wp-content\/uploads\/2025\/05\/Glass-and-Mirror-Cleaner-5L--12x12.png",12,12,true],"woocommerce_thumbnail":["https:\/\/www.ferberpainting.com\/wp-content\/uploads\/2025\/05\/Glass-and-Mirror-Cleaner-5L--300x300.png",300,300,true],"woocommerce_single":["https:\/\/www.ferberpainting.com\/wp-content\/uploads\/2025\/05\/Glass-and-Mirror-Cleaner-5L--600x600.png",600,600,true],"woocommerce_gallery_thumbnail":["https:\/\/www.ferberpainting.com\/wp-content\/uploads\/2025\/05\/Glass-and-Mirror-Cleaner-5L--100x100.png",100,100,true]},"uagb_author_info":{"display_name":"admin","author_link":"https:\/\/www.ferberpainting.com\/de\/author\/"},"uagb_comment_info":23,"uagb_excerpt":"Optimal Efficiency.\u00a0This glass and mirror cleaner is specially formulated to effectively remove fingerprints, dust, water marks, and grease that cloud glass surfaces. Thanks to its powerful formula, it deeply cleans without streaks or residue, ensuring perfect transparency and a brilliant shine. It is ideal for daily use and delivers flawless results in just moments. Money-back&hellip;","_links":{"self":[{"href":"https:\/\/www.ferberpainting.com\/de\/wp-json\/wp\/v2\/product\/23484","targetHints":{"allow":["GET"]}}],"collection":[{"href":"https:\/\/www.ferberpainting.com\/de\/wp-json\/wp\/v2\/product"}],"about":[{"href":"https:\/\/www.ferberpainting.com\/de\/wp-json\/wp\/v2\/types\/product"}],"replies":[{"embeddable":true,"href":"https:\/\/www.ferberpainting.com\/de\/wp-json\/wp\/v2\/comments?post=23484"}],"version-history":[{"count":4,"href":"https:\/\/www.ferberpainting.com\/de\/wp-json\/wp\/v2\/product\/23484\/revisions"}],"predecessor-version":[{"id":166174,"href":"https:\/\/www.ferberpainting.com\/de\/wp-json\/wp\/v2\/product\/23484\/revisions\/166174"}],"wp:featuredmedia":[{"embeddable":true,"href":"https:\/\/www.ferberpainting.com\/de\/wp-json\/wp\/v2\/media\/36356"}],"wp:attachment":[{"href":"https:\/\/www.ferberpainting.com\/de\/wp-json\/wp\/v2\/media?parent=23484"}],"wp:term":[{"taxonomy":"product_brand","embeddable":true,"href":"https:\/\/www.ferberpainting.com\/de\/wp-json\/wp\/v2\/product_brand?post=23484"},{"taxonomy":"product_cat","embeddable":true,"href":"https:\/\/www.ferberpainting.com\/de\/wp-json\/wp\/v2\/product_cat?post=23484"},{"taxonomy":"product_tag","embeddable":true,"href":"https:\/\/www.ferberpainting.com\/de\/wp-json\/wp\/v2\/product_tag?post=23484"}],"curies":[{"name":"wp","href":"https:\/\/api.w.org\/{rel}","templated":true}]}}