{"id":23468,"date":"2025-05-26T10:24:16","date_gmt":"2025-05-26T08:24:16","guid":{"rendered":"https:\/\/www.ferberpainting.com\/products\/fly-killer-500-baits\/"},"modified":"2026-02-15T14:14:28","modified_gmt":"2026-02-15T13:14:28","slug":"fly-killer-500-baits","status":"publish","type":"product","link":"https:\/\/www.ferberpainting.com\/de\/products\/fly-killer-500-baits\/","title":{"rendered":"Anti-Fliegen"},"content":{"rendered":"<p><img decoding=\"async\" style=\"margin-right: 12px;\" src=\"https:\/\/www.ferberpainting.com\/wp-content\/uploads\/2026\/02\/Check.svg\" alt=\"\" width=\"18\" height=\"15\" \/><strong>Beseitigen Sie bis zu 10.000 Fliegen mit einer leistungsstarken 1-Liter-Flasche.<\/strong> Unser Fliegenvernichter wurde speziell entwickelt, um gro\u00dfe Fliegenpopulationen schnell und effizient auszurotten, wobei ein Liter bis zu 10.000 Fliegen vernichten kann. Ganz gleich, ob Sie es mit saisonalem Befall, landwirtschaftlichen Umgebungen, Lagerhallen, K\u00fcchen, Terrassen oder Wohnr\u00e4umen zu tun haben, diese hochwirksame Formel sorgt f\u00fcr eine schnelle und entschlossene Aktion zur Wiederherstellung von Hygiene und Komfort.<\/p>\n<p><strong><img decoding=\"async\" style=\"margin-right: 12px;\" src=\"https:\/\/www.ferberpainting.com\/wp-content\/uploads\/2026\/02\/Check.svg\" alt=\"\" width=\"18\" height=\"15\" \/>Die wirksamste L\u00f6sung zur Fliegenbek\u00e4mpfung auf dem Markt.<\/strong> Dieses Produkt wurde mit fortschrittlichen Wirkstoffen entwickelt, die die Fliegen sofort bei Kontakt abt\u00f6ten und gleichzeitig einen dauerhaften Oberfl\u00e4chenschutz bieten. Es zielt direkt auf die Fliegen ab und reduziert die Aktivit\u00e4t in den behandelten Bereichen. Im Vergleich zu einfachen Aerosolen oder kurz wirkenden Sprays bietet es eine hervorragende Leistung.<\/p>\n<p><strong><img decoding=\"async\" style=\"margin-right: 12px;\" src=\"https:\/\/www.ferberpainting.com\/wp-content\/uploads\/2026\/02\/Check.svg\" alt=\"\" width=\"18\" height=\"15\" \/>Geld-zur\u00fcck-Garantie f\u00fcr absolute Sorglosigkeit.<\/strong> Wir stehen voll und ganz hinter der Leistung unseres Fliegenvernichters. Wenn Sie mit den Ergebnissen nicht zufrieden sind, erstatten wir Ihnen den Kaufpreis. Unsere Geld-zur\u00fcck-Garantie stellt sicher, dass Ihre Investition v\u00f6llig risikofrei ist und beweist unser Vertrauen in die Wirksamkeit des Produkts.<\/p>\n<p><strong><img decoding=\"async\" style=\"margin-right: 12px;\" src=\"https:\/\/www.ferberpainting.com\/wp-content\/uploads\/2026\/02\/Check.svg\" alt=\"\" width=\"18\" height=\"15\" \/>Der billigste Hochleistungs-Fliegenvernichter auf dem Markt.<\/strong> Professionelle Sch\u00e4dlingsbek\u00e4mpfung muss nicht teuer sein. Unser Fliegenvernichter kombiniert leistungsstarke Vernichtungskapazit\u00e4ten mit den wettbewerbsf\u00e4higsten Preisen auf dem Markt und bietet ein au\u00dfergew\u00f6hnliches Preis-Leistungs-Verh\u00e4ltnis f\u00fcr Hausbesitzer, Unternehmen, landwirtschaftliche Betriebe und Industrieanlagen.<\/p>\n<p><strong><img decoding=\"async\" style=\"margin-right: 12px;\" src=\"https:\/\/www.ferberpainting.com\/wp-content\/uploads\/2026\/02\/Check.svg\" alt=\"\" width=\"18\" height=\"15\" \/>Schnelle 24-Stunden-Lieferung bei dringendem Befall.<\/strong> Fliegenbefall kann schnell eskalieren, besonders bei warmen Temperaturen. Deshalb bieten wir eine zuverl\u00e4ssige 24-Stunden-Lieferung, damit Sie Ihr Produkt schnell erhalten und sofort handeln k\u00f6nnen, um weitere Bel\u00e4stigungen zu vermeiden.<\/p>\n<p><strong><img decoding=\"async\" style=\"margin-right: 12px;\" src=\"https:\/\/www.ferberpainting.com\/wp-content\/uploads\/2026\/02\/Check.svg\" alt=\"\" width=\"18\" height=\"15\" \/>Schnelle Kontaktwirkung mit langer Restwirkung.<\/strong> Die Formel t\u00f6tet Fliegen sofort bei Kontakt und hinterl\u00e4sst eine Schutzschicht auf den behandelten Fl\u00e4chen. Diese Restbarriere wirkt weiter gegen Fliegen, die auf den behandelten Fl\u00e4chen landen, verringert das Risiko eines erneuten Befalls und verl\u00e4ngert den Schutz.<\/p>\n<p><strong><img decoding=\"async\" style=\"margin-right: 12px;\" src=\"https:\/\/www.ferberpainting.com\/wp-content\/uploads\/2026\/02\/Check.svg\" alt=\"\" width=\"18\" height=\"15\" \/>F\u00fcr den Innen- und Au\u00dfenbereich geeignet.<\/strong> Dieser Fliegenvernichter kann in Wohnungen, Restaurants, Lagerh\u00e4usern, Bauernh\u00f6fen, Tierhaltungsbereichen, M\u00fcllzonen, Terrassen und Au\u00dfenbereichen eingesetzt werden. Durch seine Vielseitigkeit ist er ideal f\u00fcr private, gewerbliche, landwirtschaftliche und industrielle Anwendungen.<\/p>\n<p><strong><img decoding=\"async\" style=\"margin-right: 12px;\" src=\"https:\/\/www.ferberpainting.com\/wp-content\/uploads\/2026\/02\/Check.svg\" alt=\"\" width=\"18\" height=\"15\" \/>Hilft bei der Verbesserung von Hygiene und Komfort.<\/strong> Durch die Beseitigung von Fliegen verringert das Produkt das Kontaminationsrisiko und verbessert die hygienischen Bedingungen in Lebensmittelzubereitungsbereichen, Lagerr\u00e4umen und Wohnbereichen. Es tr\u00e4gt zu einer saubereren, ges\u00fcnderen Atmosph\u00e4re bei.<\/p>\n<p><strong><img decoding=\"async\" style=\"margin-right: 12px;\" src=\"https:\/\/www.ferberpainting.com\/wp-content\/uploads\/2026\/02\/Check.svg\" alt=\"\" width=\"18\" height=\"15\" \/>Gro\u00dfe Abdeckungskapazit\u00e4t f\u00fcr hocheffiziente Behandlung.<\/strong> Mit der F\u00e4higkeit, bis zu 10.000 Fliegen pro Liter zu t\u00f6ten, ist dieses Produkt f\u00fcr gro\u00dfe Mengen ausgelegt. Es erm\u00f6glicht eine effiziente Behandlung gro\u00dfer Fl\u00e4chen, ohne dass wiederholte Anwendungen in kleinen Dosen erforderlich sind.<\/p>\n<p><strong><img decoding=\"async\" style=\"margin-right: 12px;\" src=\"https:\/\/www.ferberpainting.com\/wp-content\/uploads\/2026\/02\/Check.svg\" alt=\"\" width=\"18\" height=\"15\" \/>Einfach zu verwendendes Spr\u00fchformat f\u00fcr pr\u00e4zises Auftragen.<\/strong> Die gebrauchsfertige Fl\u00fcssigkeit kann direkt auf Fliegenrastpl\u00e4tze, Eintrittspforten und Oberfl\u00e4chen, auf denen sich Fliegen sammeln, aufgetragen werden. Sein kontrolliertes Anwendungssystem gew\u00e4hrleistet eine genaue und wirksame Verteilung ohne komplizierte Vorbereitung.<\/p>\n<h2><strong>Anweisungen<\/strong><\/h2>\n<ul>\n<li>Sch\u00fctteln Sie die Flasche vor Gebrauch gr\u00fcndlich, um eine gute Verteilung der Wirkstoffe zu gew\u00e4hrleisten.<\/li>\n<li>Ermitteln Sie Bereiche mit hoher Fliegenaktivit\u00e4t, wie z. B. Fenster, T\u00fcren, M\u00fcllbereiche, Tiergehege und Bereiche zur Lagerung von Lebensmitteln.<\/li>\n<li>Direkt auf die Fliegen spr\u00fchen, um sie sofort zu beseitigen.<\/li>\n<li>Spr\u00fchen Sie leicht und gleichm\u00e4\u00dfig auf Oberfl\u00e4chen, auf denen sich Fliegen aufhalten, wie W\u00e4nde, Rahmen und gesch\u00fctzte Bereiche.<\/li>\n<li>Vermeiden Sie eine \u00fcberm\u00e4\u00dfige S\u00e4ttigung und beachten Sie die empfohlenen Anwendungsrichtlinien je nach Gr\u00f6\u00dfe der Oberfl\u00e4che.<\/li>\n<li>Achten Sie bei der Verwendung in Innenr\u00e4umen auf ausreichende Bel\u00fcftung.<\/li>\n<li>Halten Sie Kinder und Haustiere von den behandelten Bereichen fern, bis die Oberfl\u00e4chen vollst\u00e4ndig getrocknet sind.<\/li>\n<li>Vermeiden Sie es, direkt auf Lebensmittel, Lebensmittelzubereitungsfl\u00e4chen oder Utensilien zu spr\u00fchen. Lebensmittel vor der Anwendung abdecken oder entfernen.<\/li>\n<li>Bei starkem Befall oder anhaltender Fliegenaktivit\u00e4t ist die Behandlung gegebenenfalls zu wiederholen.<\/li>\n<li>Nach dem Gebrauch gr\u00fcndlich die H\u00e4nde waschen und Kontakt mit Augen und Haut vermeiden.<\/li>\n<li>Lagern Sie das Produkt an einem k\u00fchlen, trockenen Ort, fern von direktem Sonnenlicht und W\u00e4rmequellen. Halten Sie den Beh\u00e4lter fest verschlossen, wenn Sie ihn nicht verwenden.<\/li>\n<\/ul>","protected":false},"excerpt":{"rendered":"<p>Eliminate up to 10,000 flies with one powerful 1-liter bottle. Our fly killer is specially formulated to eradicate large fly populations quickly and efficiently, with one liter capable of killing up to 10,000 flies. Whether you are dealing with seasonal infestations, agricultural environments, warehouses, kitchens, terraces, or residential spaces, this high-capacity formula delivers rapid and [&hellip;]<\/p>\n","protected":false},"featured_media":29946,"comment_status":"open","ping_status":"closed","template":"","meta":{"_uag_custom_page_level_css":"","site-sidebar-layout":"default","site-content-layout":"","ast-site-content-layout":"default","site-content-style":"default","site-sidebar-style":"default","ast-global-header-display":"","ast-banner-title-visibility":"","ast-main-header-display":"","ast-hfb-above-header-display":"","ast-hfb-below-header-display":"","ast-hfb-mobile-header-display":"","site-post-title":"","ast-breadcrumbs-content":"","ast-featured-img":"","footer-sml-layout":"","ast-disable-related-posts":"","theme-transparent-header-meta":"default","adv-header-id-meta":"","stick-header-meta":"","header-above-stick-meta":"","header-main-stick-meta":"","header-below-stick-meta":"","astra-migrate-meta-layouts":"set","ast-page-background-enabled":"default","ast-page-background-meta":{"desktop":{"background-color":"var(--ast-global-color-4)","background-image":"","background-repeat":"repeat","background-position":"center center","background-size":"auto","background-attachment":"scroll","background-type":"","background-media":"","overlay-type":"","overlay-color":"","overlay-opacity":"","overlay-gradient":""},"tablet":{"background-color":"","background-image":"","background-repeat":"repeat","background-position":"center center","background-size":"auto","background-attachment":"scroll","background-type":"","background-media":"","overlay-type":"","overlay-color":"","overlay-opacity":"","overlay-gradient":""},"mobile":{"background-color":"","background-image":"","background-repeat":"repeat","background-position":"center center","background-size":"auto","background-attachment":"scroll","background-type":"","background-media":"","overlay-type":"","overlay-color":"","overlay-opacity":"","overlay-gradient":""}},"ast-content-background-meta":{"desktop":{"background-color":"var(--ast-global-color-5)","background-image":"","background-repeat":"repeat","background-position":"center center","background-size":"auto","background-attachment":"scroll","background-type":"","background-media":"","overlay-type":"","overlay-color":"","overlay-opacity":"","overlay-gradient":""},"tablet":{"background-color":"var(--ast-global-color-5)","background-image":"","background-repeat":"repeat","background-position":"center center","background-size":"auto","background-attachment":"scroll","background-type":"","background-media":"","overlay-type":"","overlay-color":"","overlay-opacity":"","overlay-gradient":""},"mobile":{"background-color":"var(--ast-global-color-5)","background-image":"","background-repeat":"repeat","background-position":"center center","background-size":"auto","background-attachment":"scroll","background-type":"","background-media":"","overlay-type":"","overlay-color":"","overlay-opacity":"","overlay-gradient":""}}},"product_brand":[],"product_cat":[183],"product_tag":[],"class_list":{"0":"post-23468","1":"product","2":"type-product","3":"status-publish","4":"has-post-thumbnail","6":"product_cat-pest-control","7":"desktop-align-left","8":"tablet-align-left","9":"mobile-align-left","11":"first","12":"instock","13":"sale","14":"shipping-taxable","15":"purchasable","16":"product-type-variable","17":"has-default-attributes"},"spectra_custom_meta":{"_visibility":["visible"],"_shopify_product_id":["7960925307125"],"_s2w_shopify_domain":["ferberpainting.myshopify.com"],"_shopify_variant_id":["43530325655797"],"_weight":["0.2"],"_thumbnail_id":["29946"],"total_sales":["63"],"_tax_status":["taxable"],"_tax_class":[""],"_manage_stock":["no"],"_backorders":["no"],"_sold_individually":["no"],"_virtual":["no"],"_downloadable":["no"],"_download_limit":["-1"],"_download_expiry":["-1"],"_stock":[null],"_stock_status":["instock"],"_wc_average_rating":["4.83"],"_wc_review_count":["60"],"_product_version":["10.5.1"],"merchant-center-availability":["yes"],"merchant-center-category":["7137"],"merchant-center-id":["FLYK"],"wpse_downloadable_file_names":[""],"wpse_downloadable_file_urls":[""],"_edit_last":["1"],"_wc_rating_count":["a:3:{i:3;i:1;i:4;i:8;i:5;i:51;}"],"_edit_lock":["1771161151:1"],"_product_attributes":["a:1:{s:6:\"volume\";a:6:{s:4:\"name\";s:6:\"Volume\";s:5:\"value\";s:30:\"1 liter | 5 liters | 25 liters\";s:8:\"position\";i:0;s:10:\"is_visible\";i:0;s:12:\"is_variation\";i:1;s:11:\"is_taxonomy\";i:0;}}"],"_default_attributes":["a:1:{s:6:\"volume\";s:7:\"1 liter\";}"],"_wp_page_template":["default"],"_product_image_gallery":["29947,29948"],"site-sidebar-layout":["default"],"ast-site-content-layout":["default"],"site-content-style":["default"],"site-sidebar-style":["default"],"theme-transparent-header-meta":["default"],"_price":["29.90","129.90","499.90"],"astra-migrate-meta-layouts":["set"],"_uag_css_file_name":["uag-css-23468.css"],"_elementor_page_assets":["a:0:{}"],"_uag_page_assets":["a:9:{s:3:\"css\";s:7133:\".uag-blocks-common-selector{z-index:var(--z-index-desktop) !important}@media(max-width: 976px){.uag-blocks-common-selector{z-index:var(--z-index-tablet) !important}}@media(max-width: 767px){.uag-blocks-common-selector{z-index:var(--z-index-mobile) !important}}.wp-block-uagb-image{display:flex}.wp-block-uagb-image__figure{position:relative;display:flex;flex-direction:column;max-width:100%;height:auto;margin:0}.wp-block-uagb-image__figure img{height:auto;display:flex;max-width:100%;transition:box-shadow .2s ease}.wp-block-uagb-image__figure>a{display:inline-block}.wp-block-uagb-image__figure figcaption{text-align:center;margin-top:.5em;margin-bottom:1em}.wp-block-uagb-image .components-placeholder.block-editor-media-placeholder .components-placeholder__instructions{align-self:center}.wp-block-uagb-image--align-left{text-align:left}.wp-block-uagb-image--align-right{text-align:right}.wp-block-uagb-image--align-center{text-align:center}.wp-block-uagb-image--align-full .wp-block-uagb-image__figure{margin-left:calc(50% - 50vw);margin-right:calc(50% - 50vw);max-width:100vw;width:100vw;height:auto}.wp-block-uagb-image--align-full .wp-block-uagb-image__figure img{height:auto;width:100% !important}.wp-block-uagb-image--align-wide .wp-block-uagb-image__figure img{height:auto;width:100%}.wp-block-uagb-image--layout-overlay__color-wrapper{position:absolute;left:0;top:0;right:0;bottom:0;opacity:.2;background:rgba(0,0,0,.5);transition:opacity .35s ease-in-out}.wp-block-uagb-image--layout-overlay-link{position:absolute;left:0;right:0;bottom:0;top:0}.wp-block-uagb-image--layout-overlay .wp-block-uagb-image__figure:hover .wp-block-uagb-image--layout-overlay__color-wrapper{opacity:1}.wp-block-uagb-image--layout-overlay__inner{position:absolute;left:15px;right:15px;bottom:15px;top:15px;display:flex;align-items:center;justify-content:center;flex-direction:column;border-color:#fff;transition:.35s ease-in-out}.wp-block-uagb-image--layout-overlay__inner.top-left,.wp-block-uagb-image--layout-overlay__inner.top-center,.wp-block-uagb-image--layout-overlay__inner.top-right{justify-content:flex-start}.wp-block-uagb-image--layout-overlay__inner.bottom-left,.wp-block-uagb-image--layout-overlay__inner.bottom-center,.wp-block-uagb-image--layout-overlay__inner.bottom-right{justify-content:flex-end}.wp-block-uagb-image--layout-overlay__inner.top-left,.wp-block-uagb-image--layout-overlay__inner.center-left,.wp-block-uagb-image--layout-overlay__inner.bottom-left{align-items:flex-start}.wp-block-uagb-image--layout-overlay__inner.top-right,.wp-block-uagb-image--layout-overlay__inner.center-right,.wp-block-uagb-image--layout-overlay__inner.bottom-right{align-items:flex-end}.wp-block-uagb-image--layout-overlay__inner .uagb-image-heading{color:#fff;transition:transform .35s,opacity .35s ease-in-out;transform:translate3d(0, 24px, 0);margin:0;line-height:1em}.wp-block-uagb-image--layout-overlay__inner .uagb-image-separator{width:30%;border-top-width:2px;border-top-color:#fff;border-top-style:solid;margin-bottom:10px;opacity:0;transition:transform .4s,opacity .4s ease-in-out;transform:translate3d(0, 30px, 0)}.wp-block-uagb-image--layout-overlay__inner .uagb-image-caption{opacity:0;overflow:visible;color:#fff;transition:transform .45s,opacity .45s ease-in-out;transform:translate3d(0, 35px, 0)}.wp-block-uagb-image--layout-overlay__inner:hover .uagb-image-heading,.wp-block-uagb-image--layout-overlay__inner:hover .uagb-image-separator,.wp-block-uagb-image--layout-overlay__inner:hover .uagb-image-caption{opacity:1;transform:translate3d(0, 0, 0)}.wp-block-uagb-image--effect-zoomin .wp-block-uagb-image__figure img,.wp-block-uagb-image--effect-zoomin .wp-block-uagb-image__figure .wp-block-uagb-image--layout-overlay__color-wrapper{transform:scale(1);transition:transform .35s ease-in-out}.wp-block-uagb-image--effect-zoomin .wp-block-uagb-image__figure:hover img,.wp-block-uagb-image--effect-zoomin .wp-block-uagb-image__figure:hover .wp-block-uagb-image--layout-overlay__color-wrapper{transform:scale(1.05)}.wp-block-uagb-image--effect-slide .wp-block-uagb-image__figure img,.wp-block-uagb-image--effect-slide .wp-block-uagb-image__figure .wp-block-uagb-image--layout-overlay__color-wrapper{width:calc(100% + 40px) !important;max-width:none !important;transform:translate3d(-40px, 0, 0);transition:transform .35s ease-in-out}.wp-block-uagb-image--effect-slide .wp-block-uagb-image__figure:hover img,.wp-block-uagb-image--effect-slide .wp-block-uagb-image__figure:hover .wp-block-uagb-image--layout-overlay__color-wrapper{transform:translate3d(0, 0, 0)}.wp-block-uagb-image--effect-grayscale img{filter:grayscale(0%);transition:.35s ease-in-out}.wp-block-uagb-image--effect-grayscale:hover img{filter:grayscale(100%)}.wp-block-uagb-image--effect-blur img{filter:blur(0);transition:.35s ease-in-out}.wp-block-uagb-image--effect-blur:hover img{filter:blur(3px)}.uagb-block-e6f939b3.wp-block-uagb-image--layout-default figure img{box-shadow: 0px 0px 0 #00000070;}.uagb-block-e6f939b3.wp-block-uagb-image .wp-block-uagb-image__figure figcaption{font-style: normal;align-self: center;}.uagb-block-e6f939b3.wp-block-uagb-image--layout-overlay figure img{box-shadow: 0px 0px 0 #00000070;}.uagb-block-e6f939b3.wp-block-uagb-image--layout-overlay .wp-block-uagb-image--layout-overlay__color-wrapper{opacity: 0.2;}.uagb-block-e6f939b3.wp-block-uagb-image--layout-overlay .wp-block-uagb-image--layout-overlay__inner{left: 15px;right: 15px;top: 15px;bottom: 15px;}.uagb-block-e6f939b3.wp-block-uagb-image--layout-overlay .wp-block-uagb-image--layout-overlay__inner .uagb-image-heading{font-style: normal;color: #fff;opacity: 1;}.uagb-block-e6f939b3.wp-block-uagb-image--layout-overlay .wp-block-uagb-image--layout-overlay__inner .uagb-image-heading a{color: #fff;}.uagb-block-e6f939b3.wp-block-uagb-image--layout-overlay .wp-block-uagb-image--layout-overlay__inner .uagb-image-caption{opacity: 0;}.uagb-block-e6f939b3.wp-block-uagb-image--layout-overlay .wp-block-uagb-image__figure:hover .wp-block-uagb-image--layout-overlay__color-wrapper{opacity: 1;}.uagb-block-e6f939b3.wp-block-uagb-image .wp-block-uagb-image--layout-overlay__inner .uagb-image-separator{width: 30%;border-top-width: 2px;border-top-color: #fff;opacity: 0;}.uagb-block-e6f939b3.wp-block-uagb-image .wp-block-uagb-image__figure img{width: px;height: auto;}.uagb-block-e6f939b3.wp-block-uagb-image .wp-block-uagb-image__figure:hover .wp-block-uagb-image--layout-overlay__inner .uagb-image-caption{opacity: 1;}.uagb-block-e6f939b3.wp-block-uagb-image .wp-block-uagb-image__figure:hover .wp-block-uagb-image--layout-overlay__inner .uagb-image-separator{opacity: 1;}.uagb-block-e6f939b3.wp-block-uagb-image--layout-default figure:hover img{box-shadow: 0px 0px 0 #00000070;}.uagb-block-e6f939b3.wp-block-uagb-image--layout-overlay figure:hover img{box-shadow: 0px 0px 0 #00000070;}@media only screen and (max-width: 976px) {.uagb-block-e6f939b3.wp-block-uagb-image .wp-block-uagb-image__figure img{width: px;height: auto;}}@media only screen and (max-width: 767px) {.uagb-block-e6f939b3.wp-block-uagb-image .wp-block-uagb-image__figure img{width: px;height: auto;}}\";s:2:\"js\";s:0:\"\";s:18:\"current_block_list\";a:13:{i:0;s:11:\"core\/search\";i:1;s:10:\"core\/group\";i:2;s:12:\"core\/heading\";i:3;s:17:\"core\/latest-posts\";i:4;s:20:\"core\/latest-comments\";i:5;s:13:\"core\/archives\";i:6;s:15:\"core\/categories\";i:7;s:14:\"core\/paragraph\";i:8;s:10:\"uagb\/image\";i:9;s:11:\"core\/spacer\";i:10;s:30:\"woocommerce\/product-categories\";i:11;s:10:\"core\/image\";i:12;s:14:\"core\/shortcode\";}s:8:\"uag_flag\";b:1;s:11:\"uag_version\";s:10:\"1777094662\";s:6:\"gfonts\";a:0:{}s:10:\"gfonts_url\";s:0:\"\";s:12:\"gfonts_files\";a:0:{}s:14:\"uag_faq_layout\";b:0;}"]},"uagb_featured_image_src":{"full":["https:\/\/www.ferberpainting.com\/wp-content\/uploads\/2025\/05\/Fly-Killer-1L-.png",2560,2560,false],"thumbnail":["https:\/\/www.ferberpainting.com\/wp-content\/uploads\/2025\/05\/Fly-Killer-1L--150x150.png",150,150,true],"medium":["https:\/\/www.ferberpainting.com\/wp-content\/uploads\/2025\/05\/Fly-Killer-1L--300x300.png",300,300,true],"medium_large":["https:\/\/www.ferberpainting.com\/wp-content\/uploads\/2025\/05\/Fly-Killer-1L--768x768.png",768,768,true],"large":["https:\/\/www.ferberpainting.com\/wp-content\/uploads\/2025\/05\/Fly-Killer-1L--1024x1024.png",1024,1024,true],"1536x1536":["https:\/\/www.ferberpainting.com\/wp-content\/uploads\/2025\/05\/Fly-Killer-1L--1536x1536.png",1536,1536,true],"2048x2048":["https:\/\/www.ferberpainting.com\/wp-content\/uploads\/2025\/05\/Fly-Killer-1L--2048x2048.png",2048,2048,true],"trp-custom-language-flag":["https:\/\/www.ferberpainting.com\/wp-content\/uploads\/2025\/05\/Fly-Killer-1L--12x12.png",12,12,true],"woocommerce_thumbnail":["https:\/\/www.ferberpainting.com\/wp-content\/uploads\/2025\/05\/Fly-Killer-1L--300x300.png",300,300,true],"woocommerce_single":["https:\/\/www.ferberpainting.com\/wp-content\/uploads\/2025\/05\/Fly-Killer-1L--600x600.png",600,600,true],"woocommerce_gallery_thumbnail":["https:\/\/www.ferberpainting.com\/wp-content\/uploads\/2025\/05\/Fly-Killer-1L--100x100.png",100,100,true]},"uagb_author_info":{"display_name":"admin","author_link":"https:\/\/www.ferberpainting.com\/de\/author\/"},"uagb_comment_info":60,"uagb_excerpt":"Eliminate up to 10,000 flies with one powerful 1-liter bottle. Our fly killer is specially formulated to eradicate large fly populations quickly and efficiently, with one liter capable of killing up to 10,000 flies. Whether you are dealing with seasonal infestations, agricultural environments, warehouses, kitchens, terraces, or residential spaces, this high-capacity formula delivers rapid and&hellip;","_links":{"self":[{"href":"https:\/\/www.ferberpainting.com\/de\/wp-json\/wp\/v2\/product\/23468","targetHints":{"allow":["GET"]}}],"collection":[{"href":"https:\/\/www.ferberpainting.com\/de\/wp-json\/wp\/v2\/product"}],"about":[{"href":"https:\/\/www.ferberpainting.com\/de\/wp-json\/wp\/v2\/types\/product"}],"replies":[{"embeddable":true,"href":"https:\/\/www.ferberpainting.com\/de\/wp-json\/wp\/v2\/comments?post=23468"}],"version-history":[{"count":5,"href":"https:\/\/www.ferberpainting.com\/de\/wp-json\/wp\/v2\/product\/23468\/revisions"}],"predecessor-version":[{"id":166166,"href":"https:\/\/www.ferberpainting.com\/de\/wp-json\/wp\/v2\/product\/23468\/revisions\/166166"}],"wp:featuredmedia":[{"embeddable":true,"href":"https:\/\/www.ferberpainting.com\/de\/wp-json\/wp\/v2\/media\/29946"}],"wp:attachment":[{"href":"https:\/\/www.ferberpainting.com\/de\/wp-json\/wp\/v2\/media?parent=23468"}],"wp:term":[{"taxonomy":"product_brand","embeddable":true,"href":"https:\/\/www.ferberpainting.com\/de\/wp-json\/wp\/v2\/product_brand?post=23468"},{"taxonomy":"product_cat","embeddable":true,"href":"https:\/\/www.ferberpainting.com\/de\/wp-json\/wp\/v2\/product_cat?post=23468"},{"taxonomy":"product_tag","embeddable":true,"href":"https:\/\/www.ferberpainting.com\/de\/wp-json\/wp\/v2\/product_tag?post=23468"}],"curies":[{"name":"wp","href":"https:\/\/api.w.org\/{rel}","templated":true}]}}