{"id":23223,"date":"2025-07-01T13:31:07","date_gmt":"2025-07-01T11:31:07","guid":{"rendered":"https:\/\/www.ferberpainting.com\/?post_type=product&#038;p=23217"},"modified":"2026-02-15T13:57:35","modified_gmt":"2026-02-15T12:57:35","slug":"extractor-cleaner-solution","status":"publish","type":"product","link":"https:\/\/www.ferberpainting.com\/de\/products\/extractor-cleaner-solution\/","title":{"rendered":"Reiniger f\u00fcr Einspritzd\u00fcsen-Abzieher"},"content":{"rendered":"<p><img decoding=\"async\" style=\"margin-right: 12px;\" src=\"https:\/\/www.ferberpainting.com\/wp-content\/uploads\/2026\/02\/Check.svg\" alt=\"\" width=\"18\" height=\"15\" \/><strong>Optimale Effizienz.<\/strong>\u00a0Dieser Dunstabzugshaubenreiniger wurde speziell entwickelt, um eingebettetes Fett, Rauchablagerungen, Kochr\u00fcckst\u00e4nde und andere Verunreinigungen zu entfernen, die sich auf den Oberfl\u00e4chen der Dunstabzugshaube ansammeln. Seine leistungsstarke Formel l\u00f6st das Fett schnell auf und schont dabei die behandelten Materialien. Er hilft, den urspr\u00fcnglichen Glanz Ihrer Dunstabzugshaube wiederherzustellen und sorgt f\u00fcr eine optimale Funktion, indem er die Ablagerung von Schmutz verhindert, der die Effizienz beeintr\u00e4chtigen k\u00f6nnte.<\/p>\n<p><img decoding=\"async\" style=\"margin-right: 12px;\" src=\"https:\/\/www.ferberpainting.com\/wp-content\/uploads\/2026\/02\/Check.svg\" alt=\"\" width=\"18\" height=\"15\" \/><strong>Geld-zur\u00fcck-Garantie.<\/strong>\u00a0Wir sind von der Leistung unseres Reinigers \u00fcberzeugt. Wenn Sie nach dem Gebrauch nicht zufrieden sind, haben Sie Anspruch auf eine volle R\u00fcckerstattung. Testen Sie unser Produkt mit ruhigem Gewissen und genie\u00dfen Sie jeden Tag eine perfekt saubere Haube.<\/p>\n<p><img decoding=\"async\" style=\"margin-right: 12px;\" src=\"https:\/\/www.ferberpainting.com\/wp-content\/uploads\/2026\/02\/Check.svg\" alt=\"\" width=\"18\" height=\"15\" \/><strong>Au\u00dfergew\u00f6hnliche Vielseitigkeit.<\/strong>\u00a0Dieser Reiniger ist nicht nur f\u00fcr Dunstabzugshauben aus Edelstahl geeignet! Er ist auch auf Aluminium, Emaille, Glas und Kunststoff wirksam. Er ist ideal f\u00fcr die Reinigung von Metallfiltern, L\u00fcftungsgittern, Abluftkan\u00e4len und sogar f\u00fcr einige geflieste oder Edelstahlw\u00e4nde rund um die Dunstabzugshaube. Seine Kompatibilit\u00e4t mit verschiedenen Materialien gew\u00e4hrleistet eine effiziente Reinigung bei gleichzeitiger Erhaltung der Unversehrtheit der Oberfl\u00e4chen.<\/p>\n<p><img decoding=\"async\" style=\"margin-right: 12px;\" src=\"https:\/\/www.ferberpainting.com\/wp-content\/uploads\/2026\/02\/Check.svg\" alt=\"\" width=\"18\" height=\"15\" \/><strong>Kosteng\u00fcnstig.<\/strong>\u00a0Mit seinem 5-Liter-Format und seiner ultra-effizienten Formel bietet dieser Reiniger eine hervorragende Abdeckung. Eine kleine Menge reicht aus, um Fett aufzul\u00f6sen und gro\u00dfe Fl\u00e4chen ohne Abfall zu reinigen. Mit einem Liter k\u00f6nnen im Durchschnitt bis zu 80 m\u00b2 Oberfl\u00e4che behandelt werden, was ihn zu einer \u00e4u\u00dferst wirtschaftlichen L\u00f6sung f\u00fcr die regelm\u00e4\u00dfige und intensive Pflege macht.<\/p>\n<p><img decoding=\"async\" style=\"margin-right: 12px;\" src=\"https:\/\/www.ferberpainting.com\/wp-content\/uploads\/2026\/02\/Check.svg\" alt=\"\" width=\"18\" height=\"15\" \/><strong>Sicher in der Anwendung.<\/strong>\u00a0Im Gegensatz zu aggressiven Entkohlungsmitteln, die Materialien besch\u00e4digen und sch\u00e4dliche D\u00e4mpfe freisetzen k\u00f6nnen, ist dieses Produkt ohne \u00e4tzende L\u00f6sungsmittel oder giftige Substanzen formuliert. Es gibt keine reizenden D\u00e4mpfe ab und verursacht keine Hautreizungen, so dass es auch in geschlossenen K\u00fcchenumgebungen sicher verwendet werden kann. Es ist lebensmittelecht und entspricht den h\u00e4uslichen und professionellen Hygienestandards.<\/p>\n<p><img decoding=\"async\" style=\"margin-right: 12px;\" src=\"https:\/\/www.ferberpainting.com\/wp-content\/uploads\/2026\/02\/Check.svg\" alt=\"\" width=\"18\" height=\"15\" \/><strong>Benutzerfreundlichkeit.<\/strong>\u00a0Dieses Produkt ist gebrauchsfertig und erfordert keine Verd\u00fcnnung oder komplizierte Handhabung. Tragen Sie es mit einem Schwamm, einem Tuch oder einer Spr\u00fchflasche direkt auf die Oberfl\u00e4chen auf. Seine schnelle Wirkung und intuitive Anwendung l\u00f6sen das Fett sofort und m\u00fchelos auf und vereinfachen die t\u00e4gliche Wartung der Haube.<\/p>\n<p><img decoding=\"async\" style=\"margin-right: 12px;\" src=\"https:\/\/www.ferberpainting.com\/wp-content\/uploads\/2026\/02\/Check.svg\" alt=\"\" width=\"18\" height=\"15\" \/><strong>Langanhaltender Schutz.<\/strong> Durch die wirksame Entfernung von Fettablagerungen und Kochr\u00fcckst\u00e4nden tr\u00e4gt dieser Reiniger zur Verl\u00e4ngerung der Lebensdauer Ihrer Dunstabzugshaube und ihrer Komponenten bei, insbesondere der Filter und Abluftkan\u00e4le. Bei regelm\u00e4\u00dfiger Anwendung werden diese nicht verstopft, so dass die Dunstabzugshaube eine optimale Leistung und lange Lebensdauer beh\u00e4lt.<\/p>\n<p><img decoding=\"async\" style=\"margin-right: 12px;\" src=\"https:\/\/www.ferberpainting.com\/wp-content\/uploads\/2026\/02\/Check.svg\" alt=\"\" width=\"18\" height=\"15\" \/><strong>Schnelle Aktion.<\/strong>\u00a0Dank seiner hochaktiven Formel wirkt dieser Reiniger sofort auf Fett und Verunreinigungen. In nur wenigen Sekunden l\u00f6st er hartn\u00e4ckige R\u00fcckst\u00e4nde ohne zu schrubben. Er erm\u00f6glicht eine schnelle und wirksame Pflege, ideal sowohl f\u00fcr private K\u00fcchen als auch f\u00fcr professionelle Umgebungen, die eine hohe Reaktivit\u00e4t erfordern.<\/p>\n<h2><strong>Verwendungsprotokoll<\/strong><\/h2>\n<ul>\n<li><strong>Vorbereitung <\/strong>: Stellen Sie sicher, dass die Haube ausgeschaltet und abgek\u00fchlt ist, bevor Sie das Produkt anwenden. Entfernen Sie die Metallfilter, um sie separat zu reinigen.<\/li>\n<li><strong>Anwendung auf Au\u00dfenfl\u00e4chen <\/strong>: Geben Sie eine kleine Menge des Reinigers auf ein sauberes Tuch oder einen Schwamm und tragen Sie ihn mit kreisenden Bewegungen gleichm\u00e4\u00dfig auf die Au\u00dfenfl\u00e4che der Motorhaube auf, um sie zu entfetten.<\/li>\n<li><strong>Reinigung von Metallfiltern <\/strong>: Tauchen Sie die herausnehmbaren Filter in einen Beh\u00e4lter mit dem Reiniger ein und lassen Sie sie 5 bis 10 Minuten einwirken. Dann vorsichtig mit einer weichen B\u00fcrste schrubben, um das eingebettete Fett zu entfernen.<\/li>\n<li><strong>Wartung von Kan\u00e4len und L\u00fcftungsgittern <\/strong>: Tragen Sie das Produkt mit einem feuchten Tuch auf die Gitter und L\u00fcftungs\u00f6ffnungen auf und achten Sie darauf, alle Ablagerungen zu entfernen, um einen ordnungsgem\u00e4\u00dfen Luftstrom zu gew\u00e4hrleisten.<\/li>\n<li><strong>Sp\u00fclung <\/strong>: Gereinigte Oberfl\u00e4chen mit einem feuchten Tuch abwischen, um Produktr\u00fcckst\u00e4nde zu entfernen. Metallfilter vor dem Wiedereinsetzen gr\u00fcndlich mit klarem Wasser absp\u00fclen.<\/li>\n<li><strong>Trocknung und Veredelung <\/strong>: Trocknen Sie die Au\u00dfenfl\u00e4chen mit einem Mikrofasertuch ab, um Schlieren zu vermeiden und ein makelloses Finish zu gew\u00e4hrleisten. Bei Hauben aus Edelstahl oder Glas sorgt eine leichte Politur mit einem trockenen Tuch f\u00fcr zus\u00e4tzlichen Glanz.<\/li>\n<li><strong>H\u00e4ufigkeit der Nutzung <\/strong>: Ein- bis zweimal w\u00f6chentlich zur regelm\u00e4\u00dfigen Pflege und zur Vermeidung von Fettablagerungen auftragen. F\u00fcr Profik\u00fcchen oder h\u00e4ufig genutzte Abzugshauben wird eine t\u00e4gliche Reinigung empfohlen, um eine optimale Funktion zu gew\u00e4hrleisten.<\/li>\n<li><strong>Lagerung <\/strong>: Halten Sie den Beh\u00e4lter nach jedem Gebrauch dicht verschlossen und lagern Sie ihn an einem k\u00fchlen, trockenen Ort, gesch\u00fctzt vor Licht und extremen Temperaturen, um die Wirksamkeit des Produkts \u00fcber l\u00e4ngere Zeit zu erhalten.<\/li>\n<\/ul>\n<p>Mit unserem Dunstabzugshaubenreiniger genie\u00dfen Sie eine kraftvolle und schnelle Entfettung und verl\u00e4ngern gleichzeitig die Effizienz und Lebensdauer Ihrer Ger\u00e4te. Eine ideale L\u00f6sung f\u00fcr eine m\u00fchelose, makellose Wartung.<\/p>","protected":false},"excerpt":{"rendered":"<p>Optimal Efficiency.\u00a0This range hood cleaner is specially designed to eliminate embedded grease, smoke deposits, cooking residues, and other impurities that accumulate on kitchen hood surfaces. Its powerful formula quickly dissolves grease while respecting the treated materials. It helps restore your hood\u2019s original shine and ensures optimal functioning by preventing the buildup of grime that could [&hellip;]<\/p>\n","protected":false},"featured_media":36376,"comment_status":"open","ping_status":"closed","template":"","meta":{"_uag_custom_page_level_css":"","site-sidebar-layout":"default","site-content-layout":"","ast-site-content-layout":"default","site-content-style":"default","site-sidebar-style":"default","ast-global-header-display":"","ast-banner-title-visibility":"","ast-main-header-display":"","ast-hfb-above-header-display":"","ast-hfb-below-header-display":"","ast-hfb-mobile-header-display":"","site-post-title":"","ast-breadcrumbs-content":"","ast-featured-img":"","footer-sml-layout":"","ast-disable-related-posts":"","theme-transparent-header-meta":"default","adv-header-id-meta":"","stick-header-meta":"","header-above-stick-meta":"","header-main-stick-meta":"","header-below-stick-meta":"","astra-migrate-meta-layouts":"set","ast-page-background-enabled":"default","ast-page-background-meta":{"desktop":{"background-color":"var(--ast-global-color-4)","background-image":"","background-repeat":"repeat","background-position":"center center","background-size":"auto","background-attachment":"scroll","background-type":"","background-media":"","overlay-type":"","overlay-color":"","overlay-opacity":"","overlay-gradient":""},"tablet":{"background-color":"","background-image":"","background-repeat":"repeat","background-position":"center center","background-size":"auto","background-attachment":"scroll","background-type":"","background-media":"","overlay-type":"","overlay-color":"","overlay-opacity":"","overlay-gradient":""},"mobile":{"background-color":"","background-image":"","background-repeat":"repeat","background-position":"center center","background-size":"auto","background-attachment":"scroll","background-type":"","background-media":"","overlay-type":"","overlay-color":"","overlay-opacity":"","overlay-gradient":""}},"ast-content-background-meta":{"desktop":{"background-color":"var(--ast-global-color-5)","background-image":"","background-repeat":"repeat","background-position":"center center","background-size":"auto","background-attachment":"scroll","background-type":"","background-media":"","overlay-type":"","overlay-color":"","overlay-opacity":"","overlay-gradient":""},"tablet":{"background-color":"var(--ast-global-color-5)","background-image":"","background-repeat":"repeat","background-position":"center center","background-size":"auto","background-attachment":"scroll","background-type":"","background-media":"","overlay-type":"","overlay-color":"","overlay-opacity":"","overlay-gradient":""},"mobile":{"background-color":"var(--ast-global-color-5)","background-image":"","background-repeat":"repeat","background-position":"center center","background-size":"auto","background-attachment":"scroll","background-type":"","background-media":"","overlay-type":"","overlay-color":"","overlay-opacity":"","overlay-gradient":""}}},"product_brand":[],"product_cat":[175],"product_tag":[],"class_list":{"0":"post-23223","1":"product","2":"type-product","3":"status-publish","4":"has-post-thumbnail","6":"product_cat-cleaning-products","7":"desktop-align-left","8":"tablet-align-left","9":"mobile-align-left","11":"first","12":"instock","13":"sale","14":"shipping-taxable","15":"purchasable","16":"product-type-variable"},"spectra_custom_meta":{"_visibility":["visible"],"_shopify_product_id":["9102643953909"],"_s2w_shopify_domain":["ferberpainting.myshopify.com"],"_shopify_variant_id":["46616680333557"],"_sku":[""],"_manage_stock":["no"],"total_sales":["1"],"_tax_status":["taxable"],"_tax_class":[""],"_backorders":["no"],"_sold_individually":["no"],"_virtual":["no"],"_downloadable":["no"],"_download_limit":["-1"],"_download_expiry":["-1"],"_stock":[null],"_stock_status":["instock"],"_wc_average_rating":["5.00"],"_wc_review_count":["7"],"_product_attributes":["a:1:{s:6:\"volume\";a:6:{s:4:\"name\";s:6:\"Volume\";s:5:\"value\";s:20:\"5 liters | 25 liters\";s:8:\"position\";i:1;s:10:\"is_visible\";i:0;s:12:\"is_variation\";i:1;s:11:\"is_taxonomy\";i:0;}}"],"_product_version":["10.5.1"],"wpse_downloadable_file_names":[""],"wpse_downloadable_file_urls":[""],"_edit_last":["1"],"_edit_lock":["1771160118:1"],"merchant-center-availability":["yes"],"merchant-center-category":["4973"],"_price":["29.90","129.90"],"_thumbnail_id":["36376"],"_wp_page_template":["default"],"_wp_old_date":["2025-05-26"],"_product_image_gallery":["36377"],"site-sidebar-layout":["default"],"ast-site-content-layout":["default"],"site-content-style":["default"],"site-sidebar-style":["default"],"theme-transparent-header-meta":["default"],"_wc_rating_count":["a:1:{i:5;i:7;}"],"astra-migrate-meta-layouts":["set"],"_uag_css_file_name":["uag-css-23223.css"],"_elementor_page_assets":["a:0:{}"],"_uag_page_assets":["a:9:{s:3:\"css\";s:6893:\".wp-block-uagb-image{display:flex}.wp-block-uagb-image__figure{position:relative;display:flex;flex-direction:column;max-width:100%;height:auto;margin:0}.wp-block-uagb-image__figure img{height:auto;display:flex;max-width:100%;transition:box-shadow 0.2s ease}.wp-block-uagb-image__figure>a{display:inline-block}.wp-block-uagb-image__figure figcaption{text-align:center;margin-top:0.5em;margin-bottom:1em}.wp-block-uagb-image .components-placeholder.block-editor-media-placeholder .components-placeholder__instructions{align-self:center}.wp-block-uagb-image--align-left{text-align:left}.wp-block-uagb-image--align-right{text-align:right}.wp-block-uagb-image--align-center{text-align:center}.wp-block-uagb-image--align-full .wp-block-uagb-image__figure{margin-left:calc(50% - 50vw);margin-right:calc(50% - 50vw);max-width:100vw;width:100vw;height:auto}.wp-block-uagb-image--align-full .wp-block-uagb-image__figure img{height:auto;width:100% !important}.wp-block-uagb-image--align-wide .wp-block-uagb-image__figure img{height:auto;width:100%}.wp-block-uagb-image--layout-overlay__color-wrapper{position:absolute;left:0;top:0;right:0;bottom:0;opacity:0.2;background:rgba(0,0,0,0.5);transition:opacity 0.35s ease-in-out}.wp-block-uagb-image--layout-overlay-link{position:absolute;left:0;right:0;bottom:0;top:0}.wp-block-uagb-image--layout-overlay .wp-block-uagb-image__figure:hover .wp-block-uagb-image--layout-overlay__color-wrapper{opacity:1}.wp-block-uagb-image--layout-overlay__inner{position:absolute;left:15px;right:15px;bottom:15px;top:15px;display:flex;align-items:center;justify-content:center;flex-direction:column;border-color:#fff;transition:0.35s ease-in-out}.wp-block-uagb-image--layout-overlay__inner.top-left,.wp-block-uagb-image--layout-overlay__inner.top-center,.wp-block-uagb-image--layout-overlay__inner.top-right{justify-content:flex-start}.wp-block-uagb-image--layout-overlay__inner.bottom-left,.wp-block-uagb-image--layout-overlay__inner.bottom-center,.wp-block-uagb-image--layout-overlay__inner.bottom-right{justify-content:flex-end}.wp-block-uagb-image--layout-overlay__inner.top-left,.wp-block-uagb-image--layout-overlay__inner.center-left,.wp-block-uagb-image--layout-overlay__inner.bottom-left{align-items:flex-start}.wp-block-uagb-image--layout-overlay__inner.top-right,.wp-block-uagb-image--layout-overlay__inner.center-right,.wp-block-uagb-image--layout-overlay__inner.bottom-right{align-items:flex-end}.wp-block-uagb-image--layout-overlay__inner .uagb-image-heading{color:#fff;transition:transform 0.35s, opacity 0.35s ease-in-out;transform:translate3d(0, 24px, 0);margin:0;line-height:1em}.wp-block-uagb-image--layout-overlay__inner .uagb-image-separator{width:30%;border-top-width:2px;border-top-color:#fff;border-top-style:solid;margin-bottom:10px;opacity:0;transition:transform 0.4s, opacity 0.4s ease-in-out;transform:translate3d(0, 30px, 0)}.wp-block-uagb-image--layout-overlay__inner .uagb-image-caption{opacity:0;overflow:visible;color:#fff;transition:transform 0.45s, opacity 0.45s ease-in-out;transform:translate3d(0, 35px, 0)}.wp-block-uagb-image--layout-overlay__inner:hover .uagb-image-heading,.wp-block-uagb-image--layout-overlay__inner:hover .uagb-image-separator,.wp-block-uagb-image--layout-overlay__inner:hover .uagb-image-caption{opacity:1;transform:translate3d(0, 0, 0)}.wp-block-uagb-image--effect-zoomin .wp-block-uagb-image__figure img,.wp-block-uagb-image--effect-zoomin .wp-block-uagb-image__figure .wp-block-uagb-image--layout-overlay__color-wrapper{transform:scale(1);transition:transform 0.35s ease-in-out}.wp-block-uagb-image--effect-zoomin .wp-block-uagb-image__figure:hover img,.wp-block-uagb-image--effect-zoomin .wp-block-uagb-image__figure:hover .wp-block-uagb-image--layout-overlay__color-wrapper{transform:scale(1.05)}.wp-block-uagb-image--effect-slide .wp-block-uagb-image__figure img,.wp-block-uagb-image--effect-slide .wp-block-uagb-image__figure .wp-block-uagb-image--layout-overlay__color-wrapper{width:calc(100% + 40px) !important;max-width:none !important;transform:translate3d(-40px, 0, 0);transition:transform 0.35s ease-in-out}.wp-block-uagb-image--effect-slide .wp-block-uagb-image__figure:hover img,.wp-block-uagb-image--effect-slide .wp-block-uagb-image__figure:hover .wp-block-uagb-image--layout-overlay__color-wrapper{transform:translate3d(0, 0, 0)}.wp-block-uagb-image--effect-grayscale img{filter:grayscale(0%);transition:0.35s ease-in-out}.wp-block-uagb-image--effect-grayscale:hover img{filter:grayscale(100%)}.wp-block-uagb-image--effect-blur img{filter:blur(0);transition:0.35s ease-in-out}.wp-block-uagb-image--effect-blur:hover img{filter:blur(3px)}\n.uagb-block-e6f939b3.wp-block-uagb-image--layout-default figure img{box-shadow: 0px 0px 0 #00000070;}.uagb-block-e6f939b3.wp-block-uagb-image .wp-block-uagb-image__figure figcaption{font-style: normal;align-self: center;}.uagb-block-e6f939b3.wp-block-uagb-image--layout-overlay figure img{box-shadow: 0px 0px 0 #00000070;}.uagb-block-e6f939b3.wp-block-uagb-image--layout-overlay .wp-block-uagb-image--layout-overlay__color-wrapper{opacity: 0.2;}.uagb-block-e6f939b3.wp-block-uagb-image--layout-overlay .wp-block-uagb-image--layout-overlay__inner{left: 15px;right: 15px;top: 15px;bottom: 15px;}.uagb-block-e6f939b3.wp-block-uagb-image--layout-overlay .wp-block-uagb-image--layout-overlay__inner .uagb-image-heading{font-style: normal;color: #fff;opacity: 1;}.uagb-block-e6f939b3.wp-block-uagb-image--layout-overlay .wp-block-uagb-image--layout-overlay__inner .uagb-image-heading a{color: #fff;}.uagb-block-e6f939b3.wp-block-uagb-image--layout-overlay .wp-block-uagb-image--layout-overlay__inner .uagb-image-caption{opacity: 0;}.uagb-block-e6f939b3.wp-block-uagb-image--layout-overlay .wp-block-uagb-image__figure:hover .wp-block-uagb-image--layout-overlay__color-wrapper{opacity: 1;}.uagb-block-e6f939b3.wp-block-uagb-image .wp-block-uagb-image--layout-overlay__inner .uagb-image-separator{width: 30%;border-top-width: 2px;border-top-color: #fff;opacity: 0;}.uagb-block-e6f939b3.wp-block-uagb-image .wp-block-uagb-image__figure img{width: px;height: auto;}.uagb-block-e6f939b3.wp-block-uagb-image .wp-block-uagb-image__figure:hover .wp-block-uagb-image--layout-overlay__inner .uagb-image-caption{opacity: 1;}.uagb-block-e6f939b3.wp-block-uagb-image .wp-block-uagb-image__figure:hover .wp-block-uagb-image--layout-overlay__inner .uagb-image-separator{opacity: 1;}.uagb-block-e6f939b3.wp-block-uagb-image--layout-default figure:hover img{box-shadow: 0px 0px 0 #00000070;}.uagb-block-e6f939b3.wp-block-uagb-image--layout-overlay figure:hover img{box-shadow: 0px 0px 0 #00000070;}@media only screen and (max-width: 976px) {.uagb-block-e6f939b3.wp-block-uagb-image .wp-block-uagb-image__figure img{width: px;height: auto;}}@media only screen and (max-width: 767px) {.uagb-block-e6f939b3.wp-block-uagb-image .wp-block-uagb-image__figure img{width: px;height: auto;}}\";s:2:\"js\";s:0:\"\";s:18:\"current_block_list\";a:13:{i:0;s:11:\"core\/search\";i:1;s:10:\"core\/group\";i:2;s:12:\"core\/heading\";i:3;s:17:\"core\/latest-posts\";i:4;s:20:\"core\/latest-comments\";i:5;s:13:\"core\/archives\";i:6;s:15:\"core\/categories\";i:7;s:14:\"core\/paragraph\";i:8;s:10:\"uagb\/image\";i:9;s:11:\"core\/spacer\";i:10;s:30:\"woocommerce\/product-categories\";i:11;s:10:\"core\/image\";i:12;s:14:\"core\/shortcode\";}s:8:\"uag_flag\";b:1;s:11:\"uag_version\";s:10:\"1776388928\";s:6:\"gfonts\";a:0:{}s:10:\"gfonts_url\";s:0:\"\";s:12:\"gfonts_files\";a:0:{}s:14:\"uag_faq_layout\";b:0;}"]},"uagb_featured_image_src":{"full":["https:\/\/www.ferberpainting.com\/wp-content\/uploads\/2025\/05\/Extractor-Cleaner-Solution-5L-.png",2560,2560,false],"thumbnail":["https:\/\/www.ferberpainting.com\/wp-content\/uploads\/2025\/05\/Extractor-Cleaner-Solution-5L--150x150.png",150,150,true],"medium":["https:\/\/www.ferberpainting.com\/wp-content\/uploads\/2025\/05\/Extractor-Cleaner-Solution-5L--300x300.png",300,300,true],"medium_large":["https:\/\/www.ferberpainting.com\/wp-content\/uploads\/2025\/05\/Extractor-Cleaner-Solution-5L--768x768.png",768,768,true],"large":["https:\/\/www.ferberpainting.com\/wp-content\/uploads\/2025\/05\/Extractor-Cleaner-Solution-5L--1024x1024.png",1024,1024,true],"1536x1536":["https:\/\/www.ferberpainting.com\/wp-content\/uploads\/2025\/05\/Extractor-Cleaner-Solution-5L--1536x1536.png",1536,1536,true],"2048x2048":["https:\/\/www.ferberpainting.com\/wp-content\/uploads\/2025\/05\/Extractor-Cleaner-Solution-5L--2048x2048.png",2048,2048,true],"trp-custom-language-flag":["https:\/\/www.ferberpainting.com\/wp-content\/uploads\/2025\/05\/Extractor-Cleaner-Solution-5L--12x12.png",12,12,true],"woocommerce_thumbnail":["https:\/\/www.ferberpainting.com\/wp-content\/uploads\/2025\/05\/Extractor-Cleaner-Solution-5L--300x300.png",300,300,true],"woocommerce_single":["https:\/\/www.ferberpainting.com\/wp-content\/uploads\/2025\/05\/Extractor-Cleaner-Solution-5L--600x600.png",600,600,true],"woocommerce_gallery_thumbnail":["https:\/\/www.ferberpainting.com\/wp-content\/uploads\/2025\/05\/Extractor-Cleaner-Solution-5L--100x100.png",100,100,true]},"uagb_author_info":{"display_name":"admin","author_link":"https:\/\/www.ferberpainting.com\/de\/author\/"},"uagb_comment_info":7,"uagb_excerpt":"Optimal Efficiency.\u00a0This range hood cleaner is specially designed to eliminate embedded grease, smoke deposits, cooking residues, and other impurities that accumulate on kitchen hood surfaces. Its powerful formula quickly dissolves grease while respecting the treated materials. It helps restore your hood\u2019s original shine and ensures optimal functioning by preventing the buildup of grime that could&hellip;","_links":{"self":[{"href":"https:\/\/www.ferberpainting.com\/de\/wp-json\/wp\/v2\/product\/23223","targetHints":{"allow":["GET"]}}],"collection":[{"href":"https:\/\/www.ferberpainting.com\/de\/wp-json\/wp\/v2\/product"}],"about":[{"href":"https:\/\/www.ferberpainting.com\/de\/wp-json\/wp\/v2\/types\/product"}],"replies":[{"embeddable":true,"href":"https:\/\/www.ferberpainting.com\/de\/wp-json\/wp\/v2\/comments?post=23223"}],"version-history":[{"count":4,"href":"https:\/\/www.ferberpainting.com\/de\/wp-json\/wp\/v2\/product\/23223\/revisions"}],"predecessor-version":[{"id":166109,"href":"https:\/\/www.ferberpainting.com\/de\/wp-json\/wp\/v2\/product\/23223\/revisions\/166109"}],"wp:featuredmedia":[{"embeddable":true,"href":"https:\/\/www.ferberpainting.com\/de\/wp-json\/wp\/v2\/media\/36376"}],"wp:attachment":[{"href":"https:\/\/www.ferberpainting.com\/de\/wp-json\/wp\/v2\/media?parent=23223"}],"wp:term":[{"taxonomy":"product_brand","embeddable":true,"href":"https:\/\/www.ferberpainting.com\/de\/wp-json\/wp\/v2\/product_brand?post=23223"},{"taxonomy":"product_cat","embeddable":true,"href":"https:\/\/www.ferberpainting.com\/de\/wp-json\/wp\/v2\/product_cat?post=23223"},{"taxonomy":"product_tag","embeddable":true,"href":"https:\/\/www.ferberpainting.com\/de\/wp-json\/wp\/v2\/product_tag?post=23223"}],"curies":[{"name":"wp","href":"https:\/\/api.w.org\/{rel}","templated":true}]}}