{"id":23205,"date":"2025-05-26T10:23:19","date_gmt":"2025-05-26T08:23:19","guid":{"rendered":"https:\/\/www.ferberpainting.com\/products\/drain-unblocker\/"},"modified":"2026-02-15T13:52:04","modified_gmt":"2026-02-15T12:52:04","slug":"drain-unblocker","status":"publish","type":"product","link":"https:\/\/www.ferberpainting.com\/de\/products\/drain-unblocker\/","title":{"rendered":"Rohrreiniger"},"content":{"rendered":"<p><img decoding=\"async\" style=\"margin-right: 12px;\" src=\"https:\/\/www.ferberpainting.com\/wp-content\/uploads\/2026\/02\/Check.svg\" alt=\"\" width=\"18\" height=\"15\" \/><strong>Schnelle und wirksame Beseitigung von Verstopfungen.<\/strong>\u00a0Dieser Abflussentstopfer wurde entwickelt, um Verstopfungen, die durch organische R\u00fcckst\u00e4nde, Fett, Haare, Seife und andere Ablagerungen in den Rohren verursacht werden, schnell aufzul\u00f6sen. Seine kraftvolle Formel dringt tief ein, um einen reibungslosen Wasserfluss wiederherzustellen und unangenehme Ger\u00fcche zu verhindern. Es eignet sich besonders f\u00fcr Sp\u00fclbecken, Waschbecken, Duschen, Badewannen und Haushaltsleitungen und sorgt f\u00fcr eine optimale Wartung des Abwassersystems.<\/p>\n<p><img decoding=\"async\" style=\"margin-right: 12px;\" src=\"https:\/\/www.ferberpainting.com\/wp-content\/uploads\/2026\/02\/Check.svg\" alt=\"\" width=\"18\" height=\"15\" \/><strong>Geld-zur\u00fcck-Garantie.<\/strong>\u00a0Wir haben volles Vertrauen in die Wirksamkeit unseres Abflussentstopfers, weshalb wir eine Geld-zur\u00fcck-Garantie anbieten. Wenn das Produkt Ihr Problem nach der Anwendung gem\u00e4\u00df den Anweisungen nicht l\u00f6st, k\u00f6nnen Sie eine R\u00fcckerstattung ohne Bedingungen beantragen, was einen sicheren und risikofreien Kauf gew\u00e4hrleistet.<\/p>\n<p><img decoding=\"async\" style=\"margin-right: 12px;\" src=\"https:\/\/www.ferberpainting.com\/wp-content\/uploads\/2026\/02\/Check.svg\" alt=\"\" width=\"18\" height=\"15\" \/><strong>Kompatibel mit verschiedenen Arten von Rohren und Materialien.<\/strong>\u00a0Dieser Entstopfer ist f\u00fcr PVC-Rohre, Kupfer, Gusseisen und Edelstahl sowie f\u00fcr moderne und alte Installationen geeignet. Er kann in den meisten privaten und gewerblichen Abwassersystemen, einschlie\u00dflich Kl\u00e4rgruben, sicher verwendet werden, ohne dass die Gefahr besteht, die Rohre zu besch\u00e4digen.<\/p>\n<p><img decoding=\"async\" style=\"margin-right: 12px;\" src=\"https:\/\/www.ferberpainting.com\/wp-content\/uploads\/2026\/02\/Check.svg\" alt=\"\" width=\"18\" height=\"15\" \/><strong>Kosteneffiziente und optimierte Dosierung.<\/strong>\u00a0Dank seiner hochkonzentrierten Formel kann 1 Liter des Produkts bis zu 4 Verstopfungen beseitigen, was es zu einer wirtschaftlichen und effizienten L\u00f6sung f\u00fcr die regelm\u00e4\u00dfige Rohrwartung macht. Durch seine gezielte Wirkung wird die f\u00fcr jede Anwendung ben\u00f6tigte Menge reduziert, wodurch Verschwendung vermieden und maximale Effizienz bei minimalem Produktverbrauch gew\u00e4hrleistet wird.<\/p>\n<p><img decoding=\"async\" style=\"margin-right: 12px;\" src=\"https:\/\/www.ferberpainting.com\/wp-content\/uploads\/2026\/02\/Check.svg\" alt=\"\" width=\"18\" height=\"15\" \/><strong>Ein sicheres Produkt, das Ihre Anlagen sch\u00fctzt.<\/strong>\u00a0Im Gegensatz zu herk\u00f6mmlichen Entstopfernern, die stark \u00e4tzende Substanzen enthalten, besch\u00e4digt dieser Entstopfer die Rohre nicht, wenn er vorschriftsm\u00e4\u00dfig verwendet wird. Er l\u00f6st Verstopfungen kontrolliert auf, ohne die Rohrstruktur anzugreifen, und erm\u00f6glicht so eine regelm\u00e4\u00dfige Anwendung ohne das Risiko eines langfristigen Abbaus.<\/p>\n<p><img decoding=\"async\" style=\"margin-right: 12px;\" src=\"https:\/\/www.ferberpainting.com\/wp-content\/uploads\/2026\/02\/Check.svg\" alt=\"\" width=\"18\" height=\"15\" \/><strong>Einfach in der Anwendung und schnell in der Wirkung.<\/strong>\u00a0Dieser Entstopfer ist gebrauchsfertig und erfordert keine vorherige Vorbereitung. Gie\u00dfen Sie es einfach direkt in den verstopften Abfluss, warten Sie ein paar Minuten und sp\u00fclen Sie es gr\u00fcndlich mit Wasser aus, um einen reibungslosen Abfluss wiederherzustellen. Dank seiner ultraschnellen Wirkung k\u00f6nnen Rohre in nur 15 bis 30 Minuten wieder frei gemacht werden, was die Unannehmlichkeiten eines verstopften Abflusssystems verringert.<\/p>\n<p><img decoding=\"async\" style=\"margin-right: 12px;\" src=\"https:\/\/www.ferberpainting.com\/wp-content\/uploads\/2026\/02\/Check.svg\" alt=\"\" width=\"18\" height=\"15\" \/><strong>Langanhaltende Wirkung und Vorbeugung gegen zuk\u00fcnftige Verstopfungen.<\/strong>\u00a0Dieses Produkt befreit die Rohre nicht nur wirksam von Verstopfungen, sondern verhindert auch die Bildung neuer Verstopfungen, indem es die angesammelten R\u00fcckst\u00e4nde nach und nach aufl\u00f6st. Die regelm\u00e4\u00dfige Anwendung tr\u00e4gt dazu bei, ein sauberes und funktionierendes Abwassersystem zu erhalten, wodurch kostspielige Eingriffe und die Unannehmlichkeiten anhaltender Verstopfungen vermieden werden.<\/p>\n<p><img decoding=\"async\" style=\"margin-right: 12px;\" src=\"https:\/\/www.ferberpainting.com\/wp-content\/uploads\/2026\/02\/Check.svg\" alt=\"\" width=\"18\" height=\"15\" \/><strong>Sofortige Ergebnisse f\u00fcr dauerhaften Komfort.<\/strong>\u00a0Ab dem Moment der Anwendung beginnt dieser Entstopfer mit der Arbeit an Ablagerungen und Materialien, die die Rohre verstopfen. Nach einer einfachen Sp\u00fclung flie\u00dft das Wasser wieder problemlos, so dass die Sanit\u00e4ranlagen in k\u00fcrzester Zeit wieder normal genutzt werden k\u00f6nnen.<\/p>\n<h2><strong>Verwendungsprotokoll<\/strong><\/h2>\n<ul>\n<li><strong>Vorbereitung der Rohre <\/strong>: Vor der Anwendung sicherstellen, dass stehendes Wasser so weit wie m\u00f6glich abgelassen wird, damit das Produkt direkt auf die Verstopfung einwirken kann.<\/li>\n<li><strong>Empfohlene Dosierung <\/strong>: Gie\u00dfen Sie 250 ml des Produkts pro verstopften Abfluss, d.h. ein Liter kann bis zu 4 Verstopfungen behandeln. Zur vorbeugenden Wartung kann regelm\u00e4\u00dfig eine kleinere Menge verwendet werden.<\/li>\n<li><strong>Unblocker-Anwendung <\/strong>: Gie\u00dfen Sie die empfohlene Dosis langsam direkt in den betroffenen Abfluss, ohne Wasser hinzuzuf\u00fcgen oder es mit anderen chemischen Produkten zu mischen.<\/li>\n<li><strong>Aktion Zeit <\/strong>: 15 bis 30 Minuten einwirken lassen, je nach Schwere der Verstopfung. Bei hartn\u00e4ckigeren Verstopfungen lassen Sie es bis zu 1 Stunde einwirken, bevor Sie es gr\u00fcndlich absp\u00fclen.<\/li>\n<li><strong>Sp\u00fclung und Durchflusskontrolle <\/strong>: Nach der Wartezeit gr\u00fcndlich mit hei\u00dfem Wasser absp\u00fclen, um gel\u00f6ste R\u00fcckst\u00e4nde zu entfernen, und pr\u00fcfen, ob der Durchfluss wieder normal ist.<\/li>\n<li><strong>Vorbeugende Wartung <\/strong>: Um zuk\u00fcnftige Verstopfungen zu vermeiden, verwenden Sie es einmal im Monat in kleinen Mengen, um Ablagerungen allm\u00e4hlich aufzul\u00f6sen und einen optimalen Durchfluss zu gew\u00e4hrleisten.<\/li>\n<li><strong>Vorsichtsma\u00dfnahmen bei der Verwendung <\/strong>: Nicht auf Aluminium- oder Zinkoberfl\u00e4chen verwenden. Kontakt mit Haut und Augen vermeiden. Bei Kontakt sofort mit klarem Wasser absp\u00fclen.<\/li>\n<li><strong>Lagerung und Konservierung <\/strong>: Lagern Sie das Produkt an einem k\u00fchlen, trockenen Ort, vor Licht gesch\u00fctzt und au\u00dferhalb der Reichweite von Kindern. Nach Gebrauch gut verschlie\u00dfen, um Verdunstung zu vermeiden.<\/li>\n<\/ul>\n<p>Mit diesem Abflussentstopfer k\u00f6nnen Sie Verstopfungen effektiv beseitigen und das ganze Jahr \u00fcber ein reibungsloses und effizientes Abflusssystem aufrechterhalten, das schnelle, wirtschaftliche und sichere Ergebnisse f\u00fcr Ihre Anlagen gew\u00e4hrleistet.<\/p>","protected":false},"excerpt":{"rendered":"<p>Fast and Effective Clog Removal.\u00a0This drain unblocker is designed to quickly dissolve clogs caused by organic residues, grease, hair, soap, and other debris accumulated in pipes. Its powerful formula penetrates deeply to restore a smooth water flow and prevent unpleasant odors. It is particularly suitable for sinks, washbasins, showers, bathtubs, and household pipes, ensuring optimal [&hellip;]<\/p>\n","protected":false},"featured_media":25757,"comment_status":"open","ping_status":"closed","template":"","meta":{"_uag_custom_page_level_css":"","site-sidebar-layout":"default","site-content-layout":"","ast-site-content-layout":"default","site-content-style":"default","site-sidebar-style":"default","ast-global-header-display":"","ast-banner-title-visibility":"","ast-main-header-display":"","ast-hfb-above-header-display":"","ast-hfb-below-header-display":"","ast-hfb-mobile-header-display":"","site-post-title":"","ast-breadcrumbs-content":"","ast-featured-img":"","footer-sml-layout":"","ast-disable-related-posts":"","theme-transparent-header-meta":"default","adv-header-id-meta":"","stick-header-meta":"","header-above-stick-meta":"","header-main-stick-meta":"","header-below-stick-meta":"","astra-migrate-meta-layouts":"set","ast-page-background-enabled":"default","ast-page-background-meta":{"desktop":{"background-color":"var(--ast-global-color-4)","background-image":"","background-repeat":"repeat","background-position":"center center","background-size":"auto","background-attachment":"scroll","background-type":"","background-media":"","overlay-type":"","overlay-color":"","overlay-opacity":"","overlay-gradient":""},"tablet":{"background-color":"","background-image":"","background-repeat":"repeat","background-position":"center center","background-size":"auto","background-attachment":"scroll","background-type":"","background-media":"","overlay-type":"","overlay-color":"","overlay-opacity":"","overlay-gradient":""},"mobile":{"background-color":"","background-image":"","background-repeat":"repeat","background-position":"center center","background-size":"auto","background-attachment":"scroll","background-type":"","background-media":"","overlay-type":"","overlay-color":"","overlay-opacity":"","overlay-gradient":""}},"ast-content-background-meta":{"desktop":{"background-color":"var(--ast-global-color-5)","background-image":"","background-repeat":"repeat","background-position":"center center","background-size":"auto","background-attachment":"scroll","background-type":"","background-media":"","overlay-type":"","overlay-color":"","overlay-opacity":"","overlay-gradient":""},"tablet":{"background-color":"var(--ast-global-color-5)","background-image":"","background-repeat":"repeat","background-position":"center center","background-size":"auto","background-attachment":"scroll","background-type":"","background-media":"","overlay-type":"","overlay-color":"","overlay-opacity":"","overlay-gradient":""},"mobile":{"background-color":"var(--ast-global-color-5)","background-image":"","background-repeat":"repeat","background-position":"center center","background-size":"auto","background-attachment":"scroll","background-type":"","background-media":"","overlay-type":"","overlay-color":"","overlay-opacity":"","overlay-gradient":""}}},"product_brand":[],"product_cat":[175],"product_tag":[],"class_list":{"0":"post-23205","1":"product","2":"type-product","3":"status-publish","4":"has-post-thumbnail","6":"product_cat-cleaning-products","7":"desktop-align-left","8":"tablet-align-left","9":"mobile-align-left","11":"first","12":"instock","13":"sale","14":"taxable","15":"shipping-taxable","16":"purchasable","17":"product-type-variable","18":"has-default-attributes"},"spectra_custom_meta":{"_visibility":["visible"],"_shopify_product_id":["9062189367541"],"_s2w_shopify_domain":["ferberpainting.myshopify.com"],"_shopify_variant_id":["46487978508533"],"_sku":[""],"_manage_stock":["no"],"total_sales":["57"],"_tax_status":["taxable"],"_tax_class":[""],"_backorders":["no"],"_sold_individually":["no"],"_virtual":["no"],"_downloadable":["no"],"_download_limit":["-1"],"_download_expiry":["-1"],"_stock":[null],"_stock_status":["instock"],"_wc_average_rating":["5.00"],"_wc_review_count":["6"],"_product_attributes":["a:1:{s:6:\"volume\";a:6:{s:4:\"name\";s:6:\"Volume\";s:5:\"value\";s:20:\"5 liters | 25 liters\";s:8:\"position\";i:1;s:10:\"is_visible\";i:0;s:12:\"is_variation\";i:1;s:11:\"is_taxonomy\";i:0;}}"],"_product_version":["10.5.1"],"_thumbnail_id":["25757"],"_product_image_gallery":["25758"],"wpse_downloadable_file_names":[""],"wpse_downloadable_file_urls":[""],"_edit_last":["1"],"_default_attributes":["a:1:{s:6:\"volume\";s:8:\"5 liters\";}"],"_edit_lock":["1771159789:1"],"merchant-center-availability":["yes"],"merchant-center-category":["1749"],"_price":["29.90","129.90"],"_wp_page_template":["default"],"site-sidebar-layout":["default"],"ast-site-content-layout":["default"],"site-content-style":["default"],"site-sidebar-style":["default"],"theme-transparent-header-meta":["default"],"_wc_rating_count":["a:1:{i:5;i:6;}"],"astra-migrate-meta-layouts":["set"],"_uag_css_file_name":["uag-css-23205.css"],"_elementor_page_assets":["a:0:{}"],"_uag_page_assets":["a:9:{s:3:\"css\";s:7133:\".uag-blocks-common-selector{z-index:var(--z-index-desktop) !important}@media(max-width: 976px){.uag-blocks-common-selector{z-index:var(--z-index-tablet) !important}}@media(max-width: 767px){.uag-blocks-common-selector{z-index:var(--z-index-mobile) !important}}.wp-block-uagb-image{display:flex}.wp-block-uagb-image__figure{position:relative;display:flex;flex-direction:column;max-width:100%;height:auto;margin:0}.wp-block-uagb-image__figure img{height:auto;display:flex;max-width:100%;transition:box-shadow .2s ease}.wp-block-uagb-image__figure>a{display:inline-block}.wp-block-uagb-image__figure figcaption{text-align:center;margin-top:.5em;margin-bottom:1em}.wp-block-uagb-image .components-placeholder.block-editor-media-placeholder .components-placeholder__instructions{align-self:center}.wp-block-uagb-image--align-left{text-align:left}.wp-block-uagb-image--align-right{text-align:right}.wp-block-uagb-image--align-center{text-align:center}.wp-block-uagb-image--align-full .wp-block-uagb-image__figure{margin-left:calc(50% - 50vw);margin-right:calc(50% - 50vw);max-width:100vw;width:100vw;height:auto}.wp-block-uagb-image--align-full .wp-block-uagb-image__figure img{height:auto;width:100% !important}.wp-block-uagb-image--align-wide .wp-block-uagb-image__figure img{height:auto;width:100%}.wp-block-uagb-image--layout-overlay__color-wrapper{position:absolute;left:0;top:0;right:0;bottom:0;opacity:.2;background:rgba(0,0,0,.5);transition:opacity .35s ease-in-out}.wp-block-uagb-image--layout-overlay-link{position:absolute;left:0;right:0;bottom:0;top:0}.wp-block-uagb-image--layout-overlay .wp-block-uagb-image__figure:hover .wp-block-uagb-image--layout-overlay__color-wrapper{opacity:1}.wp-block-uagb-image--layout-overlay__inner{position:absolute;left:15px;right:15px;bottom:15px;top:15px;display:flex;align-items:center;justify-content:center;flex-direction:column;border-color:#fff;transition:.35s ease-in-out}.wp-block-uagb-image--layout-overlay__inner.top-left,.wp-block-uagb-image--layout-overlay__inner.top-center,.wp-block-uagb-image--layout-overlay__inner.top-right{justify-content:flex-start}.wp-block-uagb-image--layout-overlay__inner.bottom-left,.wp-block-uagb-image--layout-overlay__inner.bottom-center,.wp-block-uagb-image--layout-overlay__inner.bottom-right{justify-content:flex-end}.wp-block-uagb-image--layout-overlay__inner.top-left,.wp-block-uagb-image--layout-overlay__inner.center-left,.wp-block-uagb-image--layout-overlay__inner.bottom-left{align-items:flex-start}.wp-block-uagb-image--layout-overlay__inner.top-right,.wp-block-uagb-image--layout-overlay__inner.center-right,.wp-block-uagb-image--layout-overlay__inner.bottom-right{align-items:flex-end}.wp-block-uagb-image--layout-overlay__inner .uagb-image-heading{color:#fff;transition:transform .35s,opacity .35s ease-in-out;transform:translate3d(0, 24px, 0);margin:0;line-height:1em}.wp-block-uagb-image--layout-overlay__inner .uagb-image-separator{width:30%;border-top-width:2px;border-top-color:#fff;border-top-style:solid;margin-bottom:10px;opacity:0;transition:transform .4s,opacity .4s ease-in-out;transform:translate3d(0, 30px, 0)}.wp-block-uagb-image--layout-overlay__inner .uagb-image-caption{opacity:0;overflow:visible;color:#fff;transition:transform .45s,opacity .45s ease-in-out;transform:translate3d(0, 35px, 0)}.wp-block-uagb-image--layout-overlay__inner:hover .uagb-image-heading,.wp-block-uagb-image--layout-overlay__inner:hover .uagb-image-separator,.wp-block-uagb-image--layout-overlay__inner:hover .uagb-image-caption{opacity:1;transform:translate3d(0, 0, 0)}.wp-block-uagb-image--effect-zoomin .wp-block-uagb-image__figure img,.wp-block-uagb-image--effect-zoomin .wp-block-uagb-image__figure .wp-block-uagb-image--layout-overlay__color-wrapper{transform:scale(1);transition:transform .35s ease-in-out}.wp-block-uagb-image--effect-zoomin .wp-block-uagb-image__figure:hover img,.wp-block-uagb-image--effect-zoomin .wp-block-uagb-image__figure:hover .wp-block-uagb-image--layout-overlay__color-wrapper{transform:scale(1.05)}.wp-block-uagb-image--effect-slide .wp-block-uagb-image__figure img,.wp-block-uagb-image--effect-slide .wp-block-uagb-image__figure .wp-block-uagb-image--layout-overlay__color-wrapper{width:calc(100% + 40px) !important;max-width:none !important;transform:translate3d(-40px, 0, 0);transition:transform .35s ease-in-out}.wp-block-uagb-image--effect-slide .wp-block-uagb-image__figure:hover img,.wp-block-uagb-image--effect-slide .wp-block-uagb-image__figure:hover .wp-block-uagb-image--layout-overlay__color-wrapper{transform:translate3d(0, 0, 0)}.wp-block-uagb-image--effect-grayscale img{filter:grayscale(0%);transition:.35s ease-in-out}.wp-block-uagb-image--effect-grayscale:hover img{filter:grayscale(100%)}.wp-block-uagb-image--effect-blur img{filter:blur(0);transition:.35s ease-in-out}.wp-block-uagb-image--effect-blur:hover img{filter:blur(3px)}.uagb-block-e6f939b3.wp-block-uagb-image--layout-default figure img{box-shadow: 0px 0px 0 #00000070;}.uagb-block-e6f939b3.wp-block-uagb-image .wp-block-uagb-image__figure figcaption{font-style: normal;align-self: center;}.uagb-block-e6f939b3.wp-block-uagb-image--layout-overlay figure img{box-shadow: 0px 0px 0 #00000070;}.uagb-block-e6f939b3.wp-block-uagb-image--layout-overlay .wp-block-uagb-image--layout-overlay__color-wrapper{opacity: 0.2;}.uagb-block-e6f939b3.wp-block-uagb-image--layout-overlay .wp-block-uagb-image--layout-overlay__inner{left: 15px;right: 15px;top: 15px;bottom: 15px;}.uagb-block-e6f939b3.wp-block-uagb-image--layout-overlay .wp-block-uagb-image--layout-overlay__inner .uagb-image-heading{font-style: normal;color: #fff;opacity: 1;}.uagb-block-e6f939b3.wp-block-uagb-image--layout-overlay .wp-block-uagb-image--layout-overlay__inner .uagb-image-heading a{color: #fff;}.uagb-block-e6f939b3.wp-block-uagb-image--layout-overlay .wp-block-uagb-image--layout-overlay__inner .uagb-image-caption{opacity: 0;}.uagb-block-e6f939b3.wp-block-uagb-image--layout-overlay .wp-block-uagb-image__figure:hover .wp-block-uagb-image--layout-overlay__color-wrapper{opacity: 1;}.uagb-block-e6f939b3.wp-block-uagb-image .wp-block-uagb-image--layout-overlay__inner .uagb-image-separator{width: 30%;border-top-width: 2px;border-top-color: #fff;opacity: 0;}.uagb-block-e6f939b3.wp-block-uagb-image .wp-block-uagb-image__figure img{width: px;height: auto;}.uagb-block-e6f939b3.wp-block-uagb-image .wp-block-uagb-image__figure:hover .wp-block-uagb-image--layout-overlay__inner .uagb-image-caption{opacity: 1;}.uagb-block-e6f939b3.wp-block-uagb-image .wp-block-uagb-image__figure:hover .wp-block-uagb-image--layout-overlay__inner .uagb-image-separator{opacity: 1;}.uagb-block-e6f939b3.wp-block-uagb-image--layout-default figure:hover img{box-shadow: 0px 0px 0 #00000070;}.uagb-block-e6f939b3.wp-block-uagb-image--layout-overlay figure:hover img{box-shadow: 0px 0px 0 #00000070;}@media only screen and (max-width: 976px) {.uagb-block-e6f939b3.wp-block-uagb-image .wp-block-uagb-image__figure img{width: px;height: auto;}}@media only screen and (max-width: 767px) {.uagb-block-e6f939b3.wp-block-uagb-image .wp-block-uagb-image__figure img{width: px;height: auto;}}\";s:2:\"js\";s:0:\"\";s:18:\"current_block_list\";a:13:{i:0;s:11:\"core\/search\";i:1;s:10:\"core\/group\";i:2;s:12:\"core\/heading\";i:3;s:17:\"core\/latest-posts\";i:4;s:20:\"core\/latest-comments\";i:5;s:13:\"core\/archives\";i:6;s:15:\"core\/categories\";i:7;s:14:\"core\/paragraph\";i:8;s:10:\"uagb\/image\";i:9;s:11:\"core\/spacer\";i:10;s:30:\"woocommerce\/product-categories\";i:11;s:10:\"core\/image\";i:12;s:14:\"core\/shortcode\";}s:8:\"uag_flag\";b:1;s:11:\"uag_version\";s:10:\"1777241367\";s:6:\"gfonts\";a:0:{}s:10:\"gfonts_url\";s:0:\"\";s:12:\"gfonts_files\";a:0:{}s:14:\"uag_faq_layout\";b:0;}"]},"uagb_featured_image_src":{"full":["https:\/\/www.ferberpainting.com\/wp-content\/uploads\/2025\/05\/DrainUnblocker5L.png",2560,2560,false],"thumbnail":["https:\/\/www.ferberpainting.com\/wp-content\/uploads\/2025\/05\/DrainUnblocker5L-150x150.png",150,150,true],"medium":["https:\/\/www.ferberpainting.com\/wp-content\/uploads\/2025\/05\/DrainUnblocker5L-300x300.png",300,300,true],"medium_large":["https:\/\/www.ferberpainting.com\/wp-content\/uploads\/2025\/05\/DrainUnblocker5L-768x768.png",768,768,true],"large":["https:\/\/www.ferberpainting.com\/wp-content\/uploads\/2025\/05\/DrainUnblocker5L-1024x1024.png",1024,1024,true],"1536x1536":["https:\/\/www.ferberpainting.com\/wp-content\/uploads\/2025\/05\/DrainUnblocker5L-1536x1536.png",1536,1536,true],"2048x2048":["https:\/\/www.ferberpainting.com\/wp-content\/uploads\/2025\/05\/DrainUnblocker5L-2048x2048.png",2048,2048,true],"trp-custom-language-flag":["https:\/\/www.ferberpainting.com\/wp-content\/uploads\/2025\/05\/DrainUnblocker5L-12x12.png",12,12,true],"woocommerce_thumbnail":["https:\/\/www.ferberpainting.com\/wp-content\/uploads\/2025\/05\/DrainUnblocker5L-300x300.png",300,300,true],"woocommerce_single":["https:\/\/www.ferberpainting.com\/wp-content\/uploads\/2025\/05\/DrainUnblocker5L-600x600.png",600,600,true],"woocommerce_gallery_thumbnail":["https:\/\/www.ferberpainting.com\/wp-content\/uploads\/2025\/05\/DrainUnblocker5L-100x100.png",100,100,true]},"uagb_author_info":{"display_name":"admin","author_link":"https:\/\/www.ferberpainting.com\/de\/author\/"},"uagb_comment_info":6,"uagb_excerpt":"Fast and Effective Clog Removal.\u00a0This drain unblocker is designed to quickly dissolve clogs caused by organic residues, grease, hair, soap, and other debris accumulated in pipes. Its powerful formula penetrates deeply to restore a smooth water flow and prevent unpleasant odors. It is particularly suitable for sinks, washbasins, showers, bathtubs, and household pipes, ensuring optimal&hellip;","_links":{"self":[{"href":"https:\/\/www.ferberpainting.com\/de\/wp-json\/wp\/v2\/product\/23205","targetHints":{"allow":["GET"]}}],"collection":[{"href":"https:\/\/www.ferberpainting.com\/de\/wp-json\/wp\/v2\/product"}],"about":[{"href":"https:\/\/www.ferberpainting.com\/de\/wp-json\/wp\/v2\/types\/product"}],"replies":[{"embeddable":true,"href":"https:\/\/www.ferberpainting.com\/de\/wp-json\/wp\/v2\/comments?post=23205"}],"version-history":[{"count":4,"href":"https:\/\/www.ferberpainting.com\/de\/wp-json\/wp\/v2\/product\/23205\/revisions"}],"predecessor-version":[{"id":166102,"href":"https:\/\/www.ferberpainting.com\/de\/wp-json\/wp\/v2\/product\/23205\/revisions\/166102"}],"wp:featuredmedia":[{"embeddable":true,"href":"https:\/\/www.ferberpainting.com\/de\/wp-json\/wp\/v2\/media\/25757"}],"wp:attachment":[{"href":"https:\/\/www.ferberpainting.com\/de\/wp-json\/wp\/v2\/media?parent=23205"}],"wp:term":[{"taxonomy":"product_brand","embeddable":true,"href":"https:\/\/www.ferberpainting.com\/de\/wp-json\/wp\/v2\/product_brand?post=23205"},{"taxonomy":"product_cat","embeddable":true,"href":"https:\/\/www.ferberpainting.com\/de\/wp-json\/wp\/v2\/product_cat?post=23205"},{"taxonomy":"product_tag","embeddable":true,"href":"https:\/\/www.ferberpainting.com\/de\/wp-json\/wp\/v2\/product_tag?post=23205"}],"curies":[{"name":"wp","href":"https:\/\/api.w.org\/{rel}","templated":true}]}}