{"id":23191,"date":"2025-05-26T10:23:14","date_gmt":"2025-05-26T08:23:14","guid":{"rendered":"https:\/\/www.ferberpainting.com\/products\/damp-wall-and-rising-damp-treatment\/"},"modified":"2026-02-15T13:46:22","modified_gmt":"2026-02-15T12:46:22","slug":"damp-wall-and-rising-damp-treatment","status":"publish","type":"product","link":"https:\/\/www.ferberpainting.com\/de\/products\/damp-wall-and-rising-damp-treatment\/","title":{"rendered":"Behandlung bei feuchten W\u00e4nden und aufsteigender Feuchtigkeit"},"content":{"rendered":"<p><img decoding=\"async\" style=\"margin-right: 12px;\" src=\"https:\/\/www.ferberpainting.com\/wp-content\/uploads\/2026\/02\/Check.svg\" alt=\"\" width=\"18\" height=\"15\" \/><strong>Lang anhaltende Feuchtigkeitsentfernung.<\/strong>\u00a0Diese spezielle Behandlung f\u00fcr feuchte W\u00e4nde blockiert aufsteigende Feuchtigkeit und verhindert, dass Wasser durch Kapillarit\u00e4t in die W\u00e4nde eindringt. Dank seiner leistungsstarken Abdichtungswirkung bildet es eine undurchl\u00e4ssige Barriere, die aufsteigende Feuchtigkeit dauerhaft stoppt und die Strukturen vor wasserbedingten Sch\u00e4den sch\u00fctzt.<\/p>\n<p><img decoding=\"async\" style=\"margin-right: 12px;\" src=\"https:\/\/www.ferberpainting.com\/wp-content\/uploads\/2026\/02\/Check.svg\" alt=\"\" width=\"18\" height=\"15\" \/><strong>Geld-zur\u00fcck-Garantie.<\/strong>\u00a0Da wir volles Vertrauen in die Wirksamkeit unserer Feuchtigkeitsbehandlung haben, bieten wir eine Geld-zur\u00fcck-Garantie. Wenn das Produkt nach der Anwendung gem\u00e4\u00df den Empfehlungen nicht Ihren Erwartungen entspricht, k\u00f6nnen Sie eine R\u00fcckerstattung beantragen, um einen sicheren und risikofreien Kauf zu gew\u00e4hrleisten.<\/p>\n<p><img decoding=\"async\" style=\"margin-right: 12px;\" src=\"https:\/\/www.ferberpainting.com\/wp-content\/uploads\/2026\/02\/Check.svg\" alt=\"\" width=\"18\" height=\"15\" \/><strong>Geeignet f\u00fcr verschiedene Materialien.<\/strong>\u00a0Diese Anti-Feuchtigkeitsbehandlung ist mit einer Vielzahl von mineralischen Oberfl\u00e4chen wie Beton, Ziegel, Naturstein, Zement und Schlackensteinen kompatibel. Es kann sowohl auf Innen- als auch auf Au\u00dfenw\u00e4nden angewendet werden und ist ideal f\u00fcr Keller, Kellergeschosse, Fassaden oder alle anderen Bereiche, die von aufsteigender Feuchtigkeit betroffen sind.<\/p>\n<p><img decoding=\"async\" style=\"margin-right: 12px;\" src=\"https:\/\/www.ferberpainting.com\/wp-content\/uploads\/2026\/02\/Check.svg\" alt=\"\" width=\"18\" height=\"15\" \/><strong>Kosteneffiziente und leistungsstarke Deckung.<\/strong>\u00a0Dank der optimierten Konzentration kann mit einem Liter Produkt ca. 1 m\u00b2 Wand behandelt werden, je nach Porosit\u00e4t und Dicke der Wand. Ein 5-Liter-Beh\u00e4lter bietet eine umfassende Abdeckung mit einem ausgezeichneten Kosten-Nutzen-Verh\u00e4ltnis. Die lang anhaltende Wirkung macht wiederholte Behandlungen \u00fcberfl\u00fcssig und ist somit langfristig gesehen eine wirtschaftliche L\u00f6sung.<\/p>\n<p><img decoding=\"async\" style=\"margin-right: 12px;\" src=\"https:\/\/www.ferberpainting.com\/wp-content\/uploads\/2026\/02\/Check.svg\" alt=\"\" width=\"18\" height=\"15\" \/><strong>Sicherheit und Ungiftigkeit.<\/strong>\u00a0Diese Abdichtungsbehandlung ist ohne sch\u00e4dliche toxische Komponenten formuliert und setzt keine gef\u00e4hrlichen D\u00e4mpfe frei, was eine sichere Anwendung sowohl f\u00fcr die Anwender als auch f\u00fcr die Hausbewohner gew\u00e4hrleistet. Es entspricht den geltenden Umweltvorschriften und stellt kein Risiko f\u00fcr die behandelten Oberfl\u00e4chen dar.<\/p>\n<p><img decoding=\"async\" style=\"margin-right: 12px;\" src=\"https:\/\/www.ferberpainting.com\/wp-content\/uploads\/2026\/02\/Check.svg\" alt=\"\" width=\"18\" height=\"15\" \/><strong>Einfache Anwendung.<\/strong>\u00a0Diese Behandlung, die sowohl von Fachleuten als auch von Privatpersonen angewendet werden kann, wird durch Injektion in die W\u00e4nde nach einfachem Bohren in regelm\u00e4\u00dfigen Abst\u00e4nden durchgef\u00fchrt. Es erfordert keine fortgeschrittenen technischen F\u00e4higkeiten und erm\u00f6glicht eine schnelle Umsetzung mit Standardwerkzeugen, was eine sofortige und lang anhaltende Wirksamkeit gew\u00e4hrleistet.<\/p>\n<p><img decoding=\"async\" style=\"margin-right: 12px;\" src=\"https:\/\/www.ferberpainting.com\/wp-content\/uploads\/2026\/02\/Check.svg\" alt=\"\" width=\"18\" height=\"15\" \/><strong>Au\u00dfergew\u00f6hnliche Langlebigkeit.<\/strong>\u00a0Im Gegensatz zu tempor\u00e4ren L\u00f6sungen wie feuchtigkeitsabweisenden Anstrichen oder wasserdichten Beschichtungen dringt diese Behandlung tief in die Struktur ein und bleibt \u00fcber mehrere Jahrzehnte wirksam. Einmal aufgetragen, sch\u00fctzt sie die Wand kontinuierlich und verhindert ein weiteres Aufsteigen der Feuchtigkeit, wodurch die Besch\u00e4digung von Beschichtungen und Anstrichen vermieden wird.<\/p>\n<p><img decoding=\"async\" style=\"margin-right: 12px;\" src=\"https:\/\/www.ferberpainting.com\/wp-content\/uploads\/2026\/02\/Check.svg\" alt=\"\" width=\"18\" height=\"15\" \/><strong>Schnelle Wirkung und sichtbare Ergebnisse.<\/strong>\u00a0Dieses Produkt wirkt schnell und zeigt seine Wirkung je nach Feuchtigkeitsgrad der Wand innerhalb weniger Tage bis Wochen. Ab dem Moment der Anwendung beginnt es, das Wasser zu blockieren und die W\u00e4nde allm\u00e4hlich auszutrocknen, was zu einer deutlichen Verbesserung ihres Zustands in kurzer Zeit f\u00fchrt.<\/p>\n<h2><strong>Verwendungsprotokoll<\/strong><\/h2>\n<ul>\n<li><strong>Wandvorbereitung :<\/strong> \u00dcberpr\u00fcfen Sie den Zustand der Oberfl\u00e4chen und stellen Sie fest, welche Bereiche von aufsteigender Feuchtigkeit betroffen sind. Wenn Salzablagerungen (Ausbl\u00fchungen) oder Schimmel vorhanden sind, reinigen Sie die Oberfl\u00e4che vor der Anwendung.<\/li>\n<li><strong>Bohren von Injektionsl\u00f6chern :<\/strong> Bohren Sie L\u00f6cher mit einem Durchmesser von etwa 10 bis 14 mm in einer H\u00f6he von 15 cm \u00fcber dem Boden, wobei Sie einen Abstand von 10 bis 15 cm zwischen den einzelnen L\u00f6chern einhalten. Die L\u00f6cher sollten leicht nach unten geneigt sein, um eine bessere Produktdiffusion zu gew\u00e4hrleisten.<\/li>\n<li><strong>Injektion der Behandlung :<\/strong> Bringen Sie das Produkt mit einem Injektor oder einer geeigneten Spritze in jedes Loch ein und stellen Sie sicher, dass die Wand tief durchtr\u00e4nkt ist. Lassen Sie das Produkt eindringen und wiederholen Sie den Vorgang, wenn n\u00f6tig, um einen optimalen Schutz zu gew\u00e4hrleisten.<\/li>\n<li><strong>Trocknung und Feuchtigkeitsverdunstung :<\/strong> Lassen Sie das Produkt einwirken und \u00fcberwachen Sie den Prozess der Feuchtigkeitsreduzierung. Die vollst\u00e4ndige Trocknung der Wand kann je nach anf\u00e4nglicher Feuchtigkeit und Dicke der W\u00e4nde zwischen einigen Wochen und mehreren Monaten dauern.<\/li>\n<li><strong>Versiegeln der L\u00f6cher :<\/strong> Sobald sich die Wand stabilisiert hat, werden die L\u00f6cher mit einem geeigneten M\u00f6rtel oder Oberputz abgedichtet, um eine einheitliche und \u00e4sthetische Oberfl\u00e4che zu erhalten.<\/li>\n<li><strong>Letzte Handgriffe :<\/strong> Sobald die Feuchtigkeit vollst\u00e4ndig beseitigt ist, tragen Sie bei Bedarf eine geeignete Farbe oder Beschichtung auf, um die behandelte Oberfl\u00e4che zu sch\u00fctzen und zu verbessern.<\/li>\n<\/ul>","protected":false},"excerpt":{"rendered":"<p>Long-lasting Moisture Elimination.\u00a0This specially designed treatment for damp walls effectively blocks rising damp and prevents water from infiltrating the walls through capillarity. Thanks to its high-performance waterproofing action, it forms an impermeable barrier that permanently stops ascending moisture and protects structures from water-related damage. Money-back Guarantee.\u00a0Because we have complete confidence in the effectiveness of our [&hellip;]<\/p>\n","protected":false},"featured_media":25750,"comment_status":"open","ping_status":"closed","template":"","meta":{"_uag_custom_page_level_css":"","site-sidebar-layout":"default","site-content-layout":"","ast-site-content-layout":"default","site-content-style":"default","site-sidebar-style":"default","ast-global-header-display":"","ast-banner-title-visibility":"","ast-main-header-display":"","ast-hfb-above-header-display":"","ast-hfb-below-header-display":"","ast-hfb-mobile-header-display":"","site-post-title":"","ast-breadcrumbs-content":"","ast-featured-img":"","footer-sml-layout":"","ast-disable-related-posts":"","theme-transparent-header-meta":"default","adv-header-id-meta":"","stick-header-meta":"","header-above-stick-meta":"","header-main-stick-meta":"","header-below-stick-meta":"","astra-migrate-meta-layouts":"set","ast-page-background-enabled":"default","ast-page-background-meta":{"desktop":{"background-color":"var(--ast-global-color-4)","background-image":"","background-repeat":"repeat","background-position":"center center","background-size":"auto","background-attachment":"scroll","background-type":"","background-media":"","overlay-type":"","overlay-color":"","overlay-opacity":"","overlay-gradient":""},"tablet":{"background-color":"","background-image":"","background-repeat":"repeat","background-position":"center center","background-size":"auto","background-attachment":"scroll","background-type":"","background-media":"","overlay-type":"","overlay-color":"","overlay-opacity":"","overlay-gradient":""},"mobile":{"background-color":"","background-image":"","background-repeat":"repeat","background-position":"center center","background-size":"auto","background-attachment":"scroll","background-type":"","background-media":"","overlay-type":"","overlay-color":"","overlay-opacity":"","overlay-gradient":""}},"ast-content-background-meta":{"desktop":{"background-color":"var(--ast-global-color-5)","background-image":"","background-repeat":"repeat","background-position":"center center","background-size":"auto","background-attachment":"scroll","background-type":"","background-media":"","overlay-type":"","overlay-color":"","overlay-opacity":"","overlay-gradient":""},"tablet":{"background-color":"var(--ast-global-color-5)","background-image":"","background-repeat":"repeat","background-position":"center center","background-size":"auto","background-attachment":"scroll","background-type":"","background-media":"","overlay-type":"","overlay-color":"","overlay-opacity":"","overlay-gradient":""},"mobile":{"background-color":"var(--ast-global-color-5)","background-image":"","background-repeat":"repeat","background-position":"center center","background-size":"auto","background-attachment":"scroll","background-type":"","background-media":"","overlay-type":"","overlay-color":"","overlay-opacity":"","overlay-gradient":""}}},"product_brand":[],"product_cat":[176],"product_tag":[],"class_list":{"0":"post-23191","1":"product","2":"type-product","3":"status-publish","4":"has-post-thumbnail","6":"product_cat-concrete-treatment","7":"desktop-align-left","8":"tablet-align-left","9":"mobile-align-left","11":"first","12":"instock","13":"sale","14":"shipping-taxable","15":"purchasable","16":"product-type-variable","17":"has-default-attributes"},"spectra_custom_meta":{"_visibility":["visible"],"_shopify_product_id":["9058928328949"],"_s2w_shopify_domain":["ferberpainting.myshopify.com"],"_shopify_variant_id":["46479679586549"],"_sku":[""],"_manage_stock":["no"],"total_sales":["208"],"_tax_status":["taxable"],"_tax_class":[""],"_backorders":["no"],"_sold_individually":["no"],"_virtual":["no"],"_downloadable":["no"],"_download_limit":["-1"],"_download_expiry":["-1"],"_stock":[null],"_stock_status":["instock"],"_wc_average_rating":["4.67"],"_wc_review_count":["6"],"_product_attributes":["a:1:{s:6:\"volume\";a:6:{s:4:\"name\";s:6:\"Volume\";s:5:\"value\";s:20:\"5 liters | 25 liters\";s:8:\"position\";i:1;s:10:\"is_visible\";i:0;s:12:\"is_variation\";i:1;s:11:\"is_taxonomy\";i:0;}}"],"_product_version":["10.5.1"],"_thumbnail_id":["25750"],"_product_image_gallery":["25751"],"wpse_downloadable_file_names":[""],"wpse_downloadable_file_urls":[""],"_edit_last":["1"],"_default_attributes":["a:1:{s:6:\"volume\";s:8:\"5 liters\";}"],"_edit_lock":["1771159457:1"],"merchant-center-availability":["yes"],"merchant-center-category":["2277"],"_price":["29.90","129.90"],"_wp_page_template":["default"],"site-sidebar-layout":["default"],"ast-site-content-layout":["default"],"site-content-style":["default"],"site-sidebar-style":["default"],"theme-transparent-header-meta":["default"],"_wc_rating_count":["a:2:{i:4;i:2;i:5;i:4;}"],"astra-migrate-meta-layouts":["set"],"_uag_css_file_name":["uag-css-23191.css"],"_elementor_page_assets":["a:0:{}"],"_uag_page_assets":["a:9:{s:3:\"css\";s:6873:\".wp-block-uagb-image{display:flex}.wp-block-uagb-image__figure{position:relative;display:flex;flex-direction:column;max-width:100%;height:auto;margin:0}.wp-block-uagb-image__figure img{height:auto;display:flex;max-width:100%;transition:box-shadow .2s ease}.wp-block-uagb-image__figure>a{display:inline-block}.wp-block-uagb-image__figure figcaption{text-align:center;margin-top:.5em;margin-bottom:1em}.wp-block-uagb-image .components-placeholder.block-editor-media-placeholder .components-placeholder__instructions{align-self:center}.wp-block-uagb-image--align-left{text-align:left}.wp-block-uagb-image--align-right{text-align:right}.wp-block-uagb-image--align-center{text-align:center}.wp-block-uagb-image--align-full .wp-block-uagb-image__figure{margin-left:calc(50% - 50vw);margin-right:calc(50% - 50vw);max-width:100vw;width:100vw;height:auto}.wp-block-uagb-image--align-full .wp-block-uagb-image__figure img{height:auto;width:100% !important}.wp-block-uagb-image--align-wide .wp-block-uagb-image__figure img{height:auto;width:100%}.wp-block-uagb-image--layout-overlay__color-wrapper{position:absolute;left:0;top:0;right:0;bottom:0;opacity:.2;background:rgba(0,0,0,.5);transition:opacity .35s ease-in-out}.wp-block-uagb-image--layout-overlay-link{position:absolute;left:0;right:0;bottom:0;top:0}.wp-block-uagb-image--layout-overlay .wp-block-uagb-image__figure:hover .wp-block-uagb-image--layout-overlay__color-wrapper{opacity:1}.wp-block-uagb-image--layout-overlay__inner{position:absolute;left:15px;right:15px;bottom:15px;top:15px;display:flex;align-items:center;justify-content:center;flex-direction:column;border-color:#fff;transition:.35s ease-in-out}.wp-block-uagb-image--layout-overlay__inner.top-left,.wp-block-uagb-image--layout-overlay__inner.top-center,.wp-block-uagb-image--layout-overlay__inner.top-right{justify-content:flex-start}.wp-block-uagb-image--layout-overlay__inner.bottom-left,.wp-block-uagb-image--layout-overlay__inner.bottom-center,.wp-block-uagb-image--layout-overlay__inner.bottom-right{justify-content:flex-end}.wp-block-uagb-image--layout-overlay__inner.top-left,.wp-block-uagb-image--layout-overlay__inner.center-left,.wp-block-uagb-image--layout-overlay__inner.bottom-left{align-items:flex-start}.wp-block-uagb-image--layout-overlay__inner.top-right,.wp-block-uagb-image--layout-overlay__inner.center-right,.wp-block-uagb-image--layout-overlay__inner.bottom-right{align-items:flex-end}.wp-block-uagb-image--layout-overlay__inner .uagb-image-heading{color:#fff;transition:transform .35s,opacity .35s ease-in-out;transform:translate3d(0, 24px, 0);margin:0;line-height:1em}.wp-block-uagb-image--layout-overlay__inner .uagb-image-separator{width:30%;border-top-width:2px;border-top-color:#fff;border-top-style:solid;margin-bottom:10px;opacity:0;transition:transform .4s,opacity .4s ease-in-out;transform:translate3d(0, 30px, 0)}.wp-block-uagb-image--layout-overlay__inner .uagb-image-caption{opacity:0;overflow:visible;color:#fff;transition:transform .45s,opacity .45s ease-in-out;transform:translate3d(0, 35px, 0)}.wp-block-uagb-image--layout-overlay__inner:hover .uagb-image-heading,.wp-block-uagb-image--layout-overlay__inner:hover .uagb-image-separator,.wp-block-uagb-image--layout-overlay__inner:hover .uagb-image-caption{opacity:1;transform:translate3d(0, 0, 0)}.wp-block-uagb-image--effect-zoomin .wp-block-uagb-image__figure img,.wp-block-uagb-image--effect-zoomin .wp-block-uagb-image__figure .wp-block-uagb-image--layout-overlay__color-wrapper{transform:scale(1);transition:transform .35s ease-in-out}.wp-block-uagb-image--effect-zoomin .wp-block-uagb-image__figure:hover img,.wp-block-uagb-image--effect-zoomin .wp-block-uagb-image__figure:hover .wp-block-uagb-image--layout-overlay__color-wrapper{transform:scale(1.05)}.wp-block-uagb-image--effect-slide .wp-block-uagb-image__figure img,.wp-block-uagb-image--effect-slide .wp-block-uagb-image__figure .wp-block-uagb-image--layout-overlay__color-wrapper{width:calc(100% + 40px) !important;max-width:none !important;transform:translate3d(-40px, 0, 0);transition:transform .35s ease-in-out}.wp-block-uagb-image--effect-slide .wp-block-uagb-image__figure:hover img,.wp-block-uagb-image--effect-slide .wp-block-uagb-image__figure:hover .wp-block-uagb-image--layout-overlay__color-wrapper{transform:translate3d(0, 0, 0)}.wp-block-uagb-image--effect-grayscale img{filter:grayscale(0%);transition:.35s ease-in-out}.wp-block-uagb-image--effect-grayscale:hover img{filter:grayscale(100%)}.wp-block-uagb-image--effect-blur img{filter:blur(0);transition:.35s ease-in-out}.wp-block-uagb-image--effect-blur:hover img{filter:blur(3px)}.uagb-block-e6f939b3.wp-block-uagb-image--layout-default figure img{box-shadow: 0px 0px 0 #00000070;}.uagb-block-e6f939b3.wp-block-uagb-image .wp-block-uagb-image__figure figcaption{font-style: normal;align-self: center;}.uagb-block-e6f939b3.wp-block-uagb-image--layout-overlay figure img{box-shadow: 0px 0px 0 #00000070;}.uagb-block-e6f939b3.wp-block-uagb-image--layout-overlay .wp-block-uagb-image--layout-overlay__color-wrapper{opacity: 0.2;}.uagb-block-e6f939b3.wp-block-uagb-image--layout-overlay .wp-block-uagb-image--layout-overlay__inner{left: 15px;right: 15px;top: 15px;bottom: 15px;}.uagb-block-e6f939b3.wp-block-uagb-image--layout-overlay .wp-block-uagb-image--layout-overlay__inner .uagb-image-heading{font-style: normal;color: #fff;opacity: 1;}.uagb-block-e6f939b3.wp-block-uagb-image--layout-overlay .wp-block-uagb-image--layout-overlay__inner .uagb-image-heading a{color: #fff;}.uagb-block-e6f939b3.wp-block-uagb-image--layout-overlay .wp-block-uagb-image--layout-overlay__inner .uagb-image-caption{opacity: 0;}.uagb-block-e6f939b3.wp-block-uagb-image--layout-overlay .wp-block-uagb-image__figure:hover .wp-block-uagb-image--layout-overlay__color-wrapper{opacity: 1;}.uagb-block-e6f939b3.wp-block-uagb-image .wp-block-uagb-image--layout-overlay__inner .uagb-image-separator{width: 30%;border-top-width: 2px;border-top-color: #fff;opacity: 0;}.uagb-block-e6f939b3.wp-block-uagb-image .wp-block-uagb-image__figure img{width: px;height: auto;}.uagb-block-e6f939b3.wp-block-uagb-image .wp-block-uagb-image__figure:hover .wp-block-uagb-image--layout-overlay__inner .uagb-image-caption{opacity: 1;}.uagb-block-e6f939b3.wp-block-uagb-image .wp-block-uagb-image__figure:hover .wp-block-uagb-image--layout-overlay__inner .uagb-image-separator{opacity: 1;}.uagb-block-e6f939b3.wp-block-uagb-image--layout-default figure:hover img{box-shadow: 0px 0px 0 #00000070;}.uagb-block-e6f939b3.wp-block-uagb-image--layout-overlay figure:hover img{box-shadow: 0px 0px 0 #00000070;}@media only screen and (max-width: 976px) {.uagb-block-e6f939b3.wp-block-uagb-image .wp-block-uagb-image__figure img{width: px;height: auto;}}@media only screen and (max-width: 767px) {.uagb-block-e6f939b3.wp-block-uagb-image .wp-block-uagb-image__figure img{width: px;height: auto;}}\";s:2:\"js\";s:0:\"\";s:18:\"current_block_list\";a:13:{i:0;s:11:\"core\/search\";i:1;s:10:\"core\/group\";i:2;s:12:\"core\/heading\";i:3;s:17:\"core\/latest-posts\";i:4;s:20:\"core\/latest-comments\";i:5;s:13:\"core\/archives\";i:6;s:15:\"core\/categories\";i:7;s:14:\"core\/paragraph\";i:8;s:10:\"uagb\/image\";i:9;s:11:\"core\/spacer\";i:10;s:30:\"woocommerce\/product-categories\";i:11;s:10:\"core\/image\";i:12;s:14:\"core\/shortcode\";}s:8:\"uag_flag\";b:1;s:11:\"uag_version\";s:10:\"1777096158\";s:6:\"gfonts\";a:0:{}s:10:\"gfonts_url\";s:0:\"\";s:12:\"gfonts_files\";a:0:{}s:14:\"uag_faq_layout\";b:0;}"]},"uagb_featured_image_src":{"full":["https:\/\/www.ferberpainting.com\/wp-content\/uploads\/2025\/05\/DampWallandRisingDampTreatment5L.png",2560,2560,false],"thumbnail":["https:\/\/www.ferberpainting.com\/wp-content\/uploads\/2025\/05\/DampWallandRisingDampTreatment5L-150x150.png",150,150,true],"medium":["https:\/\/www.ferberpainting.com\/wp-content\/uploads\/2025\/05\/DampWallandRisingDampTreatment5L-300x300.png",300,300,true],"medium_large":["https:\/\/www.ferberpainting.com\/wp-content\/uploads\/2025\/05\/DampWallandRisingDampTreatment5L-768x768.png",768,768,true],"large":["https:\/\/www.ferberpainting.com\/wp-content\/uploads\/2025\/05\/DampWallandRisingDampTreatment5L-1024x1024.png",1024,1024,true],"1536x1536":["https:\/\/www.ferberpainting.com\/wp-content\/uploads\/2025\/05\/DampWallandRisingDampTreatment5L-1536x1536.png",1536,1536,true],"2048x2048":["https:\/\/www.ferberpainting.com\/wp-content\/uploads\/2025\/05\/DampWallandRisingDampTreatment5L-2048x2048.png",2048,2048,true],"trp-custom-language-flag":["https:\/\/www.ferberpainting.com\/wp-content\/uploads\/2025\/05\/DampWallandRisingDampTreatment5L-12x12.png",12,12,true],"woocommerce_thumbnail":["https:\/\/www.ferberpainting.com\/wp-content\/uploads\/2025\/05\/DampWallandRisingDampTreatment5L-300x300.png",300,300,true],"woocommerce_single":["https:\/\/www.ferberpainting.com\/wp-content\/uploads\/2025\/05\/DampWallandRisingDampTreatment5L-600x600.png",600,600,true],"woocommerce_gallery_thumbnail":["https:\/\/www.ferberpainting.com\/wp-content\/uploads\/2025\/05\/DampWallandRisingDampTreatment5L-100x100.png",100,100,true]},"uagb_author_info":{"display_name":"admin","author_link":"https:\/\/www.ferberpainting.com\/de\/author\/"},"uagb_comment_info":6,"uagb_excerpt":"Long-lasting Moisture Elimination.\u00a0This specially designed treatment for damp walls effectively blocks rising damp and prevents water from infiltrating the walls through capillarity. Thanks to its high-performance waterproofing action, it forms an impermeable barrier that permanently stops ascending moisture and protects structures from water-related damage. Money-back Guarantee.\u00a0Because we have complete confidence in the effectiveness of our&hellip;","_links":{"self":[{"href":"https:\/\/www.ferberpainting.com\/de\/wp-json\/wp\/v2\/product\/23191","targetHints":{"allow":["GET"]}}],"collection":[{"href":"https:\/\/www.ferberpainting.com\/de\/wp-json\/wp\/v2\/product"}],"about":[{"href":"https:\/\/www.ferberpainting.com\/de\/wp-json\/wp\/v2\/types\/product"}],"replies":[{"embeddable":true,"href":"https:\/\/www.ferberpainting.com\/de\/wp-json\/wp\/v2\/comments?post=23191"}],"version-history":[{"count":4,"href":"https:\/\/www.ferberpainting.com\/de\/wp-json\/wp\/v2\/product\/23191\/revisions"}],"predecessor-version":[{"id":166093,"href":"https:\/\/www.ferberpainting.com\/de\/wp-json\/wp\/v2\/product\/23191\/revisions\/166093"}],"wp:featuredmedia":[{"embeddable":true,"href":"https:\/\/www.ferberpainting.com\/de\/wp-json\/wp\/v2\/media\/25750"}],"wp:attachment":[{"href":"https:\/\/www.ferberpainting.com\/de\/wp-json\/wp\/v2\/media?parent=23191"}],"wp:term":[{"taxonomy":"product_brand","embeddable":true,"href":"https:\/\/www.ferberpainting.com\/de\/wp-json\/wp\/v2\/product_brand?post=23191"},{"taxonomy":"product_cat","embeddable":true,"href":"https:\/\/www.ferberpainting.com\/de\/wp-json\/wp\/v2\/product_cat?post=23191"},{"taxonomy":"product_tag","embeddable":true,"href":"https:\/\/www.ferberpainting.com\/de\/wp-json\/wp\/v2\/product_tag?post=23191"}],"curies":[{"name":"wp","href":"https:\/\/api.w.org\/{rel}","templated":true}]}}