{"id":23171,"date":"2025-07-01T16:43:49","date_gmt":"2025-07-01T14:43:49","guid":{"rendered":"https:\/\/www.ferberpainting.com\/?post_type=product&#038;p=23171"},"modified":"2026-02-15T13:36:11","modified_gmt":"2026-02-15T12:36:11","slug":"concrete-and-cement-water-repellent","status":"publish","type":"product","link":"https:\/\/www.ferberpainting.com\/de\/products\/concrete-and-cement-water-repellent\/","title":{"rendered":"Wasserabweisendes f\u00fcr Beton und Zementoberfl\u00e4chen"},"content":{"rendered":"<p><img decoding=\"async\" style=\"margin-right: 12px;\" src=\"https:\/\/www.ferberpainting.com\/wp-content\/uploads\/2026\/02\/Check.svg\" alt=\"\" width=\"18\" height=\"15\" \/><strong>Optimaler Schutz vor N\u00e4sse.<\/strong>\u00a0Das Impr\u00e4gniermittel f\u00fcr Beton und Zement ist die ideale L\u00f6sung, um Betonoberfl\u00e4chen vor Feuchtigkeit, Wasserinfiltration und feuchtigkeitsbedingtem Abbau zu sch\u00fctzen. Durch die Schaffung einer hydrophoben Barriere wird das Eindringen von Wasser verhindert, w\u00e4hrend das Material atmen kann, was f\u00fcr die Vermeidung von Schimmelbildung und die Verl\u00e4ngerung der Lebensdauer von Bauwerken unerl\u00e4sslich ist.<\/p>\n<p><img decoding=\"async\" style=\"margin-right: 12px;\" src=\"https:\/\/www.ferberpainting.com\/wp-content\/uploads\/2026\/02\/Check.svg\" alt=\"\" width=\"18\" height=\"15\" \/><strong>Geld-zur\u00fcck-Garantie.<\/strong>\u00a0Wir haben volles Vertrauen in die Wirksamkeit unseres Produkts, weshalb wir eine Zufriedenheits- oder Geld-zur\u00fcck-Garantie anbieten. Wenn Sie nicht ganz zufrieden sind, k\u00f6nnen Sie eine vollst\u00e4ndige R\u00fcckerstattung verlangen. Diese Garantie erm\u00f6glicht es Ihnen, das Produkt risikofrei und in aller Ruhe zu testen.<\/p>\n<p><img decoding=\"async\" style=\"margin-right: 12px;\" src=\"https:\/\/www.ferberpainting.com\/wp-content\/uploads\/2026\/02\/Check.svg\" alt=\"\" width=\"18\" height=\"15\" \/><strong>Vielseitige Anwendung.<\/strong>\u00a0Dieses Produkt ist speziell f\u00fcr Beton und Zement, aber auch f\u00fcr \u00e4hnliche Materialien wie M\u00f6rtel und Estrich geeignet. Ob f\u00fcr Au\u00dfenstrukturen wie Mauern, Einfahrten, Terrassen oder f\u00fcr Fundamente und Keller, dieses Impr\u00e4gniermittel ist eine vielseitige L\u00f6sung, die eine breite Palette von Schutzanforderungen erf\u00fcllt.<\/p>\n<p><img decoding=\"async\" style=\"margin-right: 12px;\" src=\"https:\/\/www.ferberpainting.com\/wp-content\/uploads\/2026\/02\/Check.svg\" alt=\"\" width=\"18\" height=\"15\" \/><strong>Wirtschaftliche Leistung.<\/strong>\u00a0Der Beton- und Zement-Impr\u00e4gnierer bietet ein hervorragendes Preis-Leistungs-Verh\u00e4ltnis. Eine 5-Liter-Dose deckt eine Fl\u00e4che von 30 bis 50 m\u00b2 ab, je nach Porosit\u00e4t des Untergrunds. So k\u00f6nnen Sie gro\u00dfe Fl\u00e4chen mit einem relativ kosteng\u00fcnstigen Produkt behandeln. Dank seiner Effizienz ist in der Regel nur eine Anwendung f\u00fcr einen dauerhaften Oberfl\u00e4chenschutz erforderlich.<\/p>\n<p><img decoding=\"async\" style=\"margin-right: 12px;\" src=\"https:\/\/www.ferberpainting.com\/wp-content\/uploads\/2026\/02\/Check.svg\" alt=\"\" width=\"18\" height=\"15\" \/><strong>Sicher f\u00fcr Anwender und Umwelt.<\/strong>\u00a0Dank sorgf\u00e4ltig ausgew\u00e4hlter Inhaltsstoffe ist dieses Impr\u00e4gniermittel bei bestimmungsgem\u00e4\u00dfem Gebrauch gesundheitlich unbedenklich. Er ist au\u00dferdem umweltfreundlich, da er keine giftigen Stoffe freisetzt und weder B\u00f6den noch Gew\u00e4sser verschmutzt. Er kann auch in geschlossenen R\u00e4umen oder in der N\u00e4he von Pflanzen und sensiblen Bereichen sicher verwendet werden.<\/p>\n<p><img decoding=\"async\" style=\"margin-right: 12px;\" src=\"https:\/\/www.ferberpainting.com\/wp-content\/uploads\/2026\/02\/Check.svg\" alt=\"\" width=\"18\" height=\"15\" \/><strong>Einfache und schnelle Anwendung.<\/strong>\u00a0Dieses Produkt ist extrem einfach zu verwenden. Es ist sofort einsatzbereit und erfordert keine Verd\u00fcnnung oder besondere Vorbereitung, so dass die Anwendung schnell und problemlos ist. Einfach aufspr\u00fchen oder mit einem Pinsel oder einer Rolle auf die gew\u00fcnschten Oberfl\u00e4chen auftragen. Die direkte Anwendung erfordert keine besonderen F\u00e4higkeiten, so dass es auch f\u00fcr Heimwerker geeignet ist.<\/p>\n<p><img decoding=\"async\" style=\"margin-right: 12px;\" src=\"https:\/\/www.ferberpainting.com\/wp-content\/uploads\/2026\/02\/Check.svg\" alt=\"\" width=\"18\" height=\"15\" \/><strong>Au\u00dfergew\u00f6hnliche Langlebigkeit.<\/strong>\u00a0Einmal aufgetragen, bildet der Impr\u00e4gnierer eine lang anhaltende, witterungsbest\u00e4ndige Schutzbarriere. Dank seiner hochwertigen Formel bildet er einen unsichtbaren wasserdichten Film, der das Eindringen von Wasser in Beton oder Zement verhindert. Der Schutz bleibt mehrere Monate oder sogar Jahre lang wirksam, je nach Exposition und Pflege der Oberfl\u00e4che.<\/p>\n<p><img decoding=\"async\" style=\"margin-right: 12px;\" src=\"https:\/\/www.ferberpainting.com\/wp-content\/uploads\/2026\/02\/Check.svg\" alt=\"\" width=\"18\" height=\"15\" \/><strong>Schnelle Effizienz.<\/strong>\u00a0Dieses Produkt wirkt schnell. Nach dem Auftragen dringt es sofort tief in die Poren von Beton oder Zement ein und beginnt in k\u00fcrzester Zeit, eine Schutzbarriere zu bilden. Es trocknet je nach Klima in etwa 30 bis 60 Minuten, so dass Sie die behandelte Fl\u00e4che schnell wieder verwenden k\u00f6nnen, ohne Stunden oder Tage auf den vollst\u00e4ndigen Schutz warten zu m\u00fcssen.<\/p>\n<h2><strong>Verwendungsprotokoll<\/strong><\/h2>\n<ul>\n<li><strong>Vorbereitung der Oberfl\u00e4che <\/strong>: Vergewissern Sie sich vor dem Auftragen des Impr\u00e4gniermittels, dass der Untergrund sauber, trocken und frei von Staub, Schmutz oder \u00d6l ist. Reinigen Sie die Oberfl\u00e4che bei Bedarf mit einem geeigneten Reinigungsmittel und lassen Sie sie 24 Stunden lang trocknen. Die Oberfl\u00e4che muss vor dem Auftragen vollst\u00e4ndig trocken sein, um eine optimale Haftung zu gew\u00e4hrleisten.<\/li>\n<li><strong>Produkt Anwendung <\/strong>: Der Impr\u00e4gnierer ist gebrauchsfertig - keine Verd\u00fcnnung erforderlich. Vor jedem Gebrauch gut sch\u00fctteln. Gleichm\u00e4\u00dfig mit einem Spr\u00fchger\u00e4t, einem Pinsel oder einer Rolle auftragen. F\u00fcr gro\u00dfe Fl\u00e4chen wird ein Spr\u00fchger\u00e4t empfohlen, um eine schnellere und gleichm\u00e4\u00dfigere Abdeckung zu erzielen.<\/li>\n<li><strong>Zu verwendender Betrag <\/strong>: Je nach Porosit\u00e4t werden mit einem Liter etwa 6 bis 10 m\u00b2 behandelt. Es ist wichtig, die Fl\u00e4che im Voraus zu sch\u00e4tzen. Wenn die Oberfl\u00e4che sehr por\u00f6s ist, tragen Sie 15-20 Minuten nach dem ersten Auftrag eine zweite Schicht auf, um den Schutz zu verbessern.<\/li>\n<li><strong>Trocknungszeit <\/strong>: Lassen Sie das Produkt nach dem Auftragen 30 bis 60 Minuten lang trocknen, je nach Luftfeuchtigkeit und Umgebungstemperatur. Vergewissern Sie sich, dass die Oberfl\u00e4che vollst\u00e4ndig trocken ist, bevor Sie sie verwenden oder mit Wasser in Ber\u00fchrung kommen. Vermeiden Sie es, die Oberfl\u00e4che in den ersten Stunden nach dem Auftragen Feuchtigkeit auszusetzen, um eine maximale Leistung zu gew\u00e4hrleisten.<\/li>\n<li><strong>Wiederbewerbung <\/strong>: Je nach Witterungseinfl\u00fcssen und Abnutzung der Oberfl\u00e4che alle 12 bis 18 Monate neu auftragen. Wenn wieder Anzeichen von Feuchtigkeit auftreten oder Wasser einzudringen beginnt, tragen Sie eine neue Schicht auf, um die volle Wirksamkeit wiederherzustellen.<\/li>\n<li><strong>Wartung <\/strong>: Um die Lebensdauer des Produkts zu verl\u00e4ngern, vermeiden Sie Scheuermittel oder scharfe chemische Reinigungsmittel auf den behandelten Oberfl\u00e4chen. Bevorzugen Sie die sanfte Reinigung mit Wasser und einem weichen Tuch.<\/li>\n<\/ul>\n<p>Der Impr\u00e4gnierer f\u00fcr Beton und Zement ist eine vollst\u00e4ndige, wirksame und wirtschaftliche L\u00f6sung zum Schutz Ihrer Oberfl\u00e4chen vor Feuchtigkeit. Die einfache Anwendung, die sofortige Wirkung und die Langlebigkeit machen es zu einem Produkt der ersten Wahl, um die Lebensdauer von Beton- und Zementstrukturen zu erhalten. Dank seiner ungiftigen Formel und seiner Umweltvertr\u00e4glichkeit kann es von jedermann unbesorgt verwendet werden.<\/p>","protected":false},"excerpt":{"rendered":"<p>Optimal Protection Against Moisture.\u00a0The concrete and cement waterproofer is the ideal solution to protect concrete surfaces from moisture, water infiltration, and humidity-related degradation. By creating a hydrophobic barrier, it prevents water from penetrating while allowing the material to breathe, which is essential to prevent mold formation and extend the lifespan of structures. Money-back guarantee.\u00a0We have [&hellip;]<\/p>\n","protected":false},"featured_media":36478,"comment_status":"open","ping_status":"closed","template":"","meta":{"_uag_custom_page_level_css":"","site-sidebar-layout":"default","site-content-layout":"","ast-site-content-layout":"default","site-content-style":"default","site-sidebar-style":"default","ast-global-header-display":"","ast-banner-title-visibility":"","ast-main-header-display":"","ast-hfb-above-header-display":"","ast-hfb-below-header-display":"","ast-hfb-mobile-header-display":"","site-post-title":"","ast-breadcrumbs-content":"","ast-featured-img":"","footer-sml-layout":"","ast-disable-related-posts":"","theme-transparent-header-meta":"default","adv-header-id-meta":"","stick-header-meta":"","header-above-stick-meta":"","header-main-stick-meta":"","header-below-stick-meta":"","astra-migrate-meta-layouts":"set","ast-page-background-enabled":"default","ast-page-background-meta":{"desktop":{"background-color":"var(--ast-global-color-4)","background-image":"","background-repeat":"repeat","background-position":"center center","background-size":"auto","background-attachment":"scroll","background-type":"","background-media":"","overlay-type":"","overlay-color":"","overlay-opacity":"","overlay-gradient":""},"tablet":{"background-color":"","background-image":"","background-repeat":"repeat","background-position":"center center","background-size":"auto","background-attachment":"scroll","background-type":"","background-media":"","overlay-type":"","overlay-color":"","overlay-opacity":"","overlay-gradient":""},"mobile":{"background-color":"","background-image":"","background-repeat":"repeat","background-position":"center center","background-size":"auto","background-attachment":"scroll","background-type":"","background-media":"","overlay-type":"","overlay-color":"","overlay-opacity":"","overlay-gradient":""}},"ast-content-background-meta":{"desktop":{"background-color":"var(--ast-global-color-5)","background-image":"","background-repeat":"repeat","background-position":"center center","background-size":"auto","background-attachment":"scroll","background-type":"","background-media":"","overlay-type":"","overlay-color":"","overlay-opacity":"","overlay-gradient":""},"tablet":{"background-color":"var(--ast-global-color-5)","background-image":"","background-repeat":"repeat","background-position":"center center","background-size":"auto","background-attachment":"scroll","background-type":"","background-media":"","overlay-type":"","overlay-color":"","overlay-opacity":"","overlay-gradient":""},"mobile":{"background-color":"var(--ast-global-color-5)","background-image":"","background-repeat":"repeat","background-position":"center center","background-size":"auto","background-attachment":"scroll","background-type":"","background-media":"","overlay-type":"","overlay-color":"","overlay-opacity":"","overlay-gradient":""}}},"product_brand":[],"product_cat":[176,191],"product_tag":[],"class_list":{"0":"post-23171","1":"product","2":"type-product","3":"status-publish","4":"has-post-thumbnail","6":"product_cat-concrete-treatment","7":"product_cat-water-repellent","8":"desktop-align-left","9":"tablet-align-left","10":"mobile-align-left","12":"first","13":"instock","14":"sale","15":"shipping-taxable","16":"purchasable","17":"product-type-variable","18":"has-default-attributes"},"spectra_custom_meta":{"_visibility":["visible"],"_shopify_product_id":["9106591973621"],"_s2w_shopify_domain":["ferberpainting.myshopify.com"],"_shopify_variant_id":["46626306851061"],"_sku":[""],"_manage_stock":["no"],"total_sales":["61"],"_tax_status":["taxable"],"_tax_class":[""],"_backorders":["no"],"_sold_individually":["no"],"_virtual":["no"],"_downloadable":["no"],"_download_limit":["-1"],"_download_expiry":["-1"],"_stock":[null],"_stock_status":["instock"],"_wc_average_rating":["5.00"],"_wc_review_count":["10"],"_product_attributes":["a:1:{s:6:\"volume\";a:6:{s:4:\"name\";s:6:\"Volume\";s:5:\"value\";s:20:\"5 liters | 25 liters\";s:8:\"position\";i:1;s:10:\"is_visible\";i:0;s:12:\"is_variation\";i:1;s:11:\"is_taxonomy\";i:0;}}"],"_product_version":["10.5.1"],"wpse_downloadable_file_names":[""],"wpse_downloadable_file_urls":[""],"_edit_last":["1"],"_default_attributes":["a:1:{s:6:\"volume\";s:8:\"5 liters\";}"],"_edit_lock":["1771158831:1"],"_price":["29.90","129.90"],"merchant-center-availability":["yes"],"merchant-center-category":["503744"],"_thumbnail_id":["36478"],"_wp_page_template":["default"],"_wp_old_date":["2025-05-26"],"_product_image_gallery":["36479"],"site-sidebar-layout":["default"],"ast-site-content-layout":["default"],"site-content-style":["default"],"site-sidebar-style":["default"],"theme-transparent-header-meta":["default"],"_wc_rating_count":["a:1:{i:5;i:10;}"],"astra-migrate-meta-layouts":["set"],"_uag_css_file_name":["uag-css-23171.css"],"_elementor_page_assets":["a:0:{}"],"_uag_page_assets":["a:9:{s:3:\"css\";s:6873:\".wp-block-uagb-image{display:flex}.wp-block-uagb-image__figure{position:relative;display:flex;flex-direction:column;max-width:100%;height:auto;margin:0}.wp-block-uagb-image__figure img{height:auto;display:flex;max-width:100%;transition:box-shadow .2s ease}.wp-block-uagb-image__figure>a{display:inline-block}.wp-block-uagb-image__figure figcaption{text-align:center;margin-top:.5em;margin-bottom:1em}.wp-block-uagb-image .components-placeholder.block-editor-media-placeholder .components-placeholder__instructions{align-self:center}.wp-block-uagb-image--align-left{text-align:left}.wp-block-uagb-image--align-right{text-align:right}.wp-block-uagb-image--align-center{text-align:center}.wp-block-uagb-image--align-full .wp-block-uagb-image__figure{margin-left:calc(50% - 50vw);margin-right:calc(50% - 50vw);max-width:100vw;width:100vw;height:auto}.wp-block-uagb-image--align-full .wp-block-uagb-image__figure img{height:auto;width:100% !important}.wp-block-uagb-image--align-wide .wp-block-uagb-image__figure img{height:auto;width:100%}.wp-block-uagb-image--layout-overlay__color-wrapper{position:absolute;left:0;top:0;right:0;bottom:0;opacity:.2;background:rgba(0,0,0,.5);transition:opacity .35s ease-in-out}.wp-block-uagb-image--layout-overlay-link{position:absolute;left:0;right:0;bottom:0;top:0}.wp-block-uagb-image--layout-overlay .wp-block-uagb-image__figure:hover .wp-block-uagb-image--layout-overlay__color-wrapper{opacity:1}.wp-block-uagb-image--layout-overlay__inner{position:absolute;left:15px;right:15px;bottom:15px;top:15px;display:flex;align-items:center;justify-content:center;flex-direction:column;border-color:#fff;transition:.35s ease-in-out}.wp-block-uagb-image--layout-overlay__inner.top-left,.wp-block-uagb-image--layout-overlay__inner.top-center,.wp-block-uagb-image--layout-overlay__inner.top-right{justify-content:flex-start}.wp-block-uagb-image--layout-overlay__inner.bottom-left,.wp-block-uagb-image--layout-overlay__inner.bottom-center,.wp-block-uagb-image--layout-overlay__inner.bottom-right{justify-content:flex-end}.wp-block-uagb-image--layout-overlay__inner.top-left,.wp-block-uagb-image--layout-overlay__inner.center-left,.wp-block-uagb-image--layout-overlay__inner.bottom-left{align-items:flex-start}.wp-block-uagb-image--layout-overlay__inner.top-right,.wp-block-uagb-image--layout-overlay__inner.center-right,.wp-block-uagb-image--layout-overlay__inner.bottom-right{align-items:flex-end}.wp-block-uagb-image--layout-overlay__inner .uagb-image-heading{color:#fff;transition:transform .35s,opacity .35s ease-in-out;transform:translate3d(0, 24px, 0);margin:0;line-height:1em}.wp-block-uagb-image--layout-overlay__inner .uagb-image-separator{width:30%;border-top-width:2px;border-top-color:#fff;border-top-style:solid;margin-bottom:10px;opacity:0;transition:transform .4s,opacity .4s ease-in-out;transform:translate3d(0, 30px, 0)}.wp-block-uagb-image--layout-overlay__inner .uagb-image-caption{opacity:0;overflow:visible;color:#fff;transition:transform .45s,opacity .45s ease-in-out;transform:translate3d(0, 35px, 0)}.wp-block-uagb-image--layout-overlay__inner:hover .uagb-image-heading,.wp-block-uagb-image--layout-overlay__inner:hover .uagb-image-separator,.wp-block-uagb-image--layout-overlay__inner:hover .uagb-image-caption{opacity:1;transform:translate3d(0, 0, 0)}.wp-block-uagb-image--effect-zoomin .wp-block-uagb-image__figure img,.wp-block-uagb-image--effect-zoomin .wp-block-uagb-image__figure .wp-block-uagb-image--layout-overlay__color-wrapper{transform:scale(1);transition:transform .35s ease-in-out}.wp-block-uagb-image--effect-zoomin .wp-block-uagb-image__figure:hover img,.wp-block-uagb-image--effect-zoomin .wp-block-uagb-image__figure:hover .wp-block-uagb-image--layout-overlay__color-wrapper{transform:scale(1.05)}.wp-block-uagb-image--effect-slide .wp-block-uagb-image__figure img,.wp-block-uagb-image--effect-slide .wp-block-uagb-image__figure .wp-block-uagb-image--layout-overlay__color-wrapper{width:calc(100% + 40px) !important;max-width:none !important;transform:translate3d(-40px, 0, 0);transition:transform .35s ease-in-out}.wp-block-uagb-image--effect-slide .wp-block-uagb-image__figure:hover img,.wp-block-uagb-image--effect-slide .wp-block-uagb-image__figure:hover .wp-block-uagb-image--layout-overlay__color-wrapper{transform:translate3d(0, 0, 0)}.wp-block-uagb-image--effect-grayscale img{filter:grayscale(0%);transition:.35s ease-in-out}.wp-block-uagb-image--effect-grayscale:hover img{filter:grayscale(100%)}.wp-block-uagb-image--effect-blur img{filter:blur(0);transition:.35s ease-in-out}.wp-block-uagb-image--effect-blur:hover img{filter:blur(3px)}.uagb-block-e6f939b3.wp-block-uagb-image--layout-default figure img{box-shadow: 0px 0px 0 #00000070;}.uagb-block-e6f939b3.wp-block-uagb-image .wp-block-uagb-image__figure figcaption{font-style: normal;align-self: center;}.uagb-block-e6f939b3.wp-block-uagb-image--layout-overlay figure img{box-shadow: 0px 0px 0 #00000070;}.uagb-block-e6f939b3.wp-block-uagb-image--layout-overlay .wp-block-uagb-image--layout-overlay__color-wrapper{opacity: 0.2;}.uagb-block-e6f939b3.wp-block-uagb-image--layout-overlay .wp-block-uagb-image--layout-overlay__inner{left: 15px;right: 15px;top: 15px;bottom: 15px;}.uagb-block-e6f939b3.wp-block-uagb-image--layout-overlay .wp-block-uagb-image--layout-overlay__inner .uagb-image-heading{font-style: normal;color: #fff;opacity: 1;}.uagb-block-e6f939b3.wp-block-uagb-image--layout-overlay .wp-block-uagb-image--layout-overlay__inner .uagb-image-heading a{color: #fff;}.uagb-block-e6f939b3.wp-block-uagb-image--layout-overlay .wp-block-uagb-image--layout-overlay__inner .uagb-image-caption{opacity: 0;}.uagb-block-e6f939b3.wp-block-uagb-image--layout-overlay .wp-block-uagb-image__figure:hover .wp-block-uagb-image--layout-overlay__color-wrapper{opacity: 1;}.uagb-block-e6f939b3.wp-block-uagb-image .wp-block-uagb-image--layout-overlay__inner .uagb-image-separator{width: 30%;border-top-width: 2px;border-top-color: #fff;opacity: 0;}.uagb-block-e6f939b3.wp-block-uagb-image .wp-block-uagb-image__figure img{width: px;height: auto;}.uagb-block-e6f939b3.wp-block-uagb-image .wp-block-uagb-image__figure:hover .wp-block-uagb-image--layout-overlay__inner .uagb-image-caption{opacity: 1;}.uagb-block-e6f939b3.wp-block-uagb-image .wp-block-uagb-image__figure:hover .wp-block-uagb-image--layout-overlay__inner .uagb-image-separator{opacity: 1;}.uagb-block-e6f939b3.wp-block-uagb-image--layout-default figure:hover img{box-shadow: 0px 0px 0 #00000070;}.uagb-block-e6f939b3.wp-block-uagb-image--layout-overlay figure:hover img{box-shadow: 0px 0px 0 #00000070;}@media only screen and (max-width: 976px) {.uagb-block-e6f939b3.wp-block-uagb-image .wp-block-uagb-image__figure img{width: px;height: auto;}}@media only screen and (max-width: 767px) {.uagb-block-e6f939b3.wp-block-uagb-image .wp-block-uagb-image__figure img{width: px;height: auto;}}\";s:2:\"js\";s:0:\"\";s:18:\"current_block_list\";a:13:{i:0;s:11:\"core\/search\";i:1;s:10:\"core\/group\";i:2;s:12:\"core\/heading\";i:3;s:17:\"core\/latest-posts\";i:4;s:20:\"core\/latest-comments\";i:5;s:13:\"core\/archives\";i:6;s:15:\"core\/categories\";i:7;s:14:\"core\/paragraph\";i:8;s:10:\"uagb\/image\";i:9;s:11:\"core\/spacer\";i:10;s:30:\"woocommerce\/product-categories\";i:11;s:10:\"core\/image\";i:12;s:14:\"core\/shortcode\";}s:8:\"uag_flag\";b:1;s:11:\"uag_version\";s:10:\"1777102684\";s:6:\"gfonts\";a:0:{}s:10:\"gfonts_url\";s:0:\"\";s:12:\"gfonts_files\";a:0:{}s:14:\"uag_faq_layout\";b:0;}"]},"uagb_featured_image_src":{"full":["https:\/\/www.ferberpainting.com\/wp-content\/uploads\/2025\/05\/Concrete-and-Cement-Water-Repellent-5L-.png",2560,2560,false],"thumbnail":["https:\/\/www.ferberpainting.com\/wp-content\/uploads\/2025\/05\/Concrete-and-Cement-Water-Repellent-5L--150x150.png",150,150,true],"medium":["https:\/\/www.ferberpainting.com\/wp-content\/uploads\/2025\/05\/Concrete-and-Cement-Water-Repellent-5L--300x300.png",300,300,true],"medium_large":["https:\/\/www.ferberpainting.com\/wp-content\/uploads\/2025\/05\/Concrete-and-Cement-Water-Repellent-5L--768x768.png",768,768,true],"large":["https:\/\/www.ferberpainting.com\/wp-content\/uploads\/2025\/05\/Concrete-and-Cement-Water-Repellent-5L--1024x1024.png",1024,1024,true],"1536x1536":["https:\/\/www.ferberpainting.com\/wp-content\/uploads\/2025\/05\/Concrete-and-Cement-Water-Repellent-5L--1536x1536.png",1536,1536,true],"2048x2048":["https:\/\/www.ferberpainting.com\/wp-content\/uploads\/2025\/05\/Concrete-and-Cement-Water-Repellent-5L--2048x2048.png",2048,2048,true],"trp-custom-language-flag":["https:\/\/www.ferberpainting.com\/wp-content\/uploads\/2025\/05\/Concrete-and-Cement-Water-Repellent-5L--12x12.png",12,12,true],"woocommerce_thumbnail":["https:\/\/www.ferberpainting.com\/wp-content\/uploads\/2025\/05\/Concrete-and-Cement-Water-Repellent-5L--300x300.png",300,300,true],"woocommerce_single":["https:\/\/www.ferberpainting.com\/wp-content\/uploads\/2025\/05\/Concrete-and-Cement-Water-Repellent-5L--600x600.png",600,600,true],"woocommerce_gallery_thumbnail":["https:\/\/www.ferberpainting.com\/wp-content\/uploads\/2025\/05\/Concrete-and-Cement-Water-Repellent-5L--100x100.png",100,100,true]},"uagb_author_info":{"display_name":"admin","author_link":"https:\/\/www.ferberpainting.com\/de\/author\/"},"uagb_comment_info":10,"uagb_excerpt":"Optimal Protection Against Moisture.\u00a0The concrete and cement waterproofer is the ideal solution to protect concrete surfaces from moisture, water infiltration, and humidity-related degradation. By creating a hydrophobic barrier, it prevents water from penetrating while allowing the material to breathe, which is essential to prevent mold formation and extend the lifespan of structures. Money-back guarantee.\u00a0We have&hellip;","_links":{"self":[{"href":"https:\/\/www.ferberpainting.com\/de\/wp-json\/wp\/v2\/product\/23171","targetHints":{"allow":["GET"]}}],"collection":[{"href":"https:\/\/www.ferberpainting.com\/de\/wp-json\/wp\/v2\/product"}],"about":[{"href":"https:\/\/www.ferberpainting.com\/de\/wp-json\/wp\/v2\/types\/product"}],"replies":[{"embeddable":true,"href":"https:\/\/www.ferberpainting.com\/de\/wp-json\/wp\/v2\/comments?post=23171"}],"version-history":[{"count":5,"href":"https:\/\/www.ferberpainting.com\/de\/wp-json\/wp\/v2\/product\/23171\/revisions"}],"predecessor-version":[{"id":166082,"href":"https:\/\/www.ferberpainting.com\/de\/wp-json\/wp\/v2\/product\/23171\/revisions\/166082"}],"wp:featuredmedia":[{"embeddable":true,"href":"https:\/\/www.ferberpainting.com\/de\/wp-json\/wp\/v2\/media\/36478"}],"wp:attachment":[{"href":"https:\/\/www.ferberpainting.com\/de\/wp-json\/wp\/v2\/media?parent=23171"}],"wp:term":[{"taxonomy":"product_brand","embeddable":true,"href":"https:\/\/www.ferberpainting.com\/de\/wp-json\/wp\/v2\/product_brand?post=23171"},{"taxonomy":"product_cat","embeddable":true,"href":"https:\/\/www.ferberpainting.com\/de\/wp-json\/wp\/v2\/product_cat?post=23171"},{"taxonomy":"product_tag","embeddable":true,"href":"https:\/\/www.ferberpainting.com\/de\/wp-json\/wp\/v2\/product_tag?post=23171"}],"curies":[{"name":"wp","href":"https:\/\/api.w.org\/{rel}","templated":true}]}}