{"id":23147,"date":"2025-05-26T10:22:59","date_gmt":"2025-05-26T08:22:59","guid":{"rendered":"https:\/\/www.ferberpainting.com\/products\/cockroach-killer\/"},"modified":"2026-02-15T13:30:04","modified_gmt":"2026-02-15T12:30:04","slug":"cockroach-killer","status":"publish","type":"product","link":"https:\/\/www.ferberpainting.com\/de\/products\/cockroach-killer\/","title":{"rendered":"Anti-Kakerlaken"},"content":{"rendered":"<p><img decoding=\"async\" style=\"margin-right: 12px;\" src=\"https:\/\/www.ferberpainting.com\/wp-content\/uploads\/2026\/02\/Check.svg\" alt=\"\" width=\"18\" height=\"15\" \/><strong>Beseitigt bis zu 5.000 Kakerlaken mit einem kr\u00e4ftigen 1-Liter-Spr\u00fchsto\u00df.<\/strong> Unser hochwirksamer Schabenkiller wurde speziell entwickelt, um einen starken Befall schnell und effizient zu beseitigen. Ein Liter reicht aus, um bis zu 5.000 Schaben zu vernichten. Ganz gleich, ob es sich um vereinzelte Sichtungen oder einen weit verbreiteten Befall handelt, dieses Spray liefert starke, sofortige Ergebnisse und stellt die Hygiene und Sicherheit in Ihrem Wohn- oder Arbeitsumfeld wieder her.<\/p>\n<p><strong><img decoding=\"async\" style=\"margin-right: 12px;\" src=\"https:\/\/www.ferberpainting.com\/wp-content\/uploads\/2026\/02\/Check.svg\" alt=\"\" width=\"18\" height=\"15\" \/>Die wirksamste L\u00f6sung zur Bek\u00e4mpfung von Schaben auf dem Markt.<\/strong> Dieses Spray wurde mit fortschrittlichen Wirkstoffen entwickelt und sorgt f\u00fcr eine schnelle Vernichtung bei Kontakt, w\u00e4hrend es auf den behandelten Oberfl\u00e4chen weiter wirkt. Es zielt direkt auf Schaben ab und tr\u00e4gt dazu bei, das \u00dcberleben von Kolonien zu verringern, indem es ihre Aktivit\u00e4tszonen unterbricht. Im Vergleich zu herk\u00f6mmlichen Fallen und Pulvern bietet dieses Spray schnellere, besser sichtbare und zuverl\u00e4ssigere Vernichtungsergebnisse.<\/p>\n<p><strong><img decoding=\"async\" style=\"margin-right: 12px;\" src=\"https:\/\/www.ferberpainting.com\/wp-content\/uploads\/2026\/02\/Check.svg\" alt=\"\" width=\"18\" height=\"15\" \/>Geld-zur\u00fcck-Garantie f\u00fcr absolutes Vertrauen.<\/strong> Wir stehen hinter der St\u00e4rke und Zuverl\u00e4ssigkeit unseres Kakerlakenkiller-Sprays. Wenn Sie mit der Leistung nicht zufrieden sind, bieten wir Ihnen eine volle R\u00fcckerstattung. Unsere Geld-zur\u00fcck-Garantie stellt sicher, dass Ihr Kauf v\u00f6llig risikofrei ist und spiegelt unser Vertrauen in eine professionelle Sch\u00e4dlingsbek\u00e4mpfung wider.<\/p>\n<p><strong><img decoding=\"async\" style=\"margin-right: 12px;\" src=\"https:\/\/www.ferberpainting.com\/wp-content\/uploads\/2026\/02\/Check.svg\" alt=\"\" width=\"18\" height=\"15\" \/>Das billigste professionelle Schabenspray auf dem Markt.<\/strong> Eine wirksame Sch\u00e4dlingsbek\u00e4mpfung muss nicht teuer sein. Unser Produkt kombiniert eine leistungsstarke Sch\u00e4dlingsbek\u00e4mpfung mit den wettbewerbsf\u00e4higsten Preisen auf dem Markt. Es bietet einen au\u00dfergew\u00f6hnlichen Wert im Vergleich zu teuren Sch\u00e4dlingsbek\u00e4mpfungsdiensten oder \u00fcberteuerten Markenalternativen.<\/p>\n<p><strong><img decoding=\"async\" style=\"margin-right: 12px;\" src=\"https:\/\/www.ferberpainting.com\/wp-content\/uploads\/2026\/02\/Check.svg\" alt=\"\" width=\"18\" height=\"15\" \/>Schnelle 24-Stunden-Lieferung bei dringendem Befall.<\/strong> Kakerlakenprobleme erfordern sofortiges Handeln. Deshalb bieten wir eine zuverl\u00e4ssige 24-Stunden-Lieferung an, damit Sie Ihr Spray schnell erhalten und ohne Verz\u00f6gerung mit der Behandlung beginnen k\u00f6nnen. Eine schnelle Reaktion hilft, eine weitere Ausbreitung des Befalls zu verhindern.<\/p>\n<p><strong><img decoding=\"async\" style=\"margin-right: 12px;\" src=\"https:\/\/www.ferberpainting.com\/wp-content\/uploads\/2026\/02\/Check.svg\" alt=\"\" width=\"18\" height=\"15\" \/>Schnelle Kontaktwirkung mit Restschutz.<\/strong> Das Spray t\u00f6tet Schaben sofort bei direktem Kontakt und hinterl\u00e4sst einen sch\u00fctzenden R\u00fcckstand auf den behandelten Fl\u00e4chen. Diese Restbarriere beseitigt auch weiterhin Insekten, die die behandelten Fl\u00e4chen \u00fcberqueren, und bietet so einen kontinuierlichen Schutz und verringert das Risiko eines erneuten Befalls.<\/p>\n<p><strong><img decoding=\"async\" style=\"margin-right: 12px;\" src=\"https:\/\/www.ferberpainting.com\/wp-content\/uploads\/2026\/02\/Check.svg\" alt=\"\" width=\"18\" height=\"15\" \/>Geeignet f\u00fcr Innen- und Au\u00dfenanwendungen.<\/strong> Dieses vielseitige Spray kann in K\u00fcchen, Badezimmern, Kellern, Garagen, Lagerr\u00e4umen, Restaurants, Lagerh\u00e4usern und Au\u00dfenbereichen verwendet werden. Es ist ideal f\u00fcr Wohn-, Gewerbe- und Industriebereiche, in denen Schaben auftreten k\u00f6nnen.<\/p>\n<p><strong><img decoding=\"async\" style=\"margin-right: 12px;\" src=\"https:\/\/www.ferberpainting.com\/wp-content\/uploads\/2026\/02\/Check.svg\" alt=\"\" width=\"18\" height=\"15\" \/>Pr\u00e4zises und einfach zu handhabendes Sprayformat.<\/strong> Die ergonomische Spr\u00fchflasche erm\u00f6glicht eine pr\u00e4zise und kontrollierte Anwendung. Sie k\u00f6nnen Risse, Spalten, Fu\u00dfleisten, unter Ger\u00e4ten und andere Verstecke pr\u00e4zise behandeln. Die gebrauchsfertige Fl\u00fcssigformel erfordert kein Mischen oder Vorbereiten.<\/p>\n<p><strong><img decoding=\"async\" style=\"margin-right: 12px;\" src=\"https:\/\/www.ferberpainting.com\/wp-content\/uploads\/2026\/02\/Check.svg\" alt=\"\" width=\"18\" height=\"15\" \/>Hilft, den Befallszyklus zu unterbrechen.<\/strong> Durch die Beseitigung aktiver Schaben und die Behandlung wichtiger Zugangspunkte reduziert das Spray die Brutaktivit\u00e4t und st\u00f6rt die Nistzonen. Die konsequente Anwendung in strategischen Bereichen schw\u00e4cht die Befallszyklen erheblich und verbessert die langfristige Kontrolle.<\/p>\n<p><strong><img decoding=\"async\" style=\"margin-right: 12px;\" src=\"https:\/\/www.ferberpainting.com\/wp-content\/uploads\/2026\/02\/Check.svg\" alt=\"\" width=\"18\" height=\"15\" \/>Entwickelt f\u00fcr die hygienische und kontrollierte Sch\u00e4dlingsbek\u00e4mpfung.<\/strong> Dieses Spray ist eine saubere Alternative zu Pulvern und verstreuten K\u00f6derprodukten. Es erm\u00f6glicht eine direkte Behandlung der betroffenen Bereiche, ohne sichtbare R\u00fcckst\u00e4nde zu hinterlassen, wenn es richtig angewendet wird, und tr\u00e4gt dazu bei, die Sauberkeit aufrechtzuerhalten und gleichzeitig starke Ergebnisse zu erzielen.<\/p>\n<h2><strong>Anweisungen<\/strong><\/h2>\n<ul>\n<li>Sch\u00fctteln Sie die Flasche vor Gebrauch gr\u00fcndlich, um eine gute Verteilung der Wirkstoffe zu gew\u00e4hrleisten.<\/li>\n<li>Ermitteln Sie Bereiche, in denen Schaben aktiv sind, z. B. Ritzen, Spalten, hinter Ger\u00e4ten, unter Waschbecken, entlang von Fu\u00dfleisten und in der N\u00e4he von Abfl\u00fcssen.<\/li>\n<li>Direkt auf sichtbare Kakerlaken spr\u00fchen, um sie sofort zu beseitigen.<\/li>\n<li>Spr\u00fchen Sie leicht und gleichm\u00e4\u00dfig an W\u00e4nden, Eing\u00e4ngen und Verstecken entlang, um eine Schutzbarriere zu schaffen.<\/li>\n<li>Je nach Schwere des Befalls und Art der Oberfl\u00e4che etwa 50 bis 100 ml pro 10 Quadratmeter verwenden. Eine \u00fcberm\u00e4\u00dfige S\u00e4ttigung ist zu vermeiden.<\/li>\n<li>Bei starkem Befall ist die Anwendung nach 24 bis 48 Stunden zu wiederholen, falls erforderlich.<\/li>\n<li>Bei Verwendung in Innenr\u00e4umen f\u00fcr ausreichende Bel\u00fcftung sorgen.<\/li>\n<li>Vermeiden Sie es, direkt auf Lebensmittel, Lebensmittelzubereitungsfl\u00e4chen oder Utensilien zu spr\u00fchen. Lebensmittel vor der Behandlung entfernen oder abdecken.<\/li>\n<li>Halten Sie Kinder und Haustiere von den behandelten Bereichen fern, bis die Oberfl\u00e4chen vollst\u00e4ndig getrocknet sind.<\/li>\n<li>Nach dem Gebrauch gr\u00fcndlich die H\u00e4nde waschen und Kontakt mit Augen und Haut vermeiden.<\/li>\n<li>Lagern Sie das Produkt an einem k\u00fchlen, trockenen Ort, fern von W\u00e4rmequellen und direkter Sonneneinstrahlung. Halten Sie den Beh\u00e4lter fest verschlossen, wenn Sie ihn nicht verwenden.<\/li>\n<\/ul>","protected":false},"excerpt":{"rendered":"<p>Eliminate up to 5,000 cockroaches with one powerful 1-liter spray. Our high-performance cockroach killer is specially formulated to eradicate heavy infestations quickly and efficiently, with one liter capable of eliminating up to 5,000 cockroaches. Whether you are dealing with isolated sightings or a widespread infestation, this spray delivers strong, immediate results and restores hygiene and [&hellip;]<\/p>\n","protected":false},"featured_media":29956,"comment_status":"open","ping_status":"closed","template":"","meta":{"_uag_custom_page_level_css":"","site-sidebar-layout":"default","site-content-layout":"","ast-site-content-layout":"default","site-content-style":"default","site-sidebar-style":"default","ast-global-header-display":"","ast-banner-title-visibility":"","ast-main-header-display":"","ast-hfb-above-header-display":"","ast-hfb-below-header-display":"","ast-hfb-mobile-header-display":"","site-post-title":"","ast-breadcrumbs-content":"","ast-featured-img":"","footer-sml-layout":"","ast-disable-related-posts":"","theme-transparent-header-meta":"default","adv-header-id-meta":"","stick-header-meta":"","header-above-stick-meta":"","header-main-stick-meta":"","header-below-stick-meta":"","astra-migrate-meta-layouts":"set","ast-page-background-enabled":"default","ast-page-background-meta":{"desktop":{"background-color":"var(--ast-global-color-4)","background-image":"","background-repeat":"repeat","background-position":"center center","background-size":"auto","background-attachment":"scroll","background-type":"","background-media":"","overlay-type":"","overlay-color":"","overlay-opacity":"","overlay-gradient":""},"tablet":{"background-color":"","background-image":"","background-repeat":"repeat","background-position":"center center","background-size":"auto","background-attachment":"scroll","background-type":"","background-media":"","overlay-type":"","overlay-color":"","overlay-opacity":"","overlay-gradient":""},"mobile":{"background-color":"","background-image":"","background-repeat":"repeat","background-position":"center center","background-size":"auto","background-attachment":"scroll","background-type":"","background-media":"","overlay-type":"","overlay-color":"","overlay-opacity":"","overlay-gradient":""}},"ast-content-background-meta":{"desktop":{"background-color":"var(--ast-global-color-5)","background-image":"","background-repeat":"repeat","background-position":"center center","background-size":"auto","background-attachment":"scroll","background-type":"","background-media":"","overlay-type":"","overlay-color":"","overlay-opacity":"","overlay-gradient":""},"tablet":{"background-color":"var(--ast-global-color-5)","background-image":"","background-repeat":"repeat","background-position":"center center","background-size":"auto","background-attachment":"scroll","background-type":"","background-media":"","overlay-type":"","overlay-color":"","overlay-opacity":"","overlay-gradient":""},"mobile":{"background-color":"var(--ast-global-color-5)","background-image":"","background-repeat":"repeat","background-position":"center center","background-size":"auto","background-attachment":"scroll","background-type":"","background-media":"","overlay-type":"","overlay-color":"","overlay-opacity":"","overlay-gradient":""}}},"product_brand":[],"product_cat":[183],"product_tag":[],"class_list":{"0":"post-23147","1":"product","2":"type-product","3":"status-publish","4":"has-post-thumbnail","6":"product_cat-pest-control","7":"desktop-align-left","8":"tablet-align-left","9":"mobile-align-left","11":"first","12":"instock","13":"sale","14":"shipping-taxable","15":"purchasable","16":"product-type-variable","17":"has-default-attributes"},"spectra_custom_meta":{"_visibility":["visible"],"_shopify_product_id":["7961605046517"],"_s2w_shopify_domain":["ferberpainting.myshopify.com"],"_shopify_variant_id":["43531902976245"],"_weight":["0.2"],"_thumbnail_id":["29956"],"total_sales":["136"],"_tax_status":["taxable"],"_tax_class":[""],"_manage_stock":["no"],"_backorders":["no"],"_sold_individually":["no"],"_virtual":["no"],"_downloadable":["no"],"_download_limit":["-1"],"_download_expiry":["-1"],"_stock":[null],"_stock_status":["instock"],"_wc_average_rating":["4.90"],"_wc_review_count":["62"],"_product_version":["10.5.1"],"_edit_lock":["1771158476:1"],"merchant-center-availability":["yes"],"merchant-center-category":["2869"],"merchant-center-id":["COCKROACHK"],"_edit_last":["1"],"_wp_page_template":["default"],"site-sidebar-layout":["default"],"ast-site-content-layout":["default"],"site-content-style":["default"],"site-sidebar-style":["default"],"theme-transparent-header-meta":["default"],"_wc_rating_count":["a:2:{i:4;i:6;i:5;i:56;}"],"_product_attributes":["a:1:{s:6:\"volume\";a:6:{s:4:\"name\";s:6:\"Volume\";s:5:\"value\";s:30:\"1 liter | 5 liters | 25 liters\";s:8:\"position\";i:0;s:10:\"is_visible\";i:0;s:12:\"is_variation\";i:1;s:11:\"is_taxonomy\";i:0;}}"],"_default_attributes":["a:1:{s:6:\"volume\";s:7:\"1 liter\";}"],"_price":["29.90","129.90","499.90"],"_product_image_gallery":["29957,29958"],"astra-migrate-meta-layouts":["set"],"_uag_css_file_name":["uag-css-23147.css"],"_elementor_page_assets":["a:0:{}"],"_uag_page_assets":["a:9:{s:3:\"css\";s:6873:\".wp-block-uagb-image{display:flex}.wp-block-uagb-image__figure{position:relative;display:flex;flex-direction:column;max-width:100%;height:auto;margin:0}.wp-block-uagb-image__figure img{height:auto;display:flex;max-width:100%;transition:box-shadow .2s ease}.wp-block-uagb-image__figure>a{display:inline-block}.wp-block-uagb-image__figure figcaption{text-align:center;margin-top:.5em;margin-bottom:1em}.wp-block-uagb-image .components-placeholder.block-editor-media-placeholder .components-placeholder__instructions{align-self:center}.wp-block-uagb-image--align-left{text-align:left}.wp-block-uagb-image--align-right{text-align:right}.wp-block-uagb-image--align-center{text-align:center}.wp-block-uagb-image--align-full .wp-block-uagb-image__figure{margin-left:calc(50% - 50vw);margin-right:calc(50% - 50vw);max-width:100vw;width:100vw;height:auto}.wp-block-uagb-image--align-full .wp-block-uagb-image__figure img{height:auto;width:100% !important}.wp-block-uagb-image--align-wide .wp-block-uagb-image__figure img{height:auto;width:100%}.wp-block-uagb-image--layout-overlay__color-wrapper{position:absolute;left:0;top:0;right:0;bottom:0;opacity:.2;background:rgba(0,0,0,.5);transition:opacity .35s ease-in-out}.wp-block-uagb-image--layout-overlay-link{position:absolute;left:0;right:0;bottom:0;top:0}.wp-block-uagb-image--layout-overlay .wp-block-uagb-image__figure:hover .wp-block-uagb-image--layout-overlay__color-wrapper{opacity:1}.wp-block-uagb-image--layout-overlay__inner{position:absolute;left:15px;right:15px;bottom:15px;top:15px;display:flex;align-items:center;justify-content:center;flex-direction:column;border-color:#fff;transition:.35s ease-in-out}.wp-block-uagb-image--layout-overlay__inner.top-left,.wp-block-uagb-image--layout-overlay__inner.top-center,.wp-block-uagb-image--layout-overlay__inner.top-right{justify-content:flex-start}.wp-block-uagb-image--layout-overlay__inner.bottom-left,.wp-block-uagb-image--layout-overlay__inner.bottom-center,.wp-block-uagb-image--layout-overlay__inner.bottom-right{justify-content:flex-end}.wp-block-uagb-image--layout-overlay__inner.top-left,.wp-block-uagb-image--layout-overlay__inner.center-left,.wp-block-uagb-image--layout-overlay__inner.bottom-left{align-items:flex-start}.wp-block-uagb-image--layout-overlay__inner.top-right,.wp-block-uagb-image--layout-overlay__inner.center-right,.wp-block-uagb-image--layout-overlay__inner.bottom-right{align-items:flex-end}.wp-block-uagb-image--layout-overlay__inner .uagb-image-heading{color:#fff;transition:transform .35s,opacity .35s ease-in-out;transform:translate3d(0, 24px, 0);margin:0;line-height:1em}.wp-block-uagb-image--layout-overlay__inner .uagb-image-separator{width:30%;border-top-width:2px;border-top-color:#fff;border-top-style:solid;margin-bottom:10px;opacity:0;transition:transform .4s,opacity .4s ease-in-out;transform:translate3d(0, 30px, 0)}.wp-block-uagb-image--layout-overlay__inner .uagb-image-caption{opacity:0;overflow:visible;color:#fff;transition:transform .45s,opacity .45s ease-in-out;transform:translate3d(0, 35px, 0)}.wp-block-uagb-image--layout-overlay__inner:hover .uagb-image-heading,.wp-block-uagb-image--layout-overlay__inner:hover .uagb-image-separator,.wp-block-uagb-image--layout-overlay__inner:hover .uagb-image-caption{opacity:1;transform:translate3d(0, 0, 0)}.wp-block-uagb-image--effect-zoomin .wp-block-uagb-image__figure img,.wp-block-uagb-image--effect-zoomin .wp-block-uagb-image__figure .wp-block-uagb-image--layout-overlay__color-wrapper{transform:scale(1);transition:transform .35s ease-in-out}.wp-block-uagb-image--effect-zoomin .wp-block-uagb-image__figure:hover img,.wp-block-uagb-image--effect-zoomin .wp-block-uagb-image__figure:hover .wp-block-uagb-image--layout-overlay__color-wrapper{transform:scale(1.05)}.wp-block-uagb-image--effect-slide .wp-block-uagb-image__figure img,.wp-block-uagb-image--effect-slide .wp-block-uagb-image__figure .wp-block-uagb-image--layout-overlay__color-wrapper{width:calc(100% + 40px) !important;max-width:none !important;transform:translate3d(-40px, 0, 0);transition:transform .35s ease-in-out}.wp-block-uagb-image--effect-slide .wp-block-uagb-image__figure:hover img,.wp-block-uagb-image--effect-slide .wp-block-uagb-image__figure:hover .wp-block-uagb-image--layout-overlay__color-wrapper{transform:translate3d(0, 0, 0)}.wp-block-uagb-image--effect-grayscale img{filter:grayscale(0%);transition:.35s ease-in-out}.wp-block-uagb-image--effect-grayscale:hover img{filter:grayscale(100%)}.wp-block-uagb-image--effect-blur img{filter:blur(0);transition:.35s ease-in-out}.wp-block-uagb-image--effect-blur:hover img{filter:blur(3px)}.uagb-block-e6f939b3.wp-block-uagb-image--layout-default figure img{box-shadow: 0px 0px 0 #00000070;}.uagb-block-e6f939b3.wp-block-uagb-image .wp-block-uagb-image__figure figcaption{font-style: normal;align-self: center;}.uagb-block-e6f939b3.wp-block-uagb-image--layout-overlay figure img{box-shadow: 0px 0px 0 #00000070;}.uagb-block-e6f939b3.wp-block-uagb-image--layout-overlay .wp-block-uagb-image--layout-overlay__color-wrapper{opacity: 0.2;}.uagb-block-e6f939b3.wp-block-uagb-image--layout-overlay .wp-block-uagb-image--layout-overlay__inner{left: 15px;right: 15px;top: 15px;bottom: 15px;}.uagb-block-e6f939b3.wp-block-uagb-image--layout-overlay .wp-block-uagb-image--layout-overlay__inner .uagb-image-heading{font-style: normal;color: #fff;opacity: 1;}.uagb-block-e6f939b3.wp-block-uagb-image--layout-overlay .wp-block-uagb-image--layout-overlay__inner .uagb-image-heading a{color: #fff;}.uagb-block-e6f939b3.wp-block-uagb-image--layout-overlay .wp-block-uagb-image--layout-overlay__inner .uagb-image-caption{opacity: 0;}.uagb-block-e6f939b3.wp-block-uagb-image--layout-overlay .wp-block-uagb-image__figure:hover .wp-block-uagb-image--layout-overlay__color-wrapper{opacity: 1;}.uagb-block-e6f939b3.wp-block-uagb-image .wp-block-uagb-image--layout-overlay__inner .uagb-image-separator{width: 30%;border-top-width: 2px;border-top-color: #fff;opacity: 0;}.uagb-block-e6f939b3.wp-block-uagb-image .wp-block-uagb-image__figure img{width: px;height: auto;}.uagb-block-e6f939b3.wp-block-uagb-image .wp-block-uagb-image__figure:hover .wp-block-uagb-image--layout-overlay__inner .uagb-image-caption{opacity: 1;}.uagb-block-e6f939b3.wp-block-uagb-image .wp-block-uagb-image__figure:hover .wp-block-uagb-image--layout-overlay__inner .uagb-image-separator{opacity: 1;}.uagb-block-e6f939b3.wp-block-uagb-image--layout-default figure:hover img{box-shadow: 0px 0px 0 #00000070;}.uagb-block-e6f939b3.wp-block-uagb-image--layout-overlay figure:hover img{box-shadow: 0px 0px 0 #00000070;}@media only screen and (max-width: 976px) {.uagb-block-e6f939b3.wp-block-uagb-image .wp-block-uagb-image__figure img{width: px;height: auto;}}@media only screen and (max-width: 767px) {.uagb-block-e6f939b3.wp-block-uagb-image .wp-block-uagb-image__figure img{width: px;height: auto;}}\";s:2:\"js\";s:0:\"\";s:18:\"current_block_list\";a:13:{i:0;s:11:\"core\/search\";i:1;s:10:\"core\/group\";i:2;s:12:\"core\/heading\";i:3;s:17:\"core\/latest-posts\";i:4;s:20:\"core\/latest-comments\";i:5;s:13:\"core\/archives\";i:6;s:15:\"core\/categories\";i:7;s:14:\"core\/paragraph\";i:8;s:10:\"uagb\/image\";i:9;s:11:\"core\/spacer\";i:10;s:30:\"woocommerce\/product-categories\";i:11;s:10:\"core\/image\";i:12;s:14:\"core\/shortcode\";}s:8:\"uag_flag\";b:1;s:11:\"uag_version\";s:10:\"1777100810\";s:6:\"gfonts\";a:0:{}s:10:\"gfonts_url\";s:0:\"\";s:12:\"gfonts_files\";a:0:{}s:14:\"uag_faq_layout\";b:0;}"]},"uagb_featured_image_src":{"full":["https:\/\/www.ferberpainting.com\/wp-content\/uploads\/2025\/05\/Cockroach-Killer-1L-.png",2560,2560,false],"thumbnail":["https:\/\/www.ferberpainting.com\/wp-content\/uploads\/2025\/05\/Cockroach-Killer-1L--150x150.png",150,150,true],"medium":["https:\/\/www.ferberpainting.com\/wp-content\/uploads\/2025\/05\/Cockroach-Killer-1L--300x300.png",300,300,true],"medium_large":["https:\/\/www.ferberpainting.com\/wp-content\/uploads\/2025\/05\/Cockroach-Killer-1L--768x768.png",768,768,true],"large":["https:\/\/www.ferberpainting.com\/wp-content\/uploads\/2025\/05\/Cockroach-Killer-1L--1024x1024.png",1024,1024,true],"1536x1536":["https:\/\/www.ferberpainting.com\/wp-content\/uploads\/2025\/05\/Cockroach-Killer-1L--1536x1536.png",1536,1536,true],"2048x2048":["https:\/\/www.ferberpainting.com\/wp-content\/uploads\/2025\/05\/Cockroach-Killer-1L--2048x2048.png",2048,2048,true],"trp-custom-language-flag":["https:\/\/www.ferberpainting.com\/wp-content\/uploads\/2025\/05\/Cockroach-Killer-1L--12x12.png",12,12,true],"woocommerce_thumbnail":["https:\/\/www.ferberpainting.com\/wp-content\/uploads\/2025\/05\/Cockroach-Killer-1L--300x300.png",300,300,true],"woocommerce_single":["https:\/\/www.ferberpainting.com\/wp-content\/uploads\/2025\/05\/Cockroach-Killer-1L--600x600.png",600,600,true],"woocommerce_gallery_thumbnail":["https:\/\/www.ferberpainting.com\/wp-content\/uploads\/2025\/05\/Cockroach-Killer-1L--100x100.png",100,100,true]},"uagb_author_info":{"display_name":"admin","author_link":"https:\/\/www.ferberpainting.com\/de\/author\/"},"uagb_comment_info":62,"uagb_excerpt":"Eliminate up to 5,000 cockroaches with one powerful 1-liter spray. Our high-performance cockroach killer is specially formulated to eradicate heavy infestations quickly and efficiently, with one liter capable of eliminating up to 5,000 cockroaches. Whether you are dealing with isolated sightings or a widespread infestation, this spray delivers strong, immediate results and restores hygiene and&hellip;","_links":{"self":[{"href":"https:\/\/www.ferberpainting.com\/de\/wp-json\/wp\/v2\/product\/23147","targetHints":{"allow":["GET"]}}],"collection":[{"href":"https:\/\/www.ferberpainting.com\/de\/wp-json\/wp\/v2\/product"}],"about":[{"href":"https:\/\/www.ferberpainting.com\/de\/wp-json\/wp\/v2\/types\/product"}],"replies":[{"embeddable":true,"href":"https:\/\/www.ferberpainting.com\/de\/wp-json\/wp\/v2\/comments?post=23147"}],"version-history":[{"count":5,"href":"https:\/\/www.ferberpainting.com\/de\/wp-json\/wp\/v2\/product\/23147\/revisions"}],"predecessor-version":[{"id":166070,"href":"https:\/\/www.ferberpainting.com\/de\/wp-json\/wp\/v2\/product\/23147\/revisions\/166070"}],"wp:featuredmedia":[{"embeddable":true,"href":"https:\/\/www.ferberpainting.com\/de\/wp-json\/wp\/v2\/media\/29956"}],"wp:attachment":[{"href":"https:\/\/www.ferberpainting.com\/de\/wp-json\/wp\/v2\/media?parent=23147"}],"wp:term":[{"taxonomy":"product_brand","embeddable":true,"href":"https:\/\/www.ferberpainting.com\/de\/wp-json\/wp\/v2\/product_brand?post=23147"},{"taxonomy":"product_cat","embeddable":true,"href":"https:\/\/www.ferberpainting.com\/de\/wp-json\/wp\/v2\/product_cat?post=23147"},{"taxonomy":"product_tag","embeddable":true,"href":"https:\/\/www.ferberpainting.com\/de\/wp-json\/wp\/v2\/product_tag?post=23147"}],"curies":[{"name":"wp","href":"https:\/\/api.w.org\/{rel}","templated":true}]}}