{"id":23082,"date":"2025-05-26T10:22:35","date_gmt":"2025-05-26T08:22:35","guid":{"rendered":"https:\/\/www.ferberpainting.com\/products\/bamboo-and-ornamental-grass-fertilizer\/"},"modified":"2026-02-15T13:05:35","modified_gmt":"2026-02-15T12:05:35","slug":"bamboo-and-ornamental-grass-fertilizer","status":"publish","type":"product","link":"https:\/\/www.ferberpainting.com\/de\/products\/bamboo-and-ornamental-grass-fertilizer\/","title":{"rendered":"D\u00fcnger f\u00fcr Bambus und Ziergr\u00e4ser 25 kg"},"content":{"rendered":"<p><img decoding=\"async\" style=\"margin-right: 12px;\" src=\"https:\/\/www.ferberpainting.com\/wp-content\/uploads\/2026\/02\/Check.svg\" alt=\"\" width=\"18\" height=\"15\" \/><strong>Ein ausgewogener D\u00fcnger f\u00fcr schnelles und kr\u00e4ftiges Wachstum.<\/strong>\u00a0Dieser D\u00fcnger f\u00fcr Bambus und Gr\u00e4ser wurde speziell entwickelt, um das gesunde und kr\u00e4ftige Wachstum dieser Pflanzen zu f\u00f6rdern. Dank seiner NPK 10-10-10-Zusammensetzung bietet er ein ideales Gleichgewicht zwischen Stickstoff (N), der die Blattentwicklung anregt, Phosphor (P), der das Wurzelsystem st\u00e4rkt, und Kalium (K), das die Krankheitsresistenz und die Anpassungsf\u00e4higkeit an Klimaschwankungen verbessert. Es sorgt f\u00fcr schnelles Wachstum, \u00fcppiges gr\u00fcnes Laub und erh\u00f6hte Widerstandsf\u00e4higkeit gegen \u00e4u\u00dfere Einfl\u00fcsse.<\/p>\n<p><img decoding=\"async\" style=\"margin-right: 12px;\" src=\"https:\/\/www.ferberpainting.com\/wp-content\/uploads\/2026\/02\/Check.svg\" alt=\"\" width=\"18\" height=\"15\" \/><strong>Geld-zur\u00fcck-Garantie.<\/strong>\u00a0Wir haben absolutes Vertrauen in die Wirksamkeit unseres D\u00fcngers f\u00fcr Bambus und Gr\u00e4ser. Deshalb bieten wir eine Geld-zur\u00fcck-Garantie. Wenn Ihr Bambus oder Ihre Gr\u00e4ser nach ordnungsgem\u00e4\u00dfer Anwendung gem\u00e4\u00df den Empfehlungen keine sichtbare Verbesserung ihrer Vitalit\u00e4t und ihres Wachstums zeigen, verpflichten wir uns, Ihnen den Kaufpreis bedingungslos zur\u00fcckzuerstatten, so dass ein risikoloser Kauf gew\u00e4hrleistet ist.<\/p>\n<p><img decoding=\"async\" style=\"margin-right: 12px;\" src=\"https:\/\/www.ferberpainting.com\/wp-content\/uploads\/2026\/02\/Check.svg\" alt=\"\" width=\"18\" height=\"15\" \/><strong>Geeignet f\u00fcr alle Bambus- und Gr\u00e4sersorten.<\/strong>\u00a0Dieser D\u00fcnger eignet sich f\u00fcr Bambus, Ziergr\u00e4ser wie Miscanthus, Fescues, Stipas, Panicums, Carex und sogar f\u00fcr Rasenfl\u00e4chen, die eine ausgewogene N\u00e4hrstoffzufuhr ben\u00f6tigen. Er eignet sich sowohl f\u00fcr Pflanzungen im Boden als auch f\u00fcr Topf- und Containerpflanzen und gew\u00e4hrleistet eine perfekte Anpassung an alle Wachstumsbedingungen.<\/p>\n<p><img decoding=\"async\" style=\"margin-right: 12px;\" src=\"https:\/\/www.ferberpainting.com\/wp-content\/uploads\/2026\/02\/Check.svg\" alt=\"\" width=\"18\" height=\"15\" \/><strong>Kosteng\u00fcnstiger Ertrag und lang anhaltende D\u00fcngung.<\/strong>\u00a0Dank seiner Formulierung gibt dieser D\u00fcnger seine N\u00e4hrstoffe nach und nach ab und sorgt so f\u00fcr eine kontinuierliche D\u00fcngung \u00fcber mehrere Wochen. Mit einem 25-kg-Sack k\u00f6nnen bis zu 250 Bambus- oder gro\u00dfe Gr\u00e4serb\u00fcschel ged\u00fcngt werden, bei einer empfohlenen Dosierung von 100 g pro B\u00fcschel. Diese wirtschaftliche und effiziente L\u00f6sung reduziert die Anwendungsh\u00e4ufigkeit und maximiert gleichzeitig das Wachstum und die Widerstandsf\u00e4higkeit der Pflanzen.<\/p>\n<p><img decoding=\"async\" style=\"margin-right: 12px;\" src=\"https:\/\/www.ferberpainting.com\/wp-content\/uploads\/2026\/02\/Check.svg\" alt=\"\" width=\"18\" height=\"15\" \/><strong>Ein sicheres Produkt ohne Umweltrisiko.<\/strong>\u00a0Dieser D\u00fcnger ist sicher f\u00fcr den Boden, die Fauna und die Flora und gew\u00e4hrleistet eine sanfte und progressive D\u00fcngung, die das \u00d6kosystem des Bodens respektiert. Er enth\u00e4lt keine scharfen Chemikalien, die der biologischen Vielfalt des Bodens schaden k\u00f6nnten, und f\u00f6rdert sogar die Verbesserung der Substratstruktur durch die Stimulierung n\u00fctzlicher mikrobieller Aktivit\u00e4ten.<\/p>\n<p><img decoding=\"async\" style=\"margin-right: 12px;\" src=\"https:\/\/www.ferberpainting.com\/wp-content\/uploads\/2026\/02\/Check.svg\" alt=\"\" width=\"18\" height=\"15\" \/><strong>Leichte Anbringung und einfache Wartung.<\/strong>\u00a0Dieser D\u00fcnger wird direkt in den Boden eingebracht und muss nicht verd\u00fcnnt oder aufwendig vorbereitet werden. Verteilen Sie ihn einfach um Bambus- oder Grasb\u00fcschel und arbeiten Sie ihn leicht in den Boden ein, um eine gleichm\u00e4\u00dfige Verteilung der N\u00e4hrstoffe zu gew\u00e4hrleisten. Dank der einfachen Anwendungsmethode k\u00f6nnen G\u00e4rtner, ob Anf\u00e4nger oder erfahrene G\u00e4rtner, in wenigen Minuten eine wirksame D\u00fcngung sicherstellen.<\/p>\n<p><img decoding=\"async\" style=\"margin-right: 12px;\" src=\"https:\/\/www.ferberpainting.com\/wp-content\/uploads\/2026\/02\/Check.svg\" alt=\"\" width=\"18\" height=\"15\" \/><strong>Lang anhaltende Wirkung f\u00fcr dichteres Laub und bessere Widerstandsf\u00e4higkeit.<\/strong>\u00a0Dank seiner lang anhaltenden Wirkung gew\u00e4hrleistet dieser D\u00fcnger eine kontinuierliche Ern\u00e4hrung \u00fcber mehrere Wochen. Er f\u00f6rdert das Wachstum neuer Bambustriebe und beschleunigt die Entwicklung von Ziergr\u00e4sern, indem er f\u00fcr dichteres und lebendigeres Laub sorgt. Au\u00dferdem st\u00e4rkt er die Widerstandsf\u00e4higkeit der Pflanzen gegen Krankheiten, Sch\u00e4dlinge und schwierige klimatische Bedingungen.<\/p>\n<p><img decoding=\"async\" style=\"margin-right: 12px;\" src=\"https:\/\/www.ferberpainting.com\/wp-content\/uploads\/2026\/02\/Check.svg\" alt=\"\" width=\"18\" height=\"15\" \/><strong>Sichtbare Ergebnisse innerhalb der ersten Wochen.<\/strong>\u00a0Von der ersten Anwendung an stimuliert dieser D\u00fcnger das Wachstum und st\u00e4rkt die Widerstandskraft von Bambus und Gr\u00e4sern. Schon nach wenigen Wochen werden Sie einen kr\u00e4ftigeren, \u00fcppigeren und gr\u00fcneren Austrieb feststellen, was seine schnelle und effektive Wirkung beweist.<\/p>\n<h2><strong>Verwendungsprotokoll<\/strong><\/h2>\n<ul>\n<li><strong>Bewerbungszeitraum <\/strong>: Zweimal im Jahr, zu Beginn des Fr\u00fchjahrs (M\u00e4rz-April) und am Ende des Sommers (August-September), ausbringen, um eine kontinuierliche Ern\u00e4hrung von Bambus und Gr\u00e4sern w\u00e4hrend ihres gesamten Wachstumszyklus zu gew\u00e4hrleisten.<\/li>\n<li><strong>Empfohlene Dosierung <\/strong>: Verteilen Sie 100 g D\u00fcnger pro Bambus oder Grasb\u00fcschel. F\u00fcr Rasen ca. 50 g pro Quadratmeter verwenden, je nach Pflanzdichte anpassen.<\/li>\n<li><strong>Methode der Anwendung <\/strong>: Verteilen Sie den D\u00fcnger rund um die Basis der Pflanzen und vermeiden Sie dabei den direkten Kontakt mit den St\u00e4ngeln. Die Bodenoberfl\u00e4che mit einer Harke oder Hacke leicht einharken, um die Einarbeitung des Produkts und die allm\u00e4hliche N\u00e4hrstoffaufnahme zu f\u00f6rdern.<\/li>\n<li><strong>Bew\u00e4sserung nach der Anwendung <\/strong>: Nach dem Ausbringen gro\u00dfz\u00fcgig w\u00e4ssern, um die N\u00e4hrstofffreisetzung zu aktivieren und eine bessere Aufnahme durch die Wurzeln zu gew\u00e4hrleisten. In D\u00fcrreperioden regelm\u00e4\u00dfig gie\u00dfen, um die Wirksamkeit des D\u00fcngers zu maximieren.<\/li>\n<li><strong>Wartung und \u00dcberwachung <\/strong>: Bei Freilandpflanzungen, die ein schnelles Wachstum oder eine reiche Bl\u00fcte erfordern, kann eine zus\u00e4tzliche Anwendung im Sommer (Juni-Juli) erfolgen, um die Entwicklung des Laubes zu f\u00f6rdern und den Neuaustrieb zu stimulieren.<\/li>\n<li><strong>Vorsichtsma\u00dfnahmen bei der Verwendung <\/strong>: Die empfohlenen Dosierungen nicht \u00fcberschreiten, um einen N\u00e4hrstoff\u00fcberschuss im Boden zu vermeiden. Nicht auf gefrorenem Boden oder bei extremer Trockenheit ohne zus\u00e4tzliche Bew\u00e4sserung ausbringen.<\/li>\n<li><strong>Lagerung und Konservierung <\/strong>: Lagern Sie den D\u00fcngemittelbeutel an einem k\u00fchlen, trockenen Ort, gesch\u00fctzt vor Feuchtigkeit und Sonnenlicht. Verschlie\u00dfen Sie den Beutel nach jedem Gebrauch sorgf\u00e4ltig, um die Produktqualit\u00e4t zu erhalten und die Aufnahme von Feuchtigkeit zu verhindern.<\/li>\n<\/ul>\n<p>Mit diesem Bambus- und Ziergrasd\u00fcnger bieten Sie Ihren Pflanzen eine vollst\u00e4ndige und ausgewogene Ern\u00e4hrung, die ein kr\u00e4ftiges Wachstum, eine dichtere Belaubung und eine bessere Widerstandsf\u00e4higkeit gegen klimatische Bedingungen f\u00f6rdert. Es ist die ideale L\u00f6sung f\u00fcr einen \u00fcppigen und harmonischen Garten das ganze Jahr \u00fcber.<\/p>\n<p>&nbsp;<\/p>","protected":false},"excerpt":{"rendered":"<p>A balanced fertilizer for rapid and vigorous growth.\u00a0This fertilizer for bamboo and grasses is specially formulated to promote the healthy and robust growth of these plants. Thanks to its NPK 10-10-10 composition, it provides an ideal balance between nitrogen (N), which stimulates foliage development, phosphorus (P), which strengthens the root system, and potassium (K), which [&hellip;]<\/p>\n","protected":false},"featured_media":25271,"comment_status":"open","ping_status":"closed","template":"","meta":{"_uag_custom_page_level_css":"","site-sidebar-layout":"default","site-content-layout":"","ast-site-content-layout":"default","site-content-style":"default","site-sidebar-style":"default","ast-global-header-display":"","ast-banner-title-visibility":"","ast-main-header-display":"","ast-hfb-above-header-display":"","ast-hfb-below-header-display":"","ast-hfb-mobile-header-display":"","site-post-title":"","ast-breadcrumbs-content":"","ast-featured-img":"","footer-sml-layout":"","ast-disable-related-posts":"","theme-transparent-header-meta":"default","adv-header-id-meta":"","stick-header-meta":"","header-above-stick-meta":"","header-main-stick-meta":"","header-below-stick-meta":"","astra-migrate-meta-layouts":"set","ast-page-background-enabled":"default","ast-page-background-meta":{"desktop":{"background-color":"var(--ast-global-color-4)","background-image":"","background-repeat":"repeat","background-position":"center center","background-size":"auto","background-attachment":"scroll","background-type":"","background-media":"","overlay-type":"","overlay-color":"","overlay-opacity":"","overlay-gradient":""},"tablet":{"background-color":"","background-image":"","background-repeat":"repeat","background-position":"center center","background-size":"auto","background-attachment":"scroll","background-type":"","background-media":"","overlay-type":"","overlay-color":"","overlay-opacity":"","overlay-gradient":""},"mobile":{"background-color":"","background-image":"","background-repeat":"repeat","background-position":"center center","background-size":"auto","background-attachment":"scroll","background-type":"","background-media":"","overlay-type":"","overlay-color":"","overlay-opacity":"","overlay-gradient":""}},"ast-content-background-meta":{"desktop":{"background-color":"var(--ast-global-color-5)","background-image":"","background-repeat":"repeat","background-position":"center center","background-size":"auto","background-attachment":"scroll","background-type":"","background-media":"","overlay-type":"","overlay-color":"","overlay-opacity":"","overlay-gradient":""},"tablet":{"background-color":"var(--ast-global-color-5)","background-image":"","background-repeat":"repeat","background-position":"center center","background-size":"auto","background-attachment":"scroll","background-type":"","background-media":"","overlay-type":"","overlay-color":"","overlay-opacity":"","overlay-gradient":""},"mobile":{"background-color":"var(--ast-global-color-5)","background-image":"","background-repeat":"repeat","background-position":"center center","background-size":"auto","background-attachment":"scroll","background-type":"","background-media":"","overlay-type":"","overlay-color":"","overlay-opacity":"","overlay-gradient":""}}},"product_brand":[],"product_cat":[178],"product_tag":[],"class_list":{"0":"post-23082","1":"product","2":"type-product","3":"status-publish","4":"has-post-thumbnail","6":"product_cat-fertilizers","7":"desktop-align-left","8":"tablet-align-left","9":"mobile-align-left","11":"first","12":"instock","13":"shipping-taxable","14":"purchasable","15":"product-type-simple"},"spectra_custom_meta":{"_visibility":["visible"],"_shopify_product_id":["9065973088501"],"_s2w_shopify_domain":["ferberpainting.myshopify.com"],"_shopify_variant_id":["46501304991989"],"_sku":["FPBAMBOOANDORNAMENTALGRASSFERTILIZER25KG"],"_regular_price":["39.90"],"_price":["39.90"],"_sale_price":[""],"_weight":["18.5"],"_thumbnail_id":["25271"],"_global_unique_id":["5056773817074"],"total_sales":["22"],"_tax_status":["taxable"],"_tax_class":[""],"_manage_stock":["no"],"_backorders":["no"],"_sold_individually":["no"],"_virtual":["no"],"_downloadable":["no"],"_download_limit":["-1"],"_download_expiry":["-1"],"_stock":[null],"_stock_status":["instock"],"_wc_average_rating":["5.00"],"_wc_review_count":["17"],"_product_version":["10.5.1"],"_wc_rating_count":["a:1:{i:5;i:17;}"],"_edit_lock":["1771156997:1"],"merchant-center-availability":["yes"],"merchant-center-category":["113"],"_edit_last":["1"],"_wp_page_template":["default"],"site-sidebar-layout":["default"],"ast-site-content-layout":["default"],"site-content-style":["default"],"site-sidebar-style":["default"],"theme-transparent-header-meta":["default"],"astra-migrate-meta-layouts":["set"],"_uag_css_file_name":["uag-css-23082.css"],"_elementor_page_assets":["a:0:{}"],"_uag_page_assets":["a:9:{s:3:\"css\";s:6873:\".wp-block-uagb-image{display:flex}.wp-block-uagb-image__figure{position:relative;display:flex;flex-direction:column;max-width:100%;height:auto;margin:0}.wp-block-uagb-image__figure img{height:auto;display:flex;max-width:100%;transition:box-shadow .2s ease}.wp-block-uagb-image__figure>a{display:inline-block}.wp-block-uagb-image__figure figcaption{text-align:center;margin-top:.5em;margin-bottom:1em}.wp-block-uagb-image .components-placeholder.block-editor-media-placeholder .components-placeholder__instructions{align-self:center}.wp-block-uagb-image--align-left{text-align:left}.wp-block-uagb-image--align-right{text-align:right}.wp-block-uagb-image--align-center{text-align:center}.wp-block-uagb-image--align-full .wp-block-uagb-image__figure{margin-left:calc(50% - 50vw);margin-right:calc(50% - 50vw);max-width:100vw;width:100vw;height:auto}.wp-block-uagb-image--align-full .wp-block-uagb-image__figure img{height:auto;width:100% !important}.wp-block-uagb-image--align-wide .wp-block-uagb-image__figure img{height:auto;width:100%}.wp-block-uagb-image--layout-overlay__color-wrapper{position:absolute;left:0;top:0;right:0;bottom:0;opacity:.2;background:rgba(0,0,0,.5);transition:opacity .35s ease-in-out}.wp-block-uagb-image--layout-overlay-link{position:absolute;left:0;right:0;bottom:0;top:0}.wp-block-uagb-image--layout-overlay .wp-block-uagb-image__figure:hover .wp-block-uagb-image--layout-overlay__color-wrapper{opacity:1}.wp-block-uagb-image--layout-overlay__inner{position:absolute;left:15px;right:15px;bottom:15px;top:15px;display:flex;align-items:center;justify-content:center;flex-direction:column;border-color:#fff;transition:.35s ease-in-out}.wp-block-uagb-image--layout-overlay__inner.top-left,.wp-block-uagb-image--layout-overlay__inner.top-center,.wp-block-uagb-image--layout-overlay__inner.top-right{justify-content:flex-start}.wp-block-uagb-image--layout-overlay__inner.bottom-left,.wp-block-uagb-image--layout-overlay__inner.bottom-center,.wp-block-uagb-image--layout-overlay__inner.bottom-right{justify-content:flex-end}.wp-block-uagb-image--layout-overlay__inner.top-left,.wp-block-uagb-image--layout-overlay__inner.center-left,.wp-block-uagb-image--layout-overlay__inner.bottom-left{align-items:flex-start}.wp-block-uagb-image--layout-overlay__inner.top-right,.wp-block-uagb-image--layout-overlay__inner.center-right,.wp-block-uagb-image--layout-overlay__inner.bottom-right{align-items:flex-end}.wp-block-uagb-image--layout-overlay__inner .uagb-image-heading{color:#fff;transition:transform .35s,opacity .35s ease-in-out;transform:translate3d(0, 24px, 0);margin:0;line-height:1em}.wp-block-uagb-image--layout-overlay__inner .uagb-image-separator{width:30%;border-top-width:2px;border-top-color:#fff;border-top-style:solid;margin-bottom:10px;opacity:0;transition:transform .4s,opacity .4s ease-in-out;transform:translate3d(0, 30px, 0)}.wp-block-uagb-image--layout-overlay__inner .uagb-image-caption{opacity:0;overflow:visible;color:#fff;transition:transform .45s,opacity .45s ease-in-out;transform:translate3d(0, 35px, 0)}.wp-block-uagb-image--layout-overlay__inner:hover .uagb-image-heading,.wp-block-uagb-image--layout-overlay__inner:hover .uagb-image-separator,.wp-block-uagb-image--layout-overlay__inner:hover .uagb-image-caption{opacity:1;transform:translate3d(0, 0, 0)}.wp-block-uagb-image--effect-zoomin .wp-block-uagb-image__figure img,.wp-block-uagb-image--effect-zoomin .wp-block-uagb-image__figure .wp-block-uagb-image--layout-overlay__color-wrapper{transform:scale(1);transition:transform .35s ease-in-out}.wp-block-uagb-image--effect-zoomin .wp-block-uagb-image__figure:hover img,.wp-block-uagb-image--effect-zoomin .wp-block-uagb-image__figure:hover .wp-block-uagb-image--layout-overlay__color-wrapper{transform:scale(1.05)}.wp-block-uagb-image--effect-slide .wp-block-uagb-image__figure img,.wp-block-uagb-image--effect-slide .wp-block-uagb-image__figure .wp-block-uagb-image--layout-overlay__color-wrapper{width:calc(100% + 40px) !important;max-width:none !important;transform:translate3d(-40px, 0, 0);transition:transform .35s ease-in-out}.wp-block-uagb-image--effect-slide .wp-block-uagb-image__figure:hover img,.wp-block-uagb-image--effect-slide .wp-block-uagb-image__figure:hover .wp-block-uagb-image--layout-overlay__color-wrapper{transform:translate3d(0, 0, 0)}.wp-block-uagb-image--effect-grayscale img{filter:grayscale(0%);transition:.35s ease-in-out}.wp-block-uagb-image--effect-grayscale:hover img{filter:grayscale(100%)}.wp-block-uagb-image--effect-blur img{filter:blur(0);transition:.35s ease-in-out}.wp-block-uagb-image--effect-blur:hover img{filter:blur(3px)}.uagb-block-e6f939b3.wp-block-uagb-image--layout-default figure img{box-shadow: 0px 0px 0 #00000070;}.uagb-block-e6f939b3.wp-block-uagb-image .wp-block-uagb-image__figure figcaption{font-style: normal;align-self: center;}.uagb-block-e6f939b3.wp-block-uagb-image--layout-overlay figure img{box-shadow: 0px 0px 0 #00000070;}.uagb-block-e6f939b3.wp-block-uagb-image--layout-overlay .wp-block-uagb-image--layout-overlay__color-wrapper{opacity: 0.2;}.uagb-block-e6f939b3.wp-block-uagb-image--layout-overlay .wp-block-uagb-image--layout-overlay__inner{left: 15px;right: 15px;top: 15px;bottom: 15px;}.uagb-block-e6f939b3.wp-block-uagb-image--layout-overlay .wp-block-uagb-image--layout-overlay__inner .uagb-image-heading{font-style: normal;color: #fff;opacity: 1;}.uagb-block-e6f939b3.wp-block-uagb-image--layout-overlay .wp-block-uagb-image--layout-overlay__inner .uagb-image-heading a{color: #fff;}.uagb-block-e6f939b3.wp-block-uagb-image--layout-overlay .wp-block-uagb-image--layout-overlay__inner .uagb-image-caption{opacity: 0;}.uagb-block-e6f939b3.wp-block-uagb-image--layout-overlay .wp-block-uagb-image__figure:hover .wp-block-uagb-image--layout-overlay__color-wrapper{opacity: 1;}.uagb-block-e6f939b3.wp-block-uagb-image .wp-block-uagb-image--layout-overlay__inner .uagb-image-separator{width: 30%;border-top-width: 2px;border-top-color: #fff;opacity: 0;}.uagb-block-e6f939b3.wp-block-uagb-image .wp-block-uagb-image__figure img{width: px;height: auto;}.uagb-block-e6f939b3.wp-block-uagb-image .wp-block-uagb-image__figure:hover .wp-block-uagb-image--layout-overlay__inner .uagb-image-caption{opacity: 1;}.uagb-block-e6f939b3.wp-block-uagb-image .wp-block-uagb-image__figure:hover .wp-block-uagb-image--layout-overlay__inner .uagb-image-separator{opacity: 1;}.uagb-block-e6f939b3.wp-block-uagb-image--layout-default figure:hover img{box-shadow: 0px 0px 0 #00000070;}.uagb-block-e6f939b3.wp-block-uagb-image--layout-overlay figure:hover img{box-shadow: 0px 0px 0 #00000070;}@media only screen and (max-width: 976px) {.uagb-block-e6f939b3.wp-block-uagb-image .wp-block-uagb-image__figure img{width: px;height: auto;}}@media only screen and (max-width: 767px) {.uagb-block-e6f939b3.wp-block-uagb-image .wp-block-uagb-image__figure img{width: px;height: auto;}}\";s:2:\"js\";s:0:\"\";s:18:\"current_block_list\";a:13:{i:0;s:11:\"core\/search\";i:1;s:10:\"core\/group\";i:2;s:12:\"core\/heading\";i:3;s:17:\"core\/latest-posts\";i:4;s:20:\"core\/latest-comments\";i:5;s:13:\"core\/archives\";i:6;s:15:\"core\/categories\";i:7;s:14:\"core\/paragraph\";i:8;s:10:\"uagb\/image\";i:9;s:11:\"core\/spacer\";i:10;s:30:\"woocommerce\/product-categories\";i:11;s:10:\"core\/image\";i:12;s:14:\"core\/shortcode\";}s:8:\"uag_flag\";b:1;s:11:\"uag_version\";s:10:\"1777101113\";s:6:\"gfonts\";a:0:{}s:10:\"gfonts_url\";s:0:\"\";s:12:\"gfonts_files\";a:0:{}s:14:\"uag_faq_layout\";b:0;}"]},"uagb_featured_image_src":{"full":["https:\/\/www.ferberpainting.com\/wp-content\/uploads\/2025\/05\/BambooandOrnamentalGrassFertilizer.png",2560,2560,false],"thumbnail":["https:\/\/www.ferberpainting.com\/wp-content\/uploads\/2025\/05\/BambooandOrnamentalGrassFertilizer-150x150.png",150,150,true],"medium":["https:\/\/www.ferberpainting.com\/wp-content\/uploads\/2025\/05\/BambooandOrnamentalGrassFertilizer-300x300.png",300,300,true],"medium_large":["https:\/\/www.ferberpainting.com\/wp-content\/uploads\/2025\/05\/BambooandOrnamentalGrassFertilizer-768x768.png",768,768,true],"large":["https:\/\/www.ferberpainting.com\/wp-content\/uploads\/2025\/05\/BambooandOrnamentalGrassFertilizer-1024x1024.png",1024,1024,true],"1536x1536":["https:\/\/www.ferberpainting.com\/wp-content\/uploads\/2025\/05\/BambooandOrnamentalGrassFertilizer-1536x1536.png",1536,1536,true],"2048x2048":["https:\/\/www.ferberpainting.com\/wp-content\/uploads\/2025\/05\/BambooandOrnamentalGrassFertilizer-2048x2048.png",2048,2048,true],"trp-custom-language-flag":["https:\/\/www.ferberpainting.com\/wp-content\/uploads\/2025\/05\/BambooandOrnamentalGrassFertilizer-12x12.png",12,12,true],"woocommerce_thumbnail":["https:\/\/www.ferberpainting.com\/wp-content\/uploads\/2025\/05\/BambooandOrnamentalGrassFertilizer-300x300.png",300,300,true],"woocommerce_single":["https:\/\/www.ferberpainting.com\/wp-content\/uploads\/2025\/05\/BambooandOrnamentalGrassFertilizer-600x600.png",600,600,true],"woocommerce_gallery_thumbnail":["https:\/\/www.ferberpainting.com\/wp-content\/uploads\/2025\/05\/BambooandOrnamentalGrassFertilizer-100x100.png",100,100,true]},"uagb_author_info":{"display_name":"admin","author_link":"https:\/\/www.ferberpainting.com\/de\/author\/"},"uagb_comment_info":17,"uagb_excerpt":"A balanced fertilizer for rapid and vigorous growth.\u00a0This fertilizer for bamboo and grasses is specially formulated to promote the healthy and robust growth of these plants. Thanks to its NPK 10-10-10 composition, it provides an ideal balance between nitrogen (N), which stimulates foliage development, phosphorus (P), which strengthens the root system, and potassium (K), which&hellip;","_links":{"self":[{"href":"https:\/\/www.ferberpainting.com\/de\/wp-json\/wp\/v2\/product\/23082","targetHints":{"allow":["GET"]}}],"collection":[{"href":"https:\/\/www.ferberpainting.com\/de\/wp-json\/wp\/v2\/product"}],"about":[{"href":"https:\/\/www.ferberpainting.com\/de\/wp-json\/wp\/v2\/types\/product"}],"replies":[{"embeddable":true,"href":"https:\/\/www.ferberpainting.com\/de\/wp-json\/wp\/v2\/comments?post=23082"}],"version-history":[{"count":6,"href":"https:\/\/www.ferberpainting.com\/de\/wp-json\/wp\/v2\/product\/23082\/revisions"}],"predecessor-version":[{"id":166031,"href":"https:\/\/www.ferberpainting.com\/de\/wp-json\/wp\/v2\/product\/23082\/revisions\/166031"}],"wp:featuredmedia":[{"embeddable":true,"href":"https:\/\/www.ferberpainting.com\/de\/wp-json\/wp\/v2\/media\/25271"}],"wp:attachment":[{"href":"https:\/\/www.ferberpainting.com\/de\/wp-json\/wp\/v2\/media?parent=23082"}],"wp:term":[{"taxonomy":"product_brand","embeddable":true,"href":"https:\/\/www.ferberpainting.com\/de\/wp-json\/wp\/v2\/product_brand?post=23082"},{"taxonomy":"product_cat","embeddable":true,"href":"https:\/\/www.ferberpainting.com\/de\/wp-json\/wp\/v2\/product_cat?post=23082"},{"taxonomy":"product_tag","embeddable":true,"href":"https:\/\/www.ferberpainting.com\/de\/wp-json\/wp\/v2\/product_tag?post=23082"}],"curies":[{"name":"wp","href":"https:\/\/api.w.org\/{rel}","templated":true}]}}