{"id":23070,"date":"2025-05-26T10:22:29","date_gmt":"2025-05-26T08:22:29","guid":{"rendered":"https:\/\/www.ferberpainting.com\/products\/asphalt-cold-patch\/"},"modified":"2026-02-24T17:53:18","modified_gmt":"2026-02-24T16:53:18","slug":"asphalt-cold-patch","status":"publish","type":"product","link":"https:\/\/www.ferberpainting.com\/de\/products\/asphalt-cold-patch\/","title":{"rendered":"Kaltmischasphalt"},"content":{"rendered":"<p><img decoding=\"async\" style=\"margin-right: 12px;\" src=\"https:\/\/www.ferberpainting.com\/wp-content\/uploads\/2026\/02\/Check.svg\" alt=\"\" width=\"18\" height=\"15\" \/><strong>Schnelle und effiziente Reparatur von befestigten Fl\u00e4chen.<\/strong>\u00a0Dieser Kaltmischasphalt wurde speziell f\u00fcr die einfache und dauerhafte Reparatur von Stra\u00dfen, Gehwegen, Parkpl\u00e4tzen und anderen Oberfl\u00e4chen aus Asphalt oder Beton entwickelt. Er bietet eine wirksame L\u00f6sung zum F\u00fcllen von Schlagl\u00f6chern, Rissen, Verformungen und L\u00f6chern, ohne dass komplexe Ger\u00e4te oder professionelles Eingreifen erforderlich sind, und gew\u00e4hrleistet eine schnelle und zuverl\u00e4ssige Sanierung.<\/p>\n<p><img decoding=\"async\" style=\"margin-right: 12px;\" src=\"https:\/\/www.ferberpainting.com\/wp-content\/uploads\/2026\/02\/Check.svg\" alt=\"\" width=\"18\" height=\"15\" \/><strong>Geld-zur\u00fcck-Garantie.<\/strong>\u00a0Wir haben volles Vertrauen in die Wirksamkeit unseres Kaltasphalts. Deshalb bieten wir eine Geld-zur\u00fcck-Garantie. Wenn das Produkt nach der Anwendung gem\u00e4\u00df den Empfehlungen nicht Ihren Erwartungen entspricht, haben Sie die M\u00f6glichkeit, eine R\u00fcckerstattung ohne Bedingungen zu beantragen, was einen sicheren und risikofreien Kauf gew\u00e4hrleistet.<\/p>\n<p><img decoding=\"async\" style=\"margin-right: 12px;\" src=\"https:\/\/www.ferberpainting.com\/wp-content\/uploads\/2026\/02\/Check.svg\" alt=\"\" width=\"18\" height=\"15\" \/><strong>Kompatibel mit verschiedenen Oberfl\u00e4chentypen.<\/strong>\u00a0Dieser Asphalt eignet sich f\u00fcr Beton, Asphalt, Zement und andere Stra\u00dfenbel\u00e4ge und ist damit ein vielseitiges Produkt f\u00fcr die Instandhaltung und Renovierung von Stra\u00dfen, Einfahrten, H\u00f6fen und Parkpl\u00e4tzen. Er kann sowohl in st\u00e4dtischen als auch in privaten Umgebungen verwendet werden und gew\u00e4hrleistet eine Reparaturl\u00f6sung, die an verschiedene Bodenkonfigurationen angepasst ist.<\/p>\n<p><img decoding=\"async\" style=\"margin-right: 12px;\" src=\"https:\/\/www.ferberpainting.com\/wp-content\/uploads\/2026\/02\/Check.svg\" alt=\"\" width=\"18\" height=\"15\" \/><strong>Kosteneffiziente und optimierte Deckung.<\/strong>\u00a0Dank seiner leistungsstarken Formulierung k\u00f6nnen 10 kg Asphalt etwa 1 m\u00b2 mit einer Dicke von 1 cm bedecken. Er kann in mehreren Schichten aufgetragen werden, um die erforderliche Dicke zu erreichen, ohne die Haftungsqualit\u00e4t zu beeintr\u00e4chtigen, was eine optimierte Materialnutzung und ein ausgezeichnetes Preis-Leistungs-Verh\u00e4ltnis erm\u00f6glicht.<\/p>\n<p><img decoding=\"async\" style=\"margin-right: 12px;\" src=\"https:\/\/www.ferberpainting.com\/wp-content\/uploads\/2026\/02\/Check.svg\" alt=\"\" width=\"18\" height=\"15\" \/><strong>Ein sicheres und umweltfreundliches Produkt.<\/strong>\u00a0Dieser Kaltasphalt ist ohne aggressive L\u00f6sungsmittel oder giftige Emissionen formuliert, was eine sichere Anwendung gew\u00e4hrleistet. Er ist f\u00fcr die Anwender ungef\u00e4hrlich und gibt bei der Verarbeitung keine sch\u00e4dlichen D\u00e4mpfe ab, so dass er sowohl im Freien als auch in Innenr\u00e4umen unter bestimmten Bel\u00fcftungsbedingungen verwendet werden kann.<\/p>\n<p><img decoding=\"async\" style=\"margin-right: 12px;\" src=\"https:\/\/www.ferberpainting.com\/wp-content\/uploads\/2026\/02\/Check.svg\" alt=\"\" width=\"18\" height=\"15\" \/><strong>Einfache Anwendung f\u00fcr m\u00fchelose Reparatur.<\/strong>\u00a0Dieser gebrauchsfertige Asphalt erfordert keine Vorw\u00e4rmung oder spezielle Ausr\u00fcstung, im Gegensatz zu Hei\u00dfmischasphalt, der eine komplexe Anwendung erfordert. Er kann direkt auf die zu behandelnde Fl\u00e4che aufgetragen und manuell oder maschinell verdichtet werden und ist in kurzer Zeit f\u00fcr den Fahrzeug- und Fu\u00dfg\u00e4ngerverkehr geeignet.<\/p>\n<p><img decoding=\"async\" style=\"margin-right: 12px;\" src=\"https:\/\/www.ferberpainting.com\/wp-content\/uploads\/2026\/02\/Check.svg\" alt=\"\" width=\"18\" height=\"15\" \/><strong>Langlebigkeit und Widerstandsf\u00e4higkeit gegen\u00fcber Witterung und Belastung.<\/strong>\u00a0Einmal eingebaut und verdichtet, bietet dieser Asphalt eine hervorragende Best\u00e4ndigkeit gegen Klimaschwankungen, Frost-Tau-Zyklen und h\u00e4ufigen Fahrzeugverkehr. Er gew\u00e4hrleistet lang anhaltende Reparaturen und verhindert eine rasche Verschlechterung der Oberfl\u00e4che und bietet eine zuverl\u00e4ssige und nachhaltige L\u00f6sung f\u00fcr die Instandhaltung von Stra\u00dfen und befahrbaren Fl\u00e4chen.<\/p>\n<p><img decoding=\"async\" style=\"margin-right: 12px;\" src=\"https:\/\/www.ferberpainting.com\/wp-content\/uploads\/2026\/02\/Check.svg\" alt=\"\" width=\"18\" height=\"15\" \/><strong>Schnelle Service-Wiederherstellung f\u00fcr maximale Zeitersparnis.<\/strong>\u00a0Dank seiner optimierten Aush\u00e4rtungsf\u00e4higkeit ist dieser Asphalt sofort nach dem Auftragen nutzbar und erreicht seine maximale Festigkeit innerhalb weniger Stunden. Er erm\u00f6glicht eine schnelle Reparatur von Stra\u00dfen und Verkehrsfl\u00e4chen ohne l\u00e4ngere Sperrung und gew\u00e4hrleistet eine sofortige Wiederaufnahme des Verkehrs, ohne die Festigkeit der Oberfl\u00e4che zu beeintr\u00e4chtigen.<\/p>\n<h2><strong>Verwendungsprotokoll<\/strong><\/h2>\n<ul>\n<li><strong>Vorbereitung der Oberfl\u00e4che <\/strong>: Reinigen Sie die zu behandelnde Fl\u00e4che sorgf\u00e4ltig, indem Sie Staub, Kies und Schutt entfernen, die die Haftung beeintr\u00e4chtigen k\u00f6nnten. Stellen Sie sicher, dass die Oberfl\u00e4che stabil ist, und befeuchten Sie sie gegebenenfalls leicht, um die Haftung zu verbessern.<\/li>\n<li><strong>Empfohlene Dosierung <\/strong>: Etwa 10 kg Asphaltmischgut auf 1 m\u00b2 mit einer Dicke von 1 cm auftragen. Bei tieferen Reparaturen sind aufeinanderfolgende Schichten von 3 bis 5 cm aufzutragen, wobei jede Schicht gut zu verdichten ist, bevor die n\u00e4chste Schicht aufgetragen wird.<\/li>\n<li><strong>Anwendung des Asphaltmischguts <\/strong>: Gie\u00dfen Sie das kalte Asphaltmischgut direkt in den Hohlraum oder auf die zu behandelnde Fl\u00e4che und verteilen Sie es gleichm\u00e4\u00dfig mit einer Schaufel oder Kelle. Achten Sie darauf, dass das Material gut \u00fcber die gesamte Reparaturfl\u00e4che verteilt wird.<\/li>\n<li><strong>Verdichtung und Nivellierung <\/strong>: Verdichten Sie das Asphaltmischgut mit einem Stampfer, einer R\u00fcttelplatte oder einer Walze, um eine optimale Dichte zu gew\u00e4hrleisten und zuk\u00fcnftige Verformungen zu verhindern. Pr\u00fcfen Sie, ob die Oberfl\u00e4che eben ist und passen Sie sie gegebenenfalls an.<\/li>\n<li><strong>Aush\u00e4rtungszeit <\/strong>: Nach dem Auftragen einige Stunden ruhen lassen. Das Asphaltmischgut ist sofort befahrbar, erreicht aber seine optimale Festigkeit erst nach 24 bis 48 Stunden, abh\u00e4ngig von den Witterungsbedingungen und der durchgef\u00fchrten Verdichtung.<\/li>\n<li><strong>Wartung und Langlebigkeit <\/strong>: Dieses Asphaltmischgut erfordert nach der Aush\u00e4rtung keine besondere Wartung. Bei nat\u00fcrlicher Abnutzung nach mehreren Jahren kann eine einfache <strong>Wiederbewerbung<\/strong> Das Auftragen des Produkts auf die betroffene Stelle stellt seine Wirksamkeit und St\u00e4rke wieder her.<\/li>\n<li><strong>Werkzeug-Reinigung <\/strong>: Nach dem Gebrauch sind die Werkzeuge sofort mit einem wassergetr\u00e4nkten Tuch oder einem geeigneten Entfettungsmittel zu reinigen, um die Ansammlung von Bitumenr\u00fcckst\u00e4nden zu vermeiden.<\/li>\n<\/ul>\n<p>Mit diesem Asphaltkaltmischgut k\u00f6nnen Sie schnelle, dauerhafte und kosteneffektive Reparaturen an all Ihren Asphaltfl\u00e4chen durchf\u00fchren, die eine sofortige Wiederherstellung und eine optimale Best\u00e4ndigkeit gegen\u00fcber Verkehrsbedingungen und Witterung gew\u00e4hrleisten.<\/p>","protected":false},"excerpt":{"rendered":"<p>Fast and Efficient Repair of Paved Surfaces.\u00a0This cold-mix asphalt is specially designed to allow simple and durable repairs of roads, sidewalks, parking lots, and other surfaces made of asphalt or concrete. It provides an effective solution for filling potholes, cracks, deformations, and holes without requiring complex equipment or professional intervention, ensuring a quick and reliable [&hellip;]<\/p>\n","protected":false},"featured_media":164716,"comment_status":"open","ping_status":"closed","template":"","meta":{"_uag_custom_page_level_css":"","site-sidebar-layout":"default","site-content-layout":"","ast-site-content-layout":"default","site-content-style":"default","site-sidebar-style":"default","ast-global-header-display":"","ast-banner-title-visibility":"","ast-main-header-display":"","ast-hfb-above-header-display":"","ast-hfb-below-header-display":"","ast-hfb-mobile-header-display":"","site-post-title":"","ast-breadcrumbs-content":"","ast-featured-img":"","footer-sml-layout":"","ast-disable-related-posts":"","theme-transparent-header-meta":"default","adv-header-id-meta":"","stick-header-meta":"","header-above-stick-meta":"","header-main-stick-meta":"","header-below-stick-meta":"","astra-migrate-meta-layouts":"set","ast-page-background-enabled":"default","ast-page-background-meta":{"desktop":{"background-color":"var(--ast-global-color-4)","background-image":"","background-repeat":"repeat","background-position":"center center","background-size":"auto","background-attachment":"scroll","background-type":"","background-media":"","overlay-type":"","overlay-color":"","overlay-opacity":"","overlay-gradient":""},"tablet":{"background-color":"","background-image":"","background-repeat":"repeat","background-position":"center center","background-size":"auto","background-attachment":"scroll","background-type":"","background-media":"","overlay-type":"","overlay-color":"","overlay-opacity":"","overlay-gradient":""},"mobile":{"background-color":"","background-image":"","background-repeat":"repeat","background-position":"center center","background-size":"auto","background-attachment":"scroll","background-type":"","background-media":"","overlay-type":"","overlay-color":"","overlay-opacity":"","overlay-gradient":""}},"ast-content-background-meta":{"desktop":{"background-color":"var(--ast-global-color-5)","background-image":"","background-repeat":"repeat","background-position":"center center","background-size":"auto","background-attachment":"scroll","background-type":"","background-media":"","overlay-type":"","overlay-color":"","overlay-opacity":"","overlay-gradient":""},"tablet":{"background-color":"var(--ast-global-color-5)","background-image":"","background-repeat":"repeat","background-position":"center center","background-size":"auto","background-attachment":"scroll","background-type":"","background-media":"","overlay-type":"","overlay-color":"","overlay-opacity":"","overlay-gradient":""},"mobile":{"background-color":"var(--ast-global-color-5)","background-image":"","background-repeat":"repeat","background-position":"center center","background-size":"auto","background-attachment":"scroll","background-type":"","background-media":"","overlay-type":"","overlay-color":"","overlay-opacity":"","overlay-gradient":""}}},"product_brand":[],"product_cat":[176],"product_tag":[],"class_list":{"0":"post-23070","1":"product","2":"type-product","3":"status-publish","4":"has-post-thumbnail","6":"product_cat-concrete-treatment","7":"desktop-align-left","8":"tablet-align-left","9":"mobile-align-left","11":"first","12":"instock","13":"sale","14":"shipping-taxable","15":"purchasable","16":"product-type-variable","17":"has-default-attributes"},"spectra_custom_meta":{"_visibility":["visible"],"_shopify_product_id":["9061096882421"],"_s2w_shopify_domain":["ferberpainting.myshopify.com"],"_shopify_variant_id":["46484510834933"],"_sku":["FPASPHALTCOLDPATCH"],"_manage_stock":["no"],"total_sales":["31"],"_tax_status":["taxable"],"_tax_class":[""],"_backorders":["no"],"_sold_individually":["no"],"_virtual":["no"],"_downloadable":["no"],"_download_limit":["-1"],"_download_expiry":["-1"],"_stock":[null],"_stock_status":["instock"],"_wc_average_rating":["4.57"],"_wc_review_count":["7"],"_product_attributes":["a:1:{s:6:\"volume\";a:6:{s:4:\"name\";s:6:\"Volume\";s:5:\"value\";s:13:\"10 kg | 40 kg\";s:8:\"position\";i:1;s:10:\"is_visible\";i:0;s:12:\"is_variation\";i:1;s:11:\"is_taxonomy\";i:0;}}"],"_product_version":["10.5.2"],"_product_image_gallery":["164717"],"wpse_downloadable_file_names":[""],"wpse_downloadable_file_urls":[""],"_edit_last":["1"],"_default_attributes":["a:1:{s:6:\"volume\";s:5:\"10 kg\";}"],"_edit_lock":["1771951910:1"],"merchant-center-availability":["yes"],"merchant-center-category":["2282"],"_wp_page_template":["default"],"site-sidebar-layout":["default"],"ast-site-content-layout":["default"],"site-content-style":["default"],"site-sidebar-style":["default"],"theme-transparent-header-meta":["default"],"_wc_rating_count":["a:2:{i:4;i:3;i:5;i:4;}"],"_price":["29.90","99.90"],"_thumbnail_id":["164716"],"astra-migrate-meta-layouts":["set"],"_uag_css_file_name":["uag-css-23070.css"],"_elementor_page_assets":["a:0:{}"],"_uag_page_assets":["a:9:{s:3:\"css\";s:7133:\".uag-blocks-common-selector{z-index:var(--z-index-desktop) !important}@media(max-width: 976px){.uag-blocks-common-selector{z-index:var(--z-index-tablet) !important}}@media(max-width: 767px){.uag-blocks-common-selector{z-index:var(--z-index-mobile) !important}}.wp-block-uagb-image{display:flex}.wp-block-uagb-image__figure{position:relative;display:flex;flex-direction:column;max-width:100%;height:auto;margin:0}.wp-block-uagb-image__figure img{height:auto;display:flex;max-width:100%;transition:box-shadow .2s ease}.wp-block-uagb-image__figure>a{display:inline-block}.wp-block-uagb-image__figure figcaption{text-align:center;margin-top:.5em;margin-bottom:1em}.wp-block-uagb-image .components-placeholder.block-editor-media-placeholder .components-placeholder__instructions{align-self:center}.wp-block-uagb-image--align-left{text-align:left}.wp-block-uagb-image--align-right{text-align:right}.wp-block-uagb-image--align-center{text-align:center}.wp-block-uagb-image--align-full .wp-block-uagb-image__figure{margin-left:calc(50% - 50vw);margin-right:calc(50% - 50vw);max-width:100vw;width:100vw;height:auto}.wp-block-uagb-image--align-full .wp-block-uagb-image__figure img{height:auto;width:100% !important}.wp-block-uagb-image--align-wide .wp-block-uagb-image__figure img{height:auto;width:100%}.wp-block-uagb-image--layout-overlay__color-wrapper{position:absolute;left:0;top:0;right:0;bottom:0;opacity:.2;background:rgba(0,0,0,.5);transition:opacity .35s ease-in-out}.wp-block-uagb-image--layout-overlay-link{position:absolute;left:0;right:0;bottom:0;top:0}.wp-block-uagb-image--layout-overlay .wp-block-uagb-image__figure:hover .wp-block-uagb-image--layout-overlay__color-wrapper{opacity:1}.wp-block-uagb-image--layout-overlay__inner{position:absolute;left:15px;right:15px;bottom:15px;top:15px;display:flex;align-items:center;justify-content:center;flex-direction:column;border-color:#fff;transition:.35s ease-in-out}.wp-block-uagb-image--layout-overlay__inner.top-left,.wp-block-uagb-image--layout-overlay__inner.top-center,.wp-block-uagb-image--layout-overlay__inner.top-right{justify-content:flex-start}.wp-block-uagb-image--layout-overlay__inner.bottom-left,.wp-block-uagb-image--layout-overlay__inner.bottom-center,.wp-block-uagb-image--layout-overlay__inner.bottom-right{justify-content:flex-end}.wp-block-uagb-image--layout-overlay__inner.top-left,.wp-block-uagb-image--layout-overlay__inner.center-left,.wp-block-uagb-image--layout-overlay__inner.bottom-left{align-items:flex-start}.wp-block-uagb-image--layout-overlay__inner.top-right,.wp-block-uagb-image--layout-overlay__inner.center-right,.wp-block-uagb-image--layout-overlay__inner.bottom-right{align-items:flex-end}.wp-block-uagb-image--layout-overlay__inner .uagb-image-heading{color:#fff;transition:transform .35s,opacity .35s ease-in-out;transform:translate3d(0, 24px, 0);margin:0;line-height:1em}.wp-block-uagb-image--layout-overlay__inner .uagb-image-separator{width:30%;border-top-width:2px;border-top-color:#fff;border-top-style:solid;margin-bottom:10px;opacity:0;transition:transform .4s,opacity .4s ease-in-out;transform:translate3d(0, 30px, 0)}.wp-block-uagb-image--layout-overlay__inner .uagb-image-caption{opacity:0;overflow:visible;color:#fff;transition:transform .45s,opacity .45s ease-in-out;transform:translate3d(0, 35px, 0)}.wp-block-uagb-image--layout-overlay__inner:hover .uagb-image-heading,.wp-block-uagb-image--layout-overlay__inner:hover .uagb-image-separator,.wp-block-uagb-image--layout-overlay__inner:hover .uagb-image-caption{opacity:1;transform:translate3d(0, 0, 0)}.wp-block-uagb-image--effect-zoomin .wp-block-uagb-image__figure img,.wp-block-uagb-image--effect-zoomin .wp-block-uagb-image__figure .wp-block-uagb-image--layout-overlay__color-wrapper{transform:scale(1);transition:transform .35s ease-in-out}.wp-block-uagb-image--effect-zoomin .wp-block-uagb-image__figure:hover img,.wp-block-uagb-image--effect-zoomin .wp-block-uagb-image__figure:hover .wp-block-uagb-image--layout-overlay__color-wrapper{transform:scale(1.05)}.wp-block-uagb-image--effect-slide .wp-block-uagb-image__figure img,.wp-block-uagb-image--effect-slide .wp-block-uagb-image__figure .wp-block-uagb-image--layout-overlay__color-wrapper{width:calc(100% + 40px) !important;max-width:none !important;transform:translate3d(-40px, 0, 0);transition:transform .35s ease-in-out}.wp-block-uagb-image--effect-slide .wp-block-uagb-image__figure:hover img,.wp-block-uagb-image--effect-slide .wp-block-uagb-image__figure:hover .wp-block-uagb-image--layout-overlay__color-wrapper{transform:translate3d(0, 0, 0)}.wp-block-uagb-image--effect-grayscale img{filter:grayscale(0%);transition:.35s ease-in-out}.wp-block-uagb-image--effect-grayscale:hover img{filter:grayscale(100%)}.wp-block-uagb-image--effect-blur img{filter:blur(0);transition:.35s ease-in-out}.wp-block-uagb-image--effect-blur:hover img{filter:blur(3px)}.uagb-block-e6f939b3.wp-block-uagb-image--layout-default figure img{box-shadow: 0px 0px 0 #00000070;}.uagb-block-e6f939b3.wp-block-uagb-image .wp-block-uagb-image__figure figcaption{font-style: normal;align-self: center;}.uagb-block-e6f939b3.wp-block-uagb-image--layout-overlay figure img{box-shadow: 0px 0px 0 #00000070;}.uagb-block-e6f939b3.wp-block-uagb-image--layout-overlay .wp-block-uagb-image--layout-overlay__color-wrapper{opacity: 0.2;}.uagb-block-e6f939b3.wp-block-uagb-image--layout-overlay .wp-block-uagb-image--layout-overlay__inner{left: 15px;right: 15px;top: 15px;bottom: 15px;}.uagb-block-e6f939b3.wp-block-uagb-image--layout-overlay .wp-block-uagb-image--layout-overlay__inner .uagb-image-heading{font-style: normal;color: #fff;opacity: 1;}.uagb-block-e6f939b3.wp-block-uagb-image--layout-overlay .wp-block-uagb-image--layout-overlay__inner .uagb-image-heading a{color: #fff;}.uagb-block-e6f939b3.wp-block-uagb-image--layout-overlay .wp-block-uagb-image--layout-overlay__inner .uagb-image-caption{opacity: 0;}.uagb-block-e6f939b3.wp-block-uagb-image--layout-overlay .wp-block-uagb-image__figure:hover .wp-block-uagb-image--layout-overlay__color-wrapper{opacity: 1;}.uagb-block-e6f939b3.wp-block-uagb-image .wp-block-uagb-image--layout-overlay__inner .uagb-image-separator{width: 30%;border-top-width: 2px;border-top-color: #fff;opacity: 0;}.uagb-block-e6f939b3.wp-block-uagb-image .wp-block-uagb-image__figure img{width: px;height: auto;}.uagb-block-e6f939b3.wp-block-uagb-image .wp-block-uagb-image__figure:hover .wp-block-uagb-image--layout-overlay__inner .uagb-image-caption{opacity: 1;}.uagb-block-e6f939b3.wp-block-uagb-image .wp-block-uagb-image__figure:hover .wp-block-uagb-image--layout-overlay__inner .uagb-image-separator{opacity: 1;}.uagb-block-e6f939b3.wp-block-uagb-image--layout-default figure:hover img{box-shadow: 0px 0px 0 #00000070;}.uagb-block-e6f939b3.wp-block-uagb-image--layout-overlay figure:hover img{box-shadow: 0px 0px 0 #00000070;}@media only screen and (max-width: 976px) {.uagb-block-e6f939b3.wp-block-uagb-image .wp-block-uagb-image__figure img{width: px;height: auto;}}@media only screen and (max-width: 767px) {.uagb-block-e6f939b3.wp-block-uagb-image .wp-block-uagb-image__figure img{width: px;height: auto;}}\";s:2:\"js\";s:0:\"\";s:18:\"current_block_list\";a:13:{i:0;s:11:\"core\/search\";i:1;s:10:\"core\/group\";i:2;s:12:\"core\/heading\";i:3;s:17:\"core\/latest-posts\";i:4;s:20:\"core\/latest-comments\";i:5;s:13:\"core\/archives\";i:6;s:15:\"core\/categories\";i:7;s:14:\"core\/paragraph\";i:8;s:10:\"uagb\/image\";i:9;s:11:\"core\/spacer\";i:10;s:30:\"woocommerce\/product-categories\";i:11;s:10:\"core\/image\";i:12;s:14:\"core\/shortcode\";}s:8:\"uag_flag\";b:1;s:11:\"uag_version\";s:10:\"1777098085\";s:6:\"gfonts\";a:0:{}s:10:\"gfonts_url\";s:0:\"\";s:12:\"gfonts_files\";a:0:{}s:14:\"uag_faq_layout\";b:0;}"]},"uagb_featured_image_src":{"full":["https:\/\/www.ferberpainting.com\/wp-content\/uploads\/2025\/05\/Asphalt-Cold-Patch-10-KG-Mockups.png",2560,2560,false],"thumbnail":["https:\/\/www.ferberpainting.com\/wp-content\/uploads\/2025\/05\/Asphalt-Cold-Patch-10-KG-Mockups-150x150.png",150,150,true],"medium":["https:\/\/www.ferberpainting.com\/wp-content\/uploads\/2025\/05\/Asphalt-Cold-Patch-10-KG-Mockups-300x300.png",300,300,true],"medium_large":["https:\/\/www.ferberpainting.com\/wp-content\/uploads\/2025\/05\/Asphalt-Cold-Patch-10-KG-Mockups-768x768.png",768,768,true],"large":["https:\/\/www.ferberpainting.com\/wp-content\/uploads\/2025\/05\/Asphalt-Cold-Patch-10-KG-Mockups-1024x1024.png",1024,1024,true],"1536x1536":["https:\/\/www.ferberpainting.com\/wp-content\/uploads\/2025\/05\/Asphalt-Cold-Patch-10-KG-Mockups-1536x1536.png",1536,1536,true],"2048x2048":["https:\/\/www.ferberpainting.com\/wp-content\/uploads\/2025\/05\/Asphalt-Cold-Patch-10-KG-Mockups-2048x2048.png",2048,2048,true],"trp-custom-language-flag":["https:\/\/www.ferberpainting.com\/wp-content\/uploads\/2025\/05\/Asphalt-Cold-Patch-10-KG-Mockups-12x12.png",12,12,true],"woocommerce_thumbnail":["https:\/\/www.ferberpainting.com\/wp-content\/uploads\/2025\/05\/Asphalt-Cold-Patch-10-KG-Mockups-300x300.png",300,300,true],"woocommerce_single":["https:\/\/www.ferberpainting.com\/wp-content\/uploads\/2025\/05\/Asphalt-Cold-Patch-10-KG-Mockups-600x600.png",600,600,true],"woocommerce_gallery_thumbnail":["https:\/\/www.ferberpainting.com\/wp-content\/uploads\/2025\/05\/Asphalt-Cold-Patch-10-KG-Mockups-100x100.png",100,100,true]},"uagb_author_info":{"display_name":"admin","author_link":"https:\/\/www.ferberpainting.com\/de\/author\/"},"uagb_comment_info":7,"uagb_excerpt":"Fast and Efficient Repair of Paved Surfaces.\u00a0This cold-mix asphalt is specially designed to allow simple and durable repairs of roads, sidewalks, parking lots, and other surfaces made of asphalt or concrete. It provides an effective solution for filling potholes, cracks, deformations, and holes without requiring complex equipment or professional intervention, ensuring a quick and reliable&hellip;","_links":{"self":[{"href":"https:\/\/www.ferberpainting.com\/de\/wp-json\/wp\/v2\/product\/23070","targetHints":{"allow":["GET"]}}],"collection":[{"href":"https:\/\/www.ferberpainting.com\/de\/wp-json\/wp\/v2\/product"}],"about":[{"href":"https:\/\/www.ferberpainting.com\/de\/wp-json\/wp\/v2\/types\/product"}],"replies":[{"embeddable":true,"href":"https:\/\/www.ferberpainting.com\/de\/wp-json\/wp\/v2\/comments?post=23070"}],"version-history":[{"count":6,"href":"https:\/\/www.ferberpainting.com\/de\/wp-json\/wp\/v2\/product\/23070\/revisions"}],"predecessor-version":[{"id":166027,"href":"https:\/\/www.ferberpainting.com\/de\/wp-json\/wp\/v2\/product\/23070\/revisions\/166027"}],"wp:featuredmedia":[{"embeddable":true,"href":"https:\/\/www.ferberpainting.com\/de\/wp-json\/wp\/v2\/media\/164716"}],"wp:attachment":[{"href":"https:\/\/www.ferberpainting.com\/de\/wp-json\/wp\/v2\/media?parent=23070"}],"wp:term":[{"taxonomy":"product_brand","embeddable":true,"href":"https:\/\/www.ferberpainting.com\/de\/wp-json\/wp\/v2\/product_brand?post=23070"},{"taxonomy":"product_cat","embeddable":true,"href":"https:\/\/www.ferberpainting.com\/de\/wp-json\/wp\/v2\/product_cat?post=23070"},{"taxonomy":"product_tag","embeddable":true,"href":"https:\/\/www.ferberpainting.com\/de\/wp-json\/wp\/v2\/product_tag?post=23070"}],"curies":[{"name":"wp","href":"https:\/\/api.w.org\/{rel}","templated":true}]}}