{"id":23046,"date":"2025-07-01T18:41:34","date_gmt":"2025-07-01T16:41:34","guid":{"rendered":"https:\/\/www.ferberpainting.com\/?post_type=product&#038;p=23046"},"modified":"2026-02-24T18:40:25","modified_gmt":"2026-02-24T17:40:25","slug":"airbrush-cleaner","status":"publish","type":"product","link":"https:\/\/www.ferberpainting.com\/de\/products\/airbrush-cleaner\/","title":{"rendered":"Airbrush-Reiniger"},"content":{"rendered":"<p><img decoding=\"async\" style=\"margin-right: 12px;\" src=\"https:\/\/www.ferberpainting.com\/wp-content\/uploads\/2026\/02\/Check.svg\" alt=\"\" width=\"18\" height=\"15\" \/><strong>Optimale Effizienz.<\/strong>\u00a0Dieser Airbrush-Reiniger wurde entwickelt, um Farb-, Lack- und Tintenr\u00fcckst\u00e4nde effektiv aufzul\u00f6sen und zu entfernen, und wirkt schnell und tief. Er bewahrt die Pr\u00e4zision und Leistung Ihres Ger\u00e4ts, indem er Ablagerungen verhindert, die die Leitungen und D\u00fcsen verstopfen k\u00f6nnten, und sorgt so f\u00fcr reibungsloses und ununterbrochenes Spr\u00fchen.<\/p>\n<p><img decoding=\"async\" style=\"margin-right: 12px;\" src=\"https:\/\/www.ferberpainting.com\/wp-content\/uploads\/2026\/02\/Check.svg\" alt=\"\" width=\"18\" height=\"15\" \/><strong>Geld-zur\u00fcck-Garantie.<\/strong> Wir sind von der Qualit\u00e4t und Wirksamkeit unseres Produkts \u00fcberzeugt. Wenn Sie nach dem Gebrauch nicht vollst\u00e4ndig zufrieden sind, haben Sie Anspruch auf eine volle R\u00fcckerstattung. Testen Sie diesen Reiniger ohne Risiko, und halten Sie Ihre Airbrush immer in perfektem Zustand.<\/p>\n<p><img decoding=\"async\" style=\"margin-right: 12px;\" src=\"https:\/\/www.ferberpainting.com\/wp-content\/uploads\/2026\/02\/Check.svg\" alt=\"\" width=\"18\" height=\"15\" \/><strong>Au\u00dfergew\u00f6hnliche Vielseitigkeit. <\/strong>Dieser Reiniger ist mit einer Vielzahl von Farben und Tinten kompatibel, darunter Acrylfarben, Tinten auf Wasserbasis, Lacke und bestimmte l\u00f6sungsmittelhaltige Farben. Er kann auch auf verschiedenen Airbrush-Materialien wie Metall, Kunststoff oder synthetischem Gummi verwendet werden und gew\u00e4hrleistet eine optimale Reinigung, ohne empfindliche Komponenten zu besch\u00e4digen.<\/p>\n<p><img decoding=\"async\" style=\"margin-right: 12px;\" src=\"https:\/\/www.ferberpainting.com\/wp-content\/uploads\/2026\/02\/Check.svg\" alt=\"\" width=\"18\" height=\"15\" \/><strong>Kosteng\u00fcnstige Leistung. <\/strong>Mit einem 5-Liter-Kanister tr\u00e4gt dieser Reiniger dazu bei, die Lebensdauer Ihrer Airbrush zu verl\u00e4ngern und gleichzeitig Ihren Verbrauch zu optimieren. Eine kleine Menge reicht f\u00fcr die Tiefenreinigung aus und bietet eine hervorragende Leistung pro Liter. Im Durchschnitt reichen 50 ml des Produkts f\u00fcr einen kompletten Reinigungszyklus aus, was bis zu 100 Reinigungen pro Kanister erm\u00f6glicht.<\/p>\n<p><img decoding=\"async\" style=\"margin-right: 12px;\" src=\"https:\/\/www.ferberpainting.com\/wp-content\/uploads\/2026\/02\/Check.svg\" alt=\"\" width=\"18\" height=\"15\" \/><strong>Sicher in der Anwendung. <\/strong>Da dieser Reiniger keine aggressiven Chemikalien enth\u00e4lt, setzt er keine giftigen D\u00e4mpfe frei und stellt keine Gefahr f\u00fcr den Benutzer dar, wenn er wie empfohlen verwendet wird. Er ist sicher f\u00fcr Dichtungen und Innenteile der Airbrush und gew\u00e4hrleistet eine sichere und effektive Wartung, ohne Ihre Ausr\u00fcstung zu besch\u00e4digen.<\/p>\n<p><img decoding=\"async\" style=\"margin-right: 12px;\" src=\"https:\/\/www.ferberpainting.com\/wp-content\/uploads\/2026\/02\/Check.svg\" alt=\"\" width=\"18\" height=\"15\" \/><strong>Benutzerfreundlichkeit. <\/strong>Dieser Reiniger ist gebrauchsfertig und muss nicht verd\u00fcnnt werden. Gie\u00dfen Sie einfach die erforderliche Menge und fahren Sie mit der direkten Reinigung, ohne Vorbereitung erforderlich. Ob f\u00fcr die schnelle Reinigung zwischen den Farbwechseln oder f\u00fcr die gr\u00fcndlichere Pflege, die Anwendung bleibt einfach und intuitiv.<\/p>\n<p><img decoding=\"async\" style=\"margin-right: 12px;\" src=\"https:\/\/www.ferberpainting.com\/wp-content\/uploads\/2026\/02\/Check.svg\" alt=\"\" width=\"18\" height=\"15\" \/><strong>Langlebige Haltbarkeit. <\/strong>Durch die wirksame Entfernung von Farbablagerungen und die Sauberhaltung von Leitungen und D\u00fcsen tr\u00e4gt dieser Reiniger zur Verl\u00e4ngerung der Lebensdauer Ihrer Airbrush bei. Bei regelm\u00e4\u00dfiger Anwendung wird der vorzeitige Verschlei\u00df reduziert und eine optimale Langzeitleistung sichergestellt, wodurch Ausf\u00e4lle und kostspielige Verstopfungen vermieden werden.<\/p>\n<p><img decoding=\"async\" style=\"margin-right: 12px;\" src=\"https:\/\/www.ferberpainting.com\/wp-content\/uploads\/2026\/02\/Check.svg\" alt=\"\" width=\"18\" height=\"15\" \/><strong>Schnelles Handeln. <\/strong>Dank seiner hochwirksamen Formel wirkt dieser Reiniger sofort auf Lackr\u00fcckst\u00e4nde, l\u00f6st Schmutz und Verunreinigungen in nur wenigen Minuten und erm\u00f6glicht eine Entfernung ohne Schrubben. Ideal f\u00fcr die schnelle Reinigung zwischen zwei Lackiervorg\u00e4ngen oder die Tiefenpflege nach dem Gebrauch.<\/p>\n<h2><strong>Verwendungsprotokoll<\/strong><\/h2>\n<ul>\n<li><strong>Schnelle Reinigung zwischen zwei Farben <\/strong>: F\u00fcllen Sie ca. 10 ml Reiniger in den Airbrush-Becher, spr\u00fchen Sie, bis die Fl\u00fcssigkeit klar ist, und wischen Sie dann das Innere mit einem sauberen Tuch ab.<\/li>\n<li><strong>Tiefenreinigung nach Gebrauch <\/strong>: Zerlegen Sie die Airbrush gem\u00e4\u00df den Anweisungen des Herstellers, weichen Sie D\u00fcsen und Nadeln 10 bis 15 Minuten lang in einem Beh\u00e4lter mit Reinigungsmittel ein, schrubben Sie sie bei Bedarf vorsichtig mit einer weichen B\u00fcrste ab und sp\u00fclen Sie sie dann mit klarem Wasser ab, bevor Sie das Ger\u00e4t wieder zusammenbauen.<\/li>\n<li><strong>Regelm\u00e4\u00dfige Wartung <\/strong>: Um Verstopfungen zu vermeiden, reinigen Sie die Airbrush nach jedem Gebrauch mit diesem Reiniger, auch wenn die Airbrush nur kurz benutzt wurde.<\/li>\n<li><strong>Lagerung <\/strong>: Verschlie\u00dfen Sie den Kanister nach jedem Gebrauch fest und bewahren Sie ihn an einem k\u00fchlen, trockenen und lichtgesch\u00fctzten Ort auf, um die langfristige Wirksamkeit des Produkts zu erhalten.<\/li>\n<\/ul>\n<p>Mit unserem Airbrush-Reiniger stellen Sie sicher, dass Ihre Ausr\u00fcstung immer funktionsf\u00e4hig, sauber und leistungsstark ist - m\u00fchelos und sicher.<\/p>\n<p>&nbsp;<\/p>","protected":false},"excerpt":{"rendered":"<p>Optimal efficiency.\u00a0Designed to effectively dissolve and eliminate paint, varnish, and ink residues, this airbrush cleaner delivers fast and deep action. It maintains the precision and performance of your equipment by preventing buildup that could clog the lines and nozzles, ensuring smooth and uninterrupted spraying. Money-back guarantee. We are confident in the quality and effectiveness of [&hellip;]<\/p>\n","protected":false},"featured_media":36575,"comment_status":"open","ping_status":"closed","template":"","meta":{"_uag_custom_page_level_css":"","site-sidebar-layout":"default","site-content-layout":"","ast-site-content-layout":"default","site-content-style":"default","site-sidebar-style":"default","ast-global-header-display":"","ast-banner-title-visibility":"","ast-main-header-display":"","ast-hfb-above-header-display":"","ast-hfb-below-header-display":"","ast-hfb-mobile-header-display":"","site-post-title":"","ast-breadcrumbs-content":"","ast-featured-img":"","footer-sml-layout":"","ast-disable-related-posts":"","theme-transparent-header-meta":"default","adv-header-id-meta":"","stick-header-meta":"","header-above-stick-meta":"","header-main-stick-meta":"","header-below-stick-meta":"","astra-migrate-meta-layouts":"set","ast-page-background-enabled":"default","ast-page-background-meta":{"desktop":{"background-color":"var(--ast-global-color-4)","background-image":"","background-repeat":"repeat","background-position":"center center","background-size":"auto","background-attachment":"scroll","background-type":"","background-media":"","overlay-type":"","overlay-color":"","overlay-opacity":"","overlay-gradient":""},"tablet":{"background-color":"","background-image":"","background-repeat":"repeat","background-position":"center center","background-size":"auto","background-attachment":"scroll","background-type":"","background-media":"","overlay-type":"","overlay-color":"","overlay-opacity":"","overlay-gradient":""},"mobile":{"background-color":"","background-image":"","background-repeat":"repeat","background-position":"center center","background-size":"auto","background-attachment":"scroll","background-type":"","background-media":"","overlay-type":"","overlay-color":"","overlay-opacity":"","overlay-gradient":""}},"ast-content-background-meta":{"desktop":{"background-color":"var(--ast-global-color-5)","background-image":"","background-repeat":"repeat","background-position":"center center","background-size":"auto","background-attachment":"scroll","background-type":"","background-media":"","overlay-type":"","overlay-color":"","overlay-opacity":"","overlay-gradient":""},"tablet":{"background-color":"var(--ast-global-color-5)","background-image":"","background-repeat":"repeat","background-position":"center center","background-size":"auto","background-attachment":"scroll","background-type":"","background-media":"","overlay-type":"","overlay-color":"","overlay-opacity":"","overlay-gradient":""},"mobile":{"background-color":"var(--ast-global-color-5)","background-image":"","background-repeat":"repeat","background-position":"center center","background-size":"auto","background-attachment":"scroll","background-type":"","background-media":"","overlay-type":"","overlay-color":"","overlay-opacity":"","overlay-gradient":""}}},"product_brand":[],"product_cat":[175],"product_tag":[],"class_list":{"0":"post-23046","1":"product","2":"type-product","3":"status-publish","4":"has-post-thumbnail","6":"product_cat-cleaning-products","7":"desktop-align-left","8":"tablet-align-left","9":"mobile-align-left","11":"first","12":"instock","13":"sale","14":"taxable","15":"shipping-taxable","16":"purchasable","17":"product-type-variable","18":"has-default-attributes"},"spectra_custom_meta":{"_visibility":["visible"],"_shopify_product_id":["9100813271285"],"_s2w_shopify_domain":["ferberpainting.myshopify.com"],"_shopify_variant_id":["46610356109557"],"_sku":["FPAIRBRUSHCLEANER"],"_manage_stock":["no"],"total_sales":["55"],"_tax_status":["taxable"],"_tax_class":[""],"_backorders":["no"],"_sold_individually":["no"],"_virtual":["no"],"_downloadable":["no"],"_download_limit":["-1"],"_download_expiry":["-1"],"_stock":[null],"_stock_status":["instock"],"_wc_average_rating":["5.00"],"_wc_review_count":["8"],"_product_attributes":["a:1:{s:6:\"volume\";a:6:{s:4:\"name\";s:6:\"Volume\";s:5:\"value\";s:20:\"5 liters | 25 liters\";s:8:\"position\";i:1;s:10:\"is_visible\";i:0;s:12:\"is_variation\";i:1;s:11:\"is_taxonomy\";i:0;}}"],"_product_version":["10.5.2"],"wpse_downloadable_file_names":[""],"wpse_downloadable_file_urls":[""],"_edit_last":["1"],"_default_attributes":["a:1:{s:6:\"volume\";s:8:\"5 liters\";}"],"_edit_lock":["1771954722:1"],"_price":["29.90","129.90"],"merchant-center-availability":["yes"],"merchant-center-category":["503741"],"_thumbnail_id":["36575"],"_wp_page_template":["default"],"_wp_old_date":["2025-05-26"],"_product_image_gallery":["36576"],"site-sidebar-layout":["default"],"ast-site-content-layout":["default"],"site-content-style":["default"],"site-sidebar-style":["default"],"theme-transparent-header-meta":["default"],"_wc_rating_count":["a:1:{i:5;i:8;}"],"astra-migrate-meta-layouts":["set"],"_uag_css_file_name":["uag-css-23046.css"],"_elementor_page_assets":["a:0:{}"],"_uag_page_assets":["a:9:{s:3:\"css\";s:6873:\".wp-block-uagb-image{display:flex}.wp-block-uagb-image__figure{position:relative;display:flex;flex-direction:column;max-width:100%;height:auto;margin:0}.wp-block-uagb-image__figure img{height:auto;display:flex;max-width:100%;transition:box-shadow .2s ease}.wp-block-uagb-image__figure>a{display:inline-block}.wp-block-uagb-image__figure figcaption{text-align:center;margin-top:.5em;margin-bottom:1em}.wp-block-uagb-image .components-placeholder.block-editor-media-placeholder .components-placeholder__instructions{align-self:center}.wp-block-uagb-image--align-left{text-align:left}.wp-block-uagb-image--align-right{text-align:right}.wp-block-uagb-image--align-center{text-align:center}.wp-block-uagb-image--align-full .wp-block-uagb-image__figure{margin-left:calc(50% - 50vw);margin-right:calc(50% - 50vw);max-width:100vw;width:100vw;height:auto}.wp-block-uagb-image--align-full .wp-block-uagb-image__figure img{height:auto;width:100% !important}.wp-block-uagb-image--align-wide .wp-block-uagb-image__figure img{height:auto;width:100%}.wp-block-uagb-image--layout-overlay__color-wrapper{position:absolute;left:0;top:0;right:0;bottom:0;opacity:.2;background:rgba(0,0,0,.5);transition:opacity .35s ease-in-out}.wp-block-uagb-image--layout-overlay-link{position:absolute;left:0;right:0;bottom:0;top:0}.wp-block-uagb-image--layout-overlay .wp-block-uagb-image__figure:hover .wp-block-uagb-image--layout-overlay__color-wrapper{opacity:1}.wp-block-uagb-image--layout-overlay__inner{position:absolute;left:15px;right:15px;bottom:15px;top:15px;display:flex;align-items:center;justify-content:center;flex-direction:column;border-color:#fff;transition:.35s ease-in-out}.wp-block-uagb-image--layout-overlay__inner.top-left,.wp-block-uagb-image--layout-overlay__inner.top-center,.wp-block-uagb-image--layout-overlay__inner.top-right{justify-content:flex-start}.wp-block-uagb-image--layout-overlay__inner.bottom-left,.wp-block-uagb-image--layout-overlay__inner.bottom-center,.wp-block-uagb-image--layout-overlay__inner.bottom-right{justify-content:flex-end}.wp-block-uagb-image--layout-overlay__inner.top-left,.wp-block-uagb-image--layout-overlay__inner.center-left,.wp-block-uagb-image--layout-overlay__inner.bottom-left{align-items:flex-start}.wp-block-uagb-image--layout-overlay__inner.top-right,.wp-block-uagb-image--layout-overlay__inner.center-right,.wp-block-uagb-image--layout-overlay__inner.bottom-right{align-items:flex-end}.wp-block-uagb-image--layout-overlay__inner .uagb-image-heading{color:#fff;transition:transform .35s,opacity .35s ease-in-out;transform:translate3d(0, 24px, 0);margin:0;line-height:1em}.wp-block-uagb-image--layout-overlay__inner .uagb-image-separator{width:30%;border-top-width:2px;border-top-color:#fff;border-top-style:solid;margin-bottom:10px;opacity:0;transition:transform .4s,opacity .4s ease-in-out;transform:translate3d(0, 30px, 0)}.wp-block-uagb-image--layout-overlay__inner .uagb-image-caption{opacity:0;overflow:visible;color:#fff;transition:transform .45s,opacity .45s ease-in-out;transform:translate3d(0, 35px, 0)}.wp-block-uagb-image--layout-overlay__inner:hover .uagb-image-heading,.wp-block-uagb-image--layout-overlay__inner:hover .uagb-image-separator,.wp-block-uagb-image--layout-overlay__inner:hover .uagb-image-caption{opacity:1;transform:translate3d(0, 0, 0)}.wp-block-uagb-image--effect-zoomin .wp-block-uagb-image__figure img,.wp-block-uagb-image--effect-zoomin .wp-block-uagb-image__figure .wp-block-uagb-image--layout-overlay__color-wrapper{transform:scale(1);transition:transform .35s ease-in-out}.wp-block-uagb-image--effect-zoomin .wp-block-uagb-image__figure:hover img,.wp-block-uagb-image--effect-zoomin .wp-block-uagb-image__figure:hover .wp-block-uagb-image--layout-overlay__color-wrapper{transform:scale(1.05)}.wp-block-uagb-image--effect-slide .wp-block-uagb-image__figure img,.wp-block-uagb-image--effect-slide .wp-block-uagb-image__figure .wp-block-uagb-image--layout-overlay__color-wrapper{width:calc(100% + 40px) !important;max-width:none !important;transform:translate3d(-40px, 0, 0);transition:transform .35s ease-in-out}.wp-block-uagb-image--effect-slide .wp-block-uagb-image__figure:hover img,.wp-block-uagb-image--effect-slide .wp-block-uagb-image__figure:hover .wp-block-uagb-image--layout-overlay__color-wrapper{transform:translate3d(0, 0, 0)}.wp-block-uagb-image--effect-grayscale img{filter:grayscale(0%);transition:.35s ease-in-out}.wp-block-uagb-image--effect-grayscale:hover img{filter:grayscale(100%)}.wp-block-uagb-image--effect-blur img{filter:blur(0);transition:.35s ease-in-out}.wp-block-uagb-image--effect-blur:hover img{filter:blur(3px)}.uagb-block-e6f939b3.wp-block-uagb-image--layout-default figure img{box-shadow: 0px 0px 0 #00000070;}.uagb-block-e6f939b3.wp-block-uagb-image .wp-block-uagb-image__figure figcaption{font-style: normal;align-self: center;}.uagb-block-e6f939b3.wp-block-uagb-image--layout-overlay figure img{box-shadow: 0px 0px 0 #00000070;}.uagb-block-e6f939b3.wp-block-uagb-image--layout-overlay .wp-block-uagb-image--layout-overlay__color-wrapper{opacity: 0.2;}.uagb-block-e6f939b3.wp-block-uagb-image--layout-overlay .wp-block-uagb-image--layout-overlay__inner{left: 15px;right: 15px;top: 15px;bottom: 15px;}.uagb-block-e6f939b3.wp-block-uagb-image--layout-overlay .wp-block-uagb-image--layout-overlay__inner .uagb-image-heading{font-style: normal;color: #fff;opacity: 1;}.uagb-block-e6f939b3.wp-block-uagb-image--layout-overlay .wp-block-uagb-image--layout-overlay__inner .uagb-image-heading a{color: #fff;}.uagb-block-e6f939b3.wp-block-uagb-image--layout-overlay .wp-block-uagb-image--layout-overlay__inner .uagb-image-caption{opacity: 0;}.uagb-block-e6f939b3.wp-block-uagb-image--layout-overlay .wp-block-uagb-image__figure:hover .wp-block-uagb-image--layout-overlay__color-wrapper{opacity: 1;}.uagb-block-e6f939b3.wp-block-uagb-image .wp-block-uagb-image--layout-overlay__inner .uagb-image-separator{width: 30%;border-top-width: 2px;border-top-color: #fff;opacity: 0;}.uagb-block-e6f939b3.wp-block-uagb-image .wp-block-uagb-image__figure img{width: px;height: auto;}.uagb-block-e6f939b3.wp-block-uagb-image .wp-block-uagb-image__figure:hover .wp-block-uagb-image--layout-overlay__inner .uagb-image-caption{opacity: 1;}.uagb-block-e6f939b3.wp-block-uagb-image .wp-block-uagb-image__figure:hover .wp-block-uagb-image--layout-overlay__inner .uagb-image-separator{opacity: 1;}.uagb-block-e6f939b3.wp-block-uagb-image--layout-default figure:hover img{box-shadow: 0px 0px 0 #00000070;}.uagb-block-e6f939b3.wp-block-uagb-image--layout-overlay figure:hover img{box-shadow: 0px 0px 0 #00000070;}@media only screen and (max-width: 976px) {.uagb-block-e6f939b3.wp-block-uagb-image .wp-block-uagb-image__figure img{width: px;height: auto;}}@media only screen and (max-width: 767px) {.uagb-block-e6f939b3.wp-block-uagb-image .wp-block-uagb-image__figure img{width: px;height: auto;}}\";s:2:\"js\";s:0:\"\";s:18:\"current_block_list\";a:13:{i:0;s:11:\"core\/search\";i:1;s:10:\"core\/group\";i:2;s:12:\"core\/heading\";i:3;s:17:\"core\/latest-posts\";i:4;s:20:\"core\/latest-comments\";i:5;s:13:\"core\/archives\";i:6;s:15:\"core\/categories\";i:7;s:14:\"core\/paragraph\";i:8;s:10:\"uagb\/image\";i:9;s:11:\"core\/spacer\";i:10;s:30:\"woocommerce\/product-categories\";i:11;s:10:\"core\/image\";i:12;s:14:\"core\/shortcode\";}s:8:\"uag_flag\";b:1;s:11:\"uag_version\";s:10:\"1777235812\";s:6:\"gfonts\";a:0:{}s:10:\"gfonts_url\";s:0:\"\";s:12:\"gfonts_files\";a:0:{}s:14:\"uag_faq_layout\";b:0;}"]},"uagb_featured_image_src":{"full":["https:\/\/www.ferberpainting.com\/wp-content\/uploads\/2025\/05\/Airbrush-Cleaner-5L-Mockup-.png",2560,2560,false],"thumbnail":["https:\/\/www.ferberpainting.com\/wp-content\/uploads\/2025\/05\/Airbrush-Cleaner-5L-Mockup--150x150.png",150,150,true],"medium":["https:\/\/www.ferberpainting.com\/wp-content\/uploads\/2025\/05\/Airbrush-Cleaner-5L-Mockup--300x300.png",300,300,true],"medium_large":["https:\/\/www.ferberpainting.com\/wp-content\/uploads\/2025\/05\/Airbrush-Cleaner-5L-Mockup--768x768.png",768,768,true],"large":["https:\/\/www.ferberpainting.com\/wp-content\/uploads\/2025\/05\/Airbrush-Cleaner-5L-Mockup--1024x1024.png",1024,1024,true],"1536x1536":["https:\/\/www.ferberpainting.com\/wp-content\/uploads\/2025\/05\/Airbrush-Cleaner-5L-Mockup--1536x1536.png",1536,1536,true],"2048x2048":["https:\/\/www.ferberpainting.com\/wp-content\/uploads\/2025\/05\/Airbrush-Cleaner-5L-Mockup--2048x2048.png",2048,2048,true],"trp-custom-language-flag":["https:\/\/www.ferberpainting.com\/wp-content\/uploads\/2025\/05\/Airbrush-Cleaner-5L-Mockup--12x12.png",12,12,true],"woocommerce_thumbnail":["https:\/\/www.ferberpainting.com\/wp-content\/uploads\/2025\/05\/Airbrush-Cleaner-5L-Mockup--300x300.png",300,300,true],"woocommerce_single":["https:\/\/www.ferberpainting.com\/wp-content\/uploads\/2025\/05\/Airbrush-Cleaner-5L-Mockup--600x600.png",600,600,true],"woocommerce_gallery_thumbnail":["https:\/\/www.ferberpainting.com\/wp-content\/uploads\/2025\/05\/Airbrush-Cleaner-5L-Mockup--100x100.png",100,100,true]},"uagb_author_info":{"display_name":"admin","author_link":"https:\/\/www.ferberpainting.com\/de\/author\/"},"uagb_comment_info":8,"uagb_excerpt":"Optimal efficiency.\u00a0Designed to effectively dissolve and eliminate paint, varnish, and ink residues, this airbrush cleaner delivers fast and deep action. It maintains the precision and performance of your equipment by preventing buildup that could clog the lines and nozzles, ensuring smooth and uninterrupted spraying. Money-back guarantee. We are confident in the quality and effectiveness of&hellip;","_links":{"self":[{"href":"https:\/\/www.ferberpainting.com\/de\/wp-json\/wp\/v2\/product\/23046","targetHints":{"allow":["GET"]}}],"collection":[{"href":"https:\/\/www.ferberpainting.com\/de\/wp-json\/wp\/v2\/product"}],"about":[{"href":"https:\/\/www.ferberpainting.com\/de\/wp-json\/wp\/v2\/types\/product"}],"replies":[{"embeddable":true,"href":"https:\/\/www.ferberpainting.com\/de\/wp-json\/wp\/v2\/comments?post=23046"}],"version-history":[{"count":6,"href":"https:\/\/www.ferberpainting.com\/de\/wp-json\/wp\/v2\/product\/23046\/revisions"}],"predecessor-version":[{"id":166011,"href":"https:\/\/www.ferberpainting.com\/de\/wp-json\/wp\/v2\/product\/23046\/revisions\/166011"}],"wp:featuredmedia":[{"embeddable":true,"href":"https:\/\/www.ferberpainting.com\/de\/wp-json\/wp\/v2\/media\/36575"}],"wp:attachment":[{"href":"https:\/\/www.ferberpainting.com\/de\/wp-json\/wp\/v2\/media?parent=23046"}],"wp:term":[{"taxonomy":"product_brand","embeddable":true,"href":"https:\/\/www.ferberpainting.com\/de\/wp-json\/wp\/v2\/product_brand?post=23046"},{"taxonomy":"product_cat","embeddable":true,"href":"https:\/\/www.ferberpainting.com\/de\/wp-json\/wp\/v2\/product_cat?post=23046"},{"taxonomy":"product_tag","embeddable":true,"href":"https:\/\/www.ferberpainting.com\/de\/wp-json\/wp\/v2\/product_tag?post=23046"}],"curies":[{"name":"wp","href":"https:\/\/api.w.org\/{rel}","templated":true}]}}