{"id":36652,"date":"2025-07-01T20:50:37","date_gmt":"2025-07-01T18:50:37","guid":{"rendered":"https:\/\/www.ferberpainting.com\/?post_type=product&#038;p=36652"},"modified":"2026-02-16T08:29:03","modified_gmt":"2026-02-16T07:29:03","slug":"roof-tile-cleaner","status":"publish","type":"product","link":"https:\/\/www.ferberpainting.com\/cz\/products\/roof-tile-cleaner\/","title":{"rendered":"\u010cisti\u010d st\u0159e\u0161n\u00edch ta\u0161ek"},"content":{"rendered":"<p><strong><img decoding=\"async\" style=\"margin-right: 12px;\" src=\"https:\/\/www.ferberpainting.com\/wp-content\/uploads\/2026\/02\/Check.svg\" alt=\"\" width=\"18\" height=\"15\" \/>Optim\u00e1ln\u00ed efektivita.<\/strong> Tento \u010disti\u010d na ta\u0161ky je speci\u00e1ln\u011b vyvinut\u00fd tak, aby \u00fa\u010dinn\u011b odstra\u0148oval \u0161p\u00ednu, skvrny od zne\u010di\u0161t\u011bn\u00ed, mech, li\u0161ejn\u00edky a zelen\u00e9 usazeniny, kter\u00e9 se na st\u0159ech\u00e1ch \u010dasem hromad\u00ed. Jeho \u00fa\u010dinn\u00e9 slo\u017een\u00ed pronik\u00e1 hluboko do materi\u00e1lu, rozpou\u0161t\u00ed ne\u010distoty a obnovuje p\u016fvodn\u00ed vzhled ta\u0161ek, a\u0165 u\u017e star\u00fdch nebo nov\u00fdch. Zaji\u0161\u0165uje hloubkov\u00e9 \u010di\u0161t\u011bn\u00ed a z\u00e1rove\u0148 zachov\u00e1v\u00e1 strukturu a trvanlivost materi\u00e1l\u016f.<\/p>\n<p><strong><img decoding=\"async\" style=\"margin-right: 12px;\" src=\"https:\/\/www.ferberpainting.com\/wp-content\/uploads\/2026\/02\/Check.svg\" alt=\"\" width=\"18\" height=\"15\" \/>Garance spokojenosti nebo vr\u00e1cen\u00ed pen\u011bz.<\/strong> Jsme p\u0159esv\u011bd\u010deni o dokonalosti na\u0161eho \u010distic\u00edho prost\u0159edku a jeho schopnosti p\u0159in\u00e1\u0161et viditeln\u00e9 v\u00fdsledky ji\u017e p\u0159i prvn\u00ed aplikaci. Pokud nebudete po jeho pou\u017eit\u00ed zcela spokojeni, m\u00e1te n\u00e1rok na vr\u00e1cen\u00ed cel\u00e9 \u010d\u00e1stky. Vyzkou\u0161ejte jej bez rizika a p\u0159esv\u011bd\u010dte se sami, jak je n\u00e1\u0161 v\u00fdrobek \u00fa\u010dinn\u00fd.<\/p>\n<p><strong><img decoding=\"async\" style=\"margin-right: 12px;\" src=\"https:\/\/www.ferberpainting.com\/wp-content\/uploads\/2026\/02\/Check.svg\" alt=\"\" width=\"18\" height=\"15\" \/>V\u00fdjime\u010dn\u00e1 v\u0161estrannost.<\/strong> Tento \u010disti\u010d se neomezuje pouze na dla\u017edice! Je \u00fa\u010dinn\u00fd i na dal\u0161\u00ed st\u0159e\u0161n\u00ed krytiny a fas\u00e1dn\u00ed materi\u00e1ly, jako je b\u0159idlice, beton, vl\u00e1knocementov\u00e9 desky, p\u0159\u00edrodn\u00ed k\u00e1men, dla\u017eba a dokonce i n\u011bkter\u00e9 o\u0161et\u0159en\u00e9 d\u0159ev\u011bn\u00e9 povrchy. Je ide\u00e1ln\u00ed na st\u0159echy, venkovn\u00ed st\u011bny, n\u00edzk\u00e9 zdi a dal\u0161\u00ed povrchy vystaven\u00e9 pov\u011btrnostn\u00edm vliv\u016fm a organick\u00fdm ne\u010distot\u00e1m.<\/p>\n<p><strong><img decoding=\"async\" style=\"margin-right: 12px;\" src=\"https:\/\/www.ferberpainting.com\/wp-content\/uploads\/2026\/02\/Check.svg\" alt=\"\" width=\"18\" height=\"15\" \/>N\u00e1kladov\u011b efektivn\u00ed v\u00fdnos.<\/strong> D\u00edky 5litrov\u00e9mu kanystru a vysoce koncentrovan\u00e9mu slo\u017een\u00ed nab\u00edz\u00ed tento \u010distic\u00ed prost\u0159edek vynikaj\u00edc\u00ed pokryt\u00ed. Mal\u00e9 mno\u017estv\u00ed sta\u010d\u00ed k o\u0161et\u0159en\u00ed velk\u00e9ho povrchu, \u010d\u00edm\u017e se minimalizuje nadm\u011brn\u00e9 pou\u017e\u00edv\u00e1n\u00ed. Jeden litr p\u0159\u00edpravku vy\u010dist\u00ed v pr\u016fm\u011bru a\u017e 50 m\u00b2 dla\u017edic, co\u017e p\u0159edstavuje ekonomick\u00e9 a dlouhodob\u00e9 \u0159e\u0161en\u00ed pro \u00fadr\u017ebu st\u0159ech a fas\u00e1d.<\/p>\n<p><strong><img decoding=\"async\" style=\"margin-right: 12px;\" src=\"https:\/\/www.ferberpainting.com\/wp-content\/uploads\/2026\/02\/Check.svg\" alt=\"\" width=\"18\" height=\"15\" \/>Bezpe\u010dn\u00e9 pou\u017eit\u00ed.<\/strong> Na rozd\u00edl od agresivn\u00edch produkt\u016f obsahuj\u00edc\u00edch korozivn\u00ed chemick\u00e9 l\u00e1tky neobsahuje tento \u010distic\u00ed prost\u0159edek nebezpe\u010dn\u00e1 rozpou\u0161t\u011bdla a nep\u0159edstavuje \u017e\u00e1dn\u00e9 riziko pro o\u0161et\u0159ovan\u00e9 povrchy. Nevypou\u0161t\u00ed \u017e\u00e1dn\u00e9 \u0161kodliv\u00e9 v\u00fdpary a nepo\u0161kozuje strukturu ta\u0161ek ani st\u0159e\u0161n\u00edch spoj\u016f. P\u0159i pou\u017eit\u00ed podle n\u00e1vodu nep\u0159edstavuje \u017e\u00e1dnou hrozbu pro \u017eivotn\u00ed prost\u0159ed\u00ed a zaji\u0161\u0165uje bezpe\u010dn\u00e9 pou\u017eit\u00ed pro u\u017eivatele i jejich domovy.<\/p>\n<p><strong><img decoding=\"async\" style=\"margin-right: 12px;\" src=\"https:\/\/www.ferberpainting.com\/wp-content\/uploads\/2026\/02\/Check.svg\" alt=\"\" width=\"18\" height=\"15\" \/>Snadn\u00e9 pou\u017eit\u00ed.<\/strong> Tento produkt je p\u0159ipraven k pou\u017eit\u00ed a nevy\u017eaduje \u017e\u00e1dn\u00e9 \u0159ed\u011bn\u00ed ani slo\u017eitou p\u0159\u00edpravu. Nan\u00e1\u0161\u00ed se p\u0159\u00edmo na st\u0159echu nebo \u010di\u0161t\u011bn\u00fd povrch, rychle rozpou\u0161t\u00ed usazeniny a snadno se oplachuje vodou. Lze jej aplikovat pomoc\u00ed post\u0159ikova\u010de, v\u00e1le\u010dku, \u0161t\u011btce nebo n\u00edzkotlak\u00e9 my\u010dky, tak\u017ee je jednoduch\u00fd a dostupn\u00fd pro ka\u017ed\u00e9ho.<\/p>\n<p><strong><img decoding=\"async\" style=\"margin-right: 12px;\" src=\"https:\/\/www.ferberpainting.com\/wp-content\/uploads\/2026\/02\/Check.svg\" alt=\"\" width=\"18\" height=\"15\" \/>Zv\u00fd\u0161en\u00e1 odolnost.<\/strong> \u00da\u010dinn\u00fdm odstra\u0148ov\u00e1n\u00edm organick\u00fdch usazenin a ne\u010distot tento \u010distic\u00ed prost\u0159edek zpomaluje op\u011btovn\u00fd v\u00fdskyt mech\u016f a li\u0161ejn\u00edk\u016f, \u010d\u00edm\u017e prodlu\u017euje \u010distotu a estetick\u00fd vzhled st\u0159ech a fas\u00e1d. Pravideln\u00e1 \u00fadr\u017eba t\u00edmto p\u0159\u00edpravkem pom\u00e1h\u00e1 p\u0159edch\u00e1zet pronik\u00e1n\u00ed vody a p\u0159ed\u010dasn\u00e9mu po\u0161kozen\u00ed materi\u00e1l\u016f, \u010d\u00edm\u017e zaji\u0161\u0165uje del\u0161\u00ed \u017eivotnost st\u0159echy.<\/p>\n<p><strong><img decoding=\"async\" style=\"margin-right: 12px;\" src=\"https:\/\/www.ferberpainting.com\/wp-content\/uploads\/2026\/02\/Check.svg\" alt=\"\" width=\"18\" height=\"15\" \/>Rychl\u00e1 akce.<\/strong>\u00a0D\u00edky sv\u00e9mu vysoce \u00fa\u010dinn\u00e9mu slo\u017een\u00ed p\u016fsob\u00ed tento \u010distic\u00ed prost\u0159edek okam\u017eit\u011b na usazen\u00e9 skvrny a zbytky. B\u011bhem n\u011bkolika minut rozpust\u00ed ne\u010distoty a usnadn\u00ed jejich odstran\u011bn\u00ed bez nutnosti siln\u00e9ho drhnut\u00ed. Je ide\u00e1ln\u00ed pro rychl\u00e9 \u010di\u0161t\u011bn\u00ed a b\u011bhem okam\u017eiku zajist\u00ed st\u0159echu bez poskvrny a z\u00e1\u0159iv\u00e9ho lesku.<\/p>\n<h2><strong>Protokol o pou\u017eit\u00ed<\/strong><\/h2>\n<ul>\n<li><strong>P\u0159\u00edprava<\/strong>: P\u0159ed aplikac\u00ed v\u00fdrobku se ujist\u011bte, \u017ee je st\u0159echa such\u00e1 nebo m\u00edrn\u011b vlhk\u00e1, a ujist\u011bte se, \u017ee jsou okapy a odtoky vody \u010dist\u00e9.<\/li>\n<li><strong>Aplikace<\/strong>: Do ru\u010dn\u00edho rozpra\u0161ova\u010de, v\u00e1le\u010dku nebo \u0161t\u011btce nalijte p\u0159im\u011b\u0159en\u00e9 mno\u017estv\u00ed \u010distic\u00edho prost\u0159edku a rovnom\u011brn\u011b jej naneste na dla\u017edice.<\/li>\n<li><strong>\u010ci\u0161t\u011bn\u00ed<\/strong>: Nechte p\u0159\u00edpravek p\u016fsobit 10 a\u017e 20 minut, aby rozpustil mechy, li\u0161ejn\u00edky a usazenou \u0161p\u00ednu. Siln\u011b zne\u010di\u0161t\u011bn\u00e9 plochy jemn\u011b vydrhn\u011bte kart\u00e1\u010dem nebo pou\u017eijte n\u00edzkotlak\u00fd myc\u00ed stroj.<\/li>\n<li><strong>Oplachov\u00e1n\u00ed<\/strong>: D\u016fkladn\u011b opl\u00e1chn\u011bte \u010distou vodou pomoc\u00ed zahradn\u00ed hadice nebo n\u00edzkotlak\u00e9 my\u010dky, abyste odstranili v\u0161echny stopy v\u00fdrobku a rozpu\u0161t\u011bn\u00e9 ne\u010distoty.<\/li>\n<li><strong>Su\u0161en\u00ed a dokon\u010dovac\u00ed pr\u00e1ce<\/strong>: Nechte ji p\u0159irozen\u011b uschnout. Pro dodate\u010dnou ochranu proti n\u00e1vratu mechu se doporu\u010duje po \u00fapln\u00e9m vyschnut\u00ed aplikovat vodoodpudiv\u00fd p\u0159\u00edpravek.<\/li>\n<li><strong>Frekvence pou\u017e\u00edv\u00e1n\u00ed<\/strong>: Aplikujte jednou a\u017e dvakr\u00e1t ro\u010dn\u011b, abyste zabr\u00e1nili usazov\u00e1n\u00ed ne\u010distot a udr\u017eeli \u010distou a zachovalou st\u0159echu po cel\u00fd rok.<\/li>\n<li><strong>\u00dalo\u017ei\u0161t\u011b<\/strong>: Po ka\u017ed\u00e9m pou\u017eit\u00ed n\u00e1dobku znovu pevn\u011b uzav\u0159ete a skladujte ji na chladn\u00e9m a such\u00e9m m\u00edst\u011b, mimo dosah sv\u011btla a extr\u00e9mn\u00edch teplot, abyste zachovali jej\u00ed dlouhodobou \u00fa\u010dinnost.<\/li>\n<\/ul>","protected":false},"excerpt":{"rendered":"<p>Optimal Efficiency. This tile cleaner is specially formulated to effectively eliminate grime, pollution stains, moss, lichens, and green deposits that accumulate on roofs over time. Its powerful formula penetrates deep into the material to dissolve impurities and restore the original appearance of tiles, whether old or new. It ensures deep cleaning while preserving the structure [&hellip;]<\/p>\n","protected":false},"featured_media":36656,"comment_status":"open","ping_status":"closed","template":"","meta":{"_uag_custom_page_level_css":"","site-sidebar-layout":"default","site-content-layout":"","ast-site-content-layout":"default","site-content-style":"default","site-sidebar-style":"default","ast-global-header-display":"","ast-banner-title-visibility":"","ast-main-header-display":"","ast-hfb-above-header-display":"","ast-hfb-below-header-display":"","ast-hfb-mobile-header-display":"","site-post-title":"","ast-breadcrumbs-content":"","ast-featured-img":"","footer-sml-layout":"","ast-disable-related-posts":"","theme-transparent-header-meta":"default","adv-header-id-meta":"","stick-header-meta":"","header-above-stick-meta":"","header-main-stick-meta":"","header-below-stick-meta":"","astra-migrate-meta-layouts":"set","ast-page-background-enabled":"default","ast-page-background-meta":{"desktop":{"background-color":"var(--ast-global-color-4)","background-image":"","background-repeat":"repeat","background-position":"center center","background-size":"auto","background-attachment":"scroll","background-type":"","background-media":"","overlay-type":"","overlay-color":"","overlay-opacity":"","overlay-gradient":""},"tablet":{"background-color":"","background-image":"","background-repeat":"repeat","background-position":"center center","background-size":"auto","background-attachment":"scroll","background-type":"","background-media":"","overlay-type":"","overlay-color":"","overlay-opacity":"","overlay-gradient":""},"mobile":{"background-color":"","background-image":"","background-repeat":"repeat","background-position":"center center","background-size":"auto","background-attachment":"scroll","background-type":"","background-media":"","overlay-type":"","overlay-color":"","overlay-opacity":"","overlay-gradient":""}},"ast-content-background-meta":{"desktop":{"background-color":"var(--ast-global-color-5)","background-image":"","background-repeat":"repeat","background-position":"center center","background-size":"auto","background-attachment":"scroll","background-type":"","background-media":"","overlay-type":"","overlay-color":"","overlay-opacity":"","overlay-gradient":""},"tablet":{"background-color":"var(--ast-global-color-5)","background-image":"","background-repeat":"repeat","background-position":"center center","background-size":"auto","background-attachment":"scroll","background-type":"","background-media":"","overlay-type":"","overlay-color":"","overlay-opacity":"","overlay-gradient":""},"mobile":{"background-color":"var(--ast-global-color-5)","background-image":"","background-repeat":"repeat","background-position":"center center","background-size":"auto","background-attachment":"scroll","background-type":"","background-media":"","overlay-type":"","overlay-color":"","overlay-opacity":"","overlay-gradient":""}}},"product_brand":[],"product_cat":[175,187],"product_tag":[],"class_list":{"0":"post-36652","1":"product","2":"type-product","3":"status-publish","4":"has-post-thumbnail","6":"product_cat-cleaning-products","7":"product_cat-roofing","8":"desktop-align-left","9":"tablet-align-left","10":"mobile-align-left","12":"first","13":"instock","14":"sale","15":"shipping-taxable","16":"purchasable","17":"product-type-variable","18":"has-default-attributes"},"spectra_custom_meta":{"_edit_lock":["1771821800:5317"],"_edit_last":["1"],"total_sales":["198"],"_tax_status":["taxable"],"_tax_class":[""],"_manage_stock":["no"],"_backorders":["no"],"_sold_individually":["no"],"_virtual":["no"],"_downloadable":["no"],"_download_limit":["-1"],"_download_expiry":["-1"],"_stock":[null],"_stock_status":["instock"],"_wc_average_rating":["5.00"],"_wc_review_count":["40"],"_product_attributes":["a:1:{s:6:\"volume\";a:6:{s:4:\"name\";s:6:\"Volume\";s:5:\"value\";s:20:\"5 liters | 25 liters\";s:8:\"position\";i:0;s:10:\"is_visible\";i:1;s:12:\"is_variation\";i:1;s:11:\"is_taxonomy\";i:0;}}"],"_product_version":["10.5.1"],"merchant-center-availability":["yes"],"merchant-center-category":["7504"],"_default_attributes":["a:1:{s:6:\"volume\";s:8:\"5 liters\";}"],"_price":["29.90","129.90"],"_thumbnail_id":["36656"],"_wp_page_template":["default"],"_product_image_gallery":["36657"],"site-sidebar-layout":["default"],"ast-site-content-layout":["default"],"site-content-style":["default"],"site-sidebar-style":["default"],"theme-transparent-header-meta":["default"],"_wc_rating_count":["a:1:{i:5;i:40;}"],"astra-migrate-meta-layouts":["set"],"_uag_css_file_name":["uag-css-36652.css"],"_elementor_page_assets":["a:0:{}"],"_uag_page_assets":["a:9:{s:3:\"css\";s:7133:\".uag-blocks-common-selector{z-index:var(--z-index-desktop) !important}@media(max-width: 976px){.uag-blocks-common-selector{z-index:var(--z-index-tablet) !important}}@media(max-width: 767px){.uag-blocks-common-selector{z-index:var(--z-index-mobile) !important}}.wp-block-uagb-image{display:flex}.wp-block-uagb-image__figure{position:relative;display:flex;flex-direction:column;max-width:100%;height:auto;margin:0}.wp-block-uagb-image__figure img{height:auto;display:flex;max-width:100%;transition:box-shadow .2s ease}.wp-block-uagb-image__figure>a{display:inline-block}.wp-block-uagb-image__figure figcaption{text-align:center;margin-top:.5em;margin-bottom:1em}.wp-block-uagb-image .components-placeholder.block-editor-media-placeholder .components-placeholder__instructions{align-self:center}.wp-block-uagb-image--align-left{text-align:left}.wp-block-uagb-image--align-right{text-align:right}.wp-block-uagb-image--align-center{text-align:center}.wp-block-uagb-image--align-full .wp-block-uagb-image__figure{margin-left:calc(50% - 50vw);margin-right:calc(50% - 50vw);max-width:100vw;width:100vw;height:auto}.wp-block-uagb-image--align-full .wp-block-uagb-image__figure img{height:auto;width:100% !important}.wp-block-uagb-image--align-wide .wp-block-uagb-image__figure img{height:auto;width:100%}.wp-block-uagb-image--layout-overlay__color-wrapper{position:absolute;left:0;top:0;right:0;bottom:0;opacity:.2;background:rgba(0,0,0,.5);transition:opacity .35s ease-in-out}.wp-block-uagb-image--layout-overlay-link{position:absolute;left:0;right:0;bottom:0;top:0}.wp-block-uagb-image--layout-overlay .wp-block-uagb-image__figure:hover .wp-block-uagb-image--layout-overlay__color-wrapper{opacity:1}.wp-block-uagb-image--layout-overlay__inner{position:absolute;left:15px;right:15px;bottom:15px;top:15px;display:flex;align-items:center;justify-content:center;flex-direction:column;border-color:#fff;transition:.35s ease-in-out}.wp-block-uagb-image--layout-overlay__inner.top-left,.wp-block-uagb-image--layout-overlay__inner.top-center,.wp-block-uagb-image--layout-overlay__inner.top-right{justify-content:flex-start}.wp-block-uagb-image--layout-overlay__inner.bottom-left,.wp-block-uagb-image--layout-overlay__inner.bottom-center,.wp-block-uagb-image--layout-overlay__inner.bottom-right{justify-content:flex-end}.wp-block-uagb-image--layout-overlay__inner.top-left,.wp-block-uagb-image--layout-overlay__inner.center-left,.wp-block-uagb-image--layout-overlay__inner.bottom-left{align-items:flex-start}.wp-block-uagb-image--layout-overlay__inner.top-right,.wp-block-uagb-image--layout-overlay__inner.center-right,.wp-block-uagb-image--layout-overlay__inner.bottom-right{align-items:flex-end}.wp-block-uagb-image--layout-overlay__inner .uagb-image-heading{color:#fff;transition:transform .35s,opacity .35s ease-in-out;transform:translate3d(0, 24px, 0);margin:0;line-height:1em}.wp-block-uagb-image--layout-overlay__inner .uagb-image-separator{width:30%;border-top-width:2px;border-top-color:#fff;border-top-style:solid;margin-bottom:10px;opacity:0;transition:transform .4s,opacity .4s ease-in-out;transform:translate3d(0, 30px, 0)}.wp-block-uagb-image--layout-overlay__inner .uagb-image-caption{opacity:0;overflow:visible;color:#fff;transition:transform .45s,opacity .45s ease-in-out;transform:translate3d(0, 35px, 0)}.wp-block-uagb-image--layout-overlay__inner:hover .uagb-image-heading,.wp-block-uagb-image--layout-overlay__inner:hover .uagb-image-separator,.wp-block-uagb-image--layout-overlay__inner:hover .uagb-image-caption{opacity:1;transform:translate3d(0, 0, 0)}.wp-block-uagb-image--effect-zoomin .wp-block-uagb-image__figure img,.wp-block-uagb-image--effect-zoomin .wp-block-uagb-image__figure .wp-block-uagb-image--layout-overlay__color-wrapper{transform:scale(1);transition:transform .35s ease-in-out}.wp-block-uagb-image--effect-zoomin .wp-block-uagb-image__figure:hover img,.wp-block-uagb-image--effect-zoomin .wp-block-uagb-image__figure:hover .wp-block-uagb-image--layout-overlay__color-wrapper{transform:scale(1.05)}.wp-block-uagb-image--effect-slide .wp-block-uagb-image__figure img,.wp-block-uagb-image--effect-slide .wp-block-uagb-image__figure .wp-block-uagb-image--layout-overlay__color-wrapper{width:calc(100% + 40px) !important;max-width:none !important;transform:translate3d(-40px, 0, 0);transition:transform .35s ease-in-out}.wp-block-uagb-image--effect-slide .wp-block-uagb-image__figure:hover img,.wp-block-uagb-image--effect-slide .wp-block-uagb-image__figure:hover .wp-block-uagb-image--layout-overlay__color-wrapper{transform:translate3d(0, 0, 0)}.wp-block-uagb-image--effect-grayscale img{filter:grayscale(0%);transition:.35s ease-in-out}.wp-block-uagb-image--effect-grayscale:hover img{filter:grayscale(100%)}.wp-block-uagb-image--effect-blur img{filter:blur(0);transition:.35s ease-in-out}.wp-block-uagb-image--effect-blur:hover img{filter:blur(3px)}.uagb-block-e6f939b3.wp-block-uagb-image--layout-default figure img{box-shadow: 0px 0px 0 #00000070;}.uagb-block-e6f939b3.wp-block-uagb-image .wp-block-uagb-image__figure figcaption{font-style: normal;align-self: center;}.uagb-block-e6f939b3.wp-block-uagb-image--layout-overlay figure img{box-shadow: 0px 0px 0 #00000070;}.uagb-block-e6f939b3.wp-block-uagb-image--layout-overlay .wp-block-uagb-image--layout-overlay__color-wrapper{opacity: 0.2;}.uagb-block-e6f939b3.wp-block-uagb-image--layout-overlay .wp-block-uagb-image--layout-overlay__inner{left: 15px;right: 15px;top: 15px;bottom: 15px;}.uagb-block-e6f939b3.wp-block-uagb-image--layout-overlay .wp-block-uagb-image--layout-overlay__inner .uagb-image-heading{font-style: normal;color: #fff;opacity: 1;}.uagb-block-e6f939b3.wp-block-uagb-image--layout-overlay .wp-block-uagb-image--layout-overlay__inner .uagb-image-heading a{color: #fff;}.uagb-block-e6f939b3.wp-block-uagb-image--layout-overlay .wp-block-uagb-image--layout-overlay__inner .uagb-image-caption{opacity: 0;}.uagb-block-e6f939b3.wp-block-uagb-image--layout-overlay .wp-block-uagb-image__figure:hover .wp-block-uagb-image--layout-overlay__color-wrapper{opacity: 1;}.uagb-block-e6f939b3.wp-block-uagb-image .wp-block-uagb-image--layout-overlay__inner .uagb-image-separator{width: 30%;border-top-width: 2px;border-top-color: #fff;opacity: 0;}.uagb-block-e6f939b3.wp-block-uagb-image .wp-block-uagb-image__figure img{width: px;height: auto;}.uagb-block-e6f939b3.wp-block-uagb-image .wp-block-uagb-image__figure:hover .wp-block-uagb-image--layout-overlay__inner .uagb-image-caption{opacity: 1;}.uagb-block-e6f939b3.wp-block-uagb-image .wp-block-uagb-image__figure:hover .wp-block-uagb-image--layout-overlay__inner .uagb-image-separator{opacity: 1;}.uagb-block-e6f939b3.wp-block-uagb-image--layout-default figure:hover img{box-shadow: 0px 0px 0 #00000070;}.uagb-block-e6f939b3.wp-block-uagb-image--layout-overlay figure:hover img{box-shadow: 0px 0px 0 #00000070;}@media only screen and (max-width: 976px) {.uagb-block-e6f939b3.wp-block-uagb-image .wp-block-uagb-image__figure img{width: px;height: auto;}}@media only screen and (max-width: 767px) {.uagb-block-e6f939b3.wp-block-uagb-image .wp-block-uagb-image__figure img{width: px;height: auto;}}\";s:2:\"js\";s:0:\"\";s:18:\"current_block_list\";a:13:{i:0;s:11:\"core\/search\";i:1;s:10:\"core\/group\";i:2;s:12:\"core\/heading\";i:3;s:17:\"core\/latest-posts\";i:4;s:20:\"core\/latest-comments\";i:5;s:13:\"core\/archives\";i:6;s:15:\"core\/categories\";i:7;s:14:\"core\/paragraph\";i:8;s:10:\"uagb\/image\";i:9;s:11:\"core\/spacer\";i:10;s:30:\"woocommerce\/product-categories\";i:11;s:10:\"core\/image\";i:12;s:14:\"core\/shortcode\";}s:8:\"uag_flag\";b:1;s:11:\"uag_version\";s:10:\"1776781524\";s:6:\"gfonts\";a:0:{}s:10:\"gfonts_url\";s:0:\"\";s:12:\"gfonts_files\";a:0:{}s:14:\"uag_faq_layout\";b:0;}"]},"uagb_featured_image_src":{"full":["https:\/\/www.ferberpainting.com\/wp-content\/uploads\/2025\/07\/Roof-Tile-Cleaner-5L-Mockup-.png",2560,2560,false],"thumbnail":["https:\/\/www.ferberpainting.com\/wp-content\/uploads\/2025\/07\/Roof-Tile-Cleaner-5L-Mockup--150x150.png",150,150,true],"medium":["https:\/\/www.ferberpainting.com\/wp-content\/uploads\/2025\/07\/Roof-Tile-Cleaner-5L-Mockup--300x300.png",300,300,true],"medium_large":["https:\/\/www.ferberpainting.com\/wp-content\/uploads\/2025\/07\/Roof-Tile-Cleaner-5L-Mockup--768x768.png",768,768,true],"large":["https:\/\/www.ferberpainting.com\/wp-content\/uploads\/2025\/07\/Roof-Tile-Cleaner-5L-Mockup--1024x1024.png",1024,1024,true],"1536x1536":["https:\/\/www.ferberpainting.com\/wp-content\/uploads\/2025\/07\/Roof-Tile-Cleaner-5L-Mockup--1536x1536.png",1536,1536,true],"2048x2048":["https:\/\/www.ferberpainting.com\/wp-content\/uploads\/2025\/07\/Roof-Tile-Cleaner-5L-Mockup--2048x2048.png",2048,2048,true],"trp-custom-language-flag":["https:\/\/www.ferberpainting.com\/wp-content\/uploads\/2025\/07\/Roof-Tile-Cleaner-5L-Mockup--12x12.png",12,12,true],"woocommerce_thumbnail":["https:\/\/www.ferberpainting.com\/wp-content\/uploads\/2025\/07\/Roof-Tile-Cleaner-5L-Mockup--300x300.png",300,300,true],"woocommerce_single":["https:\/\/www.ferberpainting.com\/wp-content\/uploads\/2025\/07\/Roof-Tile-Cleaner-5L-Mockup--600x600.png",600,600,true],"woocommerce_gallery_thumbnail":["https:\/\/www.ferberpainting.com\/wp-content\/uploads\/2025\/07\/Roof-Tile-Cleaner-5L-Mockup--100x100.png",100,100,true]},"uagb_author_info":{"display_name":"admin","author_link":"https:\/\/www.ferberpainting.com\/cz\/author\/"},"uagb_comment_info":40,"uagb_excerpt":"Optimal Efficiency. This tile cleaner is specially formulated to effectively eliminate grime, pollution stains, moss, lichens, and green deposits that accumulate on roofs over time. Its powerful formula penetrates deep into the material to dissolve impurities and restore the original appearance of tiles, whether old or new. It ensures deep cleaning while preserving the structure&hellip;","_links":{"self":[{"href":"https:\/\/www.ferberpainting.com\/cz\/wp-json\/wp\/v2\/product\/36652","targetHints":{"allow":["GET"]}}],"collection":[{"href":"https:\/\/www.ferberpainting.com\/cz\/wp-json\/wp\/v2\/product"}],"about":[{"href":"https:\/\/www.ferberpainting.com\/cz\/wp-json\/wp\/v2\/types\/product"}],"replies":[{"embeddable":true,"href":"https:\/\/www.ferberpainting.com\/cz\/wp-json\/wp\/v2\/comments?post=36652"}],"version-history":[{"count":5,"href":"https:\/\/www.ferberpainting.com\/cz\/wp-json\/wp\/v2\/product\/36652\/revisions"}],"predecessor-version":[{"id":167141,"href":"https:\/\/www.ferberpainting.com\/cz\/wp-json\/wp\/v2\/product\/36652\/revisions\/167141"}],"wp:featuredmedia":[{"embeddable":true,"href":"https:\/\/www.ferberpainting.com\/cz\/wp-json\/wp\/v2\/media\/36656"}],"wp:attachment":[{"href":"https:\/\/www.ferberpainting.com\/cz\/wp-json\/wp\/v2\/media?parent=36652"}],"wp:term":[{"taxonomy":"product_brand","embeddable":true,"href":"https:\/\/www.ferberpainting.com\/cz\/wp-json\/wp\/v2\/product_brand?post=36652"},{"taxonomy":"product_cat","embeddable":true,"href":"https:\/\/www.ferberpainting.com\/cz\/wp-json\/wp\/v2\/product_cat?post=36652"},{"taxonomy":"product_tag","embeddable":true,"href":"https:\/\/www.ferberpainting.com\/cz\/wp-json\/wp\/v2\/product_tag?post=36652"}],"curies":[{"name":"wp","href":"https:\/\/api.w.org\/{rel}","templated":true}]}}