{"id":25689,"date":"2025-06-30T17:22:19","date_gmt":"2025-06-30T15:22:19","guid":{"rendered":"https:\/\/www.ferberpainting.com\/?post_type=product&#038;p=25689"},"modified":"2026-02-18T10:07:46","modified_gmt":"2026-02-18T09:07:46","slug":"wood-water-repellent","status":"publish","type":"product","link":"https:\/\/www.ferberpainting.com\/cz\/products\/wood-water-repellent\/","title":{"rendered":"Hydrofobn\u00ed p\u0159\u00edpravek na d\u0159evo"},"content":{"rendered":"<p><strong><img decoding=\"async\" style=\"margin-right: 12px;\" src=\"https:\/\/www.ferberpainting.com\/wp-content\/uploads\/2026\/02\/Check.svg\" alt=\"\" width=\"18\" height=\"15\" \/>Optim\u00e1ln\u00ed ochrana proti vlhkosti.<\/strong>\u00a0Tento impregna\u010dn\u00ed p\u0159\u00edpravek na d\u0159evo je speci\u00e1ln\u011b vyvinut\u00fd tak, aby vytvo\u0159il bari\u00e9ru proti vlhkosti, pl\u00edsn\u00edm a p\u0159ed\u010dasn\u00e9 degradaci d\u0159ev\u011bn\u00fdch povrch\u016f. A\u0165 u\u017e se jedn\u00e1 o venkovn\u00ed n\u00e1bytek, terasy, okenice nebo jak\u00fdkoli d\u0159ev\u011bn\u00fd prvek vystaven\u00fd pov\u011btrnostn\u00edm vliv\u016fm, tento v\u00fdrobek zaji\u0161\u0165uje dlouhotrvaj\u00edc\u00ed vodot\u011bsnost. P\u016fsob\u00ed jako \u0161t\u00edt proti vlhkosti, zabra\u0148uje pronik\u00e1n\u00ed vody do d\u0159eva, \u010d\u00edm\u017e sni\u017euje riziko bobtn\u00e1n\u00ed, pl\u00edsn\u00ed a hniloby.<\/p>\n<p><strong><img decoding=\"async\" style=\"margin-right: 12px;\" src=\"https:\/\/www.ferberpainting.com\/wp-content\/uploads\/2026\/02\/Check.svg\" alt=\"\" width=\"18\" height=\"15\" \/>Z\u00e1ruka vr\u00e1cen\u00ed pen\u011bz.<\/strong> Jsme p\u0159esv\u011bd\u010deni o \u00fa\u010dinnosti na\u0161eho impregna\u010dn\u00edho p\u0159\u00edpravku na d\u0159evo. Pokud nebudete s v\u00fdsledky zcela spokojeni, nab\u00edz\u00edme z\u00e1ruku spokojenosti nebo vr\u00e1cen\u00ed pen\u011bz. Pokud v\u00fdrobek nespln\u00ed va\u0161e o\u010dek\u00e1v\u00e1n\u00ed, m\u016f\u017eete jej vr\u00e1tit a z\u00edskat zp\u011bt pen\u00edze v pln\u00e9 v\u00fd\u0161i bez jak\u00fdchkoli ot\u00e1zek. Tato politika zaji\u0161\u0165uje naprost\u00fd klid p\u0159i n\u00e1kupu.<\/p>\n<p><strong><img decoding=\"async\" style=\"margin-right: 12px;\" src=\"https:\/\/www.ferberpainting.com\/wp-content\/uploads\/2026\/02\/Check.svg\" alt=\"\" width=\"18\" height=\"15\" \/>V\u0161estrann\u00e9 pou\u017eit\u00ed.<\/strong>\u00a0Tento \u201cuniverz\u00e1ln\u00ed\u201d v\u00fdrobek lze pou\u017e\u00edt na r\u016fzn\u00e9 druhy d\u0159eva, o\u0161et\u0159en\u00e9 i neo\u0161et\u0159en\u00e9, a\u0165 u\u017e z m\u011bkk\u00e9ho nebo tvrd\u00e9ho d\u0159eva. Je obzvl\u00e1\u0161t\u011b \u00fa\u010dinn\u00fd na venkovn\u00ed povrchy, jako jsou terasy, obklady, ploty nebo dokonce zahradn\u00ed n\u00e1bytek. Chr\u00e1n\u00ed tak\u00e9 choulostiv\u00e9 d\u0159evo, jako je n\u00e1bytek a truhl\u00e1\u0159sk\u00e9 v\u00fdrobky v interi\u00e9ru, a zaji\u0161\u0165uje dlouhodobou ochranu p\u0159i zachov\u00e1n\u00ed p\u0159irozen\u00e9ho vzhledu d\u0159eva.<\/p>\n<p><strong><img decoding=\"async\" style=\"margin-right: 12px;\" src=\"https:\/\/www.ferberpainting.com\/wp-content\/uploads\/2026\/02\/Check.svg\" alt=\"\" width=\"18\" height=\"15\" \/>N\u00e1kladov\u011b efektivn\u00ed.<\/strong>\u00a0Tento produkt nab\u00edz\u00ed p\u016fsobivou kryc\u00ed schopnost, kter\u00e1 se pohybuje od 8 do 12 m\u00b2 na litr v z\u00e1vislosti na p\u00f3rovitosti d\u0159eva. Je obzvl\u00e1\u0161t\u011b \u00fasporn\u00fd pro velk\u00e9 plochy, co\u017e v\u00e1m umo\u017en\u00ed o\u0161et\u0159it d\u0159ev\u011bn\u00e9 konstrukce bez nutnosti \u010dast\u00e9ho opakov\u00e1n\u00ed aplikace. P\u011btilitrov\u00fd kanystr v\u00e1m umo\u017en\u00ed \u00fa\u010dinn\u011b a s n\u00edzk\u00fdmi n\u00e1klady chr\u00e1nit velk\u00e9 plochy.<\/p>\n<p><strong><img decoding=\"async\" style=\"margin-right: 12px;\" src=\"https:\/\/www.ferberpainting.com\/wp-content\/uploads\/2026\/02\/Check.svg\" alt=\"\" width=\"18\" height=\"15\" \/>Bezpe\u010dn\u00e9 a \u0161etrn\u00e9 k \u017eivotn\u00edmu prost\u0159ed\u00ed.<\/strong>\u00a0Na rozd\u00edl od mnoha jin\u00fdch p\u0159\u00edpravk\u016f na o\u0161et\u0159en\u00ed d\u0159eva je tento impregna\u010dn\u00ed p\u0159\u00edpravek na d\u0159evo netoxick\u00fd a pro u\u017eivatele bezpe\u010dn\u00fd za p\u0159edpokladu, \u017ee dodr\u017euj\u00ed pokyny. Neobsahuje \u017e\u00e1dn\u00e9 zne\u010di\u0161\u0165uj\u00edc\u00ed l\u00e1tky a neuvol\u0148uje \u017e\u00e1dn\u00e9 \u0161kodliv\u00e9 l\u00e1tky do \u017eivotn\u00edho prost\u0159ed\u00ed. Jedn\u00e1 se tedy o bezpe\u010dnou a ekologickou \u00fapravu, kter\u00e1 je ide\u00e1ln\u00ed pro ty, kte\u0159\u00ed se zaj\u00edmaj\u00ed o zdrav\u00ed a dopad na \u017eivotn\u00ed prost\u0159ed\u00ed.<\/p>\n<p><strong><img decoding=\"async\" style=\"margin-right: 12px;\" src=\"https:\/\/www.ferberpainting.com\/wp-content\/uploads\/2026\/02\/Check.svg\" alt=\"\" width=\"18\" height=\"15\" \/>Snadn\u00e1 aplikace.<\/strong>\u00a0Tento impregna\u010dn\u00ed p\u0159\u00edpravek se velmi snadno pou\u017e\u00edv\u00e1. Je p\u0159ipraven k pou\u017eit\u00ed a nevy\u017eaduje \u017e\u00e1dn\u00e9 \u0159ed\u011bn\u00ed. Sta\u010d\u00ed nan\u00e9st rovnom\u011brnou vrstvu \u0161t\u011btcem, v\u00e1le\u010dkem nebo post\u0159ikova\u010dem, v z\u00e1vislosti na va\u0161ich preferenc\u00edch a velikosti povrchu. Aplikace je rychl\u00e1 a nevy\u017eaduje \u017e\u00e1dnou slo\u017eitou p\u0159\u00edpravu, co\u017e v\u00e1m pom\u016f\u017ee u\u0161et\u0159it \u010das a z\u00e1rove\u0148 dos\u00e1hnout profesion\u00e1ln\u00ed povrchov\u00e9 \u00fapravy.<\/p>\n<p><strong><img decoding=\"async\" style=\"margin-right: 12px;\" src=\"https:\/\/www.ferberpainting.com\/wp-content\/uploads\/2026\/02\/Check.svg\" alt=\"\" width=\"18\" height=\"15\" \/>Dlouhodob\u00e1 ochrana a odolnost.<\/strong>\u00a0Tento v\u00fdrobek poskytuje dlouhotrvaj\u00edc\u00ed ochranu. Jedin\u00e1 aplikace pom\u00e1h\u00e1 zachovat p\u0159irozen\u00fd vzhled d\u0159eva a z\u00e1rove\u0148 nab\u00edz\u00ed zv\u00fd\u0161enou odolnost proti vn\u011bj\u0161\u00edm vliv\u016fm. Chr\u00e1n\u00ed d\u0159ev\u011bn\u00e9 konstrukce p\u0159ed pov\u011btrnostn\u00edmi vlivy a klimatick\u00fdmi zm\u011bnami, \u010d\u00edm\u017e sni\u017euje pot\u0159ebu \u010dast\u00e9 \u00fadr\u017eby. Pom\u00e1h\u00e1 tak\u00e9 zabr\u00e1nit zm\u011bn\u011b barvy vlivem slunce a \u010dasu, \u010d\u00edm\u017e zachov\u00e1v\u00e1 estetick\u00fd vzhled d\u0159eva.<\/p>\n<p><strong><img decoding=\"async\" style=\"margin-right: 12px;\" src=\"https:\/\/www.ferberpainting.com\/wp-content\/uploads\/2026\/02\/Check.svg\" alt=\"\" width=\"18\" height=\"15\" \/>Rychl\u00e1 akce.<\/strong>\u00a0Impregna\u010dn\u00ed prost\u0159edek na d\u0159evo rychle pronik\u00e1 do materi\u00e1lu a v rekordn\u011b kr\u00e1tk\u00e9m \u010dase vytv\u00e1\u0159\u00ed neviditelnou vodot\u011bsnou bari\u00e9ru. B\u011bhem pouh\u00fdch n\u011bkolika hodin je va\u0161e d\u0159evo chr\u00e1n\u011bno, p\u0159i\u010dem\u017e rychl\u00e9 schnut\u00ed v\u00e1m umo\u017en\u00ed o\u0161et\u0159en\u00fd povrch rychle pou\u017e\u00edvat. Tento v\u00fdrobek je ide\u00e1ln\u00ed v p\u0159\u00edpad\u011b pot\u0159eby rychl\u00fdch v\u00fdsledk\u016f, zejm\u00e9na pro nal\u00e9havou \u00fadr\u017ebu nebo velk\u00e9 venkovn\u00ed plochy.<\/p>\n<h2><strong>Protokol o pou\u017eit\u00ed<\/strong><\/h2>\n<ul>\n<li><strong>P\u0159\u00edprava povrchu <\/strong>: P\u0159ed nanesen\u00edm impregna\u010dn\u00edho prost\u0159edku se ujist\u011bte, \u017ee je d\u0159evo \u010dist\u00e9, such\u00e9 a zbaven\u00e9 ne\u010distot, prachu nebo jin\u00fdch ne\u010distot. V p\u0159\u00edpad\u011b pot\u0159eby o\u010dist\u011bte povrch m\u011bkk\u00fdm kart\u00e1\u010dem a m\u00fddlovou vodou a p\u0159ed zah\u00e1jen\u00edm aplikace jej nechte alespo\u0148 24 hodin vyschnout.<\/li>\n<li><strong>Aplikace produktu <\/strong>: Tento v\u00fdrobek je p\u0159ipraven k pou\u017eit\u00ed a nevy\u017eaduje \u0159ed\u011bn\u00ed. P\u0159ed pou\u017eit\u00edm dob\u0159e prot\u0159epejte. Nan\u00e1\u0161ejte \u0161t\u011btcem, v\u00e1le\u010dkem nebo post\u0159ikova\u010dem. U v\u011bt\u0161\u00edch ploch se doporu\u010duje pou\u017e\u00edt post\u0159ikova\u010d pro rychlej\u0161\u00ed a rovnom\u011brn\u011bj\u0161\u00ed pokryt\u00ed. Dbejte na to, abyste nanesli rovnom\u011brnou vrstvu na cel\u00fd povrch.<\/li>\n<li><strong>\u010c\u00e1stka k pou\u017eit\u00ed <\/strong>: Jeden litr pokryje v pr\u016fm\u011bru 8 a\u017e 12 m\u00b2 v z\u00e1vislosti na p\u00f3rovitosti a druhu d\u0159eva. U velmi por\u00e9zn\u00edho d\u0159eva nebo pro zaji\u0161t\u011bn\u00ed siln\u011bj\u0161\u00ed ochrany m\u016f\u017ee b\u00fdt zapot\u0159eb\u00ed druh\u00e1 vrstva.<\/li>\n<li><strong>Doba su\u0161en\u00ed <\/strong>: P\u0159ed vystaven\u00edm d\u0159eva lehk\u00e9 vlhkosti nechte v\u00fdrobek asi 1 a\u017e 2 hodiny zaschnout. P\u0159ed op\u011btovn\u00fdm pou\u017eit\u00edm nebo vystaven\u00edm povrchu vlhk\u00e9mu nebo nep\u0159\u00edzniv\u00e9mu po\u010das\u00ed je v\u0161ak nejlep\u0161\u00ed nechat ho 24 hodin zaschnout. Nevystavujte o\u0161et\u0159en\u00e9 povrchy siln\u00e9mu de\u0161ti po dobu 48 hodin, abyste zajistili optim\u00e1ln\u00ed \u00fa\u010dinnost.<\/li>\n<li><strong>Op\u011btovn\u00e9 pod\u00e1n\u00ed \u017e\u00e1dosti <\/strong>: V z\u00e1vislosti na pov\u011btrnostn\u00edch podm\u00ednk\u00e1ch m\u016f\u017ee b\u00fdt nutn\u00e1 opakovan\u00e1 aplikace jednou za 1 a\u017e 3 roky. U \u010dasto vystaven\u00fdch povrch\u016f (paluby, zahradn\u00ed n\u00e1bytek) se doporu\u010duje \u010dast\u011bj\u0161\u00ed opakovan\u00e1 aplikace, aby byla zachov\u00e1na maxim\u00e1ln\u00ed ochrana.<\/li>\n<li><strong>\u00dadr\u017eba <\/strong>: Pro zachov\u00e1n\u00ed \u00fa\u010dinnosti nepou\u017e\u00edvejte na o\u0161et\u0159en\u00e9 povrchy abrazivn\u00ed nebo chemick\u00e9 \u010distic\u00ed prost\u0159edky. K udr\u017een\u00ed d\u0159ev\u011bn\u00fdch konstrukc\u00ed ve \u0161pi\u010dkov\u00e9m stavu obvykle posta\u010d\u00ed pouh\u00e9 \u010di\u0161t\u011bn\u00ed vodou a m\u011bkk\u00fdm had\u0159\u00edkem.<\/li>\n<\/ul>\n<p>Lze shrnout, \u017ee impregna\u010dn\u00ed p\u0159\u00edpravek na d\u0159evo je nezbytn\u00fdm produktem pro ka\u017ed\u00e9ho, kdo chce chr\u00e1nit vzhled a dlouhou \u017eivotnost sv\u00fdch d\u0159ev\u011bn\u00fdch povrch\u016f. D\u00edky snadn\u00e9mu pou\u017eit\u00ed, dlouhotrvaj\u00edc\u00ed ochran\u011b a ekologick\u00e9mu slo\u017een\u00ed nab\u00edz\u00ed spolehliv\u00e9 a \u00fa\u010dinn\u00e9 \u0159e\u0161en\u00ed proti vlhkosti a po\u0161kozen\u00ed vodou. D\u00edky sv\u00e9mu rychl\u00e9mu p\u016fsoben\u00ed a vynikaj\u00edc\u00ed v\u00fdt\u011b\u017enosti je ide\u00e1ln\u00ed pro profesion\u00e1ln\u00ed i kutilsk\u00e9 projekty ochrany d\u0159eva.<\/p>","protected":false},"excerpt":{"rendered":"<p>Optimal Protection Against Moisture.\u00a0This wood waterproofer is specially formulated to create a barrier against humidity, mold, and premature degradation of wooden surfaces. Whether it&#8217;s for outdoor furniture, decks, shutters, or any wooden element exposed to the elements, this product ensures long-lasting waterproofing. It acts as a moisture shield, preventing water from penetrating the wood, thereby [&hellip;]<\/p>\n","protected":false},"featured_media":35756,"comment_status":"open","ping_status":"closed","template":"","meta":{"_uag_custom_page_level_css":"","site-sidebar-layout":"default","site-content-layout":"","ast-site-content-layout":"default","site-content-style":"default","site-sidebar-style":"default","ast-global-header-display":"","ast-banner-title-visibility":"","ast-main-header-display":"","ast-hfb-above-header-display":"","ast-hfb-below-header-display":"","ast-hfb-mobile-header-display":"","site-post-title":"","ast-breadcrumbs-content":"","ast-featured-img":"","footer-sml-layout":"","ast-disable-related-posts":"","theme-transparent-header-meta":"default","adv-header-id-meta":"","stick-header-meta":"","header-above-stick-meta":"","header-main-stick-meta":"","header-below-stick-meta":"","astra-migrate-meta-layouts":"set","ast-page-background-enabled":"default","ast-page-background-meta":{"desktop":{"background-color":"var(--ast-global-color-4)","background-image":"","background-repeat":"repeat","background-position":"center center","background-size":"auto","background-attachment":"scroll","background-type":"","background-media":"","overlay-type":"","overlay-color":"","overlay-opacity":"","overlay-gradient":""},"tablet":{"background-color":"","background-image":"","background-repeat":"repeat","background-position":"center center","background-size":"auto","background-attachment":"scroll","background-type":"","background-media":"","overlay-type":"","overlay-color":"","overlay-opacity":"","overlay-gradient":""},"mobile":{"background-color":"","background-image":"","background-repeat":"repeat","background-position":"center center","background-size":"auto","background-attachment":"scroll","background-type":"","background-media":"","overlay-type":"","overlay-color":"","overlay-opacity":"","overlay-gradient":""}},"ast-content-background-meta":{"desktop":{"background-color":"var(--ast-global-color-5)","background-image":"","background-repeat":"repeat","background-position":"center center","background-size":"auto","background-attachment":"scroll","background-type":"","background-media":"","overlay-type":"","overlay-color":"","overlay-opacity":"","overlay-gradient":""},"tablet":{"background-color":"var(--ast-global-color-5)","background-image":"","background-repeat":"repeat","background-position":"center center","background-size":"auto","background-attachment":"scroll","background-type":"","background-media":"","overlay-type":"","overlay-color":"","overlay-opacity":"","overlay-gradient":""},"mobile":{"background-color":"var(--ast-global-color-5)","background-image":"","background-repeat":"repeat","background-position":"center center","background-size":"auto","background-attachment":"scroll","background-type":"","background-media":"","overlay-type":"","overlay-color":"","overlay-opacity":"","overlay-gradient":""}}},"product_brand":[],"product_cat":[191],"product_tag":[],"class_list":{"0":"post-25689","1":"product","2":"type-product","3":"status-publish","4":"has-post-thumbnail","6":"product_cat-water-repellent","7":"desktop-align-left","8":"tablet-align-left","9":"mobile-align-left","11":"first","12":"instock","13":"sale","14":"shipping-taxable","15":"purchasable","16":"product-type-variable","17":"has-default-attributes"},"spectra_custom_meta":{"_visibility":["visible"],"_shopify_product_id":["9106613698805"],"_s2w_shopify_domain":["ferberpainting.myshopify.com"],"_shopify_variant_id":["46626330673397"],"_sku":[""],"_manage_stock":["no"],"total_sales":["139"],"_tax_status":["taxable"],"_tax_class":[""],"_backorders":["no"],"_sold_individually":["no"],"_virtual":["no"],"_downloadable":["no"],"_download_limit":["-1"],"_download_expiry":["-1"],"_stock":[null],"_stock_status":["instock"],"_wc_average_rating":["5.00"],"_wc_review_count":["11"],"_product_attributes":["a:1:{s:6:\"volume\";a:6:{s:4:\"name\";s:6:\"Volume\";s:5:\"value\";s:20:\"5 liters | 25 liters\";s:8:\"position\";i:1;s:10:\"is_visible\";i:0;s:12:\"is_variation\";i:1;s:11:\"is_taxonomy\";i:0;}}"],"_product_version":["10.5.2"],"wpse_downloadable_file_names":[""],"wpse_downloadable_file_urls":[""],"_edit_last":["1"],"_default_attributes":["a:1:{s:6:\"volume\";s:8:\"5 liters\";}"],"_edit_lock":["1771405530:1"],"_price":["29.90","129.90"],"merchant-center-availability":["yes"],"merchant-center-category":["503744"],"_thumbnail_id":["35756"],"_wp_page_template":["default"],"_product_image_gallery":["35757"],"site-sidebar-layout":["default"],"ast-site-content-layout":["default"],"site-content-style":["default"],"site-sidebar-style":["default"],"theme-transparent-header-meta":["default"],"_wc_rating_count":["a:1:{i:5;i:11;}"],"astra-migrate-meta-layouts":["set"],"_uag_css_file_name":["uag-css-25689.css"],"_elementor_page_assets":["a:0:{}"],"_uag_page_assets":["a:9:{s:3:\"css\";s:7133:\".uag-blocks-common-selector{z-index:var(--z-index-desktop) !important}@media(max-width: 976px){.uag-blocks-common-selector{z-index:var(--z-index-tablet) !important}}@media(max-width: 767px){.uag-blocks-common-selector{z-index:var(--z-index-mobile) !important}}.wp-block-uagb-image{display:flex}.wp-block-uagb-image__figure{position:relative;display:flex;flex-direction:column;max-width:100%;height:auto;margin:0}.wp-block-uagb-image__figure img{height:auto;display:flex;max-width:100%;transition:box-shadow .2s ease}.wp-block-uagb-image__figure>a{display:inline-block}.wp-block-uagb-image__figure figcaption{text-align:center;margin-top:.5em;margin-bottom:1em}.wp-block-uagb-image .components-placeholder.block-editor-media-placeholder .components-placeholder__instructions{align-self:center}.wp-block-uagb-image--align-left{text-align:left}.wp-block-uagb-image--align-right{text-align:right}.wp-block-uagb-image--align-center{text-align:center}.wp-block-uagb-image--align-full .wp-block-uagb-image__figure{margin-left:calc(50% - 50vw);margin-right:calc(50% - 50vw);max-width:100vw;width:100vw;height:auto}.wp-block-uagb-image--align-full .wp-block-uagb-image__figure img{height:auto;width:100% !important}.wp-block-uagb-image--align-wide .wp-block-uagb-image__figure img{height:auto;width:100%}.wp-block-uagb-image--layout-overlay__color-wrapper{position:absolute;left:0;top:0;right:0;bottom:0;opacity:.2;background:rgba(0,0,0,.5);transition:opacity .35s ease-in-out}.wp-block-uagb-image--layout-overlay-link{position:absolute;left:0;right:0;bottom:0;top:0}.wp-block-uagb-image--layout-overlay .wp-block-uagb-image__figure:hover .wp-block-uagb-image--layout-overlay__color-wrapper{opacity:1}.wp-block-uagb-image--layout-overlay__inner{position:absolute;left:15px;right:15px;bottom:15px;top:15px;display:flex;align-items:center;justify-content:center;flex-direction:column;border-color:#fff;transition:.35s ease-in-out}.wp-block-uagb-image--layout-overlay__inner.top-left,.wp-block-uagb-image--layout-overlay__inner.top-center,.wp-block-uagb-image--layout-overlay__inner.top-right{justify-content:flex-start}.wp-block-uagb-image--layout-overlay__inner.bottom-left,.wp-block-uagb-image--layout-overlay__inner.bottom-center,.wp-block-uagb-image--layout-overlay__inner.bottom-right{justify-content:flex-end}.wp-block-uagb-image--layout-overlay__inner.top-left,.wp-block-uagb-image--layout-overlay__inner.center-left,.wp-block-uagb-image--layout-overlay__inner.bottom-left{align-items:flex-start}.wp-block-uagb-image--layout-overlay__inner.top-right,.wp-block-uagb-image--layout-overlay__inner.center-right,.wp-block-uagb-image--layout-overlay__inner.bottom-right{align-items:flex-end}.wp-block-uagb-image--layout-overlay__inner .uagb-image-heading{color:#fff;transition:transform .35s,opacity .35s ease-in-out;transform:translate3d(0, 24px, 0);margin:0;line-height:1em}.wp-block-uagb-image--layout-overlay__inner .uagb-image-separator{width:30%;border-top-width:2px;border-top-color:#fff;border-top-style:solid;margin-bottom:10px;opacity:0;transition:transform .4s,opacity .4s ease-in-out;transform:translate3d(0, 30px, 0)}.wp-block-uagb-image--layout-overlay__inner .uagb-image-caption{opacity:0;overflow:visible;color:#fff;transition:transform .45s,opacity .45s ease-in-out;transform:translate3d(0, 35px, 0)}.wp-block-uagb-image--layout-overlay__inner:hover .uagb-image-heading,.wp-block-uagb-image--layout-overlay__inner:hover .uagb-image-separator,.wp-block-uagb-image--layout-overlay__inner:hover .uagb-image-caption{opacity:1;transform:translate3d(0, 0, 0)}.wp-block-uagb-image--effect-zoomin .wp-block-uagb-image__figure img,.wp-block-uagb-image--effect-zoomin .wp-block-uagb-image__figure .wp-block-uagb-image--layout-overlay__color-wrapper{transform:scale(1);transition:transform .35s ease-in-out}.wp-block-uagb-image--effect-zoomin .wp-block-uagb-image__figure:hover img,.wp-block-uagb-image--effect-zoomin .wp-block-uagb-image__figure:hover .wp-block-uagb-image--layout-overlay__color-wrapper{transform:scale(1.05)}.wp-block-uagb-image--effect-slide .wp-block-uagb-image__figure img,.wp-block-uagb-image--effect-slide .wp-block-uagb-image__figure .wp-block-uagb-image--layout-overlay__color-wrapper{width:calc(100% + 40px) !important;max-width:none !important;transform:translate3d(-40px, 0, 0);transition:transform .35s ease-in-out}.wp-block-uagb-image--effect-slide .wp-block-uagb-image__figure:hover img,.wp-block-uagb-image--effect-slide .wp-block-uagb-image__figure:hover .wp-block-uagb-image--layout-overlay__color-wrapper{transform:translate3d(0, 0, 0)}.wp-block-uagb-image--effect-grayscale img{filter:grayscale(0%);transition:.35s ease-in-out}.wp-block-uagb-image--effect-grayscale:hover img{filter:grayscale(100%)}.wp-block-uagb-image--effect-blur img{filter:blur(0);transition:.35s ease-in-out}.wp-block-uagb-image--effect-blur:hover img{filter:blur(3px)}.uagb-block-e6f939b3.wp-block-uagb-image--layout-default figure img{box-shadow: 0px 0px 0 #00000070;}.uagb-block-e6f939b3.wp-block-uagb-image .wp-block-uagb-image__figure figcaption{font-style: normal;align-self: center;}.uagb-block-e6f939b3.wp-block-uagb-image--layout-overlay figure img{box-shadow: 0px 0px 0 #00000070;}.uagb-block-e6f939b3.wp-block-uagb-image--layout-overlay .wp-block-uagb-image--layout-overlay__color-wrapper{opacity: 0.2;}.uagb-block-e6f939b3.wp-block-uagb-image--layout-overlay .wp-block-uagb-image--layout-overlay__inner{left: 15px;right: 15px;top: 15px;bottom: 15px;}.uagb-block-e6f939b3.wp-block-uagb-image--layout-overlay .wp-block-uagb-image--layout-overlay__inner .uagb-image-heading{font-style: normal;color: #fff;opacity: 1;}.uagb-block-e6f939b3.wp-block-uagb-image--layout-overlay .wp-block-uagb-image--layout-overlay__inner .uagb-image-heading a{color: #fff;}.uagb-block-e6f939b3.wp-block-uagb-image--layout-overlay .wp-block-uagb-image--layout-overlay__inner .uagb-image-caption{opacity: 0;}.uagb-block-e6f939b3.wp-block-uagb-image--layout-overlay .wp-block-uagb-image__figure:hover .wp-block-uagb-image--layout-overlay__color-wrapper{opacity: 1;}.uagb-block-e6f939b3.wp-block-uagb-image .wp-block-uagb-image--layout-overlay__inner .uagb-image-separator{width: 30%;border-top-width: 2px;border-top-color: #fff;opacity: 0;}.uagb-block-e6f939b3.wp-block-uagb-image .wp-block-uagb-image__figure img{width: px;height: auto;}.uagb-block-e6f939b3.wp-block-uagb-image .wp-block-uagb-image__figure:hover .wp-block-uagb-image--layout-overlay__inner .uagb-image-caption{opacity: 1;}.uagb-block-e6f939b3.wp-block-uagb-image .wp-block-uagb-image__figure:hover .wp-block-uagb-image--layout-overlay__inner .uagb-image-separator{opacity: 1;}.uagb-block-e6f939b3.wp-block-uagb-image--layout-default figure:hover img{box-shadow: 0px 0px 0 #00000070;}.uagb-block-e6f939b3.wp-block-uagb-image--layout-overlay figure:hover img{box-shadow: 0px 0px 0 #00000070;}@media only screen and (max-width: 976px) {.uagb-block-e6f939b3.wp-block-uagb-image .wp-block-uagb-image__figure img{width: px;height: auto;}}@media only screen and (max-width: 767px) {.uagb-block-e6f939b3.wp-block-uagb-image .wp-block-uagb-image__figure img{width: px;height: auto;}}\";s:2:\"js\";s:0:\"\";s:18:\"current_block_list\";a:13:{i:0;s:11:\"core\/search\";i:1;s:10:\"core\/group\";i:2;s:12:\"core\/heading\";i:3;s:17:\"core\/latest-posts\";i:4;s:20:\"core\/latest-comments\";i:5;s:13:\"core\/archives\";i:6;s:15:\"core\/categories\";i:7;s:14:\"core\/paragraph\";i:8;s:10:\"uagb\/image\";i:9;s:11:\"core\/spacer\";i:10;s:30:\"woocommerce\/product-categories\";i:11;s:10:\"core\/image\";i:12;s:14:\"core\/shortcode\";}s:8:\"uag_flag\";b:1;s:11:\"uag_version\";s:10:\"1777114376\";s:6:\"gfonts\";a:0:{}s:10:\"gfonts_url\";s:0:\"\";s:12:\"gfonts_files\";a:0:{}s:14:\"uag_faq_layout\";b:0;}"]},"uagb_featured_image_src":{"full":["https:\/\/www.ferberpainting.com\/wp-content\/uploads\/2025\/06\/Wood-Water-Repellent-5L-.png",2560,2560,false],"thumbnail":["https:\/\/www.ferberpainting.com\/wp-content\/uploads\/2025\/06\/Wood-Water-Repellent-5L--150x150.png",150,150,true],"medium":["https:\/\/www.ferberpainting.com\/wp-content\/uploads\/2025\/06\/Wood-Water-Repellent-5L--300x300.png",300,300,true],"medium_large":["https:\/\/www.ferberpainting.com\/wp-content\/uploads\/2025\/06\/Wood-Water-Repellent-5L--768x768.png",768,768,true],"large":["https:\/\/www.ferberpainting.com\/wp-content\/uploads\/2025\/06\/Wood-Water-Repellent-5L--1024x1024.png",1024,1024,true],"1536x1536":["https:\/\/www.ferberpainting.com\/wp-content\/uploads\/2025\/06\/Wood-Water-Repellent-5L--1536x1536.png",1536,1536,true],"2048x2048":["https:\/\/www.ferberpainting.com\/wp-content\/uploads\/2025\/06\/Wood-Water-Repellent-5L--2048x2048.png",2048,2048,true],"trp-custom-language-flag":["https:\/\/www.ferberpainting.com\/wp-content\/uploads\/2025\/06\/Wood-Water-Repellent-5L--12x12.png",12,12,true],"woocommerce_thumbnail":["https:\/\/www.ferberpainting.com\/wp-content\/uploads\/2025\/06\/Wood-Water-Repellent-5L--300x300.png",300,300,true],"woocommerce_single":["https:\/\/www.ferberpainting.com\/wp-content\/uploads\/2025\/06\/Wood-Water-Repellent-5L--600x600.png",600,600,true],"woocommerce_gallery_thumbnail":["https:\/\/www.ferberpainting.com\/wp-content\/uploads\/2025\/06\/Wood-Water-Repellent-5L--100x100.png",100,100,true]},"uagb_author_info":{"display_name":"admin","author_link":"https:\/\/www.ferberpainting.com\/cz\/author\/"},"uagb_comment_info":11,"uagb_excerpt":"Optimal Protection Against Moisture.\u00a0This wood waterproofer is specially formulated to create a barrier against humidity, mold, and premature degradation of wooden surfaces. Whether it&#8217;s for outdoor furniture, decks, shutters, or any wooden element exposed to the elements, this product ensures long-lasting waterproofing. It acts as a moisture shield, preventing water from penetrating the wood, thereby&hellip;","_links":{"self":[{"href":"https:\/\/www.ferberpainting.com\/cz\/wp-json\/wp\/v2\/product\/25689","targetHints":{"allow":["GET"]}}],"collection":[{"href":"https:\/\/www.ferberpainting.com\/cz\/wp-json\/wp\/v2\/product"}],"about":[{"href":"https:\/\/www.ferberpainting.com\/cz\/wp-json\/wp\/v2\/types\/product"}],"replies":[{"embeddable":true,"href":"https:\/\/www.ferberpainting.com\/cz\/wp-json\/wp\/v2\/comments?post=25689"}],"version-history":[{"count":4,"href":"https:\/\/www.ferberpainting.com\/cz\/wp-json\/wp\/v2\/product\/25689\/revisions"}],"predecessor-version":[{"id":169182,"href":"https:\/\/www.ferberpainting.com\/cz\/wp-json\/wp\/v2\/product\/25689\/revisions\/169182"}],"wp:featuredmedia":[{"embeddable":true,"href":"https:\/\/www.ferberpainting.com\/cz\/wp-json\/wp\/v2\/media\/35756"}],"wp:attachment":[{"href":"https:\/\/www.ferberpainting.com\/cz\/wp-json\/wp\/v2\/media?parent=25689"}],"wp:term":[{"taxonomy":"product_brand","embeddable":true,"href":"https:\/\/www.ferberpainting.com\/cz\/wp-json\/wp\/v2\/product_brand?post=25689"},{"taxonomy":"product_cat","embeddable":true,"href":"https:\/\/www.ferberpainting.com\/cz\/wp-json\/wp\/v2\/product_cat?post=25689"},{"taxonomy":"product_tag","embeddable":true,"href":"https:\/\/www.ferberpainting.com\/cz\/wp-json\/wp\/v2\/product_tag?post=25689"}],"curies":[{"name":"wp","href":"https:\/\/api.w.org\/{rel}","templated":true}]}}