{"id":25669,"date":"2025-05-26T10:33:25","date_gmt":"2025-05-26T08:33:25","guid":{"rendered":"https:\/\/www.ferberpainting.com\/products\/wood-oil-remover\/"},"modified":"2026-02-18T09:57:04","modified_gmt":"2026-02-18T08:57:04","slug":"wood-oil-remover","status":"publish","type":"product","link":"https:\/\/www.ferberpainting.com\/cz\/products\/wood-oil-remover\/","title":{"rendered":"Odma\u0161\u0165ova\u010d na d\u0159evo"},"content":{"rendered":"<p><strong><img decoding=\"async\" style=\"margin-right: 12px;\" src=\"https:\/\/www.ferberpainting.com\/wp-content\/uploads\/2026\/02\/Check.svg\" alt=\"\" width=\"18\" height=\"15\" \/>\u00da\u010dinn\u011b odstra\u0148uje olejov\u00e9 skvrny a zbytky oleje ze d\u0159ev\u011bn\u00fdch povrch\u016f.<\/strong> N\u00e1\u0161 odstra\u0148ova\u010d olej\u016f ze d\u0159eva je speci\u00e1ln\u011b vyvinut\u00fd tak, aby pronikl hluboko do d\u0159ev\u011bn\u00fdch vl\u00e1ken a odstranil usazen\u00e9 olejov\u00e9 skvrny, mastn\u00e9 skvrny a zne\u010di\u0161t\u011bn\u00ed zp\u016fsoben\u00e9 oleji z n\u00e1bytku, st\u0159\u00edkanci z va\u0159en\u00ed, automobilov\u00fdmi kapalinami nebo prost\u0159edky na \u00fadr\u017ebu. Na rozd\u00edl od povrchov\u00fdch \u010distic\u00edch prost\u0159edk\u016f, kter\u00e9 o\u0161et\u0159uj\u00ed pouze povrch, p\u016fsob\u00ed tento pokro\u010dil\u00fd p\u0159\u00edpravek uvnit\u0159 por\u00e9zn\u00ed struktury d\u0159eva, kde odstra\u0148uje a rozpou\u0161t\u00ed olejov\u00e9 usazeniny a obnovuje p\u0159irozen\u00fd vzhled materi\u00e1lu, ani\u017e by naru\u0161il jeho celistvost.<\/p>\n<p><strong><img decoding=\"async\" style=\"margin-right: 12px;\" src=\"https:\/\/www.ferberpainting.com\/wp-content\/uploads\/2026\/02\/Check.svg\" alt=\"\" width=\"18\" height=\"15\" \/>Nab\u00edz\u00edme z\u00e1ruku vr\u00e1cen\u00ed pen\u011bz pro naprost\u00fd klid.<\/strong> Za v\u00fdkonem na\u0161eho odstra\u0148ova\u010de d\u0159ev\u011bn\u00fdch olej\u016f si pln\u011b stoj\u00edme. Pokud nebudete s v\u00fdsledky zcela spokojeni, vr\u00e1t\u00edme v\u00e1m pen\u00edze za n\u00e1kup. Tato z\u00e1ruka vr\u00e1cen\u00ed pen\u011bz v\u00e1m umo\u017en\u00ed pou\u017e\u00edvat v\u00fdrobek s d\u016fv\u011brou, proto\u017ee v\u00edte, \u017ee va\u0161e investice je bezpe\u010dn\u00e1 a va\u0161e spokojenost je pro n\u00e1s nejvy\u0161\u0161\u00ed prioritou.<\/p>\n<p><strong><img decoding=\"async\" style=\"margin-right: 12px;\" src=\"https:\/\/www.ferberpainting.com\/wp-content\/uploads\/2026\/02\/Check.svg\" alt=\"\" width=\"18\" height=\"15\" \/>Nej\u00fa\u010dinn\u011bj\u0161\u00ed roztok na odstra\u0148ov\u00e1n\u00ed olejov\u00fdch skvrn na d\u0159ev\u011b na trhu.<\/strong> Na\u0161e receptura je navr\u017eena tak, aby d\u00edky vysoce penetruj\u00edc\u00edm \u00fa\u010dinn\u00fdm l\u00e1tk\u00e1m rozkl\u00e1dala i odoln\u00e9 skvrny na b\u00e1zi oleje, kter\u00e9 se hluboko vs\u00e1kly do d\u0159eva. \u00da\u010dinn\u011b p\u016fsob\u00ed na \u010derstv\u00e9 i star\u0161\u00ed skvrny a v\u00fdrazn\u011b p\u0159ekon\u00e1v\u00e1 standardn\u00ed dom\u00e1c\u00ed odma\u0161\u0165ova\u010de. Jeho siln\u00fd \u00fa\u010dinek zaji\u0161\u0165uje viditeln\u00e9 a dlouhotrvaj\u00edc\u00ed v\u00fdsledky, co\u017e z n\u011bj \u010din\u00ed nej\u00fa\u010dinn\u011bj\u0161\u00ed \u0159e\u0161en\u00ed pro olejem zne\u010di\u0161t\u011bn\u00e9 d\u0159ev\u011bn\u00e9 povrchy.<\/p>\n<p><strong><img decoding=\"async\" style=\"margin-right: 12px;\" src=\"https:\/\/www.ferberpainting.com\/wp-content\/uploads\/2026\/02\/Check.svg\" alt=\"\" width=\"18\" height=\"15\" \/>Nejlevn\u011bj\u0161\u00ed dostupn\u00fd profesion\u00e1ln\u00ed odstra\u0148ova\u010d oleje.<\/strong> Vysoce v\u00fdkonn\u00e9 \u010di\u0161t\u011bn\u00ed nemus\u00ed b\u00fdt drah\u00e9. Nab\u00edz\u00edme nejkonkurenceschopn\u011bj\u0161\u00ed ceny p\u0159i zachov\u00e1n\u00ed profesion\u00e1ln\u00ed kvality. Optimalizac\u00ed v\u00fdrobn\u00edch a distribu\u010dn\u00edch proces\u016f poskytujeme prvot\u0159\u00eddn\u00ed odstra\u0148ova\u010d d\u0159ev\u011bn\u00fdch olej\u016f za nejni\u017e\u0161\u00ed cenu ve srovn\u00e1n\u00ed s podobn\u00fdmi produkty, co\u017e p\u0159in\u00e1\u0161\u00ed vynikaj\u00edc\u00ed hodnotu jak pro majitele dom\u016f, tak pro profesion\u00e1ly.<\/p>\n<p><strong><img decoding=\"async\" style=\"margin-right: 12px;\" src=\"https:\/\/www.ferberpainting.com\/wp-content\/uploads\/2026\/02\/Check.svg\" alt=\"\" width=\"18\" height=\"15\" \/>Zaru\u010den\u00e9 doru\u010den\u00ed do 24 hodin pro okam\u017eitou akci.<\/strong> Olejov\u00e9 skvrny je t\u0159eba co nejrychleji o\u0161et\u0159it, aby se zabr\u00e1nilo jejich hlub\u0161\u00edmu proniknut\u00ed. Proto nab\u00edz\u00edme spolehlivou dod\u00e1vku do 24 hodin, kter\u00e1 zajist\u00ed, \u017ee v\u00e1\u0161 odstra\u0148ova\u010d olejov\u00fdch skvrn na d\u0159evo doraz\u00ed rychle a bude p\u0159ipraven k okam\u017eit\u00e9 aplikaci. Rychl\u00e9 dod\u00e1n\u00ed v\u00e1m pom\u016f\u017ee obnovit d\u0159ev\u011bn\u00e9 povrchy bez zbyte\u010dn\u00fdch pr\u016ftah\u016f.<\/p>\n<p><strong><img decoding=\"async\" style=\"margin-right: 12px;\" src=\"https:\/\/www.ferberpainting.com\/wp-content\/uploads\/2026\/02\/Check.svg\" alt=\"\" width=\"18\" height=\"15\" \/>Efektivn\u00ed pokryt\u00ed a\u017e 10 m\u00b2 na litr pro p\u0159esn\u00e9 pl\u00e1nov\u00e1n\u00ed.<\/strong> Jeden litr p\u0159\u00edpravku o\u0161et\u0159\u00ed a\u017e 10 metr\u016f \u010dtvere\u010dn\u00edch v z\u00e1vislosti na m\u00ed\u0159e zne\u010di\u0161t\u011bn\u00ed a p\u00f3rovitosti d\u0159eva. Tato jasn\u00e1 m\u00edra pokryt\u00ed umo\u017e\u0148uje p\u0159esn\u00fd odhad materi\u00e1lu a kontrolu n\u00e1klad\u016f a z\u00e1rove\u0148 zaji\u0161\u0165uje dostate\u010dnou aplikaci pro optim\u00e1ln\u00ed odstran\u011bn\u00ed skvrn.<\/p>\n<p><strong><img decoding=\"async\" style=\"margin-right: 12px;\" src=\"https:\/\/www.ferberpainting.com\/wp-content\/uploads\/2026\/02\/Check.svg\" alt=\"\" width=\"18\" height=\"15\" \/>Obnovuje p\u0159irozen\u00fd vzhled d\u0159eva bez hrub\u00e9ho od\u011bru.<\/strong> M\u00edsto agresivn\u00edho brou\u0161en\u00ed nebo \u0161kr\u00e1b\u00e1n\u00ed odstra\u0148ova\u010d oleje p\u016fsob\u00ed chemicky a odstra\u0148uje mastnotu a olej z vl\u00e1ken. T\u00edm se sni\u017euje pot\u0159eba siln\u00fdch mechanick\u00fdch z\u00e1sah\u016f a pom\u00e1h\u00e1 se zachovat p\u016fvodn\u00ed struktura a struktura d\u0159eva.<\/p>\n<p><strong><img decoding=\"async\" style=\"margin-right: 12px;\" src=\"https:\/\/www.ferberpainting.com\/wp-content\/uploads\/2026\/02\/Check.svg\" alt=\"\" width=\"18\" height=\"15\" \/>P\u0159ipravuje povrchy na renovaci nebo o\u0161et\u0159en\u00ed.<\/strong> Po odstran\u011bn\u00ed oleje je povrch d\u0159eva \u010dist\u00fd a p\u0159\u00edstupn\u00fd dal\u0161\u00edm \u00faprav\u00e1m, jako je mo\u0159en\u00ed, lakov\u00e1n\u00ed, tmelen\u00ed nebo nat\u00edr\u00e1n\u00ed. Spr\u00e1vn\u00e1 p\u0159\u00edprava zajist\u00ed lep\u0161\u00ed p\u0159ilnavost a dlouhodob\u011bj\u0161\u00ed v\u00fdsledky povrchov\u00e9 \u00fapravy.<\/p>\n<p><strong><img decoding=\"async\" style=\"margin-right: 12px;\" src=\"https:\/\/www.ferberpainting.com\/wp-content\/uploads\/2026\/02\/Check.svg\" alt=\"\" width=\"18\" height=\"15\" \/>Vhodn\u00e9 pro r\u016fzn\u00e9 druhy d\u0159eva a pou\u017eit\u00ed.<\/strong> V\u00fdrobek lze pou\u017e\u00edt na tvrd\u00e9 a m\u011bkk\u00e9 d\u0159evo, palubky, podlahy, n\u00e1bytek, dve\u0159e a d\u0159ev\u011bn\u00e9 panely. P\u0159i aplikaci podle n\u00e1vodu se p\u0159izp\u016fsob\u00ed d\u0159ev\u011bn\u00fdm povrch\u016fm v interi\u00e9ru i exteri\u00e9ru.<\/p>\n<p><strong><img decoding=\"async\" style=\"margin-right: 12px;\" src=\"https:\/\/www.ferberpainting.com\/wp-content\/uploads\/2026\/02\/Check.svg\" alt=\"\" width=\"18\" height=\"15\" \/>Snadn\u00e1 aplikace pro profesion\u00e1ly i kutily.<\/strong> Odstra\u0148ova\u010d oleje na d\u0159evo je navr\u017een pro pohodln\u00e9 pou\u017eit\u00ed a lze jej nan\u00e1\u0161et \u0161t\u011btcem nebo had\u0159\u00edkem. Jeho zvl\u00e1dnuteln\u00e1 konzistence umo\u017e\u0148uje c\u00edlen\u00e9 o\u0161et\u0159en\u00ed pot\u0159\u00edsn\u011bn\u00fdch m\u00edst a z\u00e1rove\u0148 zaji\u0161\u0165uje rovnom\u011brnou penetraci a \u00fa\u010dinn\u00e9 \u010di\u0161t\u011bn\u00ed.<\/p>\n<h2><strong>Pokyny<\/strong><\/h2>\n<ul>\n<li>P\u0159ed aplikac\u00ed se ujist\u011bte, \u017ee je povrch d\u0159eva such\u00fd a zbaven\u00fd voln\u00e9ho prachu a ne\u010distot.<\/li>\n<li>P\u0159ed pou\u017eit\u00edm p\u0159\u00edpravek d\u016fkladn\u011b prot\u0159epejte nebo prom\u00edchejte.<\/li>\n<li>Pomoc\u00ed \u0161t\u011btce nebo had\u0159\u00edku naneste na pot\u0159\u00edsn\u011bnou oblast hojn\u011b odstra\u0148ova\u010de d\u0159ev\u011bn\u00e9ho oleje.<\/li>\n<li>Doporu\u010den\u00e9 d\u00e1vkov\u00e1n\u00ed je p\u0159ibli\u017en\u011b 100 ml na metr \u010dtvere\u010dn\u00ed, proto\u017ee jeden litr o\u0161et\u0159\u00ed a\u017e 10 m\u00b2. V p\u0159\u00edpad\u011b siln\u011b nasycen\u00fdch ploch m\u00edrn\u011b zvy\u0161te d\u00e1vku.<\/li>\n<li>V z\u00e1vislosti na hloubce mo\u0159idla nechte p\u0159\u00edpravek 15 a\u017e 30 minut pronikat do d\u0159ev\u011bn\u00fdch vl\u00e1ken.<\/li>\n<li>U odoln\u00fdch skvrn jemn\u011b drhn\u011bte povrch m\u011bkk\u00fdm nebo st\u0159edn\u011b tvrd\u00fdm kart\u00e1\u010dem ve sm\u011bru vl\u00e1ken d\u0159eva.<\/li>\n<li>P\u0159ebyte\u010dn\u00fd p\u0159\u00edpravek a rozpu\u0161t\u011bn\u00e9 zbytky set\u0159ete \u010dist\u00fdm sav\u00fdm had\u0159\u00edkem.<\/li>\n<li>V p\u0159\u00edpad\u011b pot\u0159eby povrch lehce opl\u00e1chn\u011bte \u010distou vodou a nechte jej zcela vyschnout.<\/li>\n<li>U hlubok\u00fdch nebo star\u00fdch olejov\u00fdch skvrn postup opakujte, dokud nedos\u00e1hnete po\u017eadovan\u00e9ho v\u00fdsledku.<\/li>\n<li>Po \u00fapln\u00e9m zaschnut\u00ed povrch v p\u0159\u00edpad\u011b pot\u0159eby lehce p\u0159ebruste, aby byl hladk\u00fd, a teprve pot\u00e9 naneste jak\u00fdkoli dokon\u010dovac\u00ed p\u0159\u00edpravek.<\/li>\n<li>N\u00e1\u0159ad\u00ed \u010dist\u011bte ihned po pou\u017eit\u00ed podle doporu\u010den\u00ed v\u00fdrobku.<\/li>\n<li>N\u00e1dobu skladujte t\u011bsn\u011b uzav\u0159enou na chladn\u00e9m a such\u00e9m m\u00edst\u011b, chr\u00e1n\u011bnou p\u0159ed mrazem a p\u0159\u00edm\u00fdm slune\u010dn\u00edm z\u00e1\u0159en\u00edm.<\/li>\n<li>Uchov\u00e1vejte mimo dosah d\u011bt\u00ed a p\u0159i manipulaci a aplikaci dodr\u017eujte standardn\u00ed bezpe\u010dnostn\u00ed opat\u0159en\u00ed.<\/li>\n<\/ul>","protected":false},"excerpt":{"rendered":"<p>Effectively remove oil stains and residues from wood surfaces. Our wood oil remover is specially formulated to penetrate deep into wooden fibers and extract embedded oil stains, grease marks, and contamination caused by furniture oils, cooking splashes, automotive fluids, or maintenance products. Unlike superficial cleaners that only treat the surface, this advanced formula works within [&hellip;]<\/p>\n","protected":false},"featured_media":27468,"comment_status":"open","ping_status":"closed","template":"","meta":{"_uag_custom_page_level_css":"","site-sidebar-layout":"default","site-content-layout":"","ast-site-content-layout":"default","site-content-style":"default","site-sidebar-style":"default","ast-global-header-display":"","ast-banner-title-visibility":"","ast-main-header-display":"","ast-hfb-above-header-display":"","ast-hfb-below-header-display":"","ast-hfb-mobile-header-display":"","site-post-title":"","ast-breadcrumbs-content":"","ast-featured-img":"","footer-sml-layout":"","ast-disable-related-posts":"","theme-transparent-header-meta":"default","adv-header-id-meta":"","stick-header-meta":"","header-above-stick-meta":"","header-main-stick-meta":"","header-below-stick-meta":"","astra-migrate-meta-layouts":"set","ast-page-background-enabled":"default","ast-page-background-meta":{"desktop":{"background-color":"var(--ast-global-color-4)","background-image":"","background-repeat":"repeat","background-position":"center center","background-size":"auto","background-attachment":"scroll","background-type":"","background-media":"","overlay-type":"","overlay-color":"","overlay-opacity":"","overlay-gradient":""},"tablet":{"background-color":"","background-image":"","background-repeat":"repeat","background-position":"center center","background-size":"auto","background-attachment":"scroll","background-type":"","background-media":"","overlay-type":"","overlay-color":"","overlay-opacity":"","overlay-gradient":""},"mobile":{"background-color":"","background-image":"","background-repeat":"repeat","background-position":"center center","background-size":"auto","background-attachment":"scroll","background-type":"","background-media":"","overlay-type":"","overlay-color":"","overlay-opacity":"","overlay-gradient":""}},"ast-content-background-meta":{"desktop":{"background-color":"var(--ast-global-color-5)","background-image":"","background-repeat":"repeat","background-position":"center center","background-size":"auto","background-attachment":"scroll","background-type":"","background-media":"","overlay-type":"","overlay-color":"","overlay-opacity":"","overlay-gradient":""},"tablet":{"background-color":"var(--ast-global-color-5)","background-image":"","background-repeat":"repeat","background-position":"center center","background-size":"auto","background-attachment":"scroll","background-type":"","background-media":"","overlay-type":"","overlay-color":"","overlay-opacity":"","overlay-gradient":""},"mobile":{"background-color":"var(--ast-global-color-5)","background-image":"","background-repeat":"repeat","background-position":"center center","background-size":"auto","background-attachment":"scroll","background-type":"","background-media":"","overlay-type":"","overlay-color":"","overlay-opacity":"","overlay-gradient":""}}},"product_brand":[],"product_cat":[175,193],"product_tag":[],"class_list":{"0":"post-25669","1":"product","2":"type-product","3":"status-publish","4":"has-post-thumbnail","6":"product_cat-cleaning-products","7":"product_cat-wood-treatment","8":"desktop-align-left","9":"tablet-align-left","10":"mobile-align-left","12":"first","13":"instock","14":"sale","15":"shipping-taxable","16":"purchasable","17":"product-type-variable","18":"has-default-attributes"},"spectra_custom_meta":{"_visibility":["visible"],"_shopify_product_id":["8050147983605"],"_s2w_shopify_domain":["ferberpainting.myshopify.com"],"_shopify_variant_id":["43843146580213"],"_sku":[""],"_manage_stock":["no"],"total_sales":["10"],"_tax_status":["taxable"],"_tax_class":[""],"_backorders":["no"],"_sold_individually":["no"],"_virtual":["no"],"_downloadable":["no"],"_download_limit":["-1"],"_download_expiry":["-1"],"_stock":[null],"_stock_status":["instock"],"_wc_average_rating":["4.98"],"_wc_review_count":["66"],"_product_attributes":["a:1:{s:6:\"volume\";a:6:{s:4:\"name\";s:6:\"Volume\";s:5:\"value\";s:20:\"5 liters | 25 liters\";s:8:\"position\";i:1;s:10:\"is_visible\";i:0;s:12:\"is_variation\";i:1;s:11:\"is_taxonomy\";i:0;}}"],"_product_version":["10.5.2"],"_thumbnail_id":["27468"],"_price":["29.90","129.90"],"_product_image_gallery":["27469"],"_edit_lock":["1771404887:1"],"merchant-center-availability":["yes"],"merchant-center-category":["2277"],"merchant-center-id":["DSHB5L"],"wpse_downloadable_file_names":[""],"wpse_downloadable_file_urls":[""],"_edit_last":["1"],"_default_attributes":["a:1:{s:6:\"volume\";s:8:\"5 liters\";}"],"_wc_rating_count":["a:2:{i:4;i:1;i:5;i:65;}"],"_wp_page_template":["default"],"site-sidebar-layout":["default"],"ast-site-content-layout":["default"],"site-content-style":["default"],"site-sidebar-style":["default"],"theme-transparent-header-meta":["default"],"astra-migrate-meta-layouts":["set"],"_uag_css_file_name":["uag-css-25669.css"],"_elementor_page_assets":["a:0:{}"]},"uagb_featured_image_src":{"full":["https:\/\/www.ferberpainting.com\/wp-content\/uploads\/2025\/05\/Deshuileurbois5L.jpg",2560,2560,false],"thumbnail":["https:\/\/www.ferberpainting.com\/wp-content\/uploads\/2025\/05\/Deshuileurbois5L-150x150.jpg",150,150,true],"medium":["https:\/\/www.ferberpainting.com\/wp-content\/uploads\/2025\/05\/Deshuileurbois5L-300x300.jpg",300,300,true],"medium_large":["https:\/\/www.ferberpainting.com\/wp-content\/uploads\/2025\/05\/Deshuileurbois5L-768x768.jpg",768,768,true],"large":["https:\/\/www.ferberpainting.com\/wp-content\/uploads\/2025\/05\/Deshuileurbois5L-1024x1024.jpg",1024,1024,true],"1536x1536":["https:\/\/www.ferberpainting.com\/wp-content\/uploads\/2025\/05\/Deshuileurbois5L-1536x1536.jpg",1536,1536,true],"2048x2048":["https:\/\/www.ferberpainting.com\/wp-content\/uploads\/2025\/05\/Deshuileurbois5L-2048x2048.jpg",2048,2048,true],"trp-custom-language-flag":["https:\/\/www.ferberpainting.com\/wp-content\/uploads\/2025\/05\/Deshuileurbois5L-12x12.jpg",12,12,true],"woocommerce_thumbnail":["https:\/\/www.ferberpainting.com\/wp-content\/uploads\/2025\/05\/Deshuileurbois5L-300x300.jpg",300,300,true],"woocommerce_single":["https:\/\/www.ferberpainting.com\/wp-content\/uploads\/2025\/05\/Deshuileurbois5L-600x600.jpg",600,600,true],"woocommerce_gallery_thumbnail":["https:\/\/www.ferberpainting.com\/wp-content\/uploads\/2025\/05\/Deshuileurbois5L-100x100.jpg",100,100,true]},"uagb_author_info":{"display_name":"admin","author_link":"https:\/\/www.ferberpainting.com\/cz\/author\/"},"uagb_comment_info":66,"uagb_excerpt":"Effectively remove oil stains and residues from wood surfaces. Our wood oil remover is specially formulated to penetrate deep into wooden fibers and extract embedded oil stains, grease marks, and contamination caused by furniture oils, cooking splashes, automotive fluids, or maintenance products. Unlike superficial cleaners that only treat the surface, this advanced formula works within&hellip;","_links":{"self":[{"href":"https:\/\/www.ferberpainting.com\/cz\/wp-json\/wp\/v2\/product\/25669","targetHints":{"allow":["GET"]}}],"collection":[{"href":"https:\/\/www.ferberpainting.com\/cz\/wp-json\/wp\/v2\/product"}],"about":[{"href":"https:\/\/www.ferberpainting.com\/cz\/wp-json\/wp\/v2\/types\/product"}],"replies":[{"embeddable":true,"href":"https:\/\/www.ferberpainting.com\/cz\/wp-json\/wp\/v2\/comments?post=25669"}],"version-history":[{"count":3,"href":"https:\/\/www.ferberpainting.com\/cz\/wp-json\/wp\/v2\/product\/25669\/revisions"}],"predecessor-version":[{"id":169160,"href":"https:\/\/www.ferberpainting.com\/cz\/wp-json\/wp\/v2\/product\/25669\/revisions\/169160"}],"wp:featuredmedia":[{"embeddable":true,"href":"https:\/\/www.ferberpainting.com\/cz\/wp-json\/wp\/v2\/media\/27468"}],"wp:attachment":[{"href":"https:\/\/www.ferberpainting.com\/cz\/wp-json\/wp\/v2\/media?parent=25669"}],"wp:term":[{"taxonomy":"product_brand","embeddable":true,"href":"https:\/\/www.ferberpainting.com\/cz\/wp-json\/wp\/v2\/product_brand?post=25669"},{"taxonomy":"product_cat","embeddable":true,"href":"https:\/\/www.ferberpainting.com\/cz\/wp-json\/wp\/v2\/product_cat?post=25669"},{"taxonomy":"product_tag","embeddable":true,"href":"https:\/\/www.ferberpainting.com\/cz\/wp-json\/wp\/v2\/product_tag?post=25669"}],"curies":[{"name":"wp","href":"https:\/\/api.w.org\/{rel}","templated":true}]}}