{"id":25665,"date":"2025-05-26T10:33:17","date_gmt":"2025-05-26T08:33:17","guid":{"rendered":"https:\/\/www.ferberpainting.com\/products\/wood-hardener\/"},"modified":"2026-02-18T09:53:59","modified_gmt":"2026-02-18T08:53:59","slug":"wood-hardener","status":"publish","type":"product","link":"https:\/\/www.ferberpainting.com\/cz\/products\/wood-hardener\/","title":{"rendered":"Zpev\u0148ova\u010d d\u0159eva"},"content":{"rendered":"<p><strong><img decoding=\"async\" style=\"margin-right: 12px;\" src=\"https:\/\/www.ferberpainting.com\/wp-content\/uploads\/2026\/02\/Check.svg\" alt=\"\" width=\"18\" height=\"15\" \/>Zpevn\u011bte a zpevn\u011bte po\u0161kozen\u00e9 nebo oslaben\u00e9 d\u0159evo zevnit\u0159.<\/strong> Na\u0161e tu\u017eidlo na d\u0159evo je speci\u00e1ln\u011b vyvinuto tak, aby proniklo hluboko do m\u011bkk\u00fdch, ztrouchniv\u011bl\u00fdch nebo zv\u011btral\u00fdch d\u0159ev\u011bn\u00fdch vl\u00e1ken a obnovilo struktur\u00e1ln\u00ed pevnost. Nam\u00edsto v\u00fdm\u011bny cel\u00fdch d\u0159ev\u011bn\u00fdch prvk\u016f tento pokro\u010dil\u00fd konsolida\u010dn\u00ed roztok stabilizuje po\u0161kozen\u00e1 m\u00edsta zpevn\u011bn\u00edm vnit\u0159n\u00ed struktury. Spojuje uvoln\u011bn\u00e1 vl\u00e1kna dohromady a p\u0159em\u011b\u0148uje k\u0159ehk\u00e9 d\u0159evo na pevn\u00fd, odoln\u00fd z\u00e1klad, kter\u00fd lze brousit, vypl\u0148ovat, nat\u00edrat nebo d\u00e1le o\u0161et\u0159ovat. Je ide\u00e1ln\u00edm \u0159e\u0161en\u00edm pro obnovu okenn\u00edch r\u00e1m\u016f, dve\u0159\u00ed, tr\u00e1m\u016f, n\u00e1bytku a dal\u0161\u00edch d\u0159ev\u011bn\u00fdch prvk\u016f posti\u017een\u00fdch st\u00e1\u0159\u00edm nebo vlhkost\u00ed.<\/p>\n<p><strong><img decoding=\"async\" style=\"margin-right: 12px;\" src=\"https:\/\/www.ferberpainting.com\/wp-content\/uploads\/2026\/02\/Check.svg\" alt=\"\" width=\"18\" height=\"15\" \/>Nab\u00edz\u00edme z\u00e1ruku vr\u00e1cen\u00ed pen\u011bz pro naprost\u00fd klid.<\/strong> Jsme p\u0159esv\u011bd\u010deni o \u00fa\u010dinnosti a v\u00fdkonu na\u0161eho tu\u017eidla na d\u0159evo. Pokud nebudete s v\u00fdsledky zcela spokojeni, vr\u00e1t\u00edme v\u00e1m pen\u00edze za n\u00e1kup. Tato z\u00e1ruka vr\u00e1cen\u00ed pen\u011bz v\u00e1m zaru\u010duje, \u017ee m\u016f\u017eete bez rizika obnovit sv\u00e9 d\u0159ev\u011bn\u00e9 povrchy s v\u011bdom\u00edm, \u017ee va\u0161e investice je pln\u011b chr\u00e1n\u011bna a va\u0161e spokojenost je pro n\u00e1s prioritou.<\/p>\n<p><strong><img decoding=\"async\" style=\"margin-right: 12px;\" src=\"https:\/\/www.ferberpainting.com\/wp-content\/uploads\/2026\/02\/Check.svg\" alt=\"\" width=\"18\" height=\"15\" \/>Nej\u00fa\u010dinn\u011bj\u0161\u00ed \u0159e\u0161en\u00ed pro konsolidaci d\u0159eva na trhu.<\/strong> N\u00e1\u0161 vysoce \u00fa\u010dinn\u00fd p\u0159\u00edpravek pronik\u00e1 hluboko do por\u00e9zn\u00edho a oslaben\u00e9ho d\u0159eva a zpev\u0148uje strukturu zevnit\u0159, nikoliv pouze pokr\u00fdv\u00e1 povrch. Obnovuje nosnost a zabra\u0148uje dal\u0161\u00edmu rozpadu nebo po\u0161kozen\u00ed. Ve srovn\u00e1n\u00ed s b\u011b\u017en\u00fdmi metodami oprav nab\u00edz\u00ed na\u0161e tu\u017eidlo na d\u0159evo vynikaj\u00edc\u00ed penetraci a dlouhotrvaj\u00edc\u00ed struktur\u00e1ln\u00ed zpevn\u011bn\u00ed, co\u017e z n\u011bj \u010din\u00ed nej\u00fa\u010dinn\u011bj\u0161\u00ed \u0159e\u0161en\u00ed pro obnovu d\u0159eva.<\/p>\n<p><strong><img decoding=\"async\" style=\"margin-right: 12px;\" src=\"https:\/\/www.ferberpainting.com\/wp-content\/uploads\/2026\/02\/Check.svg\" alt=\"\" width=\"18\" height=\"15\" \/>Nejlevn\u011bj\u0161\u00ed dostupn\u00e9 profesion\u00e1ln\u00ed tu\u017eidlo na d\u0159evo.<\/strong> Opravy konstruk\u010dn\u00edho d\u0159eva by m\u011bly z\u016fstat cenov\u011b dostupn\u00e9. Nab\u00edz\u00edme nejv\u00fdhodn\u011bj\u0161\u00ed cenu p\u0159i zachov\u00e1n\u00ed \u0161pi\u010dkov\u00fdch standard\u016f proveden\u00ed. Optimalizac\u00ed v\u00fdroby a logistiky poskytujeme profesion\u00e1ln\u00ed konsolid\u00e1tor d\u0159eva za nejni\u017e\u0161\u00ed cenu v porovn\u00e1n\u00ed s podobn\u00fdmi produkty, co\u017e p\u0159in\u00e1\u0161\u00ed v\u00fdjime\u010dnou hodnotu pro majitele dom\u016f, restaur\u00e1tory a dodavatele.<\/p>\n<p><strong><img decoding=\"async\" style=\"margin-right: 12px;\" src=\"https:\/\/www.ferberpainting.com\/wp-content\/uploads\/2026\/02\/Check.svg\" alt=\"\" width=\"18\" height=\"15\" \/>Zaru\u010den\u00e9 doru\u010den\u00ed do 24 hodin pro okam\u017eit\u00e9 restaur\u00e1torsk\u00e9 pr\u00e1ce.<\/strong> Kdy\u017e se d\u0159evo za\u010dne po\u0161kozovat, je nutn\u00e9 rychle jednat, aby se zabr\u00e1nilo dal\u0161\u00edmu po\u0161kozen\u00ed. Proto poskytujeme spolehliv\u00e9 doru\u010den\u00ed 24 hodin denn\u011b, kter\u00e9 zajist\u00ed, \u017ee va\u0161e tu\u017eidlo na d\u0159evo doraz\u00ed rychle a bude p\u0159ipraveno k okam\u017eit\u00e9 aplikaci. Rychl\u00e1 doprava v\u00e1m pom\u016f\u017ee zajistit a stabilizovat d\u0159ev\u011bn\u00e9 konstrukce bez prodlen\u00ed.<\/p>\n<p><strong><img decoding=\"async\" style=\"margin-right: 12px;\" src=\"https:\/\/www.ferberpainting.com\/wp-content\/uploads\/2026\/02\/Check.svg\" alt=\"\" width=\"18\" height=\"15\" \/>Pokryt\u00ed a\u017e 8 m\u00b2 na litr pro efektivn\u00ed pl\u00e1nov\u00e1n\u00ed.<\/strong> Jeden litr na\u0161eho tu\u017eidla na d\u0159evo o\u0161et\u0159\u00ed a\u017e 8 metr\u016f \u010dtvere\u010dn\u00edch v z\u00e1vislosti na stupni p\u00f3rovitosti a po\u0161kozen\u00ed. Tato jasn\u00e1 m\u00edra pokryt\u00ed umo\u017e\u0148uje p\u0159esn\u00fd v\u00fdpo\u010det pot\u0159eby materi\u00e1lu a zaji\u0161\u0165uje konzistentn\u00ed zpevn\u011bn\u00ed na cel\u00e9 o\u0161et\u0159en\u00e9 plo\u0161e.<\/p>\n<p><strong><img decoding=\"async\" style=\"margin-right: 12px;\" src=\"https:\/\/www.ferberpainting.com\/wp-content\/uploads\/2026\/02\/Check.svg\" alt=\"\" width=\"18\" height=\"15\" \/>P\u0159ipravuje d\u0159evo na vypl\u0148ov\u00e1n\u00ed, brou\u0161en\u00ed a lakov\u00e1n\u00ed.<\/strong> Po vytvrzen\u00ed se vytvrzen\u00fd povrch d\u0159eva st\u00e1v\u00e1 stabiln\u00edm a zpracovateln\u00fdm. Lze jej brousit do hladka a slou\u017e\u00ed jako ide\u00e1ln\u00ed podklad pro d\u0159ev\u011bn\u00e9 plni\u010de, barvy, laky nebo ochrann\u00e9 n\u00e1t\u011bry. To zaji\u0161\u0165uje dlouhotrvaj\u00edc\u00ed v\u00fdsledky oprav a lep\u0161\u00ed kvalitu povrchov\u00e9 \u00fapravy.<\/p>\n<p><strong><img decoding=\"async\" style=\"margin-right: 12px;\" src=\"https:\/\/www.ferberpainting.com\/wp-content\/uploads\/2026\/02\/Check.svg\" alt=\"\" width=\"18\" height=\"15\" \/>Zabra\u0148uje dal\u0161\u00edmu po\u0161kozen\u00ed a pronik\u00e1n\u00ed vlhkosti.<\/strong> Zpevn\u011bn\u00edm oslaben\u00fdch vl\u00e1ken a ut\u011bsn\u011bn\u00edm p\u00f3rovit\u00fdch m\u00edst pom\u00e1h\u00e1 tu\u017eidlo omezit dal\u0161\u00ed nas\u00e1kavost a hnilobu d\u0159eva. P\u0159isp\u00edv\u00e1 k prodlou\u017een\u00ed \u017eivotnosti o\u0161et\u0159en\u00fdch d\u0159ev\u011bn\u00fdch prvk\u016f a minimalizuje pot\u0159ebu n\u00e1kladn\u00fdch v\u00fdm\u011bn.<\/p>\n<p><strong><img decoding=\"async\" style=\"margin-right: 12px;\" src=\"https:\/\/www.ferberpainting.com\/wp-content\/uploads\/2026\/02\/Check.svg\" alt=\"\" width=\"18\" height=\"15\" \/>Vhodn\u00fd pro pou\u017eit\u00ed v interi\u00e9ru i exteri\u00e9ru na d\u0159evo.<\/strong> V\u00fdrobek lze pou\u017e\u00edt na okenn\u00ed r\u00e1my, dve\u0159e, tr\u00e1my, palubn\u00ed prvky, n\u00e1bytek a konstruk\u010dn\u00ed d\u0159ev\u011bn\u00e9 prvky vystaven\u00e9 vnit\u0159n\u00edm i venkovn\u00edm podm\u00ednk\u00e1m. P\u0159i aplikaci podle n\u00e1vodu se \u00fa\u010dinn\u011b p\u0159izp\u016fsobuje r\u016fzn\u00fdm druh\u016fm d\u0159eva.<\/p>\n<p><strong><img decoding=\"async\" style=\"margin-right: 12px;\" src=\"https:\/\/www.ferberpainting.com\/wp-content\/uploads\/2026\/02\/Check.svg\" alt=\"\" width=\"18\" height=\"15\" \/>Snadn\u00e1 aplikace pro profesion\u00e1ly i kutily.<\/strong> Tvrdidlo na d\u0159evo je ur\u010deno pro praktick\u00e9 pou\u017eit\u00ed a lze jej nan\u00e1\u0161et \u0161t\u011btcem nebo vhodn\u00fdm aplik\u00e1torem. Jeho tekut\u00e1 konzistence umo\u017e\u0148uje hlubok\u00e9 proniknut\u00ed do po\u0161kozen\u00fdch m\u00edst a zaji\u0161\u0165uje rovnom\u011brn\u00e9 rozlo\u017een\u00ed a spolehlivou konsolidaci bez slo\u017eit\u00fdch postup\u016f.<\/p>\n<h2><strong>Pokyny<\/strong><\/h2>\n<ul>\n<li>P\u0159ed aplikac\u00ed odstra\u0148te v\u0161echna uvoln\u011bn\u00e1, ztrouchniv\u011bl\u00e1 nebo siln\u011b ztrouchniv\u011bl\u00e1 d\u0159ev\u011bn\u00e1 vl\u00e1kna pomoc\u00ed \u0161krabky, dl\u00e1ta nebo kart\u00e1\u010de.<\/li>\n<li>Ujist\u011bte se, \u017ee je povrch d\u0159eva such\u00fd, \u010dist\u00fd a zbaven\u00fd prachu, mastnoty a voln\u00fdch \u010d\u00e1stic.<\/li>\n<li>P\u0159ed pou\u017eit\u00edm tu\u017eidlo na d\u0159evo d\u016fkladn\u011b prom\u00edchejte, aby byla zaji\u0161t\u011bna jednotn\u00e1 konzistence.<\/li>\n<li>P\u0159\u00edpravek nan\u00e1\u0161ejte \u0161t\u011btcem hojn\u011b, aby pronikl hluboko do oslaben\u00e9ho d\u0159eva.<\/li>\n<li>Doporu\u010den\u00e9 d\u00e1vkov\u00e1n\u00ed je p\u0159ibli\u017en\u011b 125 ml na metr \u010dtvere\u010dn\u00ed, proto\u017ee jeden litr o\u0161et\u0159\u00ed a\u017e 8 m\u00b2. Siln\u011b po\u0161kozen\u00e9 plochy mohou vy\u017eadovat vy\u0161\u0161\u00ed absorpci.<\/li>\n<li>Nechte p\u0159\u00edpravek vs\u00e1knout do d\u0159eva. Pokud d\u0159evo nad\u00e1le rychle absorbuje roztok, naneste dal\u0161\u00ed vrstvy mokr\u00e9 na mokr\u00e9.<\/li>\n<li>Vyvarujte se vytv\u00e1\u0159en\u00ed kalu\u017e\u00ed na povrchu. Zajist\u011bte rovnom\u011brn\u00e9 nasycen\u00ed bez nadm\u011brn\u00e9ho hromad\u011bn\u00ed.<\/li>\n<li>Nechte o\u0161et\u0159enou plochu zcela vytvrdnout, obvykle 12 a\u017e 24 hodin v z\u00e1vislosti na teplot\u011b a v\u011btr\u00e1n\u00ed.<\/li>\n<li>Po vytvrzen\u00ed povrch v p\u0159\u00edpad\u011b pot\u0159eby lehce p\u0159ebruste, abyste jej p\u0159ipravili na vypln\u011bn\u00ed nebo kone\u010dnou \u00fapravu.<\/li>\n<li>V p\u0159\u00edpad\u011b pot\u0159eby pou\u017eijte na obnovu chyb\u011bj\u00edc\u00edch \u010d\u00e1st\u00ed d\u0159ev\u011bnou v\u00fdpl\u0148 a po vytvrdnut\u00ed ji uhla\u010fte.<\/li>\n<li>Povrchovou \u00fapravu prove\u010fte barvou, lakem nebo ochrann\u00fdm n\u00e1t\u011brem pro dlouhodobou ochranu.<\/li>\n<li>N\u00e1\u0159ad\u00ed \u010dist\u011bte ihned po pou\u017eit\u00ed podle doporu\u010den\u00ed v\u00fdrobku.<\/li>\n<li>N\u00e1dobu skladujte t\u011bsn\u011b uzav\u0159enou na chladn\u00e9m a such\u00e9m m\u00edst\u011b, chr\u00e1n\u011bnou p\u0159ed mrazem a p\u0159\u00edm\u00fdm slune\u010dn\u00edm z\u00e1\u0159en\u00edm. Uchov\u00e1vejte mimo dosah d\u011bt\u00ed a p\u0159i manipulaci a aplikaci dodr\u017eujte standardn\u00ed bezpe\u010dnostn\u00ed opat\u0159en\u00ed.<\/li>\n<\/ul>","protected":false},"excerpt":{"rendered":"<p>Reinforce and strengthen damaged or weakened wood from the inside. Our wood hardener is specially formulated to penetrate deeply into soft, decayed, or weathered wood fibers and restore structural strength. Instead of replacing entire wooden elements, this advanced consolidating solution stabilizes deteriorated areas by hardening the internal structure. It binds loose fibers together and transforms [&hellip;]<\/p>\n","protected":false},"featured_media":27465,"comment_status":"open","ping_status":"closed","template":"","meta":{"_uag_custom_page_level_css":"","site-sidebar-layout":"default","site-content-layout":"","ast-site-content-layout":"default","site-content-style":"default","site-sidebar-style":"default","ast-global-header-display":"","ast-banner-title-visibility":"","ast-main-header-display":"","ast-hfb-above-header-display":"","ast-hfb-below-header-display":"","ast-hfb-mobile-header-display":"","site-post-title":"","ast-breadcrumbs-content":"","ast-featured-img":"","footer-sml-layout":"","ast-disable-related-posts":"","theme-transparent-header-meta":"default","adv-header-id-meta":"","stick-header-meta":"","header-above-stick-meta":"","header-main-stick-meta":"","header-below-stick-meta":"","astra-migrate-meta-layouts":"set","ast-page-background-enabled":"default","ast-page-background-meta":{"desktop":{"background-color":"var(--ast-global-color-4)","background-image":"","background-repeat":"repeat","background-position":"center center","background-size":"auto","background-attachment":"scroll","background-type":"","background-media":"","overlay-type":"","overlay-color":"","overlay-opacity":"","overlay-gradient":""},"tablet":{"background-color":"","background-image":"","background-repeat":"repeat","background-position":"center center","background-size":"auto","background-attachment":"scroll","background-type":"","background-media":"","overlay-type":"","overlay-color":"","overlay-opacity":"","overlay-gradient":""},"mobile":{"background-color":"","background-image":"","background-repeat":"repeat","background-position":"center center","background-size":"auto","background-attachment":"scroll","background-type":"","background-media":"","overlay-type":"","overlay-color":"","overlay-opacity":"","overlay-gradient":""}},"ast-content-background-meta":{"desktop":{"background-color":"var(--ast-global-color-5)","background-image":"","background-repeat":"repeat","background-position":"center center","background-size":"auto","background-attachment":"scroll","background-type":"","background-media":"","overlay-type":"","overlay-color":"","overlay-opacity":"","overlay-gradient":""},"tablet":{"background-color":"var(--ast-global-color-5)","background-image":"","background-repeat":"repeat","background-position":"center center","background-size":"auto","background-attachment":"scroll","background-type":"","background-media":"","overlay-type":"","overlay-color":"","overlay-opacity":"","overlay-gradient":""},"mobile":{"background-color":"var(--ast-global-color-5)","background-image":"","background-repeat":"repeat","background-position":"center center","background-size":"auto","background-attachment":"scroll","background-type":"","background-media":"","overlay-type":"","overlay-color":"","overlay-opacity":"","overlay-gradient":""}}},"product_brand":[],"product_cat":[193],"product_tag":[],"class_list":{"0":"post-25665","1":"product","2":"type-product","3":"status-publish","4":"has-post-thumbnail","6":"product_cat-wood-treatment","7":"desktop-align-left","8":"tablet-align-left","9":"mobile-align-left","11":"first","12":"instock","13":"sale","14":"taxable","15":"shipping-taxable","16":"purchasable","17":"product-type-variable","18":"has-default-attributes"},"spectra_custom_meta":{"_visibility":["visible"],"_shopify_product_id":["7952768172277"],"_s2w_shopify_domain":["ferberpainting.myshopify.com"],"_shopify_variant_id":["43508659355893"],"_sku":[""],"_manage_stock":["no"],"total_sales":["393"],"_tax_status":["taxable"],"_tax_class":[""],"_backorders":["no"],"_sold_individually":["no"],"_virtual":["no"],"_downloadable":["no"],"_download_limit":["-1"],"_download_expiry":["-1"],"_stock":[null],"_stock_status":["instock"],"_wc_average_rating":["4.95"],"_wc_review_count":["37"],"_product_attributes":["a:1:{s:6:\"volume\";a:6:{s:4:\"name\";s:6:\"Volume\";s:5:\"value\";s:30:\"1 liter | 5 liters | 25 liters\";s:8:\"position\";i:1;s:10:\"is_visible\";i:0;s:12:\"is_variation\";i:1;s:11:\"is_taxonomy\";i:0;}}"],"_product_version":["10.5.2"],"_thumbnail_id":["27465"],"_product_image_gallery":["27466"],"merchant-center-availability":["yes"],"merchant-center-category":["503744"],"merchant-center-id":["WH"],"wpse_downloadable_file_names":[""],"wpse_downloadable_file_urls":[""],"_edit_last":["1"],"_default_attributes":["a:1:{s:6:\"volume\";s:8:\"5 liters\";}"],"_wc_rating_count":["a:2:{i:4;i:2;i:5;i:35;}"],"_edit_lock":["1771404796:1"],"_wp_page_template":["default"],"site-sidebar-layout":["default"],"ast-site-content-layout":["default"],"site-content-style":["default"],"site-sidebar-style":["default"],"theme-transparent-header-meta":["default"],"_price":["29.90","129.90"],"astra-migrate-meta-layouts":["set"],"_uag_css_file_name":["uag-css-25665.css"],"_elementor_page_assets":["a:0:{}"],"_uag_page_assets":["a:9:{s:3:\"css\";s:7133:\".uag-blocks-common-selector{z-index:var(--z-index-desktop) !important}@media(max-width: 976px){.uag-blocks-common-selector{z-index:var(--z-index-tablet) !important}}@media(max-width: 767px){.uag-blocks-common-selector{z-index:var(--z-index-mobile) !important}}.wp-block-uagb-image{display:flex}.wp-block-uagb-image__figure{position:relative;display:flex;flex-direction:column;max-width:100%;height:auto;margin:0}.wp-block-uagb-image__figure img{height:auto;display:flex;max-width:100%;transition:box-shadow .2s ease}.wp-block-uagb-image__figure>a{display:inline-block}.wp-block-uagb-image__figure figcaption{text-align:center;margin-top:.5em;margin-bottom:1em}.wp-block-uagb-image .components-placeholder.block-editor-media-placeholder .components-placeholder__instructions{align-self:center}.wp-block-uagb-image--align-left{text-align:left}.wp-block-uagb-image--align-right{text-align:right}.wp-block-uagb-image--align-center{text-align:center}.wp-block-uagb-image--align-full .wp-block-uagb-image__figure{margin-left:calc(50% - 50vw);margin-right:calc(50% - 50vw);max-width:100vw;width:100vw;height:auto}.wp-block-uagb-image--align-full .wp-block-uagb-image__figure img{height:auto;width:100% !important}.wp-block-uagb-image--align-wide .wp-block-uagb-image__figure img{height:auto;width:100%}.wp-block-uagb-image--layout-overlay__color-wrapper{position:absolute;left:0;top:0;right:0;bottom:0;opacity:.2;background:rgba(0,0,0,.5);transition:opacity .35s ease-in-out}.wp-block-uagb-image--layout-overlay-link{position:absolute;left:0;right:0;bottom:0;top:0}.wp-block-uagb-image--layout-overlay .wp-block-uagb-image__figure:hover .wp-block-uagb-image--layout-overlay__color-wrapper{opacity:1}.wp-block-uagb-image--layout-overlay__inner{position:absolute;left:15px;right:15px;bottom:15px;top:15px;display:flex;align-items:center;justify-content:center;flex-direction:column;border-color:#fff;transition:.35s ease-in-out}.wp-block-uagb-image--layout-overlay__inner.top-left,.wp-block-uagb-image--layout-overlay__inner.top-center,.wp-block-uagb-image--layout-overlay__inner.top-right{justify-content:flex-start}.wp-block-uagb-image--layout-overlay__inner.bottom-left,.wp-block-uagb-image--layout-overlay__inner.bottom-center,.wp-block-uagb-image--layout-overlay__inner.bottom-right{justify-content:flex-end}.wp-block-uagb-image--layout-overlay__inner.top-left,.wp-block-uagb-image--layout-overlay__inner.center-left,.wp-block-uagb-image--layout-overlay__inner.bottom-left{align-items:flex-start}.wp-block-uagb-image--layout-overlay__inner.top-right,.wp-block-uagb-image--layout-overlay__inner.center-right,.wp-block-uagb-image--layout-overlay__inner.bottom-right{align-items:flex-end}.wp-block-uagb-image--layout-overlay__inner .uagb-image-heading{color:#fff;transition:transform .35s,opacity .35s ease-in-out;transform:translate3d(0, 24px, 0);margin:0;line-height:1em}.wp-block-uagb-image--layout-overlay__inner .uagb-image-separator{width:30%;border-top-width:2px;border-top-color:#fff;border-top-style:solid;margin-bottom:10px;opacity:0;transition:transform .4s,opacity .4s ease-in-out;transform:translate3d(0, 30px, 0)}.wp-block-uagb-image--layout-overlay__inner .uagb-image-caption{opacity:0;overflow:visible;color:#fff;transition:transform .45s,opacity .45s ease-in-out;transform:translate3d(0, 35px, 0)}.wp-block-uagb-image--layout-overlay__inner:hover .uagb-image-heading,.wp-block-uagb-image--layout-overlay__inner:hover .uagb-image-separator,.wp-block-uagb-image--layout-overlay__inner:hover .uagb-image-caption{opacity:1;transform:translate3d(0, 0, 0)}.wp-block-uagb-image--effect-zoomin .wp-block-uagb-image__figure img,.wp-block-uagb-image--effect-zoomin .wp-block-uagb-image__figure .wp-block-uagb-image--layout-overlay__color-wrapper{transform:scale(1);transition:transform .35s ease-in-out}.wp-block-uagb-image--effect-zoomin .wp-block-uagb-image__figure:hover img,.wp-block-uagb-image--effect-zoomin .wp-block-uagb-image__figure:hover .wp-block-uagb-image--layout-overlay__color-wrapper{transform:scale(1.05)}.wp-block-uagb-image--effect-slide .wp-block-uagb-image__figure img,.wp-block-uagb-image--effect-slide .wp-block-uagb-image__figure .wp-block-uagb-image--layout-overlay__color-wrapper{width:calc(100% + 40px) !important;max-width:none !important;transform:translate3d(-40px, 0, 0);transition:transform .35s ease-in-out}.wp-block-uagb-image--effect-slide .wp-block-uagb-image__figure:hover img,.wp-block-uagb-image--effect-slide .wp-block-uagb-image__figure:hover .wp-block-uagb-image--layout-overlay__color-wrapper{transform:translate3d(0, 0, 0)}.wp-block-uagb-image--effect-grayscale img{filter:grayscale(0%);transition:.35s ease-in-out}.wp-block-uagb-image--effect-grayscale:hover img{filter:grayscale(100%)}.wp-block-uagb-image--effect-blur img{filter:blur(0);transition:.35s ease-in-out}.wp-block-uagb-image--effect-blur:hover img{filter:blur(3px)}.uagb-block-e6f939b3.wp-block-uagb-image--layout-default figure img{box-shadow: 0px 0px 0 #00000070;}.uagb-block-e6f939b3.wp-block-uagb-image .wp-block-uagb-image__figure figcaption{font-style: normal;align-self: center;}.uagb-block-e6f939b3.wp-block-uagb-image--layout-overlay figure img{box-shadow: 0px 0px 0 #00000070;}.uagb-block-e6f939b3.wp-block-uagb-image--layout-overlay .wp-block-uagb-image--layout-overlay__color-wrapper{opacity: 0.2;}.uagb-block-e6f939b3.wp-block-uagb-image--layout-overlay .wp-block-uagb-image--layout-overlay__inner{left: 15px;right: 15px;top: 15px;bottom: 15px;}.uagb-block-e6f939b3.wp-block-uagb-image--layout-overlay .wp-block-uagb-image--layout-overlay__inner .uagb-image-heading{font-style: normal;color: #fff;opacity: 1;}.uagb-block-e6f939b3.wp-block-uagb-image--layout-overlay .wp-block-uagb-image--layout-overlay__inner .uagb-image-heading a{color: #fff;}.uagb-block-e6f939b3.wp-block-uagb-image--layout-overlay .wp-block-uagb-image--layout-overlay__inner .uagb-image-caption{opacity: 0;}.uagb-block-e6f939b3.wp-block-uagb-image--layout-overlay .wp-block-uagb-image__figure:hover .wp-block-uagb-image--layout-overlay__color-wrapper{opacity: 1;}.uagb-block-e6f939b3.wp-block-uagb-image .wp-block-uagb-image--layout-overlay__inner .uagb-image-separator{width: 30%;border-top-width: 2px;border-top-color: #fff;opacity: 0;}.uagb-block-e6f939b3.wp-block-uagb-image .wp-block-uagb-image__figure img{width: px;height: auto;}.uagb-block-e6f939b3.wp-block-uagb-image .wp-block-uagb-image__figure:hover .wp-block-uagb-image--layout-overlay__inner .uagb-image-caption{opacity: 1;}.uagb-block-e6f939b3.wp-block-uagb-image .wp-block-uagb-image__figure:hover .wp-block-uagb-image--layout-overlay__inner .uagb-image-separator{opacity: 1;}.uagb-block-e6f939b3.wp-block-uagb-image--layout-default figure:hover img{box-shadow: 0px 0px 0 #00000070;}.uagb-block-e6f939b3.wp-block-uagb-image--layout-overlay figure:hover img{box-shadow: 0px 0px 0 #00000070;}@media only screen and (max-width: 976px) {.uagb-block-e6f939b3.wp-block-uagb-image .wp-block-uagb-image__figure img{width: px;height: auto;}}@media only screen and (max-width: 767px) {.uagb-block-e6f939b3.wp-block-uagb-image .wp-block-uagb-image__figure img{width: px;height: auto;}}\";s:2:\"js\";s:0:\"\";s:18:\"current_block_list\";a:13:{i:0;s:11:\"core\/search\";i:1;s:10:\"core\/group\";i:2;s:12:\"core\/heading\";i:3;s:17:\"core\/latest-posts\";i:4;s:20:\"core\/latest-comments\";i:5;s:13:\"core\/archives\";i:6;s:15:\"core\/categories\";i:7;s:14:\"core\/paragraph\";i:8;s:10:\"uagb\/image\";i:9;s:11:\"core\/spacer\";i:10;s:30:\"woocommerce\/product-categories\";i:11;s:10:\"core\/image\";i:12;s:14:\"core\/shortcode\";}s:8:\"uag_flag\";b:1;s:11:\"uag_version\";s:10:\"1777339911\";s:6:\"gfonts\";a:0:{}s:10:\"gfonts_url\";s:0:\"\";s:12:\"gfonts_files\";a:0:{}s:14:\"uag_faq_layout\";b:0;}"]},"uagb_featured_image_src":{"full":["https:\/\/www.ferberpainting.com\/wp-content\/uploads\/2025\/05\/Wood_Hardener_5L.jpg",2560,2560,false],"thumbnail":["https:\/\/www.ferberpainting.com\/wp-content\/uploads\/2025\/05\/Wood_Hardener_5L-150x150.jpg",150,150,true],"medium":["https:\/\/www.ferberpainting.com\/wp-content\/uploads\/2025\/05\/Wood_Hardener_5L-300x300.jpg",300,300,true],"medium_large":["https:\/\/www.ferberpainting.com\/wp-content\/uploads\/2025\/05\/Wood_Hardener_5L-768x768.jpg",768,768,true],"large":["https:\/\/www.ferberpainting.com\/wp-content\/uploads\/2025\/05\/Wood_Hardener_5L-1024x1024.jpg",1024,1024,true],"1536x1536":["https:\/\/www.ferberpainting.com\/wp-content\/uploads\/2025\/05\/Wood_Hardener_5L-1536x1536.jpg",1536,1536,true],"2048x2048":["https:\/\/www.ferberpainting.com\/wp-content\/uploads\/2025\/05\/Wood_Hardener_5L-2048x2048.jpg",2048,2048,true],"trp-custom-language-flag":["https:\/\/www.ferberpainting.com\/wp-content\/uploads\/2025\/05\/Wood_Hardener_5L-12x12.jpg",12,12,true],"woocommerce_thumbnail":["https:\/\/www.ferberpainting.com\/wp-content\/uploads\/2025\/05\/Wood_Hardener_5L-300x300.jpg",300,300,true],"woocommerce_single":["https:\/\/www.ferberpainting.com\/wp-content\/uploads\/2025\/05\/Wood_Hardener_5L-600x600.jpg",600,600,true],"woocommerce_gallery_thumbnail":["https:\/\/www.ferberpainting.com\/wp-content\/uploads\/2025\/05\/Wood_Hardener_5L-100x100.jpg",100,100,true]},"uagb_author_info":{"display_name":"admin","author_link":"https:\/\/www.ferberpainting.com\/cz\/author\/"},"uagb_comment_info":37,"uagb_excerpt":"Reinforce and strengthen damaged or weakened wood from the inside. Our wood hardener is specially formulated to penetrate deeply into soft, decayed, or weathered wood fibers and restore structural strength. Instead of replacing entire wooden elements, this advanced consolidating solution stabilizes deteriorated areas by hardening the internal structure. It binds loose fibers together and transforms&hellip;","_links":{"self":[{"href":"https:\/\/www.ferberpainting.com\/cz\/wp-json\/wp\/v2\/product\/25665","targetHints":{"allow":["GET"]}}],"collection":[{"href":"https:\/\/www.ferberpainting.com\/cz\/wp-json\/wp\/v2\/product"}],"about":[{"href":"https:\/\/www.ferberpainting.com\/cz\/wp-json\/wp\/v2\/types\/product"}],"replies":[{"embeddable":true,"href":"https:\/\/www.ferberpainting.com\/cz\/wp-json\/wp\/v2\/comments?post=25665"}],"version-history":[{"count":4,"href":"https:\/\/www.ferberpainting.com\/cz\/wp-json\/wp\/v2\/product\/25665\/revisions"}],"predecessor-version":[{"id":169156,"href":"https:\/\/www.ferberpainting.com\/cz\/wp-json\/wp\/v2\/product\/25665\/revisions\/169156"}],"wp:featuredmedia":[{"embeddable":true,"href":"https:\/\/www.ferberpainting.com\/cz\/wp-json\/wp\/v2\/media\/27465"}],"wp:attachment":[{"href":"https:\/\/www.ferberpainting.com\/cz\/wp-json\/wp\/v2\/media?parent=25665"}],"wp:term":[{"taxonomy":"product_brand","embeddable":true,"href":"https:\/\/www.ferberpainting.com\/cz\/wp-json\/wp\/v2\/product_brand?post=25665"},{"taxonomy":"product_cat","embeddable":true,"href":"https:\/\/www.ferberpainting.com\/cz\/wp-json\/wp\/v2\/product_cat?post=25665"},{"taxonomy":"product_tag","embeddable":true,"href":"https:\/\/www.ferberpainting.com\/cz\/wp-json\/wp\/v2\/product_tag?post=25665"}],"curies":[{"name":"wp","href":"https:\/\/api.w.org\/{rel}","templated":true}]}}