{"id":25652,"date":"2025-05-26T10:33:09","date_gmt":"2025-05-26T08:33:09","guid":{"rendered":"https:\/\/www.ferberpainting.com\/products\/weed-killer\/"},"modified":"2026-02-18T09:08:46","modified_gmt":"2026-02-18T08:08:46","slug":"weed-killer","status":"publish","type":"product","link":"https:\/\/www.ferberpainting.com\/cz\/products\/weed-killer\/","title":{"rendered":"P\u0159\u00edpravek na ni\u010den\u00ed plevele"},"content":{"rendered":"<p><strong><img decoding=\"async\" style=\"margin-right: 12px;\" src=\"https:\/\/www.ferberpainting.com\/wp-content\/uploads\/2026\/02\/Check.svg\" alt=\"\" width=\"18\" height=\"15\" \/>Siln\u00fd syst\u00e9mov\u00fd \u00fa\u010dinek, kter\u00fd likviduje plevel a\u017e ke ko\u0159en\u016fm.<\/strong> N\u00e1\u0161 p\u0159\u00edpravek na huben\u00ed plevele obsahuje 360 g\/l glyfos\u00e1tu, vysoce \u00fa\u010dinn\u00e9 syst\u00e9mov\u00e9 \u00fa\u010dinn\u00e9 l\u00e1tky, kter\u00e1 pronik\u00e1 skrz listy a pronik\u00e1 do cel\u00e9 struktury rostliny. Na rozd\u00edl od kontaktn\u00edch herbicid\u016f, kter\u00e9 spaluj\u00ed pouze povrch, tento p\u0159\u00edpravek napad\u00e1 plevele uvnit\u0159 a ni\u010d\u00ed jak viditeln\u00fd r\u016fst, tak podzemn\u00ed ko\u0159eny. T\u00edm je zaji\u0161t\u011bna \u00fapln\u00e1 likvidace a v\u00fdrazn\u011b se omezuje op\u011btovn\u00fd r\u016fst, co\u017e je ide\u00e1ln\u00ed pro dlouhodob\u00e9 huben\u00ed plevele na zahrad\u00e1ch, p\u0159\u00edjezdov\u00fdch cest\u00e1ch, chodn\u00edc\u00edch a zem\u011bd\u011blsk\u00fdch ploch\u00e1ch.<\/p>\n<p><strong><img decoding=\"async\" style=\"margin-right: 12px;\" src=\"https:\/\/www.ferberpainting.com\/wp-content\/uploads\/2026\/02\/Check.svg\" alt=\"\" width=\"18\" height=\"15\" \/>Nab\u00edz\u00edme z\u00e1ruku vr\u00e1cen\u00ed pen\u011bz pro \u00faplnou spokojenost z\u00e1kazn\u00edk\u016f.<\/strong> Za \u00fa\u010dinnost\u00ed na\u0161eho p\u0159\u00edpravku na huben\u00ed plevele si pevn\u011b stoj\u00edme. Pokud nebudete s v\u00fdsledky pln\u011b spokojeni, vr\u00e1t\u00edme v\u00e1m pen\u00edze za n\u00e1kup. Tato z\u00e1ruka vr\u00e1cen\u00ed pen\u011bz v\u00e1m umo\u017en\u00ed pou\u017e\u00edvat v\u00fdrobek s plnou d\u016fv\u011brou, proto\u017ee v\u00edte, \u017ee va\u0161e investice je chr\u00e1n\u011bna a va\u0161e spokojenost je pro n\u00e1s prioritou.<\/p>\n<p><strong><img decoding=\"async\" style=\"margin-right: 12px;\" src=\"https:\/\/www.ferberpainting.com\/wp-content\/uploads\/2026\/02\/Check.svg\" alt=\"\" width=\"18\" height=\"15\" \/>Nej\u00fa\u010dinn\u011bj\u0161\u00ed \u0159e\u0161en\u00ed pro huben\u00ed plevele na trhu.<\/strong> D\u00edky vysok\u00e9 koncentraci glyfos\u00e1tu 360 g\/l poskytuje n\u00e1\u0161 p\u0159\u00edpravek vynikaj\u00edc\u00ed \u00fa\u010dinnost proti jednolet\u00fdm a vytrval\u00fdm plevel\u016fm. \u00da\u010dinn\u011b potla\u010duje tr\u00e1vy, \u0161irokolist\u00e9 plevele a invazn\u00ed druhy t\u00edm, \u017ee naru\u0161uje z\u00e1kladn\u00ed r\u016fstov\u00e9 procesy v rostlin\u011b. Jeho syst\u00e9mov\u00fd \u00fa\u010dinek zaji\u0161\u0165uje hloubkovou a d\u016fkladnou likvidaci, co\u017e z n\u011bj \u010din\u00ed jedno z nejspolehliv\u011bj\u0161\u00edch a nejsiln\u011bj\u0161\u00edch dostupn\u00fdch \u0159e\u0161en\u00ed pro huben\u00ed plevel\u016f.<\/p>\n<p><strong><img decoding=\"async\" style=\"margin-right: 12px;\" src=\"https:\/\/www.ferberpainting.com\/wp-content\/uploads\/2026\/02\/Check.svg\" alt=\"\" width=\"18\" height=\"15\" \/>Nejlevn\u011bj\u0161\u00ed dostupn\u00fd profesion\u00e1ln\u00ed p\u0159\u00edpravek na huben\u00ed plevele.<\/strong> Vysoce \u00fa\u010dinn\u00e1 ochrana proti plevel\u016fm by m\u011bla z\u016fstat cenov\u011b dostupn\u00e1. Nab\u00edz\u00edme nejkonkurenceschopn\u011bj\u0161\u00ed ceny bez kompromis\u016f v oblasti koncentrace nebo kvality. Optimalizac\u00ed v\u00fdroby a logistiky poskytujeme profesion\u00e1ln\u00ed glyfos\u00e1tov\u00e9 \u0159e\u0161en\u00ed za nejni\u017e\u0161\u00ed cenu ve srovn\u00e1n\u00ed s podobn\u00fdmi produkty, co\u017e p\u0159in\u00e1\u0161\u00ed v\u00fdjime\u010dnou hodnotu jak pro majitele dom\u016f, tak pro profesion\u00e1ln\u00ed krajin\u00e1\u0159e.<\/p>\n<p><strong><img decoding=\"async\" style=\"margin-right: 12px;\" src=\"https:\/\/www.ferberpainting.com\/wp-content\/uploads\/2026\/02\/Check.svg\" alt=\"\" width=\"18\" height=\"15\" \/>Zaru\u010den\u00e9 doru\u010den\u00ed do 24 hodin pro rychlou akci.<\/strong> Kdy\u017e se plevel za\u010dne \u0161\u00ed\u0159it, je nezbytn\u00e9 okam\u017eit\u011b zas\u00e1hnout. Proto poskytujeme spolehliv\u00e9 24hodinov\u00e9 doru\u010den\u00ed, kter\u00e9 zajist\u00ed, \u017ee v\u00e1\u0161 p\u0159\u00edpravek na huben\u00ed plevele doraz\u00ed rychle a bude p\u0159ipraven k aplikaci bez prodlen\u00ed. Rychl\u00e9 dod\u00e1n\u00ed v\u00e1m umo\u017en\u00ed efektivn\u011b z\u00edskat zp\u011bt kontrolu nad va\u0161imi venkovn\u00edmi prostory.<\/p>\n<p><strong><img decoding=\"async\" style=\"margin-right: 12px;\" src=\"https:\/\/www.ferberpainting.com\/wp-content\/uploads\/2026\/02\/Check.svg\" alt=\"\" width=\"18\" height=\"15\" \/>Vysoce koncentrovan\u00e9 slo\u017een\u00ed pro \u00fasporn\u00e9 pou\u017eit\u00ed.<\/strong> Doporu\u010den\u00e9 \u0159ed\u011bn\u00ed je 50 ml p\u0159\u00edpravku na litr vody, co\u017e umo\u017e\u0148uje p\u0159esnou p\u0159\u00edpravu podle velikosti o\u0161et\u0159ovan\u00e9 plochy. Tato koncentrace zaji\u0161\u0165uje \u00fa\u010dinnou likvidaci plevel\u016f a z\u00e1rove\u0148 maximalizuje po\u010det aplikac\u00ed z jednoho balen\u00ed.<\/p>\n<p><strong><img decoding=\"async\" style=\"margin-right: 12px;\" src=\"https:\/\/www.ferberpainting.com\/wp-content\/uploads\/2026\/02\/Check.svg\" alt=\"\" width=\"18\" height=\"15\" \/>Viditeln\u00e9 v\u00fdsledky b\u011bhem n\u011bkolika dn\u00ed.<\/strong> Po aplikaci za\u010dnou o\u0161et\u0159en\u00e9 plevele b\u011bhem n\u011bkolika dn\u016f vykazovat zn\u00e1mky \u017eloutnut\u00ed a vadnut\u00ed. K \u00fapln\u00e9mu odum\u0159en\u00ed rostlin obvykle doch\u00e1z\u00ed b\u011bhem jednoho a\u017e dvou t\u00fddn\u016f v z\u00e1vislosti na pov\u011btrnostn\u00edch podm\u00ednk\u00e1ch a typu plevele. Rychl\u00fd syst\u00e9mov\u00fd \u00fa\u010dinek zaji\u0161\u0165uje efektivn\u00ed a znateln\u00e9 v\u00fdsledky.<\/p>\n<p><strong><img decoding=\"async\" style=\"margin-right: 12px;\" src=\"https:\/\/www.ferberpainting.com\/wp-content\/uploads\/2026\/02\/Check.svg\" alt=\"\" width=\"18\" height=\"15\" \/>Vhodn\u00e9 pro \u0161irokou \u0161k\u00e1lu venkovn\u00edch prostor.<\/strong> Tento p\u0159\u00edpravek na huben\u00ed plevele lze pou\u017e\u00edt na p\u0159\u00edjezdov\u00fdch cest\u00e1ch, chodn\u00edc\u00edch, teras\u00e1ch, \u0161t\u011brkov\u00fdch ploch\u00e1ch, plotov\u00fdch lini\u00edch, zahradn\u00edch z\u00e1honech p\u0159ed v\u00fdsadbou a na dal\u0161\u00edch ploch\u00e1ch, kter\u00e9 nejsou ur\u010deny k p\u011bstov\u00e1n\u00ed. P\u0159i aplikaci v souladu s p\u0159edpisy poskytuje spolehlivou kontrolu v obytn\u00fdch, komer\u010dn\u00edch a zem\u011bd\u011blsk\u00fdch oblastech.<\/p>\n<p><strong><img decoding=\"async\" style=\"margin-right: 12px;\" src=\"https:\/\/www.ferberpainting.com\/wp-content\/uploads\/2026\/02\/Check.svg\" alt=\"\" width=\"18\" height=\"15\" \/>V\u00fdkonnost Rainfast po absorpci.<\/strong> Po vst\u0159eb\u00e1n\u00ed do list\u016f rostlin se p\u0159\u00edpravek b\u011bhem n\u011bkolika hodin st\u00e1v\u00e1 odoln\u00fdm v\u016f\u010di de\u0161\u0165ov\u00fdm sr\u00e1\u017ek\u00e1m. To zaji\u0161\u0165uje \u00fa\u010dinn\u00fd \u00fa\u010dinek i za prom\u011bnliv\u00fdch pov\u011btrnostn\u00edch podm\u00ednek, pokud po aplikaci uplyne dostate\u010dn\u00e1 doba na zaschnut\u00ed.<\/p>\n<p><strong><img decoding=\"async\" style=\"margin-right: 12px;\" src=\"https:\/\/www.ferberpainting.com\/wp-content\/uploads\/2026\/02\/Check.svg\" alt=\"\" width=\"18\" height=\"15\" \/>Snadn\u00e9 m\u00edch\u00e1n\u00ed a aplikace post\u0159ikem.<\/strong> Kapaln\u00fd koncentr\u00e1t lze snadno na\u0159edit a aplikovat pomoc\u00ed b\u011b\u017en\u00e9ho zahradn\u00edho post\u0159ikova\u010de. Jasn\u00e9 pokyny pro d\u00e1vkov\u00e1n\u00ed umo\u017e\u0148uj\u00ed p\u0159esn\u00e9 nam\u00edch\u00e1n\u00ed, co\u017e zaji\u0161\u0165uje konzistentn\u00ed a \u00fa\u010dinnou kontrolu plevele bez slo\u017eit\u00fdch p\u0159\u00edpravn\u00fdch krok\u016f.<\/p>\n<h2><strong>Pokyny<\/strong><\/h2>\n<ul>\n<li>P\u0159ed manipulac\u00ed s produktem nebo jeho aplikac\u00ed pou\u017e\u00edvejte vhodn\u00fd ochrann\u00fd od\u011bv, rukavice a ochranu o\u010d\u00ed.<\/li>\n<li>P\u0159ipravte post\u0159ikov\u00fd roztok z\u0159ed\u011bn\u00edm 50 ml p\u0159\u00edpravku na huben\u00ed plevele na 1 litr \u010dist\u00e9 vody.<\/li>\n<li>D\u016fkladn\u011b prom\u00edchejte v zahradn\u00edm post\u0159ikova\u010di, abyste zajistili rovnom\u011brn\u00e9 rozlo\u017een\u00ed \u00fa\u010dinn\u00e9 l\u00e1tky.<\/li>\n<li>Roztok aplikujte rovnom\u011brn\u011b na listy aktivn\u011b rostouc\u00edch plevel\u016f a dbejte na d\u016fkladn\u00e9 sm\u00e1\u010den\u00ed bez nadm\u011brn\u00e9ho st\u00e9k\u00e1n\u00ed.<\/li>\n<li>Nepou\u017e\u00edvejte na \u017e\u00e1douc\u00ed rostliny, tr\u00e1vn\u00edky nebo plodiny, pokud to nen\u00ed v\u00fdslovn\u011b ur\u010deno, proto\u017ee p\u0159\u00edpravek nen\u00ed selektivn\u00ed a po\u0161kozuje v\u011bt\u0161inu vegetace.<\/li>\n<li>Aplikujte za such\u00e9ho po\u010das\u00ed s mal\u00fdm nebo bezv\u011btrn\u00fdm po\u010das\u00edm, abyste zabr\u00e1nili \u00faletu na okoln\u00ed rostliny.<\/li>\n<li>Vyhn\u011bte se aplikaci, pokud se b\u011bhem n\u011bkolika hodin o\u010dek\u00e1v\u00e1 d\u00e9\u0161\u0165, aby se p\u0159\u00edpravek dostate\u010dn\u011b vst\u0159ebal do list\u016f.<\/li>\n<li>O\u0161et\u0159en\u00e9 plevele nesekejte ani neru\u0161te alespo\u0148 7 dn\u00ed po aplikaci, aby se syst\u00e9mov\u00fd \u00fa\u010dinek dostal ke ko\u0159en\u016fm.<\/li>\n<li>Viditeln\u00e9 v\u00fdsledky se obvykle objev\u00ed do 3 a\u017e 7 dn\u016f a k \u00fapln\u00e9mu odum\u0159en\u00ed dojde do 7 a\u017e 14 dn\u016f v z\u00e1vislosti na podm\u00ednk\u00e1ch.<\/li>\n<li>U odoln\u00fdch vytrval\u00fdch plevel\u016f m\u016f\u017ee b\u00fdt po objeven\u00ed se nov\u00e9ho porostu nutn\u00e1 druh\u00e1 aplikace.<\/li>\n<li>Po pou\u017eit\u00ed post\u0159ikovac\u00ed za\u0159\u00edzen\u00ed d\u016fkladn\u011b vy\u010dist\u011bte vodou.<\/li>\n<li>V\u00fdrobek skladujte v p\u016fvodn\u00edm obalu, t\u011bsn\u011b uzav\u0159en\u00fd, na chladn\u00e9m a such\u00e9m m\u00edst\u011b mimo dosah p\u0159\u00edm\u00e9ho slune\u010dn\u00edho z\u00e1\u0159en\u00ed.<\/li>\n<li>Uchov\u00e1vejte mimo dosah d\u011bt\u00ed a dom\u00e1c\u00edch zv\u00ed\u0159at a v\u017edy dodr\u017eujte m\u00edstn\u00ed p\u0159edpisy t\u00fdkaj\u00edc\u00ed se pou\u017e\u00edv\u00e1n\u00ed a likvidace glyfos\u00e1tu.<\/li>\n<\/ul>","protected":false},"excerpt":{"rendered":"<p>Powerful systemic action that eliminates weeds down to the root. Our weed killer contains 360 g\/L of glyphosate, a highly effective systemic active ingredient that penetrates through the leaves and travels throughout the entire plant structure. Unlike contact herbicides that only burn the surface, this formula attacks weeds internally, destroying both visible growth and underground [&hellip;]<\/p>\n","protected":false},"featured_media":27456,"comment_status":"open","ping_status":"closed","template":"","meta":{"_uag_custom_page_level_css":"","site-sidebar-layout":"default","site-content-layout":"","ast-site-content-layout":"default","site-content-style":"default","site-sidebar-style":"default","ast-global-header-display":"","ast-banner-title-visibility":"","ast-main-header-display":"","ast-hfb-above-header-display":"","ast-hfb-below-header-display":"","ast-hfb-mobile-header-display":"","site-post-title":"","ast-breadcrumbs-content":"","ast-featured-img":"","footer-sml-layout":"","ast-disable-related-posts":"","theme-transparent-header-meta":"default","adv-header-id-meta":"","stick-header-meta":"","header-above-stick-meta":"","header-main-stick-meta":"","header-below-stick-meta":"","astra-migrate-meta-layouts":"set","ast-page-background-enabled":"default","ast-page-background-meta":{"desktop":{"background-color":"var(--ast-global-color-4)","background-image":"","background-repeat":"repeat","background-position":"center center","background-size":"auto","background-attachment":"scroll","background-type":"","background-media":"","overlay-type":"","overlay-color":"","overlay-opacity":"","overlay-gradient":""},"tablet":{"background-color":"","background-image":"","background-repeat":"repeat","background-position":"center center","background-size":"auto","background-attachment":"scroll","background-type":"","background-media":"","overlay-type":"","overlay-color":"","overlay-opacity":"","overlay-gradient":""},"mobile":{"background-color":"","background-image":"","background-repeat":"repeat","background-position":"center center","background-size":"auto","background-attachment":"scroll","background-type":"","background-media":"","overlay-type":"","overlay-color":"","overlay-opacity":"","overlay-gradient":""}},"ast-content-background-meta":{"desktop":{"background-color":"var(--ast-global-color-5)","background-image":"","background-repeat":"repeat","background-position":"center center","background-size":"auto","background-attachment":"scroll","background-type":"","background-media":"","overlay-type":"","overlay-color":"","overlay-opacity":"","overlay-gradient":""},"tablet":{"background-color":"var(--ast-global-color-5)","background-image":"","background-repeat":"repeat","background-position":"center center","background-size":"auto","background-attachment":"scroll","background-type":"","background-media":"","overlay-type":"","overlay-color":"","overlay-opacity":"","overlay-gradient":""},"mobile":{"background-color":"var(--ast-global-color-5)","background-image":"","background-repeat":"repeat","background-position":"center center","background-size":"auto","background-attachment":"scroll","background-type":"","background-media":"","overlay-type":"","overlay-color":"","overlay-opacity":"","overlay-gradient":""}}},"product_brand":[],"product_cat":[175],"product_tag":[],"class_list":{"0":"post-25652","1":"product","2":"type-product","3":"status-publish","4":"has-post-thumbnail","6":"product_cat-cleaning-products","7":"desktop-align-left","8":"tablet-align-left","9":"mobile-align-left","11":"first","12":"instock","13":"sale","14":"shipping-taxable","15":"purchasable","16":"product-type-variable","17":"has-default-attributes"},"spectra_custom_meta":{"_visibility":["visible"],"_shopify_product_id":["7950217609461"],"_s2w_shopify_domain":["ferberpainting.myshopify.com"],"_shopify_variant_id":["43501943521525"],"_sku":[""],"_manage_stock":["no"],"total_sales":["2939"],"_tax_status":["taxable"],"_tax_class":[""],"_backorders":["no"],"_sold_individually":["no"],"_virtual":["no"],"_downloadable":["no"],"_download_limit":["-1"],"_download_expiry":["-1"],"_stock":[null],"_stock_status":["instock"],"_wc_average_rating":["4.73"],"_wc_review_count":["94"],"_product_attributes":["a:1:{s:6:\"volume\";a:6:{s:4:\"name\";s:6:\"Volume\";s:5:\"value\";s:20:\"5 liters | 25 liters\";s:8:\"position\";i:1;s:10:\"is_visible\";i:0;s:12:\"is_variation\";i:1;s:11:\"is_taxonomy\";i:0;}}"],"_product_version":["10.5.2"],"_thumbnail_id":["27456"],"_product_image_gallery":["27457"],"merchant-center-availability":["yes"],"merchant-center-category":["3103"],"merchant-center-id":["WK"],"wpse_downloadable_file_names":[""],"wpse_downloadable_file_urls":[""],"_edit_last":["1"],"_default_attributes":["a:1:{s:6:\"volume\";s:8:\"5 liters\";}"],"_wc_rating_count":["a:3:{i:3;i:7;i:4;i:11;i:5;i:76;}"],"_edit_lock":["1773466984:7131"],"_wp_page_template":["default"],"site-sidebar-layout":["default"],"ast-site-content-layout":["default"],"site-content-style":["default"],"site-sidebar-style":["default"],"theme-transparent-header-meta":["default"],"_upsell_ids":["a:3:{i:0;i:23505;i:1;i:25276;i:2;i:25600;}"],"_crosssell_ids":["a:3:{i:0;i:23505;i:1;i:25276;i:2;i:25600;}"],"_price":["29.90","129.90"],"astra-migrate-meta-layouts":["set"],"_uag_css_file_name":["uag-css-25652.css"],"_elementor_page_assets":["a:0:{}"]},"uagb_featured_image_src":{"full":["https:\/\/www.ferberpainting.com\/wp-content\/uploads\/2025\/05\/Desherbant_5L.jpg",2560,2560,false],"thumbnail":["https:\/\/www.ferberpainting.com\/wp-content\/uploads\/2025\/05\/Desherbant_5L-150x150.jpg",150,150,true],"medium":["https:\/\/www.ferberpainting.com\/wp-content\/uploads\/2025\/05\/Desherbant_5L-300x300.jpg",300,300,true],"medium_large":["https:\/\/www.ferberpainting.com\/wp-content\/uploads\/2025\/05\/Desherbant_5L-768x768.jpg",768,768,true],"large":["https:\/\/www.ferberpainting.com\/wp-content\/uploads\/2025\/05\/Desherbant_5L-1024x1024.jpg",1024,1024,true],"1536x1536":["https:\/\/www.ferberpainting.com\/wp-content\/uploads\/2025\/05\/Desherbant_5L-1536x1536.jpg",1536,1536,true],"2048x2048":["https:\/\/www.ferberpainting.com\/wp-content\/uploads\/2025\/05\/Desherbant_5L-2048x2048.jpg",2048,2048,true],"trp-custom-language-flag":["https:\/\/www.ferberpainting.com\/wp-content\/uploads\/2025\/05\/Desherbant_5L-12x12.jpg",12,12,true],"woocommerce_thumbnail":["https:\/\/www.ferberpainting.com\/wp-content\/uploads\/2025\/05\/Desherbant_5L-300x300.jpg",300,300,true],"woocommerce_single":["https:\/\/www.ferberpainting.com\/wp-content\/uploads\/2025\/05\/Desherbant_5L-600x600.jpg",600,600,true],"woocommerce_gallery_thumbnail":["https:\/\/www.ferberpainting.com\/wp-content\/uploads\/2025\/05\/Desherbant_5L-100x100.jpg",100,100,true]},"uagb_author_info":{"display_name":"admin","author_link":"https:\/\/www.ferberpainting.com\/cz\/author\/"},"uagb_comment_info":94,"uagb_excerpt":"Powerful systemic action that eliminates weeds down to the root. Our weed killer contains 360 g\/L of glyphosate, a highly effective systemic active ingredient that penetrates through the leaves and travels throughout the entire plant structure. Unlike contact herbicides that only burn the surface, this formula attacks weeds internally, destroying both visible growth and underground&hellip;","_links":{"self":[{"href":"https:\/\/www.ferberpainting.com\/cz\/wp-json\/wp\/v2\/product\/25652","targetHints":{"allow":["GET"]}}],"collection":[{"href":"https:\/\/www.ferberpainting.com\/cz\/wp-json\/wp\/v2\/product"}],"about":[{"href":"https:\/\/www.ferberpainting.com\/cz\/wp-json\/wp\/v2\/types\/product"}],"replies":[{"embeddable":true,"href":"https:\/\/www.ferberpainting.com\/cz\/wp-json\/wp\/v2\/comments?post=25652"}],"version-history":[{"count":4,"href":"https:\/\/www.ferberpainting.com\/cz\/wp-json\/wp\/v2\/product\/25652\/revisions"}],"predecessor-version":[{"id":169102,"href":"https:\/\/www.ferberpainting.com\/cz\/wp-json\/wp\/v2\/product\/25652\/revisions\/169102"}],"wp:featuredmedia":[{"embeddable":true,"href":"https:\/\/www.ferberpainting.com\/cz\/wp-json\/wp\/v2\/media\/27456"}],"wp:attachment":[{"href":"https:\/\/www.ferberpainting.com\/cz\/wp-json\/wp\/v2\/media?parent=25652"}],"wp:term":[{"taxonomy":"product_brand","embeddable":true,"href":"https:\/\/www.ferberpainting.com\/cz\/wp-json\/wp\/v2\/product_brand?post=25652"},{"taxonomy":"product_cat","embeddable":true,"href":"https:\/\/www.ferberpainting.com\/cz\/wp-json\/wp\/v2\/product_cat?post=25652"},{"taxonomy":"product_tag","embeddable":true,"href":"https:\/\/www.ferberpainting.com\/cz\/wp-json\/wp\/v2\/product_tag?post=25652"}],"curies":[{"name":"wp","href":"https:\/\/api.w.org\/{rel}","templated":true}]}}