{"id":25643,"date":"2025-06-30T17:27:55","date_gmt":"2025-06-30T15:27:55","guid":{"rendered":"https:\/\/www.ferberpainting.com\/?post_type=product&#038;p=25643"},"modified":"2026-02-17T21:04:20","modified_gmt":"2026-02-17T20:04:20","slug":"water-softener-resin-cleaner","status":"publish","type":"product","link":"https:\/\/www.ferberpainting.com\/cz\/products\/water-softener-resin-cleaner\/","title":{"rendered":"\u010cisti\u010d prysky\u0159ice zm\u011bk\u010dova\u010de vody"},"content":{"rendered":"<p><strong><img decoding=\"async\" style=\"margin-right: 12px;\" src=\"https:\/\/www.ferberpainting.com\/wp-content\/uploads\/2026\/02\/Check.svg\" alt=\"\" width=\"18\" height=\"15\" \/>Optim\u00e1ln\u00ed \u00fa\u010dinnost.<\/strong>\u00a0Tento \u010disti\u010d prysky\u0159ice pro zm\u011bk\u010dova\u010de vody d\u00edky sv\u00e9mu speci\u00e1ln\u00edmu slo\u017een\u00ed \u00fa\u010dinn\u011b odstra\u0148uje miner\u00e1ln\u00ed usazeniny, zbytky \u017eeleza, vodn\u00ed k\u00e1men a ne\u010distoty, kter\u00e9 se usazuj\u00ed v prysky\u0159ici va\u0161eho syst\u00e9mu. Zaji\u0161\u0165uje optim\u00e1ln\u00ed v\u00fdkon obnoven\u00edm iontom\u011bni\u010dov\u00e9 kapacity prysky\u0159ice, \u010d\u00edm\u017e zaru\u010duje vysoce kvalitn\u00ed zm\u011bk\u010denou vodu a dokonale funguj\u00edc\u00ed zm\u011bk\u010dova\u010d.<\/p>\n<p><strong><img decoding=\"async\" style=\"margin-right: 12px;\" src=\"https:\/\/www.ferberpainting.com\/wp-content\/uploads\/2026\/02\/Check.svg\" alt=\"\" width=\"18\" height=\"15\" \/>Z\u00e1ruka vr\u00e1cen\u00ed pen\u011bz.<\/strong>\u00a0Jsme p\u0159esv\u011bd\u010deni o \u00fa\u010dinnosti na\u0161eho \u010distic\u00edho prost\u0159edku a jeho schopnosti prodlou\u017eit \u017eivotnost va\u0161eho zm\u011bk\u010dova\u010de vody. Pokud po pou\u017eit\u00ed nebudete s v\u00fdsledky pln\u011b spokojeni, m\u00e1te n\u00e1rok na vr\u00e1cen\u00ed pen\u011bz v pln\u00e9 v\u00fd\u0161i. Vyzkou\u0161ejte n\u00e1\u0161 v\u00fdrobek s naprostou d\u016fv\u011brou a bez rizika.<\/p>\n<p><strong><img decoding=\"async\" style=\"margin-right: 12px;\" src=\"https:\/\/www.ferberpainting.com\/wp-content\/uploads\/2026\/02\/Check.svg\" alt=\"\" width=\"18\" height=\"15\" \/>V\u00fdjime\u010dn\u00e1 v\u0161estrannost.<\/strong>\u00a0Tento \u010distic\u00ed prost\u0159edek se neomezuje pouze na dom\u00e1c\u00ed zm\u011bk\u010dova\u010de! Je kompatibiln\u00ed s celou \u0159adou syst\u00e9m\u016f \u00fapravy vody, v\u010detn\u011b pr\u016fmyslov\u00fdch zm\u011bk\u010dova\u010d\u016f, filtra\u010dn\u00edch stanic a zem\u011bd\u011blsk\u00fdch nebo pr\u016fmyslov\u00fdch \u00fapraven vody. Funguje na v\u0161echny typy iontom\u011bni\u010dov\u00fdch prysky\u0159ic, a\u0165 u\u017e jde o sulfonovan\u00e9 polystyrenov\u00e9 kuli\u010dky nebo jin\u00e9 syntetick\u00e9 materi\u00e1ly.<\/p>\n<p><strong><img decoding=\"async\" style=\"margin-right: 12px;\" src=\"https:\/\/www.ferberpainting.com\/wp-content\/uploads\/2026\/02\/Check.svg\" alt=\"\" width=\"18\" height=\"15\" \/>\u00dasporn\u00fd v\u00fdkon.<\/strong>\u00a0Tento \u010disti\u010d s 5litrov\u00fdm kanystrem a koncentrovan\u00fdm slo\u017een\u00edm nab\u00edz\u00ed v\u00fdjime\u010dnou \u00fa\u010dinnost. Jedin\u00e9 o\u0161et\u0159en\u00ed zvl\u00e1dne n\u011bkolik regenera\u010dn\u00edch cykl\u016f a ka\u017ed\u00fd litr p\u0159\u00edpravku vy\u010dist\u00ed a\u017e 100 litr\u016f prysky\u0159ice. Jeho dlouhodob\u00e1 \u00fa\u010dinnost sni\u017euje \u010detnost \u00fadr\u017eby a spot\u0159ebu regenera\u010dn\u00edho prost\u0159edku, co\u017e p\u0159in\u00e1\u0161\u00ed dlouhodob\u00e9 \u00faspory.<\/p>\n<p><strong><img decoding=\"async\" style=\"margin-right: 12px;\" src=\"https:\/\/www.ferberpainting.com\/wp-content\/uploads\/2026\/02\/Check.svg\" alt=\"\" width=\"18\" height=\"15\" \/>Bezpe\u010dn\u00e9 pou\u017eit\u00ed.<\/strong>\u00a0Na rozd\u00edl od agresivn\u00edch \u010distic\u00edch prost\u0159edk\u016f je tento v\u00fdrobek navr\u017een tak, aby byl bezpe\u010dn\u00fd pro vnit\u0159n\u00ed sou\u010d\u00e1sti zm\u011bk\u010dova\u010de. Neobsahuje \u017e\u00edrav\u00e1 rozpou\u0161t\u011bdla ani l\u00e1tky \u0161kodliv\u00e9 pro \u017eivotn\u00ed prost\u0159ed\u00ed. P\u0159i pou\u017eit\u00ed podle n\u00e1vodu nep\u0159edstavuje \u017e\u00e1dn\u00e9 riziko pro potrub\u00ed, t\u011bsn\u011bn\u00ed ani n\u00e1dr\u017e na solanku va\u0161eho syst\u00e9mu.<\/p>\n<p><strong><img decoding=\"async\" style=\"margin-right: 12px;\" src=\"https:\/\/www.ferberpainting.com\/wp-content\/uploads\/2026\/02\/Check.svg\" alt=\"\" width=\"18\" height=\"15\" \/>Snadn\u00e9 pou\u017e\u00edv\u00e1n\u00ed.<\/strong>\u00a0Tento \u010distic\u00ed prost\u0159edek je p\u0159ipraven k pou\u017eit\u00ed a nevy\u017eaduje \u017e\u00e1dn\u00e9 \u0159ed\u011bn\u00ed ani slo\u017eitou manipulaci. Sta\u010d\u00ed jej nal\u00edt p\u0159\u00edmo do n\u00e1dr\u017ee na solanku nebo do okruhu regenerace prysky\u0159ice, aby mohl okam\u017eit\u011b p\u016fsobit. Jeho rychl\u00e9 a intuitivn\u00ed pou\u017eit\u00ed zaji\u0161\u0165uje \u00fa\u010dinnou \u00fadr\u017ebu bez n\u00e1mahy.<\/p>\n<p><strong><img decoding=\"async\" style=\"margin-right: 12px;\" src=\"https:\/\/www.ferberpainting.com\/wp-content\/uploads\/2026\/02\/Check.svg\" alt=\"\" width=\"18\" height=\"15\" \/>Dlouh\u00e1 \u017eivotnost.<\/strong>\u00a0Odstran\u011bn\u00edm ne\u010distot a optimalizac\u00ed iontov\u011b v\u00fdm\u011bnn\u00e9 kapacity prysky\u0159ice tento \u010disti\u010d v\u00fdrazn\u011b prodlu\u017euje \u017eivotnost va\u0161eho zm\u011bk\u010dova\u010de. Pravideln\u00e9 pou\u017e\u00edv\u00e1n\u00ed tohoto v\u00fdrobku zabra\u0148uje p\u0159ed\u010dasn\u00e9mu ucp\u00e1v\u00e1n\u00ed, sni\u017euje n\u00e1klady na opravy a zaji\u0161\u0165uje st\u00e1l\u00fd v\u00fdkon va\u0161eho syst\u00e9mu po mnoho let.<\/p>\n<p><strong><img decoding=\"async\" style=\"margin-right: 12px;\" src=\"https:\/\/www.ferberpainting.com\/wp-content\/uploads\/2026\/02\/Check.svg\" alt=\"\" width=\"18\" height=\"15\" \/>Rychl\u00e1 akce.<\/strong>\u00a0Jakmile vstoup\u00ed do regenera\u010dn\u00edho okruhu, za\u010dne tento \u010disti\u010d b\u011bhem n\u011bkolika minut rozpou\u0161t\u011bt miner\u00e1ln\u00ed usazeniny a ne\u010distoty. \u00da\u010dinn\u011b si porad\u00ed i s t\u011bmi nejodoln\u011bj\u0161\u00edmi zbytky a umo\u017e\u0148uje rychlou obnovu prysky\u0159ice bez nutnosti dlouh\u00fdch odst\u00e1vek. Ide\u00e1ln\u00ed pro expresn\u00ed \u00fadr\u017ebu p\u0159i zaji\u0161t\u011bn\u00ed optim\u00e1ln\u00edch v\u00fdsledk\u016f.<\/p>\n<h2><strong>Protokol o pou\u017eit\u00ed<\/strong><\/h2>\n<ul>\n<li><strong>P\u0159\u00edprava <\/strong>: Zkontrolujte, zda n\u00e1dr\u017e na solanku zm\u011bk\u010dova\u010de obsahuje dostate\u010dn\u00e9 mno\u017estv\u00ed vody, aby bylo mo\u017en\u00e9 p\u0159irozen\u00e9 \u0159ed\u011bn\u00ed \u010distic\u00edho prost\u0159edku.<\/li>\n<li><strong>D\u00e1vkov\u00e1n\u00ed <\/strong>: Nalijte 250 ml p\u0159\u00edpravku p\u0159\u00edmo do n\u00e1dr\u017ee na solanku nebo do regenera\u010dn\u00edho prostoru zm\u011bk\u010dova\u010de. U siln\u011b zne\u010di\u0161t\u011bn\u00e9ho zm\u011bk\u010dova\u010de lze pou\u017e\u00edt d\u00e1vku 500 ml.<\/li>\n<li><strong>Start-up <\/strong>: Ru\u010dn\u011b spus\u0165te regenera\u010dn\u00ed cyklus, aby \u010distic\u00ed prost\u0159edek mohl cirkulovat p\u0159es prysky\u0159ici a odstranit usazeniny.<\/li>\n<li><strong>Oplachov\u00e1n\u00ed <\/strong>: Na konci regenera\u010dn\u00edho cyklu se doporu\u010duje spustit dodate\u010dn\u00fd cyklus m\u00e1ch\u00e1n\u00ed, aby se spl\u00e1chly ve\u0161ker\u00e9 zbytky produktu.<\/li>\n<li><strong>Frekvence pou\u017e\u00edv\u00e1n\u00ed <\/strong>: Tento \u010distic\u00ed prost\u0159edek pou\u017e\u00edvejte jednou za 3 a\u017e 6 m\u011bs\u00edc\u016f v z\u00e1vislosti na tvrdosti vody a \u010detnosti pou\u017e\u00edv\u00e1n\u00ed zm\u011bk\u010dova\u010de.<\/li>\n<li><strong>\u00dalo\u017ei\u0161t\u011b <\/strong>: Pro zachov\u00e1n\u00ed \u00fa\u010dinnosti uchov\u00e1vejte kanystr t\u011bsn\u011b uzav\u0159en\u00fd na such\u00e9m m\u00edst\u011b s m\u00edrnou teplotou, mimo dosah sv\u011btla a extr\u00e9mn\u00edch teplot.<\/li>\n<\/ul>\n<p>S na\u0161\u00edm \u010disti\u010dem prysky\u0159ice pro zm\u011bk\u010dova\u010de vody m\u016f\u017eete optimalizovat v\u00fdkon sv\u00e9ho syst\u00e9mu, prodlou\u017eit jeho \u017eivotnost a ka\u017ed\u00fd den si u\u017e\u00edvat vysoce kvalitn\u00ed zm\u011bk\u010denou vodu.<\/p>","protected":false},"excerpt":{"rendered":"<p>Optimal efficiency.\u00a0Thanks to its specially formulated composition, this resin cleaner for water softeners effectively eliminates mineral deposits, iron residues, scale, and impurities that build up in your system\u2019s resin. It ensures optimal performance by restoring the resin\u2019s ion exchange capacity, guaranteeing high-quality softened water and a perfectly functioning softener. Money-back guarantee.\u00a0We are confident in the [&hellip;]<\/p>\n","protected":false},"featured_media":35763,"comment_status":"open","ping_status":"closed","template":"","meta":{"_uag_custom_page_level_css":"","site-sidebar-layout":"default","site-content-layout":"","ast-site-content-layout":"default","site-content-style":"default","site-sidebar-style":"default","ast-global-header-display":"","ast-banner-title-visibility":"","ast-main-header-display":"","ast-hfb-above-header-display":"","ast-hfb-below-header-display":"","ast-hfb-mobile-header-display":"","site-post-title":"","ast-breadcrumbs-content":"","ast-featured-img":"","footer-sml-layout":"","ast-disable-related-posts":"","theme-transparent-header-meta":"default","adv-header-id-meta":"","stick-header-meta":"","header-above-stick-meta":"","header-main-stick-meta":"","header-below-stick-meta":"","astra-migrate-meta-layouts":"set","ast-page-background-enabled":"default","ast-page-background-meta":{"desktop":{"background-color":"var(--ast-global-color-4)","background-image":"","background-repeat":"repeat","background-position":"center center","background-size":"auto","background-attachment":"scroll","background-type":"","background-media":"","overlay-type":"","overlay-color":"","overlay-opacity":"","overlay-gradient":""},"tablet":{"background-color":"","background-image":"","background-repeat":"repeat","background-position":"center center","background-size":"auto","background-attachment":"scroll","background-type":"","background-media":"","overlay-type":"","overlay-color":"","overlay-opacity":"","overlay-gradient":""},"mobile":{"background-color":"","background-image":"","background-repeat":"repeat","background-position":"center center","background-size":"auto","background-attachment":"scroll","background-type":"","background-media":"","overlay-type":"","overlay-color":"","overlay-opacity":"","overlay-gradient":""}},"ast-content-background-meta":{"desktop":{"background-color":"var(--ast-global-color-5)","background-image":"","background-repeat":"repeat","background-position":"center center","background-size":"auto","background-attachment":"scroll","background-type":"","background-media":"","overlay-type":"","overlay-color":"","overlay-opacity":"","overlay-gradient":""},"tablet":{"background-color":"var(--ast-global-color-5)","background-image":"","background-repeat":"repeat","background-position":"center center","background-size":"auto","background-attachment":"scroll","background-type":"","background-media":"","overlay-type":"","overlay-color":"","overlay-opacity":"","overlay-gradient":""},"mobile":{"background-color":"var(--ast-global-color-5)","background-image":"","background-repeat":"repeat","background-position":"center center","background-size":"auto","background-attachment":"scroll","background-type":"","background-media":"","overlay-type":"","overlay-color":"","overlay-opacity":"","overlay-gradient":""}}},"product_brand":[],"product_cat":[175],"product_tag":[],"class_list":{"0":"post-25643","1":"product","2":"type-product","3":"status-publish","4":"has-post-thumbnail","6":"product_cat-cleaning-products","7":"desktop-align-left","8":"tablet-align-left","9":"mobile-align-left","11":"first","12":"instock","13":"sale","14":"shipping-taxable","15":"purchasable","16":"product-type-variable","17":"has-default-attributes"},"spectra_custom_meta":{"_visibility":["visible"],"_shopify_product_id":["9100821004533"],"_s2w_shopify_domain":["ferberpainting.myshopify.com"],"_shopify_variant_id":["46610373443829"],"_sku":[""],"_manage_stock":["no"],"total_sales":["308"],"_tax_status":["taxable"],"_tax_class":[""],"_backorders":["no"],"_sold_individually":["no"],"_virtual":["no"],"_downloadable":["no"],"_download_limit":["-1"],"_download_expiry":["-1"],"_stock":[null],"_stock_status":["instock"],"_wc_average_rating":["5.00"],"_wc_review_count":["39"],"_product_attributes":["a:1:{s:6:\"volume\";a:6:{s:4:\"name\";s:6:\"Volume\";s:5:\"value\";s:20:\"5 liters | 25 liters\";s:8:\"position\";i:1;s:10:\"is_visible\";i:0;s:12:\"is_variation\";i:1;s:11:\"is_taxonomy\";i:0;}}"],"_product_version":["10.5.2"],"wpse_downloadable_file_names":[""],"wpse_downloadable_file_urls":[""],"_edit_last":["1"],"_default_attributes":["a:1:{s:6:\"volume\";s:8:\"5 liters\";}"],"_edit_lock":["1771358523:1"],"merchant-center-availability":["yes"],"merchant-center-category":["2273"],"_thumbnail_id":["35763"],"_wp_page_template":["default"],"_wp_old_date":["2025-05-26"],"_product_image_gallery":["35764"],"site-sidebar-layout":["default"],"ast-site-content-layout":["default"],"site-content-style":["default"],"site-sidebar-style":["default"],"theme-transparent-header-meta":["default"],"_wc_rating_count":["a:1:{i:5;i:39;}"],"_price":["29.90","129.90"],"astra-migrate-meta-layouts":["set"],"_uag_css_file_name":["uag-css-25643.css"],"_elementor_page_assets":["a:0:{}"],"_uag_page_assets":["a:9:{s:3:\"css\";s:6873:\".wp-block-uagb-image{display:flex}.wp-block-uagb-image__figure{position:relative;display:flex;flex-direction:column;max-width:100%;height:auto;margin:0}.wp-block-uagb-image__figure img{height:auto;display:flex;max-width:100%;transition:box-shadow .2s ease}.wp-block-uagb-image__figure>a{display:inline-block}.wp-block-uagb-image__figure figcaption{text-align:center;margin-top:.5em;margin-bottom:1em}.wp-block-uagb-image .components-placeholder.block-editor-media-placeholder .components-placeholder__instructions{align-self:center}.wp-block-uagb-image--align-left{text-align:left}.wp-block-uagb-image--align-right{text-align:right}.wp-block-uagb-image--align-center{text-align:center}.wp-block-uagb-image--align-full .wp-block-uagb-image__figure{margin-left:calc(50% - 50vw);margin-right:calc(50% - 50vw);max-width:100vw;width:100vw;height:auto}.wp-block-uagb-image--align-full .wp-block-uagb-image__figure img{height:auto;width:100% !important}.wp-block-uagb-image--align-wide .wp-block-uagb-image__figure img{height:auto;width:100%}.wp-block-uagb-image--layout-overlay__color-wrapper{position:absolute;left:0;top:0;right:0;bottom:0;opacity:.2;background:rgba(0,0,0,.5);transition:opacity .35s ease-in-out}.wp-block-uagb-image--layout-overlay-link{position:absolute;left:0;right:0;bottom:0;top:0}.wp-block-uagb-image--layout-overlay .wp-block-uagb-image__figure:hover .wp-block-uagb-image--layout-overlay__color-wrapper{opacity:1}.wp-block-uagb-image--layout-overlay__inner{position:absolute;left:15px;right:15px;bottom:15px;top:15px;display:flex;align-items:center;justify-content:center;flex-direction:column;border-color:#fff;transition:.35s ease-in-out}.wp-block-uagb-image--layout-overlay__inner.top-left,.wp-block-uagb-image--layout-overlay__inner.top-center,.wp-block-uagb-image--layout-overlay__inner.top-right{justify-content:flex-start}.wp-block-uagb-image--layout-overlay__inner.bottom-left,.wp-block-uagb-image--layout-overlay__inner.bottom-center,.wp-block-uagb-image--layout-overlay__inner.bottom-right{justify-content:flex-end}.wp-block-uagb-image--layout-overlay__inner.top-left,.wp-block-uagb-image--layout-overlay__inner.center-left,.wp-block-uagb-image--layout-overlay__inner.bottom-left{align-items:flex-start}.wp-block-uagb-image--layout-overlay__inner.top-right,.wp-block-uagb-image--layout-overlay__inner.center-right,.wp-block-uagb-image--layout-overlay__inner.bottom-right{align-items:flex-end}.wp-block-uagb-image--layout-overlay__inner .uagb-image-heading{color:#fff;transition:transform .35s,opacity .35s ease-in-out;transform:translate3d(0, 24px, 0);margin:0;line-height:1em}.wp-block-uagb-image--layout-overlay__inner .uagb-image-separator{width:30%;border-top-width:2px;border-top-color:#fff;border-top-style:solid;margin-bottom:10px;opacity:0;transition:transform .4s,opacity .4s ease-in-out;transform:translate3d(0, 30px, 0)}.wp-block-uagb-image--layout-overlay__inner .uagb-image-caption{opacity:0;overflow:visible;color:#fff;transition:transform .45s,opacity .45s ease-in-out;transform:translate3d(0, 35px, 0)}.wp-block-uagb-image--layout-overlay__inner:hover .uagb-image-heading,.wp-block-uagb-image--layout-overlay__inner:hover .uagb-image-separator,.wp-block-uagb-image--layout-overlay__inner:hover .uagb-image-caption{opacity:1;transform:translate3d(0, 0, 0)}.wp-block-uagb-image--effect-zoomin .wp-block-uagb-image__figure img,.wp-block-uagb-image--effect-zoomin .wp-block-uagb-image__figure .wp-block-uagb-image--layout-overlay__color-wrapper{transform:scale(1);transition:transform .35s ease-in-out}.wp-block-uagb-image--effect-zoomin .wp-block-uagb-image__figure:hover img,.wp-block-uagb-image--effect-zoomin .wp-block-uagb-image__figure:hover .wp-block-uagb-image--layout-overlay__color-wrapper{transform:scale(1.05)}.wp-block-uagb-image--effect-slide .wp-block-uagb-image__figure img,.wp-block-uagb-image--effect-slide .wp-block-uagb-image__figure .wp-block-uagb-image--layout-overlay__color-wrapper{width:calc(100% + 40px) !important;max-width:none !important;transform:translate3d(-40px, 0, 0);transition:transform .35s ease-in-out}.wp-block-uagb-image--effect-slide .wp-block-uagb-image__figure:hover img,.wp-block-uagb-image--effect-slide .wp-block-uagb-image__figure:hover .wp-block-uagb-image--layout-overlay__color-wrapper{transform:translate3d(0, 0, 0)}.wp-block-uagb-image--effect-grayscale img{filter:grayscale(0%);transition:.35s ease-in-out}.wp-block-uagb-image--effect-grayscale:hover img{filter:grayscale(100%)}.wp-block-uagb-image--effect-blur img{filter:blur(0);transition:.35s ease-in-out}.wp-block-uagb-image--effect-blur:hover img{filter:blur(3px)}.uagb-block-e6f939b3.wp-block-uagb-image--layout-default figure img{box-shadow: 0px 0px 0 #00000070;}.uagb-block-e6f939b3.wp-block-uagb-image .wp-block-uagb-image__figure figcaption{font-style: normal;align-self: center;}.uagb-block-e6f939b3.wp-block-uagb-image--layout-overlay figure img{box-shadow: 0px 0px 0 #00000070;}.uagb-block-e6f939b3.wp-block-uagb-image--layout-overlay .wp-block-uagb-image--layout-overlay__color-wrapper{opacity: 0.2;}.uagb-block-e6f939b3.wp-block-uagb-image--layout-overlay .wp-block-uagb-image--layout-overlay__inner{left: 15px;right: 15px;top: 15px;bottom: 15px;}.uagb-block-e6f939b3.wp-block-uagb-image--layout-overlay .wp-block-uagb-image--layout-overlay__inner .uagb-image-heading{font-style: normal;color: #fff;opacity: 1;}.uagb-block-e6f939b3.wp-block-uagb-image--layout-overlay .wp-block-uagb-image--layout-overlay__inner .uagb-image-heading a{color: #fff;}.uagb-block-e6f939b3.wp-block-uagb-image--layout-overlay .wp-block-uagb-image--layout-overlay__inner .uagb-image-caption{opacity: 0;}.uagb-block-e6f939b3.wp-block-uagb-image--layout-overlay .wp-block-uagb-image__figure:hover .wp-block-uagb-image--layout-overlay__color-wrapper{opacity: 1;}.uagb-block-e6f939b3.wp-block-uagb-image .wp-block-uagb-image--layout-overlay__inner .uagb-image-separator{width: 30%;border-top-width: 2px;border-top-color: #fff;opacity: 0;}.uagb-block-e6f939b3.wp-block-uagb-image .wp-block-uagb-image__figure img{width: px;height: auto;}.uagb-block-e6f939b3.wp-block-uagb-image .wp-block-uagb-image__figure:hover .wp-block-uagb-image--layout-overlay__inner .uagb-image-caption{opacity: 1;}.uagb-block-e6f939b3.wp-block-uagb-image .wp-block-uagb-image__figure:hover .wp-block-uagb-image--layout-overlay__inner .uagb-image-separator{opacity: 1;}.uagb-block-e6f939b3.wp-block-uagb-image--layout-default figure:hover img{box-shadow: 0px 0px 0 #00000070;}.uagb-block-e6f939b3.wp-block-uagb-image--layout-overlay figure:hover img{box-shadow: 0px 0px 0 #00000070;}@media only screen and (max-width: 976px) {.uagb-block-e6f939b3.wp-block-uagb-image .wp-block-uagb-image__figure img{width: px;height: auto;}}@media only screen and (max-width: 767px) {.uagb-block-e6f939b3.wp-block-uagb-image .wp-block-uagb-image__figure img{width: px;height: auto;}}\";s:2:\"js\";s:0:\"\";s:18:\"current_block_list\";a:13:{i:0;s:11:\"core\/search\";i:1;s:10:\"core\/group\";i:2;s:12:\"core\/heading\";i:3;s:17:\"core\/latest-posts\";i:4;s:20:\"core\/latest-comments\";i:5;s:13:\"core\/archives\";i:6;s:15:\"core\/categories\";i:7;s:14:\"core\/paragraph\";i:8;s:10:\"uagb\/image\";i:9;s:11:\"core\/spacer\";i:10;s:30:\"woocommerce\/product-categories\";i:11;s:10:\"core\/image\";i:12;s:14:\"core\/shortcode\";}s:8:\"uag_flag\";b:1;s:11:\"uag_version\";s:10:\"1777088953\";s:6:\"gfonts\";a:0:{}s:10:\"gfonts_url\";s:0:\"\";s:12:\"gfonts_files\";a:0:{}s:14:\"uag_faq_layout\";b:0;}"]},"uagb_featured_image_src":{"full":["https:\/\/www.ferberpainting.com\/wp-content\/uploads\/2025\/05\/Water-Softener-Resin-Cleaner-5L.png",2560,2560,false],"thumbnail":["https:\/\/www.ferberpainting.com\/wp-content\/uploads\/2025\/05\/Water-Softener-Resin-Cleaner-5L-150x150.png",150,150,true],"medium":["https:\/\/www.ferberpainting.com\/wp-content\/uploads\/2025\/05\/Water-Softener-Resin-Cleaner-5L-300x300.png",300,300,true],"medium_large":["https:\/\/www.ferberpainting.com\/wp-content\/uploads\/2025\/05\/Water-Softener-Resin-Cleaner-5L-768x768.png",768,768,true],"large":["https:\/\/www.ferberpainting.com\/wp-content\/uploads\/2025\/05\/Water-Softener-Resin-Cleaner-5L-1024x1024.png",1024,1024,true],"1536x1536":["https:\/\/www.ferberpainting.com\/wp-content\/uploads\/2025\/05\/Water-Softener-Resin-Cleaner-5L-1536x1536.png",1536,1536,true],"2048x2048":["https:\/\/www.ferberpainting.com\/wp-content\/uploads\/2025\/05\/Water-Softener-Resin-Cleaner-5L-2048x2048.png",2048,2048,true],"trp-custom-language-flag":["https:\/\/www.ferberpainting.com\/wp-content\/uploads\/2025\/05\/Water-Softener-Resin-Cleaner-5L-12x12.png",12,12,true],"woocommerce_thumbnail":["https:\/\/www.ferberpainting.com\/wp-content\/uploads\/2025\/05\/Water-Softener-Resin-Cleaner-5L-300x300.png",300,300,true],"woocommerce_single":["https:\/\/www.ferberpainting.com\/wp-content\/uploads\/2025\/05\/Water-Softener-Resin-Cleaner-5L-600x600.png",600,600,true],"woocommerce_gallery_thumbnail":["https:\/\/www.ferberpainting.com\/wp-content\/uploads\/2025\/05\/Water-Softener-Resin-Cleaner-5L-100x100.png",100,100,true]},"uagb_author_info":{"display_name":"admin","author_link":"https:\/\/www.ferberpainting.com\/cz\/author\/"},"uagb_comment_info":39,"uagb_excerpt":"Optimal efficiency.\u00a0Thanks to its specially formulated composition, this resin cleaner for water softeners effectively eliminates mineral deposits, iron residues, scale, and impurities that build up in your system\u2019s resin. It ensures optimal performance by restoring the resin\u2019s ion exchange capacity, guaranteeing high-quality softened water and a perfectly functioning softener. Money-back guarantee.\u00a0We are confident in the&hellip;","_links":{"self":[{"href":"https:\/\/www.ferberpainting.com\/cz\/wp-json\/wp\/v2\/product\/25643","targetHints":{"allow":["GET"]}}],"collection":[{"href":"https:\/\/www.ferberpainting.com\/cz\/wp-json\/wp\/v2\/product"}],"about":[{"href":"https:\/\/www.ferberpainting.com\/cz\/wp-json\/wp\/v2\/types\/product"}],"replies":[{"embeddable":true,"href":"https:\/\/www.ferberpainting.com\/cz\/wp-json\/wp\/v2\/comments?post=25643"}],"version-history":[{"count":4,"href":"https:\/\/www.ferberpainting.com\/cz\/wp-json\/wp\/v2\/product\/25643\/revisions"}],"predecessor-version":[{"id":168854,"href":"https:\/\/www.ferberpainting.com\/cz\/wp-json\/wp\/v2\/product\/25643\/revisions\/168854"}],"wp:featuredmedia":[{"embeddable":true,"href":"https:\/\/www.ferberpainting.com\/cz\/wp-json\/wp\/v2\/media\/35763"}],"wp:attachment":[{"href":"https:\/\/www.ferberpainting.com\/cz\/wp-json\/wp\/v2\/media?parent=25643"}],"wp:term":[{"taxonomy":"product_brand","embeddable":true,"href":"https:\/\/www.ferberpainting.com\/cz\/wp-json\/wp\/v2\/product_brand?post=25643"},{"taxonomy":"product_cat","embeddable":true,"href":"https:\/\/www.ferberpainting.com\/cz\/wp-json\/wp\/v2\/product_cat?post=25643"},{"taxonomy":"product_tag","embeddable":true,"href":"https:\/\/www.ferberpainting.com\/cz\/wp-json\/wp\/v2\/product_tag?post=25643"}],"curies":[{"name":"wp","href":"https:\/\/api.w.org\/{rel}","templated":true}]}}