{"id":25640,"date":"2025-05-26T10:33:06","date_gmt":"2025-05-26T08:33:06","guid":{"rendered":"https:\/\/www.ferberpainting.com\/products\/water-repellent-all-materials\/"},"modified":"2026-02-17T21:00:15","modified_gmt":"2026-02-17T20:00:15","slug":"water-repellent-all-materials","status":"publish","type":"product","link":"https:\/\/www.ferberpainting.com\/cz\/products\/water-repellent-all-materials\/","title":{"rendered":"Vodoodpudiv\u00fd prost\u0159edek na v\u0161echny materi\u00e1ly"},"content":{"rendered":"<p><strong><img decoding=\"async\" style=\"margin-right: 12px;\" src=\"https:\/\/www.ferberpainting.com\/wp-content\/uploads\/2026\/02\/Check.svg\" alt=\"\" width=\"18\" height=\"15\" \/>Univerz\u00e1ln\u00ed ochrana v\u0161ech materi\u00e1l\u016f s jedn\u00edm v\u00fdkonn\u00fdm \u0159e\u0161en\u00edm.<\/strong> Na\u0161e vodoodpudiv\u00e1 receptura pro v\u0161echny materi\u00e1ly je speci\u00e1ln\u011b navr\u017eena tak, aby chr\u00e1nila \u0161irokou \u0161k\u00e1lu povrch\u016f p\u0159ed pronik\u00e1n\u00edm vody, po\u0161kozen\u00edm vlhkost\u00ed a opot\u0159eben\u00edm vlivem prost\u0159ed\u00ed. A\u0165 u\u017e se aplikuje na k\u00e1men, beton, cihly, d\u0159evo, om\u00edtku, dla\u017edice nebo kompozitn\u00ed materi\u00e1ly, tato pokro\u010dil\u00e1 \u00faprava vytv\u00e1\u0159\u00ed silnou hydrofobn\u00ed bari\u00e9ru, kter\u00e1 \u00fa\u010dinn\u011b odpuzuje vodu a z\u00e1rove\u0148 zachov\u00e1v\u00e1 p\u016fvodn\u00ed vzhled a strukturu povrchu. Je ide\u00e1ln\u00edm univerz\u00e1ln\u00edm \u0159e\u0161en\u00edm pro majitele dom\u016f a profesion\u00e1ly, kte\u0159\u00ed hledaj\u00ed spolehlivou a v\u0161estrannou ochranu proti vlhkosti.<\/p>\n<p><strong><img decoding=\"async\" style=\"margin-right: 12px;\" src=\"https:\/\/www.ferberpainting.com\/wp-content\/uploads\/2026\/02\/Check.svg\" alt=\"\" width=\"18\" height=\"15\" \/>Nab\u00edz\u00edme z\u00e1ruku vr\u00e1cen\u00ed pen\u011bz pro naprost\u00fd klid.<\/strong> Jsme si jisti, \u017ee si za v\u00fdkonem na\u0161eho vodoodpudiv\u00e9ho \u0159e\u0161en\u00ed stoj\u00edme. Pokud nebudete s v\u00fdsledky pln\u011b spokojeni, vr\u00e1t\u00edme v\u00e1m pen\u00edze za n\u00e1kup. Tato z\u00e1ruka vr\u00e1cen\u00ed pen\u011bz v\u00e1m umo\u017e\u0148uje vyzkou\u0161et v\u00fdrobek bez rizika, \u010d\u00edm\u017e je zaji\u0161t\u011bna ochrana va\u0161\u00ed investice a va\u0161e spokojenost z\u016fst\u00e1v\u00e1 na\u0161\u00ed nejvy\u0161\u0161\u00ed prioritou.<\/p>\n<p><strong><img decoding=\"async\" style=\"margin-right: 12px;\" src=\"https:\/\/www.ferberpainting.com\/wp-content\/uploads\/2026\/02\/Check.svg\" alt=\"\" width=\"18\" height=\"15\" \/>Nej\u00fa\u010dinn\u011bj\u0161\u00ed v\u00edce\u00fa\u010delov\u00fd vodoodpudiv\u00fd prost\u0159edek na trhu.<\/strong> Na\u0161e vysoce \u00fa\u010dinn\u00e9 slo\u017een\u00ed pronik\u00e1 hluboko do por\u00e9zn\u00edch a polopor\u00e9zn\u00edch materi\u00e1l\u016f a vytv\u00e1\u0159\u00ed sp\u00ed\u0161e dlouhodobou vnit\u0159n\u00ed bari\u00e9ru ne\u017e povrchovou vrstvu. Zabra\u0148uje absorpci vody, sni\u017euje \u0161kody zp\u016fsoben\u00e9 vlhkost\u00ed a chr\u00e1n\u00ed povrchy p\u0159ed skvrnami, prask\u00e1n\u00edm, po\u0161kozen\u00edm mrazem a biologick\u00fdm r\u016fstem. V porovn\u00e1n\u00ed se standardn\u00edmi tmely poskytuje vynikaj\u00edc\u00ed a d\u00e9le trvaj\u00edc\u00ed hydrofobn\u00ed vlastnosti nap\u0159\u00ed\u010d r\u016fzn\u00fdmi typy materi\u00e1l\u016f.<\/p>\n<p><strong><img decoding=\"async\" style=\"margin-right: 12px;\" src=\"https:\/\/www.ferberpainting.com\/wp-content\/uploads\/2026\/02\/Check.svg\" alt=\"\" width=\"18\" height=\"15\" \/>Nejlevn\u011bj\u0161\u00ed dostupn\u00fd univerz\u00e1ln\u00ed vodoodpudiv\u00fd prost\u0159edek profesion\u00e1ln\u00ed t\u0159\u00eddy.<\/strong> Pr\u00e9miov\u00e1 ochrana nemus\u00ed b\u00fdt za pr\u00e9miovou cenu. Nab\u00edz\u00edme nejkonkurenceschopn\u011bj\u0161\u00ed ceny, ani\u017e bychom slevili z kvality nebo trvanlivosti. Optimalizac\u00ed v\u00fdroby a logistiky poskytujeme vysoce kvalitn\u00ed vodoodpudiv\u00e9 \u0159e\u0161en\u00ed za nejni\u017e\u0161\u00ed cenu v porovn\u00e1n\u00ed s podobn\u00fdmi v\u00edcemateri\u00e1lov\u00fdmi produkty a nab\u00edz\u00edme v\u00fdjime\u010dnou hodnotu pro reziden\u010dn\u00ed i komer\u010dn\u00ed aplikace.<\/p>\n<p><strong><img decoding=\"async\" style=\"margin-right: 12px;\" src=\"https:\/\/www.ferberpainting.com\/wp-content\/uploads\/2026\/02\/Check.svg\" alt=\"\" width=\"18\" height=\"15\" \/>Zaru\u010den\u00e9 doru\u010den\u00ed do 24 hodin pro rychlou a spolehlivou ochranu.<\/strong> Pokud jsou povrchy vystaveny de\u0161ti, vlhkosti nebo nep\u0159\u00edzniv\u00fdm pov\u011btrnostn\u00edm podm\u00ednk\u00e1m, je rychl\u00e9 o\u0161et\u0159en\u00ed nezbytn\u00e9. Proto poskytujeme spolehliv\u00e9 24hodinov\u00e9 dod\u00e1vky, kter\u00e9 zajist\u00ed, \u017ee v\u00e1\u0161 produkt doraz\u00ed rychle a bude p\u0159ipraven k okam\u017eit\u00e9 aplikaci. Rychl\u00e1 p\u0159eprava v\u00e1m umo\u017en\u00ed zabezpe\u010dit a ochr\u00e1nit va\u0161e materi\u00e1ly bez zbyte\u010dn\u00e9ho zdr\u017eov\u00e1n\u00ed.<\/p>\n<p><strong><img decoding=\"async\" style=\"margin-right: 12px;\" src=\"https:\/\/www.ferberpainting.com\/wp-content\/uploads\/2026\/02\/Check.svg\" alt=\"\" width=\"18\" height=\"15\" \/>Pokryt\u00ed a\u017e 5 m\u00b2 na litr pro p\u0159esn\u00e9 pl\u00e1nov\u00e1n\u00ed projektu.<\/strong> Jeden litr na\u0161eho vodoodpudiv\u00e9ho p\u0159\u00edpravku o\u0161et\u0159\u00ed a\u017e 5 metr\u016f \u010dtvere\u010dn\u00edch v z\u00e1vislosti na p\u00f3rovitosti povrchu a absorp\u010dn\u00ed schopnosti. Tato jasn\u011b definovan\u00e1 m\u00edra pokryt\u00ed umo\u017e\u0148uje p\u0159esn\u00fd v\u00fdpo\u010det materi\u00e1lu a kontrolu rozpo\u010dtu a z\u00e1rove\u0148 zaji\u0161\u0165uje optim\u00e1ln\u00ed tlou\u0161\u0165ku ochrany pro efektivn\u00ed dlouhodob\u00e9 v\u00fdsledky.<\/p>\n<p><strong><img decoding=\"async\" style=\"margin-right: 12px;\" src=\"https:\/\/www.ferberpainting.com\/wp-content\/uploads\/2026\/02\/Check.svg\" alt=\"\" width=\"18\" height=\"15\" \/>Neviditeln\u00e1 povrchov\u00e1 \u00faprava, kter\u00e1 zachov\u00e1v\u00e1 p\u0159irozen\u00fd vzhled.<\/strong> V\u00fdrobek vytv\u00e1\u0159\u00ed pr\u016fhlednou bari\u00e9ru, kter\u00e1 netvo\u0159\u00ed film a nem\u011bn\u00ed barvu, strukturu ani estetick\u00e9 vlastnosti o\u0161et\u0159ovan\u00e9ho povrchu. Zachov\u00e1v\u00e1 autentick\u00fd vzhled materi\u00e1l\u016f a z\u00e1rove\u0148 poskytuje pokro\u010dilou ochranu proti vlhkosti bez lesku nebo um\u011bl\u00e9ho lesku.<\/p>\n<p><strong><img decoding=\"async\" style=\"margin-right: 12px;\" src=\"https:\/\/www.ferberpainting.com\/wp-content\/uploads\/2026\/02\/Check.svg\" alt=\"\" width=\"18\" height=\"15\" \/>Sni\u017euje tvorbu skvrn, po\u0161kozen\u00ed mrazem a degradaci materi\u00e1lu.<\/strong> Omezen\u00edm pronik\u00e1n\u00ed vody pom\u00e1h\u00e1 p\u0159\u00edpravek p\u0159edch\u00e1zet vzniku trhlin zp\u016fsoben\u00fdch mrazem a t\u00e1n\u00edm, v\u00fdkv\u011bt\u016fm sol\u00ed, vzniku pl\u00edsn\u00ed a dlouhodob\u00e9mu oslaben\u00ed konstrukce. To v\u00fdrazn\u011b prodlu\u017euje \u017eivotnost o\u0161et\u0159en\u00fdch povrch\u016f a sni\u017euje n\u00e1klady na \u00fadr\u017ebu a opravy v pr\u016fb\u011bhu \u010dasu.<\/p>\n<p><strong><img decoding=\"async\" style=\"margin-right: 12px;\" src=\"https:\/\/www.ferberpainting.com\/wp-content\/uploads\/2026\/02\/Check.svg\" alt=\"\" width=\"18\" height=\"15\" \/>Vhodn\u00e9 pro vnit\u0159n\u00ed i venkovn\u00ed pou\u017eit\u00ed.<\/strong> D\u00edky sv\u00e9 univerz\u00e1lnosti je ide\u00e1ln\u00ed pro fas\u00e1dy, terasy, st\u0159echy, st\u011bny, podlahy, ploty, n\u00e1bytek a dekorativn\u00ed prvky. V r\u016fzn\u00fdch podm\u00ednk\u00e1ch prost\u0159ed\u00ed se chov\u00e1 konzistentn\u011b a poskytuje spolehlivou ochranu v \u0161irok\u00e9 \u0161k\u00e1le projekt\u016f.<\/p>\n<p><strong><img decoding=\"async\" style=\"margin-right: 12px;\" src=\"https:\/\/www.ferberpainting.com\/wp-content\/uploads\/2026\/02\/Check.svg\" alt=\"\" width=\"18\" height=\"15\" \/>Snadn\u00e1 aplikace pro profesion\u00e1ly i majitele dom\u016f.<\/strong> Vodoodpudiv\u00fd roztok je navr\u017een pro pohodln\u00e9 pou\u017eit\u00ed a lze jej aplikovat \u0161t\u011btcem, v\u00e1le\u010dkem nebo n\u00edzkotlak\u00fdm post\u0159ikova\u010dem. Jeho hladk\u00e1 konzistence zaji\u0161\u0165uje rovnom\u011brn\u00e9 pronik\u00e1n\u00ed a kontrolovan\u00e9 pokryt\u00ed, tak\u017ee je vhodn\u00fd jak pro drobn\u00e9 kutilsk\u00e9 pr\u00e1ce, tak pro rozs\u00e1hl\u00e9 profesion\u00e1ln\u00ed projekty.<\/p>\n<h2><strong>Pokyny<\/strong><\/h2>\n<ul>\n<li>P\u0159ed aplikac\u00ed se ujist\u011bte, \u017ee je povrch \u010dist\u00fd, such\u00fd a zbaven\u00fd prachu, mastnoty, mechu, \u0159as, star\u00fdch n\u00e1t\u011br\u016f nebo uvoln\u011bn\u00fdch \u010d\u00e1stic.<\/li>\n<li>\u010cerstv\u011b vy\u010di\u0161t\u011bn\u00e9 povrchy nechte zcela vyschnout, proto\u017ee vlhkost m\u016f\u017ee sn\u00ed\u017eit jejich penetraci a \u00fa\u010dinnost.<\/li>\n<li>P\u0159ed pou\u017eit\u00edm v\u00fdrobek d\u016fkladn\u011b prot\u0159epejte nebo prom\u00edchejte, aby byla zaji\u0161t\u011bna stejnom\u011brn\u00e1 konzistence.<\/li>\n<li>Vyzkou\u0161ejte v\u00fdrobek na mal\u00e9, nen\u00e1padn\u00e9 plo\u0161e, abyste se ujistili o kompatibilit\u011b a ov\u011b\u0159ili, \u017ee vzhled povrchu z\u016fstane nezm\u011bn\u011bn.<\/li>\n<li>Vodoodpudiv\u00fd p\u0159\u00edpravek nan\u00e1\u0161ejte rovnom\u011brn\u011b \u0161t\u011btcem, v\u00e1le\u010dkem nebo n\u00edzkotlak\u00fdm post\u0159ikova\u010dem tak, aby byl rovnom\u011brn\u011b nasycen a netvo\u0159il lou\u017ee.<\/li>\n<li>Doporu\u010den\u00e9 d\u00e1vkov\u00e1n\u00ed je p\u0159ibli\u017en\u011b 200 ml na metr \u010dtvere\u010dn\u00ed, proto\u017ee jeden litr o\u0161et\u0159\u00ed a\u017e 5 m\u00b2. U vysoce por\u00e9zn\u00edch materi\u00e1l\u016f d\u00e1vku m\u00edrn\u011b zvy\u0161te.<\/li>\n<li>Pro standardn\u00ed ochranu aplikujte v jedn\u00e9 rovnom\u011brn\u00e9 vrstv\u011b. U velmi sav\u00fdch povrch\u016f lze aplikovat druhou vrstvu mokr\u00fd na mokr\u00fd, zat\u00edmco prvn\u00ed vrstva je\u0161t\u011b pronik\u00e1.<\/li>\n<li>Vyhn\u011bte se aplikaci za de\u0161t\u011b, siln\u00e9ho v\u011btru nebo pokud se o\u010dek\u00e1v\u00e1 d\u00e9\u0161\u0165 b\u011bhem 24 hodin po o\u0161et\u0159en\u00ed.<\/li>\n<li>Ne\u017e vystav\u00edte o\u0161et\u0159en\u00fd povrch siln\u00e9mu de\u0161ti nebo mechanick\u00e9mu nam\u00e1h\u00e1n\u00ed, nechte jej nejm\u00e9n\u011b 24 hodin vyschnout a vytvrdnout.<\/li>\n<li>N\u00e1\u0159ad\u00ed \u010dist\u011bte ihned po pou\u017eit\u00ed podle doporu\u010den\u00ed k \u010di\u0161t\u011bn\u00ed v\u00fdrobku.<\/li>\n<li>Pravideln\u011b kontrolujte povrchy. P\u0159\u00edpravek aplikujte znovu, kdy\u017e se voda na povrchu p\u0159estane \u00fa\u010dinn\u011b perlit.<\/li>\n<li>N\u00e1dobu skladujte t\u011bsn\u011b uzav\u0159enou na chladn\u00e9m a such\u00e9m m\u00edst\u011b, chr\u00e1n\u011bnou p\u0159ed mrazem a p\u0159\u00edm\u00fdm slune\u010dn\u00edm z\u00e1\u0159en\u00edm. Uchov\u00e1vejte mimo dosah d\u011bt\u00ed a p\u0159i manipulaci a aplikaci dodr\u017eujte standardn\u00ed bezpe\u010dnostn\u00ed opat\u0159en\u00ed.<\/li>\n<\/ul>","protected":false},"excerpt":{"rendered":"<p>Universal protection for all materials with one powerful solution. Our water-repellent all materials formula is specially designed to protect a wide range of surfaces against water infiltration, moisture damage, and environmental wear. Whether applied to stone, concrete, brick, wood, plaster, tiles, or composite materials, this advanced treatment creates a strong hydrophobic barrier that repels water [&hellip;]<\/p>\n","protected":false},"featured_media":27447,"comment_status":"open","ping_status":"closed","template":"","meta":{"_uag_custom_page_level_css":"","site-sidebar-layout":"default","site-content-layout":"","ast-site-content-layout":"default","site-content-style":"default","site-sidebar-style":"default","ast-global-header-display":"","ast-banner-title-visibility":"","ast-main-header-display":"","ast-hfb-above-header-display":"","ast-hfb-below-header-display":"","ast-hfb-mobile-header-display":"","site-post-title":"","ast-breadcrumbs-content":"","ast-featured-img":"","footer-sml-layout":"","ast-disable-related-posts":"","theme-transparent-header-meta":"default","adv-header-id-meta":"","stick-header-meta":"","header-above-stick-meta":"","header-main-stick-meta":"","header-below-stick-meta":"","astra-migrate-meta-layouts":"set","ast-page-background-enabled":"default","ast-page-background-meta":{"desktop":{"background-color":"var(--ast-global-color-4)","background-image":"","background-repeat":"repeat","background-position":"center center","background-size":"auto","background-attachment":"scroll","background-type":"","background-media":"","overlay-type":"","overlay-color":"","overlay-opacity":"","overlay-gradient":""},"tablet":{"background-color":"","background-image":"","background-repeat":"repeat","background-position":"center center","background-size":"auto","background-attachment":"scroll","background-type":"","background-media":"","overlay-type":"","overlay-color":"","overlay-opacity":"","overlay-gradient":""},"mobile":{"background-color":"","background-image":"","background-repeat":"repeat","background-position":"center center","background-size":"auto","background-attachment":"scroll","background-type":"","background-media":"","overlay-type":"","overlay-color":"","overlay-opacity":"","overlay-gradient":""}},"ast-content-background-meta":{"desktop":{"background-color":"var(--ast-global-color-5)","background-image":"","background-repeat":"repeat","background-position":"center center","background-size":"auto","background-attachment":"scroll","background-type":"","background-media":"","overlay-type":"","overlay-color":"","overlay-opacity":"","overlay-gradient":""},"tablet":{"background-color":"var(--ast-global-color-5)","background-image":"","background-repeat":"repeat","background-position":"center center","background-size":"auto","background-attachment":"scroll","background-type":"","background-media":"","overlay-type":"","overlay-color":"","overlay-opacity":"","overlay-gradient":""},"mobile":{"background-color":"var(--ast-global-color-5)","background-image":"","background-repeat":"repeat","background-position":"center center","background-size":"auto","background-attachment":"scroll","background-type":"","background-media":"","overlay-type":"","overlay-color":"","overlay-opacity":"","overlay-gradient":""}}},"product_brand":[],"product_cat":[191],"product_tag":[],"class_list":{"0":"post-25640","1":"product","2":"type-product","3":"status-publish","4":"has-post-thumbnail","6":"product_cat-water-repellent","7":"desktop-align-left","8":"tablet-align-left","9":"mobile-align-left","11":"first","12":"instock","13":"sale","14":"taxable","15":"shipping-taxable","16":"purchasable","17":"product-type-variable","18":"has-default-attributes"},"spectra_custom_meta":{"_visibility":["visible"],"_shopify_product_id":["7949808828661"],"_s2w_shopify_domain":["ferberpainting.myshopify.com"],"_shopify_variant_id":["43499845845237"],"_manage_stock":["no"],"total_sales":["64"],"_tax_status":["taxable"],"_tax_class":[""],"_backorders":["no"],"_sold_individually":["no"],"_virtual":["no"],"_downloadable":["no"],"_download_limit":["-1"],"_download_expiry":["-1"],"_stock":[null],"_stock_status":["instock"],"_wc_average_rating":["4.94"],"_wc_review_count":["50"],"_product_attributes":["a:1:{s:6:\"volume\";a:6:{s:4:\"name\";s:6:\"Volume\";s:5:\"value\";s:20:\"5 liters | 25 liters\";s:8:\"position\";i:1;s:10:\"is_visible\";i:0;s:12:\"is_variation\";i:1;s:11:\"is_taxonomy\";i:0;}}"],"_product_version":["10.5.2"],"_thumbnail_id":["27447"],"_product_image_gallery":["27448"],"_edit_lock":["1771358276:1"],"_default_attributes":["a:1:{s:6:\"volume\";s:8:\"5 liters\";}"],"merchant-center-availability":["yes"],"merchant-center-category":["503744"],"merchant-center-id":["AMWR"],"_edit_last":["1"],"_wp_page_template":["default"],"site-sidebar-layout":["default"],"ast-site-content-layout":["default"],"site-content-style":["default"],"site-sidebar-style":["default"],"theme-transparent-header-meta":["default"],"_price":["29.90","99.90"],"_wc_rating_count":["a:2:{i:4;i:3;i:5;i:47;}"],"astra-migrate-meta-layouts":["set"],"_uag_css_file_name":["uag-css-25640.css"],"_elementor_page_assets":["a:0:{}"],"_uag_page_assets":["a:9:{s:3:\"css\";s:7133:\".uag-blocks-common-selector{z-index:var(--z-index-desktop) !important}@media(max-width: 976px){.uag-blocks-common-selector{z-index:var(--z-index-tablet) !important}}@media(max-width: 767px){.uag-blocks-common-selector{z-index:var(--z-index-mobile) !important}}.wp-block-uagb-image{display:flex}.wp-block-uagb-image__figure{position:relative;display:flex;flex-direction:column;max-width:100%;height:auto;margin:0}.wp-block-uagb-image__figure img{height:auto;display:flex;max-width:100%;transition:box-shadow .2s ease}.wp-block-uagb-image__figure>a{display:inline-block}.wp-block-uagb-image__figure figcaption{text-align:center;margin-top:.5em;margin-bottom:1em}.wp-block-uagb-image .components-placeholder.block-editor-media-placeholder .components-placeholder__instructions{align-self:center}.wp-block-uagb-image--align-left{text-align:left}.wp-block-uagb-image--align-right{text-align:right}.wp-block-uagb-image--align-center{text-align:center}.wp-block-uagb-image--align-full .wp-block-uagb-image__figure{margin-left:calc(50% - 50vw);margin-right:calc(50% - 50vw);max-width:100vw;width:100vw;height:auto}.wp-block-uagb-image--align-full .wp-block-uagb-image__figure img{height:auto;width:100% !important}.wp-block-uagb-image--align-wide .wp-block-uagb-image__figure img{height:auto;width:100%}.wp-block-uagb-image--layout-overlay__color-wrapper{position:absolute;left:0;top:0;right:0;bottom:0;opacity:.2;background:rgba(0,0,0,.5);transition:opacity .35s ease-in-out}.wp-block-uagb-image--layout-overlay-link{position:absolute;left:0;right:0;bottom:0;top:0}.wp-block-uagb-image--layout-overlay .wp-block-uagb-image__figure:hover .wp-block-uagb-image--layout-overlay__color-wrapper{opacity:1}.wp-block-uagb-image--layout-overlay__inner{position:absolute;left:15px;right:15px;bottom:15px;top:15px;display:flex;align-items:center;justify-content:center;flex-direction:column;border-color:#fff;transition:.35s ease-in-out}.wp-block-uagb-image--layout-overlay__inner.top-left,.wp-block-uagb-image--layout-overlay__inner.top-center,.wp-block-uagb-image--layout-overlay__inner.top-right{justify-content:flex-start}.wp-block-uagb-image--layout-overlay__inner.bottom-left,.wp-block-uagb-image--layout-overlay__inner.bottom-center,.wp-block-uagb-image--layout-overlay__inner.bottom-right{justify-content:flex-end}.wp-block-uagb-image--layout-overlay__inner.top-left,.wp-block-uagb-image--layout-overlay__inner.center-left,.wp-block-uagb-image--layout-overlay__inner.bottom-left{align-items:flex-start}.wp-block-uagb-image--layout-overlay__inner.top-right,.wp-block-uagb-image--layout-overlay__inner.center-right,.wp-block-uagb-image--layout-overlay__inner.bottom-right{align-items:flex-end}.wp-block-uagb-image--layout-overlay__inner .uagb-image-heading{color:#fff;transition:transform .35s,opacity .35s ease-in-out;transform:translate3d(0, 24px, 0);margin:0;line-height:1em}.wp-block-uagb-image--layout-overlay__inner .uagb-image-separator{width:30%;border-top-width:2px;border-top-color:#fff;border-top-style:solid;margin-bottom:10px;opacity:0;transition:transform .4s,opacity .4s ease-in-out;transform:translate3d(0, 30px, 0)}.wp-block-uagb-image--layout-overlay__inner .uagb-image-caption{opacity:0;overflow:visible;color:#fff;transition:transform .45s,opacity .45s ease-in-out;transform:translate3d(0, 35px, 0)}.wp-block-uagb-image--layout-overlay__inner:hover .uagb-image-heading,.wp-block-uagb-image--layout-overlay__inner:hover .uagb-image-separator,.wp-block-uagb-image--layout-overlay__inner:hover .uagb-image-caption{opacity:1;transform:translate3d(0, 0, 0)}.wp-block-uagb-image--effect-zoomin .wp-block-uagb-image__figure img,.wp-block-uagb-image--effect-zoomin .wp-block-uagb-image__figure .wp-block-uagb-image--layout-overlay__color-wrapper{transform:scale(1);transition:transform .35s ease-in-out}.wp-block-uagb-image--effect-zoomin .wp-block-uagb-image__figure:hover img,.wp-block-uagb-image--effect-zoomin .wp-block-uagb-image__figure:hover .wp-block-uagb-image--layout-overlay__color-wrapper{transform:scale(1.05)}.wp-block-uagb-image--effect-slide .wp-block-uagb-image__figure img,.wp-block-uagb-image--effect-slide .wp-block-uagb-image__figure .wp-block-uagb-image--layout-overlay__color-wrapper{width:calc(100% + 40px) !important;max-width:none !important;transform:translate3d(-40px, 0, 0);transition:transform .35s ease-in-out}.wp-block-uagb-image--effect-slide .wp-block-uagb-image__figure:hover img,.wp-block-uagb-image--effect-slide .wp-block-uagb-image__figure:hover .wp-block-uagb-image--layout-overlay__color-wrapper{transform:translate3d(0, 0, 0)}.wp-block-uagb-image--effect-grayscale img{filter:grayscale(0%);transition:.35s ease-in-out}.wp-block-uagb-image--effect-grayscale:hover img{filter:grayscale(100%)}.wp-block-uagb-image--effect-blur img{filter:blur(0);transition:.35s ease-in-out}.wp-block-uagb-image--effect-blur:hover img{filter:blur(3px)}.uagb-block-e6f939b3.wp-block-uagb-image--layout-default figure img{box-shadow: 0px 0px 0 #00000070;}.uagb-block-e6f939b3.wp-block-uagb-image .wp-block-uagb-image__figure figcaption{font-style: normal;align-self: center;}.uagb-block-e6f939b3.wp-block-uagb-image--layout-overlay figure img{box-shadow: 0px 0px 0 #00000070;}.uagb-block-e6f939b3.wp-block-uagb-image--layout-overlay .wp-block-uagb-image--layout-overlay__color-wrapper{opacity: 0.2;}.uagb-block-e6f939b3.wp-block-uagb-image--layout-overlay .wp-block-uagb-image--layout-overlay__inner{left: 15px;right: 15px;top: 15px;bottom: 15px;}.uagb-block-e6f939b3.wp-block-uagb-image--layout-overlay .wp-block-uagb-image--layout-overlay__inner .uagb-image-heading{font-style: normal;color: #fff;opacity: 1;}.uagb-block-e6f939b3.wp-block-uagb-image--layout-overlay .wp-block-uagb-image--layout-overlay__inner .uagb-image-heading a{color: #fff;}.uagb-block-e6f939b3.wp-block-uagb-image--layout-overlay .wp-block-uagb-image--layout-overlay__inner .uagb-image-caption{opacity: 0;}.uagb-block-e6f939b3.wp-block-uagb-image--layout-overlay .wp-block-uagb-image__figure:hover .wp-block-uagb-image--layout-overlay__color-wrapper{opacity: 1;}.uagb-block-e6f939b3.wp-block-uagb-image .wp-block-uagb-image--layout-overlay__inner .uagb-image-separator{width: 30%;border-top-width: 2px;border-top-color: #fff;opacity: 0;}.uagb-block-e6f939b3.wp-block-uagb-image .wp-block-uagb-image__figure img{width: px;height: auto;}.uagb-block-e6f939b3.wp-block-uagb-image .wp-block-uagb-image__figure:hover .wp-block-uagb-image--layout-overlay__inner .uagb-image-caption{opacity: 1;}.uagb-block-e6f939b3.wp-block-uagb-image .wp-block-uagb-image__figure:hover .wp-block-uagb-image--layout-overlay__inner .uagb-image-separator{opacity: 1;}.uagb-block-e6f939b3.wp-block-uagb-image--layout-default figure:hover img{box-shadow: 0px 0px 0 #00000070;}.uagb-block-e6f939b3.wp-block-uagb-image--layout-overlay figure:hover img{box-shadow: 0px 0px 0 #00000070;}@media only screen and (max-width: 976px) {.uagb-block-e6f939b3.wp-block-uagb-image .wp-block-uagb-image__figure img{width: px;height: auto;}}@media only screen and (max-width: 767px) {.uagb-block-e6f939b3.wp-block-uagb-image .wp-block-uagb-image__figure img{width: px;height: auto;}}\";s:2:\"js\";s:0:\"\";s:18:\"current_block_list\";a:13:{i:0;s:11:\"core\/search\";i:1;s:10:\"core\/group\";i:2;s:12:\"core\/heading\";i:3;s:17:\"core\/latest-posts\";i:4;s:20:\"core\/latest-comments\";i:5;s:13:\"core\/archives\";i:6;s:15:\"core\/categories\";i:7;s:14:\"core\/paragraph\";i:8;s:10:\"uagb\/image\";i:9;s:11:\"core\/spacer\";i:10;s:30:\"woocommerce\/product-categories\";i:11;s:10:\"core\/image\";i:12;s:14:\"core\/shortcode\";}s:8:\"uag_flag\";b:1;s:11:\"uag_version\";s:10:\"1777282574\";s:6:\"gfonts\";a:0:{}s:10:\"gfonts_url\";s:0:\"\";s:12:\"gfonts_files\";a:0:{}s:14:\"uag_faq_layout\";b:0;}"]},"uagb_featured_image_src":{"full":["https:\/\/www.ferberpainting.com\/wp-content\/uploads\/2025\/05\/Water_Repellent_All_Materials_5L.jpg",2560,2560,false],"thumbnail":["https:\/\/www.ferberpainting.com\/wp-content\/uploads\/2025\/05\/Water_Repellent_All_Materials_5L-150x150.jpg",150,150,true],"medium":["https:\/\/www.ferberpainting.com\/wp-content\/uploads\/2025\/05\/Water_Repellent_All_Materials_5L-300x300.jpg",300,300,true],"medium_large":["https:\/\/www.ferberpainting.com\/wp-content\/uploads\/2025\/05\/Water_Repellent_All_Materials_5L-768x768.jpg",768,768,true],"large":["https:\/\/www.ferberpainting.com\/wp-content\/uploads\/2025\/05\/Water_Repellent_All_Materials_5L-1024x1024.jpg",1024,1024,true],"1536x1536":["https:\/\/www.ferberpainting.com\/wp-content\/uploads\/2025\/05\/Water_Repellent_All_Materials_5L-1536x1536.jpg",1536,1536,true],"2048x2048":["https:\/\/www.ferberpainting.com\/wp-content\/uploads\/2025\/05\/Water_Repellent_All_Materials_5L-2048x2048.jpg",2048,2048,true],"trp-custom-language-flag":["https:\/\/www.ferberpainting.com\/wp-content\/uploads\/2025\/05\/Water_Repellent_All_Materials_5L-12x12.jpg",12,12,true],"woocommerce_thumbnail":["https:\/\/www.ferberpainting.com\/wp-content\/uploads\/2025\/05\/Water_Repellent_All_Materials_5L-300x300.jpg",300,300,true],"woocommerce_single":["https:\/\/www.ferberpainting.com\/wp-content\/uploads\/2025\/05\/Water_Repellent_All_Materials_5L-600x600.jpg",600,600,true],"woocommerce_gallery_thumbnail":["https:\/\/www.ferberpainting.com\/wp-content\/uploads\/2025\/05\/Water_Repellent_All_Materials_5L-100x100.jpg",100,100,true]},"uagb_author_info":{"display_name":"admin","author_link":"https:\/\/www.ferberpainting.com\/cz\/author\/"},"uagb_comment_info":50,"uagb_excerpt":"Universal protection for all materials with one powerful solution. Our water-repellent all materials formula is specially designed to protect a wide range of surfaces against water infiltration, moisture damage, and environmental wear. Whether applied to stone, concrete, brick, wood, plaster, tiles, or composite materials, this advanced treatment creates a strong hydrophobic barrier that repels water&hellip;","_links":{"self":[{"href":"https:\/\/www.ferberpainting.com\/cz\/wp-json\/wp\/v2\/product\/25640","targetHints":{"allow":["GET"]}}],"collection":[{"href":"https:\/\/www.ferberpainting.com\/cz\/wp-json\/wp\/v2\/product"}],"about":[{"href":"https:\/\/www.ferberpainting.com\/cz\/wp-json\/wp\/v2\/types\/product"}],"replies":[{"embeddable":true,"href":"https:\/\/www.ferberpainting.com\/cz\/wp-json\/wp\/v2\/comments?post=25640"}],"version-history":[{"count":4,"href":"https:\/\/www.ferberpainting.com\/cz\/wp-json\/wp\/v2\/product\/25640\/revisions"}],"predecessor-version":[{"id":168846,"href":"https:\/\/www.ferberpainting.com\/cz\/wp-json\/wp\/v2\/product\/25640\/revisions\/168846"}],"wp:featuredmedia":[{"embeddable":true,"href":"https:\/\/www.ferberpainting.com\/cz\/wp-json\/wp\/v2\/media\/27447"}],"wp:attachment":[{"href":"https:\/\/www.ferberpainting.com\/cz\/wp-json\/wp\/v2\/media?parent=25640"}],"wp:term":[{"taxonomy":"product_brand","embeddable":true,"href":"https:\/\/www.ferberpainting.com\/cz\/wp-json\/wp\/v2\/product_brand?post=25640"},{"taxonomy":"product_cat","embeddable":true,"href":"https:\/\/www.ferberpainting.com\/cz\/wp-json\/wp\/v2\/product_cat?post=25640"},{"taxonomy":"product_tag","embeddable":true,"href":"https:\/\/www.ferberpainting.com\/cz\/wp-json\/wp\/v2\/product_tag?post=25640"}],"curies":[{"name":"wp","href":"https:\/\/api.w.org\/{rel}","templated":true}]}}