{"id":25633,"date":"2025-05-26T10:32:58","date_gmt":"2025-05-26T08:32:58","guid":{"rendered":"https:\/\/www.ferberpainting.com\/products\/wallpaper-adhesive\/"},"modified":"2026-02-17T14:06:30","modified_gmt":"2026-02-17T13:06:30","slug":"wallpaper-adhesive","status":"publish","type":"product","link":"https:\/\/www.ferberpainting.com\/cz\/products\/wallpaper-adhesive\/","title":{"rendered":"Lepidlo na tapety"},"content":{"rendered":"<p><strong><img decoding=\"async\" style=\"margin-right: 12px;\" src=\"https:\/\/www.ferberpainting.com\/wp-content\/uploads\/2026\/02\/Check.svg\" alt=\"\" width=\"18\" height=\"15\" \/>Optim\u00e1ln\u00ed p\u0159ilnavost pro v\u0161echny typy tapet.<\/strong>\u00a0Toto lepidlo na tapety je speci\u00e1ln\u011b vyvinuto tak, aby zajistilo trvanlivou a rovnom\u011brnou fixaci obklad\u016f st\u011bn. Jeho tekut\u00e1 a snadno aplikovateln\u00e1 textura zaru\u010duje dokonalou p\u0159ilnavost, zabra\u0148uje vzniku vzduchov\u00fdch bublin a p\u0159ed\u010dasn\u00e9mu odlupov\u00e1n\u00ed. Je kompatibiln\u00ed se v\u0161emi typy tapet, v\u010detn\u011b siln\u00fdch, vinylov\u00fdch a netkan\u00fdch model\u016f, a umo\u017e\u0148uje bezchybnou instalaci a optim\u00e1ln\u00ed estetick\u00fd v\u00fdsledek.<\/p>\n<p><strong><img decoding=\"async\" style=\"margin-right: 12px;\" src=\"https:\/\/www.ferberpainting.com\/wp-content\/uploads\/2026\/02\/Check.svg\" alt=\"\" width=\"18\" height=\"15\" \/>Z\u00e1ruka vr\u00e1cen\u00ed pen\u011bz.<\/strong>\u00a0M\u00e1me naprostou d\u016fv\u011bru v \u00fa\u010dinnost na\u0161eho lepidla na tapety. Proto nab\u00edz\u00edme z\u00e1ruku vr\u00e1cen\u00ed pen\u011bz. Pokud v\u00fdrobek po aplikaci podle doporu\u010den\u00ed nespln\u00ed va\u0161e o\u010dek\u00e1v\u00e1n\u00ed, m\u00e1te mo\u017enost po\u017e\u00e1dat o vr\u00e1cen\u00ed pen\u011bz bez jak\u00fdchkoli podm\u00ednek, \u010d\u00edm\u017e si zajist\u00edte bezpe\u010dn\u00fd a bezrizikov\u00fd n\u00e1kup.<\/p>\n<p><strong><img decoding=\"async\" style=\"margin-right: 12px;\" src=\"https:\/\/www.ferberpainting.com\/wp-content\/uploads\/2026\/02\/Check.svg\" alt=\"\" width=\"18\" height=\"15\" \/>Kompatibiln\u00ed s mnoha povrchy st\u011bn.<\/strong>\u00a0Toto lepidlo je vhodn\u00e9 na r\u016fzn\u00e9 typy povrch\u016f, jako je om\u00edtka, cement, beton, d\u0159evo, s\u00e1drokarton a star\u00e9 tapety. Zaru\u010duje \u00fa\u010dinnou p\u0159ilnavost i na m\u00edrn\u011b nepravideln\u00fdch st\u011bn\u00e1ch a zaji\u0161\u0165uje dobrou \u00fadr\u017ebu krytiny po dlouhou dobu.<\/p>\n<p><strong><img decoding=\"async\" style=\"margin-right: 12px;\" src=\"https:\/\/www.ferberpainting.com\/wp-content\/uploads\/2026\/02\/Check.svg\" alt=\"\" width=\"18\" height=\"15\" \/>Ekonomick\u00fd v\u00fdkon a optimalizovan\u00e9 pou\u017eit\u00ed.<\/strong>\u00a0D\u00edky \u00fa\u010dinn\u00e9 koncentraci pokryje 1 litr lepidla 5 a\u017e 7 m\u00b2 v z\u00e1vislosti na tlou\u0161\u0165ce tapety a p\u00f3rovitosti povrchu. Jeho hladk\u00e1 struktura umo\u017e\u0148uje rovnom\u011brnou distribuci a sn\u00ed\u017eenou spot\u0159ebu, co\u017e zaji\u0161\u0165uje vynikaj\u00edc\u00ed pom\u011br kvality a ceny.<\/p>\n<p><strong><img decoding=\"async\" style=\"margin-right: 12px;\" src=\"https:\/\/www.ferberpainting.com\/wp-content\/uploads\/2026\/02\/Check.svg\" alt=\"\" width=\"18\" height=\"15\" \/>Bezpe\u010dn\u00fd a ekologick\u00fd v\u00fdrobek.<\/strong>\u00a0Slo\u017een\u00ed tohoto lepidla neobsahuje rozpou\u0161t\u011bdla ani toxick\u00e9 slo\u017eky, tak\u017ee je pro u\u017eivatele zcela ne\u0161kodn\u00e9 a nem\u00e1 \u017e\u00e1dn\u00fd negativn\u00ed vliv na kvalitu ovzdu\u0161\u00ed v interi\u00e9ru. Nevyd\u00e1v\u00e1 \u017e\u00e1dn\u00fd nep\u0159\u00edjemn\u00fd z\u00e1pach, co\u017e umo\u017e\u0148uje bezpe\u010dnou aplikaci i v uzav\u0159en\u00fdch prostor\u00e1ch, jako jsou d\u011btsk\u00e9 pokoje nebo kancel\u00e1\u0159e.<\/p>\n<p><strong><img decoding=\"async\" style=\"margin-right: 12px;\" src=\"https:\/\/www.ferberpainting.com\/wp-content\/uploads\/2026\/02\/Check.svg\" alt=\"\" width=\"18\" height=\"15\" \/>Snadn\u00e1 aplikace pro rychlou a snadnou instalaci.<\/strong>\u00a0Toto lepidlo je p\u0159ipraveno k pou\u017eit\u00ed, snadno se rozt\u00edr\u00e1 v\u00e1le\u010dkem, \u0161t\u011btcem nebo smet\u00e1kem a zaji\u0161\u0165uje rovnom\u011brn\u00e9 pokryt\u00ed a okam\u017eitou fixaci tapet. Nevysych\u00e1 p\u0159\u00edli\u0161 rychle, tak\u017ee poskytuje \u010das na \u00fapravu um\u00edst\u011bn\u00ed a p\u0159\u00edpadnou zm\u011bnu polohy p\u00e1s\u016f.<\/p>\n<p><strong><img decoding=\"async\" style=\"margin-right: 12px;\" src=\"https:\/\/www.ferberpainting.com\/wp-content\/uploads\/2026\/02\/Check.svg\" alt=\"\" width=\"18\" height=\"15\" \/>Trval\u00e1 p\u0159ilnavost a odolnost v\u016f\u010di klimatick\u00fdm zm\u011bn\u00e1m.<\/strong>\u00a0Po nanesen\u00ed a zaschnut\u00ed zaji\u0161\u0165uje toto lepidlo dlouhotrvaj\u00edc\u00ed fixaci, odolnou v\u016f\u010di zm\u011bn\u00e1m vlhkosti a teploty. Zabra\u0148uje odlupov\u00e1n\u00ed zp\u016fsoben\u00e9mu klimatick\u00fdmi podm\u00ednkami a zaru\u010duje vynikaj\u00edc\u00ed trvanlivost krytiny i po n\u011bkolika letech.<\/p>\n<p><strong><img decoding=\"async\" style=\"margin-right: 12px;\" src=\"https:\/\/www.ferberpainting.com\/wp-content\/uploads\/2026\/02\/Check.svg\" alt=\"\" width=\"18\" height=\"15\" \/>Rychle schnouc\u00ed pro bezchybn\u00fd vzhled.<\/strong>\u00a0D\u00edky rychleschnouc\u00edmu slo\u017een\u00ed se tapeta dokonale vytvrd\u00ed b\u011bhem n\u011bkolika hodin, ani\u017e by hrozilo riziko kapek nebo viditeln\u00fdch stop. Po 24 hodin\u00e1ch je st\u011bna zcela such\u00e1 a p\u0159ipraven\u00e1 k dekorov\u00e1n\u00ed nebo aran\u017eov\u00e1n\u00ed podle p\u0159\u00e1n\u00ed.<\/p>\n<h2><strong>Protokol o pou\u017eit\u00ed<\/strong><\/h2>\n<ul>\n<li><strong>P\u0159\u00edprava povrchu <\/strong>: Ujist\u011bte se, \u017ee je povrch \u010dist\u00fd, such\u00fd a zbaven\u00fd prachu, mastnoty nebo zbytk\u016f star\u00e9ho lepidla. U por\u00e9zn\u00edch nebo sav\u00fdch st\u011bn naneste z\u00e1kladn\u00ed n\u00e1t\u011br, abyste usnadnili p\u0159ilnavost a zabr\u00e1nili nadm\u011brn\u00e9 absorpci lepidla.<\/li>\n<li><strong>Doporu\u010den\u00e9 d\u00e1vkov\u00e1n\u00ed <\/strong>: Naneste p\u0159ibli\u017en\u011b 1 litr na 5 a\u017e 7 m\u00b2 v z\u00e1vislosti na typu tapety a povrchu st\u011bny. U t\u011b\u017ek\u00fdch nebo strukturovan\u00fdch tapet m\u016f\u017ee b\u00fdt pro zaji\u0161t\u011bn\u00ed optim\u00e1ln\u00ed p\u0159ilnavosti nutn\u00e1 v\u011bt\u0161\u00ed vrstva.<\/li>\n<li><strong>Aplikace lepidla <\/strong>: Lepidlo naneste p\u0159\u00edmo na st\u011bnu u netkan\u00fdch tapet nebo na samotnou tapetu u tradi\u010dn\u00edch model\u016f pomoc\u00ed v\u00e1le\u010dku, \u0161t\u011btce nebo \u0161irok\u00e9ho ko\u0161t\u011bte. Dbejte na rovnom\u011brn\u00e9 rozlo\u017een\u00ed, aby nedo\u0161lo k nadm\u011brn\u00e9mu nebo nedostate\u010dn\u00e9mu pokryt\u00ed.<\/li>\n<li><strong>Instalace tapet <\/strong>: P\u0159ilo\u017ete tapetov\u00fd p\u00e1s na st\u011bnu a postupn\u011b jej uhlazujte od st\u0159edu ke kraj\u016fm, abyste odstranili vzduchov\u00e9 bubliny a zajistili dokonalou p\u0159ilnavost. Ne\u017e za\u010dne lepidlo schnout, zkontrolujte zarovn\u00e1n\u00ed a v p\u0159\u00edpad\u011b pot\u0159eby jej upravte.<\/li>\n<li><strong>Doba su\u0161en\u00ed <\/strong>: V z\u00e1vislosti na okoln\u00edch podm\u00ednk\u00e1ch nechte zaschnout 12 a\u017e 24 hodin. B\u011bhem f\u00e1ze su\u0161en\u00ed nevystavujte m\u00edstnost siln\u00e9mu pr\u016fvanu nebo nadm\u011brn\u00e9 vlhkosti.<\/li>\n<li><strong>Dokon\u010dovac\u00ed pr\u00e1ce a \u00fadr\u017eba <\/strong>: Po zaschnut\u00ed lze tapetu v p\u0159\u00edpad\u011b pot\u0159eby jemn\u011b o\u010distit vlhk\u00fdm had\u0159\u00edkem. Pro pos\u00edlen\u00ed p\u0159ilnavosti lze po \u00fapln\u00e9m zaschnut\u00ed lehce vyhladit m\u011bkkou \u0161pachtl\u00ed.<\/li>\n<li><strong>\u010ci\u0161t\u011bn\u00ed n\u00e1stroj\u016f <\/strong>: Po aplikaci okam\u017eit\u011b o\u010dist\u011bte v\u00e1le\u010dky a \u0161t\u011btce vla\u017enou vodou, abyste zabr\u00e1nili usazov\u00e1n\u00ed lepidla a prodlou\u017eili \u017eivotnost za\u0159\u00edzen\u00ed.<\/li>\n<\/ul>","protected":false},"excerpt":{"rendered":"<p>Optimal adhesion for all types of wallpapers.\u00a0This wallpaper adhesive is specially formulated to ensure a durable and uniform fixation of wall coverings. Its fluid and easy-to-apply texture guarantees perfect adhesion, preventing air bubbles and premature peeling. Compatible with all types of wallpapers, including thick, vinyl, and non-woven models, it allows for flawless installation and an [&hellip;]<\/p>\n","protected":false},"featured_media":27443,"comment_status":"open","ping_status":"closed","template":"","meta":{"_uag_custom_page_level_css":"","site-sidebar-layout":"default","site-content-layout":"","ast-site-content-layout":"default","site-content-style":"default","site-sidebar-style":"default","ast-global-header-display":"","ast-banner-title-visibility":"","ast-main-header-display":"","ast-hfb-above-header-display":"","ast-hfb-below-header-display":"","ast-hfb-mobile-header-display":"","site-post-title":"","ast-breadcrumbs-content":"","ast-featured-img":"","footer-sml-layout":"","ast-disable-related-posts":"","theme-transparent-header-meta":"default","adv-header-id-meta":"","stick-header-meta":"","header-above-stick-meta":"","header-main-stick-meta":"","header-below-stick-meta":"","astra-migrate-meta-layouts":"set","ast-page-background-enabled":"default","ast-page-background-meta":{"desktop":{"background-color":"var(--ast-global-color-4)","background-image":"","background-repeat":"repeat","background-position":"center center","background-size":"auto","background-attachment":"scroll","background-type":"","background-media":"","overlay-type":"","overlay-color":"","overlay-opacity":"","overlay-gradient":""},"tablet":{"background-color":"","background-image":"","background-repeat":"repeat","background-position":"center center","background-size":"auto","background-attachment":"scroll","background-type":"","background-media":"","overlay-type":"","overlay-color":"","overlay-opacity":"","overlay-gradient":""},"mobile":{"background-color":"","background-image":"","background-repeat":"repeat","background-position":"center center","background-size":"auto","background-attachment":"scroll","background-type":"","background-media":"","overlay-type":"","overlay-color":"","overlay-opacity":"","overlay-gradient":""}},"ast-content-background-meta":{"desktop":{"background-color":"var(--ast-global-color-5)","background-image":"","background-repeat":"repeat","background-position":"center center","background-size":"auto","background-attachment":"scroll","background-type":"","background-media":"","overlay-type":"","overlay-color":"","overlay-opacity":"","overlay-gradient":""},"tablet":{"background-color":"var(--ast-global-color-5)","background-image":"","background-repeat":"repeat","background-position":"center center","background-size":"auto","background-attachment":"scroll","background-type":"","background-media":"","overlay-type":"","overlay-color":"","overlay-opacity":"","overlay-gradient":""},"mobile":{"background-color":"var(--ast-global-color-5)","background-image":"","background-repeat":"repeat","background-position":"center center","background-size":"auto","background-attachment":"scroll","background-type":"","background-media":"","overlay-type":"","overlay-color":"","overlay-opacity":"","overlay-gradient":""}}},"product_brand":[],"product_cat":[175],"product_tag":[],"class_list":{"0":"post-25633","1":"product","2":"type-product","3":"status-publish","4":"has-post-thumbnail","6":"product_cat-cleaning-products","7":"desktop-align-left","8":"tablet-align-left","9":"mobile-align-left","11":"first","12":"instock","13":"sale","14":"taxable","15":"shipping-taxable","16":"purchasable","17":"product-type-variable","18":"has-default-attributes"},"spectra_custom_meta":{"_visibility":["visible"],"_shopify_product_id":["9060858560757"],"_s2w_shopify_domain":["ferberpainting.myshopify.com"],"_shopify_variant_id":["46484066992373"],"_sku":[""],"_manage_stock":["no"],"total_sales":["7"],"_tax_status":["taxable"],"_tax_class":[""],"_backorders":["no"],"_sold_individually":["no"],"_virtual":["no"],"_downloadable":["no"],"_download_limit":["-1"],"_download_expiry":["-1"],"_stock":[null],"_stock_status":["instock"],"_wc_average_rating":["4.86"],"_wc_review_count":["7"],"_product_attributes":["a:1:{s:6:\"volume\";a:6:{s:4:\"name\";s:6:\"volume\";s:5:\"value\";s:20:\"5 liters | 25 liters\";s:8:\"position\";i:1;s:10:\"is_visible\";i:0;s:12:\"is_variation\";i:1;s:11:\"is_taxonomy\";i:0;}}"],"_product_version":["10.5.2"],"_thumbnail_id":["27443"],"_product_image_gallery":["27444"],"wpse_downloadable_file_names":[""],"wpse_downloadable_file_urls":[""],"_edit_last":["1"],"_edit_lock":["1771333454:1"],"merchant-center-category":["503742"],"merchant-center-availability":["yes"],"_default_attributes":["a:1:{s:6:\"volume\";s:8:\"5 liters\";}"],"_price":["19.90","79.90"],"_wp_page_template":["default"],"site-sidebar-layout":["default"],"ast-site-content-layout":["default"],"site-content-style":["default"],"site-sidebar-style":["default"],"theme-transparent-header-meta":["default"],"_wc_rating_count":["a:2:{i:4;i:1;i:5;i:6;}"],"astra-migrate-meta-layouts":["set"],"_uag_css_file_name":["uag-css-25633.css"],"_elementor_page_assets":["a:0:{}"],"_uag_page_assets":["a:9:{s:3:\"css\";s:7133:\".uag-blocks-common-selector{z-index:var(--z-index-desktop) !important}@media(max-width: 976px){.uag-blocks-common-selector{z-index:var(--z-index-tablet) !important}}@media(max-width: 767px){.uag-blocks-common-selector{z-index:var(--z-index-mobile) !important}}.wp-block-uagb-image{display:flex}.wp-block-uagb-image__figure{position:relative;display:flex;flex-direction:column;max-width:100%;height:auto;margin:0}.wp-block-uagb-image__figure img{height:auto;display:flex;max-width:100%;transition:box-shadow .2s ease}.wp-block-uagb-image__figure>a{display:inline-block}.wp-block-uagb-image__figure figcaption{text-align:center;margin-top:.5em;margin-bottom:1em}.wp-block-uagb-image .components-placeholder.block-editor-media-placeholder .components-placeholder__instructions{align-self:center}.wp-block-uagb-image--align-left{text-align:left}.wp-block-uagb-image--align-right{text-align:right}.wp-block-uagb-image--align-center{text-align:center}.wp-block-uagb-image--align-full .wp-block-uagb-image__figure{margin-left:calc(50% - 50vw);margin-right:calc(50% - 50vw);max-width:100vw;width:100vw;height:auto}.wp-block-uagb-image--align-full .wp-block-uagb-image__figure img{height:auto;width:100% !important}.wp-block-uagb-image--align-wide .wp-block-uagb-image__figure img{height:auto;width:100%}.wp-block-uagb-image--layout-overlay__color-wrapper{position:absolute;left:0;top:0;right:0;bottom:0;opacity:.2;background:rgba(0,0,0,.5);transition:opacity .35s ease-in-out}.wp-block-uagb-image--layout-overlay-link{position:absolute;left:0;right:0;bottom:0;top:0}.wp-block-uagb-image--layout-overlay .wp-block-uagb-image__figure:hover .wp-block-uagb-image--layout-overlay__color-wrapper{opacity:1}.wp-block-uagb-image--layout-overlay__inner{position:absolute;left:15px;right:15px;bottom:15px;top:15px;display:flex;align-items:center;justify-content:center;flex-direction:column;border-color:#fff;transition:.35s ease-in-out}.wp-block-uagb-image--layout-overlay__inner.top-left,.wp-block-uagb-image--layout-overlay__inner.top-center,.wp-block-uagb-image--layout-overlay__inner.top-right{justify-content:flex-start}.wp-block-uagb-image--layout-overlay__inner.bottom-left,.wp-block-uagb-image--layout-overlay__inner.bottom-center,.wp-block-uagb-image--layout-overlay__inner.bottom-right{justify-content:flex-end}.wp-block-uagb-image--layout-overlay__inner.top-left,.wp-block-uagb-image--layout-overlay__inner.center-left,.wp-block-uagb-image--layout-overlay__inner.bottom-left{align-items:flex-start}.wp-block-uagb-image--layout-overlay__inner.top-right,.wp-block-uagb-image--layout-overlay__inner.center-right,.wp-block-uagb-image--layout-overlay__inner.bottom-right{align-items:flex-end}.wp-block-uagb-image--layout-overlay__inner .uagb-image-heading{color:#fff;transition:transform .35s,opacity .35s ease-in-out;transform:translate3d(0, 24px, 0);margin:0;line-height:1em}.wp-block-uagb-image--layout-overlay__inner .uagb-image-separator{width:30%;border-top-width:2px;border-top-color:#fff;border-top-style:solid;margin-bottom:10px;opacity:0;transition:transform .4s,opacity .4s ease-in-out;transform:translate3d(0, 30px, 0)}.wp-block-uagb-image--layout-overlay__inner .uagb-image-caption{opacity:0;overflow:visible;color:#fff;transition:transform .45s,opacity .45s ease-in-out;transform:translate3d(0, 35px, 0)}.wp-block-uagb-image--layout-overlay__inner:hover .uagb-image-heading,.wp-block-uagb-image--layout-overlay__inner:hover .uagb-image-separator,.wp-block-uagb-image--layout-overlay__inner:hover .uagb-image-caption{opacity:1;transform:translate3d(0, 0, 0)}.wp-block-uagb-image--effect-zoomin .wp-block-uagb-image__figure img,.wp-block-uagb-image--effect-zoomin .wp-block-uagb-image__figure .wp-block-uagb-image--layout-overlay__color-wrapper{transform:scale(1);transition:transform .35s ease-in-out}.wp-block-uagb-image--effect-zoomin .wp-block-uagb-image__figure:hover img,.wp-block-uagb-image--effect-zoomin .wp-block-uagb-image__figure:hover .wp-block-uagb-image--layout-overlay__color-wrapper{transform:scale(1.05)}.wp-block-uagb-image--effect-slide .wp-block-uagb-image__figure img,.wp-block-uagb-image--effect-slide .wp-block-uagb-image__figure .wp-block-uagb-image--layout-overlay__color-wrapper{width:calc(100% + 40px) !important;max-width:none !important;transform:translate3d(-40px, 0, 0);transition:transform .35s ease-in-out}.wp-block-uagb-image--effect-slide .wp-block-uagb-image__figure:hover img,.wp-block-uagb-image--effect-slide .wp-block-uagb-image__figure:hover .wp-block-uagb-image--layout-overlay__color-wrapper{transform:translate3d(0, 0, 0)}.wp-block-uagb-image--effect-grayscale img{filter:grayscale(0%);transition:.35s ease-in-out}.wp-block-uagb-image--effect-grayscale:hover img{filter:grayscale(100%)}.wp-block-uagb-image--effect-blur img{filter:blur(0);transition:.35s ease-in-out}.wp-block-uagb-image--effect-blur:hover img{filter:blur(3px)}.uagb-block-e6f939b3.wp-block-uagb-image--layout-default figure img{box-shadow: 0px 0px 0 #00000070;}.uagb-block-e6f939b3.wp-block-uagb-image .wp-block-uagb-image__figure figcaption{font-style: normal;align-self: center;}.uagb-block-e6f939b3.wp-block-uagb-image--layout-overlay figure img{box-shadow: 0px 0px 0 #00000070;}.uagb-block-e6f939b3.wp-block-uagb-image--layout-overlay .wp-block-uagb-image--layout-overlay__color-wrapper{opacity: 0.2;}.uagb-block-e6f939b3.wp-block-uagb-image--layout-overlay .wp-block-uagb-image--layout-overlay__inner{left: 15px;right: 15px;top: 15px;bottom: 15px;}.uagb-block-e6f939b3.wp-block-uagb-image--layout-overlay .wp-block-uagb-image--layout-overlay__inner .uagb-image-heading{font-style: normal;color: #fff;opacity: 1;}.uagb-block-e6f939b3.wp-block-uagb-image--layout-overlay .wp-block-uagb-image--layout-overlay__inner .uagb-image-heading a{color: #fff;}.uagb-block-e6f939b3.wp-block-uagb-image--layout-overlay .wp-block-uagb-image--layout-overlay__inner .uagb-image-caption{opacity: 0;}.uagb-block-e6f939b3.wp-block-uagb-image--layout-overlay .wp-block-uagb-image__figure:hover .wp-block-uagb-image--layout-overlay__color-wrapper{opacity: 1;}.uagb-block-e6f939b3.wp-block-uagb-image .wp-block-uagb-image--layout-overlay__inner .uagb-image-separator{width: 30%;border-top-width: 2px;border-top-color: #fff;opacity: 0;}.uagb-block-e6f939b3.wp-block-uagb-image .wp-block-uagb-image__figure img{width: px;height: auto;}.uagb-block-e6f939b3.wp-block-uagb-image .wp-block-uagb-image__figure:hover .wp-block-uagb-image--layout-overlay__inner .uagb-image-caption{opacity: 1;}.uagb-block-e6f939b3.wp-block-uagb-image .wp-block-uagb-image__figure:hover .wp-block-uagb-image--layout-overlay__inner .uagb-image-separator{opacity: 1;}.uagb-block-e6f939b3.wp-block-uagb-image--layout-default figure:hover img{box-shadow: 0px 0px 0 #00000070;}.uagb-block-e6f939b3.wp-block-uagb-image--layout-overlay figure:hover img{box-shadow: 0px 0px 0 #00000070;}@media only screen and (max-width: 976px) {.uagb-block-e6f939b3.wp-block-uagb-image .wp-block-uagb-image__figure img{width: px;height: auto;}}@media only screen and (max-width: 767px) {.uagb-block-e6f939b3.wp-block-uagb-image .wp-block-uagb-image__figure img{width: px;height: auto;}}\";s:2:\"js\";s:0:\"\";s:18:\"current_block_list\";a:13:{i:0;s:11:\"core\/search\";i:1;s:10:\"core\/group\";i:2;s:12:\"core\/heading\";i:3;s:17:\"core\/latest-posts\";i:4;s:20:\"core\/latest-comments\";i:5;s:13:\"core\/archives\";i:6;s:15:\"core\/categories\";i:7;s:14:\"core\/paragraph\";i:8;s:10:\"uagb\/image\";i:9;s:11:\"core\/spacer\";i:10;s:30:\"woocommerce\/product-categories\";i:11;s:10:\"core\/image\";i:12;s:14:\"core\/shortcode\";}s:8:\"uag_flag\";b:1;s:11:\"uag_version\";s:10:\"1777364238\";s:6:\"gfonts\";a:0:{}s:10:\"gfonts_url\";s:0:\"\";s:12:\"gfonts_files\";a:0:{}s:14:\"uag_faq_layout\";b:0;}"]},"uagb_featured_image_src":{"full":["https:\/\/www.ferberpainting.com\/wp-content\/uploads\/2025\/05\/WallpaperAdhesive5L.png",2560,2560,false],"thumbnail":["https:\/\/www.ferberpainting.com\/wp-content\/uploads\/2025\/05\/WallpaperAdhesive5L-150x150.png",150,150,true],"medium":["https:\/\/www.ferberpainting.com\/wp-content\/uploads\/2025\/05\/WallpaperAdhesive5L-300x300.png",300,300,true],"medium_large":["https:\/\/www.ferberpainting.com\/wp-content\/uploads\/2025\/05\/WallpaperAdhesive5L-768x768.png",768,768,true],"large":["https:\/\/www.ferberpainting.com\/wp-content\/uploads\/2025\/05\/WallpaperAdhesive5L-1024x1024.png",1024,1024,true],"1536x1536":["https:\/\/www.ferberpainting.com\/wp-content\/uploads\/2025\/05\/WallpaperAdhesive5L-1536x1536.png",1536,1536,true],"2048x2048":["https:\/\/www.ferberpainting.com\/wp-content\/uploads\/2025\/05\/WallpaperAdhesive5L-2048x2048.png",2048,2048,true],"trp-custom-language-flag":["https:\/\/www.ferberpainting.com\/wp-content\/uploads\/2025\/05\/WallpaperAdhesive5L-12x12.png",12,12,true],"woocommerce_thumbnail":["https:\/\/www.ferberpainting.com\/wp-content\/uploads\/2025\/05\/WallpaperAdhesive5L-300x300.png",300,300,true],"woocommerce_single":["https:\/\/www.ferberpainting.com\/wp-content\/uploads\/2025\/05\/WallpaperAdhesive5L-600x600.png",600,600,true],"woocommerce_gallery_thumbnail":["https:\/\/www.ferberpainting.com\/wp-content\/uploads\/2025\/05\/WallpaperAdhesive5L-100x100.png",100,100,true]},"uagb_author_info":{"display_name":"admin","author_link":"https:\/\/www.ferberpainting.com\/cz\/author\/"},"uagb_comment_info":7,"uagb_excerpt":"Optimal adhesion for all types of wallpapers.\u00a0This wallpaper adhesive is specially formulated to ensure a durable and uniform fixation of wall coverings. Its fluid and easy-to-apply texture guarantees perfect adhesion, preventing air bubbles and premature peeling. Compatible with all types of wallpapers, including thick, vinyl, and non-woven models, it allows for flawless installation and an&hellip;","_links":{"self":[{"href":"https:\/\/www.ferberpainting.com\/cz\/wp-json\/wp\/v2\/product\/25633","targetHints":{"allow":["GET"]}}],"collection":[{"href":"https:\/\/www.ferberpainting.com\/cz\/wp-json\/wp\/v2\/product"}],"about":[{"href":"https:\/\/www.ferberpainting.com\/cz\/wp-json\/wp\/v2\/types\/product"}],"replies":[{"embeddable":true,"href":"https:\/\/www.ferberpainting.com\/cz\/wp-json\/wp\/v2\/comments?post=25633"}],"version-history":[{"count":3,"href":"https:\/\/www.ferberpainting.com\/cz\/wp-json\/wp\/v2\/product\/25633\/revisions"}],"predecessor-version":[{"id":168607,"href":"https:\/\/www.ferberpainting.com\/cz\/wp-json\/wp\/v2\/product\/25633\/revisions\/168607"}],"wp:featuredmedia":[{"embeddable":true,"href":"https:\/\/www.ferberpainting.com\/cz\/wp-json\/wp\/v2\/media\/27443"}],"wp:attachment":[{"href":"https:\/\/www.ferberpainting.com\/cz\/wp-json\/wp\/v2\/media?parent=25633"}],"wp:term":[{"taxonomy":"product_brand","embeddable":true,"href":"https:\/\/www.ferberpainting.com\/cz\/wp-json\/wp\/v2\/product_brand?post=25633"},{"taxonomy":"product_cat","embeddable":true,"href":"https:\/\/www.ferberpainting.com\/cz\/wp-json\/wp\/v2\/product_cat?post=25633"},{"taxonomy":"product_tag","embeddable":true,"href":"https:\/\/www.ferberpainting.com\/cz\/wp-json\/wp\/v2\/product_tag?post=25633"}],"curies":[{"name":"wp","href":"https:\/\/api.w.org\/{rel}","templated":true}]}}